{"id":1075,"date":"2025-06-30T11:10:16","date_gmt":"2025-06-30T09:10:16","guid":{"rendered":"https:\/\/www.blakors.no\/arbeid-og-inkludering\/?page_id=1075"},"modified":"2025-07-30T09:32:04","modified_gmt":"2025-07-30T07:32:04","slug":"rekrutteringsdag","status":"publish","type":"page","link":"https:\/\/www.blakors.no\/arbeid-og-inkludering\/vare-produksjoner\/rekrutteringsdag\/","title":{"rendered":"Rekrutteringsdag"},"content":{"rendered":"\n<div class=\"wp-block-media-text is-stacked-on-mobile\"><figure class=\"wp-block-media-text__media\"><img loading=\"lazy\" decoding=\"async\" width=\"3840\" height=\"2528\" srcset=\"https:\/\/v.imgi.no\/blakors-1098-abab6059f6362a0bc09886ee6067fd41-150x99\/2025_06_rekrutteringsdag.webp 150w, https:\/\/v.imgi.no\/blakors-1098-abab6059f6362a0bc09886ee6067fd41-300x198\/2025_06_rekrutteringsdag.webp 300w, https:\/\/v.imgi.no\/blakors-1098-abab6059f6362a0bc09886ee6067fd41-768x505\/2025_06_rekrutteringsdag.webp 768w, https:\/\/v.imgi.no\/blakors-1098-abab6059f6362a0bc09886ee6067fd41-1024x674\/2025_06_rekrutteringsdag.webp 1024w, https:\/\/v.imgi.no\/blakors-1098-abab6059f6362a0bc09886ee6067fd41-1536x1011\/2025_06_rekrutteringsdag.webp 1536w, https:\/\/v.imgi.no\/blakors-1098-abab6059f6362a0bc09886ee6067fd41-2048x1349\/2025_06_rekrutteringsdag.webp 2048w, https:\/\/v.imgi.no\/blakors-1098-abab6059f6362a0bc09886ee6067fd41-300x198\/2025_06_rekrutteringsdag.webp 300w, https:\/\/v.imgi.no\/blakors-1098-abab6059f6362a0bc09886ee6067fd41-450x296\/2025_06_rekrutteringsdag.webp 450w, https:\/\/v.imgi.no\/blakors-1098-abab6059f6362a0bc09886ee6067fd41-200x132\/2025_06_rekrutteringsdag.webp 200w, https:\/\/v.imgi.no\/blakors-1098-abab6059f6362a0bc09886ee6067fd41-300x198\/2025_06_rekrutteringsdag.webp 300w, https:\/\/v.imgi.no\/blakors-1098-abab6059f6362a0bc09886ee6067fd41-400x263\/2025_06_rekrutteringsdag.webp 400w, https:\/\/v.imgi.no\/blakors-1098-abab6059f6362a0bc09886ee6067fd41-600x395\/2025_06_rekrutteringsdag.webp 600w\" sizes=\"(max-width: 2048px) 100vw, 2048px\" src=\"https:\/\/v.imgi.no\/blakors-1098-abab6059f6362a0bc09886ee6067fd41-1024x674\/Rekrutteringsdag.png\" alt=\"\" class=\"imageshop-document-id-7513501 wp-image-1098 size-full\"\/><\/figure><div class=\"wp-block-media-text__content\">\n<p>Torsdag 16 oktober 2025 arrangerer vi ny rekrutteringsdag hos Bl\u00e5 Kors arbeid og inkludering Oslo p\u00e5 Kalbakken. <\/p>\n<\/div><\/div>\n\n\n\n<h2 class=\"wp-block-heading\" id=\"maling-av-mobler\">Vi trenger deg!<\/h2>\n\n\n\n<p>Er du en arbeidsgiver med rekrutteringsbehov og hjerte for sosial b\u00e6rekraft?<\/p>\n\n\n\n<p>Bli v\u00e5re sosiale b\u00e6rekraftspartner og hjelp mennesker som st\u00e5r utenfor arbeid og utdanning inn i arbeidslivet. <\/p>\n\n\n\n<p><strong>Dette samarbeidet vinner alle p\u00e5: <\/strong><\/p>\n\n\n\n<ul class=\"wp-block-list\">\n<li>Arbeidss\u00f8keren som f\u00e5r ny jobb med kilde til inntekt og sosial livskvalitet<\/li>\n\n\n\n<li>Arbeidsgiver som f\u00e5r en ny ressurs og et omd\u00f8mme som samfunnsbevisst<\/li>\n\n\n\n<li>Samfunnet som f\u00e5r flere i jobb for \u00e5 takle fremtidens bemanningsbehov.<\/li>\n<\/ul>\n\n\n\n<p>Er du interessert i \u00e5 v\u00e6re med &#8211; eller vil vite mer? Ta kontakt!<\/p>\n\n\n<div class=\"wp-block-blakors-person-cards\">\n\t\t\t\n<div class=\"t2-featured-single-post compact-card-template t2-featured-content is-post-type-person compact-card-template wp-block-t2-featured-single-post\"><figure style=\"--t2-focal-point: 50% 50%;\" class=\"t2-post-featured-image has-image-ratio-1-1 wp-block-t2-post-featured-image\"><img loading=\"lazy\" decoding=\"async\" width=\"498\" height=\"498\" src=\"https:\/\/v.imgi.no\/blakors-1469-46da578778d22c59c648c2c55b74fbff-498x498\/2025_04_truls.webp\" class=\"attachment-post-thumbnail size-post-thumbnail wp-post-image\" alt=\"\" srcset=\"https:\/\/v.imgi.no\/blakors-1469-46da578778d22c59c648c2c55b74fbff-150x150\/2025_04_truls.webp 150w, https:\/\/v.imgi.no\/blakors-1469-46da578778d22c59c648c2c55b74fbff-300x300\/2025_04_truls.webp 300w, https:\/\/v.imgi.no\/blakors-1469-46da578778d22c59c648c2c55b74fbff-498x498\/2025_04_truls.webp 498w, https:\/\/v.imgi.no\/blakors-1469-46da578778d22c59c648c2c55b74fbff-498x498\/2025_04_truls.webp 498w, https:\/\/v.imgi.no\/blakors-1469-46da578778d22c59c648c2c55b74fbff-498x498\/2025_04_truls.webp 498w, https:\/\/v.imgi.no\/blakors-1469-46da578778d22c59c648c2c55b74fbff-498x498\/2025_04_truls.webp 498w, https:\/\/v.imgi.no\/blakors-1469-46da578778d22c59c648c2c55b74fbff-300x300\/2025_04_truls.webp 300w, https:\/\/v.imgi.no\/blakors-1469-46da578778d22c59c648c2c55b74fbff-360x360\/2025_04_truls.webp 360w, https:\/\/v.imgi.no\/blakors-1469-46da578778d22c59c648c2c55b74fbff-200x200\/2025_04_truls.webp 200w, https:\/\/v.imgi.no\/blakors-1469-46da578778d22c59c648c2c55b74fbff-498x498\/2025_04_truls.webp 498w, https:\/\/v.imgi.no\/blakors-1469-46da578778d22c59c648c2c55b74fbff-300x300\/2025_04_truls.webp 300w, https:\/\/v.imgi.no\/blakors-1469-46da578778d22c59c648c2c55b74fbff-400x400\/2025_04_truls.webp 400w, https:\/\/v.imgi.no\/blakors-1469-46da578778d22c59c648c2c55b74fbff-498x498\/2025_04_truls.webp 498w, https:\/\/v.imgi.no\/blakors-1469-46da578778d22c59c648c2c55b74fbff-498x498\/2025_04_truls.webp 498w, https:\/\/v.imgi.no\/blakors-1469-46da578778d22c59c648c2c55b74fbff-498x498\/2025_04_truls.webp 498w\" sizes=\"auto, (min-width: 782px) 768px, 100vw\" \/><\/figure>\n\n<div class=\"wp-block-group alignfull is-layout-flow wp-block-group-is-layout-flow\">\n\t<div class=\"t2-post-dynamic-part is-source-filter filter-person_card_meta post-meta wp-block-t2-post-dynamic-part\"><div class=\"title\"><h2 id=\"truls-rogstad\"  class=\"t2-post-title wp-block-t2-post-title\" >Truls Rogstad<\/h2><p class=\"position\">Karriereveileder\/markedskoordinator<\/p><p class=\"position-extra\">Arbeidsforberedende trening<\/p><\/div><div class=\"contact-info\"><p class=\"phone\"><a href=\"tel:+4792205692\">922 05 692<\/a><\/p><p class=\"email\"><a href=\"mailto:truls.rogstad@blakors.no\">truls.rogstad@blakors.no<\/a><\/p><\/div><\/div>\n<\/div>\n\n<\/div>\n\n\t\t<\/div>\n\n\n<p><em>Arrangementet er et samarbeid mellom <em>Bl\u00e5 Kors arbeid og inkludering<\/em><\/em>, <em>Spir Oslo og Sens.<\/em><\/p>\n\n\n\n<div class=\"wp-block-file\"><a id=\"wp-block-file--media-01842e8b-380f-48ad-ae36-632c43706ac8\" href=\"https:\/\/www.blakors.no\/content\/uploads\/sites\/55\/2025\/06\/invitasjon-bedrifter-rekrutteringsdag-okt.png\">invitasjon-bedrifter-rekrutteringsdag-okt<\/a><a href=\"https:\/\/www.blakors.no\/content\/uploads\/sites\/55\/2025\/06\/invitasjon-bedrifter-rekrutteringsdag-okt.png\" class=\"wp-block-file__button wp-element-button\" download aria-describedby=\"wp-block-file--media-01842e8b-380f-48ad-ae36-632c43706ac8\">Last ned<\/a><\/div>\n","protected":false},"excerpt":{"rendered":"<p>Torsdag 16 oktober 2025 arrangerer vi ny rekrutteringsdag hos Bl\u00e5 Kors arbeid og inkludering Oslo p\u00e5 Kalbakken. Vi trenger deg! Er du en arbeidsgiver med rekrutteringsbehov og hjerte for sosial b\u00e6rekraft? Bli v\u00e5re sosiale b\u00e6rekraftspartner og hjelp mennesker som st\u00e5r utenfor arbeid og utdanning inn i arbeidslivet. Dette samarbeidet vinner alle p\u00e5: Er du interessert [&hellip;]<\/p>\n","protected":false},"author":57,"featured_media":0,"parent":40,"menu_order":0,"comment_status":"closed","ping_status":"closed","template":"","meta":{"_acf_changed":false,"_relevanssi_hide_post":"","_relevanssi_hide_content":"","_relevanssi_pin_for_all":"","_relevanssi_pin_keywords":"","_relevanssi_unpin_keywords":"","_relevanssi_related_keywords":"","_relevanssi_related_include_ids":"","_relevanssi_related_exclude_ids":"","_relevanssi_related_no_append":"","_relevanssi_related_not_related":"","_relevanssi_related_posts":"1","_relevanssi_noindex_reason":"","_custom_cards_description":"","footnotes":""},"class_list":["post-1075","page","type-page","status-publish","hentry"],"acf":[],"_links":{"self":[{"href":"https:\/\/www.blakors.no\/arbeid-og-inkludering\/wp-json\/wp\/v2\/pages\/1075","targetHints":{"allow":["GET"]}}],"collection":[{"href":"https:\/\/www.blakors.no\/arbeid-og-inkludering\/wp-json\/wp\/v2\/pages"}],"about":[{"href":"https:\/\/www.blakors.no\/arbeid-og-inkludering\/wp-json\/wp\/v2\/types\/page"}],"author":[{"embeddable":true,"href":"https:\/\/www.blakors.no\/arbeid-og-inkludering\/wp-json\/wp\/v2\/users\/57"}],"replies":[{"embeddable":true,"href":"https:\/\/www.blakors.no\/arbeid-og-inkludering\/wp-json\/wp\/v2\/comments?post=1075"}],"version-history":[{"count":5,"href":"https:\/\/www.blakors.no\/arbeid-og-inkludering\/wp-json\/wp\/v2\/pages\/1075\/revisions"}],"predecessor-version":[{"id":1559,"href":"https:\/\/www.blakors.no\/arbeid-og-inkludering\/wp-json\/wp\/v2\/pages\/1075\/revisions\/1559"}],"up":[{"embeddable":true,"href":"https:\/\/www.blakors.no\/arbeid-og-inkludering\/wp-json\/wp\/v2\/pages\/40"}],"wp:attachment":[{"href":"https:\/\/www.blakors.no\/arbeid-og-inkludering\/wp-json\/wp\/v2\/media?parent=1075"}],"curies":[{"name":"wp","href":"https:\/\/api.w.org\/{rel}","templated":true}]}}