{"id":154,"date":"2025-03-17T12:18:14","date_gmt":"2025-03-17T11:18:14","guid":{"rendered":"https:\/\/www.blakors.no\/arbeid-og-inkludering\/?page_id=154"},"modified":"2025-06-10T14:20:16","modified_gmt":"2025-06-10T12:20:16","slug":"varig-tilrettelagt-arbeid","status":"publish","type":"page","link":"https:\/\/www.blakors.no\/arbeid-og-inkludering\/tiltak\/varig-tilrettelagt-arbeid\/","title":{"rendered":"Varig tilrettelagt arbeid"},"content":{"rendered":"<div class=\"custom-block-banner alignwide is-style-violet contenthalf\"><div class=\"banner-image\" style=\"background-image:url(https:\/\/www.blakors.no\/content\/uploads\/sites\/55\/2025\/03\/maling-og-snekring-1024x705.jpg)\"><\/div><div class=\"banner-inner\"><div><h1 id=\"varig-tilrettelagt-arbeid\"  class=\"title small \" >Varig tilrettelagt arbeid<\/h1><p>Varig tilrettelagt arbeid er for deg som mottar eller i n\u00e6r fremtid ventes \u00e5 f\u00e5 innvilget uf\u00f8retrygd etter folketrygdloven, og som har behov for arbeidsoppgaver tilpasset dine interesser og ferdigheter. V\u00e5rt m\u00e5l er \u00e5 gi en meningsfull arbeidshverdag der vi har fokus p\u00e5 arbeidsglede, trygghet og personlig vekst.<\/p><div class=\"wp-block-button is-style-primary small\"><a class=\"wp-block-button__link\" href=\"https:\/\/www.blakors.no\/arbeid-og-inkludering\/om-oss\/\" target=\"\">Kontakt oss for mer informasjon<\/a><\/div><\/div><\/div><\/div>\n\n\n<h2 id=\"fagveiledere\"  class=\"wp-block-heading has-large-font-size\" >Fagveiledere<\/h2>\n\n\n\n<p>Vi har spesialkompetanse innen fagoppl\u00e6ring i malerfaget, arbeid med mat, bilpleie og kontor- og administrasjonsfaget ved v\u00e5re interne driftsavdelinger.<\/p>\n\n\n\n<div class=\"wp-block-group alignfull has-lila-light-background-color has-background is-layout-constrained wp-block-group-is-layout-constrained\">\n<p><span class=\"is-style-h2\">De ansatte er sertifiserte innen<\/span><\/p>\n\n\n\n<ul class=\"wp-block-list\">\n<li>Karriereveiledning<\/li>\n\n\n\n<li>Veilederen Basis<\/li>\n\n\n\n<li>Motiverende intervju<\/li>\n\n\n\n<li>Supported employment<\/li>\n<\/ul>\n<\/div>\n\n\n\n\t\t<div class=\"wp-block-lib-accentuated-link\">\n\t\t\t<a\n\t\t\t\tclass=\"lib-link__link\"\n\t\t\t\thref=\"https:\/\/www.blakors.no\/content\/uploads\/sites\/55\/2025\/04\/brosjyre-vta2.pdf\"\n\t\t\t\ttarget=\"\"\n\t\t\t\trel=\"\"\n\t\t\t>\n\t\t\t\t\n\t\t\t\t<div class=\"lib-link__text-content\">\n\t\t\t\t\t<span class=\"lib-link__tagline\">\n\t\t\t\t\t\tLast ned brosjyre\n\t\t\t\t\t<\/span>\n\n\t\t\t\t\t<h3 class=\"lib-link__title\">\n\t\t\t\t\t\tInformasjon om varig tilrettelagt arbeid\n\t\t\t\t\t<\/h3>\n\n\t\t\t\t\t\n\t\t\t<span class=\"lib-link__link-source\">\n\t\t\t\tpdf\n\t\t\t\t<svg xmlns=\"http:\/\/www.w3.org\/2000\/svg\" viewBox=\"0 0 24 24\" height=\"24\" width=\"24\" class=\"t2-icon t2-icon-filedownload\" aria-hidden=\"true\" focusable=\"false\"><path d=\"M12 15.6c-.1 0-.3 0-.4-.1-.1 0-.2-.1-.3-.2l-3.6-3.6c-.2-.2-.3-.4-.3-.7s.1-.5.3-.7c.2-.2.4-.3.7-.3.3 0 .5.1.7.3l1.9 1.9V5c0-.3.1-.5.3-.7.2-.2.4-.3.7-.3s.5.1.7.3c.2.2.3.4.3.7v7.2l1.9-1.9c.2-.2.4-.3.7-.3.3 0 .5.1.7.3.2.2.3.4.3.7s-.1.5-.3.7l-3.6 3.6c-.1.1-.2.2-.3.2-.1.1-.3.1-.4.1zM6 20c-.5 0-1-.2-1.4-.6S4 18.6 4 18v-2c0-.3.1-.5.3-.7.2-.2.4-.3.7-.3s.5.1.7.3c.2.2.3.4.3.7v2h12v-2c0-.3.1-.5.3-.7.2-.2.4-.3.7-.3s.5.1.7.3c.2.2.3.4.3.7v2c0 .6-.2 1-.6 1.4s-.8.6-1.4.6H6z\" fill=\"currentColor\" \/><\/svg>\n\t\t\t<\/span>\n\t\t\t\t<\/div>\n\t\t\t<\/a>\n\t\t<\/div>\n\n\n\t\t<div class=\"wp-block-lib-accentuated-link\">\n\t\t\t<a\n\t\t\t\tclass=\"lib-link__link\"\n\t\t\t\thref=\"https:\/\/www.blakors.no\/content\/uploads\/sites\/55\/2025\/04\/brosjyre-vta-parorende.pdf\"\n\t\t\t\ttarget=\"\"\n\t\t\t\trel=\"\"\n\t\t\t>\n\t\t\t\t\n\t\t\t\t<div class=\"lib-link__text-content\">\n\t\t\t\t\t<span class=\"lib-link__tagline\">\n\t\t\t\t\t\tlast ned brosjyre\n\t\t\t\t\t<\/span>\n\n\t\t\t\t\t<h3 class=\"lib-link__title\">\n\t\t\t\t\t\tInformasjon om varig tilrettelagt arbeid til p\u00e5r\u00f8rende\n\t\t\t\t\t<\/h3>\n\n\t\t\t\t\t\n\t\t\t<span class=\"lib-link__link-source\">\n\t\t\t\tpdf\n\t\t\t\t<svg xmlns=\"http:\/\/www.w3.org\/2000\/svg\" viewBox=\"0 0 24 24\" height=\"24\" width=\"24\" class=\"t2-icon t2-icon-filedownload\" aria-hidden=\"true\" focusable=\"false\"><path d=\"M12 15.6c-.1 0-.3 0-.4-.1-.1 0-.2-.1-.3-.2l-3.6-3.6c-.2-.2-.3-.4-.3-.7s.1-.5.3-.7c.2-.2.4-.3.7-.3.3 0 .5.1.7.3l1.9 1.9V5c0-.3.1-.5.3-.7.2-.2.4-.3.7-.3s.5.1.7.3c.2.2.3.4.3.7v7.2l1.9-1.9c.2-.2.4-.3.7-.3.3 0 .5.1.7.3.2.2.3.4.3.7s-.1.5-.3.7l-3.6 3.6c-.1.1-.2.2-.3.2-.1.1-.3.1-.4.1zM6 20c-.5 0-1-.2-1.4-.6S4 18.6 4 18v-2c0-.3.1-.5.3-.7.2-.2.4-.3.7-.3s.5.1.7.3c.2.2.3.4.3.7v2h12v-2c0-.3.1-.5.3-.7.2-.2.4-.3.7-.3s.5.1.7.3c.2.2.3.4.3.7v2c0 .6-.2 1-.6 1.4s-.8.6-1.4.6H6z\" fill=\"currentColor\" \/><\/svg>\n\t\t\t<\/span>\n\t\t\t\t<\/div>\n\t\t\t<\/a>\n\t\t<\/div>\n\n\n<div class=\"wp-block-media-text alignwide is-stacked-on-mobile\"><figure class=\"wp-block-media-text__media\"><img decoding=\"async\" src=\"https:\/\/www.blakors.no\/content\/uploads\/sites\/29\/2022\/04\/Viser-noe-pa\u030a-PC-1024x683.jpg\" alt=\"\" class=\"wp-image-110 size-full\"\/><\/figure><div class=\"wp-block-media-text__content\">\n<h2 class=\"wp-block-heading\" id=\"h-hva-gar-det-ut-pa\"><strong>Vil du vite mer?<\/strong><\/h2>\n\n\n\n<p>Kontakt virksomhetsleder Isabelle Wilt p\u00e5 telefon 908 99 006 eller e-post <a href=\"mailto:isabelle.wilt@blakors.no\">isabelle.wilt@blakors.no<\/a><\/p>\n<\/div><\/div>\n\n\n\n<p><\/p>\n","protected":false},"excerpt":{"rendered":"<p>Fagveiledere Vi har spesialkompetanse innen fagoppl\u00e6ring i malerfaget, arbeid med mat, bilpleie og kontor- og administrasjonsfaget ved v\u00e5re interne driftsavdelinger. Vil du vite mer? Kontakt virksomhetsleder Isabelle Wilt p\u00e5 telefon 908 99 006 eller e-post isabelle.wilt@blakors.no<\/p>\n","protected":false},"author":57,"featured_media":174,"parent":159,"menu_order":0,"comment_status":"closed","ping_status":"closed","template":"","meta":{"_acf_changed":false,"_relevanssi_hide_post":"","_relevanssi_hide_content":"","_relevanssi_pin_for_all":"","_relevanssi_pin_keywords":"","_relevanssi_unpin_keywords":"","_relevanssi_related_keywords":"","_relevanssi_related_include_ids":"","_relevanssi_related_exclude_ids":"","_relevanssi_related_no_append":"","_relevanssi_related_not_related":"","_relevanssi_related_posts":"1","_relevanssi_noindex_reason":"","_custom_cards_description":"","footnotes":""},"class_list":["post-154","page","type-page","status-publish","has-post-thumbnail","hentry"],"acf":[],"_links":{"self":[{"href":"https:\/\/www.blakors.no\/arbeid-og-inkludering\/wp-json\/wp\/v2\/pages\/154","targetHints":{"allow":["GET"]}}],"collection":[{"href":"https:\/\/www.blakors.no\/arbeid-og-inkludering\/wp-json\/wp\/v2\/pages"}],"about":[{"href":"https:\/\/www.blakors.no\/arbeid-og-inkludering\/wp-json\/wp\/v2\/types\/page"}],"author":[{"embeddable":true,"href":"https:\/\/www.blakors.no\/arbeid-og-inkludering\/wp-json\/wp\/v2\/users\/57"}],"replies":[{"embeddable":true,"href":"https:\/\/www.blakors.no\/arbeid-og-inkludering\/wp-json\/wp\/v2\/comments?post=154"}],"version-history":[{"count":5,"href":"https:\/\/www.blakors.no\/arbeid-og-inkludering\/wp-json\/wp\/v2\/pages\/154\/revisions"}],"predecessor-version":[{"id":752,"href":"https:\/\/www.blakors.no\/arbeid-og-inkludering\/wp-json\/wp\/v2\/pages\/154\/revisions\/752"}],"up":[{"embeddable":true,"href":"https:\/\/www.blakors.no\/arbeid-og-inkludering\/wp-json\/wp\/v2\/pages\/159"}],"wp:featuredmedia":[{"embeddable":true,"href":"https:\/\/www.blakors.no\/arbeid-og-inkludering\/wp-json\/wp\/v2\/media\/174"}],"wp:attachment":[{"href":"https:\/\/www.blakors.no\/arbeid-og-inkludering\/wp-json\/wp\/v2\/media?parent=154"}],"curies":[{"name":"wp","href":"https:\/\/api.w.org\/{rel}","templated":true}]}}