{"id":192,"date":"2025-03-27T10:55:17","date_gmt":"2025-03-27T09:55:17","guid":{"rendered":"https:\/\/www.blakors.no\/arbeid-og-inkludering\/?page_id=192"},"modified":"2026-03-16T15:09:51","modified_gmt":"2026-03-16T14:09:51","slug":"cafe-oslo","status":"publish","type":"page","link":"https:\/\/www.blakors.no\/arbeid-og-inkludering\/vare-produksjoner\/cafe-og-catering\/cafe-oslo\/","title":{"rendered":"Bl\u00e5 Kors caf\u00e9"},"content":{"rendered":"\n\t<div style=\"--t2-hero-dim:0;\" class=\"t2-hero t2-hero-content-position-center-left t2-hero-has-dim-0 t2-hero-has-fullsize-image alignfull  t2-hero-has-white-gradient-overlay wp-block-t2-hero has-background has-green-light-background-color\">\n\t\t<img decoding=\"async\" width=\"3840\" height=\"2561\" src=\"https:\/\/www.blakors.no\/content\/uploads\/sites\/55\/2025\/03\/Lager-mat-scaled.jpg\" class=\"t2-hero__image\" alt=\"to kvinner lager mat p\u00e5 et kj\u00f8kken\" style=\"object-position: 47% 68%;\" loading=\"eager\" fetchpriority=\"high\" srcset=\"https:\/\/www.blakors.no\/content\/uploads\/sites\/55\/2025\/03\/Lager-mat-scaled.jpg 3840w, https:\/\/www.blakors.no\/content\/uploads\/sites\/55\/2025\/03\/Lager-mat-300x200.jpg 300w, https:\/\/www.blakors.no\/content\/uploads\/sites\/55\/2025\/03\/Lager-mat-1024x683.jpg 1024w, https:\/\/www.blakors.no\/content\/uploads\/sites\/55\/2025\/03\/Lager-mat-768x512.jpg 768w, https:\/\/www.blakors.no\/content\/uploads\/sites\/55\/2025\/03\/Lager-mat-1536x1025.jpg 1536w, https:\/\/www.blakors.no\/content\/uploads\/sites\/55\/2025\/03\/Lager-mat-2048x1366.jpg 2048w\" sizes=\"(max-width: 3840px) 100vw, 3840px\" \/>\n\t\t<div class=\"t2-hero__header\"><div class=\"t2-hero__header__content\">\n\n<h1 id=\"bla-kors-cafe-oslo\"  class=\"wp-block-heading\" >Bl\u00e5 Kors caf\u00e9 Oslo<\/h1>\n\n\n\n<p>Bl\u00e5 Kors caf\u00e9 og catering Oslo er v\u00e5r lokale cafe i Stanseveien 9. Caf\u00e9en er \u00e5pen for alle og brukes som lunsjcafe for jobbs\u00f8kere, og for ansatte i Bl\u00e5 Kors p\u00e5 Kalbakken. <\/p>\n\n\n\n<p>Vi serverer dagens varmrett og man kan bestille et utvalg av varmretter, salat og baguetter.<\/p>\n\n<\/div><\/div>\n\t<\/div>\n\n\n<figure class=\"wp-block-embed dekode-gtm-iframe-preview is-type-video is-provider-youtube wp-block-embed-youtube wp-embed-aspect-16-9 wp-has-aspect-ratio\"><div class=\"wp-block-embed__wrapper\">\n<iframe title=\"Bl\u00e5 Kors arbeid og inkludering Oslo   Kantine\" width=\"500\" height=\"281\" data-cookieconsent=\"marketing\" data-cookieblock-src=\"https:\/\/www.youtube.com\/embed\/VBtFPLjyTkk?feature=oembed\"  allow=\"accelerometer; autoplay; clipboard-write; encrypted-media; gyroscope; picture-in-picture; web-share\" referrerpolicy=\"strict-origin-when-cross-origin\" allowfullscreen sandbox=\"allow-scripts allow-same-origin allow-popups allow-presentation allow-popups-to-escape-sandbox\"><\/iframe>\n\t\t<div class=\"cookieconsent-optout-marketing dekode-gtm-cookie-consent-video-placeholder\">\n\t\t\t<div class=\"dekode-gtm-cookie-consent is-block-core-embed is-provider-youtube\">\n\t\t\t\t\n\t\t\t<img decoding=\"async\" src=\"https:\/\/i.ytimg.com\/vi\/VBtFPLjyTkk\/hqdefault.jpg\" alt=\"youtube\" \/>\n\t\t\t\t<div class=\"overlay\">\n\t\t\t\t\t<div class=\"cookie-info\">\n\t\t\t\t\t\t<h2 id=\"her-ligger-det-medieinnhold-fra-en-ekstern-kilde\"  >Her ligger det medieinnhold fra en ekstern kilde. <\/h2> \n\n<p>For \u00e5 se innholdet, m\u00e5 du endre samtykket ditt.<\/p>\n\n<p>Les mer om hvordan dataen din blir behandlet av eksterne kilder i personvernerkl\u00e6ringen v\u00e5r.<\/p>\n\t\t\t\t\t\t<p>\n\t\t\t\t\t\t\t<a title=\"Endre samtykke\" class=\"dekode-gtm-cookiebot-renew\" href=\"#\">Endre samtykke<\/a>\n\t\t\t\t\t\t\t\n\t\t\t\t\t\t<\/p>\n\t\t\t\t\t<\/div>\n\t\t\t\t<\/div>\n\t\t\t<\/div>\n\t\t<\/div>\n<\/div><\/figure>\n\n\n\n<p>Caf\u00e9en er ogs\u00e5 n\u00e6rcafeen for mange lokale bedrifter, s\u00e6rlig industriomr\u00e5det i Nedre Kalbakken. Noen bedrifter synes det er s\u00e5 trivelig at de tar personalm\u00f8tene hos oss.<\/p>\n\n\n\n<p>I tillegg til \u00e5 betjene lunchmarkedet i Nedre Kalbakken fungerer ogs\u00e5 cafeen som en intern arbeidstreningsarena for v\u00e5re jobbs\u00f8kere i AFT, og som l\u00e6rlingplass for l\u00e6rlinger som skal ta fagbrev som <a href=\"https:\/\/utdanning.no\/yrker\/beskrivelse\/ernaeringskokk\" data-type=\"link\" data-id=\"https:\/\/utdanning.no\/yrker\/beskrivelse\/ernaeringskokk\" target=\"_blank\" rel=\"noopener\">ern\u00e6ringskokk<\/a>.<\/p>\n\n\n\n<div class=\"blakors-slideshow \"  itemscope itemtype=\"http:\/\/schema.org\/ImageGallery\">\n\t\t\t<figure\n\t\t\tclass=\"slideshow-item is-initial-select\" \n\t\t\titemprop=\"associatedMedia\"\n\t\t\titemscope\n\t\t\titemtype=\"http:\/\/schema.org\/ImageObject\"\n\t\t>\n\t\t\t<img loading=\"lazy\" decoding=\"async\" width=\"906\" height=\"734\" src=\"https:\/\/www.blakors.no\/content\/uploads\/sites\/55\/2025\/03\/cafe.jpg\" class=\"attachment-full size-full\" alt=\"to mennesker lager mat p\u00e5 et kj\u00f8kken\" itemprop=\"medium\" srcset=\"https:\/\/www.blakors.no\/content\/uploads\/sites\/55\/2025\/03\/cafe.jpg 906w, https:\/\/www.blakors.no\/content\/uploads\/sites\/55\/2025\/03\/cafe-300x243.jpg 300w, https:\/\/www.blakors.no\/content\/uploads\/sites\/55\/2025\/03\/cafe-768x622.jpg 768w\" sizes=\"auto, (max-width: 906px) 100vw, 906px\" \/>\t\t<\/figure>\n\t\t\t\t<figure\n\t\t\tclass=\"slideshow-item \" \n\t\t\titemprop=\"associatedMedia\"\n\t\t\titemscope\n\t\t\titemtype=\"http:\/\/schema.org\/ImageObject\"\n\t\t>\n\t\t\t<img loading=\"lazy\" decoding=\"async\" width=\"1024\" height=\"683\" src=\"https:\/\/www.blakors.no\/content\/uploads\/sites\/55\/2025\/03\/matlaging.png\" class=\"attachment-full size-full\" alt=\"en kake blir pyntet av en mann\" itemprop=\"medium\" srcset=\"https:\/\/www.blakors.no\/content\/uploads\/sites\/55\/2025\/03\/matlaging.png 1024w, https:\/\/www.blakors.no\/content\/uploads\/sites\/55\/2025\/03\/matlaging-300x200.png 300w, https:\/\/www.blakors.no\/content\/uploads\/sites\/55\/2025\/03\/matlaging-768x512.png 768w\" sizes=\"auto, (max-width: 1024px) 100vw, 1024px\" \/>\t\t<\/figure>\n\t\t<\/div>\n\n\n\n<div class=\"wp-block-group has-lila-light-background-color has-background is-layout-constrained wp-block-group-is-layout-constrained\">\n<p><span class=\"is-style-h2\">\u00d8kologisk<\/span><\/p>\n\n\n\n<figure class=\"wp-block-image size-large\"><img loading=\"lazy\" decoding=\"async\" width=\"1024\" height=\"683\" src=\"https:\/\/www.blakors.no\/content\/uploads\/sites\/55\/2025\/03\/Andelshage-1024x683.jpg\" alt=\"bie og blomster\" class=\"wp-image-194\" srcset=\"https:\/\/www.blakors.no\/content\/uploads\/sites\/55\/2025\/03\/Andelshage-1024x683.jpg 1024w, https:\/\/www.blakors.no\/content\/uploads\/sites\/55\/2025\/03\/Andelshage-300x200.jpg 300w, https:\/\/www.blakors.no\/content\/uploads\/sites\/55\/2025\/03\/Andelshage-768x512.jpg 768w, https:\/\/www.blakors.no\/content\/uploads\/sites\/55\/2025\/03\/Andelshage-1536x1024.jpg 1536w, https:\/\/www.blakors.no\/content\/uploads\/sites\/55\/2025\/03\/Andelshage.jpg 2048w\" sizes=\"auto, (max-width: 1024px) 100vw, 1024px\" \/><\/figure>\n\n\n\n<p>Vi er opptatt av b\u00e6rekraft og dyrker gr\u00f8nnsaker, b\u00e6r og frukt i v\u00e5r egen andelshage p\u00e5 Slemmestad. Dette sikrer at du f\u00e5r sunne, \u00f8kologiske r\u00e5varer i alle retter vi serverer i cafeen og n\u00e5r du bestiller catering.<\/p>\n\n\n\n<p>Vi er ogs\u00e5 produsent av rawfood konseptet&nbsp;<a href=\"https:\/\/www.funkyfreshfoods.no\/\" target=\"_blank\" rel=\"noreferrer noopener\">Funky Fresh Foods<\/a>&nbsp;som leverer \u00f8kologisk, vegansk og glutenfri godter til cafeer og dagligvarehandelen.<\/p>\n<\/div>\n\n\n<ul class=\"t2-link-list has-1-items has-auto-columns wp-block-t2-link-list\">\n\t<li class=\"has-background has-pink-light-background-color t2-link-list-item wp-block-t2-link-list-item\">\n\t\t<a href=\"https:\/\/www.blakors.no\/arbeid-og-inkludering\/catering-oslo\/\" class=\"t2-link-list-item__link t2-link-list__icon--right\">\n\t\t\t<span class=\"t2-link-list-item__icon\"><span class=\"t2-link-list-item__icon-box\"><\/span><svg xmlns=\"http:\/\/www.w3.org\/2000\/svg\" viewBox=\"0 0 24 24\" height=\"24\" width=\"24\" class=\"t2-icon t2-icon-arrowforward\" aria-hidden=\"true\" focusable=\"false\"><path d=\"M11.3 19.3c-.2-.2-.3-.4-.3-.7 0-.3.1-.5.3-.7l4.9-4.9H5c-.3 0-.5-.1-.7-.3-.2-.2-.3-.4-.3-.7s.1-.5.3-.7c.2-.2.4-.3.7-.3h11.2l-4.9-4.9c-.2-.2-.3-.4-.3-.7 0-.3.1-.5.3-.7.2-.2.4-.3.7-.3s.5.1.7.3l6.6 6.6c.1.1.2.2.2.3 0 .1.1.3.1.4 0 .1 0 .3-.1.4 0 .1-.1.2-.2.3l-6.6 6.6c-.2.2-.4.3-.7.3s-.5-.1-.7-.3z\" fill=\"currentColor\" \/><\/svg><\/span>\t\t\t<div class=\"t2-link-list-item__content\">\n\n\t\t\t\t\n\t\t\t\t<span id=\"link-list-item-text\" class=\"t2-link-list-item__text\">\n\t\t\t\t\tCatering\t\t\t\t<\/span>\n\t\t\t\t<span id=\"link-list-item-description\" class=\"t2-link-list-item__description\">Vi tilbyr ogs\u00e5 catering til hele Osloomr\u00e5det og omegn. <\/span>\t\t\t<\/div>\n\t\t<\/a>\n\t<\/li>\n\t\n<\/ul>","protected":false},"excerpt":{"rendered":"<p>Caf\u00e9en er ogs\u00e5 n\u00e6rcafeen for mange lokale bedrifter, s\u00e6rlig industriomr\u00e5det i Nedre Kalbakken. Noen bedrifter synes det er s\u00e5 trivelig at de tar personalm\u00f8tene hos oss. I tillegg til \u00e5 betjene lunchmarkedet i Nedre Kalbakken fungerer ogs\u00e5 cafeen som en intern arbeidstreningsarena for v\u00e5re jobbs\u00f8kere i AFT, og som l\u00e6rlingplass for l\u00e6rlinger som skal ta [&hellip;]<\/p>\n","protected":false},"author":86,"featured_media":0,"parent":42,"menu_order":0,"comment_status":"closed","ping_status":"closed","template":"","meta":{"_acf_changed":false,"_relevanssi_hide_post":"","_relevanssi_hide_content":"","_relevanssi_pin_for_all":"","_relevanssi_pin_keywords":"","_relevanssi_unpin_keywords":"","_relevanssi_related_keywords":"","_relevanssi_related_include_ids":"","_relevanssi_related_exclude_ids":"","_relevanssi_related_no_append":"","_relevanssi_related_not_related":"","_relevanssi_related_posts":"1","_relevanssi_noindex_reason":"","_custom_cards_description":"","footnotes":""},"class_list":["post-192","page","type-page","status-publish","hentry"],"acf":[],"_links":{"self":[{"href":"https:\/\/www.blakors.no\/arbeid-og-inkludering\/wp-json\/wp\/v2\/pages\/192","targetHints":{"allow":["GET"]}}],"collection":[{"href":"https:\/\/www.blakors.no\/arbeid-og-inkludering\/wp-json\/wp\/v2\/pages"}],"about":[{"href":"https:\/\/www.blakors.no\/arbeid-og-inkludering\/wp-json\/wp\/v2\/types\/page"}],"author":[{"embeddable":true,"href":"https:\/\/www.blakors.no\/arbeid-og-inkludering\/wp-json\/wp\/v2\/users\/86"}],"replies":[{"embeddable":true,"href":"https:\/\/www.blakors.no\/arbeid-og-inkludering\/wp-json\/wp\/v2\/comments?post=192"}],"version-history":[{"count":5,"href":"https:\/\/www.blakors.no\/arbeid-og-inkludering\/wp-json\/wp\/v2\/pages\/192\/revisions"}],"predecessor-version":[{"id":3055,"href":"https:\/\/www.blakors.no\/arbeid-og-inkludering\/wp-json\/wp\/v2\/pages\/192\/revisions\/3055"}],"up":[{"embeddable":true,"href":"https:\/\/www.blakors.no\/arbeid-og-inkludering\/wp-json\/wp\/v2\/pages\/42"}],"wp:attachment":[{"href":"https:\/\/www.blakors.no\/arbeid-og-inkludering\/wp-json\/wp\/v2\/media?parent=192"}],"curies":[{"name":"wp","href":"https:\/\/api.w.org\/{rel}","templated":true}]}}