{"id":200,"date":"2025-03-27T12:24:08","date_gmt":"2025-03-27T11:24:08","guid":{"rendered":"https:\/\/www.blakors.no\/arbeid-og-inkludering\/?page_id=200"},"modified":"2026-04-16T12:56:50","modified_gmt":"2026-04-16T10:56:50","slug":"catering-oslo","status":"publish","type":"page","link":"https:\/\/www.blakors.no\/arbeid-og-inkludering\/vare-produksjoner\/cafe-og-catering\/catering-oslo\/","title":{"rendered":"Bl\u00e5 Kors catering Oslo"},"content":{"rendered":"\n\t<div style=\"--t2-hero-dim:0;\" class=\"t2-hero t2-hero-content-position-center-left t2-hero-has-dim-0 t2-hero-has-fullsize-image alignfull  t2-hero-has-white-gradient-overlay wp-block-t2-hero has-background has-lila-light-background-color\">\n\t\t<img decoding=\"async\" width=\"800\" height=\"1000\" src=\"https:\/\/www.blakors.no\/content\/uploads\/sites\/55\/2025\/03\/Tapas-klassisk.jpg\" class=\"t2-hero__image\" alt=\"klassisk tapas dandert\" style=\"object-position: 50% 50%;\" loading=\"eager\" fetchpriority=\"high\" srcset=\"https:\/\/www.blakors.no\/content\/uploads\/sites\/55\/2025\/03\/Tapas-klassisk.jpg 800w, https:\/\/www.blakors.no\/content\/uploads\/sites\/55\/2025\/03\/Tapas-klassisk-240x300.jpg 240w, https:\/\/www.blakors.no\/content\/uploads\/sites\/55\/2025\/03\/Tapas-klassisk-768x960.jpg 768w\" sizes=\"(max-width: 800px) 100vw, 800px\" \/>\n\t\t<div class=\"t2-hero__header\"><div class=\"t2-hero__header__content\">\n\n<h1 id=\"catering\"  class=\"wp-block-heading\" >Catering <\/h1>\n\n\n\n<p>Vi leverer varm og kald mat til konfirmasjoner, skoler, overtidsmat og kaker til spesielle anledninger. Vi har eget bakeri og har en fagl\u00e6rt konditor som fagveileder. Vi er tilgjengelig for hele Oslo-omr\u00e5det og omegn. Pr\u00f8v oss!<\/p>\n\n<\/div><\/div>\n\t<\/div>\n\n\n<h2 id=\"vart-utvalg\"  class=\"wp-block-heading\" >V\u00e5rt utvalg<\/h2>\n\n\n<ul class=\"t2-link-list has-4-items has-auto-columns wp-block-t2-link-list\">\n\t<li class=\"has-background has-green-light-background-color t2-link-list-item wp-block-t2-link-list-item\">\n\t\t<a href=\"https:\/\/plusscatering.no\/bakst-konditori\/\" class=\"t2-link-list-item__link t2-link-list__icon--right\" target=\"_blank\" rel=\"noopener\">\n\t\t\t<span class=\"t2-link-list-item__icon\"><span class=\"t2-link-list-item__icon-box\"><\/span><svg xmlns=\"http:\/\/www.w3.org\/2000\/svg\" viewBox=\"0 0 24 24\" height=\"24\" width=\"24\" class=\"t2-icon t2-icon-arrowforward\" aria-hidden=\"true\" focusable=\"false\"><path d=\"M11.3 19.3c-.2-.2-.3-.4-.3-.7 0-.3.1-.5.3-.7l4.9-4.9H5c-.3 0-.5-.1-.7-.3-.2-.2-.3-.4-.3-.7s.1-.5.3-.7c.2-.2.4-.3.7-.3h11.2l-4.9-4.9c-.2-.2-.3-.4-.3-.7 0-.3.1-.5.3-.7.2-.2.4-.3.7-.3s.5.1.7.3l6.6 6.6c.1.1.2.2.2.3 0 .1.1.3.1.4 0 .1 0 .3-.1.4 0 .1-.1.2-.2.3l-6.6 6.6c-.2.2-.4.3-.7.3s-.5-.1-.7-.3z\" fill=\"currentColor\" \/><\/svg><\/span>\t\t\t<div class=\"t2-link-list-item__content\">\n\n\t\t\t\t\n\t\t\t\t<span id=\"link-list-item-text\" class=\"t2-link-list-item__text\">\n\t\t\t\t\tKaker og bakst\t\t\t\t<\/span>\n\t\t\t\t\t\t\t<\/div>\n\t\t<\/a>\n\t<\/li>\n\t\n\n\t<li class=\"has-background has-green-light-background-color t2-link-list-item wp-block-t2-link-list-item\">\n\t\t<a href=\"https:\/\/plusscatering.no\/lunsj-og-motemat\/\" class=\"t2-link-list-item__link t2-link-list__icon--right\" target=\"_blank\" rel=\"noopener\">\n\t\t\t<span class=\"t2-link-list-item__icon\"><span class=\"t2-link-list-item__icon-box\"><\/span><svg xmlns=\"http:\/\/www.w3.org\/2000\/svg\" viewBox=\"0 0 24 24\" height=\"24\" width=\"24\" class=\"t2-icon t2-icon-arrowforward\" aria-hidden=\"true\" focusable=\"false\"><path d=\"M11.3 19.3c-.2-.2-.3-.4-.3-.7 0-.3.1-.5.3-.7l4.9-4.9H5c-.3 0-.5-.1-.7-.3-.2-.2-.3-.4-.3-.7s.1-.5.3-.7c.2-.2.4-.3.7-.3h11.2l-4.9-4.9c-.2-.2-.3-.4-.3-.7 0-.3.1-.5.3-.7.2-.2.4-.3.7-.3s.5.1.7.3l6.6 6.6c.1.1.2.2.2.3 0 .1.1.3.1.4 0 .1 0 .3-.1.4 0 .1-.1.2-.2.3l-6.6 6.6c-.2.2-.4.3-.7.3s-.5-.1-.7-.3z\" fill=\"currentColor\" \/><\/svg><\/span>\t\t\t<div class=\"t2-link-list-item__content\">\n\n\t\t\t\t\n\t\t\t\t<span id=\"link-list-item-text-1\" class=\"t2-link-list-item__text\">\n\t\t\t\t\tLunsj og m\u00f8temat\t\t\t\t<\/span>\n\t\t\t\t\t\t\t<\/div>\n\t\t<\/a>\n\t<\/li>\n\t\n\n\t<li class=\"has-background has-green-light-background-color t2-link-list-item wp-block-t2-link-list-item\">\n\t\t<a href=\"https:\/\/plusscatering.no\/tapas\/\" class=\"t2-link-list-item__link t2-link-list__icon--right\" target=\"_blank\" rel=\"noopener\">\n\t\t\t<span class=\"t2-link-list-item__icon\"><span class=\"t2-link-list-item__icon-box\"><\/span><svg xmlns=\"http:\/\/www.w3.org\/2000\/svg\" viewBox=\"0 0 24 24\" height=\"24\" width=\"24\" class=\"t2-icon t2-icon-arrowforward\" aria-hidden=\"true\" focusable=\"false\"><path d=\"M11.3 19.3c-.2-.2-.3-.4-.3-.7 0-.3.1-.5.3-.7l4.9-4.9H5c-.3 0-.5-.1-.7-.3-.2-.2-.3-.4-.3-.7s.1-.5.3-.7c.2-.2.4-.3.7-.3h11.2l-4.9-4.9c-.2-.2-.3-.4-.3-.7 0-.3.1-.5.3-.7.2-.2.4-.3.7-.3s.5.1.7.3l6.6 6.6c.1.1.2.2.2.3 0 .1.1.3.1.4 0 .1 0 .3-.1.4 0 .1-.1.2-.2.3l-6.6 6.6c-.2.2-.4.3-.7.3s-.5-.1-.7-.3z\" fill=\"currentColor\" \/><\/svg><\/span>\t\t\t<div class=\"t2-link-list-item__content\">\n\n\t\t\t\t\n\t\t\t\t<span id=\"link-list-item-text-2\" class=\"t2-link-list-item__text\">\n\t\t\t\t\tTapas og streetfood\t\t\t\t<\/span>\n\t\t\t\t\t\t\t<\/div>\n\t\t<\/a>\n\t<\/li>\n\t\n\n\t<li class=\"has-background has-green-light-background-color t2-link-list-item wp-block-t2-link-list-item\">\n\t\t<a href=\"https:\/\/plusscatering.no\/koldtbord\/\" class=\"t2-link-list-item__link t2-link-list__icon--right\" target=\"_blank\" rel=\"noopener\">\n\t\t\t<span class=\"t2-link-list-item__icon\"><span class=\"t2-link-list-item__icon-box\"><\/span><svg xmlns=\"http:\/\/www.w3.org\/2000\/svg\" viewBox=\"0 0 24 24\" height=\"24\" width=\"24\" class=\"t2-icon t2-icon-arrowforward\" aria-hidden=\"true\" focusable=\"false\"><path d=\"M11.3 19.3c-.2-.2-.3-.4-.3-.7 0-.3.1-.5.3-.7l4.9-4.9H5c-.3 0-.5-.1-.7-.3-.2-.2-.3-.4-.3-.7s.1-.5.3-.7c.2-.2.4-.3.7-.3h11.2l-4.9-4.9c-.2-.2-.3-.4-.3-.7 0-.3.1-.5.3-.7.2-.2.4-.3.7-.3s.5.1.7.3l6.6 6.6c.1.1.2.2.2.3 0 .1.1.3.1.4 0 .1 0 .3-.1.4 0 .1-.1.2-.2.3l-6.6 6.6c-.2.2-.4.3-.7.3s-.5-.1-.7-.3z\" fill=\"currentColor\" \/><\/svg><\/span>\t\t\t<div class=\"t2-link-list-item__content\">\n\n\t\t\t\t\n\t\t\t\t<span id=\"link-list-item-text-3\" class=\"t2-link-list-item__text\">\n\t\t\t\t\tKoldtbord\t\t\t\t<\/span>\n\t\t\t\t\t\t\t<\/div>\n\t\t<\/a>\n\t<\/li>\n\t\n<\/ul>\n\n<ul class=\"t2-link-list has-2-items has-auto-columns wp-block-t2-link-list\">\n\t<li class=\"has-background has-pink-light-background-color t2-link-list-item wp-block-t2-link-list-item\">\n\t\t<a href=\"https:\/\/plusscatering.no\/\" class=\"t2-link-list-item__link t2-link-list__icon--right\" rel=\"noreferrer noopener\" target=\"_blank\">\n\t\t\t<span class=\"t2-link-list-item__icon\"><span class=\"t2-link-list-item__icon-box\"><\/span><svg xmlns=\"http:\/\/www.w3.org\/2000\/svg\" viewBox=\"0 0 24 24\" height=\"24\" width=\"24\" class=\"t2-icon t2-icon-arrowforward\" aria-hidden=\"true\" focusable=\"false\"><path d=\"M11.3 19.3c-.2-.2-.3-.4-.3-.7 0-.3.1-.5.3-.7l4.9-4.9H5c-.3 0-.5-.1-.7-.3-.2-.2-.3-.4-.3-.7s.1-.5.3-.7c.2-.2.4-.3.7-.3h11.2l-4.9-4.9c-.2-.2-.3-.4-.3-.7 0-.3.1-.5.3-.7.2-.2.4-.3.7-.3s.5.1.7.3l6.6 6.6c.1.1.2.2.2.3 0 .1.1.3.1.4 0 .1 0 .3-.1.4 0 .1-.1.2-.2.3l-6.6 6.6c-.2.2-.4.3-.7.3s-.5-.1-.7-.3z\" fill=\"currentColor\" \/><\/svg><\/span>\t\t\t<div class=\"t2-link-list-item__content\">\n\n\t\t\t\t\n\t\t\t\t<span id=\"link-list-item-text-4\" class=\"t2-link-list-item__text\">\n\t\t\t\t\tBestill catering i Oslo\t\t\t\t<\/span>\n\t\t\t\t\t\t\t<\/div>\n\t\t<\/a>\n\t<\/li>\n\t\n\n\t<li class=\"has-background has-pink-light-background-color t2-link-list-item wp-block-t2-link-list-item\">\n\t\t<a href=\"https:\/\/www.blakors.no\/arbeid-og-inkludering\/vare-produksjoner\/cafe-og-catering\/cafe-oslo\/\" class=\"t2-link-list-item__link t2-link-list__icon--right\">\n\t\t\t<span class=\"t2-link-list-item__icon\"><span class=\"t2-link-list-item__icon-box\"><\/span><svg xmlns=\"http:\/\/www.w3.org\/2000\/svg\" viewBox=\"0 0 24 24\" height=\"24\" width=\"24\" class=\"t2-icon t2-icon-arrowforward\" aria-hidden=\"true\" focusable=\"false\"><path d=\"M11.3 19.3c-.2-.2-.3-.4-.3-.7 0-.3.1-.5.3-.7l4.9-4.9H5c-.3 0-.5-.1-.7-.3-.2-.2-.3-.4-.3-.7s.1-.5.3-.7c.2-.2.4-.3.7-.3h11.2l-4.9-4.9c-.2-.2-.3-.4-.3-.7 0-.3.1-.5.3-.7.2-.2.4-.3.7-.3s.5.1.7.3l6.6 6.6c.1.1.2.2.2.3 0 .1.1.3.1.4 0 .1 0 .3-.1.4 0 .1-.1.2-.2.3l-6.6 6.6c-.2.2-.4.3-.7.3s-.5-.1-.7-.3z\" fill=\"currentColor\" \/><\/svg><\/span>\t\t\t<div class=\"t2-link-list-item__content\">\n\n\t\t\t\t\n\t\t\t\t<span id=\"link-list-item-text-5\" class=\"t2-link-list-item__text\">\n\t\t\t\t\tBes\u00f8k v\u00e5r caf\u00e9\t\t\t\t<\/span>\n\t\t\t\t\t\t\t<\/div>\n\t\t<\/a>\n\t<\/li>\n\t\n<\/ul>\n\n\n<blockquote class=\"wp-block-quote is-style-small is-layout-flow wp-block-quote-is-layout-flow\">\n<p>&laquo;Vi har i \u00e5renes l\u00f8p benyttet en rekke ulike catering selskaper for \u00e5 levere fingermat til v\u00e5re relativt h\u00f8ytidelige diplomseremonier\/mottakelser. I \u00e5r kom turen til Pluss Catering, og dette var en skikkelig opptur; super service og ryddig kommunikasjon mht. til levering\/henting, nydelig mat fra et kreativt kj\u00f8kken &#8211; med et rikholdig tilbud ogs\u00e5 til veganere og allergikere &#8211; og alt sammen lekkert dandert. Og vi gleder oss til \u00e5 pr\u00f8ve kakene neste gang.&raquo;<\/p>\n<cite>Peter N\u00e6ss, Executive Director U.S. i Norway Fullbright Foundation<br><\/cite><\/blockquote>\n\n\n\n\t\t<div class=\"wp-block-lib-accentuated-link\">\n\t\t\t<a class=\"lib-link__link\" href=\"https:\/\/www.blakors.no\/content\/uploads\/sites\/55\/2025\/04\/Brosjyre-Bla_Kors_cafe-og-catering-oslo.pdf\" target=\"\" rel=\"\">\n\t\t\t\t\n\t\t\t\t<div class=\"lib-link__text-content\">\n\t\t\t\t\t<span class=\"lib-link__tagline\">\n\t\t\t\t\t\tlast ned brosjyre\n\t\t\t\t\t<\/span>\n\n\t\t\t\t\t<h3 class=\"lib-link__title\">\n\t\t\t\t\t\tBrosjyre om Bl\u00e5 Kors cafe og catering\n\t\t\t\t\t<\/h3>\n\n\t\t\t\t\t\n\t\t\t<span class=\"lib-link__link-source\">\n\t\t\t\tpdf\n\t\t\t\t<svg xmlns=\"http:\/\/www.w3.org\/2000\/svg\" viewBox=\"0 0 24 24\" height=\"24\" width=\"24\" class=\"t2-icon t2-icon-filedownload\" aria-hidden=\"true\" focusable=\"false\"><path d=\"M12 15.6c-.1 0-.3 0-.4-.1-.1 0-.2-.1-.3-.2l-3.6-3.6c-.2-.2-.3-.4-.3-.7s.1-.5.3-.7c.2-.2.4-.3.7-.3.3 0 .5.1.7.3l1.9 1.9V5c0-.3.1-.5.3-.7.2-.2.4-.3.7-.3s.5.1.7.3c.2.2.3.4.3.7v7.2l1.9-1.9c.2-.2.4-.3.7-.3.3 0 .5.1.7.3.2.2.3.4.3.7s-.1.5-.3.7l-3.6 3.6c-.1.1-.2.2-.3.2-.1.1-.3.1-.4.1zM6 20c-.5 0-1-.2-1.4-.6S4 18.6 4 18v-2c0-.3.1-.5.3-.7.2-.2.4-.3.7-.3s.5.1.7.3c.2.2.3.4.3.7v2h12v-2c0-.3.1-.5.3-.7.2-.2.4-.3.7-.3s.5.1.7.3c.2.2.3.4.3.7v2c0 .6-.2 1-.6 1.4s-.8.6-1.4.6H6z\" fill=\"currentColor\" \/><\/svg>\n\t\t\t<\/span>\n\t\t\t\t<\/div>\n\t\t\t<\/a>\n\t\t<\/div>","protected":false},"excerpt":{"rendered":"<p>V\u00e5rt utvalg &laquo;Vi har i \u00e5renes l\u00f8p benyttet en rekke ulike catering selskaper for \u00e5 levere fingermat til v\u00e5re relativt h\u00f8ytidelige diplomseremonier\/mottakelser. I \u00e5r kom turen til Pluss Catering, og dette var en skikkelig opptur; super service og ryddig kommunikasjon mht. til levering\/henting, nydelig mat fra et kreativt kj\u00f8kken &#8211; med et rikholdig tilbud ogs\u00e5 [&hellip;]<\/p>\n","protected":false},"author":86,"featured_media":0,"parent":42,"menu_order":0,"comment_status":"closed","ping_status":"closed","template":"","meta":{"_acf_changed":false,"_relevanssi_hide_post":"","_relevanssi_hide_content":"","_relevanssi_pin_for_all":"","_relevanssi_pin_keywords":"","_relevanssi_unpin_keywords":"","_relevanssi_related_keywords":"","_relevanssi_related_include_ids":"","_relevanssi_related_exclude_ids":"","_relevanssi_related_no_append":"","_relevanssi_related_not_related":"","_relevanssi_related_posts":"1","_relevanssi_noindex_reason":"","_custom_cards_description":"","footnotes":""},"class_list":["post-200","page","type-page","status-publish","hentry"],"acf":[],"_links":{"self":[{"href":"https:\/\/www.blakors.no\/arbeid-og-inkludering\/wp-json\/wp\/v2\/pages\/200","targetHints":{"allow":["GET"]}}],"collection":[{"href":"https:\/\/www.blakors.no\/arbeid-og-inkludering\/wp-json\/wp\/v2\/pages"}],"about":[{"href":"https:\/\/www.blakors.no\/arbeid-og-inkludering\/wp-json\/wp\/v2\/types\/page"}],"author":[{"embeddable":true,"href":"https:\/\/www.blakors.no\/arbeid-og-inkludering\/wp-json\/wp\/v2\/users\/86"}],"replies":[{"embeddable":true,"href":"https:\/\/www.blakors.no\/arbeid-og-inkludering\/wp-json\/wp\/v2\/comments?post=200"}],"version-history":[{"count":5,"href":"https:\/\/www.blakors.no\/arbeid-og-inkludering\/wp-json\/wp\/v2\/pages\/200\/revisions"}],"predecessor-version":[{"id":3358,"href":"https:\/\/www.blakors.no\/arbeid-og-inkludering\/wp-json\/wp\/v2\/pages\/200\/revisions\/3358"}],"up":[{"embeddable":true,"href":"https:\/\/www.blakors.no\/arbeid-og-inkludering\/wp-json\/wp\/v2\/pages\/42"}],"wp:attachment":[{"href":"https:\/\/www.blakors.no\/arbeid-og-inkludering\/wp-json\/wp\/v2\/media?parent=200"}],"curies":[{"name":"wp","href":"https:\/\/api.w.org\/{rel}","templated":true}]}}