{"id":305,"date":"2025-04-10T15:20:58","date_gmt":"2025-04-10T13:20:58","guid":{"rendered":"https:\/\/www.blakors.no\/arbeid-og-inkludering\/?page_id=305"},"modified":"2025-04-10T15:26:37","modified_gmt":"2025-04-10T13:26:37","slug":"ringer-i-vannet","status":"publish","type":"page","link":"https:\/\/www.blakors.no\/arbeid-og-inkludering\/arbeidsgiver\/ringer-i-vannet\/","title":{"rendered":"Ringer i vannet"},"content":{"rendered":"\n<p>Ringer i vannet er NHOs landsomspennende nettverk av arbeids- og inkluderingsbedrifter og arbeidsgivere som samarbeider om \u00e5 hjelpe folk ut i arbeid. Din bedrift kan ogs\u00e5 bli en del av nettverket!<\/p>\n\n\n<div class=\"t2-accordion t2-faq wp-block-t2-faq\" role=\"list\">\n\n\t\t<div class=\"has-background has-lila-light-background-color t2-faq-item t2-accordion-item wp-block-t2-faq-item\" role=\"listitem\">\n\t\t\t<h3 class=\"t2-faq-title t2-accordion-title\" id=\"hva-er-\u00abringer-i-vannet\u00bb?\">\n\t\t\t\t<button\n\t\t\t\t\taria-controls=\"faq-panel\"\n\t\t\t\t\taria-expanded=\"false\"\n\t\t\t\t\tclass=\"t2-faq-trigger t2-accordion-trigger\"\n\t\t\t\t\tid=\"faq-item\"\n\t\t\t\t\ttype=\"button\"\n\t\t\t\t>\n\t\t\t\t\tHva er \u00abRinger i Vannet\u00bb?\n\t\t\t\t\t<span class=\"t2-faq-icon t2-accordion-icon is-closed-icon\"><svg xmlns=\"http:\/\/www.w3.org\/2000\/svg\" viewBox=\"0 0 24 24\" height=\"24\" width=\"24\" class=\"t2-icon t2-icon-chevrondown\" aria-hidden=\"true\" focusable=\"false\"><path d=\"M12 14.9c-.1 0-.3 0-.4-.1-.1 0-.2-.1-.3-.2L6.7 10c-.2-.1-.3-.4-.3-.6 0-.3.1-.5.3-.7.2-.2.4-.3.7-.3s.5.1.7.3l3.9 3.9 3.9-3.9c.2-.2.4-.3.7-.3.3 0 .5.1.7.3.2.2.3.4.3.7s-.1.5-.3.7l-4.6 4.6c-.1.1-.2.2-.3.2H12z\" fill=\"currentColor\" \/><\/svg><\/span>\n\t\t\t\t\t<span class=\"t2-faq-icon t2-accordion-icon is-open-icon\"><svg xmlns=\"http:\/\/www.w3.org\/2000\/svg\" viewBox=\"0 0 24 24\" height=\"24\" width=\"24\" class=\"t2-icon t2-icon-chevronup\" aria-hidden=\"true\" focusable=\"false\"><path d=\"M6.7 14.7c-.2-.2-.3-.4-.3-.7s.1-.5.3-.7l4.6-4.6c.1-.1.2-.2.3-.2.1 0 .2-.1.4-.1.1 0 .3 0 .4.1.1 0 .2.1.3.2l4.6 4.6c.2.2.3.4.3.7s-.1.5-.3.7c-.2.2-.4.3-.7.3s-.5-.1-.7-.3L12 10.8l-3.9 3.9c-.2.2-.4.3-.7.3s-.5-.1-.7-.3z\" fill=\"currentColor\" \/><\/svg><\/span>\n\t\t\t\t<\/button>\n\t\t\t<\/h3>\n\t\t\t<div\n\t\t\t\taria-labelledby=\"faq-item\"\n\t\t\t\tclass=\"t2-faq-item__inner-container t2-accordion-item__inner-container is-layout-flow\"\n\t\t\t\tid=\"faq-panel\"\n\t\t\t\trole=\"region\"\n\t\t\t\thidden\n\t\t\t>\n\t\t\t\t\n\n<p>Ringer i vannet er et nasjonalt nettverk i NHO Arbeid og Inkludering som vier seg til rekruttering av jobbs\u00f8kere fra utenforskapet til medlemsbedriftene i NHO. I nyere tid har det blitt \u00e5pning for at bedrifter som ikke er NHO medlemmer, ogs\u00e5 kan f\u00e5 en avtale.<\/p>\n\n\n\n<p>Hver arbeid og inkluderingsbedrift, som er med i nettverket, har minimum \u00e9n ansatt veileder som er Key Account Manager. Dette er hovedkontakten for et utvalg av lokale bedrifter, og tar ansvar for \u00e5 koordinere alle rekrutteringsoppdrag p\u00e5 vegne av disse.<\/p>\n\n\n\n<p>Koordinering skjer i form av kartlegging av hva dere trenger, intern annonsering i Ringer i Vannet nettverket og dialog med de andre Key Account Managere i de andre arbeid og inkluderingsbedriftene innenfor sin region.<\/p>\n\n\n\t\t\t<\/div>\n\t\t<\/div>\n\t\t\n\n\n\t\t<div class=\"has-background has-lila-light-background-color t2-faq-item t2-accordion-item wp-block-t2-faq-item\" role=\"listitem\">\n\t\t\t<h3 class=\"t2-faq-title t2-accordion-title\" id=\"hvordan-kan-min-bedrift-bli-en-\u00abringer-i-vannet\u00bb-bedrift?\">\n\t\t\t\t<button\n\t\t\t\t\taria-controls=\"faq-panel-1\"\n\t\t\t\t\taria-expanded=\"false\"\n\t\t\t\t\tclass=\"t2-faq-trigger t2-accordion-trigger\"\n\t\t\t\t\tid=\"faq-item-1\"\n\t\t\t\t\ttype=\"button\"\n\t\t\t\t>\n\t\t\t\t\tHvordan kan min bedrift bli en \u00abRinger i Vannet\u00bb bedrift?\n\t\t\t\t\t<span class=\"t2-faq-icon t2-accordion-icon is-closed-icon\"><svg xmlns=\"http:\/\/www.w3.org\/2000\/svg\" viewBox=\"0 0 24 24\" height=\"24\" width=\"24\" class=\"t2-icon t2-icon-chevrondown\" aria-hidden=\"true\" focusable=\"false\"><path d=\"M12 14.9c-.1 0-.3 0-.4-.1-.1 0-.2-.1-.3-.2L6.7 10c-.2-.1-.3-.4-.3-.6 0-.3.1-.5.3-.7.2-.2.4-.3.7-.3s.5.1.7.3l3.9 3.9 3.9-3.9c.2-.2.4-.3.7-.3.3 0 .5.1.7.3.2.2.3.4.3.7s-.1.5-.3.7l-4.6 4.6c-.1.1-.2.2-.3.2H12z\" fill=\"currentColor\" \/><\/svg><\/span>\n\t\t\t\t\t<span class=\"t2-faq-icon t2-accordion-icon is-open-icon\"><svg xmlns=\"http:\/\/www.w3.org\/2000\/svg\" viewBox=\"0 0 24 24\" height=\"24\" width=\"24\" class=\"t2-icon t2-icon-chevronup\" aria-hidden=\"true\" focusable=\"false\"><path d=\"M6.7 14.7c-.2-.2-.3-.4-.3-.7s.1-.5.3-.7l4.6-4.6c.1-.1.2-.2.3-.2.1 0 .2-.1.4-.1.1 0 .3 0 .4.1.1 0 .2.1.3.2l4.6 4.6c.2.2.3.4.3.7s-.1.5-.3.7c-.2.2-.4.3-.7.3s-.5-.1-.7-.3L12 10.8l-3.9 3.9c-.2.2-.4.3-.7.3s-.5-.1-.7-.3z\" fill=\"currentColor\" \/><\/svg><\/span>\n\t\t\t\t<\/button>\n\t\t\t<\/h3>\n\t\t\t<div\n\t\t\t\taria-labelledby=\"faq-item-1\"\n\t\t\t\tclass=\"t2-faq-item__inner-container t2-accordion-item__inner-container is-layout-flow\"\n\t\t\t\tid=\"faq-panel-1\"\n\t\t\t\trole=\"region\"\n\t\t\t\thidden\n\t\t\t>\n\t\t\t\t\n\n<p>Vi starter med et bes\u00f8k og en grundig kartlegging av bedriften. Vi ser p\u00e5 hva slags type arbeidstrening kan gjennomf\u00f8res og hva slags behov det er for rekruttering. Dersom det er \u00e5pning for arbeidstrening allerede fra starten, s\u00e5 lager vi sammen en stillingsbeskrivelse og tar dette til RIV nettverket.<\/p>\n\n\n\n<p>Vi gj\u00f8r om stillingsbeskrivelsen til en intern annonse i Webcruiter og sender et varsel ut i nettverket om en ny stilling. Jobbs\u00f8kere kan da s\u00f8ke p\u00e5 disse stillingene p\u00e5 samme m\u00e5te som en vanlig jobbs\u00f8knad. S\u00f8kerne skal v\u00e6re prekvalifisert av sine veiledere og denne informasjonen oversendes Key Account Manager.<\/p>\n\n\n\n<p>N\u00e5r s\u00f8knadsfristen g\u00e5r ut vil Key Account Manager gjennomg\u00e5 de innkommende s\u00f8knadene og avstemme at kandidatene samsvarer med de kravene som er etterspurt. Deretter blir s\u00f8kerne presentert for arbeidsgiver og det planlegges evnt. intervjuer med s\u00f8kerne.<\/p>\n\n\n\n<p>Dersom en jobbs\u00f8ker er klar for en arbeidstrening hos dere lages det egen RIV avtale for praksisplassen med praktisk informasjon og m\u00e5l for arbeidstreningen.<\/p>\n\n\n\n<p>NB! Av hensyn til personvern og GDPR har vi ikke lov \u00e5 oversende CV&#8217;er p\u00e5 vegne av jobbs\u00f8kere elektronisk.<br>Dersom bedriften \u00f8nsker CV i forkant kan det oppgis en e-postadresse der s\u00f8kerne kan sende CV direkte selv.<\/p>\n\n\n\t\t\t<\/div>\n\t\t<\/div>\n\t\t\n\n\n\t\t<div class=\"has-background has-lila-light-background-color t2-faq-item t2-accordion-item wp-block-t2-faq-item\" role=\"listitem\">\n\t\t\t<h3 class=\"t2-faq-title t2-accordion-title\" id=\"hva-er-&quot;inkluderende-jobbdesign&quot;?\">\n\t\t\t\t<button\n\t\t\t\t\taria-controls=\"faq-panel-2\"\n\t\t\t\t\taria-expanded=\"false\"\n\t\t\t\t\tclass=\"t2-faq-trigger t2-accordion-trigger\"\n\t\t\t\t\tid=\"faq-item-2\"\n\t\t\t\t\ttype=\"button\"\n\t\t\t\t>\n\t\t\t\t\tHva er &quot;Inkluderende Jobbdesign&quot;?\n\t\t\t\t\t<span class=\"t2-faq-icon t2-accordion-icon is-closed-icon\"><svg xmlns=\"http:\/\/www.w3.org\/2000\/svg\" viewBox=\"0 0 24 24\" height=\"24\" width=\"24\" class=\"t2-icon t2-icon-chevrondown\" aria-hidden=\"true\" focusable=\"false\"><path d=\"M12 14.9c-.1 0-.3 0-.4-.1-.1 0-.2-.1-.3-.2L6.7 10c-.2-.1-.3-.4-.3-.6 0-.3.1-.5.3-.7.2-.2.4-.3.7-.3s.5.1.7.3l3.9 3.9 3.9-3.9c.2-.2.4-.3.7-.3.3 0 .5.1.7.3.2.2.3.4.3.7s-.1.5-.3.7l-4.6 4.6c-.1.1-.2.2-.3.2H12z\" fill=\"currentColor\" \/><\/svg><\/span>\n\t\t\t\t\t<span class=\"t2-faq-icon t2-accordion-icon is-open-icon\"><svg xmlns=\"http:\/\/www.w3.org\/2000\/svg\" viewBox=\"0 0 24 24\" height=\"24\" width=\"24\" class=\"t2-icon t2-icon-chevronup\" aria-hidden=\"true\" focusable=\"false\"><path d=\"M6.7 14.7c-.2-.2-.3-.4-.3-.7s.1-.5.3-.7l4.6-4.6c.1-.1.2-.2.3-.2.1 0 .2-.1.4-.1.1 0 .3 0 .4.1.1 0 .2.1.3.2l4.6 4.6c.2.2.3.4.3.7s-.1.5-.3.7c-.2.2-.4.3-.7.3s-.5-.1-.7-.3L12 10.8l-3.9 3.9c-.2.2-.4.3-.7.3s-.5-.1-.7-.3z\" fill=\"currentColor\" \/><\/svg><\/span>\n\t\t\t\t<\/button>\n\t\t\t<\/h3>\n\t\t\t<div\n\t\t\t\taria-labelledby=\"faq-item-2\"\n\t\t\t\tclass=\"t2-faq-item__inner-container t2-accordion-item__inner-container is-layout-flow\"\n\t\t\t\tid=\"faq-panel-2\"\n\t\t\t\trole=\"region\"\n\t\t\t\thidden\n\t\t\t>\n\t\t\t\t\n\n<p>Arbeidsmarkedet svinger mye. Etter pandemien merket vi en stor oppsving i ettersp\u00f8rsel av arbeidskraft, og dette er bra for arbeidsledigheten. Likevel vil det, uavhengig av konjunkturer i markedet, alltid v\u00e6re mange som fortsatt forblir utenfor. En vanlig \u00e5rsak er helseutfordringer, eller jobbs\u00f8kerprofiler som ikke n\u00e5r opp til kompetansekravene.<\/p>\n\n\n\n<p>Ideologien bak \u00abInkluderende Jobbdesign\u00bb er at alle kan utf\u00f8re arbeid. En annen p\u00e5stand er at mange sm\u00e5 og store arbeidsoppgaver som utf\u00f8res i dag i samfunnet ikke n\u00f8dvendigvis krever den fagkompetansen stillingen tilsier. Sagt p\u00e5 en enklere m\u00e5te: Mange fagl\u00e6rte mennesker gj\u00f8r mye ufagl\u00e6rt arbeid som en del av sin hverdag.<\/p>\n\n\n\n<p>V\u00e5re ansatte skal sertifiseres i \u00abInkluderende Jobbdesign\u00bb i l\u00f8pet av h\u00f8sten 2022. Dette vil bli en del av tilbudet videre. <a href=\"https:\/\/www.arbeidoginkludering.no\/kompetanse\/inkluderende-jobbdesign2\/\" target=\"_blank\" rel=\"noopener\">Les mer<\/a> p\u00e5 nettsidene til NHO.<\/p>\n\n\n\t\t\t<\/div>\n\t\t<\/div>\n\t\t\n<\/div>\n\n<script type=\"text\/javascript\">\n\/* <![CDATA[ *\/\nvar gform;gform||(document.addEventListener(\"gform_main_scripts_loaded\",function(){gform.scriptsLoaded=!0}),document.addEventListener(\"gform\/theme\/scripts_loaded\",function(){gform.themeScriptsLoaded=!0}),window.addEventListener(\"DOMContentLoaded\",function(){gform.domLoaded=!0}),gform={domLoaded:!1,scriptsLoaded:!1,themeScriptsLoaded:!1,isFormEditor:()=>\"function\"==typeof InitializeEditor,callIfLoaded:function(o){return!(!gform.domLoaded||!gform.scriptsLoaded||!gform.themeScriptsLoaded&&!gform.isFormEditor()||(gform.isFormEditor()&&console.warn(\"The use of gform.initializeOnLoaded() is deprecated in the form editor context and will be removed in Gravity Forms 3.1.\"),o(),0))},initializeOnLoaded:function(o){gform.callIfLoaded(o)||(document.addEventListener(\"gform_main_scripts_loaded\",()=>{gform.scriptsLoaded=!0,gform.callIfLoaded(o)}),document.addEventListener(\"gform\/theme\/scripts_loaded\",()=>{gform.themeScriptsLoaded=!0,gform.callIfLoaded(o)}),window.addEventListener(\"DOMContentLoaded\",()=>{gform.domLoaded=!0,gform.callIfLoaded(o)}))},hooks:{action:{},filter:{}},addAction:function(o,r,e,t){gform.addHook(\"action\",o,r,e,t)},addFilter:function(o,r,e,t){gform.addHook(\"filter\",o,r,e,t)},doAction:function(o){gform.doHook(\"action\",o,arguments)},applyFilters:function(o){return gform.doHook(\"filter\",o,arguments)},removeAction:function(o,r){gform.removeHook(\"action\",o,r)},removeFilter:function(o,r,e){gform.removeHook(\"filter\",o,r,e)},addHook:function(o,r,e,t,n){null==gform.hooks[o][r]&&(gform.hooks[o][r]=[]);var d=gform.hooks[o][r];null==n&&(n=r+\"_\"+d.length),gform.hooks[o][r].push({tag:n,callable:e,priority:t=null==t?10:t})},doHook:function(r,o,e){var t;if(e=Array.prototype.slice.call(e,1),null!=gform.hooks[r][o]&&((o=gform.hooks[r][o]).sort(function(o,r){return o.priority-r.priority}),o.forEach(function(o){\"function\"!=typeof(t=o.callable)&&(t=window[t]),\"action\"==r?t.apply(null,e):e[0]=t.apply(null,e)})),\"filter\"==r)return e[0]},removeHook:function(o,r,t,n){var e;null!=gform.hooks[o][r]&&(e=(e=gform.hooks[o][r]).filter(function(o,r,e){return!!(null!=n&&n!=o.tag||null!=t&&t!=o.priority)}),gform.hooks[o][r]=e)}});\n\/* ]]> *\/\n<\/script>\n\n                <div class='gf_browser_gecko gform_wrapper gravity-theme gform-theme--no-framework' data-form-theme='gravity-theme' data-form-index='0' id='gform_wrapper_3' ><div id='gf_3' class='gform_anchor' tabindex='-1'><\/div>\n                        <div class='gform_heading'>\n                            <h2 id=\"kontakt-oss-for-samarbeid\"  class=\"gform_title\" >Kontakt oss for samarbeid<\/h2>\n                            <p class='gform_description'>Book et uforpliktende samarbeidsm\u00f8te med oss i Oslo eller H\u00f8nefoss.<\/p>\n                        <\/div><form method='post' enctype='multipart\/form-data' target='gform_ajax_frame_3' id='gform_3'  action='\/arbeid-og-inkludering\/wp-json\/wp\/v2\/pages\/305#gf_3' data-formid='3' novalidate><div class='gf_invisible ginput_recaptchav3' data-sitekey='6LdiTEscAAAAAJoxDlTUk71K3gvHBF5FWtc6faJY' data-tabindex='1'><input id=\"input_bfdac43ce5b88fb280a46e2b292cbf67\" class=\"gfield_recaptcha_response\" type=\"hidden\" name=\"input_bfdac43ce5b88fb280a46e2b292cbf67\" value=\"\"\/><\/div>\n                        <div class='gform-body gform_body'><div id='gform_fields_3' class='gform_fields top_label form_sublabel_below description_below validation_below'><div id=\"field_3_1\" class=\"gfield gfield--type-text gfield--input-type-text gfield_contains_required field_sublabel_below gfield--no-description field_description_below field_validation_below gfield_visibility_visible\"  ><label class='gfield_label gform-field-label' for='input_3_1'>Navn<span class=\"gfield_required\"><span class=\"gfield_required gfield_required_text\">(P\u00e5krevd)<\/span><\/span><\/label><div class='ginput_container ginput_container_text'><input name='input_1' id='input_3_1' type='text' value='' class='large'   tabindex='2'  aria-required=\"true\" aria-invalid=\"false\"   \/><\/div><\/div><div id=\"field_3_3\" class=\"gfield gfield--type-text gfield--input-type-text gfield--width-full gfield_contains_required field_sublabel_below gfield--no-description field_description_below field_validation_below gfield_visibility_visible\"  ><label class='gfield_label gform-field-label' for='input_3_3'>E-post<span class=\"gfield_required\"><span class=\"gfield_required gfield_required_text\">(P\u00e5krevd)<\/span><\/span><\/label><div class='ginput_container ginput_container_text'><input name='input_3' id='input_3_3' type='text' value='' class='large'   tabindex='3'  aria-required=\"true\" aria-invalid=\"false\"   \/><\/div><\/div><div id=\"field_3_4\" class=\"gfield gfield--type-text gfield--input-type-text gfield--width-full gfield_contains_required field_sublabel_below gfield--no-description field_description_below field_validation_below gfield_visibility_visible\"  ><label class='gfield_label gform-field-label' for='input_3_4'>Telefonnummer<span class=\"gfield_required\"><span class=\"gfield_required gfield_required_text\">(P\u00e5krevd)<\/span><\/span><\/label><div class='ginput_container ginput_container_text'><input name='input_4' id='input_3_4' type='text' value='' class='large'   tabindex='4'  aria-required=\"true\" aria-invalid=\"false\"   \/><\/div><\/div><div id=\"field_3_5\" class=\"gfield gfield--type-textarea gfield--input-type-textarea field_sublabel_below gfield--has-description field_description_below field_validation_below gfield_visibility_visible\"  ><label class='gfield_label gform-field-label' for='input_3_5'>Hva gjelder henvendelsen?<\/label><div class='ginput_container ginput_container_textarea'><textarea name='input_5' id='input_3_5' class='textarea large' tabindex='5' aria-describedby=\"gfield_description_3_5\" maxlength='500'   aria-invalid=\"false\"   rows='10' cols='50'><\/textarea><\/div><div class='gfield_description' id='gfield_description_3_5'>Vennligst ikke oppgi sensitive personopplysninger i meldingen til oss.<\/div><\/div><\/div><\/div>\n        <div class='gform-footer gform_footer top_label'> <input type='submit' id='gform_submit_button_3' class='gform_button button' onclick='gform.submission.handleButtonClick(this);' data-submission-type='submit' value='Send inn' tabindex='6' \/> <input type='hidden' name='gform_ajax' value='form_id=3&amp;title=1&amp;description=1&amp;tabindex=1&amp;theme=gravity-theme&amp;hash=a29d32340ef00e8702642ea32abdd2a1' \/>\n            <input type='hidden' class='gform_hidden' name='gform_submission_method' data-js='gform_submission_method_3' value='iframe' \/>\n            <input type='hidden' class='gform_hidden' name='gform_theme' data-js='gform_theme_3' id='gform_theme_3' value='gravity-theme' \/>\n            <input type='hidden' class='gform_hidden' name='gform_style_settings' data-js='gform_style_settings_3' id='gform_style_settings_3' value='' \/>\n            <input type='hidden' class='gform_hidden' name='is_submit_3' value='1' \/>\n            <input type='hidden' class='gform_hidden' name='gform_submit' value='3' \/>\n            \n            <input type='hidden' class='gform_hidden' name='gform_currency' data-currency='USD' value='sGF35nJvUOEh6kSy5C5Yu3928E295OyD2ErqirdTc\/hwHvqgtOk2AvVMTAHCFWgo1UgoPAVZv1mLb0Gps\/utvtFzxPeCT\/HFMXeWI9TaCewB6k4=' \/>\n            <input type='hidden' class='gform_hidden' name='gform_unique_id' value='' \/>\n            <input type='hidden' class='gform_hidden' name='state_3' value='WyJbXSIsIjA2NmNmMGYyOWQ3M2MwOWZhYTA5MmE3ZGQxMWNlYjQxIl0=' \/>\n            <input type='hidden' autocomplete='off' class='gform_hidden' name='gform_target_page_number_3' id='gform_target_page_number_3' value='0' \/>\n            <input type='hidden' autocomplete='off' class='gform_hidden' name='gform_source_page_number_3' id='gform_source_page_number_3' value='1' \/>\n            <input type='hidden' name='gform_field_values' value='' \/>\n            \n        <\/div>\n                        <\/form>\n                        <\/div>\n\t\t                <iframe style='display:none;width:0px;height:0px;' src='about:blank' name='gform_ajax_frame_3' id='gform_ajax_frame_3' title='This iframe contains the logic required to handle Ajax powered Gravity Forms.'><\/iframe>\n\t\t                <script type=\"text\/javascript\">\n\/* <![CDATA[ *\/\n gform.initializeOnLoaded( function() {gformInitSpinner( 3, 'https:\/\/www.blakors.no\/content\/plugins\/gravityforms\/images\/spinner.svg', true );jQuery('#gform_ajax_frame_3').on('load',function(){var contents = jQuery(this).contents().find('*').html();var is_postback = contents.indexOf('GF_AJAX_POSTBACK') >= 0;if(!is_postback){return;}var form_content = jQuery(this).contents().find('#gform_wrapper_3');var is_confirmation = jQuery(this).contents().find('#gform_confirmation_wrapper_3').length > 0;var is_redirect = contents.indexOf('gformRedirect(){') >= 0;var is_form = form_content.length > 0 && ! is_redirect && ! is_confirmation;var mt = parseInt(jQuery('html').css('margin-top'), 10) + parseInt(jQuery('body').css('margin-top'), 10) + 100;if(is_form){jQuery('#gform_wrapper_3').html(form_content.html());if(form_content.hasClass('gform_validation_error')){jQuery('#gform_wrapper_3').addClass('gform_validation_error');} else {jQuery('#gform_wrapper_3').removeClass('gform_validation_error');}setTimeout( function() { \/* delay the scroll by 50 milliseconds to fix a bug in chrome *\/ jQuery(document).scrollTop(jQuery('#gform_wrapper_3').offset().top - mt); }, 50 );if(window['gformInitDatepicker']) {gformInitDatepicker();}if(window['gformInitPriceFields']) {gformInitPriceFields();}var current_page = jQuery('#gform_source_page_number_3').val();gformInitSpinner( 3, 'https:\/\/www.blakors.no\/content\/plugins\/gravityforms\/images\/spinner.svg', true );jQuery(document).trigger('gform_page_loaded', [3, current_page]);window['gf_submitting_3'] = false;}else if(!is_redirect){var confirmation_content = jQuery(this).contents().find('.GF_AJAX_POSTBACK').html();if(!confirmation_content){confirmation_content = contents;}jQuery('#gform_wrapper_3').replaceWith(confirmation_content);jQuery(document).scrollTop(jQuery('#gf_3').offset().top - mt);jQuery(document).trigger('gform_confirmation_loaded', [3]);window['gf_submitting_3'] = false;wp.a11y.speak(jQuery('#gform_confirmation_message_3').text());}else{jQuery('#gform_3').append(contents);if(window['gformRedirect']) {gformRedirect();}}jQuery(document).trigger(\"gform_pre_post_render\", [{ formId: \"3\", currentPage: \"current_page\", abort: function() { this.preventDefault(); } }]);        if (event && event.defaultPrevented) {                return;        }        const gformWrapperDiv = document.getElementById( \"gform_wrapper_3\" );        if ( gformWrapperDiv ) {            const visibilitySpan = document.createElement( \"span\" );            visibilitySpan.id = \"gform_visibility_test_3\";            gformWrapperDiv.insertAdjacentElement( \"afterend\", visibilitySpan );        }        const visibilityTestDiv = document.getElementById( \"gform_visibility_test_3\" );        let postRenderFired = false;        function triggerPostRender() {            if ( postRenderFired ) {                return;            }            postRenderFired = true;            gform.core.triggerPostRenderEvents( 3, current_page );            if ( visibilityTestDiv ) {                visibilityTestDiv.parentNode.removeChild( visibilityTestDiv );            }        }        function debounce( func, wait, immediate ) {            var timeout;            return function() {                var context = this, args = arguments;                var later = function() {                    timeout = null;                    if ( !immediate ) func.apply( context, args );                };                var callNow = immediate && !timeout;                clearTimeout( timeout );                timeout = setTimeout( later, wait );                if ( callNow ) func.apply( context, args );            };        }        const debouncedTriggerPostRender = debounce( function() {            triggerPostRender();        }, 200 );        if ( visibilityTestDiv && visibilityTestDiv.offsetParent === null ) {            const observer = new MutationObserver( ( mutations ) => {                mutations.forEach( ( mutation ) => {                    if ( mutation.type === 'attributes' && visibilityTestDiv.offsetParent !== null ) {                        debouncedTriggerPostRender();                        observer.disconnect();                    }                });            });            observer.observe( document.body, {                attributes: true,                childList: false,                subtree: true,                attributeFilter: [ 'style', 'class' ],            });        } else {            triggerPostRender();        }    } );} ); \n\/* ]]> *\/\n<\/script>\n","protected":false},"excerpt":{"rendered":"<p>Ringer i vannet er NHOs landsomspennende nettverk av arbeids- og inkluderingsbedrifter og arbeidsgivere som samarbeider om \u00e5 hjelpe folk ut i arbeid. Din bedrift kan ogs\u00e5 bli en del av nettverket!<\/p>\n","protected":false},"author":86,"featured_media":0,"parent":16,"menu_order":0,"comment_status":"closed","ping_status":"closed","template":"","meta":{"_acf_changed":false,"_relevanssi_hide_post":"","_relevanssi_hide_content":"","_relevanssi_pin_for_all":"","_relevanssi_pin_keywords":"","_relevanssi_unpin_keywords":"","_relevanssi_related_keywords":"","_relevanssi_related_include_ids":"","_relevanssi_related_exclude_ids":"","_relevanssi_related_no_append":"","_relevanssi_related_not_related":"","_relevanssi_related_posts":"","_relevanssi_noindex_reason":"","_custom_cards_description":"","footnotes":""},"class_list":["post-305","page","type-page","status-publish","hentry"],"acf":[],"_links":{"self":[{"href":"https:\/\/www.blakors.no\/arbeid-og-inkludering\/wp-json\/wp\/v2\/pages\/305","targetHints":{"allow":["GET"]}}],"collection":[{"href":"https:\/\/www.blakors.no\/arbeid-og-inkludering\/wp-json\/wp\/v2\/pages"}],"about":[{"href":"https:\/\/www.blakors.no\/arbeid-og-inkludering\/wp-json\/wp\/v2\/types\/page"}],"author":[{"embeddable":true,"href":"https:\/\/www.blakors.no\/arbeid-og-inkludering\/wp-json\/wp\/v2\/users\/86"}],"replies":[{"embeddable":true,"href":"https:\/\/www.blakors.no\/arbeid-og-inkludering\/wp-json\/wp\/v2\/comments?post=305"}],"version-history":[{"count":2,"href":"https:\/\/www.blakors.no\/arbeid-og-inkludering\/wp-json\/wp\/v2\/pages\/305\/revisions"}],"predecessor-version":[{"id":307,"href":"https:\/\/www.blakors.no\/arbeid-og-inkludering\/wp-json\/wp\/v2\/pages\/305\/revisions\/307"}],"up":[{"embeddable":true,"href":"https:\/\/www.blakors.no\/arbeid-og-inkludering\/wp-json\/wp\/v2\/pages\/16"}],"wp:attachment":[{"href":"https:\/\/www.blakors.no\/arbeid-og-inkludering\/wp-json\/wp\/v2\/media?parent=305"}],"curies":[{"name":"wp","href":"https:\/\/api.w.org\/{rel}","templated":true}]}}