{"id":3462,"date":"2026-05-08T15:57:10","date_gmt":"2026-05-08T13:57:10","guid":{"rendered":"https:\/\/www.blakors.no\/arbeid-og-inkludering\/?page_id=3462"},"modified":"2026-05-08T16:02:51","modified_gmt":"2026-05-08T14:02:51","slug":"evaluering-frokostmote-5-mai","status":"publish","type":"page","link":"https:\/\/www.blakors.no\/arbeid-og-inkludering\/arbeidsgiver\/evaluering-frokostmote-5-mai\/","title":{"rendered":"Evaluering Frokostm\u00f8te 5 mai"},"content":{"rendered":"\n<div class=\"wp-block-media-text is-stacked-on-mobile\"><figure class=\"wp-block-media-text__media\"><img loading=\"lazy\" decoding=\"async\" width=\"1333\" height=\"2000\" src=\"https:\/\/www.blakors.no\/content\/uploads\/sites\/55\/2026\/05\/freepik__photo-a-white-tote-bag-with-blue-handles-hangs-aga__40172.png\" alt=\"\" class=\"wp-image-3397 size-full\" srcset=\"https:\/\/www.blakors.no\/content\/uploads\/sites\/55\/2026\/05\/freepik__photo-a-white-tote-bag-with-blue-handles-hangs-aga__40172.png 1333w, https:\/\/www.blakors.no\/content\/uploads\/sites\/55\/2026\/05\/freepik__photo-a-white-tote-bag-with-blue-handles-hangs-aga__40172-200x300.png 200w, https:\/\/www.blakors.no\/content\/uploads\/sites\/55\/2026\/05\/freepik__photo-a-white-tote-bag-with-blue-handles-hangs-aga__40172-682x1024.png 682w, https:\/\/www.blakors.no\/content\/uploads\/sites\/55\/2026\/05\/freepik__photo-a-white-tote-bag-with-blue-handles-hangs-aga__40172-768x1152.png 768w, https:\/\/www.blakors.no\/content\/uploads\/sites\/55\/2026\/05\/freepik__photo-a-white-tote-bag-with-blue-handles-hangs-aga__40172-1024x1536.png 1024w, https:\/\/www.blakors.no\/content\/uploads\/sites\/55\/2026\/05\/freepik__photo-a-white-tote-bag-with-blue-handles-hangs-aga__40172-960x1440.png 960w\" sizes=\"auto, (max-width: 1333px) 100vw, 1333px\" \/><\/figure><div class=\"wp-block-media-text__content\">\n<p>Var du forn\u00f8yd? Noe vi kan forbedre til neste gang? Var tidspunktet uheldig?<\/p>\n\n\n\n<p>Vi vil gjerne h\u00f8re fra deg!<\/p>\n<\/div><\/div>\n\n\n\n<h2 id=\"kort-evaluering\"  class=\"wp-block-heading\" >Kort evaluering:<\/h2>\n\n\n<script type=\"text\/javascript\">\n\/* <![CDATA[ *\/\nvar gform;gform||(document.addEventListener(\"gform_main_scripts_loaded\",function(){gform.scriptsLoaded=!0}),document.addEventListener(\"gform\/theme\/scripts_loaded\",function(){gform.themeScriptsLoaded=!0}),window.addEventListener(\"DOMContentLoaded\",function(){gform.domLoaded=!0}),gform={domLoaded:!1,scriptsLoaded:!1,themeScriptsLoaded:!1,isFormEditor:()=>\"function\"==typeof InitializeEditor,callIfLoaded:function(o){return!(!gform.domLoaded||!gform.scriptsLoaded||!gform.themeScriptsLoaded&&!gform.isFormEditor()||(gform.isFormEditor()&&console.warn(\"The use of gform.initializeOnLoaded() is deprecated in the form editor context and will be removed in Gravity Forms 3.1.\"),o(),0))},initializeOnLoaded:function(o){gform.callIfLoaded(o)||(document.addEventListener(\"gform_main_scripts_loaded\",()=>{gform.scriptsLoaded=!0,gform.callIfLoaded(o)}),document.addEventListener(\"gform\/theme\/scripts_loaded\",()=>{gform.themeScriptsLoaded=!0,gform.callIfLoaded(o)}),window.addEventListener(\"DOMContentLoaded\",()=>{gform.domLoaded=!0,gform.callIfLoaded(o)}))},hooks:{action:{},filter:{}},addAction:function(o,r,e,t){gform.addHook(\"action\",o,r,e,t)},addFilter:function(o,r,e,t){gform.addHook(\"filter\",o,r,e,t)},doAction:function(o){gform.doHook(\"action\",o,arguments)},applyFilters:function(o){return gform.doHook(\"filter\",o,arguments)},removeAction:function(o,r){gform.removeHook(\"action\",o,r)},removeFilter:function(o,r,e){gform.removeHook(\"filter\",o,r,e)},addHook:function(o,r,e,t,n){null==gform.hooks[o][r]&&(gform.hooks[o][r]=[]);var d=gform.hooks[o][r];null==n&&(n=r+\"_\"+d.length),gform.hooks[o][r].push({tag:n,callable:e,priority:t=null==t?10:t})},doHook:function(r,o,e){var t;if(e=Array.prototype.slice.call(e,1),null!=gform.hooks[r][o]&&((o=gform.hooks[r][o]).sort(function(o,r){return o.priority-r.priority}),o.forEach(function(o){\"function\"!=typeof(t=o.callable)&&(t=window[t]),\"action\"==r?t.apply(null,e):e[0]=t.apply(null,e)})),\"filter\"==r)return e[0]},removeHook:function(o,r,t,n){var e;null!=gform.hooks[o][r]&&(e=(e=gform.hooks[o][r]).filter(function(o,r,e){return!!(null!=n&&n!=o.tag||null!=t&&t!=o.priority)}),gform.hooks[o][r]=e)}});\n\/* ]]> *\/\n<\/script>\n\n                <div class='gf_browser_gecko gform_wrapper gravity-theme gform-theme--no-framework' data-form-theme='gravity-theme' data-form-index='0' id='gform_wrapper_11' style='display:none'><div id='gf_11' class='gform_anchor' tabindex='-1'><\/div>\n                        <div class='gform_heading'>\n                            <h2 id=\"evaluering-frokostmote-5-mai-ki-i-arbeidsinkludering\"  class=\"gform_title\" >Evaluering Frokostm\u00f8te 5 mai &#8211; KI i arbeidsinkludering<\/h2>\n                            <p class='gform_description'>Evaluering av frokostm\u00f8tet 5 mai hos Bl\u00e5 Kors arbeid og inkludering &#8211; Tema: Ansvarlig KI i arbeidsinkludering<\/p>\n                        <\/div><form method='post' enctype='multipart\/form-data' target='gform_ajax_frame_11' id='gform_11'  action='\/arbeid-og-inkludering\/wp-json\/wp\/v2\/pages\/3462#gf_11' data-formid='11' novalidate><div class='gf_invisible ginput_recaptchav3' data-sitekey='6LdiTEscAAAAAJoxDlTUk71K3gvHBF5FWtc6faJY' data-tabindex='1'><input id=\"input_e96277ef775691b32a665d00a36bba25\" class=\"gfield_recaptcha_response\" type=\"hidden\" name=\"input_e96277ef775691b32a665d00a36bba25\" value=\"\"\/><\/div>\n                        <div class='gform-body gform_body'><div id='gform_fields_11' class='gform_fields top_label form_sublabel_above description_below validation_below'><div id=\"field_11_12\" class=\"gfield gfield--type-survey gfield--input-type-textarea field_sublabel_above gfield--no-description field_description_below field_validation_below gfield_visibility_visible\"  ><label class='gfield_label gform-field-label' for='input_11_12'>Hva fungerte bra med arrangementet?<\/label><div class='ginput_container ginput_container_textarea'><textarea name='input_12' id='input_11_12' class='textarea medium' tabindex='2'     aria-invalid=\"false\"   rows='10' cols='50'><\/textarea><\/div><\/div><div id=\"field_11_20\" class=\"gfield gfield--type-survey gfield--input-type-textarea gfield--width-full field_sublabel_above gfield--no-description field_description_below field_validation_below gfield_visibility_visible\"  ><label class='gfield_label gform-field-label' for='input_11_20'>Hva kan vi gj\u00f8re bedre neste gang?<\/label><div class='ginput_container ginput_container_textarea'><textarea name='input_20' id='input_11_20' class='textarea medium' tabindex='3'     aria-invalid=\"false\"   rows='10' cols='50'><\/textarea><\/div><\/div><div id=\"field_11_22\" class=\"gfield gfield--type-survey gfield--input-type-textarea gfield--width-full field_sublabel_above gfield--no-description field_description_below field_validation_below gfield_visibility_visible\"  ><label class='gfield_label gform-field-label' for='input_11_22'>Har du andre kommentarer?<\/label><div class='ginput_container ginput_container_textarea'><textarea name='input_22' id='input_11_22' class='textarea medium' tabindex='4'     aria-invalid=\"false\"   rows='10' cols='50'><\/textarea><\/div><\/div><fieldset id=\"field_11_60\" class=\"gfield gfield--type-checkbox gfield--type-choice gfield--input-type-checkbox gfield--width-full field_sublabel_above gfield--no-description field_description_below field_validation_below gfield_visibility_visible\"  ><legend class='gfield_label gform-field-label gfield_label_before_complex' >Er det noe vi kan gj\u00f8re for \u00e5 gj\u00f8re det lettere \u00e5 f\u00e5 med seg m\u00f8tet?<\/legend><div class='ginput_container ginput_container_checkbox'><div class='gfield_checkbox ' id='input_11_60'><div class='gchoice gchoice_11_60_1'>\n\t\t\t\t\t\t\t\t<input class='gfield-choice-input' name='input_60.1' type='checkbox'  value='Greit som det var'  id='choice_11_60_1' tabindex='5'  \/>\n\t\t\t\t\t\t\t\t<label for='choice_11_60_1' id='label_11_60_1' class='gform-field-label gform-field-label--type-inline'>Greit som det var<\/label>\n\t\t\t\t\t\t\t<\/div><div class='gchoice gchoice_11_60_2'>\n\t\t\t\t\t\t\t\t<input class='gfield-choice-input' name='input_60.2' type='checkbox'  value='Senere i uken'  id='choice_11_60_2' tabindex='6'  \/>\n\t\t\t\t\t\t\t\t<label for='choice_11_60_2' id='label_11_60_2' class='gform-field-label gform-field-label--type-inline'>Senere i uken<\/label>\n\t\t\t\t\t\t\t<\/div><div class='gchoice gchoice_11_60_3'>\n\t\t\t\t\t\t\t\t<input class='gfield-choice-input' name='input_60.3' type='checkbox'  value='Senere p\u00e5 dagen'  id='choice_11_60_3' tabindex='7'  \/>\n\t\t\t\t\t\t\t\t<label for='choice_11_60_3' id='label_11_60_3' class='gform-field-label gform-field-label--type-inline'>Senere p\u00e5 dagen<\/label>\n\t\t\t\t\t\t\t<\/div><div class='gchoice gchoice_11_60_4'>\n\t\t\t\t\t\t\t\t<input class='gfield-choice-input' name='input_60.4' type='checkbox'  value='Webinarformat'  id='choice_11_60_4' tabindex='8'  \/>\n\t\t\t\t\t\t\t\t<label for='choice_11_60_4' id='label_11_60_4' class='gform-field-label gform-field-label--type-inline'>Webinarformat<\/label>\n\t\t\t\t\t\t\t<\/div><div class='gchoice gchoice_11_60_5'>\n\t\t\t\t\t\t\t\t<input class='gfield-choice-input' name='input_60.5' type='checkbox'  value='Mer informasjon'  id='choice_11_60_5' tabindex='9'  \/>\n\t\t\t\t\t\t\t\t<label for='choice_11_60_5' id='label_11_60_5' class='gform-field-label gform-field-label--type-inline'>Mer informasjon<\/label>\n\t\t\t\t\t\t\t<\/div><div class='gchoice gchoice_11_60_6'>\n\t\t\t\t\t\t\t\t<input class='gfield-choice-input' name='input_60.6' type='checkbox'  value='Flere p\u00e5minnelser'  id='choice_11_60_6' tabindex='10'  \/>\n\t\t\t\t\t\t\t\t<label for='choice_11_60_6' id='label_11_60_6' class='gform-field-label gform-field-label--type-inline'>Flere p\u00e5minnelser<\/label>\n\t\t\t\t\t\t\t<\/div><div class='gchoice gchoice_11_60_7'>\n\t\t\t\t\t\t\t\t<input class='gfield-choice-input' name='input_60.7' type='checkbox'  value='Annet'  id='choice_11_60_7' tabindex='11'  \/>\n\t\t\t\t\t\t\t\t<label for='choice_11_60_7' id='label_11_60_7' class='gform-field-label gform-field-label--type-inline'>Annet<\/label>\n\t\t\t\t\t\t\t<\/div><\/div><\/div><\/fieldset><fieldset id=\"field_11_32\" class=\"gfield gfield--type-consent gfield--type-choice gfield--input-type-consent gfield--width-full gfield_contains_required field_sublabel_above gfield--has-description field_description_below field_validation_below gfield_visibility_visible\"  ><legend class='gfield_label gform-field-label gfield_label_before_complex' >Personvernerkl\u00e6ring<span class=\"gfield_required\"><span class=\"gfield_required gfield_required_text\">(P\u00e5krevd)<\/span><\/span><\/legend><div class='ginput_container ginput_container_consent'><input name='input_32.1' id='input_11_32_1' type='checkbox' value='1' tabindex='12' aria-describedby=\"gfield_consent_description_11_32\" aria-required=\"true\" aria-invalid=\"false\"   \/> <label class=\"gform-field-label gform-field-label--type-inline gfield_consent_label\" for='input_11_32_1' >Jeg samtykker til at Bl\u00e5 Kors arbeid og inkludering samler og behandler mine opplysninger for \u00e5 evaluere frokostm\u00f8tet<\/label><input type='hidden' name='input_32.2' value='Jeg samtykker til at Bl\u00e5 Kors arbeid og inkludering samler og behandler mine opplysninger for \u00e5 evaluere frokostm\u00f8tet' class='gform_hidden' \/><input type='hidden' name='input_32.3' value='10' class='gform_hidden' \/><\/div><div class='gfield_description gfield_consent_description' id='gfield_consent_description_11_32' tabindex='0'>Informasjonen brukes utelukkende med form\u00e5l \u00e5 kartlegge effekten av frokostm\u00f8tet, og deles ikke med tredjepart.<\/div><\/fieldset><\/div><\/div>\n        <div class='gform-footer gform_footer top_label'> <input type='submit' id='gform_submit_button_11' class='gform_button button' onclick='gform.submission.handleButtonClick(this);' data-submission-type='submit' value='Send inn' tabindex='13' \/> <input type='hidden' name='gform_ajax' value='form_id=11&amp;title=1&amp;description=1&amp;tabindex=1&amp;theme=gravity-theme&amp;hash=056f9150f86557f6894a08a9c1e35127' \/>\n            <input type='hidden' class='gform_hidden' name='gform_submission_method' data-js='gform_submission_method_11' value='iframe' \/>\n            <input type='hidden' class='gform_hidden' name='gform_theme' data-js='gform_theme_11' id='gform_theme_11' value='gravity-theme' \/>\n            <input type='hidden' class='gform_hidden' name='gform_style_settings' data-js='gform_style_settings_11' id='gform_style_settings_11' value='' \/>\n            <input type='hidden' class='gform_hidden' name='is_submit_11' value='1' \/>\n            <input type='hidden' class='gform_hidden' name='gform_submit' value='11' \/>\n            \n            <input type='hidden' class='gform_hidden' name='gform_currency' data-currency='USD' value='7Kbo8fpbq1Yb+v8lA027YbE4aNzUw4fCJqLZG0vkawrH\/1nmRNxkYFH4RHv5qXT1LLhbJ2ImasWYlt6M0UrszRYldWLv0F8xZmT9whtKtFnL1F4=' \/>\n            <input type='hidden' class='gform_hidden' name='gform_unique_id' value='' \/>\n            <input type='hidden' class='gform_hidden' name='state_11' value='WyJ7XCI2MC4xXCI6XCJjM2E1Zjc4MmI4MjIzNTE0NzAwMTUwMjlhZjFhOTU3YVwiLFwiNjAuMlwiOlwiYWQxNWJjMTE0MGRlMWU0NDVkZjhlODkxMzk3NmY5NWNcIixcIjYwLjNcIjpcImI1NzgyOTAwOGViNzNhMzk3NmU1ZGYwZjEyNjM5NTZlXCIsXCI2MC40XCI6XCJhOWU1YzU4ZTRiNWFiYjZhNjZjNWQwNjZjMDI4Y2UyM1wiLFwiNjAuNVwiOlwiYTI2NjI4OTQ1ODAxNDcxYzg3YTg5MGQ3ZGE0YTA5OTVcIixcIjYwLjZcIjpcImY4M2I0NWY0NWRlOGM4MTc0M2VlZGNiZDk5NDk4M2MyXCIsXCI2MC43XCI6XCI5OTUxZWIxM2ZhNjY4Y2UzZTc1MTkxODM4NjAzZjI3ZlwiLFwiMzIuMVwiOlwiMTVkMjVhNzc5MzAzNmExMTAxOTA4MmI2N2IyZDcyZTNcIixcIjMyLjJcIjpcImJlMTE1MmNlMjQyZmQ5MzcyN2QzYTA2YmNiMTMyYmQwXCIsXCIzMi4zXCI6XCJkNDBiZjE1ODA5YzhkNjdjODZkZTEzNjhiODc1YmQzOFwifSIsIjM5YjMzMDk3OWEzMDQxNDVjNjcwOTExMDA5ZjM0OTg4Il0=' \/>\n            <input type='hidden' autocomplete='off' class='gform_hidden' name='gform_target_page_number_11' id='gform_target_page_number_11' value='0' \/>\n            <input type='hidden' autocomplete='off' class='gform_hidden' name='gform_source_page_number_11' id='gform_source_page_number_11' value='1' \/>\n            <input type='hidden' name='gform_field_values' value='' \/>\n            \n        <\/div>\n                        <\/form>\n                        <\/div>\n\t\t                <iframe style='display:none;width:0px;height:0px;' src='about:blank' name='gform_ajax_frame_11' id='gform_ajax_frame_11' title='This iframe contains the logic required to handle Ajax powered Gravity Forms.'><\/iframe>\n\t\t                <script type=\"text\/javascript\">\n\/* <![CDATA[ *\/\n gform.initializeOnLoaded( function() {gformInitSpinner( 11, 'https:\/\/www.blakors.no\/content\/plugins\/gravityforms\/images\/spinner.svg', true );jQuery('#gform_ajax_frame_11').on('load',function(){var contents = jQuery(this).contents().find('*').html();var is_postback = contents.indexOf('GF_AJAX_POSTBACK') >= 0;if(!is_postback){return;}var form_content = jQuery(this).contents().find('#gform_wrapper_11');var is_confirmation = jQuery(this).contents().find('#gform_confirmation_wrapper_11').length > 0;var is_redirect = contents.indexOf('gformRedirect(){') >= 0;var is_form = form_content.length > 0 && ! is_redirect && ! is_confirmation;var mt = parseInt(jQuery('html').css('margin-top'), 10) + parseInt(jQuery('body').css('margin-top'), 10) + 100;if(is_form){form_content.find('form').css('opacity', 0);jQuery('#gform_wrapper_11').html(form_content.html());if(form_content.hasClass('gform_validation_error')){jQuery('#gform_wrapper_11').addClass('gform_validation_error');} else {jQuery('#gform_wrapper_11').removeClass('gform_validation_error');}setTimeout( function() { \/* delay the scroll by 50 milliseconds to fix a bug in chrome *\/ jQuery(document).scrollTop(jQuery('#gform_wrapper_11').offset().top - mt); }, 50 );if(window['gformInitDatepicker']) {gformInitDatepicker();}if(window['gformInitPriceFields']) {gformInitPriceFields();}var current_page = jQuery('#gform_source_page_number_11').val();gformInitSpinner( 11, 'https:\/\/www.blakors.no\/content\/plugins\/gravityforms\/images\/spinner.svg', true );jQuery(document).trigger('gform_page_loaded', [11, current_page]);window['gf_submitting_11'] = false;}else if(!is_redirect){var confirmation_content = jQuery(this).contents().find('.GF_AJAX_POSTBACK').html();if(!confirmation_content){confirmation_content = contents;}jQuery('#gform_wrapper_11').replaceWith(confirmation_content);jQuery(document).scrollTop(jQuery('#gf_11').offset().top - mt);jQuery(document).trigger('gform_confirmation_loaded', [11]);window['gf_submitting_11'] = false;wp.a11y.speak(jQuery('#gform_confirmation_message_11').text());}else{jQuery('#gform_11').append(contents);if(window['gformRedirect']) {gformRedirect();}}jQuery(document).trigger(\"gform_pre_post_render\", [{ formId: \"11\", currentPage: \"current_page\", abort: function() { this.preventDefault(); } }]);        if (event && event.defaultPrevented) {                return;        }        const gformWrapperDiv = document.getElementById( \"gform_wrapper_11\" );        if ( gformWrapperDiv ) {            const visibilitySpan = document.createElement( \"span\" );            visibilitySpan.id = \"gform_visibility_test_11\";            gformWrapperDiv.insertAdjacentElement( \"afterend\", visibilitySpan );        }        const visibilityTestDiv = document.getElementById( \"gform_visibility_test_11\" );        let postRenderFired = false;        function triggerPostRender() {            if ( postRenderFired ) {                return;            }            postRenderFired = true;            gform.core.triggerPostRenderEvents( 11, current_page );            if ( visibilityTestDiv ) {                visibilityTestDiv.parentNode.removeChild( visibilityTestDiv );            }        }        function debounce( func, wait, immediate ) {            var timeout;            return function() {                var context = this, args = arguments;                var later = function() {                    timeout = null;                    if ( !immediate ) func.apply( context, args );                };                var callNow = immediate && !timeout;                clearTimeout( timeout );                timeout = setTimeout( later, wait );                if ( callNow ) func.apply( context, args );            };        }        const debouncedTriggerPostRender = debounce( function() {            triggerPostRender();        }, 200 );        if ( visibilityTestDiv && visibilityTestDiv.offsetParent === null ) {            const observer = new MutationObserver( ( mutations ) => {                mutations.forEach( ( mutation ) => {                    if ( mutation.type === 'attributes' && visibilityTestDiv.offsetParent !== null ) {                        debouncedTriggerPostRender();                        observer.disconnect();                    }                });            });            observer.observe( document.body, {                attributes: true,                childList: false,                subtree: true,                attributeFilter: [ 'style', 'class' ],            });        } else {            triggerPostRender();        }    } );} ); \n\/* ]]> *\/\n<\/script>\n\n\n\n<p>Vil du ha kontakt med oss?<\/p>\n\n\n<div class=\"no-image wp-block-blakors-person-cards\">\n\t\t\t\n<div class=\"t2-featured-single-post compact-card-template t2-featured-content is-post-type-person compact-card-template wp-block-t2-featured-single-post\"><figure style=\"--t2-focal-point: 50% 50%;\" class=\"t2-post-featured-image has-image-ratio-1-1 wp-block-t2-post-featured-image\"><img loading=\"lazy\" decoding=\"async\" width=\"498\" height=\"498\" src=\"https:\/\/v.imgi.no\/blakors-1469-46da578778d22c59c648c2c55b74fbff-498x498\/2025_04_truls.webp\" class=\"attachment-post-thumbnail size-post-thumbnail wp-post-image\" alt=\"\" srcset=\"https:\/\/v.imgi.no\/blakors-1469-46da578778d22c59c648c2c55b74fbff-150x150\/2025_04_truls.webp 150w, https:\/\/v.imgi.no\/blakors-1469-46da578778d22c59c648c2c55b74fbff-300x300\/2025_04_truls.webp 300w, https:\/\/v.imgi.no\/blakors-1469-46da578778d22c59c648c2c55b74fbff-498x498\/2025_04_truls.webp 498w, https:\/\/v.imgi.no\/blakors-1469-46da578778d22c59c648c2c55b74fbff-498x498\/2025_04_truls.webp 498w, https:\/\/v.imgi.no\/blakors-1469-46da578778d22c59c648c2c55b74fbff-498x498\/2025_04_truls.webp 498w, https:\/\/v.imgi.no\/blakors-1469-46da578778d22c59c648c2c55b74fbff-498x498\/2025_04_truls.webp 498w, https:\/\/v.imgi.no\/blakors-1469-46da578778d22c59c648c2c55b74fbff-300x300\/2025_04_truls.webp 300w, https:\/\/v.imgi.no\/blakors-1469-46da578778d22c59c648c2c55b74fbff-360x360\/2025_04_truls.webp 360w, https:\/\/v.imgi.no\/blakors-1469-46da578778d22c59c648c2c55b74fbff-200x200\/2025_04_truls.webp 200w, https:\/\/v.imgi.no\/blakors-1469-46da578778d22c59c648c2c55b74fbff-498x498\/2025_04_truls.webp 498w, https:\/\/v.imgi.no\/blakors-1469-46da578778d22c59c648c2c55b74fbff-300x300\/2025_04_truls.webp 300w, https:\/\/v.imgi.no\/blakors-1469-46da578778d22c59c648c2c55b74fbff-400x400\/2025_04_truls.webp 400w, https:\/\/v.imgi.no\/blakors-1469-46da578778d22c59c648c2c55b74fbff-498x498\/2025_04_truls.webp 498w, https:\/\/v.imgi.no\/blakors-1469-46da578778d22c59c648c2c55b74fbff-498x498\/2025_04_truls.webp 498w, https:\/\/v.imgi.no\/blakors-1469-46da578778d22c59c648c2c55b74fbff-498x498\/2025_04_truls.webp 498w\" sizes=\"auto, (min-width: 782px) 768px, 100vw\" \/><\/figure>\n\n<div class=\"wp-block-group alignfull is-layout-flow wp-block-group-is-layout-flow\">\n\t<div class=\"t2-post-dynamic-part is-source-filter filter-person_card_meta post-meta wp-block-t2-post-dynamic-part\"><div class=\"title\"><h2 id=\"truls-rogstad\"  class=\"t2-post-title wp-block-t2-post-title\" >Truls Rogstad<\/h2><p class=\"position\">Karriereveileder\/markedskoordinator<\/p><p class=\"position-extra\">Arbeidsforberedende trening<\/p><\/div><div class=\"contact-info\"><p class=\"phone\"><a href=\"tel:+4792205692\">922 05 692<\/a><\/p><p class=\"email\"><a href=\"mailto:truls.rogstad@blakors.no\">truls.rogstad@blakors.no<\/a><\/p><\/div><\/div>\n<\/div>\n\n<\/div>\n\n\t\t<\/div>","protected":false},"excerpt":{"rendered":"<p>Var du forn\u00f8yd? Noe vi kan forbedre til neste gang? Var tidspunktet uheldig? Vi vil gjerne h\u00f8re fra deg! Kort evaluering: Vil du ha kontakt med oss?<\/p>\n","protected":false},"author":57,"featured_media":0,"parent":16,"menu_order":0,"comment_status":"closed","ping_status":"closed","template":"","meta":{"_acf_changed":false,"_relevanssi_hide_post":"","_relevanssi_hide_content":"","_relevanssi_pin_for_all":"","_relevanssi_pin_keywords":"","_relevanssi_unpin_keywords":"","_relevanssi_related_keywords":"","_relevanssi_related_include_ids":"","_relevanssi_related_exclude_ids":"","_relevanssi_related_no_append":"","_relevanssi_related_not_related":"","_relevanssi_related_posts":"1","_relevanssi_noindex_reason":"","_custom_cards_description":"","footnotes":""},"class_list":["post-3462","page","type-page","status-publish","hentry"],"acf":[],"_links":{"self":[{"href":"https:\/\/www.blakors.no\/arbeid-og-inkludering\/wp-json\/wp\/v2\/pages\/3462","targetHints":{"allow":["GET"]}}],"collection":[{"href":"https:\/\/www.blakors.no\/arbeid-og-inkludering\/wp-json\/wp\/v2\/pages"}],"about":[{"href":"https:\/\/www.blakors.no\/arbeid-og-inkludering\/wp-json\/wp\/v2\/types\/page"}],"author":[{"embeddable":true,"href":"https:\/\/www.blakors.no\/arbeid-og-inkludering\/wp-json\/wp\/v2\/users\/57"}],"replies":[{"embeddable":true,"href":"https:\/\/www.blakors.no\/arbeid-og-inkludering\/wp-json\/wp\/v2\/comments?post=3462"}],"version-history":[{"count":4,"href":"https:\/\/www.blakors.no\/arbeid-og-inkludering\/wp-json\/wp\/v2\/pages\/3462\/revisions"}],"predecessor-version":[{"id":3466,"href":"https:\/\/www.blakors.no\/arbeid-og-inkludering\/wp-json\/wp\/v2\/pages\/3462\/revisions\/3466"}],"up":[{"embeddable":true,"href":"https:\/\/www.blakors.no\/arbeid-og-inkludering\/wp-json\/wp\/v2\/pages\/16"}],"wp:attachment":[{"href":"https:\/\/www.blakors.no\/arbeid-og-inkludering\/wp-json\/wp\/v2\/media?parent=3462"}],"curies":[{"name":"wp","href":"https:\/\/api.w.org\/{rel}","templated":true}]}}