{"id":403,"date":"2025-04-11T12:46:28","date_gmt":"2025-04-11T10:46:28","guid":{"rendered":"https:\/\/www.blakors.no\/arbeid-og-inkludering\/?page_id=403"},"modified":"2025-04-11T12:53:26","modified_gmt":"2025-04-11T10:53:26","slug":"tilbehor","status":"publish","type":"page","link":"https:\/\/www.blakors.no\/arbeid-og-inkludering\/vare-produksjoner\/cafe-og-catering\/catering-ringerike\/tilbehor\/","title":{"rendered":"Catering av diverse tilbeh\u00f8r"},"content":{"rendered":"\n\t<div style=\"--t2-hero-dim:0;\" class=\"t2-hero t2-hero-content-position-center-left t2-hero-has-dim-0 t2-hero-has-fullsize-image alignfull  t2-hero-has-white-gradient-overlay wp-block-t2-hero\">\n\t\t<img decoding=\"async\" width=\"2048\" height=\"1311\" src=\"https:\/\/www.blakors.no\/content\/uploads\/sites\/55\/2025\/04\/frukt.jpg\" class=\"t2-hero__image\" alt=\"oppskj\u00e6rt frukt p\u00e5 et fat\" style=\"object-position: 50% 50%;\" loading=\"eager\" fetchpriority=\"high\" srcset=\"https:\/\/www.blakors.no\/content\/uploads\/sites\/55\/2025\/04\/frukt.jpg 2048w, https:\/\/www.blakors.no\/content\/uploads\/sites\/55\/2025\/04\/frukt-300x192.jpg 300w, https:\/\/www.blakors.no\/content\/uploads\/sites\/55\/2025\/04\/frukt-1024x656.jpg 1024w, https:\/\/www.blakors.no\/content\/uploads\/sites\/55\/2025\/04\/frukt-768x492.jpg 768w, https:\/\/www.blakors.no\/content\/uploads\/sites\/55\/2025\/04\/frukt-1536x983.jpg 1536w\" sizes=\"(max-width: 2048px) 100vw, 2048px\" \/>\n\t\t<div class=\"t2-hero__header\"><div class=\"t2-hero__header__content\">\n\n<h1 id=\"diverse-tilbehor\"  class=\"wp-block-heading\" >Diverse tilbeh\u00f8r<\/h1>\n\n\n\n<p>Det kan v\u00e6re godt \u00e5 spe p\u00e5 med litt frukt, egger\u00f8re, dressinger, focaccia og lignende. Vi har diverse tilbeh\u00f8r.<\/p>\n\n<\/div><\/div>\n\t<\/div>\n\n\n<div class=\"wp-block-group is-layout-constrained wp-block-group-is-layout-constrained\">\n<div class=\"wp-block-group has-green-light-background-color has-background is-layout-constrained wp-block-group-is-layout-constrained\">\n<h2 id=\"praktisk-informasjon\"  class=\"wp-block-heading\" >Praktisk informasjon<\/h2>\n\n\n\n<p>Ved bestilling av catering ta kontakt med oss p\u00e5 telefon eller mail.<br>Telefon <a href=\"tel:32126514\">32 12 65 14<\/a><br>Mail: <a href=\"mailto:cateringringerike@blakors.no\">cateringringerike@blakors.no<\/a>.<\/p>\n\n\n\n<h3 id=\"priser-pa-utkjoring-av-mat\"  class=\"wp-block-heading\" ><strong>Priser p\u00e5 utkj\u00f8ring av mat<\/strong><\/h3>\n\n\n\n<p>Bykjernen kr. 250,-<br>Utenfor bykjernen (Haug, Hensmoen, Heradsbygda osv.) kr. 300,-<br>Vik, Tyristrand, Sundvollen, Jevnaker, Hallingby kr. 400,-<br>Sokna, og lengre avstander over 2 mil 600,-<\/p>\n\n\n\n<p><strong>Alt er pyntet og lagt opp p\u00e5 fat, klart til servering<\/strong>.<\/p>\n<\/div>\n<\/div>\n\n\n\n<figure class=\"wp-block-table\"><table class=\"has-pink-light-background-color has-background\"><thead><tr><th>Maten<\/th><th>Pris<\/th><th>Allergener (se tallkode)<\/th><\/tr><\/thead><tbody><tr><td>Potetsalat 200 gr.<\/td><td>kr. 38,-<\/td><td>2, 3, 4<\/td><\/tr><tr><td>Waldorfsalat 150 gr.<\/td><td>kr. 38,-<\/td><td>2, 3, 4, 9<\/td><\/tr><tr><td>Remulade per pers.<\/td><td>kr. 22-<\/td><td>2, 3, 4<\/td><\/tr><tr><td>Karbonade m\/l\u00f8k pr. stk<\/td><td>kr. 36,-<\/td><td>2, 3<\/td><\/tr><tr><td>Hvitl\u00f8ksdressing per pers.<\/td><td>kr. 22,-<\/td><td>3<\/td><\/tr><tr><td>Thousand island per pers.<\/td><td>kr. 22,-<\/td><td>3<\/td><\/tr><tr><td>Blandet salat 100 gr. (issalat, tomat, agurk, paprika, hermetisk ananas, mais)<\/td><td>kr. 27,-<\/td><td><\/td><\/tr><tr><td>Egger\u00f8re \u00e0 2 egg<\/td><td>kr. 30,-<\/td><td>2, 3<\/td><\/tr><tr><td>Egger\u00f8re \u00e0 3 egg<\/td><td>kr. 45,-<\/td><td>2, 3<\/td><\/tr><tr><td>Hel rekekabaret (10 pers)<\/td><td>kr. 614,-<\/td><td>1, 2, 3, 7, 8<\/td><\/tr><tr><td>Focaccia 27&#215;45 cm<\/td><td>kr. 277,-<\/td><td>1<\/td><\/tr><tr><td>Oppsk\u00e5ret frukt 200 gr. per pers.<\/td><td>kr. 47,-<\/td><td><\/td><\/tr><tr><td>Vaffelr\u00f8re 1 liter<\/td><td>kr. 78,-<\/td><td>1, 2, 3<\/td><\/tr><tr><td>R\u00f8mmegr\u00f8t m\/tilbeh\u00f8r \u00bd l<\/td><td>kr. 90,-<\/td><td>1, 3<\/td><\/tr><tr><td>Risengrynsgr\u00f8t m\/tilbeh\u00f8r \u00bd l<\/td><td>kr. 78,-<\/td><td>3<\/td><\/tr><\/tbody><\/table><\/figure>\n\n\n<ul class=\"t2-link-list has-1-items has-auto-columns wp-block-t2-link-list\">\n\t<li class=\"has-background has-lila-light-background-color t2-link-list-item wp-block-t2-link-list-item\">\n\t\t<a\n\t\t\thref=\"https:\/\/www.blakors.no\/arbeid-og-inkludering\/vare-produksjoner\/cafe-og-catering\/catering-ringerike\/\"\n\t\t\tclass=\"t2-link-list-item__link t2-link-list__icon--right\"\n\t\t\t\t\t>\n\t\t\t<span class=\"t2-link-list-item__icon\"><span class=\"t2-link-list-item__icon-box\"><\/span><svg xmlns=\"http:\/\/www.w3.org\/2000\/svg\" viewBox=\"0 0 24 24\" height=\"24\" width=\"24\" class=\"t2-icon t2-icon-arrowforward\" aria-hidden=\"true\" focusable=\"false\"><path d=\"M11.3 19.3c-.2-.2-.3-.4-.3-.7 0-.3.1-.5.3-.7l4.9-4.9H5c-.3 0-.5-.1-.7-.3-.2-.2-.3-.4-.3-.7s.1-.5.3-.7c.2-.2.4-.3.7-.3h11.2l-4.9-4.9c-.2-.2-.3-.4-.3-.7 0-.3.1-.5.3-.7.2-.2.4-.3.7-.3s.5.1.7.3l6.6 6.6c.1.1.2.2.2.3 0 .1.1.3.1.4 0 .1 0 .3-.1.4 0 .1-.1.2-.2.3l-6.6 6.6c-.2.2-.4.3-.7.3s-.5-.1-.7-.3z\" fill=\"currentColor\" \/><\/svg><\/span>\t\t\t<div class=\"t2-link-list-item__content\">\n\n\t\t\t\t\n\t\t\t\t<span id=\"link-list-item-text\" class=\"t2-link-list-item__text\">\n\t\t\t\t\tSe full meny her\t\t\t\t<\/span>\n\t\t\t\t\t\t\t<\/div>\n\t\t<\/a>\n\t<\/li>\n\t\n<\/ul>\n\n\n\t\t<div class=\"wp-block-blakors-expanding-fact-box\">\n\t\t\t<h3 id=\"allergener-se-tallkoder\"  class=\"blakors-fact-box__title\" >Allergener, se tallkoder:<\/h3>\n\t\t\t<div class=\"blakors-fact-box__content\">\n\t\t\t\t\n\n<p>1. Gluten<br>2. Egg<br>3. Melk<br>4. Sennep<br>5. Selleri<br>6. Soya<br>7. Fisk<br>8. Skalldyr<br>9. Waln\u00f8tter<br>10. Pean\u00f8ter<br>11. Bl\u00f8tdyr<br>12. Sesamfr\u00f8<br>13. Lupin<br>14. Svoveldioksid og sulfitter<br>15. Rug<br>16. Havre<br>17. Bygg<br>18. Mandler<br>19. Hasseln\u00f8tter<\/p>\n\n\n\t\t\t<\/div>\n\t\t\t<div class=\"blakors-fact-box__toggle\">\n\t\t\t\t<button class=\"blakors-fact-box__button\"><svg xmlns=\"http:\/\/www.w3.org\/2000\/svg\" viewBox=\"0 0 17.367 17.367\"><path d=\"M0-8.684v-2.133H13.2L7.16-16.91l1.523-1.523L17.367-9.75,8.684-1.066,7.109-2.59,13.2-8.684Z\" transform=\"translate(0 18.434)\" \/><\/svg><\/button>\n\t\t\t<\/div>\n\t\t<\/div>","protected":false},"excerpt":{"rendered":"<p>Maten Pris Allergener (se tallkode) Potetsalat 200 gr. kr. 38,- 2, 3, 4 Waldorfsalat 150 gr. kr. 38,- 2, 3, 4, 9 Remulade per pers. kr. 22- 2, 3, 4 Karbonade m\/l\u00f8k pr. stk kr. 36,- 2, 3 Hvitl\u00f8ksdressing per pers. kr. 22,- 3 Thousand island per pers. kr. 22,- 3 Blandet salat 100 gr. [&hellip;]<\/p>\n","protected":false},"author":86,"featured_media":343,"parent":207,"menu_order":0,"comment_status":"closed","ping_status":"closed","template":"","meta":{"_acf_changed":false,"_relevanssi_hide_post":"","_relevanssi_hide_content":"","_relevanssi_pin_for_all":"","_relevanssi_pin_keywords":"","_relevanssi_unpin_keywords":"","_relevanssi_related_keywords":"","_relevanssi_related_include_ids":"","_relevanssi_related_exclude_ids":"","_relevanssi_related_no_append":"","_relevanssi_related_not_related":"","_relevanssi_related_posts":"","_relevanssi_noindex_reason":"","_custom_cards_description":"","footnotes":""},"class_list":["post-403","page","type-page","status-publish","has-post-thumbnail","hentry"],"acf":[],"_links":{"self":[{"href":"https:\/\/www.blakors.no\/arbeid-og-inkludering\/wp-json\/wp\/v2\/pages\/403","targetHints":{"allow":["GET"]}}],"collection":[{"href":"https:\/\/www.blakors.no\/arbeid-og-inkludering\/wp-json\/wp\/v2\/pages"}],"about":[{"href":"https:\/\/www.blakors.no\/arbeid-og-inkludering\/wp-json\/wp\/v2\/types\/page"}],"author":[{"embeddable":true,"href":"https:\/\/www.blakors.no\/arbeid-og-inkludering\/wp-json\/wp\/v2\/users\/86"}],"replies":[{"embeddable":true,"href":"https:\/\/www.blakors.no\/arbeid-og-inkludering\/wp-json\/wp\/v2\/comments?post=403"}],"version-history":[{"count":4,"href":"https:\/\/www.blakors.no\/arbeid-og-inkludering\/wp-json\/wp\/v2\/pages\/403\/revisions"}],"predecessor-version":[{"id":416,"href":"https:\/\/www.blakors.no\/arbeid-og-inkludering\/wp-json\/wp\/v2\/pages\/403\/revisions\/416"}],"up":[{"embeddable":true,"href":"https:\/\/www.blakors.no\/arbeid-og-inkludering\/wp-json\/wp\/v2\/pages\/207"}],"wp:featuredmedia":[{"embeddable":true,"href":"https:\/\/www.blakors.no\/arbeid-og-inkludering\/wp-json\/wp\/v2\/media\/343"}],"wp:attachment":[{"href":"https:\/\/www.blakors.no\/arbeid-og-inkludering\/wp-json\/wp\/v2\/media?parent=403"}],"curies":[{"name":"wp","href":"https:\/\/api.w.org\/{rel}","templated":true}]}}