{"id":435,"date":"2025-04-11T14:52:36","date_gmt":"2025-04-11T12:52:36","guid":{"rendered":"https:\/\/www.blakors.no\/arbeid-og-inkludering\/?page_id=435"},"modified":"2026-03-05T17:32:42","modified_gmt":"2026-03-05T16:32:42","slug":"varmretter","status":"publish","type":"page","link":"https:\/\/www.blakors.no\/arbeid-og-inkludering\/vare-produksjoner\/cafe-og-catering\/catering-ringerike\/varmretter\/","title":{"rendered":"Varmretter"},"content":{"rendered":"\n\t<div style=\"--t2-hero-dim:0;\" class=\"t2-hero t2-hero-content-position-center-left t2-hero-has-dim-0 t2-hero-has-fullsize-image alignfull  t2-hero-has-white-gradient-overlay wp-block-t2-hero\">\n\t\t<img decoding=\"async\" width=\"800\" height=\"1000\" src=\"https:\/\/www.blakors.no\/content\/uploads\/sites\/55\/2025\/04\/gryter.jpg\" class=\"t2-hero__image\" alt=\"et bolle med en gryterett med br\u00f8d p\u00e5 siden\" style=\"object-position: 50% 50%;\" loading=\"eager\" fetchpriority=\"high\" srcset=\"https:\/\/www.blakors.no\/content\/uploads\/sites\/55\/2025\/04\/gryter.jpg 800w, https:\/\/www.blakors.no\/content\/uploads\/sites\/55\/2025\/04\/gryter-240x300.jpg 240w, https:\/\/www.blakors.no\/content\/uploads\/sites\/55\/2025\/04\/gryter-768x960.jpg 768w\" sizes=\"(max-width: 800px) 100vw, 800px\" \/>\n\t\t<div class=\"t2-hero__header\"><div class=\"t2-hero__header__content\">\n\n<h1 id=\"vare-hjemmelagde-gryter\"  class=\"wp-block-heading\" >V\u00e5re hjemmelagde gryter<\/h1>\n\n\n\n<p>Ingenting sl\u00e5r lukten av en deilig gryte.<br>Vi har mange ulike deilige varmretter.<\/p>\n\n<\/div><\/div>\n\t<\/div>\n\n\n<div class=\"wp-block-group has-green-light-background-color has-background is-layout-constrained wp-block-group-is-layout-constrained\">\n<h2 id=\"praktisk-informasjon\"  class=\"wp-block-heading\" >Praktisk informasjon<\/h2>\n\n\n\n<p>Ved bestilling av catering ta kontakt med oss p\u00e5 telefon eller mail.<br>Telefon <a href=\"tel:32126514\">32 12 65 14<\/a><br>Mail: <a href=\"mailto:cateringringerike@blakors.no\">cateringringerike@blakors.no<\/a>.<\/p>\n\n\n\n<h3 id=\"priser-pa-utkjoring-av-mat\"  class=\"wp-block-heading\" ><strong>Priser p\u00e5 utkj\u00f8ring av mat<\/strong><\/h3>\n\n\n\n<p>Bykjernen kr. 250,-<br>Utenfor bykjernen (Haug, Hensmoen, Heradsbygda osv.) kr. 300,-<br>Vik, Tyristrand, Sundvollen, Jevnaker, Hallingby kr. 400,-<br>Sokna, og lengre avstander over 2 mil 600,-<\/p>\n\n\n\n<p><strong>Alt er pyntet og lagt opp p\u00e5 fat, klart til servering<\/strong>.<\/p>\n<\/div>\n\n\n\n<h2 id=\"meny-og-priser\"  class=\"wp-block-heading\" >Meny og priser<\/h2>\n\n\n\n<figure class=\"wp-block-table\"><table class=\"has-pink-light-background-color has-background\"><tbody><tr><td><strong>V\u00e5re hjemmelagde gryter<\/strong><\/td><td class=\"has-text-align-left\" data-align=\"left\"><strong>per kuvert<\/strong><\/td><td><strong>allergener<\/strong><\/td><\/tr><tr><td>Biff Stroganoff med ris, loff, sm\u00f8r og blandet salat<\/td><td class=\"has-text-align-left\" data-align=\"left\">kr. 292,-<\/td><td>1, 3, 6, 12<\/td><\/tr><tr><td>Viltgryte med blandet salat og valgfritt tilbeh\u00f8r<\/td><td class=\"has-text-align-left\" data-align=\"left\">kr. 364,-<\/td><td>3, 5, 14<\/td><\/tr><tr><td><sup>tilbeh\u00f8r til viltgryte 1: ris, loff og sm\u00f8r<\/sup><\/td><td class=\"has-text-align-left\" data-align=\"left\"><\/td><td>1, 3, 6, 12<\/td><\/tr><tr><td><sup>tilbeh\u00f8r til viltgryte 2: potetmos og tytteb\u00e6r<\/sup><\/td><td class=\"has-text-align-left\" data-align=\"left\"><\/td><td>3<\/td><\/tr><tr><td>Gyrosgryte med kylling, blandet salat og tilbeh\u00f8r<\/td><td class=\"has-text-align-left\" data-align=\"left\">kr. 331,-<\/td><td>3<\/td><\/tr><tr><td><sup>tilbeh\u00f8r til gyrosgryte: ris, loff og sm\u00f8r<\/sup><\/td><td class=\"has-text-align-left\" data-align=\"left\"><\/td><td>1, 3, 6, 12<\/td><\/tr><tr><td>Lasagne med loff, sm\u00f8r, og blandet salat<\/td><td class=\"has-text-align-left\" data-align=\"left\">kr. 276,\u2013<\/td><td>1, 3, 6, 12<\/td><\/tr><tr><td><sup>dressing til Lasagne<\/sup><\/td><td class=\"has-text-align-left\" data-align=\"left\"><\/td><td>2, 3, 4, 14<\/td><\/tr><tr><td>Lapskaus <\/td><td class=\"has-text-align-left\" data-align=\"left\">kr. 199-<\/td><td>5, 6<\/td><\/tr><tr><td><sup>Loff\/flatbr\u00f8d og sm\u00f8r til lapskaus<\/sup><\/td><td class=\"has-text-align-left\" data-align=\"left\"><\/td><td>1, 3, 6, 12<\/td><\/tr><tr><td>Gulasj m\/foccaccia og r\u00f8mme (spicy)<\/td><td class=\"has-text-align-left\" data-align=\"left\">kr. 200,-<\/td><td>1, 3, 6, 12<\/td><\/tr><\/tbody><\/table><\/figure>\n\n\n<ul class=\"t2-link-list has-1-items has-auto-columns wp-block-t2-link-list\">\n\t<li class=\"has-background has-lila-light-background-color t2-link-list-item wp-block-t2-link-list-item\">\n\t\t<a\n\t\t\thref=\"https:\/\/www.blakors.no\/arbeid-og-inkludering\/vare-produksjoner\/cafe-og-catering\/catering-ringerike\/\"\n\t\t\tclass=\"t2-link-list-item__link t2-link-list__icon--right\"\n\t\t\t\t\t>\n\t\t\t<span class=\"t2-link-list-item__icon\"><span class=\"t2-link-list-item__icon-box\"><\/span><svg xmlns=\"http:\/\/www.w3.org\/2000\/svg\" viewBox=\"0 0 24 24\" height=\"24\" width=\"24\" class=\"t2-icon t2-icon-arrowforward\" aria-hidden=\"true\" focusable=\"false\"><path d=\"M11.3 19.3c-.2-.2-.3-.4-.3-.7 0-.3.1-.5.3-.7l4.9-4.9H5c-.3 0-.5-.1-.7-.3-.2-.2-.3-.4-.3-.7s.1-.5.3-.7c.2-.2.4-.3.7-.3h11.2l-4.9-4.9c-.2-.2-.3-.4-.3-.7 0-.3.1-.5.3-.7.2-.2.4-.3.7-.3s.5.1.7.3l6.6 6.6c.1.1.2.2.2.3 0 .1.1.3.1.4 0 .1 0 .3-.1.4 0 .1-.1.2-.2.3l-6.6 6.6c-.2.2-.4.3-.7.3s-.5-.1-.7-.3z\" fill=\"currentColor\" \/><\/svg><\/span>\t\t\t<div class=\"t2-link-list-item__content\">\n\n\t\t\t\t\n\t\t\t\t<span id=\"link-list-item-text\" class=\"t2-link-list-item__text\">\n\t\t\t\t\tSe full meny her\t\t\t\t<\/span>\n\t\t\t\t\t\t\t<\/div>\n\t\t<\/a>\n\t<\/li>\n\t\n<\/ul>\n\n\n\t\t<div class=\"wp-block-blakors-expanding-fact-box\">\n\t\t\t<h3 id=\"allergener-se-tallkoder\"  class=\"blakors-fact-box__title\" >Allergener, se tallkoder:<\/h3>\n\t\t\t<div class=\"blakors-fact-box__content\">\n\t\t\t\t\n\n<p>1. Gluten<br>2. Egg<br>3. Melk<br>4. Sennep<br>5. Selleri<br>6. Soya<br>7. Fisk<br>8. Skalldyr<br>9. Waln\u00f8tter<br>10. Pean\u00f8ter<br>11. Bl\u00f8tdyr<br>12. Sesamfr\u00f8<br>13. Lupin<br>14. Svoveldioksid og sulfitter<br>15. Rug<br>16. Havre<br>17. Bygg<br>18. Mandler<br>19. Hasseln\u00f8tter<\/p>\n\n\n\t\t\t<\/div>\n\t\t\t<div class=\"blakors-fact-box__toggle\">\n\t\t\t\t<button class=\"blakors-fact-box__button\"><svg xmlns=\"http:\/\/www.w3.org\/2000\/svg\" viewBox=\"0 0 17.367 17.367\"><path d=\"M0-8.684v-2.133H13.2L7.16-16.91l1.523-1.523L17.367-9.75,8.684-1.066,7.109-2.59,13.2-8.684Z\" transform=\"translate(0 18.434)\" \/><\/svg><\/button>\n\t\t\t<\/div>\n\t\t<\/div>","protected":false},"excerpt":{"rendered":"<p>Meny og priser V\u00e5re hjemmelagde gryter per kuvert allergener Biff Stroganoff med ris, loff, sm\u00f8r og blandet salat kr. 292,- 1, 3, 6, 12 Viltgryte med blandet salat og valgfritt tilbeh\u00f8r kr. 364,- 3, 5, 14 tilbeh\u00f8r til viltgryte 1: ris, loff og sm\u00f8r 1, 3, 6, 12 tilbeh\u00f8r til viltgryte 2: potetmos og tytteb\u00e6r [&hellip;]<\/p>\n","protected":false},"author":86,"featured_media":368,"parent":207,"menu_order":0,"comment_status":"closed","ping_status":"closed","template":"","meta":{"_acf_changed":false,"_relevanssi_hide_post":"","_relevanssi_hide_content":"","_relevanssi_pin_for_all":"","_relevanssi_pin_keywords":"","_relevanssi_unpin_keywords":"","_relevanssi_related_keywords":"","_relevanssi_related_include_ids":"","_relevanssi_related_exclude_ids":"","_relevanssi_related_no_append":"","_relevanssi_related_not_related":"","_relevanssi_related_posts":"","_relevanssi_noindex_reason":"","_custom_cards_description":"","footnotes":""},"class_list":["post-435","page","type-page","status-publish","has-post-thumbnail","hentry"],"acf":[],"_links":{"self":[{"href":"https:\/\/www.blakors.no\/arbeid-og-inkludering\/wp-json\/wp\/v2\/pages\/435","targetHints":{"allow":["GET"]}}],"collection":[{"href":"https:\/\/www.blakors.no\/arbeid-og-inkludering\/wp-json\/wp\/v2\/pages"}],"about":[{"href":"https:\/\/www.blakors.no\/arbeid-og-inkludering\/wp-json\/wp\/v2\/types\/page"}],"author":[{"embeddable":true,"href":"https:\/\/www.blakors.no\/arbeid-og-inkludering\/wp-json\/wp\/v2\/users\/86"}],"replies":[{"embeddable":true,"href":"https:\/\/www.blakors.no\/arbeid-og-inkludering\/wp-json\/wp\/v2\/comments?post=435"}],"version-history":[{"count":5,"href":"https:\/\/www.blakors.no\/arbeid-og-inkludering\/wp-json\/wp\/v2\/pages\/435\/revisions"}],"predecessor-version":[{"id":2975,"href":"https:\/\/www.blakors.no\/arbeid-og-inkludering\/wp-json\/wp\/v2\/pages\/435\/revisions\/2975"}],"up":[{"embeddable":true,"href":"https:\/\/www.blakors.no\/arbeid-og-inkludering\/wp-json\/wp\/v2\/pages\/207"}],"wp:featuredmedia":[{"embeddable":true,"href":"https:\/\/www.blakors.no\/arbeid-og-inkludering\/wp-json\/wp\/v2\/media\/368"}],"wp:attachment":[{"href":"https:\/\/www.blakors.no\/arbeid-og-inkludering\/wp-json\/wp\/v2\/media?parent=435"}],"curies":[{"name":"wp","href":"https:\/\/api.w.org\/{rel}","templated":true}]}}