{"id":440,"date":"2025-04-11T15:05:43","date_gmt":"2025-04-11T13:05:43","guid":{"rendered":"https:\/\/www.blakors.no\/arbeid-og-inkludering\/?page_id=440"},"modified":"2026-03-17T15:37:20","modified_gmt":"2026-03-17T14:37:20","slug":"minnestund","status":"publish","type":"page","link":"https:\/\/www.blakors.no\/arbeid-og-inkludering\/vare-produksjoner\/cafe-og-catering\/catering-ringerike\/minnestund\/","title":{"rendered":"Minnestund"},"content":{"rendered":"\n\t<div style=\"--t2-hero-dim:0;\" class=\"t2-hero t2-hero-content-position-center-left t2-hero-has-dim-0 t2-hero-has-fullsize-image alignfull  t2-hero-has-white-gradient-overlay wp-block-t2-hero\">\n\t\t<img decoding=\"async\" width=\"2048\" height=\"1367\" src=\"https:\/\/www.blakors.no\/content\/uploads\/sites\/55\/2025\/04\/minnestund.jpg\" class=\"t2-hero__image\" alt=\"en hvit rose\" style=\"object-position: 50% 50%;\" loading=\"eager\" fetchpriority=\"high\" srcset=\"https:\/\/www.blakors.no\/content\/uploads\/sites\/55\/2025\/04\/minnestund.jpg 2048w, https:\/\/www.blakors.no\/content\/uploads\/sites\/55\/2025\/04\/minnestund-300x200.jpg 300w, https:\/\/www.blakors.no\/content\/uploads\/sites\/55\/2025\/04\/minnestund-1024x684.jpg 1024w, https:\/\/www.blakors.no\/content\/uploads\/sites\/55\/2025\/04\/minnestund-768x513.jpg 768w, https:\/\/www.blakors.no\/content\/uploads\/sites\/55\/2025\/04\/minnestund-1536x1025.jpg 1536w\" sizes=\"(max-width: 2048px) 100vw, 2048px\" \/>\n\t\t<div class=\"t2-hero__header\"><div class=\"t2-hero__header__content\">\n\n<h1 id=\"minnestund\"  class=\"wp-block-heading\" >Minnestund<\/h1>\n\n\n\n<p>Vi har mulighet til \u00e5 arrangere minnestund i trivelige lokalene til Benterudstua fra 30-80 personer.<\/p>\n\n<\/div><\/div>\n\t<\/div>\n\n\n<h2 class=\"wp-block-heading\" id=\"h-alternativ-1\">Alternativ 1<\/h2>\n\n\n\n<figure class=\"wp-block-table\"><table class=\"has-pink-light-background-color has-background\"><thead><tr><th>Maten<\/th><th>Allergener (tallkode)<\/th><\/tr><\/thead><tbody><tr><td>4 snitter med valgfritt p\u00e5legg (reke, laks, brie, karbonade og roastbiff)<\/td><td>1, 2, 3, 4, 6, 7, 8, 12, 15<\/td><\/tr><tr><td>1 kakestykke av husets Ringerikskringle eller marsipankake<\/td><td>1, 2, 3, 9, 18<\/td><\/tr><tr><td>Fri servering av kaffe\/te<\/td><td><\/td><\/tr><\/tbody><\/table><\/figure>\n\n\n\n<h2 class=\"wp-block-heading\" id=\"h-alternativ-2\">Alternativ 2<\/h2>\n\n\n\n<figure class=\"wp-block-table\"><table class=\"has-pink-light-background-color has-background\"><thead><tr><th>Maten<\/th><th>Allergener (tallkode)<\/th><\/tr><\/thead><tbody><tr><td>Hjemmelaget karbonadesm\u00f8rbr\u00f8d + 2 snitter m\/valgfritt p\u00e5legg<\/td><td>1, 2, 3, 4, 6, 7, 8, 12, 15<\/td><\/tr><tr><td>1 kakestykke av husets Ringerikskringle eller marsipankake<\/td><td>1, 2, 3, 9, 18<\/td><\/tr><tr><td>Fri servering av kaffe\/te<\/td><td><\/td><\/tr><\/tbody><\/table><\/figure>\n\n\n\n<p><span class=\"is-style-h2\">510,- per pers<\/span><\/p>\n\n\n\n<p>Dette inkluderer oppdekking og servering. Lokalleie, mineralvann\/juice kommer i tillegg.<\/p>\n\n\n\n<p>Last ned <a href=\"https:\/\/www.blakors.no\/content\/uploads\/sites\/55\/2026\/03\/2026-Minnestund-brosjyre.pdf\" target=\"_blank\" rel=\"noreferrer noopener\">Minnestund Brosjyre<\/a><\/p>\n\n\n\n\t\t<div class=\"wp-block-blakors-expanding-fact-box\">\n\t\t\t<h3 id=\"allergener-se-tallkoder\"  class=\"blakors-fact-box__title\" >Allergener, se tallkoder:<\/h3>\n\t\t\t<div class=\"blakors-fact-box__content\">\n\t\t\t\t\n\n<p>1. Gluten<br>2. Egg<br>3. Melk<br>4. Sennep<br>5. Selleri<br>6. Soya<br>7. Fisk<br>8. Skalldyr<br>9. Waln\u00f8tter<br>10. Pean\u00f8ter<br>11. Bl\u00f8tdyr<br>12. Sesamfr\u00f8<br>13. Lupin<br>14. Svoveldioksid og sulfitter<br>15. Rug<br>16. Havre<br>17. Bygg<br>18. Mandler<br>19. Hasseln\u00f8tter<\/p>\n\n\n\t\t\t<\/div>\n\t\t\t<div class=\"blakors-fact-box__toggle\">\n\t\t\t\t<button class=\"blakors-fact-box__button\"><svg xmlns=\"http:\/\/www.w3.org\/2000\/svg\" viewBox=\"0 0 17.367 17.367\"><path d=\"M0-8.684v-2.133H13.2L7.16-16.91l1.523-1.523L17.367-9.75,8.684-1.066,7.109-2.59,13.2-8.684Z\" transform=\"translate(0 18.434)\" \/><\/svg><\/button>\n\t\t\t<\/div>\n\t\t<\/div>\n\n\n<p><\/p>\n","protected":false},"excerpt":{"rendered":"<p>Alternativ 1 Maten Allergener (tallkode) 4 snitter med valgfritt p\u00e5legg (reke, laks, brie, karbonade og roastbiff) 1, 2, 3, 4, 6, 7, 8, 12, 15 1 kakestykke av husets Ringerikskringle eller marsipankake 1, 2, 3, 9, 18 Fri servering av kaffe\/te Alternativ 2 Maten Allergener (tallkode) Hjemmelaget karbonadesm\u00f8rbr\u00f8d + 2 snitter m\/valgfritt p\u00e5legg 1, 2, [&hellip;]<\/p>\n","protected":false},"author":86,"featured_media":358,"parent":207,"menu_order":0,"comment_status":"closed","ping_status":"closed","template":"","meta":{"_acf_changed":false,"_relevanssi_hide_post":"","_relevanssi_hide_content":"","_relevanssi_pin_for_all":"","_relevanssi_pin_keywords":"","_relevanssi_unpin_keywords":"","_relevanssi_related_keywords":"","_relevanssi_related_include_ids":"","_relevanssi_related_exclude_ids":"","_relevanssi_related_no_append":"","_relevanssi_related_not_related":"","_relevanssi_related_posts":"","_relevanssi_noindex_reason":"","_custom_cards_description":"","footnotes":""},"class_list":["post-440","page","type-page","status-publish","has-post-thumbnail","hentry"],"acf":[],"_links":{"self":[{"href":"https:\/\/www.blakors.no\/arbeid-og-inkludering\/wp-json\/wp\/v2\/pages\/440","targetHints":{"allow":["GET"]}}],"collection":[{"href":"https:\/\/www.blakors.no\/arbeid-og-inkludering\/wp-json\/wp\/v2\/pages"}],"about":[{"href":"https:\/\/www.blakors.no\/arbeid-og-inkludering\/wp-json\/wp\/v2\/types\/page"}],"author":[{"embeddable":true,"href":"https:\/\/www.blakors.no\/arbeid-og-inkludering\/wp-json\/wp\/v2\/users\/86"}],"replies":[{"embeddable":true,"href":"https:\/\/www.blakors.no\/arbeid-og-inkludering\/wp-json\/wp\/v2\/comments?post=440"}],"version-history":[{"count":5,"href":"https:\/\/www.blakors.no\/arbeid-og-inkludering\/wp-json\/wp\/v2\/pages\/440\/revisions"}],"predecessor-version":[{"id":3121,"href":"https:\/\/www.blakors.no\/arbeid-og-inkludering\/wp-json\/wp\/v2\/pages\/440\/revisions\/3121"}],"up":[{"embeddable":true,"href":"https:\/\/www.blakors.no\/arbeid-og-inkludering\/wp-json\/wp\/v2\/pages\/207"}],"wp:featuredmedia":[{"embeddable":true,"href":"https:\/\/www.blakors.no\/arbeid-og-inkludering\/wp-json\/wp\/v2\/media\/358"}],"wp:attachment":[{"href":"https:\/\/www.blakors.no\/arbeid-og-inkludering\/wp-json\/wp\/v2\/media?parent=440"}],"curies":[{"name":"wp","href":"https:\/\/api.w.org\/{rel}","templated":true}]}}