{"id":48,"date":"2025-01-24T10:02:33","date_gmt":"2025-01-24T09:02:33","guid":{"rendered":"https:\/\/www.blakors.no\/arbeid-og-inkludering\/?page_id=48"},"modified":"2026-03-17T10:58:05","modified_gmt":"2026-03-17T09:58:05","slug":"gjenbruksbutikk","status":"publish","type":"page","link":"https:\/\/www.blakors.no\/arbeid-og-inkludering\/vare-produksjoner\/gjenbruksbutikk\/","title":{"rendered":"Gjenbruksbutikk"},"content":{"rendered":"\n\t<div style=\"--t2-hero-dim:0;\" class=\"t2-hero t2-hero-content-position-center-left t2-hero-has-dim-0 t2-hero-has-fullsize-image alignfull  t2-hero-has-white-gradient-overlay wp-block-t2-hero has-background has-green-light-background-color\">\n\t\t<img decoding=\"async\" width=\"2048\" height=\"1340\" src=\"https:\/\/www.blakors.no\/content\/uploads\/sites\/55\/2025\/04\/bruktbutikk.jpg\" class=\"t2-hero__image\" alt=\"en butikk med sko og kl\u00e6r\" style=\"object-position: 50% 50%;\" loading=\"eager\" fetchpriority=\"high\" srcset=\"https:\/\/www.blakors.no\/content\/uploads\/sites\/55\/2025\/04\/bruktbutikk.jpg 2048w, https:\/\/www.blakors.no\/content\/uploads\/sites\/55\/2025\/04\/bruktbutikk-300x196.jpg 300w, https:\/\/www.blakors.no\/content\/uploads\/sites\/55\/2025\/04\/bruktbutikk-1024x670.jpg 1024w, https:\/\/www.blakors.no\/content\/uploads\/sites\/55\/2025\/04\/bruktbutikk-768x503.jpg 768w, https:\/\/www.blakors.no\/content\/uploads\/sites\/55\/2025\/04\/bruktbutikk-1536x1005.jpg 1536w\" sizes=\"(max-width: 2048px) 100vw, 2048px\" \/>\n\t\t<div class=\"t2-hero__header\"><div class=\"t2-hero__header__content\">\n\n<h1 id=\"gjenbruksbutikk\"  class=\"wp-block-heading\" >Gjenbruksbutikk<\/h1>\n\n\n\n<p>I v\u00e5r gjenbruksbutikk finner du alt fra kl\u00e6r, kj\u00f8kken artikler, pyntegjenstander til sm\u00e5 skatter for enhver smak. I tillegg er gjenbruk bra for milj\u00f8et. Du finner v\u00e5r butikk p\u00e5 hj\u00f8rnet Storgata\/Stangsgate I H\u00f8nefoss sentrum<\/p>\n\n<\/div><\/div>\n\t<\/div>\n\n\n<p class=\"has-text-align-left\">Gjenbruksbutikken holder til i&nbsp;Storgata 11, 3510 H\u00f8nefoss. <\/p>\n\n\n\n<h2 id=\"apningstider\"  class=\"wp-block-heading has-text-align-left\" >\u00c5pningstider<\/h2>\n\n\n\n<p><strong>Mandag, tirsdag, onsdag og fredag<\/strong>: kl. 09-15:30<br><strong>Torsdag:<\/strong> kl. 10-18<\/p>\n\n\n\n<figure class=\"wp-block-embed dekode-gtm-iframe-preview is-type-video is-provider-youtube wp-block-embed-youtube wp-embed-aspect-16-9 wp-has-aspect-ratio\"><div class=\"wp-block-embed__wrapper\">\n<iframe title=\"Bl\u00e5 Kors arbeid og inkludering Ringerike   Gjenbruksbutikken\" width=\"500\" height=\"281\" data-cookieconsent=\"marketing\" data-cookieblock-src=\"https:\/\/www.youtube.com\/embed\/UJt6TQQMAzA?feature=oembed\"  allow=\"accelerometer; autoplay; clipboard-write; encrypted-media; gyroscope; picture-in-picture; web-share\" referrerpolicy=\"strict-origin-when-cross-origin\" allowfullscreen sandbox=\"allow-scripts allow-same-origin allow-popups allow-presentation allow-popups-to-escape-sandbox\"><\/iframe>\n\t\t<div class=\"cookieconsent-optout-marketing dekode-gtm-cookie-consent-video-placeholder\">\n\t\t\t<div class=\"dekode-gtm-cookie-consent is-block-core-embed is-provider-youtube\">\n\t\t\t\t\n\t\t\t<img decoding=\"async\" src=\"https:\/\/i.ytimg.com\/vi\/UJt6TQQMAzA\/hqdefault.jpg\" alt=\"youtube\" \/>\n\t\t\t\t<div class=\"overlay\">\n\t\t\t\t\t<div class=\"cookie-info\">\n\t\t\t\t\t\t<h2 id=\"her-ligger-det-medieinnhold-fra-en-ekstern-kilde\"  >Her ligger det medieinnhold fra en ekstern kilde. <\/h2> \n\n<p>For \u00e5 se innholdet, m\u00e5 du endre samtykket ditt.<\/p>\n\n<p>Les mer om hvordan dataen din blir behandlet av eksterne kilder i personvernerkl\u00e6ringen v\u00e5r.<\/p>\n\t\t\t\t\t\t<p>\n\t\t\t\t\t\t\t<a title=\"Endre samtykke\" class=\"dekode-gtm-cookiebot-renew\" href=\"#\">Endre samtykke<\/a>\n\t\t\t\t\t\t\t\n\t\t\t\t\t\t<\/p>\n\t\t\t\t\t<\/div>\n\t\t\t\t<\/div>\n\t\t\t<\/div>\n\t\t<\/div>\n<\/div><\/figure>\n\n\n\n<div class=\"blakors-slideshow \"  itemscope itemtype=\"http:\/\/schema.org\/ImageGallery\">\n\t\t\t<figure\n\t\t\tclass=\"slideshow-item \" \n\t\t\titemprop=\"associatedMedia\"\n\t\t\titemscope\n\t\t\titemtype=\"http:\/\/schema.org\/ImageObject\"\n\t\t>\n\t\t\t<img loading=\"lazy\" decoding=\"async\" width=\"2048\" height=\"1366\" src=\"https:\/\/www.blakors.no\/content\/uploads\/sites\/55\/2025\/04\/Bruktbutikk-ansatt-Bla-Kors-scaled-1.jpg\" class=\"attachment-full size-full\" alt=\"en ansatt i butikk foran glassprodukter\" itemprop=\"medium\" srcset=\"https:\/\/www.blakors.no\/content\/uploads\/sites\/55\/2025\/04\/Bruktbutikk-ansatt-Bla-Kors-scaled-1.jpg 2048w, https:\/\/www.blakors.no\/content\/uploads\/sites\/55\/2025\/04\/Bruktbutikk-ansatt-Bla-Kors-scaled-1-300x200.jpg 300w, https:\/\/www.blakors.no\/content\/uploads\/sites\/55\/2025\/04\/Bruktbutikk-ansatt-Bla-Kors-scaled-1-1024x683.jpg 1024w, https:\/\/www.blakors.no\/content\/uploads\/sites\/55\/2025\/04\/Bruktbutikk-ansatt-Bla-Kors-scaled-1-768x512.jpg 768w, https:\/\/www.blakors.no\/content\/uploads\/sites\/55\/2025\/04\/Bruktbutikk-ansatt-Bla-Kors-scaled-1-1536x1025.jpg 1536w\" sizes=\"auto, (max-width: 2048px) 100vw, 2048px\" \/>\t\t<\/figure>\n\t\t\t\t<figure\n\t\t\tclass=\"slideshow-item is-initial-select\" \n\t\t\titemprop=\"associatedMedia\"\n\t\t\titemscope\n\t\t\titemtype=\"http:\/\/schema.org\/ImageObject\"\n\t\t>\n\t\t\t<img loading=\"lazy\" decoding=\"async\" width=\"2048\" height=\"1366\" src=\"https:\/\/www.blakors.no\/content\/uploads\/sites\/55\/2025\/04\/Bruktbutikk-klaer-Bla-Kors-scaled-1.jpg\" class=\"attachment-full size-full\" alt=\"en butikk med stativ av kl\u00e6r og sko\" itemprop=\"medium\" srcset=\"https:\/\/www.blakors.no\/content\/uploads\/sites\/55\/2025\/04\/Bruktbutikk-klaer-Bla-Kors-scaled-1.jpg 2048w, https:\/\/www.blakors.no\/content\/uploads\/sites\/55\/2025\/04\/Bruktbutikk-klaer-Bla-Kors-scaled-1-300x200.jpg 300w, https:\/\/www.blakors.no\/content\/uploads\/sites\/55\/2025\/04\/Bruktbutikk-klaer-Bla-Kors-scaled-1-1024x683.jpg 1024w, https:\/\/www.blakors.no\/content\/uploads\/sites\/55\/2025\/04\/Bruktbutikk-klaer-Bla-Kors-scaled-1-768x512.jpg 768w, https:\/\/www.blakors.no\/content\/uploads\/sites\/55\/2025\/04\/Bruktbutikk-klaer-Bla-Kors-scaled-1-1536x1025.jpg 1536w\" sizes=\"auto, (max-width: 2048px) 100vw, 2048px\" \/>\t\t<\/figure>\n\t\t\t\t<figure\n\t\t\tclass=\"slideshow-item \" \n\t\t\titemprop=\"associatedMedia\"\n\t\t\titemscope\n\t\t\titemtype=\"http:\/\/schema.org\/ImageObject\"\n\t\t>\n\t\t\t<img loading=\"lazy\" decoding=\"async\" width=\"1786\" height=\"2048\" src=\"https:\/\/www.blakors.no\/content\/uploads\/sites\/55\/2025\/04\/Bruktbutikk-interior-Bla-Kors-scaled-1.jpg\" class=\"attachment-full size-full\" alt=\"interi\u00f8rpynt\" itemprop=\"medium\" srcset=\"https:\/\/www.blakors.no\/content\/uploads\/sites\/55\/2025\/04\/Bruktbutikk-interior-Bla-Kors-scaled-1.jpg 1786w, https:\/\/www.blakors.no\/content\/uploads\/sites\/55\/2025\/04\/Bruktbutikk-interior-Bla-Kors-scaled-1-262x300.jpg 262w, https:\/\/www.blakors.no\/content\/uploads\/sites\/55\/2025\/04\/Bruktbutikk-interior-Bla-Kors-scaled-1-893x1024.jpg 893w, https:\/\/www.blakors.no\/content\/uploads\/sites\/55\/2025\/04\/Bruktbutikk-interior-Bla-Kors-scaled-1-768x881.jpg 768w, https:\/\/www.blakors.no\/content\/uploads\/sites\/55\/2025\/04\/Bruktbutikk-interior-Bla-Kors-scaled-1-1340x1536.jpg 1340w, https:\/\/www.blakors.no\/content\/uploads\/sites\/55\/2025\/04\/Bruktbutikk-interior-Bla-Kors-scaled-1-1256x1440.jpg 1256w\" sizes=\"auto, (max-width: 1786px) 100vw, 1786px\" \/>\t\t<\/figure>\n\t\t\t\t<figure\n\t\t\tclass=\"slideshow-item \" \n\t\t\titemprop=\"associatedMedia\"\n\t\t\titemscope\n\t\t\titemtype=\"http:\/\/schema.org\/ImageObject\"\n\t\t>\n\t\t\t<img loading=\"lazy\" decoding=\"async\" width=\"2048\" height=\"1366\" src=\"https:\/\/www.blakors.no\/content\/uploads\/sites\/55\/2025\/04\/Bruktbutikk-glass-Bla-Kors-scaled-1.jpg\" class=\"attachment-full size-full\" alt=\"forskjellige glass foran et serveringsfat\" itemprop=\"medium\" srcset=\"https:\/\/www.blakors.no\/content\/uploads\/sites\/55\/2025\/04\/Bruktbutikk-glass-Bla-Kors-scaled-1.jpg 2048w, https:\/\/www.blakors.no\/content\/uploads\/sites\/55\/2025\/04\/Bruktbutikk-glass-Bla-Kors-scaled-1-300x200.jpg 300w, https:\/\/www.blakors.no\/content\/uploads\/sites\/55\/2025\/04\/Bruktbutikk-glass-Bla-Kors-scaled-1-1024x683.jpg 1024w, https:\/\/www.blakors.no\/content\/uploads\/sites\/55\/2025\/04\/Bruktbutikk-glass-Bla-Kors-scaled-1-768x512.jpg 768w, https:\/\/www.blakors.no\/content\/uploads\/sites\/55\/2025\/04\/Bruktbutikk-glass-Bla-Kors-scaled-1-1536x1025.jpg 1536w\" sizes=\"auto, (max-width: 2048px) 100vw, 2048px\" \/>\t\t<\/figure>\n\t\t<\/div>\n\n\n\n<h2 class=\"wp-block-heading has-text-align-left\" id=\"h-finn-blant-annet\">Finn blant annet: <\/h2>\n\n\n\n<ul class=\"wp-block-list\">\n<li>Kl\u00e6r<\/li>\n\n\n\n<li>Sko<\/li>\n\n\n\n<li>Interi\u00f8r<\/li>\n\n\n\n<li>Glass<\/li>\n\n\n\n<li>Tallerkener<\/li>\n<\/ul>\n\n\n\n<h2 id=\"folg-oss-pa-facebook-for-a-se-utvalg-av-varer\"  class=\"wp-block-heading\" >F\u00f8lg oss p\u00e5 Facebook for \u00e5 se utvalg av varer<\/h2>\n\n\n\n<ul class=\"wp-block-social-links is-layout-flex wp-block-social-links-is-layout-flex\"><li class=\"wp-social-link wp-social-link-facebook  wp-block-social-link\"><a href=\"https:\/\/www.facebook.com\/blakorsringerike\" class=\"wp-block-social-link-anchor\" target=\"_blank\" rel=\"noopener\"><svg width=\"24\" height=\"24\" viewBox=\"0 0 24 24\" version=\"1.1\" xmlns=\"http:\/\/www.w3.org\/2000\/svg\" aria-hidden=\"true\" focusable=\"false\"><path d=\"M12 2C6.5 2 2 6.5 2 12c0 5 3.7 9.1 8.4 9.9v-7H7.9V12h2.5V9.8c0-2.5 1.5-3.9 3.8-3.9 1.1 0 2.2.2 2.2.2v2.5h-1.3c-1.2 0-1.6.8-1.6 1.6V12h2.8l-.4 2.9h-2.3v7C18.3 21.1 22 17 22 12c0-5.5-4.5-10-10-10z\"><\/path><\/svg><span class=\"wp-block-social-link-label screen-reader-text\">Facebook<\/span><\/a><\/li><\/ul>\n\n\n\n<h2 class=\"wp-block-heading\" id=\"h-arbeidsforberedende-trening\">Arbeidsforberedende trening<\/h2>\n\n\n\n<p>Vi er en arbeids og inkluderingsbedrift som i samarbeid med NAV gir mulighet for arbeidspraksis i bruktbutikken. <a href=\"https:\/\/www.blakors.no\/arbeid-og-inkludering\/tiltak\/aft\/\" data-type=\"page\" data-id=\"23\">Les mer om tiltaket<\/a>.<\/p>\n","protected":false},"excerpt":{"rendered":"<p>Gjenbruksbutikken holder til i&nbsp;Storgata 11, 3510 H\u00f8nefoss. \u00c5pningstider Mandag, tirsdag, onsdag og fredag: kl. 09-15:30Torsdag: kl. 10-18 Finn blant annet: F\u00f8lg oss p\u00e5 Facebook for \u00e5 se utvalg av varer Arbeidsforberedende trening Vi er en arbeids og inkluderingsbedrift som i samarbeid med NAV gir mulighet for arbeidspraksis i bruktbutikken. Les mer om tiltaket.<\/p>\n","protected":false},"author":86,"featured_media":339,"parent":40,"menu_order":0,"comment_status":"closed","ping_status":"closed","template":"","meta":{"_acf_changed":false,"_relevanssi_hide_post":"","_relevanssi_hide_content":"","_relevanssi_pin_for_all":"","_relevanssi_pin_keywords":"","_relevanssi_unpin_keywords":"","_relevanssi_related_keywords":"","_relevanssi_related_include_ids":"","_relevanssi_related_exclude_ids":"","_relevanssi_related_no_append":"","_relevanssi_related_not_related":"","_relevanssi_related_posts":"1","_relevanssi_noindex_reason":"","_custom_cards_description":"","footnotes":""},"class_list":["post-48","page","type-page","status-publish","has-post-thumbnail","hentry"],"acf":[],"_links":{"self":[{"href":"https:\/\/www.blakors.no\/arbeid-og-inkludering\/wp-json\/wp\/v2\/pages\/48","targetHints":{"allow":["GET"]}}],"collection":[{"href":"https:\/\/www.blakors.no\/arbeid-og-inkludering\/wp-json\/wp\/v2\/pages"}],"about":[{"href":"https:\/\/www.blakors.no\/arbeid-og-inkludering\/wp-json\/wp\/v2\/types\/page"}],"author":[{"embeddable":true,"href":"https:\/\/www.blakors.no\/arbeid-og-inkludering\/wp-json\/wp\/v2\/users\/86"}],"replies":[{"embeddable":true,"href":"https:\/\/www.blakors.no\/arbeid-og-inkludering\/wp-json\/wp\/v2\/comments?post=48"}],"version-history":[{"count":5,"href":"https:\/\/www.blakors.no\/arbeid-og-inkludering\/wp-json\/wp\/v2\/pages\/48\/revisions"}],"predecessor-version":[{"id":3106,"href":"https:\/\/www.blakors.no\/arbeid-og-inkludering\/wp-json\/wp\/v2\/pages\/48\/revisions\/3106"}],"up":[{"embeddable":true,"href":"https:\/\/www.blakors.no\/arbeid-og-inkludering\/wp-json\/wp\/v2\/pages\/40"}],"wp:featuredmedia":[{"embeddable":true,"href":"https:\/\/www.blakors.no\/arbeid-og-inkludering\/wp-json\/wp\/v2\/media\/339"}],"wp:attachment":[{"href":"https:\/\/www.blakors.no\/arbeid-og-inkludering\/wp-json\/wp\/v2\/media?parent=48"}],"curies":[{"name":"wp","href":"https:\/\/api.w.org\/{rel}","templated":true}]}}