{"id":551,"date":"2025-05-07T13:09:38","date_gmt":"2025-05-07T11:09:38","guid":{"rendered":"https:\/\/www.blakors.no\/arbeid-og-inkludering\/?page_id=551"},"modified":"2026-03-17T11:02:13","modified_gmt":"2026-03-17T10:02:13","slug":"bla-kors-cafe-ringerike","status":"publish","type":"page","link":"https:\/\/www.blakors.no\/arbeid-og-inkludering\/vare-produksjoner\/cafe-og-catering\/bla-kors-cafe-ringerike\/","title":{"rendered":"Bl\u00e5 Kors caf\u00e9 Ringerike"},"content":{"rendered":"\n\t<div style=\"--t2-hero-dim:0;\" class=\"t2-hero t2-hero-content-position-center-left t2-hero-has-dim-0 t2-hero-has-fullsize-image alignfull  t2-hero-has-white-gradient-overlay wp-block-t2-hero has-background has-green-light-background-color\">\n\t\t<img decoding=\"async\" width=\"960\" height=\"726\" src=\"https:\/\/www.blakors.no\/content\/uploads\/sites\/55\/2025\/04\/kvinne-skjaerer.jpg\" class=\"t2-hero__image\" alt=\"en kvinne skj\u00e6rer i bakst\" style=\"object-position: 47% 68%;\" loading=\"eager\" fetchpriority=\"high\" srcset=\"https:\/\/www.blakors.no\/content\/uploads\/sites\/55\/2025\/04\/kvinne-skjaerer.jpg 960w, https:\/\/www.blakors.no\/content\/uploads\/sites\/55\/2025\/04\/kvinne-skjaerer-300x227.jpg 300w, https:\/\/www.blakors.no\/content\/uploads\/sites\/55\/2025\/04\/kvinne-skjaerer-768x581.jpg 768w\" sizes=\"(max-width: 960px) 100vw, 960px\" \/>\n\t\t<div class=\"t2-hero__header\"><div class=\"t2-hero__header__content\">\n\n<h1 id=\"bla-kors-cafe-ringerike\"  class=\"wp-block-heading\" >Bl\u00e5 Kors caf\u00e9 Ringerike<\/h1>\n\n\n\n<p>Bl\u00e5 Kors caf\u00e9 Ringerike er v\u00e5r lokale cafe i Sundgata 10 p\u00e5 H\u00f8nefoss. Caf\u00e9en er \u00e5pen for alle og brukes som lunsjcafe for jobbs\u00f8kere, og for ansatte i Bl\u00e5 Kors p\u00e5 Ringerike.<\/p>\n\n\n\n<p>Vi serverer sm\u00f8rbr\u00f8d, rundstykker, bagetter, salater og man kan bestille enkle varmretter som omelett, egg og bacon.<\/p>\n\n<\/div><\/div>\n\t<\/div>\n\n\n<p>Velkommen til oss!<\/p>\n\n\n\n<p><\/p>\n\n\n\n<figure class=\"wp-block-embed dekode-gtm-iframe-preview is-type-video is-provider-youtube wp-block-embed-youtube wp-embed-aspect-16-9 wp-has-aspect-ratio\"><div class=\"wp-block-embed__wrapper\">\n<iframe title=\"Bl\u00e5 Kors arbeid og inkludering Ringerike   Cafe og catering\" width=\"500\" height=\"281\" data-cookieconsent=\"marketing\" data-cookieblock-src=\"https:\/\/www.youtube.com\/embed\/8fw3Y75I33A?feature=oembed\"  allow=\"accelerometer; autoplay; clipboard-write; encrypted-media; gyroscope; picture-in-picture; web-share\" referrerpolicy=\"strict-origin-when-cross-origin\" allowfullscreen sandbox=\"allow-scripts allow-same-origin allow-popups allow-presentation allow-popups-to-escape-sandbox\"><\/iframe>\n\t\t<div class=\"cookieconsent-optout-marketing dekode-gtm-cookie-consent-video-placeholder\">\n\t\t\t<div class=\"dekode-gtm-cookie-consent is-block-core-embed is-provider-youtube\">\n\t\t\t\t\n\t\t\t<img decoding=\"async\" src=\"https:\/\/i.ytimg.com\/vi\/8fw3Y75I33A\/hqdefault.jpg\" alt=\"youtube\" \/>\n\t\t\t\t<div class=\"overlay\">\n\t\t\t\t\t<div class=\"cookie-info\">\n\t\t\t\t\t\t<h2 id=\"her-ligger-det-medieinnhold-fra-en-ekstern-kilde\"  >Her ligger det medieinnhold fra en ekstern kilde. <\/h2> \n\n<p>For \u00e5 se innholdet, m\u00e5 du endre samtykket ditt.<\/p>\n\n<p>Les mer om hvordan dataen din blir behandlet av eksterne kilder i personvernerkl\u00e6ringen v\u00e5r.<\/p>\n\t\t\t\t\t\t<p>\n\t\t\t\t\t\t\t<a title=\"Endre samtykke\" class=\"dekode-gtm-cookiebot-renew\" href=\"#\">Endre samtykke<\/a>\n\t\t\t\t\t\t\t\n\t\t\t\t\t\t<\/p>\n\t\t\t\t\t<\/div>\n\t\t\t\t<\/div>\n\t\t\t<\/div>\n\t\t<\/div>\n<\/div><\/figure>\n\n\n\n<div class=\"blakors-slideshow \"  itemscope itemtype=\"http:\/\/schema.org\/ImageGallery\">\n\t\t\t<figure\n\t\t\tclass=\"slideshow-item \" \n\t\t\titemprop=\"associatedMedia\"\n\t\t\titemscope\n\t\t\titemtype=\"http:\/\/schema.org\/ImageObject\"\n\t\t>\n\t\t\t<img loading=\"lazy\" decoding=\"async\" width=\"960\" height=\"726\" src=\"https:\/\/www.blakors.no\/content\/uploads\/sites\/55\/2025\/04\/mann-rorer-i-kjele.jpg\" class=\"attachment-full size-full\" alt=\"en mann r\u00f8rer i en stor kjele\" itemprop=\"medium\" srcset=\"https:\/\/www.blakors.no\/content\/uploads\/sites\/55\/2025\/04\/mann-rorer-i-kjele.jpg 960w, https:\/\/www.blakors.no\/content\/uploads\/sites\/55\/2025\/04\/mann-rorer-i-kjele-300x227.jpg 300w, https:\/\/www.blakors.no\/content\/uploads\/sites\/55\/2025\/04\/mann-rorer-i-kjele-768x581.jpg 768w\" sizes=\"auto, (max-width: 960px) 100vw, 960px\" \/>\t\t<\/figure>\n\t\t\t\t<figure\n\t\t\tclass=\"slideshow-item is-initial-select\" \n\t\t\titemprop=\"associatedMedia\"\n\t\t\titemscope\n\t\t\titemtype=\"http:\/\/schema.org\/ImageObject\"\n\t\t>\n\t\t\t<img loading=\"lazy\" decoding=\"async\" width=\"960\" height=\"726\" src=\"https:\/\/www.blakors.no\/content\/uploads\/sites\/55\/2025\/04\/kvinne-skjaerer.jpg\" class=\"attachment-full size-full\" alt=\"en kvinne skj\u00e6rer i bakst\" itemprop=\"medium\" srcset=\"https:\/\/www.blakors.no\/content\/uploads\/sites\/55\/2025\/04\/kvinne-skjaerer.jpg 960w, https:\/\/www.blakors.no\/content\/uploads\/sites\/55\/2025\/04\/kvinne-skjaerer-300x227.jpg 300w, https:\/\/www.blakors.no\/content\/uploads\/sites\/55\/2025\/04\/kvinne-skjaerer-768x581.jpg 768w\" sizes=\"auto, (max-width: 960px) 100vw, 960px\" \/>\t\t<\/figure>\n\t\t\t\t<figure\n\t\t\tclass=\"slideshow-item \" \n\t\t\titemprop=\"associatedMedia\"\n\t\t\titemscope\n\t\t\titemtype=\"http:\/\/schema.org\/ImageObject\"\n\t\t>\n\t\t\t<img loading=\"lazy\" decoding=\"async\" width=\"960\" height=\"726\" src=\"https:\/\/www.blakors.no\/content\/uploads\/sites\/55\/2025\/04\/kafe-og-catering-honefoss.jpg\" class=\"attachment-full size-full\" alt=\"et p\u00e5smurt rundstykke blir solgt p\u00e5 en cafe\" itemprop=\"medium\" srcset=\"https:\/\/www.blakors.no\/content\/uploads\/sites\/55\/2025\/04\/kafe-og-catering-honefoss.jpg 960w, https:\/\/www.blakors.no\/content\/uploads\/sites\/55\/2025\/04\/kafe-og-catering-honefoss-300x227.jpg 300w, https:\/\/www.blakors.no\/content\/uploads\/sites\/55\/2025\/04\/kafe-og-catering-honefoss-768x581.jpg 768w\" sizes=\"auto, (max-width: 960px) 100vw, 960px\" \/>\t\t<\/figure>\n\t\t\t\t<figure\n\t\t\tclass=\"slideshow-item \" \n\t\t\titemprop=\"associatedMedia\"\n\t\t\titemscope\n\t\t\titemtype=\"http:\/\/schema.org\/ImageObject\"\n\t\t>\n\t\t\t<img loading=\"lazy\" decoding=\"async\" width=\"960\" height=\"726\" src=\"https:\/\/www.blakors.no\/content\/uploads\/sites\/55\/2025\/04\/kvinne-og-mann-ler-pa-kjokkenet.jpg\" class=\"attachment-full size-full\" alt=\"en kvinne og en mann smiler og spiser p\u00e5 kj\u00f8kkenet\" itemprop=\"medium\" srcset=\"https:\/\/www.blakors.no\/content\/uploads\/sites\/55\/2025\/04\/kvinne-og-mann-ler-pa-kjokkenet.jpg 960w, https:\/\/www.blakors.no\/content\/uploads\/sites\/55\/2025\/04\/kvinne-og-mann-ler-pa-kjokkenet-300x227.jpg 300w, https:\/\/www.blakors.no\/content\/uploads\/sites\/55\/2025\/04\/kvinne-og-mann-ler-pa-kjokkenet-768x581.jpg 768w\" sizes=\"auto, (max-width: 960px) 100vw, 960px\" \/>\t\t<\/figure>\n\t\t<\/div>\n\n\n<ul class=\"t2-link-list has-1-items has-auto-columns wp-block-t2-link-list\">\n\t<li class=\"has-background has-pink-light-background-color t2-link-list-item wp-block-t2-link-list-item\">\n\t\t<a\n\t\t\thref=\"https:\/\/www.blakors.no\/arbeid-og-inkludering\/catering-oslo\/\"\n\t\t\tclass=\"t2-link-list-item__link t2-link-list__icon--right\"\n\t\t\t\t\t>\n\t\t\t<span class=\"t2-link-list-item__icon\"><span class=\"t2-link-list-item__icon-box\"><\/span><svg xmlns=\"http:\/\/www.w3.org\/2000\/svg\" viewBox=\"0 0 24 24\" height=\"24\" width=\"24\" class=\"t2-icon t2-icon-arrowforward\" aria-hidden=\"true\" focusable=\"false\"><path d=\"M11.3 19.3c-.2-.2-.3-.4-.3-.7 0-.3.1-.5.3-.7l4.9-4.9H5c-.3 0-.5-.1-.7-.3-.2-.2-.3-.4-.3-.7s.1-.5.3-.7c.2-.2.4-.3.7-.3h11.2l-4.9-4.9c-.2-.2-.3-.4-.3-.7 0-.3.1-.5.3-.7.2-.2.4-.3.7-.3s.5.1.7.3l6.6 6.6c.1.1.2.2.2.3 0 .1.1.3.1.4 0 .1 0 .3-.1.4 0 .1-.1.2-.2.3l-6.6 6.6c-.2.2-.4.3-.7.3s-.5-.1-.7-.3z\" fill=\"currentColor\" \/><\/svg><\/span>\t\t\t<div class=\"t2-link-list-item__content\">\n\n\t\t\t\t\n\t\t\t\t<span id=\"link-list-item-text\" class=\"t2-link-list-item__text\">\n\t\t\t\t\tCatering\t\t\t\t<\/span>\n\t\t\t\t<span id=\"link-list-item-description\" class=\"t2-link-list-item__description\">Vi tilbyr ogs\u00e5 catering til bedrifter og privatkunder i v\u00e5rt n\u00e6rmilj\u00f8. <\/span>\t\t\t<\/div>\n\t\t<\/a>\n\t<\/li>\n\t\n<\/ul>","protected":false},"excerpt":{"rendered":"<p>Velkommen til oss!<\/p>\n","protected":false},"author":86,"featured_media":0,"parent":42,"menu_order":0,"comment_status":"closed","ping_status":"closed","template":"","meta":{"_acf_changed":false,"_relevanssi_hide_post":"","_relevanssi_hide_content":"","_relevanssi_pin_for_all":"","_relevanssi_pin_keywords":"","_relevanssi_unpin_keywords":"","_relevanssi_related_keywords":"","_relevanssi_related_include_ids":"","_relevanssi_related_exclude_ids":"","_relevanssi_related_no_append":"","_relevanssi_related_not_related":"","_relevanssi_related_posts":"","_relevanssi_noindex_reason":"","_custom_cards_description":"","footnotes":""},"class_list":["post-551","page","type-page","status-publish","hentry"],"acf":[],"_links":{"self":[{"href":"https:\/\/www.blakors.no\/arbeid-og-inkludering\/wp-json\/wp\/v2\/pages\/551","targetHints":{"allow":["GET"]}}],"collection":[{"href":"https:\/\/www.blakors.no\/arbeid-og-inkludering\/wp-json\/wp\/v2\/pages"}],"about":[{"href":"https:\/\/www.blakors.no\/arbeid-og-inkludering\/wp-json\/wp\/v2\/types\/page"}],"author":[{"embeddable":true,"href":"https:\/\/www.blakors.no\/arbeid-og-inkludering\/wp-json\/wp\/v2\/users\/86"}],"replies":[{"embeddable":true,"href":"https:\/\/www.blakors.no\/arbeid-og-inkludering\/wp-json\/wp\/v2\/comments?post=551"}],"version-history":[{"count":4,"href":"https:\/\/www.blakors.no\/arbeid-og-inkludering\/wp-json\/wp\/v2\/pages\/551\/revisions"}],"predecessor-version":[{"id":3109,"href":"https:\/\/www.blakors.no\/arbeid-og-inkludering\/wp-json\/wp\/v2\/pages\/551\/revisions\/3109"}],"up":[{"embeddable":true,"href":"https:\/\/www.blakors.no\/arbeid-og-inkludering\/wp-json\/wp\/v2\/pages\/42"}],"wp:attachment":[{"href":"https:\/\/www.blakors.no\/arbeid-og-inkludering\/wp-json\/wp\/v2\/media?parent=551"}],"curies":[{"name":"wp","href":"https:\/\/api.w.org\/{rel}","templated":true}]}}