{"id":3044,"date":"2024-09-09T12:57:25","date_gmt":"2024-09-09T10:57:25","guid":{"rendered":"https:\/\/www.blakors.no\/barnas-stasjon\/?page_id=3044"},"modified":"2024-09-17T10:45:45","modified_gmt":"2024-09-17T08:45:45","slug":"kommuner","status":"publish","type":"page","link":"https:\/\/www.blakors.no\/barnas-stasjon\/kommuner\/","title":{"rendered":"Info til kommuner"},"content":{"rendered":"\n\t<div style=\"--t2-hero-dim:0;\" class=\"t2-hero t2-hero-content-position-center-left t2-hero-has-dim-0 alignfull wp-block-t2-hero has-background has-brown-light-background-color\">\n\t\t\n\t\t<div class=\"t2-hero__header\"><div class=\"t2-hero__header__content\">\n\n<h1 id=\"info-til-kommuner\"  class=\"wp-block-heading\" >Info til kommuner<\/h1>\n\n\n\n<p><\/p>\n\n<\/div><\/div>\n\t<\/div>\n\n\n<h2 id=\"malgruppe\"  class=\"wp-block-heading\" >M\u00e5lgruppe<\/h2>\n\n\n\n<p>Bl\u00e5 Kors barnas stasjon er et tilbud til barn i aldersgruppen 0 &#8211; 13 (16) \u00e5r som vokser opp i familier med flere s\u00e5rbarhetsfaktorer. Selv om barnet st\u00e5r i sentrum, gj\u00f8r aldersspennet at de foresatte er en selvf\u00f8lgelig del av de unges liv og hverdag \u2013 gitt at det er til det beste for barnets livssituasjon.<\/p>\n\n\n\n<h2 id=\"aktiviteter\"  class=\"wp-block-heading\" >Aktiviteter<\/h2>\n\n\n\n<p>Basert p\u00e5 mange \u00e5rs erfaring med Bl\u00e5 Kors barnas stasjon og funnene i SINTEF-rapporten fra 2021, ble det i 2023 utviklet en generell tjenestebeskrivelse.&nbsp;\u200b<\/p>\n\n\n\n<p>Hver fase i tjenestebeskrivelsen har et klart definert m\u00e5l, innhold, dokumenter og&nbsp;verkt\u00f8y. Hver familie som deltar i denne tjenesten er unik, og hvert forl\u00f8p vil utvikle seg forskjellig basert p\u00e5 familiens beskyttelses- og s\u00e5rbarhetsfaktorer.\u200b<\/p>\n\n\n\n<div class=\"wp-block-group is-layout-constrained wp-block-group-is-layout-constrained\">\n<p><strong>M\u00e5lene med tjenestebeskrivelsen er flere:&nbsp;\u200b<\/strong><\/p>\n\n\n\n<p>1. Heve kvaliteten p\u00e5 barnas stasjons tilbud til familiene&nbsp;\u200b<\/p>\n\n\n\n<p>2. Synliggj\u00f8re for brukere, ansatte og andre akt\u00f8rer:\u200b<\/p>\n\n\n\n<ul class=\"wp-block-list\">\n<li>Endringsarbeidet i tjenestetilbudet&nbsp;\u200b<\/li>\n\n\n\n<li>Tjenestetilbudets ulike faser\u200b<\/li>\n\n\n\n<li>Hvilke indikatorer som registreres i de ulike fasene\u200b<\/li>\n<\/ul>\n\n\n\n<p>3. Systematisere og kvalitetssikre arbeidet ved Bl\u00e5 Kors barnas stasjon:\u200b<\/p>\n\n\n\n<ul class=\"wp-block-list\">\n<li>Samordne tilbudene nasjonalt\u200b<\/li>\n\n\n\n<li>Sikre mestring og samfunnsdeltakelse for familiene\u200b<\/li>\n<\/ul>\n<\/div>\n\n\n\n<div class=\"wp-block-group has-green-light-background-color has-background is-layout-constrained wp-block-group-is-layout-constrained\">\n<h3 id=\"innhold-i-aktivitetstypene\"  class=\"wp-block-heading\" ><strong>Innhold&nbsp;i aktivitetstypene<\/strong><\/h3>\n\n\n\n<p><strong>1. Mestrings- og nettverksbyggende arenaer for barn: <\/strong>Sentralt i disse aktivitetene er \u00e5 skape mestring og fellesskap med andre. Gode mestringsopplevelser og f\u00f8lelse av \u00e5 h\u00f8re til kan bidra til \u00f8kt mestringsf\u00f8lelse ogs\u00e5 p\u00e5 andre arena i livet.\u200b<\/p>\n\n\n\n<p><strong>2. Mestrings- og nettverksbyggende arenaer for familier:&nbsp;<\/strong>Vi benytter ulike aktiviteter som et verkt\u00f8y for \u00e5 fremme og styrke samspillet innad i familiene, skape minneverdige opplevelser og mestring.\u200b<\/p>\n\n\n\n<p><strong>3. Mestrings- og nettverksbyggende arenaer for foresatte<\/strong>: M\u00e5let&nbsp;er&nbsp;her \u00e5 styrke og st\u00f8tte foresatte i deres rolle som foreldre. Kunnskapen som gis kan ogs\u00e5 v\u00e6re innhold som styrker livsmestring i tillegg til foreldrerollen.\u200b<\/p>\n\n\n\n<p><strong>4.&nbsp;Aktiviteter i skolens ferier, helger og h\u00f8ytidsarrangement:<\/strong>&nbsp;M\u00e5let med varierte fellesaktiviteter er \u00e5 gi \u00f8konomisk lettelse, muligheter for&nbsp;nettverksbygging og tilgang til&nbsp;n\u00f8dvendig bistand, veiledning og st\u00f8tte fra personalet.&nbsp;Kulturformidling er&nbsp;ogs\u00e5 \u2003\u2003viktige aspekt.&nbsp;\u200b<\/p>\n\n\n\n<p><strong>5.Overnatting, ferie og helg for barn og familie:&nbsp;&nbsp;<\/strong>M\u00e5let med overnattingsturer, ferier og helger er \u00e5 gi mestringsopplevelser og \u00f8kt samfunnsdeltakelse gjennom&nbsp;tilpassede fellesaktiviteter.\u200b<\/p>\n\n\n\n<p><strong>6.Individuell oppf\u00f8lging:&nbsp;&nbsp;<\/strong>M\u00e5let er \u00e5 ta utgangspunkt i barnet og familiens beskyttelses- og s\u00e5rbarhetsfaktorer for \u00e5 tilby skreddersydd st\u00f8tte.&nbsp;\u200b<\/p>\n\n\n\n<p><strong>7.Kurs:&nbsp;<\/strong>&nbsp;M\u00e5let er \u00e5 \u00f8ke foreldrenes kunnskap og bevissthet, skape et godt og utviklingsstyrkende samspill i familien, og utvikle foreldrenes ferdigheter til \u00e5 h\u00e5ndtere utfordringer.\u200b<\/p>\n\n\n\n<p>\u200b<strong>8.Utstyr-utl\u00e5n og gaver:&nbsp;&nbsp;<\/strong>M\u00e5let er \u00e5 bidra til sosial utjevning og skape minneverdige opplevelser for familier gjennom tilgjengeliggj\u00f8ring av&nbsp;n\u00f8dvendig utstyr og gaver.\u200b<\/p>\n\n\n\n<p><strong>9. Brukeraktivitet: <\/strong>Disse aktivitetene skal sikre at brukernes stemme blir h\u00f8rt og tatt p\u00e5 alvor, og p\u00e5virker tjenesten v\u00e5r slik at den blir best mulig tilpasset den enkeltes behov og m\u00e5l. I tillegg vil aktivitetene her v\u00e6re med p\u00e5&nbsp; \u00e5 styrke mestringsf\u00f8lelse og nettverk, og \u00f8ke deltakelsen i ordin\u00e6re aktiviteter. Aktiviteter som inkluderes her er barner\u00e5d, brukerr\u00e5d, brukerm\u00f8ter og brukerstyrte aktiviteter.&nbsp;\u200b<\/p>\n<\/div>\n\n\n\n<h2 id=\"hvordan-ta-kontakt\"  class=\"wp-block-heading\" >Hvordan ta kontakt<\/h2>\n\n\n\n<p>Bl\u00e5 Kors barnas stasjon er <strong>et lavterskel tilbud<\/strong>, det vil si at det ikke er behov for henvisning for \u00e5 delta p\u00e5 aktivitetene og f\u00e5 en prim\u00e6rkontakt.&nbsp; Foresatte kan selv ta kontakt ved \u00e5 ringe oss eller sende e-post.&nbsp; Ansatte i kommunen kan ta kontakt for mer informasjon eller etter avtale med den enkelte familie.&nbsp;<\/p>\n\n\n\n<h2 id=\"samarbeid-med-kommuner\"  class=\"wp-block-heading\" >Samarbeid med kommuner<\/h2>\n\n\n\n<p>Bl\u00e5 Kors barnas stasjon skal samarbeide opp mot kommunene for \u00e5 tilstrebe forst\u00e5else av hvordan barnas stasjon kan v\u00e6re et supplement til kommunens tjenester. Dette gir et godt utgangspunkt for \u00e5 videreutvikle samarbeidet med kommunen og andre instanser, slik at det kan iverksettes aktiviteter som gir mestring og tiltak som gir samfunnsdeltakelse til barn som vokser opp med hverdagsutfordringer som gir \u00f8kt risiko for skjevutvikling.<\/p>\n\n\n\n<p>Det tilstrebes at alle Bl\u00e5 Kors barna stasjon skal ha samarbeidsavtale med kommunen de er lokalisert i hvor det blant annet kommer frem: samarbeidsforholdet med etablering av ulike samarbeidsutvalg\/grupper og hyppighet p\u00e5 m\u00f8ter \u2013 Tjenestene Bl\u00e5 Kors barnas stasjon skal drifte \u2013 kommunens ansvar for rekruttering og for \u00e5rlig \u00f8konomisk bidrag<\/p>\n\n\n\n<div class=\"wp-block-group has-green-light-background-color has-background is-layout-constrained wp-block-group-is-layout-constrained\">\n<h2 id=\"bla-kors-barnas-stasjon-suksesskriterier\"  class=\"wp-block-heading\" >Bl\u00e5 Kors barnas stasjon suksesskriterier<\/h2>\n\n\n\n<ul class=\"wp-block-list\">\n<li>Ved stasjonene tilbys det et bredt spekter av aktiviteter og tjenester som har en lav terskel inn i tjenesteapparatet<\/li>\n\n\n\n<li>Muligheten til \u00e5 f\u00f8lge opp familier over tid og at det etableres trygge og tillitsfulle relasjoner<\/li>\n\n\n\n<li>Tilbudet har h\u00f8y grad av brukermedvirkning, er fleksibelt og tilgjengelig<\/li>\n\n\n\n<li>Ansatte har h\u00f8y faglig kompetanse<\/li>\n<\/ul>\n<\/div>\n","protected":false},"excerpt":{"rendered":"<p>M\u00e5lgruppe Bl\u00e5 Kors barnas stasjon er et tilbud til barn i aldersgruppen 0 &#8211; 13 (16) \u00e5r som vokser opp i familier med flere s\u00e5rbarhetsfaktorer. Selv om barnet st\u00e5r i sentrum, gj\u00f8r aldersspennet at de foresatte er en selvf\u00f8lgelig del av de unges liv og hverdag \u2013 gitt at det er til det beste for [&hellip;]<\/p>\n","protected":false},"author":86,"featured_media":0,"parent":0,"menu_order":0,"comment_status":"closed","ping_status":"closed","template":"","meta":{"_acf_changed":false,"_relevanssi_hide_post":"","_relevanssi_hide_content":"","_relevanssi_pin_for_all":"","_relevanssi_pin_keywords":"","_relevanssi_unpin_keywords":"","_relevanssi_related_keywords":"","_relevanssi_related_include_ids":"","_relevanssi_related_exclude_ids":"","_relevanssi_related_no_append":"","_relevanssi_related_not_related":"","_relevanssi_related_posts":"1355,1751,1361,1995,1","_relevanssi_noindex_reason":"","_custom_cards_description":"","footnotes":""},"class_list":["post-3044","page","type-page","status-publish","hentry"],"acf":[],"_links":{"self":[{"href":"https:\/\/www.blakors.no\/barnas-stasjon\/wp-json\/wp\/v2\/pages\/3044","targetHints":{"allow":["GET"]}}],"collection":[{"href":"https:\/\/www.blakors.no\/barnas-stasjon\/wp-json\/wp\/v2\/pages"}],"about":[{"href":"https:\/\/www.blakors.no\/barnas-stasjon\/wp-json\/wp\/v2\/types\/page"}],"author":[{"embeddable":true,"href":"https:\/\/www.blakors.no\/barnas-stasjon\/wp-json\/wp\/v2\/users\/86"}],"replies":[{"embeddable":true,"href":"https:\/\/www.blakors.no\/barnas-stasjon\/wp-json\/wp\/v2\/comments?post=3044"}],"version-history":[{"count":3,"href":"https:\/\/www.blakors.no\/barnas-stasjon\/wp-json\/wp\/v2\/pages\/3044\/revisions"}],"predecessor-version":[{"id":3085,"href":"https:\/\/www.blakors.no\/barnas-stasjon\/wp-json\/wp\/v2\/pages\/3044\/revisions\/3085"}],"wp:attachment":[{"href":"https:\/\/www.blakors.no\/barnas-stasjon\/wp-json\/wp\/v2\/media?parent=3044"}],"curies":[{"name":"wp","href":"https:\/\/api.w.org\/{rel}","templated":true}]}}