{"id":101,"date":"2024-05-31T08:24:03","date_gmt":"2024-05-31T08:24:03","guid":{"rendered":"https:\/\/www.blakors.no\/barnehage-ovrebo\/?page_id=101"},"modified":"2026-01-13T14:06:44","modified_gmt":"2026-01-13T14:06:44","slug":"soke-barnehageplass","status":"publish","type":"page","link":"https:\/\/www.blakors.no\/barnehage-ovrebo\/soke-barnehageplass\/","title":{"rendered":"S\u00f8ke barnehageplass"},"content":{"rendered":"\n<p>Her kan du s\u00f8ke barnehageplass: <a href=\"https:\/\/foresatt.visma.no\/vennesla\" data-type=\"link\" data-id=\"https:\/\/foresatt.visma.no\/vennesla\" target=\"_blank\" rel=\"noopener\">https:\/\/foresatt.visma.no\/vennesla<\/a><\/p>\n\n\n\n<p>Her kan du si opp barnehageplass : <a href=\"https:\/\/foresatt.visma.no\/vennesla\" target=\"_blank\" rel=\"noopener\">https:\/\/foresatt.visma.no\/vennesla<\/a><\/p>\n\n\n\n<p><\/p>\n\n\n\n<p><strong>Et lite knippe med koselige bilder fra barnehagen <\/strong>!<\/p>\n\n\n\n<figure class=\"wp-block-image size-full is-resized\"><img loading=\"lazy\" decoding=\"async\" width=\"640\" height=\"518\" src=\"https:\/\/www.blakors.no\/content\/uploads\/sites\/51\/2026\/01\/IMG_6833-003.jpeg\" alt=\"\" class=\"wp-image-597\" style=\"width:495px;height:auto\" srcset=\"https:\/\/www.blakors.no\/content\/uploads\/sites\/51\/2026\/01\/IMG_6833-003.jpeg 640w, https:\/\/www.blakors.no\/content\/uploads\/sites\/51\/2026\/01\/IMG_6833-003-300x243.jpeg 300w\" sizes=\"auto, (max-width: 640px) 100vw, 640px\" \/><\/figure>\n\n\n\n<p><\/p>\n\n\n\n<h2 id=\"priser-betaling-og-redusert-foreldrebetaling-les-mer-her\"  class=\"wp-block-heading\" >Priser, betaling og redusert foreldrebetaling. Les mer her:  <\/h2>\n\n\n\n<p><a href=\"https:\/\/www.vennesla.kommune.no\/tjenester\/barnehage-og-skole\/barnehage\/priser-og-redusert-betaling\/\" data-type=\"link\" data-id=\"https:\/\/www.vennesla.kommune.no\/tjenester\/barnehage-og-skole\/barnehage\/priser-og-redusert-betaling\/\" target=\"_blank\" rel=\"noopener\">https:\/\/www.vennesla.kommune.no\/tjenester\/barnehage-og-skole\/barnehage\/priser-og-redusert-betaling\/<\/a><\/p>\n\n\n\n<p><\/p>\n\n\n\n<p><\/p>\n\n\n\n<p><\/p>\n\n\n\n<p>Bl\u00e5  Kors \u00d8vreb\u00f8 barnehage tilbyr 100 % og 80 % plasser. S\u00f8ker man 80 % tilbud, oppgir du \u00f8nsket fri dag i s\u00f8knaden, men vi gj\u00f8r oppmerksom p\u00e5 at dette ikke alltid kan innfris. I praksis betyr at du kan f\u00e5 tildelt dag, du selv ikke har \u00f8nsket. Dette pga,- antall ansatte og barn fordelt p\u00e5 de ulike dager m\u00e5 v\u00e6re balansert.<\/p>\n\n\n\n<p><\/p>\n\n\n\n<h2 id=\"opptak\"  class=\"wp-block-heading\" >Opptak<\/h2>\n\n\n\n<div class=\"wp-block-lib-header alignfull hide\"><div class=\"header-innercontent\"><\/div><\/div>\n\n\n\n<p><strong>Opptak og frister<\/strong> &#8211; les mer om dette her: <a href=\"https:\/\/www.vennesla.kommune.no\/tjenester\/barnehage-og-skole\/barnehage\/opptak-og-frister\/\" target=\"_blank\" rel=\"noopener\">https:\/\/www.vennesla.kommune.no\/tjenester\/barnehage-og-skole\/barnehage\/opptak-og-frister\/<\/a><\/p>\n","protected":false},"excerpt":{"rendered":"<p>Her kan du s\u00f8ke barnehageplass: https:\/\/foresatt.visma.no\/vennesla Her kan du si opp barnehageplass : https:\/\/foresatt.visma.no\/vennesla Et lite knippe med koselige bilder fra barnehagen ! Priser, betaling og redusert foreldrebetaling. Les mer her: https:\/\/www.vennesla.kommune.no\/tjenester\/barnehage-og-skole\/barnehage\/priser-og-redusert-betaling\/ Bl\u00e5 Kors \u00d8vreb\u00f8 barnehage tilbyr 100 % og 80 % plasser. S\u00f8ker man 80 % tilbud, oppgir du \u00f8nsket fri dag i s\u00f8knaden, [&hellip;]<\/p>\n","protected":false},"author":86,"featured_media":0,"parent":0,"menu_order":0,"comment_status":"closed","ping_status":"closed","template":"","meta":{"_acf_changed":false,"_relevanssi_hide_post":"","_relevanssi_hide_content":"","_relevanssi_pin_for_all":"","_relevanssi_pin_keywords":"","_relevanssi_unpin_keywords":"","_relevanssi_related_keywords":"","_relevanssi_related_include_ids":"","_relevanssi_related_exclude_ids":"","_relevanssi_related_no_append":"","_relevanssi_related_not_related":"","_relevanssi_related_posts":"1","_relevanssi_noindex_reason":"","_custom_cards_description":"","footnotes":""},"class_list":["post-101","page","type-page","status-publish","hentry"],"acf":[],"_links":{"self":[{"href":"https:\/\/www.blakors.no\/barnehage-ovrebo\/wp-json\/wp\/v2\/pages\/101","targetHints":{"allow":["GET"]}}],"collection":[{"href":"https:\/\/www.blakors.no\/barnehage-ovrebo\/wp-json\/wp\/v2\/pages"}],"about":[{"href":"https:\/\/www.blakors.no\/barnehage-ovrebo\/wp-json\/wp\/v2\/types\/page"}],"author":[{"embeddable":true,"href":"https:\/\/www.blakors.no\/barnehage-ovrebo\/wp-json\/wp\/v2\/users\/86"}],"replies":[{"embeddable":true,"href":"https:\/\/www.blakors.no\/barnehage-ovrebo\/wp-json\/wp\/v2\/comments?post=101"}],"version-history":[{"count":4,"href":"https:\/\/www.blakors.no\/barnehage-ovrebo\/wp-json\/wp\/v2\/pages\/101\/revisions"}],"predecessor-version":[{"id":600,"href":"https:\/\/www.blakors.no\/barnehage-ovrebo\/wp-json\/wp\/v2\/pages\/101\/revisions\/600"}],"wp:attachment":[{"href":"https:\/\/www.blakors.no\/barnehage-ovrebo\/wp-json\/wp\/v2\/media?parent=101"}],"curies":[{"name":"wp","href":"https:\/\/api.w.org\/{rel}","templated":true}]}}