{"id":169,"date":"2024-10-25T11:16:12","date_gmt":"2024-10-25T11:16:12","guid":{"rendered":"https:\/\/www.blakors.no\/barnehage-ovrebo\/?page_id=169"},"modified":"2025-09-10T12:16:31","modified_gmt":"2025-09-10T12:16:31","slug":"satsingsomrader","status":"publish","type":"page","link":"https:\/\/www.blakors.no\/barnehage-ovrebo\/satsingsomrader\/","title":{"rendered":"Satsingsomr\u00e5der og prosjekter"},"content":{"rendered":"\n<p><strong><u>L\u00d8VEBARNA<\/u><\/strong>&#8211; Eventyr og fortellinger<\/p>\n\n\n\n<p><strong>HVORFOR:&nbsp;<\/strong><\/p>\n\n\n\n<p>I \u00e5r \u00f8nsker vi \u00e5 fortsette med fortellinger og historier. \u00a0\u00a0\u00a0\u00a0\u00a0\u00a0\u00a0\u00a0\u00a0\u00a0\u00a0\u00a0\u00a0\u00a0\u00a0\u00a0\u00a0\u00a0\u00a0\u00a0\u00a0\u00a0\u00a0\u00a0\u00a0\u00a0\u00a0\u00a0\u00a0\u00a0\u00a0\u00a0\u00a0\u00a0\u00a0\u00a0\u00a0\u00a0\u00a0\u00a0\u00a0\u00a0\u00a0\u00a0\u00a0\u00a0\u00a0\u00a0\u00a0\u00a0\u00a0\u00a0\u00a0\u00a0\u00a0\u00a0\u00a0\u00a0\u00a0\u00a0\u00a0\u00a0    Sist barnehage\u00e5r s\u00e5 vi at barna ble veldig fenget av egne oppdiktede fortellinger og historier. Vi fikk blant annet hjelp av KI til \u00e5 illustrere bilder, og lage historier. Vi fikk mange magiske opplevelser, der barna kunne kjenne igjen handlingene i historiene og bildene de selv hadde v\u00e6rt med p\u00e5 \u00e5 bestemme. \u00a0\u00a0\u00a0\u00a0\u00a0\u00a0\u00a0\u00a0\u00a0\u00a0\u00a0\u00a0\u00a0\u00a0\u00a0\u00a0\u00a0\u00a0\u00a0\u00a0\u00a0\u00a0\u00a0\u00a0\u00a0\u00a0\u00a0\u00a0\u00a0\u00a0\u00a0\u00a0\u00a0\u00a0\u00a0\u00a0\u00a0\u00a0\u00a0\u00a0\u00a0\u00a0\u00a0\u00a0\u00a0\u00a0\u00a0\u00a0\u00a0\u00a0\u00a0\u00a0\u00a0\u00a0\u00a0\u00a0\u00a0\u00a0\u00a0\u00a0\u00a0\u00a0\u00a0\u00a0\u00a0\u00a0\u00a0\u00a0                                                                  Barn er kreative og fantasifulle, og den prosessen hjelper barna til \u00e5 forst\u00e5 opplevelsene bedre. Det \u00f8nsker vi \u00e5 ta med videre dette barnehage\u00e5ret.\u00a0 Det \u00e5 skape noe sammen er med p\u00e5 \u00e5 styrke felleskapet og styrker et inkluderende l\u00e6ringsmilj\u00f8.<\/p>\n\n\n\n<p><strong><u>M\u00c5LET<\/u>: <\/strong>Barna skal f\u00e5 en felles leke plattform som stimulerer fantasi, vennskap og spr\u00e5k.<strong>\u00a0\u00a0<\/strong><\/p>\n\n\n\n<p><strong>\u00a0\u00a0\u00a0<\/strong><\/p>\n\n\n\n<p><strong><u>MAURTUA &#8211; SANSING<\/u><\/strong><strong><u><\/u><\/strong><\/p>\n\n\n\n<p><strong>HVORFOR:&nbsp;<\/strong>&nbsp;<\/p>\n\n\n\n<p>Aldersgruppen p\u00e5 Maurtua er typisk sansende. De blir kjent med verden gjennom kroppen sin, og sansestimulering er viktig for utviklingen av kognitive og motoriske ferdigheter. Barna bruker hele seg til \u00e5 finne ut av hvordan ting fungerer. De ser, f\u00f8ler, lukter, smaker og lytter. Derfor \u00f8nsker vi \u00e5 dykke litt ned i temaet sansing og se hva vi kan finne p\u00e5 som fenger barnegruppa.<\/p>\n\n\n\n<p>Sansemotorisk utvikling stimuleres n\u00e5r barnet tar i bruk sanser og bevegelse gjennom sanselek. N\u00e5r barnet erfarer seg selv og verden rundt vil ogs\u00e5 utviklingen av hjernen stimuleres. Vi \u00f8nsker \u00e5 ta i bruk sansemotorisk lek, der kreativitet og fantasi st\u00e5r sentralt.<\/p>\n\n\n\n<p><strong>M\u00c5L: <\/strong><strong><\/strong><\/p>\n\n\n\n<p>At barna skal f\u00e5 erfare og oppleve ulike m\u00e5ter \u00e5 sanse p\u00e5.<\/p>\n\n\n\n<p>At barna skal f\u00e5 positive sanseopplevelser som stimulerer til mer utforskning og lek.<\/p>\n\n\n\n<p>At barna skal f\u00e5 bruke hele kroppen og alle sanser i sine l\u00e6ringsprosesser.<\/p>\n\n\n\n<p><strong>\u00a0\u00a0\u00a0\u00a0\u00a0\u00a0\u00a0\u00a0\u00a0\u00a0\u00a0\u00a0\u00a0\u00a0\u00a0\u00a0\u00a0\u00a0\u00a0\u00a0\u00a0\u00a0\u00a0\u00a0\u00a0\u00a0\u00a0\u00a0\u00a0\u00a0\u00a0\u00a0\u00a0\u00a0\u00a0\u00a0\u00a0\u00a0\u00a0\u00a0\u00a0\u00a0\u00a0\u00a0\u00a0\u00a0\u00a0\u00a0\u00a0\u00a0\u00a0\u00a0\u00a0\u00a0\u00a0\u00a0\u00a0\u00a0\u00a0\u00a0\u00a0 \u00a0\u00a0\u00a0\u00a0\u00a0\u00a0\u00a0\u00a0\u00a0\u00a0\u00a0\u00a0\u00a0\u00a0\u00a0\u00a0\u00a0\u00a0\u00a0\u00a0\u00a0\u00a0\u00a0\u00a0\u00a0\u00a0\u00a0\u00a0\u00a0\u00a0\u00a0\u00a0\u00a0\u00a0\u00a0\u00a0\u00a0\u00a0\u00a0\u00a0\u00a0\u00a0\u00a0\u00a0\u00a0\u00a0\u00a0\u00a0\u00a0\u00a0\u00a0\u00a0\u00a0\u00a0\u00a0\u00a0\u00a0\u00a0\u00a0\u00a0\u00a0\u00a0\u00a0\u00a0\u00a0\u00a0\u00a0\u00a0\u00a0\u00a0\u00a0\u00a0\u00a0\u00a0\u00a0\u00a0<\/strong><\/p>\n\n\n\n<p><\/p>\n","protected":false},"excerpt":{"rendered":"<p>L\u00d8VEBARNA&#8211; Eventyr og fortellinger HVORFOR:&nbsp; I \u00e5r \u00f8nsker vi \u00e5 fortsette med fortellinger og historier. \u00a0\u00a0\u00a0\u00a0\u00a0\u00a0\u00a0\u00a0\u00a0\u00a0\u00a0\u00a0\u00a0\u00a0\u00a0\u00a0\u00a0\u00a0\u00a0\u00a0\u00a0\u00a0\u00a0\u00a0\u00a0\u00a0\u00a0\u00a0\u00a0\u00a0\u00a0\u00a0\u00a0\u00a0\u00a0\u00a0\u00a0\u00a0\u00a0\u00a0\u00a0\u00a0\u00a0\u00a0\u00a0\u00a0\u00a0\u00a0\u00a0\u00a0\u00a0\u00a0\u00a0\u00a0\u00a0\u00a0\u00a0\u00a0\u00a0\u00a0\u00a0\u00a0 Sist barnehage\u00e5r s\u00e5 vi at barna ble veldig fenget av egne oppdiktede fortellinger og historier. Vi fikk blant annet hjelp av KI til \u00e5 illustrere bilder, og lage historier. Vi fikk mange magiske opplevelser, der barna kunne kjenne igjen [&hellip;]<\/p>\n","protected":false},"author":86,"featured_media":0,"parent":0,"menu_order":0,"comment_status":"closed","ping_status":"closed","template":"","meta":{"_acf_changed":false,"_relevanssi_hide_post":"","_relevanssi_hide_content":"","_relevanssi_pin_for_all":"","_relevanssi_pin_keywords":"","_relevanssi_unpin_keywords":"","_relevanssi_related_keywords":"","_relevanssi_related_include_ids":"","_relevanssi_related_exclude_ids":"","_relevanssi_related_no_append":"","_relevanssi_related_not_related":"","_relevanssi_related_posts":"1","_relevanssi_noindex_reason":"","_custom_cards_description":"","footnotes":""},"class_list":["post-169","page","type-page","status-publish","hentry"],"acf":[],"_links":{"self":[{"href":"https:\/\/www.blakors.no\/barnehage-ovrebo\/wp-json\/wp\/v2\/pages\/169","targetHints":{"allow":["GET"]}}],"collection":[{"href":"https:\/\/www.blakors.no\/barnehage-ovrebo\/wp-json\/wp\/v2\/pages"}],"about":[{"href":"https:\/\/www.blakors.no\/barnehage-ovrebo\/wp-json\/wp\/v2\/types\/page"}],"author":[{"embeddable":true,"href":"https:\/\/www.blakors.no\/barnehage-ovrebo\/wp-json\/wp\/v2\/users\/86"}],"replies":[{"embeddable":true,"href":"https:\/\/www.blakors.no\/barnehage-ovrebo\/wp-json\/wp\/v2\/comments?post=169"}],"version-history":[{"count":4,"href":"https:\/\/www.blakors.no\/barnehage-ovrebo\/wp-json\/wp\/v2\/pages\/169\/revisions"}],"predecessor-version":[{"id":485,"href":"https:\/\/www.blakors.no\/barnehage-ovrebo\/wp-json\/wp\/v2\/pages\/169\/revisions\/485"}],"wp:attachment":[{"href":"https:\/\/www.blakors.no\/barnehage-ovrebo\/wp-json\/wp\/v2\/media?parent=169"}],"curies":[{"name":"wp","href":"https:\/\/api.w.org\/{rel}","templated":true}]}}