{"id":36,"date":"2024-04-22T08:58:38","date_gmt":"2024-04-22T08:58:38","guid":{"rendered":"https:\/\/www.blakors.no\/barnehage-ovrebo\/?page_id=36"},"modified":"2025-02-12T10:26:19","modified_gmt":"2025-02-12T10:26:19","slug":"maurtua","status":"publish","type":"page","link":"https:\/\/www.blakors.no\/barnehage-ovrebo\/maurtua\/","title":{"rendered":"Maurtua"},"content":{"rendered":"\n\t<div style=\"--t2-hero-dim:0;\" class=\"t2-hero t2-hero-content-position-center-left t2-hero-has-dim-0 alignfull wp-block-t2-hero has-background has-green-light-background-color\">\n\t\t\n\t\t<div class=\"t2-hero__header\"><div class=\"t2-hero__header__content\">\n\n<h1 id=\"maurtua\"  class=\"wp-block-heading\" >Maurtua<\/h1>\n\n\n\n<p>Maurtua er avdelingen for barn mellom 1 og 3 \u00e5r.<\/p>\n\n<\/div><\/div>\n\t<\/div>\n\n\n<div class=\"wp-block-lib-header alignfull hide\"><div class=\"image-wrapper\"><img decoding=\"async\" src=\"https:\/\/www.blakors.no\/content\/uploads\/sites\/51\/2024\/04\/ovrebo-barnehage-maurtua-inngang-1-1.jpeg\" alt=\"header\"\/><\/div><div class=\"header-innercontent\"><\/div><\/div>\n\n\n\n<p>Avdeling Maurtua 1-3 \u00e5r<\/p>\n\n\n\n<p>I \u00d8vreb\u00f8 barnehage har vi fokus p\u00e5 lek, vennskap og inkludering. Vi har flere rom tilgjengelige s\u00e5 vi kan dele gruppa i enten lek, formingsaktiviteter eller annet. Gjennom hele \u00e5ret blir ogs\u00e5 barna kjent med ulike eventyr \/ fortellinger, som er v\u00e5rt tema i \u00e5r.<\/p>\n\n\n\n<p>Et par dager i uka deler vi gruppa i to, hvor den ene gruppa har formingsaktivitet og den andre gruppa er p\u00e5 tur.<\/p>\n\n\n\n<p>H\u00f8st og v\u00e5r blir det mye utetid p\u00e5 de minste ogs\u00e5, og vi er sammen med stor avdeling i utetida.<\/p>\n\n\n\n<p>Vi \u00f8nsker at v\u00e5re sm\u00e5 skal f\u00f8le seg trygge og f\u00e5 gode barndomsminner fra \u00d8vreb\u00f8 barnehage.<\/p>\n\n\n\n<figure class=\"wp-block-gallery has-nested-images columns-default is-cropped wp-block-gallery-1 is-layout-flex wp-block-gallery-is-layout-flex\">\n<figure class=\"wp-block-image size-large\"><img loading=\"lazy\" decoding=\"async\" width=\"480\" height=\"640\" data-id=\"16\" src=\"https:\/\/www.blakors.no\/content\/uploads\/sites\/51\/2024\/04\/ovrebo-barnehage-maurtua-inngang-.jpeg\" alt=\"\" class=\"wp-image-16\" srcset=\"https:\/\/www.blakors.no\/content\/uploads\/sites\/51\/2024\/04\/ovrebo-barnehage-maurtua-inngang-.jpeg 480w, https:\/\/www.blakors.no\/content\/uploads\/sites\/51\/2024\/04\/ovrebo-barnehage-maurtua-inngang--225x300.jpeg 225w\" sizes=\"auto, (max-width: 480px) 100vw, 480px\" \/><\/figure>\n<\/figure>\n\n\n\n<figure class=\"wp-block-image is-resized\"><img loading=\"lazy\" decoding=\"async\" width=\"480\" height=\"640\" src=\"https:\/\/www.blakors.no\/content\/uploads\/sites\/51\/2025\/02\/IMG_40511-2-rotated.jpg\" alt=\"\" class=\"wp-image-271\" style=\"width:800px;height:auto\" srcset=\"https:\/\/www.blakors.no\/content\/uploads\/sites\/51\/2025\/02\/IMG_40511-2-rotated.jpg 480w, https:\/\/www.blakors.no\/content\/uploads\/sites\/51\/2025\/02\/IMG_40511-2-225x300.jpg 225w\" sizes=\"auto, (max-width: 480px) 100vw, 480px\" \/><figcaption class=\"wp-element-caption\">IMG_40511-2<\/figcaption><\/figure>\n\n\n\n<figure class=\"wp-block-image\"><img loading=\"lazy\" decoding=\"async\" width=\"640\" height=\"480\" src=\"https:\/\/www.blakors.no\/content\/uploads\/sites\/51\/2025\/02\/IMG_4052.jpg\" alt=\"\" class=\"wp-image-273\" srcset=\"https:\/\/www.blakors.no\/content\/uploads\/sites\/51\/2025\/02\/IMG_4052.jpg 640w, https:\/\/www.blakors.no\/content\/uploads\/sites\/51\/2025\/02\/IMG_4052-300x225.jpg 300w\" sizes=\"auto, (max-width: 640px) 100vw, 640px\" \/><figcaption class=\"wp-element-caption\">IMG_4052<\/figcaption><\/figure>\n\n\n\n<figure class=\"wp-block-image\"><img loading=\"lazy\" decoding=\"async\" width=\"640\" height=\"480\" src=\"https:\/\/www.blakors.no\/content\/uploads\/sites\/51\/2025\/02\/IMG_4057.jpg\" alt=\"\" class=\"wp-image-277\" srcset=\"https:\/\/www.blakors.no\/content\/uploads\/sites\/51\/2025\/02\/IMG_4057.jpg 640w, https:\/\/www.blakors.no\/content\/uploads\/sites\/51\/2025\/02\/IMG_4057-300x225.jpg 300w\" sizes=\"auto, (max-width: 640px) 100vw, 640px\" \/><figcaption class=\"wp-element-caption\">IMG_4057<\/figcaption><\/figure>\n\n\n\n<figure class=\"wp-block-image\"><img loading=\"lazy\" decoding=\"async\" width=\"640\" height=\"480\" src=\"https:\/\/www.blakors.no\/content\/uploads\/sites\/51\/2025\/02\/IMG_4056.jpg\" alt=\"\" class=\"wp-image-280\" srcset=\"https:\/\/www.blakors.no\/content\/uploads\/sites\/51\/2025\/02\/IMG_4056.jpg 640w, https:\/\/www.blakors.no\/content\/uploads\/sites\/51\/2025\/02\/IMG_4056-300x225.jpg 300w\" sizes=\"auto, (max-width: 640px) 100vw, 640px\" \/><figcaption class=\"wp-element-caption\">IMG_4056<\/figcaption><\/figure>\n","protected":false},"excerpt":{"rendered":"<p>Avdeling Maurtua 1-3 \u00e5r I \u00d8vreb\u00f8 barnehage har vi fokus p\u00e5 lek, vennskap og inkludering. Vi har flere rom tilgjengelige s\u00e5 vi kan dele gruppa i enten lek, formingsaktiviteter eller annet. Gjennom hele \u00e5ret blir ogs\u00e5 barna kjent med ulike eventyr \/ fortellinger, som er v\u00e5rt tema i \u00e5r. Et par dager i uka deler [&hellip;]<\/p>\n","protected":false},"author":86,"featured_media":62,"parent":0,"menu_order":0,"comment_status":"closed","ping_status":"closed","template":"","meta":{"_acf_changed":false,"_relevanssi_hide_post":"","_relevanssi_hide_content":"","_relevanssi_pin_for_all":"","_relevanssi_pin_keywords":"","_relevanssi_unpin_keywords":"","_relevanssi_related_keywords":"","_relevanssi_related_include_ids":"","_relevanssi_related_exclude_ids":"","_relevanssi_related_no_append":"","_relevanssi_related_not_related":"","_relevanssi_related_posts":"1","_relevanssi_noindex_reason":"","_custom_cards_description":"","footnotes":""},"class_list":["post-36","page","type-page","status-publish","has-post-thumbnail","hentry"],"acf":[],"_links":{"self":[{"href":"https:\/\/www.blakors.no\/barnehage-ovrebo\/wp-json\/wp\/v2\/pages\/36","targetHints":{"allow":["GET"]}}],"collection":[{"href":"https:\/\/www.blakors.no\/barnehage-ovrebo\/wp-json\/wp\/v2\/pages"}],"about":[{"href":"https:\/\/www.blakors.no\/barnehage-ovrebo\/wp-json\/wp\/v2\/types\/page"}],"author":[{"embeddable":true,"href":"https:\/\/www.blakors.no\/barnehage-ovrebo\/wp-json\/wp\/v2\/users\/86"}],"replies":[{"embeddable":true,"href":"https:\/\/www.blakors.no\/barnehage-ovrebo\/wp-json\/wp\/v2\/comments?post=36"}],"version-history":[{"count":4,"href":"https:\/\/www.blakors.no\/barnehage-ovrebo\/wp-json\/wp\/v2\/pages\/36\/revisions"}],"predecessor-version":[{"id":281,"href":"https:\/\/www.blakors.no\/barnehage-ovrebo\/wp-json\/wp\/v2\/pages\/36\/revisions\/281"}],"wp:featuredmedia":[{"embeddable":true,"href":"https:\/\/www.blakors.no\/barnehage-ovrebo\/wp-json\/wp\/v2\/media\/62"}],"wp:attachment":[{"href":"https:\/\/www.blakors.no\/barnehage-ovrebo\/wp-json\/wp\/v2\/media?parent=36"}],"curies":[{"name":"wp","href":"https:\/\/api.w.org\/{rel}","templated":true}]}}