{"id":38,"date":"2024-04-22T08:59:02","date_gmt":"2024-04-22T08:59:02","guid":{"rendered":"https:\/\/www.blakors.no\/barnehage-ovrebo\/?page_id=38"},"modified":"2025-02-06T12:39:29","modified_gmt":"2025-02-06T12:39:29","slug":"lovebarna","status":"publish","type":"page","link":"https:\/\/www.blakors.no\/barnehage-ovrebo\/lovebarna\/","title":{"rendered":"L\u00f8vebarna"},"content":{"rendered":"\n\t<div style=\"--t2-hero-dim:0;\" class=\"t2-hero t2-hero-content-position-center-left t2-hero-has-dim-0 alignfull wp-block-t2-hero has-background has-green-light-background-color\">\n\t\t\n\t\t<div class=\"t2-hero__header\"><div class=\"t2-hero__header__content\">\n\n<h1 id=\"lovebarna\"  class=\"wp-block-heading\" >L\u00f8vebarna<\/h1>\n\n\n\n<p>L\u00f8vebarna er avdelingen for barn mellom 3 og 6 \u00e5r.<\/p>\n\n<\/div><\/div>\n\t<\/div>\n\n\n<h2 id=\"lovebarna\"  class=\"wp-block-heading\" >L\u00f8vebarna <\/h2>\n\n\n\n<p>Hvert \u00e5r har vi et tema som blir utgangspunkt i mange av aktivitetene vi gj\u00f8r. I tillegg har vi stort fokus p\u00e5 lek, vennskap, inkludering og tilh\u00f8righet. Vi jobber for et inkluderende, trygt og godt l\u00e6ringsmilj\u00f8, der de voksne er varme grensesettere.<\/p>\n\n\n\n<p><strong>L\u00f8vebarna er delt opp i tre grupper:<\/strong> <\/p>\n\n\n\n<h3 id=\"ekornbarna\"  class=\"wp-block-heading\" ><strong>Ekornbarna<\/strong><\/h3>\n\n\n\n<p>Ekornbarna- 3 \u00e5ringene<\/p>\n\n\n\n<div class=\"wp-block-lib-header alignfull hide\"><div class=\"header-innercontent\"><\/div><\/div>\n\n\n\n<h3 id=\"revungene\"  class=\"wp-block-heading\" ><strong>Revungene<\/strong><\/h3>\n\n\n\n<p>Reveungene- 4 \u00e5ringene<\/p>\n\n\n\n<p>Reveungene og Ekornbarna har turdag en dag i uken. Hvordan vi l\u00f8ser hvem som er p\u00e5 tur sammen er litt forskjellig fra \u00e5r til \u00e5r, avhenger hvor store de ulike gruppene er. Vi deler ogs\u00e5 inn i voksenstyrte grupper en dag i uka. Da gj\u00f8r vi formingsaktiviteter, leker, leser bok, forteller eventyr, gymsal, o.l.<\/p>\n\n\n\n<h3 id=\"rosarussen\"  class=\"wp-block-heading\" ><strong>Rosarussen<\/strong><\/h3>\n\n\n\n<p>Rosarussen- 5 \u00e5ringene (Skolestarterne)<\/p>\n\n\n\n<p>De har utegruppe 3 dager i uka. Da har vi base i gapahuken v\u00e5r, hvor vi ogs\u00e5 har ei brakke med varme og toalett. En til to ganger i uka har vi en egen rosarussgruppe hvor det jobbes med skoleforbredene aktiviteter som; spill, rollelek, oppgaveark, formingsaktiviteter, lese b\u00f8ker o.l<\/p>\n\n\n\n<div class=\"blakors-slideshow \"  itemscope itemtype=\"http:\/\/schema.org\/ImageGallery\">\n\t\t\t<figure\n\t\t\tclass=\"slideshow-item \" \n\t\t\titemprop=\"associatedMedia\"\n\t\t\titemscope\n\t\t\titemtype=\"http:\/\/schema.org\/ImageObject\"\n\t\t>\n\t\t\t<img loading=\"lazy\" decoding=\"async\" width=\"480\" height=\"640\" src=\"https:\/\/www.blakors.no\/content\/uploads\/sites\/51\/2024\/04\/ovrebo-barnehage-lovebarne-inngangspart-1.jpeg\" class=\"attachment-full size-full\" alt=\"l\u00f8vebarna inngangsparti\" itemprop=\"medium\" srcset=\"https:\/\/www.blakors.no\/content\/uploads\/sites\/51\/2024\/04\/ovrebo-barnehage-lovebarne-inngangspart-1.jpeg 480w, https:\/\/www.blakors.no\/content\/uploads\/sites\/51\/2024\/04\/ovrebo-barnehage-lovebarne-inngangspart-1-225x300.jpeg 225w\" sizes=\"auto, (max-width: 480px) 100vw, 480px\" \/>\t\t<\/figure>\n\t\t\t\t<figure\n\t\t\tclass=\"slideshow-item \" \n\t\t\titemprop=\"associatedMedia\"\n\t\t\titemscope\n\t\t\titemtype=\"http:\/\/schema.org\/ImageObject\"\n\t\t>\n\t\t\t<img loading=\"lazy\" decoding=\"async\" width=\"480\" height=\"640\" src=\"https:\/\/www.blakors.no\/content\/uploads\/sites\/51\/2024\/04\/ovrebo-barnehage-lovebarna-avdeling-6-1.jpeg\" class=\"attachment-full size-full\" alt=\"avdeling l\u00f8vebarna lekeomr\u00e5de\" itemprop=\"medium\" srcset=\"https:\/\/www.blakors.no\/content\/uploads\/sites\/51\/2024\/04\/ovrebo-barnehage-lovebarna-avdeling-6-1.jpeg 480w, https:\/\/www.blakors.no\/content\/uploads\/sites\/51\/2024\/04\/ovrebo-barnehage-lovebarna-avdeling-6-1-225x300.jpeg 225w\" sizes=\"auto, (max-width: 480px) 100vw, 480px\" \/>\t\t<\/figure>\n\t\t\t\t<figure\n\t\t\tclass=\"slideshow-item \" \n\t\t\titemprop=\"associatedMedia\"\n\t\t\titemscope\n\t\t\titemtype=\"http:\/\/schema.org\/ImageObject\"\n\t\t>\n\t\t\t<img loading=\"lazy\" decoding=\"async\" width=\"480\" height=\"640\" src=\"https:\/\/www.blakors.no\/content\/uploads\/sites\/51\/2024\/04\/ovrebo-barnehage-lovebarna-avdeling-4-1.jpeg\" class=\"attachment-full size-full\" alt=\"avdeling l\u00f8vebarna lekeomr\u00e5de\" itemprop=\"medium\" srcset=\"https:\/\/www.blakors.no\/content\/uploads\/sites\/51\/2024\/04\/ovrebo-barnehage-lovebarna-avdeling-4-1.jpeg 480w, https:\/\/www.blakors.no\/content\/uploads\/sites\/51\/2024\/04\/ovrebo-barnehage-lovebarna-avdeling-4-1-225x300.jpeg 225w\" sizes=\"auto, (max-width: 480px) 100vw, 480px\" \/>\t\t<\/figure>\n\t\t\t\t<figure\n\t\t\tclass=\"slideshow-item \" \n\t\t\titemprop=\"associatedMedia\"\n\t\t\titemscope\n\t\t\titemtype=\"http:\/\/schema.org\/ImageObject\"\n\t\t>\n\t\t\t<img loading=\"lazy\" decoding=\"async\" width=\"480\" height=\"640\" src=\"https:\/\/www.blakors.no\/content\/uploads\/sites\/51\/2025\/01\/IMG_3653-2-rotated.jpg\" class=\"attachment-full size-full\" alt=\"\" itemprop=\"medium\" srcset=\"https:\/\/www.blakors.no\/content\/uploads\/sites\/51\/2025\/01\/IMG_3653-2-rotated.jpg 480w, https:\/\/www.blakors.no\/content\/uploads\/sites\/51\/2025\/01\/IMG_3653-2-225x300.jpg 225w\" sizes=\"auto, (max-width: 480px) 100vw, 480px\" \/>\t\t<\/figure>\n\t\t\t\t<figure\n\t\t\tclass=\"slideshow-item \" \n\t\t\titemprop=\"associatedMedia\"\n\t\t\titemscope\n\t\t\titemtype=\"http:\/\/schema.org\/ImageObject\"\n\t\t>\n\t\t\t<img loading=\"lazy\" decoding=\"async\" width=\"480\" height=\"640\" src=\"https:\/\/www.blakors.no\/content\/uploads\/sites\/51\/2025\/01\/IMG_3654-rotated.jpg\" class=\"attachment-full size-full\" alt=\"\" itemprop=\"medium\" srcset=\"https:\/\/www.blakors.no\/content\/uploads\/sites\/51\/2025\/01\/IMG_3654-rotated.jpg 480w, https:\/\/www.blakors.no\/content\/uploads\/sites\/51\/2025\/01\/IMG_3654-225x300.jpg 225w\" sizes=\"auto, (max-width: 480px) 100vw, 480px\" \/>\t\t<\/figure>\n\t\t\t\t<figure\n\t\t\tclass=\"slideshow-item \" \n\t\t\titemprop=\"associatedMedia\"\n\t\t\titemscope\n\t\t\titemtype=\"http:\/\/schema.org\/ImageObject\"\n\t\t>\n\t\t\t<img loading=\"lazy\" decoding=\"async\" width=\"480\" height=\"640\" src=\"https:\/\/www.blakors.no\/content\/uploads\/sites\/51\/2025\/01\/IMG_3655-1-rotated.jpg\" class=\"attachment-full size-full\" alt=\"\" itemprop=\"medium\" srcset=\"https:\/\/www.blakors.no\/content\/uploads\/sites\/51\/2025\/01\/IMG_3655-1-rotated.jpg 480w, https:\/\/www.blakors.no\/content\/uploads\/sites\/51\/2025\/01\/IMG_3655-1-225x300.jpg 225w\" sizes=\"auto, (max-width: 480px) 100vw, 480px\" \/>\t\t<\/figure>\n\t\t\t\t<figure\n\t\t\tclass=\"slideshow-item \" \n\t\t\titemprop=\"associatedMedia\"\n\t\t\titemscope\n\t\t\titemtype=\"http:\/\/schema.org\/ImageObject\"\n\t\t>\n\t\t\t<img loading=\"lazy\" decoding=\"async\" width=\"480\" height=\"640\" src=\"https:\/\/www.blakors.no\/content\/uploads\/sites\/51\/2025\/01\/IMG_3659-rotated.jpg\" class=\"attachment-full size-full\" alt=\"\" itemprop=\"medium\" srcset=\"https:\/\/www.blakors.no\/content\/uploads\/sites\/51\/2025\/01\/IMG_3659-rotated.jpg 480w, https:\/\/www.blakors.no\/content\/uploads\/sites\/51\/2025\/01\/IMG_3659-225x300.jpg 225w\" sizes=\"auto, (max-width: 480px) 100vw, 480px\" \/>\t\t<\/figure>\n\t\t\t\t<figure\n\t\t\tclass=\"slideshow-item is-initial-select\" \n\t\t\titemprop=\"associatedMedia\"\n\t\t\titemscope\n\t\t\titemtype=\"http:\/\/schema.org\/ImageObject\"\n\t\t>\n\t\t\t<img loading=\"lazy\" decoding=\"async\" width=\"480\" height=\"640\" src=\"https:\/\/www.blakors.no\/content\/uploads\/sites\/51\/2025\/01\/IMG_3660-rotated.jpg\" class=\"attachment-full size-full\" alt=\"\" itemprop=\"medium\" srcset=\"https:\/\/www.blakors.no\/content\/uploads\/sites\/51\/2025\/01\/IMG_3660-rotated.jpg 480w, https:\/\/www.blakors.no\/content\/uploads\/sites\/51\/2025\/01\/IMG_3660-225x300.jpg 225w\" sizes=\"auto, (max-width: 480px) 100vw, 480px\" \/>\t\t<\/figure>\n\t\t\t\t<figure\n\t\t\tclass=\"slideshow-item \" \n\t\t\titemprop=\"associatedMedia\"\n\t\t\titemscope\n\t\t\titemtype=\"http:\/\/schema.org\/ImageObject\"\n\t\t>\n\t\t\t<img loading=\"lazy\" decoding=\"async\" width=\"480\" height=\"640\" src=\"https:\/\/www.blakors.no\/content\/uploads\/sites\/51\/2025\/01\/IMG_3662-rotated.jpg\" class=\"attachment-full size-full\" alt=\"\" itemprop=\"medium\" srcset=\"https:\/\/www.blakors.no\/content\/uploads\/sites\/51\/2025\/01\/IMG_3662-rotated.jpg 480w, https:\/\/www.blakors.no\/content\/uploads\/sites\/51\/2025\/01\/IMG_3662-225x300.jpg 225w\" sizes=\"auto, (max-width: 480px) 100vw, 480px\" \/>\t\t<\/figure>\n\t\t\t\t<figure\n\t\t\tclass=\"slideshow-item \" \n\t\t\titemprop=\"associatedMedia\"\n\t\t\titemscope\n\t\t\titemtype=\"http:\/\/schema.org\/ImageObject\"\n\t\t>\n\t\t\t<img loading=\"lazy\" decoding=\"async\" width=\"480\" height=\"640\" src=\"https:\/\/www.blakors.no\/content\/uploads\/sites\/51\/2025\/01\/IMG_3663-rotated.jpg\" class=\"attachment-full size-full\" alt=\"\" itemprop=\"medium\" srcset=\"https:\/\/www.blakors.no\/content\/uploads\/sites\/51\/2025\/01\/IMG_3663-rotated.jpg 480w, https:\/\/www.blakors.no\/content\/uploads\/sites\/51\/2025\/01\/IMG_3663-225x300.jpg 225w\" sizes=\"auto, (max-width: 480px) 100vw, 480px\" \/>\t\t<\/figure>\n\t\t\t\t<figure\n\t\t\tclass=\"slideshow-item \" \n\t\t\titemprop=\"associatedMedia\"\n\t\t\titemscope\n\t\t\titemtype=\"http:\/\/schema.org\/ImageObject\"\n\t\t>\n\t\t\t<img loading=\"lazy\" decoding=\"async\" width=\"480\" height=\"640\" src=\"https:\/\/www.blakors.no\/content\/uploads\/sites\/51\/2025\/01\/IMG_3661-rotated.jpg\" class=\"attachment-full size-full\" alt=\"\" itemprop=\"medium\" srcset=\"https:\/\/www.blakors.no\/content\/uploads\/sites\/51\/2025\/01\/IMG_3661-rotated.jpg 480w, https:\/\/www.blakors.no\/content\/uploads\/sites\/51\/2025\/01\/IMG_3661-225x300.jpg 225w\" sizes=\"auto, (max-width: 480px) 100vw, 480px\" \/>\t\t<\/figure>\n\t\t\t\t<figure\n\t\t\tclass=\"slideshow-item \" \n\t\t\titemprop=\"associatedMedia\"\n\t\t\titemscope\n\t\t\titemtype=\"http:\/\/schema.org\/ImageObject\"\n\t\t>\n\t\t\t<img loading=\"lazy\" decoding=\"async\" width=\"640\" height=\"480\" src=\"https:\/\/www.blakors.no\/content\/uploads\/sites\/51\/2024\/04\/ovrebo-barnehage-lovebarna-avdeling-1-1.jpeg\" class=\"attachment-full size-full\" alt=\"avdeling l\u00f8vebarna lekeomr\u00e5de\" itemprop=\"medium\" srcset=\"https:\/\/www.blakors.no\/content\/uploads\/sites\/51\/2024\/04\/ovrebo-barnehage-lovebarna-avdeling-1-1.jpeg 640w, https:\/\/www.blakors.no\/content\/uploads\/sites\/51\/2024\/04\/ovrebo-barnehage-lovebarna-avdeling-1-1-300x225.jpeg 300w\" sizes=\"auto, (max-width: 640px) 100vw, 640px\" \/>\t\t<\/figure>\n\t\t\t\t<figure\n\t\t\tclass=\"slideshow-item \" \n\t\t\titemprop=\"associatedMedia\"\n\t\t\titemscope\n\t\t\titemtype=\"http:\/\/schema.org\/ImageObject\"\n\t\t>\n\t\t\t<img loading=\"lazy\" decoding=\"async\" width=\"480\" height=\"640\" src=\"https:\/\/www.blakors.no\/content\/uploads\/sites\/51\/2025\/01\/IMG_3657-rotated.jpg\" class=\"attachment-full size-full\" alt=\"\" itemprop=\"medium\" srcset=\"https:\/\/www.blakors.no\/content\/uploads\/sites\/51\/2025\/01\/IMG_3657-rotated.jpg 480w, https:\/\/www.blakors.no\/content\/uploads\/sites\/51\/2025\/01\/IMG_3657-225x300.jpg 225w\" sizes=\"auto, (max-width: 480px) 100vw, 480px\" \/>\t\t<\/figure>\n\t\t\t\t<figure\n\t\t\tclass=\"slideshow-item \" \n\t\t\titemprop=\"associatedMedia\"\n\t\t\titemscope\n\t\t\titemtype=\"http:\/\/schema.org\/ImageObject\"\n\t\t>\n\t\t\t<img loading=\"lazy\" decoding=\"async\" width=\"480\" height=\"640\" src=\"https:\/\/www.blakors.no\/content\/uploads\/sites\/51\/2025\/01\/IMG_3658-rotated.jpg\" class=\"attachment-full size-full\" alt=\"\" itemprop=\"medium\" srcset=\"https:\/\/www.blakors.no\/content\/uploads\/sites\/51\/2025\/01\/IMG_3658-rotated.jpg 480w, https:\/\/www.blakors.no\/content\/uploads\/sites\/51\/2025\/01\/IMG_3658-225x300.jpg 225w\" sizes=\"auto, (max-width: 480px) 100vw, 480px\" \/>\t\t<\/figure>\n\t\t\t\t<figure\n\t\t\tclass=\"slideshow-item \" \n\t\t\titemprop=\"associatedMedia\"\n\t\t\titemscope\n\t\t\titemtype=\"http:\/\/schema.org\/ImageObject\"\n\t\t>\n\t\t\t<img loading=\"lazy\" decoding=\"async\" width=\"480\" height=\"640\" src=\"https:\/\/www.blakors.no\/content\/uploads\/sites\/51\/2025\/01\/IMG_3656-rotated.jpg\" class=\"attachment-full size-full\" alt=\"\" itemprop=\"medium\" srcset=\"https:\/\/www.blakors.no\/content\/uploads\/sites\/51\/2025\/01\/IMG_3656-rotated.jpg 480w, https:\/\/www.blakors.no\/content\/uploads\/sites\/51\/2025\/01\/IMG_3656-225x300.jpg 225w\" sizes=\"auto, (max-width: 480px) 100vw, 480px\" \/>\t\t<\/figure>\n\t\t\t\t<figure\n\t\t\tclass=\"slideshow-item \" \n\t\t\titemprop=\"associatedMedia\"\n\t\t\titemscope\n\t\t\titemtype=\"http:\/\/schema.org\/ImageObject\"\n\t\t>\n\t\t\t<img loading=\"lazy\" decoding=\"async\" width=\"480\" height=\"640\" src=\"https:\/\/www.blakors.no\/content\/uploads\/sites\/51\/2025\/01\/IMG_3664-rotated.jpg\" class=\"attachment-full size-full\" alt=\"\" itemprop=\"medium\" srcset=\"https:\/\/www.blakors.no\/content\/uploads\/sites\/51\/2025\/01\/IMG_3664-rotated.jpg 480w, https:\/\/www.blakors.no\/content\/uploads\/sites\/51\/2025\/01\/IMG_3664-225x300.jpg 225w\" sizes=\"auto, (max-width: 480px) 100vw, 480px\" \/>\t\t<\/figure>\n\t\t<\/div>\n","protected":false},"excerpt":{"rendered":"<p>L\u00f8vebarna Hvert \u00e5r har vi et tema som blir utgangspunkt i mange av aktivitetene vi gj\u00f8r. I tillegg har vi stort fokus p\u00e5 lek, vennskap, inkludering og tilh\u00f8righet. Vi jobber for et inkluderende, trygt og godt l\u00e6ringsmilj\u00f8, der de voksne er varme grensesettere. L\u00f8vebarna er delt opp i tre grupper: Ekornbarna Ekornbarna- 3 \u00e5ringene Revungene [&hellip;]<\/p>\n","protected":false},"author":86,"featured_media":0,"parent":0,"menu_order":0,"comment_status":"closed","ping_status":"closed","template":"","meta":{"_acf_changed":false,"_relevanssi_hide_post":"","_relevanssi_hide_content":"","_relevanssi_pin_for_all":"","_relevanssi_pin_keywords":"","_relevanssi_unpin_keywords":"","_relevanssi_related_keywords":"","_relevanssi_related_include_ids":"","_relevanssi_related_exclude_ids":"","_relevanssi_related_no_append":"","_relevanssi_related_not_related":"","_relevanssi_related_posts":"1","_relevanssi_noindex_reason":"","_custom_cards_description":"","footnotes":""},"class_list":["post-38","page","type-page","status-publish","hentry"],"acf":[],"_links":{"self":[{"href":"https:\/\/www.blakors.no\/barnehage-ovrebo\/wp-json\/wp\/v2\/pages\/38","targetHints":{"allow":["GET"]}}],"collection":[{"href":"https:\/\/www.blakors.no\/barnehage-ovrebo\/wp-json\/wp\/v2\/pages"}],"about":[{"href":"https:\/\/www.blakors.no\/barnehage-ovrebo\/wp-json\/wp\/v2\/types\/page"}],"author":[{"embeddable":true,"href":"https:\/\/www.blakors.no\/barnehage-ovrebo\/wp-json\/wp\/v2\/users\/86"}],"replies":[{"embeddable":true,"href":"https:\/\/www.blakors.no\/barnehage-ovrebo\/wp-json\/wp\/v2\/comments?post=38"}],"version-history":[{"count":4,"href":"https:\/\/www.blakors.no\/barnehage-ovrebo\/wp-json\/wp\/v2\/pages\/38\/revisions"}],"predecessor-version":[{"id":261,"href":"https:\/\/www.blakors.no\/barnehage-ovrebo\/wp-json\/wp\/v2\/pages\/38\/revisions\/261"}],"wp:attachment":[{"href":"https:\/\/www.blakors.no\/barnehage-ovrebo\/wp-json\/wp\/v2\/media?parent=38"}],"curies":[{"name":"wp","href":"https:\/\/api.w.org\/{rel}","templated":true}]}}