{"id":82,"date":"2024-05-31T08:18:29","date_gmt":"2024-05-31T08:18:29","guid":{"rendered":"https:\/\/www.blakors.no\/barnehage-ovrebo\/?page_id=82"},"modified":"2026-02-25T13:27:44","modified_gmt":"2026-02-25T13:27:44","slug":"nyttig-informasjon","status":"publish","type":"page","link":"https:\/\/www.blakors.no\/barnehage-ovrebo\/nyttig-informasjon\/","title":{"rendered":"Nyttig informasjon"},"content":{"rendered":"\n<div class=\"wp-block-lib-header alignfull hide\"><div class=\"header-innercontent\"><\/div><\/div>\n\n\n\n<p><strong>Planleggingsdager 2025\/26 (barnehagen er da stengt)<\/strong><\/p>\n\n\n\n<ul class=\"wp-block-list\">\n<li><strong>Fredag 07. november 2025<\/strong><\/li>\n\n\n\n<li><strong>Fredag  02. januar 2026<\/strong><\/li>\n\n\n\n<li><strong>Fredag 15. mai 2026<\/strong><\/li>\n<\/ul>\n\n\n\n<h2 id=\"informasjonshefte\"  class=\"wp-block-heading\" >Informasjonshefte<\/h2>\n\n\n\n<p>Informasjonshefte for deg som har\/skal ha barn i \u00d8vreb\u00f8 barnehage.<br>Her st\u00e5r mye nyttig informasjon, som kan v\u00e6re lurt \u00e5 f\u00e5 med seg.<\/p>\n\n\n<ul class=\"t2-link-list has-1-items has-auto-columns wp-block-t2-link-list\">\n\t<li class=\"has-background has-lila-light-background-color t2-link-list-item wp-block-t2-link-list-item\">\n\t\t<a\n\t\t\thref=\"https:\/\/www.blakors.no\/barnehage-ovrebo\/informasjon\/\"\n\t\t\tclass=\"t2-link-list-item__link t2-link-list__icon--right\"\n\t\t\t\t\t>\n\t\t\t<span class=\"t2-link-list-item__icon\"><span class=\"t2-link-list-item__icon-box\"><\/span><svg xmlns=\"http:\/\/www.w3.org\/2000\/svg\" viewBox=\"0 0 24 24\" height=\"24\" width=\"24\" class=\"t2-icon t2-icon-arrowforward\" aria-hidden=\"true\" focusable=\"false\"><path d=\"M11.3 19.3c-.2-.2-.3-.4-.3-.7 0-.3.1-.5.3-.7l4.9-4.9H5c-.3 0-.5-.1-.7-.3-.2-.2-.3-.4-.3-.7s.1-.5.3-.7c.2-.2.4-.3.7-.3h11.2l-4.9-4.9c-.2-.2-.3-.4-.3-.7 0-.3.1-.5.3-.7.2-.2.4-.3.7-.3s.5.1.7.3l6.6 6.6c.1.1.2.2.2.3 0 .1.1.3.1.4 0 .1 0 .3-.1.4 0 .1-.1.2-.2.3l-6.6 6.6c-.2.2-.4.3-.7.3s-.5-.1-.7-.3z\" fill=\"currentColor\" \/><\/svg><\/span>\t\t\t<div class=\"t2-link-list-item__content\">\n\n\t\t\t\t\n\t\t\t\t<span id=\"link-list-item-text\" class=\"t2-link-list-item__text\">\n\t\t\t\t\tInformasjonshefte\t\t\t\t<\/span>\n\t\t\t\t\t\t\t<\/div>\n\t\t<\/a>\n\t<\/li>\n\t\n<\/ul>\n\n\n<h2 id=\"arsplan\"  class=\"wp-block-heading\" >\u00c5rsplan<\/h2>\n\n\n<ul class=\"t2-link-list has-1-items has-auto-columns wp-block-t2-link-list\">\n\t<li class=\"has-background has-lila-light-background-color t2-link-list-item wp-block-t2-link-list-item\">\n\t\t<a\n\t\t\thref=\"https:\/\/www.blakors.no\/content\/uploads\/sites\/51\/2025\/08\/ARSPLAN-2025-2026-3.docx\"\n\t\t\tclass=\"t2-link-list-item__link t2-link-list__icon--right\"\n\t\t\t\t\t>\n\t\t\t<span class=\"t2-link-list-item__icon\"><span class=\"t2-link-list-item__icon-box\"><\/span><svg xmlns=\"http:\/\/www.w3.org\/2000\/svg\" viewBox=\"0 0 24 24\" height=\"24\" width=\"24\" class=\"t2-icon t2-icon-arrowforward\" aria-hidden=\"true\" focusable=\"false\"><path d=\"M11.3 19.3c-.2-.2-.3-.4-.3-.7 0-.3.1-.5.3-.7l4.9-4.9H5c-.3 0-.5-.1-.7-.3-.2-.2-.3-.4-.3-.7s.1-.5.3-.7c.2-.2.4-.3.7-.3h11.2l-4.9-4.9c-.2-.2-.3-.4-.3-.7 0-.3.1-.5.3-.7.2-.2.4-.3.7-.3s.5.1.7.3l6.6 6.6c.1.1.2.2.2.3 0 .1.1.3.1.4 0 .1 0 .3-.1.4 0 .1-.1.2-.2.3l-6.6 6.6c-.2.2-.4.3-.7.3s-.5-.1-.7-.3z\" fill=\"currentColor\" \/><\/svg><\/span>\t\t\t<div class=\"t2-link-list-item__content\">\n\n\t\t\t\t\n\t\t\t\t<span id=\"link-list-item-text-1\" class=\"t2-link-list-item__text\">\n\t\t\t\t\t\u00c5rsplan\t\t\t\t<\/span>\n\t\t\t\t\t\t\t<\/div>\n\t\t<\/a>\n\t<\/li>\n\t\n<\/ul>\n\n<div class=\"wp-block-blakors-locations-list\" id=\"blakors-locations-list-1\"><div class=\"blakors-location-list__map\" data-addresses=\"[{&quot;address&quot;:&quot;Loland, 4715 \\u00d8vreb\\u00f8&quot;,&quot;description&quot;:&quot;Lolandskollen 24, 4715 \\u00d8vreb\\u00f8, Norge&quot;,&quot;lat&quot;:58.28789940000001,&quot;lng&quot;:7.875788799999999,&quot;email&quot;:&quot;ovrebobarnehage@blakors.no&quot;,&quot;phone&quot;:&quot;480 85 160&quot;,&quot;placeId&quot;:&quot;ChIJtRqZE0MaOEYRIXK3wPrQk_A&quot;,&quot;postId&quot;:52223,&quot;title&quot;:&quot;Bl\\u00e5 Kors barnehage \\u00d8vreb\\u00f8&quot;,&quot;url&quot;:&quot;https:\\\/\\\/www.blakors.no\\\/barnehage-ovrebo\\\/&quot;}]\">\n\t\t\t\t\t\t<gmp-map\n\t\t\t\t\t\t\tmap-id=\"blakors-locations-list-1-map\"\n\t\t\t\t\t\t\tzoom=\"4\"\n\t\t\t\t\t\t>\n\t\t\t\t\t\t<\/gmp-map>\n\t\t\t\t\t<\/div><div class=\"blakors-locations-list__items\"><div class=\"wp-block-blakors-location-list-item blakors-location-list-item\">\n\t\t\t<p class=\"title\">Bl\u00e5 Kors barnehage \u00d8vreb\u00f8<\/p>\n\t\t\t<div class=\"blakors-location-list-item__info-wrapper\" ><div class=\"blakors-location-list-item__info phone-number\">\n\t\t\t<div class=\"blakors-location-list-item__info__text\">\n\t\t\t\t<p class=\"blakors-location-list-item__info__label\">\n\t\t\t\t\t<span class=\"blakors-location-list-item__info__icon\"><svg xmlns=\"http:\/\/www.w3.org\/2000\/svg\" viewBox=\"0 0 24 24\" height=\"24\" width=\"24\" class=\"t2-icon t2-icon-phonecall\" aria-hidden=\"true\" focusable=\"false\"><path d=\"M6.22414 1.05939C6.95948 1.05445 7.67214 1.31489 8.22984 1.79367C8.71982 2.21436 9.06095 2.77827 9.20789 3.40171L9.25928 3.67256L9.26018 3.68066C9.38527 4.62749 9.61726 5.55739 9.95158 6.45221L10.021 6.65828C10.165 7.14348 10.1849 7.65847 10.0787 8.15563C9.95724 8.72372 9.67565 9.24534 9.26649 9.65838L8.42545 10.497C9.70936 12.5388 11.4382 14.2643 13.4834 15.5461L14.3244 14.7075C14.7382 14.299 15.2608 14.0179 15.8298 13.8967C16.3981 13.7757 16.9895 13.8191 17.5336 14.0227C18.3185 14.3151 19.1309 14.5289 19.9575 14.6616L20.3127 14.7138L20.3208 14.7147C21.0602 14.8188 21.7356 15.1907 22.2183 15.7594C22.6961 16.3223 22.9514 17.0396 22.9386 17.7769V20.9488C22.9403 21.372 22.8542 21.7912 22.6844 22.1789C22.5145 22.5667 22.2648 22.9142 21.9524 23.2003C21.64 23.4863 21.2714 23.7045 20.8698 23.8401C20.4683 23.9756 20.0425 24.0257 19.6204 23.9876C19.615 23.9872 19.6095 23.9873 19.6042 23.9867C16.1971 23.6172 12.9243 22.4547 10.0489 20.5934C7.37744 18.8973 5.11157 16.6355 3.41256 13.9687L3.07002 13.4234C1.39896 10.6744 0.354009 7.58892 0.0132452 4.38615C0.0127493 4.38149 0.0127683 4.37642 0.0123438 4.37175C-0.0256895 3.95161 0.0244102 3.52794 0.159278 3.12815C0.294172 2.72835 0.510773 2.36081 0.795692 2.04923C1.08063 1.73764 1.42772 1.48811 1.81431 1.31765C2.20078 1.14732 2.61871 1.05979 3.04117 1.05939H6.22414ZM2.91857 2.90859C2.79503 2.92157 2.6739 2.95366 2.5598 3.00397C2.40769 3.07106 2.27078 3.16932 2.15866 3.29193C2.04682 3.41434 1.96201 3.55876 1.90897 3.71576C1.85744 3.86847 1.83693 4.03033 1.84947 4.19088L1.92068 4.77668C2.2919 7.49996 3.22009 10.1181 4.64843 12.4677L4.96213 12.9662L4.96664 12.9734C6.52228 15.4172 8.59782 17.4891 11.0459 19.0421L11.0531 19.0465C13.6823 20.7485 16.6741 21.8127 19.789 22.1528C19.9544 22.1675 20.1211 22.1475 20.2784 22.0944C20.4365 22.041 20.5819 21.955 20.7048 21.8424C20.8277 21.7298 20.9256 21.5927 20.9924 21.4402C21.0591 21.2878 21.0931 21.1233 21.0924 20.9569V17.7769C21.0924 17.7692 21.0931 17.7611 21.0933 17.7535C21.1005 17.4603 20.9993 17.1745 20.8094 16.9508C20.6212 16.7292 20.3588 16.583 20.0711 16.5405C18.9839 16.3973 17.9164 16.1322 16.889 15.7495L16.8863 15.7486C16.672 15.6682 16.4387 15.6514 16.2148 15.6991C15.991 15.7468 15.7853 15.857 15.6225 16.0176L14.2794 17.3584C13.9856 17.6516 13.5318 17.7135 13.1706 17.5087C10.3709 15.9196 8.05225 13.6049 6.46032 10.8102C6.25515 10.4497 6.31712 9.9966 6.61086 9.70338L7.954 8.3626C8.1149 8.20014 8.22528 7.9948 8.27311 7.77139C8.32086 7.54789 8.30401 7.31494 8.22353 7.101L8.22262 7.0983C7.83927 6.07271 7.57275 5.00709 7.42936 3.92182C7.38687 3.63817 7.24352 3.37829 7.02552 3.19114C6.80518 3.00203 6.52372 2.89951 6.23315 2.90229H3.04297L2.91857 2.90859ZM13.7385 4.98005C13.8361 4.48074 14.321 4.1549 14.8211 4.25207C16.0374 4.48894 17.1558 5.08261 18.0321 5.95729C18.9083 6.83197 19.503 7.94847 19.7403 9.16257C19.8376 9.66187 19.5112 10.1458 19.011 10.2433C18.5108 10.3407 18.0262 10.0146 17.9284 9.51531C17.7615 8.66122 17.3432 7.8756 16.7268 7.26028C16.1104 6.64496 15.3234 6.22741 14.4678 6.06077C13.9676 5.96318 13.6409 5.47943 13.7385 4.98005ZM14.7463 0.00566393C17.1066 0.267416 19.3084 1.32243 20.9888 2.99767C22.669 4.67287 23.7289 6.86893 23.9942 9.22466C24.0511 9.73038 23.6859 10.1865 23.1793 10.2433C22.6727 10.3 22.2157 9.93635 22.1588 9.43072C21.9404 7.4904 21.0674 5.68225 19.6835 4.30246C18.2995 2.92262 16.4867 2.05336 14.5426 1.83776C14.0361 1.78144 13.6714 1.32572 13.7277 0.820031C13.784 0.314384 14.2398 -0.0502694 14.7463 0.00566393Z\" fill=\"currentColor\"\/><\/svg><\/span>\n\t\t\t\t\t<span class=\"blakors-location-list-item__info__label-text\">Telefonnummer<\/span>\n\t\t\t\t<\/p>\n\t\t\t\t<div class=\"blakors-location-list-item__info__value\"><a href=\"tel:+4748085160\">+47 480\u00a085\u00a0160<\/a><\/div>\n\t\t\t<\/div>\n\t\t<\/div><div class=\"blakors-location-list-item__info email\">\n\t\t\t<div class=\"blakors-location-list-item__info__text\">\n\t\t\t\t<p class=\"blakors-location-list-item__info__label\">\n\t\t\t\t\t<span class=\"blakors-location-list-item__info__icon\"><svg xmlns=\"http:\/\/www.w3.org\/2000\/svg\" viewBox=\"0 0 24 24\" height=\"24\" width=\"24\" class=\"t2-icon t2-icon-email\" aria-hidden=\"true\" focusable=\"false\"><path d=\"M12 22c-1.4 0-2.7-.3-3.9-.8-1.2-.5-2.3-1.2-3.2-2.1s-1.6-2-2.1-3.2S2 13.4 2 12s.3-2.7.8-3.9S4 5.8 4.9 4.9s2-1.6 3.2-2.2S10.6 2 12 2s2.7.3 3.9.8S18.2 4 19.1 5s1.6 2 2.1 3.2c.5 1.1.8 2.4.8 3.8v1.4c0 1-.3 1.8-1 2.5s-1.5 1-2.5 1c-.6 0-1.2-.1-1.7-.4-.5-.3-.9-.6-1.3-1.1-.4.4-1 .8-1.6 1.1-.6.3-1.3.4-2 .4-1.4 0-2.6-.5-3.5-1.5S7 13.4 7 12s.5-2.6 1.5-3.5S10.6 7 12 7s2.6.5 3.5 1.5S17 10.6 17 12v1.4c0 .5.1.9.5 1.1.3.3.6.4 1 .4s.8-.1 1.1-.4c.3-.3.4-.7.4-1.1V12c0-2.2-.8-4.1-2.4-5.6C16.1 4.8 14.2 4 12 4s-4.1.8-5.6 2.4S4 9.8 4 12s.8 4.1 2.4 5.6C7.9 19.2 9.8 20 12 20h4c.3 0 .5.1.7.3.2.2.3.4.3.7s-.1.5-.3.7c-.2.2-.4.3-.7.3h-4zm0-7c.8 0 1.5-.3 2.1-.9s.9-1.3.9-2.1-.3-1.5-.9-2.1c-.6-.6-1.3-.9-2.1-.9s-1.5.3-2.1.9c-.6.6-.9 1.3-.9 2.1s.3 1.5.9 2.1c.6.6 1.3.9 2.1.9z\" fill=\"currentColor\" \/><\/svg><\/span>\n\t\t\t\t\t<span class=\"blakors-location-list-item__info__label-text\">E-post<\/span>\n\t\t\t\t<\/p>\n\t\t\t\t<div class=\"blakors-location-list-item__info__value\"><a href=\"mailto:ovrebobarnehage@blakors.no\">ovrebobarnehage@blakors.no<\/a><span class=\"blakors-locations-list__email-disclaimer\">Ikke send sensitiv informasjon p\u00e5 e-post<\/span><\/div>\n\t\t\t<\/div>\n\t\t<\/div><div class=\"blakors-location-list-item__info address\">\n\t\t\t<div class=\"blakors-location-list-item__info__text\">\n\t\t\t\t<p class=\"blakors-location-list-item__info__label\">\n\t\t\t\t\t<span class=\"blakors-location-list-item__info__icon\"><svg xmlns=\"http:\/\/www.w3.org\/2000\/svg\" viewBox=\"0 0 24 24\" height=\"24\" width=\"24\" class=\"t2-icon t2-icon-mapmarker\" aria-hidden=\"true\" focusable=\"false\"><path d=\"M19 10C19 8.14348 18.2629 6.36256 16.9502 5.0498C15.7194 3.819 14.077 3.09452 12.3467 3.00879L12 3C10.1435 3 8.36256 3.73705 7.0498 5.0498C5.73705 6.36256 5 8.14348 5 10C5 12.1593 6.21679 14.4871 7.79785 16.5645C9.32566 18.5717 11.0795 20.1963 12 20.9951C12.9205 20.1963 14.6743 18.5717 16.2021 16.5645C17.7832 14.4871 19 12.1593 19 10ZM21 10C21 12.8337 19.4474 15.603 17.7939 17.7754C16.1175 19.978 14.2102 21.7308 13.2549 22.5557C13.2379 22.5704 13.2201 22.5851 13.2021 22.5986C12.899 22.8266 12.538 22.9626 12.1621 22.9932L12 23C11.5664 23 11.1444 22.8592 10.7979 22.5986C10.7799 22.5851 10.7621 22.5704 10.7451 22.5557C9.78983 21.7308 7.88248 19.978 6.20605 17.7754C4.55262 15.603 3 12.8337 3 10C3 7.61305 3.94791 5.32357 5.63574 3.63574C7.32357 1.94791 9.61305 1 12 1C14.3869 1 16.6764 1.94791 18.3643 3.63574C20.0521 5.32357 21 7.61305 21 10Z\" fill=\"currentColor\"\/><path d=\"M14 10C14 8.89543 13.1046 8 12 8C10.8954 8 10 8.89543 10 10C10 11.1046 10.8954 12 12 12C13.1046 12 14 11.1046 14 10ZM16 10C16 12.2091 14.2091 14 12 14C9.79086 14 8 12.2091 8 10C8 7.79086 9.79086 6 12 6C14.2091 6 16 7.79086 16 10Z\" fill=\"currentColor\"\/><\/svg><\/span>\n\t\t\t\t\t<span class=\"blakors-location-list-item__info__label-text\">Adresse<\/span>\n\t\t\t\t<\/p>\n\t\t\t\t<div class=\"blakors-location-list-item__info__value\"><a href=\"https:\/\/www.google.com\/maps\/dir\/?api=1&#038;destination_place_id=ChIJtRqZE0MaOEYRIXK3wPrQk_A&#038;destination=Bl\u00e5%20Kors%20barnehage%20\u00d8vreb\u00f8\" target=\"_blank\" rel=\"noopener noreferrer\">Loland, 4715 \u00d8vreb\u00f8<\/a><\/div>\n\t\t\t<\/div>\n\t\t<\/div><\/div>\n\t\t<\/div><\/div><\/div>","protected":false},"excerpt":{"rendered":"<p>Planleggingsdager 2025\/26 (barnehagen er da stengt) Informasjonshefte Informasjonshefte for deg som har\/skal ha barn i \u00d8vreb\u00f8 barnehage.Her st\u00e5r mye nyttig informasjon, som kan v\u00e6re lurt \u00e5 f\u00e5 med seg. \u00c5rsplan<\/p>\n","protected":false},"author":86,"featured_media":0,"parent":0,"menu_order":0,"comment_status":"closed","ping_status":"closed","template":"","meta":{"_acf_changed":false,"_relevanssi_hide_post":"","_relevanssi_hide_content":"","_relevanssi_pin_for_all":"","_relevanssi_pin_keywords":"","_relevanssi_unpin_keywords":"","_relevanssi_related_keywords":"","_relevanssi_related_include_ids":"","_relevanssi_related_exclude_ids":"","_relevanssi_related_no_append":"","_relevanssi_related_not_related":"","_relevanssi_related_posts":"1","_relevanssi_noindex_reason":"","_custom_cards_description":"","footnotes":""},"class_list":["post-82","page","type-page","status-publish","hentry"],"acf":[],"_links":{"self":[{"href":"https:\/\/www.blakors.no\/barnehage-ovrebo\/wp-json\/wp\/v2\/pages\/82","targetHints":{"allow":["GET"]}}],"collection":[{"href":"https:\/\/www.blakors.no\/barnehage-ovrebo\/wp-json\/wp\/v2\/pages"}],"about":[{"href":"https:\/\/www.blakors.no\/barnehage-ovrebo\/wp-json\/wp\/v2\/types\/page"}],"author":[{"embeddable":true,"href":"https:\/\/www.blakors.no\/barnehage-ovrebo\/wp-json\/wp\/v2\/users\/86"}],"replies":[{"embeddable":true,"href":"https:\/\/www.blakors.no\/barnehage-ovrebo\/wp-json\/wp\/v2\/comments?post=82"}],"version-history":[{"count":5,"href":"https:\/\/www.blakors.no\/barnehage-ovrebo\/wp-json\/wp\/v2\/pages\/82\/revisions"}],"predecessor-version":[{"id":693,"href":"https:\/\/www.blakors.no\/barnehage-ovrebo\/wp-json\/wp\/v2\/pages\/82\/revisions\/693"}],"wp:attachment":[{"href":"https:\/\/www.blakors.no\/barnehage-ovrebo\/wp-json\/wp\/v2\/media?parent=82"}],"curies":[{"name":"wp","href":"https:\/\/api.w.org\/{rel}","templated":true}]}}