{"id":88,"date":"2024-05-31T08:19:31","date_gmt":"2024-05-31T08:19:31","guid":{"rendered":"https:\/\/www.blakors.no\/barnehage-ovrebo\/?page_id=88"},"modified":"2025-09-18T08:35:45","modified_gmt":"2025-09-18T08:35:45","slug":"vedtekter","status":"publish","type":"page","link":"https:\/\/www.blakors.no\/barnehage-ovrebo\/vedtekter\/","title":{"rendered":"Vedtekter"},"content":{"rendered":"\n\t<div style=\"--t2-hero-dim:0;\" class=\"t2-hero t2-hero-content-position-center-left t2-hero-has-dim-0 alignfull wp-block-t2-hero has-background has-green-light-background-color\">\n\t\t\n\t\t<div class=\"t2-hero__header\"><div class=\"t2-hero__header__content\">\n\n<h1 class=\"wp-block-heading\" id=\"vedtekter-for-bla-kors-barnehage-ovrebo\"><strong>Vedtekter for Bl\u00e5 Kors barnehage \u00d8vreb\u00f8<\/strong><\/h1>\n\n\n\n<p>Selskapets navn er Bl\u00e5 Kors barnehage \u00d8vreb\u00f8 AS. <\/p>\n\n\n\n<p>Organisasjonsnummer er 930 574 643.<\/p>\n\n\n\n<p>Barnehagens adresse er Lolandskollen 24, 4715 \u00d8vreb\u00f8 i Vennesla kommune.<\/p>\n\n<\/div><\/div>\n\t<\/div>\n\n\n<div class=\"wp-block-rank-math-toc-block\" id=\"rank-math-toc\"><p class=\"title-wrapper\"><button id=\"hopp-til\" class=\"blakors-table-of-contents-toggle\" aria-expanded=\"true\">\n\t\t\t<strong>Hopp til<\/strong>\n\t\t\t<svg xmlns=\"http:\/\/www.w3.org\/2000\/svg\" viewBox=\"0 0 24 24\" height=\"24\" width=\"24\" class=\"t2-icon t2-icon-chevrondown\" aria-hidden=\"true\" focusable=\"false\"><path d=\"M12 14.9c-.1 0-.3 0-.4-.1-.1 0-.2-.1-.3-.2L6.7 10c-.2-.1-.3-.4-.3-.6 0-.3.1-.5.3-.7.2-.2.4-.3.7-.3s.5.1.7.3l3.9 3.9 3.9-3.9c.2-.2.4-.3.7-.3.3 0 .5.1.7.3.2.2.3.4.3.7s-.1.5-.3.7l-4.6 4.6c-.1.1-.2.2-.3.2H12z\" fill=\"currentColor\" \/><\/svg>\n\t\t<\/button><\/p><nav><ul><li class=\"\"><a href=\"#selskapets-virksomhet\">Selskapets virksomhet<\/a><\/li><li class=\"\"><a href=\"#eierforhold\">Eierforhold<\/a><\/li><li class=\"\"><a href=\"#4-formal\">Form\u00e5l<\/a><\/li><li class=\"\"><a href=\"#aksjekapital\">Aksjekapital<\/a><\/li><li class=\"\"><a href=\"#disponering-av-midler\">Disponering av midler<\/a><\/li><li class=\"\"><a href=\"#styret\">Styret<\/a><\/li><li class=\"\"><a href=\"#foreldrerad-og-samarbeidsutvalg\">Foreldrer\u00e5d og samarbeidsutvalg<\/a><\/li><li class=\"\"><a href=\"#opptakskriterier\">Opptakskriterier<\/a><\/li><li class=\"\"><a href=\"#apningstider\">\u00c5pningstider<\/a><\/li><li class=\"\"><a href=\"#lovgrunnlag-og-innsynsrett\">Lovgrunnlag og innsynsrett<\/a><\/li><li class=\"\"><a href=\"#regler-for-vedtektsendringer\">Regler for vedtektsendringer<\/a><\/li><\/ul><\/nav><\/div>\n\n\n\n<h2 class=\"wp-block-heading\" id=\"selskapets-virksomhet\">Selskapets virksomhet<\/h2>\n\n\n\n<p>Barnehagen driftes i tr\u00e5d med Bl\u00e5 Kors sitt diakonale verdigrunnlag og barnehageloven \u00a7 1. Virksomheten tilbyr tjenester etter oppl\u00e6ringsloven i samarbeid med Vennesla kommune og PPT. Selskapet skal drive p\u00e5 ideelt grunnlag og ikke ha erverv til form\u00e5l, jf. barnehageloven \u00a7 7.<\/p>\n\n\n\n<h2 class=\"wp-block-heading\" id=\"eierforhold\">Eierforhold<\/h2>\n\n\n\n<p>Selskapet er et heleid datterselskap av Bl\u00e5 Kors oppl\u00e6ringssenter \u00d8vreb\u00f8 AS, org.nr. 975 552 241.<\/p>\n\n\n\n<p>Selskapet er organisert som aksjeselskap i henhold til aksjeloven, og virksomheten drives i samsvar med barnehageloven og relevante bestemmelser i oppl\u00e6ringsloven.<\/p>\n\n\n\n<div class=\"wp-block-group alignfull has-blue-light-background-color has-background is-layout-constrained wp-block-group-is-layout-constrained\">\n<h2 class=\"wp-block-heading\" id=\"4-formal\">Form\u00e5l<\/h2>\n\n\n\n<p>Selskapets form\u00e5l er \u00e5 drive barnehage i samsvar med Lov om barnehager \u00a71 og har som m\u00e5l \u00e5 gi barn under oppl\u00e6ringspliktig alder gode utviklings- og aktivitetsmuligheter i n\u00e6r forst\u00e5else og samarbeid med barnas hjem.<\/p>\n\n\n\n<p>Barnehagen skal gi barna en oppdragelse i samsvar med kristne grunnverdier og Bl\u00e5 Kors sitt diakonale verdigrunnlag.<\/p>\n<\/div>\n\n\n\n<h2 class=\"wp-block-heading\" id=\"aksjekapital\">Aksjekapital<\/h2>\n\n\n\n<p>Selskapets aksjekapital er NOK 60 000 fordelt p\u00e5 30 000 aksjer hver p\u00e5lydende NOK 2.<\/p>\n\n\n\n<h2 class=\"wp-block-heading\" id=\"disponering-av-midler\">Disponering av midler<\/h2>\n\n\n\n<p>Selskapets firma tegnes av daglig leder og styrets leder i fellesskap. Selskapet kan meddele prokura. Barnehagen skal ikke drives med \u00f8konomisk vinning som form\u00e5l.<\/p>\n\n\n\n<p>Eventuelt overskudd skal reinvesteres i virksomheten til beste for barna, jf. barnehageloven \u00a7 7 og \u00a7 14a\u201314d.<\/p>\n\n\n\n<p>Hvis selskapet oppl\u00f8ses, skal nettoformuen benyttes til barne- og ungdomsarbeid i regi av Bl\u00e5 Kors oppl\u00e6ringssenter \u00d8vreb\u00f8 AS.<\/p>\n\n\n\n<h2 class=\"wp-block-heading\" id=\"styret\">Styret<\/h2>\n\n\n\n<p>Selskapet skal ha et styre p\u00e5 minimum 5 medlemmer. Styrets aksjon\u00e6rvalgte medlemmer er til enhver tid de samme som i styret for Bl\u00e5 Kors oppl\u00e6ringssenter \u00d8vreb\u00f8 AS, org.nr. 975 552 241.<\/p>\n\n\n\n<p>Styret har ansvar for at virksomheten drives i tr\u00e5d med lover og forskrifter.<\/p>\n\n\n\n<p>Daglig leder skal ha godkjent barnehagefaglig kompetanse i tr\u00e5d med barnehageloven \u00a7 17.<\/p>\n\n\n\n<h2 class=\"wp-block-heading\" id=\"foreldrerad-og-samarbeidsutvalg\">Foreldrer\u00e5d og samarbeidsutvalg<\/h2>\n\n\n\n<p>Bl\u00e5 Kors barnehage \u00d8vreb\u00f8 AS skal ha:<\/p>\n\n\n\n<ul class=\"wp-block-list\">\n<li>Foreldrer\u00e5d, jf. barnehageloven \u00a7 4<\/li>\n\n\n\n<li>Samarbeidsutvalg, jf. barnehageloven \u00a7 4. <br>Samarbeidsutvalget best\u00e5r av foreldre og ansatte i barnehagen, slik at hver gruppe er likt representert.<br>o 2 foreldrerepresentanter \u2013 valgt av og blant foreldre i foreldrer\u00e5det (har stemmerett)<br>o 2 ansattrepresentanter \u2013 valgt av og blant ansatte (har stemmerett)<br>o Representant for eier\u2013utnevnesaveieren(styret). Barnehagens eier kan delta etter eget \u00f8nske, men ikke med flere representanter enn hver av de andre gruppene (har stemmerett)<\/li>\n<\/ul>\n\n\n\n<p>Styrer har m\u00f8te-, tale- og forslagsrett i samarbeidsutvalget, men ikke stemmerett.<br>Styrer fungerer ogs\u00e5 som sekret\u00e6r.<\/p>\n\n\n\n<p>Samarbeidsutvalget skal bidra til medvirkning og samarbeid mellom foreldre, ansatte og eier.<\/p>\n\n\n\n<h2 class=\"wp-block-heading\" id=\"opptakskriterier\">Opptakskriterier<\/h2>\n\n\n\n<p>Opptak til Bl\u00e5 Kors barnehage \u00d8vreb\u00f8 AS skjer gjennom samordnet opptak i regi av Vennesla kommune, i tr\u00e5d med barnehageloven og kommunale retningslinjer.<\/p>\n\n\n\n<p>Barnehagen har egne opptakskriterier i tr\u00e5d med Lov om barnehager og lokale forskrifter. Disse er nedfelt i til enhver tid gjeldene reglement for barnehagen.<\/p>\n\n\n\n<figure class=\"wp-block-table\"><table><tbody><tr><td><strong>Opptakskriterier i prioritert rekkef\u00f8lge<\/strong> <br><strong>Prioriterte barn:<\/strong> <br><br>1 a &#8211; Rett til prioritet ved opptak etter barnehageloven \u00a713:<br>Barn med nedsatt funksjon har rett til prioritet ved opptak i barnehage. <br>Det skal foretas en sakkyndig vurdering for \u00e5 vurdere om barnet har nedsatt funksjon. Dokumentasjon: sakkyndig vurdering- PPT \u00a0<br> <br>1 b &#8211; Barn som det er fattet vedtak om etter lov om <br>barnevernloven \u00a7\u00a7 4-4 og 4-12 andre og fjerde ledd, har rett til prioritet ved opptak i barnehagen.\u00a0\u00a0 <br>Dokumentasjon: Barnevernstjenesten\u00a0<br>\u00a0\u00a0 \u00a0\u00a0\u00a0\u00a0\u00a0\u00a0\u00a0\u00a0\u00a0\u00a0\u00a0\u00a0\u00a0\u00a0\u00a0\u00a0\u00a0\u00a0 <br>2. S\u00f8sken av barn med barnehageplass, og som skal fortsette neste \u00e5r.<br><br>3. Barn av ansatte<br><br>4. S\u00f8sken av tidligere barn i barnehagen<br><br>5. Barn som allerede har plass i Vennesla, og som s\u00f8ker overflytting fra annen barnehage. <br><br>6. Pasienter og elever ved Bl\u00e5 Kors sine virksomheter p\u00e5 Loland \u00a0<br><br>Er der ledig plass, og ingen s\u00f8kere i kommunen, eller andre i opptakskriteriene, kan barn bosatt i annen kommunen f\u00e5 plass <br><br>Ved ledige plasser utenom hovedopptaket, praktiseres l\u00f8pende opptak.<\/td><\/tr><\/tbody><\/table><\/figure>\n\n\n\n<p><\/p>\n\n\n\n<div class=\"wp-block-group alignfull has-blue-light-background-color has-background is-layout-constrained wp-block-group-is-layout-constrained\">\n<h2 class=\"wp-block-heading\" id=\"apningstider\">\u00c5pningstider<\/h2>\n\n\n\n<p>Barnehagen er \u00e5pen fem dager i uken mellom 06.45 \u2013 17.00.<\/p>\n\n\n\n<p>Barnehagen holder stengt<\/p>\n\n\n\n<ul class=\"wp-block-list\">\n<li>Fra og med 24. desember til og med 1. januar<\/li>\n\n\n\n<li>P\u00e5skeuken<\/li>\n\n\n\n<li>3 siste uker i juli <\/li>\n<\/ul>\n\n\n\n<p>Den f\u00f8rste uka i juli, og den f\u00f8rste uka i august vil \u00e5pningstiden v\u00e6re redusert fra kl. 08.00 \u2013 16.00. Barnehagen vil holde stengt om det er f\u00e6rre enn 5 barn til stede. \u00c5pning- og oppholdstider er ellers behovspr\u00f8vd. <br>Ved ferier og h\u00f8ytider vil det i forkant sendes ut informasjon med kartlegging av behov for barnehagetilbud.<\/p>\n<\/div>\n\n\n\n<h2 class=\"wp-block-heading\" id=\"lovgrunnlag-og-innsynsrett\">Lovgrunnlag og innsynsrett <\/h2>\n\n\n\n<p>Selskapet skal f\u00f8re regnskap i tr\u00e5d med regnskapsloven og rapportere til Utdanningsdirektoratet. Virksomheten er underlagt offentlig tilsyn, jf. barnehageloven kapittel III. Foreldre og ansatte har rett til innsyn i \u00f8konomiske forhold, jf. barnehageloven \u00a7 47. Ellers henvises det til enhver tid gjeldende:<\/p>\n\n\n\n<ul class=\"wp-block-list\">\n<li>Lov om aksjeselskaper<\/li>\n\n\n\n<li>Lov om barnehager<\/li>\n\n\n\n<li>Reglement for Bl\u00e5 Kors barnehage \u00d8vreb\u00f8 AS med beskrivelse av regler og rutiner<\/li>\n<\/ul>\n\n\n\n<h2 class=\"wp-block-heading\" id=\"regler-for-vedtektsendringer\">Regler for vedtektsendringer <\/h2>\n\n\n\n<p>Forslag til endring av vedtekter legges frem for styret og godkjennes i Generalforsamling. Forslag til endring av reglement legges frem for \u2013 og godkjennes i styret. <\/p>\n\n\n\n<p>Vedtatt i generalforsamling 05.05.2025<\/p>\n","protected":false},"excerpt":{"rendered":"<p>Selskapets virksomhet Barnehagen driftes i tr\u00e5d med Bl\u00e5 Kors sitt diakonale verdigrunnlag og barnehageloven \u00a7 1. Virksomheten tilbyr tjenester etter oppl\u00e6ringsloven i samarbeid med Vennesla kommune og PPT. Selskapet skal drive p\u00e5 ideelt grunnlag og ikke ha erverv til form\u00e5l, jf. barnehageloven \u00a7 7. Eierforhold Selskapet er et heleid datterselskap av Bl\u00e5 Kors oppl\u00e6ringssenter \u00d8vreb\u00f8 [&hellip;]<\/p>\n","protected":false},"author":86,"featured_media":0,"parent":0,"menu_order":0,"comment_status":"closed","ping_status":"closed","template":"","meta":{"_acf_changed":false,"_relevanssi_hide_post":"","_relevanssi_hide_content":"","_relevanssi_pin_for_all":"","_relevanssi_pin_keywords":"","_relevanssi_unpin_keywords":"","_relevanssi_related_keywords":"","_relevanssi_related_include_ids":"","_relevanssi_related_exclude_ids":"","_relevanssi_related_no_append":"","_relevanssi_related_not_related":"","_relevanssi_related_posts":"1","_relevanssi_noindex_reason":"","_custom_cards_description":"","footnotes":""},"class_list":["post-88","page","type-page","status-publish","hentry"],"acf":[],"_links":{"self":[{"href":"https:\/\/www.blakors.no\/barnehage-ovrebo\/wp-json\/wp\/v2\/pages\/88","targetHints":{"allow":["GET"]}}],"collection":[{"href":"https:\/\/www.blakors.no\/barnehage-ovrebo\/wp-json\/wp\/v2\/pages"}],"about":[{"href":"https:\/\/www.blakors.no\/barnehage-ovrebo\/wp-json\/wp\/v2\/types\/page"}],"author":[{"embeddable":true,"href":"https:\/\/www.blakors.no\/barnehage-ovrebo\/wp-json\/wp\/v2\/users\/86"}],"replies":[{"embeddable":true,"href":"https:\/\/www.blakors.no\/barnehage-ovrebo\/wp-json\/wp\/v2\/comments?post=88"}],"version-history":[{"count":5,"href":"https:\/\/www.blakors.no\/barnehage-ovrebo\/wp-json\/wp\/v2\/pages\/88\/revisions"}],"predecessor-version":[{"id":496,"href":"https:\/\/www.blakors.no\/barnehage-ovrebo\/wp-json\/wp\/v2\/pages\/88\/revisions\/496"}],"wp:attachment":[{"href":"https:\/\/www.blakors.no\/barnehage-ovrebo\/wp-json\/wp\/v2\/media?parent=88"}],"curies":[{"name":"wp","href":"https:\/\/api.w.org\/{rel}","templated":true}]}}