{"id":11,"date":"2021-09-14T15:19:09","date_gmt":"2021-09-14T13:19:09","guid":{"rendered":"https:\/\/www.blakors.no\/barnevern\/?page_id=11"},"modified":"2025-02-27T10:02:12","modified_gmt":"2025-02-27T09:02:12","slug":"forside","status":"publish","type":"page","link":"https:\/\/www.blakors.no\/barnevern\/","title":{"rendered":"Bl\u00e5 Kors barnevern"},"content":{"rendered":"\n\t<div style=\"--t2-hero-dim:0;\" class=\"t2-hero t2-hero-content-position-center-left t2-hero-has-dim-0 alignfull wp-block-t2-hero has-background has-lila-light-background-color\">\n\t\t\n\t\t<div class=\"t2-hero__header\"><div class=\"t2-hero__header__content\">\n\n<h1 id=\"omsorg-og-naerhet\"  class=\"wp-block-heading\" >Omsorg og n\u00e6rhet<\/h1>\n\n\n\n<p>Bl\u00e5 Kors barnevern jobber med veiledning, utredning, omsorg og behandling. Vi har barnevernsinstitusjon, familiesenter og andre hjelpetiltak for familier. Vi \u00f8nsker \u00e5 gi barn og unge gode oppvekstsvilk\u00e5r gjennom \u00e5 lage gode omsorgsbaser for barna, styrke foreldrekompetansen, ivareta barns rettigheter og fremme vekst og utvikling.<\/p>\n\n<\/div><\/div>\n\t<\/div>\n\n\n<div class=\"wp-block-lib-header alignfull hide\"><div class=\"image-wrapper\"><img decoding=\"async\" src=\"https:\/\/www.blakors.no\/content\/uploads\/sites\/25\/2021\/09\/Fokus-pa\u030a-aktiviteter-Bla\u030a-Kors.jpg\" alt=\"header\"\/><\/div><div class=\"header-innercontent\"><\/div><\/div>\n\n\n\n\n\n<h2 id=\"vare-tilbud\"  class=\"wp-block-heading\" >V\u00e5re tilbud<\/h2>\n\n\n<div class=\"t2-featured-content-layout alignwide alignwide wp-block-t2-featured-content-layout\" role=\"list\">\n<div class=\"t2-featured-single-post t2-featured-content is-post-type-page wp-block-t2-featured-single-post\" role=\"listitem\"><a class=\"t2-post-link wp-block-t2-post-link\" href=\"https:\/\/www.blakors.no\/barnevern\/bla-kors-familiesenter-aglo\/\">\n<figure style=\"--t2-focal-point: 50% 50%;\" class=\"t2-post-featured-image has-image-ratio-16-9 wp-block-t2-post-featured-image\"><img loading=\"lazy\" decoding=\"async\" width=\"612\" height=\"408\" src=\"https:\/\/www.blakors.no\/content\/uploads\/sites\/25\/2022\/09\/istockphoto-1348754368-612x612-1.jpg\" class=\"attachment-post-thumbnail size-post-thumbnail wp-post-image\" alt=\"\" srcset=\"https:\/\/www.blakors.no\/content\/uploads\/sites\/25\/2022\/09\/istockphoto-1348754368-612x612-1.jpg 612w, https:\/\/www.blakors.no\/content\/uploads\/sites\/25\/2022\/09\/istockphoto-1348754368-612x612-1-300x200.jpg 300w\" sizes=\"auto, (min-width: 782px) 768px, 100vw\" \/><\/figure>\n\n<div class=\"wp-block-group alignfull is-layout-flow wp-block-group-is-layout-flow\">\n\t<h2 id=\"bla-kors-familiesenter-aglo\"  class=\"t2-post-title wp-block-t2-post-title\" >Bl\u00e5 Kors familiesenter Aglo<\/h2>\n\t<div class=\"wp-block-post-date__modified-date wp-block-post-date\"><time datetime=\"2026-03-13T13:14:27+01:00\">13. mars 2026<\/time><\/div>\n\t\t\t<div class=\"single-meta t2-post-excerpt card-description wp-block-blakors-meta-display\"><\/div>\n\t\n<\/div>\n\n<\/a>\n<\/div>\n\n<div class=\"t2-featured-single-post t2-featured-content is-post-type-page wp-block-t2-featured-single-post\" role=\"listitem\"><a class=\"t2-post-link wp-block-t2-post-link\" href=\"https:\/\/www.blakors.no\/barnevern\/malvik\/\">\n<figure style=\"--t2-focal-point: 50% 50%;\" class=\"t2-post-featured-image has-image-ratio-16-9 wp-block-t2-post-featured-image\"><img loading=\"lazy\" decoding=\"async\" width=\"1920\" height=\"1536\" src=\"https:\/\/www.blakors.no\/content\/uploads\/sites\/25\/2021\/09\/Fokus-pa\u030a-aktiviteter-Bla\u030a-Kors.jpg\" class=\"attachment-post-thumbnail size-post-thumbnail wp-post-image\" alt=\"To jenter ligger i en hengek\u00f8ye ute i naturen. Det er klart og fint v\u00e6r.\" srcset=\"https:\/\/www.blakors.no\/content\/uploads\/sites\/25\/2021\/09\/Fokus-pa\u030a-aktiviteter-Bla\u030a-Kors.jpg 1920w, https:\/\/www.blakors.no\/content\/uploads\/sites\/25\/2021\/09\/Fokus-pa\u030a-aktiviteter-Bla\u030a-Kors-300x240.jpg 300w, https:\/\/www.blakors.no\/content\/uploads\/sites\/25\/2021\/09\/Fokus-pa\u030a-aktiviteter-Bla\u030a-Kors-1024x819.jpg 1024w, https:\/\/www.blakors.no\/content\/uploads\/sites\/25\/2021\/09\/Fokus-pa\u030a-aktiviteter-Bla\u030a-Kors-768x614.jpg 768w, https:\/\/www.blakors.no\/content\/uploads\/sites\/25\/2021\/09\/Fokus-pa\u030a-aktiviteter-Bla\u030a-Kors-1536x1229.jpg 1536w, https:\/\/www.blakors.no\/content\/uploads\/sites\/25\/2021\/09\/Fokus-pa\u030a-aktiviteter-Bla\u030a-Kors-450x360.jpg 450w\" sizes=\"auto, (min-width: 782px) 768px, 100vw\" \/><\/figure>\n\n<div class=\"wp-block-group alignfull is-layout-flow wp-block-group-is-layout-flow\">\n\t<h2 id=\"bla-kors-barnevern-malvik\"  class=\"t2-post-title wp-block-t2-post-title\" >Bl\u00e5 Kors barnevern Malvik<\/h2>\n\t<div class=\"wp-block-post-date__modified-date wp-block-post-date\"><time datetime=\"2026-02-27T10:11:17+01:00\">27. februar 2026<\/time><\/div>\n\t\t\t<div class=\"single-meta t2-post-excerpt card-description wp-block-blakors-meta-display\"><\/div>\n\t\n<\/div>\n\n<\/a>\n<\/div>\n<\/div>","protected":false},"excerpt":{"rendered":"<p>V\u00e5re tilbud<\/p>\n","protected":false},"author":23,"featured_media":39,"parent":0,"menu_order":0,"comment_status":"closed","ping_status":"closed","template":"","meta":{"_acf_changed":false,"_relevanssi_hide_post":"","_relevanssi_hide_content":"","_relevanssi_pin_for_all":"","_relevanssi_pin_keywords":"","_relevanssi_unpin_keywords":"","_relevanssi_related_keywords":"","_relevanssi_related_include_ids":"","_relevanssi_related_exclude_ids":"","_relevanssi_related_no_append":"","_relevanssi_related_not_related":"","_relevanssi_related_posts":"1","_relevanssi_noindex_reason":"","_custom_cards_description":"","footnotes":""},"class_list":["post-11","page","type-page","status-publish","has-post-thumbnail","hentry"],"acf":[],"_links":{"self":[{"href":"https:\/\/www.blakors.no\/barnevern\/wp-json\/wp\/v2\/pages\/11","targetHints":{"allow":["GET"]}}],"collection":[{"href":"https:\/\/www.blakors.no\/barnevern\/wp-json\/wp\/v2\/pages"}],"about":[{"href":"https:\/\/www.blakors.no\/barnevern\/wp-json\/wp\/v2\/types\/page"}],"author":[{"embeddable":true,"href":"https:\/\/www.blakors.no\/barnevern\/wp-json\/wp\/v2\/users\/23"}],"replies":[{"embeddable":true,"href":"https:\/\/www.blakors.no\/barnevern\/wp-json\/wp\/v2\/comments?post=11"}],"version-history":[{"count":4,"href":"https:\/\/www.blakors.no\/barnevern\/wp-json\/wp\/v2\/pages\/11\/revisions"}],"predecessor-version":[{"id":890,"href":"https:\/\/www.blakors.no\/barnevern\/wp-json\/wp\/v2\/pages\/11\/revisions\/890"}],"wp:featuredmedia":[{"embeddable":true,"href":"https:\/\/www.blakors.no\/barnevern\/wp-json\/wp\/v2\/media\/39"}],"wp:attachment":[{"href":"https:\/\/www.blakors.no\/barnevern\/wp-json\/wp\/v2\/media?parent=11"}],"curies":[{"name":"wp","href":"https:\/\/api.w.org\/{rel}","templated":true}]}}