{"id":185,"date":"2022-06-23T13:11:45","date_gmt":"2022-06-23T11:11:45","guid":{"rendered":"https:\/\/www.blakors.no\/barnevern-malvik\/?page_id=185"},"modified":"2026-02-02T09:10:19","modified_gmt":"2026-02-02T08:10:19","slug":"metoder-aglo","status":"publish","type":"page","link":"https:\/\/www.blakors.no\/barnevern\/metoder-aglo\/","title":{"rendered":"Metoder hos Bl\u00e5 Kors familiesenter Aglo"},"content":{"rendered":"\n<div class=\"wp-block-lib-header alignfull hide\"><div class=\"header-innercontent\"><\/div><\/div>\n\n\n\n<p>Familiesenteret har som grunnholdning at hvert enkelt menneske er unikt med mange ulike iboende egenskaper og ressurser. Alle mennesker har krav p\u00e5 \u00e5 bli sett og respektert for det de er og det de makter \u00e5 gj\u00f8re, og alle trenger \u00e5 bli m\u00f8tt p\u00e5 en m\u00e5te som kan fremme trygghet og gi mulighet for vekst og utvikling.<br><br>N\u00e5r vi har m\u00e5lsetting om \u00e5 bedre barns omsorgssituasjon gjennom \u00e5 hjelpe foreldrene m\u00e5 vi jobbe i et slags trekantforhold. Med det menes at vi ser p\u00e5 barnets behov i en struktur for kartlegging av barnets utvikling, foreldres omsorgskapasitet, og familie og milj\u00f8. Dette kan skisseres ut fra f\u00f8lgende modell kalt kunnskapsmodellen.<\/p>\n\n\n\n<figure class=\"wp-block-image size-large\"><img loading=\"lazy\" decoding=\"async\" width=\"1024\" height=\"576\" src=\"https:\/\/www.blakors.no\/content\/uploads\/sites\/25\/2026\/02\/barnets-behov-i-sentrum-1024x576.png\" alt=\"\" class=\"wp-image-1208\" srcset=\"https:\/\/www.blakors.no\/content\/uploads\/sites\/25\/2026\/02\/barnets-behov-i-sentrum-1024x576.png 1024w, https:\/\/www.blakors.no\/content\/uploads\/sites\/25\/2026\/02\/barnets-behov-i-sentrum-300x169.png 300w, https:\/\/www.blakors.no\/content\/uploads\/sites\/25\/2026\/02\/barnets-behov-i-sentrum-768x432.png 768w, https:\/\/www.blakors.no\/content\/uploads\/sites\/25\/2026\/02\/barnets-behov-i-sentrum-1536x864.png 1536w, https:\/\/www.blakors.no\/content\/uploads\/sites\/25\/2026\/02\/barnets-behov-i-sentrum-2048x1152.png 2048w\" sizes=\"auto, (max-width: 1024px) 100vw, 1024px\" \/><figcaption class=\"wp-element-caption\">Kunnskapsmodellen<\/figcaption><\/figure>\n\n\n\n<h2 class=\"wp-block-heading\" id=\"h-kunnskapsmodell\">Kunnskapsmodell<\/h2>\n\n\n\n<p>Familiesenteret gj\u00f8r dette ved \u00e5 ha et tett samarbeid med inns\u00f8kende instans, slik at senteret har mest mulig kjennskap til hva som bekymringer og utfordringer knyttet til de ulike omr\u00e5dene (barnets utvikling, foreldrenes omsorg, samt familie og milj\u00f8). <br><br>Kunnskapsmodellen er et rammeverk og anvendes som et redskap for risikovurdering, utredning, valg av tiltak og evaluering av tiltak. Aglo tilstreber gjennom hele oppholdet \u00e5 ha et tett forhold til inns\u00f8kende instans slik at den aktuelle barneverntjeneste til enhver tid er orientert om aktuelle arbeidsprosesser rundt den enkelte familie.&nbsp;<\/p>\n\n\n\n<h2 id=\"utredning\"  class=\"wp-block-heading\" >Utredning<\/h2>\n\n\n\n<p><\/p>\n\n\n\n<p>Det milj\u00f8terapeutiske arbeidet (arbeid som handler om \u00e5 legge til rette eller organisere p\u00e5 en slik m\u00e5te at forandring og utvikling blir mulig for den enkelte), preges av et eklektisk perspektiv hvor vi blander elementer fra ulike omr\u00e5der, og en modell der kombinasjonene mellom teoriene og metodene er bestemmende for praksisen. Arbeidet tilpasses familiens og den enkeltes individuelle behov.<\/p>\n\n\n\n<p>Form\u00e5let er \u00e5 kartlegge familiens ressurser og eventuelle risikofaktorer. Hjelpetiltak kan iverksettes for \u00e5 sikre barnets utvikling. Foreldrenes utbytte av dette gir informasjon om deres endringspotensiale.<\/p>\n\n\n\n<h2 id=\"dette-gjores-gjennom\"  class=\"wp-block-heading\" >Dette gj\u00f8res gjennom:<\/h2>\n\n\n\n<ul class=\"wp-block-list\">\n<li>Samspillsunders\u00f8kelser<\/li>\n\n\n\n<li>Samtaler<\/li>\n\n\n\n<li>Aktiviteter for foreldre og barn sammen<\/li>\n\n\n\n<li>Kartlegging av barnets fungering og omsorgsbehov<\/li>\n\n\n\n<li>Observasjoner av familien<\/li>\n\n\n\n<li>Vurdering av endringspotensiale<\/li>\n<\/ul>\n\n\n\n<p>Form\u00e5let med kartleggingen er \u00e5 fremheve de ressursene som finnes hos foreldre og barn, og samtidig redusere risikofaktorer.<br>Dette inneb\u00e6rer \u00e5 styrke foreldrefunksjonene og utvikle godt nok samspill.<\/p>\n\n\n\n<h2 class=\"wp-block-heading\" id=\"h-endringsarbeid\"><strong>Endringsarbeid<\/strong><\/h2>\n\n\n\n<p>Arbeidet med \u00e5 styrke foreldrefunksjoner gj\u00f8res gjennom:<\/p>\n\n\n\n<ul class=\"wp-block-list\">\n<li>\u00c5 gi omsorg og st\u00f8tte til foreldre og barn<\/li>\n\n\n\n<li>\u00c5 observere samspill slik at man kan gi adekvat samspillsveiledning (cos\/trygghetssirkelen)<\/li>\n\n\n\n<li>\u00c5 styrke foreldrefunksjoner og stimulere til samspill<\/li>\n\n\n\n<li>\u00c5 sikre barnet adekvat utviklingsst\u00f8tte<\/li>\n<\/ul>\n\n\n\n<h2 class=\"wp-block-heading\" id=\"h-observasjon-og-samspill\"><\/h2>\n\n\n\n<h2 class=\"wp-block-heading\" id=\"h-samarbeid\"><\/h2>\n\n\n\n<p><\/p>\n","protected":false},"excerpt":{"rendered":"<p>Familiesenteret har som grunnholdning at hvert enkelt menneske er unikt med mange ulike iboende egenskaper og ressurser. Alle mennesker har krav p\u00e5 \u00e5 bli sett og respektert for det de er og det de makter \u00e5 gj\u00f8re, og alle trenger \u00e5 bli m\u00f8tt p\u00e5 en m\u00e5te som kan fremme trygghet og gi mulighet for vekst [&hellip;]<\/p>\n","protected":false},"author":23,"featured_media":0,"parent":0,"menu_order":0,"comment_status":"closed","ping_status":"closed","template":"","meta":{"_acf_changed":false,"_relevanssi_hide_post":"","_relevanssi_hide_content":"","_relevanssi_pin_for_all":"","_relevanssi_pin_keywords":"","_relevanssi_unpin_keywords":"","_relevanssi_related_keywords":"","_relevanssi_related_include_ids":"","_relevanssi_related_exclude_ids":"","_relevanssi_related_no_append":"","_relevanssi_related_not_related":"","_relevanssi_related_posts":"1","_relevanssi_noindex_reason":"","_custom_cards_description":"","footnotes":""},"class_list":["post-185","page","type-page","status-publish","hentry"],"acf":[],"_links":{"self":[{"href":"https:\/\/www.blakors.no\/barnevern\/wp-json\/wp\/v2\/pages\/185","targetHints":{"allow":["GET"]}}],"collection":[{"href":"https:\/\/www.blakors.no\/barnevern\/wp-json\/wp\/v2\/pages"}],"about":[{"href":"https:\/\/www.blakors.no\/barnevern\/wp-json\/wp\/v2\/types\/page"}],"author":[{"embeddable":true,"href":"https:\/\/www.blakors.no\/barnevern\/wp-json\/wp\/v2\/users\/23"}],"replies":[{"embeddable":true,"href":"https:\/\/www.blakors.no\/barnevern\/wp-json\/wp\/v2\/comments?post=185"}],"version-history":[{"count":4,"href":"https:\/\/www.blakors.no\/barnevern\/wp-json\/wp\/v2\/pages\/185\/revisions"}],"predecessor-version":[{"id":1210,"href":"https:\/\/www.blakors.no\/barnevern\/wp-json\/wp\/v2\/pages\/185\/revisions\/1210"}],"wp:attachment":[{"href":"https:\/\/www.blakors.no\/barnevern\/wp-json\/wp\/v2\/media?parent=185"}],"curies":[{"name":"wp","href":"https:\/\/api.w.org\/{rel}","templated":true}]}}