{"id":476,"date":"2025-11-26T11:31:51","date_gmt":"2025-11-26T10:31:51","guid":{"rendered":"https:\/\/www.blakors.no\/behandling\/?page_id=476"},"modified":"2026-01-13T10:41:26","modified_gmt":"2026-01-13T09:41:26","slug":"veien-inn-i-behandling","status":"publish","type":"page","link":"https:\/\/www.blakors.no\/behandling\/veien-inn-i-behandling\/","title":{"rendered":"Veien inn i behandling"},"content":{"rendered":"\n\t<div style=\"--t2-hero-dim:0;\" class=\"t2-hero t2-hero-content-position-center-left t2-hero-has-dim-0 alignfull wp-block-t2-hero has-background has-lila-light-background-color\">\n\t\t\n\t\t<div class=\"t2-hero__header\"><div class=\"t2-hero__header__content\">\n\n<h1 id=\"veien-inn-i-behandling\"  class=\"wp-block-heading\" >Veien inn i behandling<\/h1>\n\n\n\n<p>F\u00f8r vi kan gi et tilbud om behandling m\u00e5 vi motta en henvisning fra fastlege, NAV, barneverntjenesten, helsepersonell i somatisk sykehus eller psykisk helsevern. Det er viktig at dine \u00f8nsker og behov kommer tydelig fram. Henviser sender denne til n\u00e6rmeste vurderingsinstans.<\/p>\n\n<\/div><\/div>\n\t<\/div>\n\n\n<p>Du kan f\u00e5 behandling poliklinisk p\u00e5 dagtid\u00a0eller en innleggelse til\u00a0d\u00f8gnbehandling. <strong>Du har rett til \u00e5 velge behandlingsted, og \u00f8nsker du behandling i en av Bl\u00e5 Kors klinikkene s\u00e5 er det viktig at dette kommer klart fram i henvisningen.<\/strong><\/p>\n\n\n\n<p>Du f\u00e5r brev med beskjed om hva vurderingsinstansen har besluttet og du vil f\u00e5 brev fra oss om du er innvilget plass.<\/p>\n\n\n\n<p>Du finner utfyllende informasjon om behandlingstilbud ved den enkelte klinikk p\u00e5 deres nettsider.<\/p>\n\n\n\n<p><a href=\"https:\/\/www.blakors.no\/behandling\/henvisning\/\">Er du henviser? Finn informasjon om hva henvisningen b\u00f8r inneholde.<\/a><\/p>\n\n\n\n<p>All behandling er gratis med unntak av egenandel i poliklinikken slik det er i et tilsvarende offentlig behandlingstilbud.<\/p>\n\n\n\n<div class=\"wp-block-group alignfull has-green-light-background-color has-background is-layout-constrained wp-block-group-is-layout-constrained\">\n<div class=\"wp-block-group alignfull is-layout-constrained wp-block-group-is-layout-constrained\">\n<h3 id=\"visste-du-at-du-har-rett-til-a-velge-behandlingssted\"  class=\"wp-block-heading\" ><strong>Visste du at du har rett til \u00e5 velge behandlingssted?<\/strong><\/h3>\n\n\n\n<p>Du har rett til \u00e5 velge behandlingssted. \u00d8nsket ditt b\u00f8r komme tydelig fram i henvisningen, s\u00e5 snakk gjerne med legen din om dette.<\/p>\n<\/div>\n<\/div>\n\n\n<div class=\"t2-accordion t2-faq wp-block-t2-faq\" role=\"list\">\n\n\t\t<div class=\"t2-faq-item t2-accordion-item wp-block-t2-faq-item\" role=\"listitem\">\n\t\t\t<h3 class=\"t2-faq-title t2-accordion-title\" id=\"hva-skjer-etter-at-henviser-har-sendt-henvisning?\">\n\t\t\t\t<button\n\t\t\t\t\taria-controls=\"faq-panel\"\n\t\t\t\t\taria-expanded=\"false\"\n\t\t\t\t\tclass=\"t2-faq-trigger t2-accordion-trigger\"\n\t\t\t\t\tid=\"faq-item\"\n\t\t\t\t\ttype=\"button\"\n\t\t\t\t>\n\t\t\t\t\tHva skjer etter at henviser har sendt henvisning?\n\t\t\t\t\t<span class=\"t2-faq-icon t2-accordion-icon is-closed-icon\"><svg xmlns=\"http:\/\/www.w3.org\/2000\/svg\" viewBox=\"0 0 24 24\" height=\"24\" width=\"24\" class=\"t2-icon t2-icon-chevrondown\" aria-hidden=\"true\" focusable=\"false\"><path d=\"M12 14.9c-.1 0-.3 0-.4-.1-.1 0-.2-.1-.3-.2L6.7 10c-.2-.1-.3-.4-.3-.6 0-.3.1-.5.3-.7.2-.2.4-.3.7-.3s.5.1.7.3l3.9 3.9 3.9-3.9c.2-.2.4-.3.7-.3.3 0 .5.1.7.3.2.2.3.4.3.7s-.1.5-.3.7l-4.6 4.6c-.1.1-.2.2-.3.2H12z\" fill=\"currentColor\" \/><\/svg><\/span>\n\t\t\t\t\t<span class=\"t2-faq-icon t2-accordion-icon is-open-icon\"><svg xmlns=\"http:\/\/www.w3.org\/2000\/svg\" viewBox=\"0 0 24 24\" height=\"24\" width=\"24\" class=\"t2-icon t2-icon-chevronup\" aria-hidden=\"true\" focusable=\"false\"><path d=\"M6.7 14.7c-.2-.2-.3-.4-.3-.7s.1-.5.3-.7l4.6-4.6c.1-.1.2-.2.3-.2.1 0 .2-.1.4-.1.1 0 .3 0 .4.1.1 0 .2.1.3.2l4.6 4.6c.2.2.3.4.3.7s-.1.5-.3.7c-.2.2-.4.3-.7.3s-.5-.1-.7-.3L12 10.8l-3.9 3.9c-.2.2-.4.3-.7.3s-.5-.1-.7-.3z\" fill=\"currentColor\" \/><\/svg><\/span>\n\t\t\t\t<\/button>\n\t\t\t<\/h3>\n\t\t\t<div\n\t\t\t\taria-labelledby=\"faq-item\"\n\t\t\t\tclass=\"t2-faq-item__inner-container t2-accordion-item__inner-container is-layout-flow\"\n\t\t\t\tid=\"faq-panel\"\n\t\t\t\trole=\"region\"\n\t\t\t\thidden\n\t\t\t>\n\t\t\t\t\n\n<p>Vurderingsinstans ved n\u00e6rmeste sykehus vurderer om du har rett til behandling i spesialisthelsetjenesten. Dersom \u00abretten\u00bb blir innvilget f\u00e5r vi henvisningen hit til oss og vi skal da svare innen10 virkedager. Brev g\u00e5r da ut til pasienten med tid og oppm\u00f8tested for behandling. Dersom vi vurderer at vi ikke har tilbud eller plass, f\u00e5r du avslag. Sykehuset f\u00e5r kopi av brev om tildelt plass\/avslag. Dersom vi ikke har plass innen frist er det sykehuset sitt ansvar \u00e5 finne alternativt behandlingssted.<\/p>\n\n\n\t\t\t<\/div>\n\t\t<\/div>\n\t\t\n\n\n\t\t<div class=\"t2-faq-item t2-accordion-item wp-block-t2-faq-item\" role=\"listitem\">\n\t\t\t<h3 class=\"t2-faq-title t2-accordion-title\" id=\"hvor-lang-tid-tar-det-\u00e5-komme-i-behandling?\">\n\t\t\t\t<button\n\t\t\t\t\taria-controls=\"faq-panel-1\"\n\t\t\t\t\taria-expanded=\"false\"\n\t\t\t\t\tclass=\"t2-faq-trigger t2-accordion-trigger\"\n\t\t\t\t\tid=\"faq-item-1\"\n\t\t\t\t\ttype=\"button\"\n\t\t\t\t>\n\t\t\t\t\tHvor lang tid tar det \u00e5 komme i behandling?\n\t\t\t\t\t<span class=\"t2-faq-icon t2-accordion-icon is-closed-icon\"><svg xmlns=\"http:\/\/www.w3.org\/2000\/svg\" viewBox=\"0 0 24 24\" height=\"24\" width=\"24\" class=\"t2-icon t2-icon-chevrondown\" aria-hidden=\"true\" focusable=\"false\"><path d=\"M12 14.9c-.1 0-.3 0-.4-.1-.1 0-.2-.1-.3-.2L6.7 10c-.2-.1-.3-.4-.3-.6 0-.3.1-.5.3-.7.2-.2.4-.3.7-.3s.5.1.7.3l3.9 3.9 3.9-3.9c.2-.2.4-.3.7-.3.3 0 .5.1.7.3.2.2.3.4.3.7s-.1.5-.3.7l-4.6 4.6c-.1.1-.2.2-.3.2H12z\" fill=\"currentColor\" \/><\/svg><\/span>\n\t\t\t\t\t<span class=\"t2-faq-icon t2-accordion-icon is-open-icon\"><svg xmlns=\"http:\/\/www.w3.org\/2000\/svg\" viewBox=\"0 0 24 24\" height=\"24\" width=\"24\" class=\"t2-icon t2-icon-chevronup\" aria-hidden=\"true\" focusable=\"false\"><path d=\"M6.7 14.7c-.2-.2-.3-.4-.3-.7s.1-.5.3-.7l4.6-4.6c.1-.1.2-.2.3-.2.1 0 .2-.1.4-.1.1 0 .3 0 .4.1.1 0 .2.1.3.2l4.6 4.6c.2.2.3.4.3.7s-.1.5-.3.7c-.2.2-.4.3-.7.3s-.5-.1-.7-.3L12 10.8l-3.9 3.9c-.2.2-.4.3-.7.3s-.5-.1-.7-.3z\" fill=\"currentColor\" \/><\/svg><\/span>\n\t\t\t\t<\/button>\n\t\t\t<\/h3>\n\t\t\t<div\n\t\t\t\taria-labelledby=\"faq-item-1\"\n\t\t\t\tclass=\"t2-faq-item__inner-container t2-accordion-item__inner-container is-layout-flow\"\n\t\t\t\tid=\"faq-panel-1\"\n\t\t\t\trole=\"region\"\n\t\t\t\thidden\n\t\t\t>\n\t\t\t\t\n\n<p>Det er vanskelig \u00e5 svare generelt p\u00e5. Det er noe ventetid de fleste steder, og det er en vurdering av behandlingsbehov og om det er plass p\u00e5 den avdelingen du er s\u00f8kt til som avgj\u00f8r ventetid.<\/p>\n\n\n\t\t\t<\/div>\n\t\t<\/div>\n\t\t\n<\/div>\n\n\n<h2 id=\"bla-kors-klinikker\"  class=\"wp-block-heading\" >Bl\u00e5 Kors klinikker<\/h2>\n\n\n<div class=\"t2-featured-content-layout alignwide alignwide wp-block-t2-featured-content-layout\" role=\"list\">\n<div class=\"t2-featured-single-post t2-featured-content is-post-type-page wp-block-t2-featured-single-post\" role=\"listitem\"><a class=\"t2-post-link wp-block-t2-post-link\" href=\"https:\/\/www.blakors.no\/klinikk-skien\/\">\n<figure style=\"--t2-focal-point: 50% 50%;\" class=\"t2-post-featured-image has-image-ratio-16-9 wp-block-t2-post-featured-image\"><img loading=\"lazy\" decoding=\"async\" width=\"1600\" height=\"1067\" src=\"https:\/\/www.blakors.no\/content\/uploads\/sites\/16\/2020\/10\/Poliklinikken-breddebilde.jpg\" class=\"attachment-post-thumbnail size-post-thumbnail wp-post-image\" alt=\"En dame i resepsjonen til Poliklinikken smiler, og tar imot en mann som noterer p\u00e5 et ark\" srcset=\"https:\/\/www.blakors.no\/content\/uploads\/sites\/16\/2020\/10\/Poliklinikken-breddebilde.jpg 1600w, https:\/\/www.blakors.no\/content\/uploads\/sites\/16\/2020\/10\/Poliklinikken-breddebilde-300x200.jpg 300w, https:\/\/www.blakors.no\/content\/uploads\/sites\/16\/2020\/10\/Poliklinikken-breddebilde-1024x683.jpg 1024w, https:\/\/www.blakors.no\/content\/uploads\/sites\/16\/2020\/10\/Poliklinikken-breddebilde-768x512.jpg 768w, https:\/\/www.blakors.no\/content\/uploads\/sites\/16\/2020\/10\/Poliklinikken-breddebilde-1536x1024.jpg 1536w\" sizes=\"auto, (min-width: 782px) 768px, 100vw\" \/><\/figure>\n\n<div class=\"wp-block-group alignfull is-layout-flow wp-block-group-is-layout-flow\">\n\t<h2 id=\"bla-kors-klinikk-skien\"  class=\"t2-post-title wp-block-t2-post-title\" >Bl\u00e5 Kors klinikk Skien<\/h2>\n\t<div class=\"wp-block-post-date__modified-date wp-block-post-date\"><time datetime=\"2025-09-01T12:33:04+02:00\">1. september 2025<\/time><\/div>\n\t\t\t<div class=\"single-meta t2-post-excerpt card-description wp-block-blakors-meta-display\"><\/div>\n\t\n<\/div>\n\n<\/a>\n<\/div>\n\n<div class=\"t2-featured-single-post t2-featured-content is-post-type-page wp-block-t2-featured-single-post\" role=\"listitem\"><a class=\"t2-post-link wp-block-t2-post-link\" href=\"https:\/\/www.blakors.no\/lade\/\">\n<figure style=\"--t2-focal-point: 50% 50%;\" class=\"t2-post-featured-image has-image-ratio-16-9 wp-block-t2-post-featured-image\"><img loading=\"lazy\" decoding=\"async\" width=\"1600\" height=\"1071\" src=\"https:\/\/www.blakors.no\/content\/uploads\/sites\/12\/2020\/10\/Sitter-ved-et-bord-og-smiler.jpg\" class=\"attachment-post-thumbnail size-post-thumbnail wp-post-image\" alt=\"To kvinner og en mann sitter ved et spisebord og smiler og hygger seg\" srcset=\"https:\/\/www.blakors.no\/content\/uploads\/sites\/12\/2020\/10\/Sitter-ved-et-bord-og-smiler.jpg 1600w, https:\/\/www.blakors.no\/content\/uploads\/sites\/12\/2020\/10\/Sitter-ved-et-bord-og-smiler-300x201.jpg 300w, https:\/\/www.blakors.no\/content\/uploads\/sites\/12\/2020\/10\/Sitter-ved-et-bord-og-smiler-1024x685.jpg 1024w, https:\/\/www.blakors.no\/content\/uploads\/sites\/12\/2020\/10\/Sitter-ved-et-bord-og-smiler-768x514.jpg 768w, https:\/\/www.blakors.no\/content\/uploads\/sites\/12\/2020\/10\/Sitter-ved-et-bord-og-smiler-1536x1028.jpg 1536w\" sizes=\"auto, (min-width: 782px) 768px, 100vw\" \/><\/figure>\n\n<div class=\"wp-block-group alignfull is-layout-flow wp-block-group-is-layout-flow\">\n\t<h2 id=\"bla-kors-klinikk-lade\"  class=\"t2-post-title wp-block-t2-post-title\" >Bl\u00e5 Kors klinikk Lade<\/h2>\n\t<div class=\"wp-block-post-date__modified-date wp-block-post-date\"><time datetime=\"2025-08-07T13:23:08+02:00\">7. august 2025<\/time><\/div>\n\t\t\t<div class=\"single-meta t2-post-excerpt card-description wp-block-blakors-meta-display\"><\/div>\n\t\n<\/div>\n\n<\/a>\n<\/div>\n\n<div class=\"t2-featured-single-post t2-featured-content is-post-type-page wp-block-t2-featured-single-post\" role=\"listitem\"><a class=\"t2-post-link wp-block-t2-post-link\" href=\"https:\/\/www.blakors.no\/klinikk-loland\/\">\n<figure style=\"--t2-focal-point: 50% 50%;\" class=\"t2-post-featured-image has-image-ratio-16-9 wp-block-t2-post-featured-image\"><img loading=\"lazy\" decoding=\"async\" width=\"2048\" height=\"1349\" src=\"https:\/\/www.blakors.no\/content\/uploads\/sites\/17\/2021\/07\/Loland-undervisning-3674-scaled.jpg\" class=\"attachment-post-thumbnail size-post-thumbnail wp-post-image\" alt=\"kvinne viser plansjer til tre personer rundt et bord\" srcset=\"https:\/\/www.blakors.no\/content\/uploads\/sites\/17\/2021\/07\/Loland-undervisning-3674-scaled.jpg 2048w, https:\/\/www.blakors.no\/content\/uploads\/sites\/17\/2021\/07\/Loland-undervisning-3674-300x198.jpg 300w, https:\/\/www.blakors.no\/content\/uploads\/sites\/17\/2021\/07\/Loland-undervisning-3674-1024x675.jpg 1024w, https:\/\/www.blakors.no\/content\/uploads\/sites\/17\/2021\/07\/Loland-undervisning-3674-768x506.jpg 768w, https:\/\/www.blakors.no\/content\/uploads\/sites\/17\/2021\/07\/Loland-undervisning-3674-1536x1012.jpg 1536w\" sizes=\"auto, (min-width: 782px) 768px, 100vw\" \/><\/figure>\n\n<div class=\"wp-block-group alignfull is-layout-flow wp-block-group-is-layout-flow\">\n\t<h2 id=\"bla-kors-klinikk-loland\"  class=\"t2-post-title wp-block-t2-post-title\" >Bl\u00e5 Kors klinikk Loland<\/h2>\n\t<div class=\"wp-block-post-date__modified-date wp-block-post-date\"><time datetime=\"2025-09-30T11:24:32+02:00\">30. september 2025<\/time><\/div>\n\t\t\t<div class=\"single-meta t2-post-excerpt card-description wp-block-blakors-meta-display\"><\/div>\n\t\n<\/div>\n\n<\/a>\n<\/div>\n\n<div class=\"t2-featured-single-post t2-featured-content is-post-type-page wp-block-t2-featured-single-post\" role=\"listitem\"><a class=\"t2-post-link wp-block-t2-post-link\" href=\"https:\/\/www.blakors.no\/klinikk-oslo-vest\/\">\n<figure style=\"--t2-focal-point: 50% 50%;\" class=\"t2-post-featured-image has-image-ratio-16-9 wp-block-t2-post-featured-image\"><img loading=\"lazy\" decoding=\"async\" width=\"1600\" height=\"1067\" src=\"https:\/\/www.blakors.no\/content\/uploads\/sites\/15\/2020\/10\/Samlet-rundt-bordet-Bla\u030a-Kors-Behandlingssenter-Slemdal..jpg\" class=\"attachment-post-thumbnail size-post-thumbnail wp-post-image\" alt=\"flere personer sitter sammen utend\u00f8rs rundt et bord\" srcset=\"https:\/\/www.blakors.no\/content\/uploads\/sites\/15\/2020\/10\/Samlet-rundt-bordet-Bla\u030a-Kors-Behandlingssenter-Slemdal..jpg 1600w, https:\/\/www.blakors.no\/content\/uploads\/sites\/15\/2020\/10\/Samlet-rundt-bordet-Bla\u030a-Kors-Behandlingssenter-Slemdal.-300x200.jpg 300w, https:\/\/www.blakors.no\/content\/uploads\/sites\/15\/2020\/10\/Samlet-rundt-bordet-Bla\u030a-Kors-Behandlingssenter-Slemdal.-1024x683.jpg 1024w, https:\/\/www.blakors.no\/content\/uploads\/sites\/15\/2020\/10\/Samlet-rundt-bordet-Bla\u030a-Kors-Behandlingssenter-Slemdal.-768x512.jpg 768w, https:\/\/www.blakors.no\/content\/uploads\/sites\/15\/2020\/10\/Samlet-rundt-bordet-Bla\u030a-Kors-Behandlingssenter-Slemdal.-1536x1024.jpg 1536w\" sizes=\"auto, (min-width: 782px) 768px, 100vw\" \/><\/figure>\n\n<div class=\"wp-block-group alignfull is-layout-flow wp-block-group-is-layout-flow\">\n\t<h2 id=\"bla-kors-klinikk-oslo-vest\"  class=\"t2-post-title wp-block-t2-post-title\" >Bl\u00e5 Kors klinikk Oslo vest<\/h2>\n\t<div class=\"wp-block-post-date__modified-date wp-block-post-date\"><time datetime=\"2025-12-11T13:40:49+01:00\">11. desember 2025<\/time><\/div>\n\t\t\t<div class=\"single-meta t2-post-excerpt card-description wp-block-blakors-meta-display\"><\/div>\n\t\n<\/div>\n\n<\/a>\n<\/div>\n\n<div class=\"t2-featured-single-post t2-featured-content is-post-type-page wp-block-t2-featured-single-post\" role=\"listitem\"><a class=\"t2-post-link wp-block-t2-post-link\" href=\"https:\/\/www.blakors.no\/klinikk-innlandet\/\">\n<figure style=\"--t2-focal-point: 50% 50%;\" class=\"t2-post-featured-image has-image-ratio-16-9 wp-block-t2-post-featured-image\"><img loading=\"lazy\" decoding=\"async\" width=\"1600\" height=\"1039\" src=\"https:\/\/www.blakors.no\/content\/uploads\/sites\/14\/2020\/10\/Samlet-Bla\u030a-Kors-Behandlingssenter-Eina.jpg\" class=\"attachment-post-thumbnail size-post-thumbnail wp-post-image\" alt=\"Tre menn og kvinne sitter rundt et bord\" srcset=\"https:\/\/www.blakors.no\/content\/uploads\/sites\/14\/2020\/10\/Samlet-Bla\u030a-Kors-Behandlingssenter-Eina.jpg 1600w, https:\/\/www.blakors.no\/content\/uploads\/sites\/14\/2020\/10\/Samlet-Bla\u030a-Kors-Behandlingssenter-Eina-300x195.jpg 300w, https:\/\/www.blakors.no\/content\/uploads\/sites\/14\/2020\/10\/Samlet-Bla\u030a-Kors-Behandlingssenter-Eina-1024x665.jpg 1024w, https:\/\/www.blakors.no\/content\/uploads\/sites\/14\/2020\/10\/Samlet-Bla\u030a-Kors-Behandlingssenter-Eina-768x499.jpg 768w, https:\/\/www.blakors.no\/content\/uploads\/sites\/14\/2020\/10\/Samlet-Bla\u030a-Kors-Behandlingssenter-Eina-1536x997.jpg 1536w\" sizes=\"auto, (min-width: 782px) 768px, 100vw\" \/><\/figure>\n\n<div class=\"wp-block-group alignfull is-layout-flow wp-block-group-is-layout-flow\">\n\t<h2 id=\"bla-kors-klinikk-innlandet\"  class=\"t2-post-title wp-block-t2-post-title\" >Bl\u00e5 Kors klinikk Innlandet<\/h2>\n\t<div class=\"wp-block-post-date__modified-date wp-block-post-date\"><time datetime=\"2025-09-01T12:39:51+02:00\">1. september 2025<\/time><\/div>\n\t\t\t<div class=\"single-meta t2-post-excerpt card-description wp-block-blakors-meta-display\"><\/div>\n\t\n<\/div>\n\n<\/a>\n<\/div>\n\n<div class=\"t2-featured-single-post t2-featured-content is-post-type-page wp-block-t2-featured-single-post\" role=\"listitem\"><a class=\"t2-post-link wp-block-t2-post-link\" href=\"https:\/\/www.blakors.no\/klinikk-oslo-sentrum\/\">\n<figure style=\"--t2-focal-point: 50% 50%;\" class=\"t2-post-featured-image has-image-ratio-16-9 wp-block-t2-post-featured-image\"><img loading=\"lazy\" decoding=\"async\" width=\"1600\" height=\"1044\" src=\"https:\/\/www.blakors.no\/content\/uploads\/sites\/13\/2020\/10\/Velkommen-til-oss-Poliklinikk-Oslo.jpg\" class=\"attachment-post-thumbnail size-post-thumbnail wp-post-image\" alt=\"to kvinner snakker sammen i resepsjonsomr\u00e5det\" srcset=\"https:\/\/www.blakors.no\/content\/uploads\/sites\/13\/2020\/10\/Velkommen-til-oss-Poliklinikk-Oslo.jpg 1600w, https:\/\/www.blakors.no\/content\/uploads\/sites\/13\/2020\/10\/Velkommen-til-oss-Poliklinikk-Oslo-300x196.jpg 300w, https:\/\/www.blakors.no\/content\/uploads\/sites\/13\/2020\/10\/Velkommen-til-oss-Poliklinikk-Oslo-1024x668.jpg 1024w, https:\/\/www.blakors.no\/content\/uploads\/sites\/13\/2020\/10\/Velkommen-til-oss-Poliklinikk-Oslo-768x501.jpg 768w, https:\/\/www.blakors.no\/content\/uploads\/sites\/13\/2020\/10\/Velkommen-til-oss-Poliklinikk-Oslo-1536x1002.jpg 1536w\" sizes=\"auto, (min-width: 782px) 768px, 100vw\" \/><\/figure>\n\n<div class=\"wp-block-group alignfull is-layout-flow wp-block-group-is-layout-flow\">\n\t<h2 id=\"bla-kors-klinikk-oslo-sentrum\"  class=\"t2-post-title wp-block-t2-post-title\" >Bl\u00e5 Kors klinikk Oslo sentrum<\/h2>\n\t<div class=\"wp-block-post-date__modified-date wp-block-post-date\"><time datetime=\"2026-04-21T14:49:42+02:00\">21. april 2026<\/time><\/div>\n\t\t\t<div class=\"single-meta t2-post-excerpt card-description wp-block-blakors-meta-display\"><\/div>\n\t\n<\/div>\n\n<\/a>\n<\/div>\n\n<div class=\"t2-featured-single-post t2-featured-content is-post-type-institution theme-alkohol-og-rusbehandling theme-barn-unge-og-familie theme-parorende theme-penge-og-dataspillavhengighet place-haugesund place-rogaland wp-block-t2-featured-single-post\" role=\"listitem\"><a class=\"t2-post-link wp-block-t2-post-link\" href=\"https:\/\/www.blakors.no\/virksomhet\/bla-kors-haugaland\/\">\n<figure style=\"--t2-focal-point: 50% 50%;\" class=\"t2-post-featured-image has-image-ratio-16-9 wp-block-t2-post-featured-image\"><img loading=\"lazy\" decoding=\"async\" width=\"3840\" height=\"2341\" src=\"https:\/\/www.blakors.no\/content\/uploads\/2018\/11\/Pasient-Bla\u030a-Kors-Haugaland-A-senter-scaled.jpg\" class=\"attachment-post-thumbnail size-post-thumbnail wp-post-image\" alt=\"To damer har en dialog og snakker sammen. Dene damen har p\u00e5 seg en sekk. De smiler begge to\" srcset=\"https:\/\/www.blakors.no\/content\/uploads\/2018\/11\/Pasient-Bla\u030a-Kors-Haugaland-A-senter-scaled.jpg 3840w, https:\/\/www.blakors.no\/content\/uploads\/2018\/11\/Pasient-Bla\u030a-Kors-Haugaland-A-senter-300x183.jpg 300w, https:\/\/www.blakors.no\/content\/uploads\/2018\/11\/Pasient-Bla\u030a-Kors-Haugaland-A-senter-1024x624.jpg 1024w, https:\/\/www.blakors.no\/content\/uploads\/2018\/11\/Pasient-Bla\u030a-Kors-Haugaland-A-senter-768x468.jpg 768w, https:\/\/www.blakors.no\/content\/uploads\/2018\/11\/Pasient-Bla\u030a-Kors-Haugaland-A-senter-1536x936.jpg 1536w, https:\/\/www.blakors.no\/content\/uploads\/2018\/11\/Pasient-Bla\u030a-Kors-Haugaland-A-senter-2048x1248.jpg 2048w\" sizes=\"auto, (min-width: 782px) 768px, 100vw\" \/><\/figure>\n\n<div class=\"wp-block-group alignfull is-layout-flow wp-block-group-is-layout-flow\">\n\t<h2 id=\"bla-kors-klinikk-haugaland\"  class=\"t2-post-title wp-block-t2-post-title\" >Bl\u00e5 Kors klinikk Haugaland<\/h2>\n\t<div class=\"wp-block-post-date__modified-date wp-block-post-date\"><time datetime=\"2022-11-30T15:08:54+01:00\">30. november 2022<\/time><\/div>\n\t\t\t<div class=\"single-meta t2-post-excerpt card-description wp-block-blakors-meta-display\"><\/div>\n\t\n<\/div>\n\n<\/a>\n<\/div>\n\n<div class=\"t2-featured-single-post t2-featured-content is-post-type-institution theme-alkohol-og-rusbehandling place-troms-finnmark wp-block-t2-featured-single-post\" role=\"listitem\"><a class=\"t2-post-link wp-block-t2-post-link\" href=\"https:\/\/www.blakors.no\/virksomhet\/bla-kors-klinikk-rus-og-avhengighet-tjeldsund\/\">\n<figure style=\"--t2-focal-point: 50% 50%;\" class=\"t2-post-featured-image has-image-ratio-16-9 wp-block-t2-post-featured-image\"><img loading=\"lazy\" decoding=\"async\" width=\"3840\" height=\"2625\" src=\"https:\/\/www.blakors.no\/content\/uploads\/2022\/04\/Terapisetting-smil-scaled.jpg\" class=\"attachment-post-thumbnail size-post-thumbnail wp-post-image\" alt=\"En mann og en kvinne sitter ovenfor hverandre i terapi. Kvinnen smiler bredt.\" srcset=\"https:\/\/www.blakors.no\/content\/uploads\/2022\/04\/Terapisetting-smil-scaled.jpg 3840w, https:\/\/www.blakors.no\/content\/uploads\/2022\/04\/Terapisetting-smil-300x205.jpg 300w, https:\/\/www.blakors.no\/content\/uploads\/2022\/04\/Terapisetting-smil-1024x700.jpg 1024w, https:\/\/www.blakors.no\/content\/uploads\/2022\/04\/Terapisetting-smil-768x525.jpg 768w, https:\/\/www.blakors.no\/content\/uploads\/2022\/04\/Terapisetting-smil-1536x1050.jpg 1536w, https:\/\/www.blakors.no\/content\/uploads\/2022\/04\/Terapisetting-smil-2048x1400.jpg 2048w\" sizes=\"auto, (min-width: 782px) 768px, 100vw\" \/><\/figure>\n\n<div class=\"wp-block-group alignfull is-layout-flow wp-block-group-is-layout-flow\">\n\t<h2 id=\"bla-kors-klinikk-tjeldsund\"  class=\"t2-post-title wp-block-t2-post-title\" >Bl\u00e5 Kors klinikk Tjeldsund<\/h2>\n\t<div class=\"wp-block-post-date__modified-date wp-block-post-date\"><time datetime=\"2024-11-05T13:59:19+01:00\">5. november 2024<\/time><\/div>\n\t\t\t<div class=\"single-meta t2-post-excerpt card-description wp-block-blakors-meta-display\"><\/div>\n\t\n<\/div>\n\n<\/a>\n<\/div>\n<\/div>","protected":false},"excerpt":{"rendered":"<p>Du kan f\u00e5 behandling poliklinisk p\u00e5 dagtid\u00a0eller en innleggelse til\u00a0d\u00f8gnbehandling. Du har rett til \u00e5 velge behandlingsted, og \u00f8nsker du behandling i en av Bl\u00e5 Kors klinikkene s\u00e5 er det viktig at dette kommer klart fram i henvisningen. Du f\u00e5r brev med beskjed om hva vurderingsinstansen har besluttet og du vil f\u00e5 brev fra oss [&hellip;]<\/p>\n","protected":false},"author":86,"featured_media":0,"parent":0,"menu_order":0,"comment_status":"closed","ping_status":"closed","template":"","meta":{"_acf_changed":false,"_relevanssi_hide_post":"","_relevanssi_hide_content":"","_relevanssi_pin_for_all":"","_relevanssi_pin_keywords":"","_relevanssi_unpin_keywords":"","_relevanssi_related_keywords":"","_relevanssi_related_include_ids":"","_relevanssi_related_exclude_ids":"","_relevanssi_related_no_append":"","_relevanssi_related_not_related":"","_relevanssi_related_posts":"","_relevanssi_noindex_reason":"","_custom_cards_description":"","footnotes":""},"class_list":["post-476","page","type-page","status-publish","hentry"],"acf":[],"_links":{"self":[{"href":"https:\/\/www.blakors.no\/behandling\/wp-json\/wp\/v2\/pages\/476","targetHints":{"allow":["GET"]}}],"collection":[{"href":"https:\/\/www.blakors.no\/behandling\/wp-json\/wp\/v2\/pages"}],"about":[{"href":"https:\/\/www.blakors.no\/behandling\/wp-json\/wp\/v2\/types\/page"}],"author":[{"embeddable":true,"href":"https:\/\/www.blakors.no\/behandling\/wp-json\/wp\/v2\/users\/86"}],"replies":[{"embeddable":true,"href":"https:\/\/www.blakors.no\/behandling\/wp-json\/wp\/v2\/comments?post=476"}],"version-history":[{"count":4,"href":"https:\/\/www.blakors.no\/behandling\/wp-json\/wp\/v2\/pages\/476\/revisions"}],"predecessor-version":[{"id":697,"href":"https:\/\/www.blakors.no\/behandling\/wp-json\/wp\/v2\/pages\/476\/revisions\/697"}],"wp:attachment":[{"href":"https:\/\/www.blakors.no\/behandling\/wp-json\/wp\/v2\/media?parent=476"}],"curies":[{"name":"wp","href":"https:\/\/api.w.org\/{rel}","templated":true}]}}