{"id":176,"date":"2024-01-08T12:47:08","date_gmt":"2024-01-08T11:47:08","guid":{"rendered":"https:\/\/www.blakors.no\/drammen\/?page_id=176"},"modified":"2026-01-08T11:37:44","modified_gmt":"2026-01-08T10:37:44","slug":"berort-av-rus","status":"publish","type":"page","link":"https:\/\/www.blakors.no\/drammen\/berort-av-rus\/","title":{"rendered":"Ber\u00f8rt av rus"},"content":{"rendered":"\n<div class=\"wp-block-lib-header alignfull hide\"><div class=\"header-innercontent\"><\/div><\/div>\n\n\n\n<blockquote class=\"wp-block-quote is-layout-flow wp-block-quote-is-layout-flow\">\n<p>Et lavterskeltilbud til p\u00e5r\u00f8rende<\/p>\n<\/blockquote>\n\n\n\n<figure class=\"wp-block-image size-full\"><img loading=\"lazy\" decoding=\"async\" width=\"900\" height=\"900\" src=\"https:\/\/www.blakors.no\/content\/uploads\/sites\/37\/2024\/09\/blaa-armer.jpg\" alt=\"\" class=\"wp-image-261\" srcset=\"https:\/\/www.blakors.no\/content\/uploads\/sites\/37\/2024\/09\/blaa-armer.jpg 900w, https:\/\/www.blakors.no\/content\/uploads\/sites\/37\/2024\/09\/blaa-armer-300x300.jpg 300w, https:\/\/www.blakors.no\/content\/uploads\/sites\/37\/2024\/09\/blaa-armer-150x150.jpg 150w, https:\/\/www.blakors.no\/content\/uploads\/sites\/37\/2024\/09\/blaa-armer-768x768.jpg 768w, https:\/\/www.blakors.no\/content\/uploads\/sites\/37\/2024\/09\/blaa-armer-200x200.jpg 200w\" sizes=\"auto, (max-width: 900px) 100vw, 900px\" \/><\/figure>\n\n\n\n<blockquote class=\"wp-block-quote is-layout-flow wp-block-quote-is-layout-flow\">\n<p>F\u00f8ler du at andres rusbruk g\u00e5r ut over deg? <\/p>\n<\/blockquote>\n\n\n\n<p>Ber\u00f8rt av rus er et p\u00e5r\u00f8rendeprosjekt som tilbyr informasjon og r\u00e5dgivning til mennesker som opplever seg ber\u00f8rt av andres rusbruk. Prosjektet er et samarbeid mellom Bl\u00e5 Kors, Kirkens Bymisjon og Drammen Kommune, og er et gratistilbud som retter seg mot b\u00e5de voksne og barn. <em>Ber\u00f8rt av rus<\/em> \u00f8nsker \u00e5 gj\u00f8re det lettere for p\u00e5r\u00f8rende \u00e5 komme i kontakt med andre i tilsvarende situasjon, og finne st\u00f8tte og glede i b\u00e5de andre ber\u00f8rte og prosjektets ansatte.&nbsp;&nbsp;<\/p>\n\n\n\n<p>Ingen henvisning, ingen egen betaling<\/p>\n\n\n\n<figure class=\"wp-block-image size-large\"><img loading=\"lazy\" decoding=\"async\" width=\"1024\" height=\"529\" src=\"https:\/\/www.blakors.no\/content\/uploads\/sites\/37\/2024\/03\/apen-kafe-1024x529.jpg\" alt=\"\" class=\"wp-image-221\" srcset=\"https:\/\/www.blakors.no\/content\/uploads\/sites\/37\/2024\/03\/apen-kafe-1024x529.jpg 1024w, https:\/\/www.blakors.no\/content\/uploads\/sites\/37\/2024\/03\/apen-kafe-300x155.jpg 300w, https:\/\/www.blakors.no\/content\/uploads\/sites\/37\/2024\/03\/apen-kafe-768x397.jpg 768w, https:\/\/www.blakors.no\/content\/uploads\/sites\/37\/2024\/03\/apen-kafe.jpg 1200w\" sizes=\"auto, (max-width: 1024px) 100vw, 1024px\" \/><\/figure>\n\n\n\n<p><strong>\u00c5pningstider \u00c5pen kaf\u00e9<\/strong>:<\/p>\n\n\n\n<p>\u00c5pen kafe hver tirsdag og torsdag kl 12\u201314 i Aktivitetskafeen i Thornegata 26 i Drammen. En uformell m\u00f8teplass for ber\u00f8rte og p\u00e5r\u00f8rende av rusavhengige, eller om du tidligere har v\u00e6rt ber\u00f8rt av andres rusbruk.<\/p>\n\n\n\n<p>\u00c5pen kveldskaf\u00e9 en mandag i m\u00e5neden (f\u00f8rste mandag hver m\u00e5ned), kl 18\u201320 i Aktivitetskafeen\u00a0i Thornegata 26 i Drammen. Dette er en kveld hvor vi har kafeen for oss selv. Her har vi \u00e5pne samtaler og inviterer inn lignende organisasjoner. Se v\u00e5r Facebook side for datoer og hva som skjer fremover!<\/p>\n\n\n\n<ul class=\"wp-block-list\">\n<li>\u00c5pen kaf\u00e9<\/li>\n\n\n\n<li>Individuelle samtaler<\/li>\n\n\n\n<li>Temakvelder<\/li>\n\n\n\n<li>Nettverksgrupper<\/li>\n\n\n\n<li>Selvhjelpsgrupper<\/li>\n<\/ul>\n\n\n\n<p>\u00d8nsker du mer informasjon om prosjektet, ta kontakt med en av oss: <\/p>\n\n\n\n<p>Hege Christine Karlsen: p\u00e5r\u00f8rendekoordinator&nbsp;&nbsp;<br>Mail: <a href=\"mailto:hege.karlsen@blakors.no\" target=\"_blank\" rel=\"noreferrer noopener\">hege.karlsen@blakors.no<\/a> Tlf: 402 87 780<\/p>\n\n\n\n<p>Elin Kristoffersen: p\u00e5r\u00f8rendekoordinator&nbsp;&nbsp;<br>Mail: <a href=\"mailto:elin.kristoffersen@bymisjon.no\" target=\"_blank\" rel=\"noreferrer noopener\">elin.kristoffersen@bymisjon.no<\/a> Tlf: 477 80 149&nbsp;<\/p>\n\n\n\n<p>Under finner dere filer for nedlasting med tilpasset info for barn \/ ungdom \/ voksne. <\/p>\n\n\n\n<div data-wp-interactive=\"core\/file\" class=\"wp-block-file\"><object data-wp-bind--hidden=\"!state.hasPdfPreview\" hidden class=\"wp-block-file__embed\" data=\"https:\/\/www.blakors.no\/content\/uploads\/sites\/37\/2025\/04\/Berort-av-rus-BARN.pdf\" type=\"application\/pdf\" style=\"width:100%;height:600px\" aria-label=\"Innbygging av Berort-av-rus-BARN\"><\/object><a id=\"wp-block-file--media-0ce6369e-6266-4bcb-b013-22241632e3d5\" href=\"https:\/\/www.blakors.no\/content\/uploads\/sites\/37\/2025\/04\/Berort-av-rus-BARN.pdf\">Berort-av-rus-BARN<\/a><a href=\"https:\/\/www.blakors.no\/content\/uploads\/sites\/37\/2025\/04\/Berort-av-rus-BARN.pdf\" class=\"wp-block-file__button wp-element-button\" download aria-describedby=\"wp-block-file--media-0ce6369e-6266-4bcb-b013-22241632e3d5\">Last ned<\/a><\/div>\n\n\n\n<div data-wp-interactive=\"core\/file\" class=\"wp-block-file\"><object data-wp-bind--hidden=\"!state.hasPdfPreview\" hidden class=\"wp-block-file__embed\" data=\"https:\/\/www.blakors.no\/content\/uploads\/sites\/37\/2025\/04\/Berort-av-rus-UNGDOM.pdf\" type=\"application\/pdf\" style=\"width:100%;height:600px\" aria-label=\"Innbygging av Berort-av-rus-UNGDOM\"><\/object><a id=\"wp-block-file--media-d2fd2371-fc08-43c2-b01d-aa558b7420a5\" href=\"https:\/\/www.blakors.no\/content\/uploads\/sites\/37\/2025\/04\/Berort-av-rus-UNGDOM.pdf\">Berort-av-rus-UNGDOM<\/a><a href=\"https:\/\/www.blakors.no\/content\/uploads\/sites\/37\/2025\/04\/Berort-av-rus-UNGDOM.pdf\" class=\"wp-block-file__button wp-element-button\" download aria-describedby=\"wp-block-file--media-d2fd2371-fc08-43c2-b01d-aa558b7420a5\">Last ned<\/a><\/div>\n\n\n\n<div data-wp-interactive=\"core\/file\" class=\"wp-block-file\"><object data-wp-bind--hidden=\"!state.hasPdfPreview\" hidden class=\"wp-block-file__embed\" data=\"https:\/\/www.blakors.no\/content\/uploads\/sites\/37\/2025\/04\/Berort-av-rus-VOKSEN.pdf\" type=\"application\/pdf\" style=\"width:100%;height:600px\" aria-label=\"Innbygging av Berort-av-rus-VOKSEN\"><\/object><a id=\"wp-block-file--media-f3d05a3b-1e71-465c-ac0f-428cddb0c10d\" href=\"https:\/\/www.blakors.no\/content\/uploads\/sites\/37\/2025\/04\/Berort-av-rus-VOKSEN.pdf\">Berort-av-rus-VOKSEN<\/a><a href=\"https:\/\/www.blakors.no\/content\/uploads\/sites\/37\/2025\/04\/Berort-av-rus-VOKSEN.pdf\" class=\"wp-block-file__button wp-element-button\" download aria-describedby=\"wp-block-file--media-f3d05a3b-1e71-465c-ac0f-428cddb0c10d\">Last ned<\/a><\/div>\n","protected":false},"excerpt":{"rendered":"<p>Et lavterskeltilbud til p\u00e5r\u00f8rende F\u00f8ler du at andres rusbruk g\u00e5r ut over deg? Ber\u00f8rt av rus er et p\u00e5r\u00f8rendeprosjekt som tilbyr informasjon og r\u00e5dgivning til mennesker som opplever seg ber\u00f8rt av andres rusbruk. Prosjektet er et samarbeid mellom Bl\u00e5 Kors, Kirkens Bymisjon og Drammen Kommune, og er et gratistilbud som retter seg mot b\u00e5de voksne [&hellip;]<\/p>\n","protected":false},"author":92,"featured_media":0,"parent":0,"menu_order":0,"comment_status":"closed","ping_status":"closed","template":"","meta":{"_acf_changed":false,"_relevanssi_hide_post":"","_relevanssi_hide_content":"","_relevanssi_pin_for_all":"","_relevanssi_pin_keywords":"","_relevanssi_unpin_keywords":"","_relevanssi_related_keywords":"","_relevanssi_related_include_ids":"","_relevanssi_related_exclude_ids":"","_relevanssi_related_no_append":"","_relevanssi_related_not_related":"","_relevanssi_related_posts":"","_relevanssi_noindex_reason":"","_custom_cards_description":"","footnotes":""},"class_list":["post-176","page","type-page","status-publish","hentry"],"acf":[],"_links":{"self":[{"href":"https:\/\/www.blakors.no\/drammen\/wp-json\/wp\/v2\/pages\/176","targetHints":{"allow":["GET"]}}],"collection":[{"href":"https:\/\/www.blakors.no\/drammen\/wp-json\/wp\/v2\/pages"}],"about":[{"href":"https:\/\/www.blakors.no\/drammen\/wp-json\/wp\/v2\/types\/page"}],"author":[{"embeddable":true,"href":"https:\/\/www.blakors.no\/drammen\/wp-json\/wp\/v2\/users\/92"}],"replies":[{"embeddable":true,"href":"https:\/\/www.blakors.no\/drammen\/wp-json\/wp\/v2\/comments?post=176"}],"version-history":[{"count":4,"href":"https:\/\/www.blakors.no\/drammen\/wp-json\/wp\/v2\/pages\/176\/revisions"}],"predecessor-version":[{"id":466,"href":"https:\/\/www.blakors.no\/drammen\/wp-json\/wp\/v2\/pages\/176\/revisions\/466"}],"wp:attachment":[{"href":"https:\/\/www.blakors.no\/drammen\/wp-json\/wp\/v2\/media?parent=176"}],"curies":[{"name":"wp","href":"https:\/\/api.w.org\/{rel}","templated":true}]}}