{"id":2,"date":"2023-03-13T13:54:45","date_gmt":"2023-03-13T12:54:45","guid":{"rendered":"https:\/\/www.blakors.no\/drammen\/?page_id=2"},"modified":"2026-01-29T14:31:53","modified_gmt":"2026-01-29T13:31:53","slug":"om-oss","status":"publish","type":"page","link":"https:\/\/www.blakors.no\/drammen\/om-oss\/","title":{"rendered":"Samarbeid"},"content":{"rendered":"\n<blockquote class=\"wp-block-quote is-layout-flow wp-block-quote-is-layout-flow\">\n<p class=\"has-blue-dark-color has-brown-light-background-color has-text-color has-background\">Du kan gj\u00f8re en forskjell <\/p>\n<\/blockquote>\n\n\n\n<figure class=\"wp-block-image size-full\"><img loading=\"lazy\" decoding=\"async\" width=\"500\" height=\"710\" src=\"https:\/\/www.blakors.no\/content\/uploads\/sites\/37\/2026\/01\/sammen-skaper-vi-haap.jpg\" alt=\"\" class=\"wp-image-468\" srcset=\"https:\/\/www.blakors.no\/content\/uploads\/sites\/37\/2026\/01\/sammen-skaper-vi-haap.jpg 500w, https:\/\/www.blakors.no\/content\/uploads\/sites\/37\/2026\/01\/sammen-skaper-vi-haap-211x300.jpg 211w\" sizes=\"auto, (max-width: 500px) 100vw, 500px\" \/><\/figure>\n\n\n\n<p>Ta kontakt p\u00e5 v\u00e5r felles e-post <a href=\"mailto:drammen@blakors.no\">sbkd@blakors.no<\/a> eller benytt <br><br><strong>Gavekonto: 3201.19.91423 <br>Vipps 140435<\/strong><\/p>\n\n\n\n<p><br><br>Merk betalingen med \u00f8nsket gave. Som takk vil vi lage et digitalt takkekort og publisere i v\u00e5re kanaler.<\/p>\n\n\n\n<p><strong>Vil du bli frivillig? <\/strong><br><br>Vi har s\u00e5 mange spennende oppgaver, personer og familier vi jobber med her i Cappelens gate.<br>Som frivillig Tidgiver kan du bidra med akkurat det du har lyst til, p\u00e5 den tiden du har rom for! <br>V\u00e5re Tidgivere tilf\u00f8rer s\u00e5 mye positivt i v\u00e5rt team! Her er noen av det de bidrar med, som inspirasjon til deg hvis du ogs\u00e5 har lyst il \u00e5 bidra for Bl\u00e5 Kors Drammen. Meld interesse til <a href=\"mailto:drammen@blakors.no\">sbkd@blakors.no<\/a> <\/p>\n\n\n\n<ul class=\"wp-block-list\">\n<li>Matlaging til mestringsgrupper (barnas stasjon) <\/li>\n\n\n\n<li>Kobling til en og en deltaker (steg for steg) <\/li>\n\n\n\n<li>Henting, fordeling og utdeling av matkasser (matutdelingen)<\/li>\n\n\n\n<li>V\u00e6re med p\u00e5 turer, helgeaktiviteter, og ferier (med familier fra barnas stasjon) <\/li>\n\n\n\n<li>Delta p\u00e5 onsdagskaffe (steg for steg)<\/li>\n\n\n\n<li>&#8230;<\/li>\n\n\n\n<li>&#8230;<\/li>\n\n\n\n<li>&#8230;<br><br>Som Tidgiver i Bl\u00e5 Kors f\u00e5r man tilbud om oppl\u00e6ring og Tidgiverkurs.<\/li>\n<\/ul>\n\n\n\n<figure class=\"wp-block-image size-full\"><img decoding=\"async\" srcset=\"https:\/\/v.imgi.no\/blakors-636-f044d0c05fa83cc6f5274ae9de6f36f8-109x150\/2026_01_frivillig-2.webp 109w, https:\/\/v.imgi.no\/blakors-636-f044d0c05fa83cc6f5274ae9de6f36f8-217x300\/2026_01_frivillig-2.webp 217w, https:\/\/v.imgi.no\/blakors-636-f044d0c05fa83cc6f5274ae9de6f36f8-595x822\/2026_01_frivillig-2.webp 595w, https:\/\/v.imgi.no\/blakors-636-f044d0c05fa83cc6f5274ae9de6f36f8-595x822\/2026_01_frivillig-2.webp 595w, https:\/\/v.imgi.no\/blakors-636-f044d0c05fa83cc6f5274ae9de6f36f8-595x822\/2026_01_frivillig-2.webp 595w, https:\/\/v.imgi.no\/blakors-636-f044d0c05fa83cc6f5274ae9de6f36f8-595x822\/2026_01_frivillig-2.webp 595w, https:\/\/v.imgi.no\/blakors-636-f044d0c05fa83cc6f5274ae9de6f36f8-217x300\/2026_01_frivillig-2.webp 217w, https:\/\/v.imgi.no\/blakors-636-f044d0c05fa83cc6f5274ae9de6f36f8-261x360\/2026_01_frivillig-2.webp 261w, https:\/\/v.imgi.no\/blakors-636-f044d0c05fa83cc6f5274ae9de6f36f8-145x200\/2026_01_frivillig-2.webp 145w, https:\/\/v.imgi.no\/blakors-636-f044d0c05fa83cc6f5274ae9de6f36f8-595x822\/2026_01_frivillig-2.webp 595w, https:\/\/v.imgi.no\/blakors-636-f044d0c05fa83cc6f5274ae9de6f36f8-217x300\/2026_01_frivillig-2.webp 217w, https:\/\/v.imgi.no\/blakors-636-f044d0c05fa83cc6f5274ae9de6f36f8-290x400\/2026_01_frivillig-2.webp 290w, https:\/\/v.imgi.no\/blakors-636-f044d0c05fa83cc6f5274ae9de6f36f8-434x600\/2026_01_frivillig-2.webp 434w, https:\/\/v.imgi.no\/blakors-636-f044d0c05fa83cc6f5274ae9de6f36f8-595x822\/2026_01_frivillig-2.webp 595w, https:\/\/v.imgi.no\/blakors-636-f044d0c05fa83cc6f5274ae9de6f36f8-595x822\/2026_01_frivillig-2.webp 595w\" sizes=\"(max-width: 595px) 100vw, 595px\" src=\"https:\/\/v.imgi.no\/blakors-636-f044d0c05fa83cc6f5274ae9de6f36f8-595x822\/2026_01_frivillig-2.webp\" alt=\"Liten hvit hund holdt av en person i m\u00f8rke kl\u00e6r. Tekst p\u00e5 norsk som promoterer frivillig arbeid for Bl\u00e5 Kors Drammen.\" class=\"imageshop-document-id-8249127 wp-image-636\"\/><\/figure>\n","protected":false},"excerpt":{"rendered":"<p>Du kan gj\u00f8re en forskjell Ta kontakt p\u00e5 v\u00e5r felles e-post sbkd@blakors.no eller benytt Gavekonto: 3201.19.91423 Vipps 140435 Merk betalingen med \u00f8nsket gave. Som takk vil vi lage et digitalt takkekort og publisere i v\u00e5re kanaler. Vil du bli frivillig? Vi har s\u00e5 mange spennende oppgaver, personer og familier vi jobber med her i Cappelens [&hellip;]<\/p>\n","protected":false},"author":86,"featured_media":0,"parent":0,"menu_order":0,"comment_status":"closed","ping_status":"open","template":"","meta":{"_acf_changed":false,"_relevanssi_hide_post":"","_relevanssi_hide_content":"","_relevanssi_pin_for_all":"","_relevanssi_pin_keywords":"","_relevanssi_unpin_keywords":"","_relevanssi_related_keywords":"","_relevanssi_related_include_ids":"","_relevanssi_related_exclude_ids":"","_relevanssi_related_no_append":"","_relevanssi_related_not_related":"","_relevanssi_related_posts":"1","_relevanssi_noindex_reason":"","_custom_cards_description":"","footnotes":""},"class_list":["post-2","page","type-page","status-publish","hentry"],"acf":[],"_links":{"self":[{"href":"https:\/\/www.blakors.no\/drammen\/wp-json\/wp\/v2\/pages\/2","targetHints":{"allow":["GET"]}}],"collection":[{"href":"https:\/\/www.blakors.no\/drammen\/wp-json\/wp\/v2\/pages"}],"about":[{"href":"https:\/\/www.blakors.no\/drammen\/wp-json\/wp\/v2\/types\/page"}],"author":[{"embeddable":true,"href":"https:\/\/www.blakors.no\/drammen\/wp-json\/wp\/v2\/users\/86"}],"replies":[{"embeddable":true,"href":"https:\/\/www.blakors.no\/drammen\/wp-json\/wp\/v2\/comments?post=2"}],"version-history":[{"count":4,"href":"https:\/\/www.blakors.no\/drammen\/wp-json\/wp\/v2\/pages\/2\/revisions"}],"predecessor-version":[{"id":646,"href":"https:\/\/www.blakors.no\/drammen\/wp-json\/wp\/v2\/pages\/2\/revisions\/646"}],"wp:attachment":[{"href":"https:\/\/www.blakors.no\/drammen\/wp-json\/wp\/v2\/media?parent=2"}],"curies":[{"name":"wp","href":"https:\/\/api.w.org\/{rel}","templated":true}]}}