{"id":23,"date":"2023-03-13T14:34:46","date_gmt":"2023-03-13T13:34:46","guid":{"rendered":"https:\/\/www.blakors.no\/drammen\/?page_id=23"},"modified":"2026-01-29T14:37:31","modified_gmt":"2026-01-29T13:37:31","slug":"forste-steg-mot-arbeidslivet","status":"publish","type":"page","link":"https:\/\/www.blakors.no\/drammen\/andre-tilbud\/forste-steg-mot-arbeidslivet\/","title":{"rendered":"F\u00f8rste steg mot arbeidslivet"},"content":{"rendered":"\n<blockquote class=\"wp-block-quote is-layout-flow wp-block-quote-is-layout-flow\">\n<p>Mestring og mening i hverdagen <\/p>\n<\/blockquote>\n\n\n\n<div class=\"wp-block-lib-header alignfull hide\"><div class=\"header-innercontent\"><\/div><\/div>\n\n\n\n<p>F\u00f8rste steg mot arbeidslivet er et&nbsp;prosjekt under Bl\u00e5 Kors livsmestring som gjennom samtaler og aktiviteter i sm\u00e5 grupper, tar opp viktige temaer som gir mening og mestring i hverdagen. Deltakerne til F\u00f8rste steg mot arbeidslivet rekrutteres gjennom NAV. <\/p>\n\n\n\n<figure class=\"wp-block-image aligncenter size-large\"><img loading=\"lazy\" decoding=\"async\" width=\"1024\" height=\"682\" src=\"https:\/\/www.blakors.no\/content\/uploads\/sites\/37\/2023\/03\/AdobeStock_303636428-1024x682.jpg\" alt=\"\" class=\"wp-image-131\" srcset=\"https:\/\/www.blakors.no\/content\/uploads\/sites\/37\/2023\/03\/AdobeStock_303636428-1024x682.jpg 1024w, https:\/\/www.blakors.no\/content\/uploads\/sites\/37\/2023\/03\/AdobeStock_303636428-300x200.jpg 300w, https:\/\/www.blakors.no\/content\/uploads\/sites\/37\/2023\/03\/AdobeStock_303636428-768x512.jpg 768w, https:\/\/www.blakors.no\/content\/uploads\/sites\/37\/2023\/03\/AdobeStock_303636428.jpg 1400w\" sizes=\"auto, (max-width: 1024px) 100vw, 1024px\" \/><figcaption class=\"wp-element-caption\">Illustrasjonsfoto: AdobeStock<\/figcaption><\/figure>\n\n\n\n<figure class=\"wp-block-image size-full\"><img decoding=\"async\" srcset=\"https:\/\/v.imgi.no\/blakors-621-0d50a4d5b765021021595ebebdc21a4f-109x150\/2026_01_hele-1.webp 109w, https:\/\/v.imgi.no\/blakors-621-0d50a4d5b765021021595ebebdc21a4f-217x300\/2026_01_hele-1.webp 217w, https:\/\/v.imgi.no\/blakors-621-0d50a4d5b765021021595ebebdc21a4f-595x822\/2026_01_hele-1.webp 595w, https:\/\/v.imgi.no\/blakors-621-0d50a4d5b765021021595ebebdc21a4f-595x822\/2026_01_hele-1.webp 595w, https:\/\/v.imgi.no\/blakors-621-0d50a4d5b765021021595ebebdc21a4f-595x822\/2026_01_hele-1.webp 595w, https:\/\/v.imgi.no\/blakors-621-0d50a4d5b765021021595ebebdc21a4f-595x822\/2026_01_hele-1.webp 595w, https:\/\/v.imgi.no\/blakors-621-0d50a4d5b765021021595ebebdc21a4f-217x300\/2026_01_hele-1.webp 217w, https:\/\/v.imgi.no\/blakors-621-0d50a4d5b765021021595ebebdc21a4f-261x360\/2026_01_hele-1.webp 261w, https:\/\/v.imgi.no\/blakors-621-0d50a4d5b765021021595ebebdc21a4f-145x200\/2026_01_hele-1.webp 145w, https:\/\/v.imgi.no\/blakors-621-0d50a4d5b765021021595ebebdc21a4f-595x822\/2026_01_hele-1.webp 595w, https:\/\/v.imgi.no\/blakors-621-0d50a4d5b765021021595ebebdc21a4f-217x300\/2026_01_hele-1.webp 217w, https:\/\/v.imgi.no\/blakors-621-0d50a4d5b765021021595ebebdc21a4f-290x400\/2026_01_hele-1.webp 290w, https:\/\/v.imgi.no\/blakors-621-0d50a4d5b765021021595ebebdc21a4f-434x600\/2026_01_hele-1.webp 434w, https:\/\/v.imgi.no\/blakors-621-0d50a4d5b765021021595ebebdc21a4f-595x822\/2026_01_hele-1.webp 595w, https:\/\/v.imgi.no\/blakors-621-0d50a4d5b765021021595ebebdc21a4f-595x822\/2026_01_hele-1.webp 595w\" sizes=\"(max-width: 595px) 100vw, 595px\" src=\"https:\/\/v.imgi.no\/blakors-621-0d50a4d5b765021021595ebebdc21a4f-595x822\/2026_01_hele-1.webp\" class=\"imageshop-document-id-8249079 wp-image-621\"\/><\/figure>\n","protected":false},"excerpt":{"rendered":"<p>Mestring og mening i hverdagen F\u00f8rste steg mot arbeidslivet er et&nbsp;prosjekt under Bl\u00e5 Kors livsmestring som gjennom samtaler og aktiviteter i sm\u00e5 grupper, tar opp viktige temaer som gir mening og mestring i hverdagen. Deltakerne til F\u00f8rste steg mot arbeidslivet rekrutteres gjennom NAV.<\/p>\n","protected":false},"author":86,"featured_media":0,"parent":16,"menu_order":0,"comment_status":"closed","ping_status":"closed","template":"","meta":{"_acf_changed":false,"_relevanssi_hide_post":"","_relevanssi_hide_content":"","_relevanssi_pin_for_all":"","_relevanssi_pin_keywords":"","_relevanssi_unpin_keywords":"","_relevanssi_related_keywords":"","_relevanssi_related_include_ids":"","_relevanssi_related_exclude_ids":"","_relevanssi_related_no_append":"","_relevanssi_related_not_related":"","_relevanssi_related_posts":"","_relevanssi_noindex_reason":"","_custom_cards_description":"","footnotes":""},"class_list":["post-23","page","type-page","status-publish","hentry"],"acf":[],"_links":{"self":[{"href":"https:\/\/www.blakors.no\/drammen\/wp-json\/wp\/v2\/pages\/23","targetHints":{"allow":["GET"]}}],"collection":[{"href":"https:\/\/www.blakors.no\/drammen\/wp-json\/wp\/v2\/pages"}],"about":[{"href":"https:\/\/www.blakors.no\/drammen\/wp-json\/wp\/v2\/types\/page"}],"author":[{"embeddable":true,"href":"https:\/\/www.blakors.no\/drammen\/wp-json\/wp\/v2\/users\/86"}],"replies":[{"embeddable":true,"href":"https:\/\/www.blakors.no\/drammen\/wp-json\/wp\/v2\/comments?post=23"}],"version-history":[{"count":4,"href":"https:\/\/www.blakors.no\/drammen\/wp-json\/wp\/v2\/pages\/23\/revisions"}],"predecessor-version":[{"id":652,"href":"https:\/\/www.blakors.no\/drammen\/wp-json\/wp\/v2\/pages\/23\/revisions\/652"}],"up":[{"embeddable":true,"href":"https:\/\/www.blakors.no\/drammen\/wp-json\/wp\/v2\/pages\/16"}],"wp:attachment":[{"href":"https:\/\/www.blakors.no\/drammen\/wp-json\/wp\/v2\/media?parent=23"}],"curies":[{"name":"wp","href":"https:\/\/api.w.org\/{rel}","templated":true}]}}