{"id":306,"date":"2025-03-06T11:03:04","date_gmt":"2025-03-06T10:03:04","guid":{"rendered":"https:\/\/www.blakors.no\/drammen\/?page_id=306"},"modified":"2025-10-02T12:02:26","modified_gmt":"2025-10-02T10:02:26","slug":"frivillig","status":"publish","type":"page","link":"https:\/\/www.blakors.no\/drammen\/frivillig\/","title":{"rendered":"Bli frivillig tidgiver hos Bl\u00e5 Kors Drammen"},"content":{"rendered":"\n\t<div style=\"--t2-hero-dim:0;\" class=\"t2-hero t2-hero-content-position-center-left t2-hero-has-dim-0 t2-hero-has-fullsize-image alignfull  t2-hero-has-white-gradient-overlay wp-block-t2-hero\">\n\t\t<img decoding=\"async\" width=\"1598\" height=\"2400\" src=\"https:\/\/www.blakors.no\/content\/uploads\/sites\/37\/2025\/03\/statue-drammen.jpg\" class=\"t2-hero__image\" alt=\"statue i drammen\" style=\"object-position: 55% 63%;\" loading=\"eager\" fetchpriority=\"high\" srcset=\"https:\/\/www.blakors.no\/content\/uploads\/sites\/37\/2025\/03\/statue-drammen.jpg 1598w, https:\/\/www.blakors.no\/content\/uploads\/sites\/37\/2025\/03\/statue-drammen-200x300.jpg 200w, https:\/\/www.blakors.no\/content\/uploads\/sites\/37\/2025\/03\/statue-drammen-682x1024.jpg 682w, https:\/\/www.blakors.no\/content\/uploads\/sites\/37\/2025\/03\/statue-drammen-768x1153.jpg 768w, https:\/\/www.blakors.no\/content\/uploads\/sites\/37\/2025\/03\/statue-drammen-1023x1536.jpg 1023w, https:\/\/www.blakors.no\/content\/uploads\/sites\/37\/2025\/03\/statue-drammen-1364x2048.jpg 1364w, https:\/\/www.blakors.no\/content\/uploads\/sites\/37\/2025\/03\/statue-drammen-959x1440.jpg 959w\" sizes=\"(max-width: 1598px) 100vw, 1598px\" \/>\n\t\t<div class=\"t2-hero__header\"><div class=\"t2-hero__header__content\">\n\n<h1 id=\"bli-frivillig-tidgiver-hos-bla-kors-drammen\"  class=\"wp-block-heading\" ><mark style=\"background-color:#D8EBE6;color:#052766\" class=\"has-inline-color\">Bli frivillig tidgiver hos Bl\u00e5 Kors Drammen<\/mark><\/h1>\n\n\n\n<p>Hos oss i Bl\u00e5 Kors Drammen har vi flere verdifulle ekstra hender, i form av tidgivere som gj\u00f8r en uvurdelig&nbsp;innsats for v\u00e5re deltakere og brukere.<\/p>\n\n<\/div><\/div>\n\t<\/div>\n\n\n<p><sub>Foto: &laquo;Alone&raquo; av Samir<\/sub><\/p>\n\n\n\n<h2 id=\"hva-kan-du-gjore-som-tidgiver-i-drammen\"  class=\"wp-block-heading\" >Hva kan du gj\u00f8re som tidgiver i Drammen?<\/h2>\n\n\n\n<h3 id=\"bla-kors-steg-for-steg\"  class=\"wp-block-heading\" ><strong>Bl\u00e5 Kors steg for steg<\/strong><\/h3>\n\n\n\n<p>I&nbsp;virksomhet steg for steg er alle deltakere koblet med en tidgiver, som f\u00f8lger opp en til en. Her f\u00e5r tidgiver bidra med det han\/hun \u00f8nsker. Tidgivere og deltakere i steg for steg avtaler selv hvor ofte de vil m\u00f8tes og hva de \u00f8nsker \u00e5 gj\u00f8re. Dette kan v\u00e6re \u00e5 ta en is sammen p\u00e5 Bragernes Torg, &nbsp;g\u00e5 en tur i Drammensmarka eller dra p\u00e5 utflukt med kamera, som bildet her er et eksempel p\u00e5.&nbsp;<\/p>\n\n\n\n<h3 id=\"bla-kors-gatenaert\"  class=\"wp-block-heading\" ><strong>Bl\u00e5 Kors gaten\u00e6rt<\/strong><\/h3>\n\n\n\n<p>Virksomhet gaten\u00e6rt har tidgivere som bist\u00e5r i blant annet den ukentlige matutdelingen i underetasjen i Arups gate p\u00e5 mandager. Her jobber tidgiverne iherdig med \u00e5 hente, pakke og dele ut matkasser til stor glede for takknemlige mottakere.&nbsp;<\/p>\n\n\n\n<h3 id=\"bla-kors-barnas-stasjon\"  class=\"wp-block-heading\" ><strong>Bl\u00e5 Kors barnas stasjon<\/strong><\/h3>\n\n\n\n<p>Hos virksomhet barnas stasjon har vi flere frivillige som bidrar hjertelig inn i grupper og familieaktiviteter med sin trygge tilstedev\u00e6relse. Det kan v\u00e6re alt fra \u00e5 v\u00e6re med p\u00e5&nbsp;b\u00e5ltur i Hamborgstr\u00f8mskogen, lage mat p\u00e5 kj\u00f8kkenet i Arups gate, v\u00e6re en omsorgsperson i mestringsgrupper for barn eller p\u00e5 ferie.&nbsp;<\/p>\n\n\n\n<div class=\"wp-block-cover alignfull is-light\" style=\"min-height:257px;aspect-ratio:unset;\"><img decoding=\"async\" class=\"wp-block-cover__image-background wp-image-37810\" alt=\"\" src=\"https:\/\/www.blakors.no\/content\/uploads\/2021\/06\/CTA-jul.jpg\" style=\"object-position:15% 21%\" data-object-fit=\"cover\" data-object-position=\"15% 21%\"\/><span aria-hidden=\"true\" class=\"wp-block-cover__background has-blue-light-background-color has-background-dim-100 has-background-dim\"><\/span><div class=\"wp-block-cover__inner-container is-layout-constrained wp-block-cover-is-layout-constrained\">\n<div class=\"wp-block-group alignwide is-layout-constrained wp-block-group-is-layout-constrained\">\n<div style=\"height:20px\" aria-hidden=\"true\" class=\"wp-block-spacer\"><\/div>\n\n\n\n<h3 id=\"vil-du-bli-frivillig-tidgiver\"  class=\"wp-block-heading has-text-align-left has-blue-darker-color has-text-color\" ><strong>Vil du bli frivillig tidgiver?<\/strong><\/h3>\n\n\n\n<p class=\"has-text-align-left has-blue-darker-color has-text-color\">Ved \u00e5 gi tid, vil du ogs\u00e5 oppleve mening, glede og felleskap. Vi trenger akkurat deg!<\/p>\n\n\n\n<p class=\"has-blue-dark-color has-text-color\">Alle tidgivere er verdifulle bidrag i arbeidet med \u00e5 m\u00f8te alle som kommer til oss i Bl\u00e5 Kors Drammen med hjerte, kunnskap og kraft for \u00e5 oppn\u00e5 mening og mestring i en utfordrende hverdag.&nbsp;<\/p>\n\n\n\n<div class=\"wp-block-buttons is-layout-flex wp-block-buttons-is-layout-flex\">\n<div class=\"wp-block-button\"><a class=\"wp-block-button__link wp-element-button\" href=\"https:\/\/www.blakors.no\/frivillig\/\">Meld deg som frivillig her<\/a><\/div>\n<\/div>\n\n\n\n<p class=\"has-blue-dark-color has-text-color\"><\/p>\n<\/div>\n<\/div><\/div>\n","protected":false},"excerpt":{"rendered":"<p>Foto: &laquo;Alone&raquo; av Samir Hva kan du gj\u00f8re som tidgiver i Drammen? Bl\u00e5 Kors steg for steg I&nbsp;virksomhet steg for steg er alle deltakere koblet med en tidgiver, som f\u00f8lger opp en til en. Her f\u00e5r tidgiver bidra med det han\/hun \u00f8nsker. Tidgivere og deltakere i steg for steg avtaler selv hvor ofte de vil [&hellip;]<\/p>\n","protected":false},"author":86,"featured_media":307,"parent":0,"menu_order":0,"comment_status":"closed","ping_status":"closed","template":"","meta":{"_acf_changed":false,"_relevanssi_hide_post":"","_relevanssi_hide_content":"","_relevanssi_pin_for_all":"","_relevanssi_pin_keywords":"","_relevanssi_unpin_keywords":"","_relevanssi_related_keywords":"","_relevanssi_related_include_ids":"","_relevanssi_related_exclude_ids":"","_relevanssi_related_no_append":"","_relevanssi_related_not_related":"","_relevanssi_related_posts":"","_relevanssi_noindex_reason":"","_custom_cards_description":"","footnotes":""},"class_list":["post-306","page","type-page","status-publish","has-post-thumbnail","hentry"],"acf":[],"_links":{"self":[{"href":"https:\/\/www.blakors.no\/drammen\/wp-json\/wp\/v2\/pages\/306","targetHints":{"allow":["GET"]}}],"collection":[{"href":"https:\/\/www.blakors.no\/drammen\/wp-json\/wp\/v2\/pages"}],"about":[{"href":"https:\/\/www.blakors.no\/drammen\/wp-json\/wp\/v2\/types\/page"}],"author":[{"embeddable":true,"href":"https:\/\/www.blakors.no\/drammen\/wp-json\/wp\/v2\/users\/86"}],"replies":[{"embeddable":true,"href":"https:\/\/www.blakors.no\/drammen\/wp-json\/wp\/v2\/comments?post=306"}],"version-history":[{"count":5,"href":"https:\/\/www.blakors.no\/drammen\/wp-json\/wp\/v2\/pages\/306\/revisions"}],"predecessor-version":[{"id":444,"href":"https:\/\/www.blakors.no\/drammen\/wp-json\/wp\/v2\/pages\/306\/revisions\/444"}],"wp:featuredmedia":[{"embeddable":true,"href":"https:\/\/www.blakors.no\/drammen\/wp-json\/wp\/v2\/media\/307"}],"wp:attachment":[{"href":"https:\/\/www.blakors.no\/drammen\/wp-json\/wp\/v2\/media?parent=306"}],"curies":[{"name":"wp","href":"https:\/\/api.w.org\/{rel}","templated":true}]}}