{"id":489,"date":"2026-01-19T10:15:10","date_gmt":"2026-01-19T09:15:10","guid":{"rendered":"https:\/\/www.blakors.no\/drammen\/?page_id=489"},"modified":"2026-01-29T14:33:43","modified_gmt":"2026-01-29T13:33:43","slug":"matutdeling","status":"publish","type":"page","link":"https:\/\/www.blakors.no\/drammen\/matutdeling\/","title":{"rendered":"Matutdelingen"},"content":{"rendered":"\n\t<div style=\"--t2-hero-dim:0;\" class=\"t2-hero t2-hero-content-position-center-left t2-hero-has-dim-0 alignfull wp-block-t2-hero has-background has-pink-light-background-color\">\n\t\t\n\t\t<div class=\"t2-hero__header\"><div class=\"t2-hero__header__content\">\n\n<h1 id=\"matutdelingen\"  class=\"wp-block-heading\" >Matutdelingen<\/h1>\n\n\n\n<p>Mat med mening<\/p>\n\n<\/div><\/div>\n\t<\/div>\n\n\n<figure class=\"wp-block-image size-full\"><img loading=\"lazy\" decoding=\"async\" width=\"550\" height=\"303\" src=\"https:\/\/www.blakors.no\/content\/uploads\/sites\/37\/2026\/01\/mmm-mars.jpg\" alt=\"\" class=\"wp-image-496\" srcset=\"https:\/\/www.blakors.no\/content\/uploads\/sites\/37\/2026\/01\/mmm-mars.jpg 550w, https:\/\/www.blakors.no\/content\/uploads\/sites\/37\/2026\/01\/mmm-mars-300x165.jpg 300w\" sizes=\"auto, (max-width: 550px) 100vw, 550px\" \/><\/figure>\n\n\n\n<p>Ukentlig utdeling av forh\u00e5ndsbestilte matkasser til mennesker i s\u00e5rbare livssituasjoner. Hos Matutdelingen hos Bl\u00e5 Kors Drammen m\u00f8ter du b\u00e5de ansatte og Tidgivere (frivillige) som bidrar med alt fra kj\u00f8ring og henting av matvarer p\u00e5 Matsentralen i Oslo til kaffe og varme smil til bes\u00f8kende som kommer og henter matkasser i Cappelens gate. <br><br>Vi \u00f8nsker flere frivillige, s\u00e6rlig med f\u00f8rekort BE p\u00e5 bil og henger. <br>Ta kontakt med Tidgiverkoordinator Karin Dokken dersom du \u00f8nsker \u00e5 bidra: 411 96 175 <br>Eller bruk skjema &#8211; f\u00f8lg linken <\/p>\n\n\n\n<p><a href=\"https:\/\/frivillig.no\/bl-kors---steg-for-steg\/kan-du-kjore-bil-med-henger-til-matsentralen-i-oslo-mandager?fbclid=IwY2xjawPa3P5leHRuA2FlbQIxMQBzcnRjBmFwcF9pZBAyMjIwMzkxNzg4MjAwODkyAAEe3GI4Qy1C4wiU2hArqBYgIGb2o1-gxreBw9muhggWhP7sEchXvYWH4EJu5E4_aem_WG9SYLcEp6moU5wl7h2D_Q\" target=\"_blank\" rel=\"noopener\">https:\/\/frivillig.no\/bl-kors&#8212;steg-for-steg\/kan-du-kjore-bil-med-henger-til-matsentralen-i-oslo-mandager?fbclid=IwY2xjawPa3P5leHRuA2FlbQIxMQBzcnRjBmFwcF9pZBAyMjIwMzkxNzg4MjAwODkyAAEe3GI4Qy1C4wiU2hArqBYgIGb2o1-gxreBw9muhggWhP7sEchXvYWH4EJu5E4_aem_WG9SYLcEp6moU5wl7h2D_Q<\/a><\/p>\n\n\n\n<p>For \u00e5 bli mottaker av matkasse, ta kontakt p\u00e5 mail: <a href=\"mailto:sbkd@blakors.no\">sbkd@blakors.no<\/a> for \u00e5 f\u00e5 tilsendt s\u00f8knadsskjema. <\/p>\n\n\n\n<figure class=\"wp-block-image size-full\"><img loading=\"lazy\" decoding=\"async\" width=\"595\" height=\"822\" src=\"https:\/\/www.blakors.no\/content\/uploads\/sites\/37\/2026\/01\/sentrum-3.jpg\" alt=\"\" class=\"wp-image-647\" srcset=\"https:\/\/www.blakors.no\/content\/uploads\/sites\/37\/2026\/01\/sentrum-3.jpg 595w, https:\/\/www.blakors.no\/content\/uploads\/sites\/37\/2026\/01\/sentrum-3-217x300.jpg 217w\" sizes=\"auto, (max-width: 595px) 100vw, 595px\" \/><\/figure>\n","protected":false},"excerpt":{"rendered":"<p>Ukentlig utdeling av forh\u00e5ndsbestilte matkasser til mennesker i s\u00e5rbare livssituasjoner. Hos Matutdelingen hos Bl\u00e5 Kors Drammen m\u00f8ter du b\u00e5de ansatte og Tidgivere (frivillige) som bidrar med alt fra kj\u00f8ring og henting av matvarer p\u00e5 Matsentralen i Oslo til kaffe og varme smil til bes\u00f8kende som kommer og henter matkasser i Cappelens gate. Vi \u00f8nsker flere [&hellip;]<\/p>\n","protected":false},"author":86,"featured_media":0,"parent":0,"menu_order":0,"comment_status":"closed","ping_status":"closed","template":"","meta":{"_acf_changed":false,"_relevanssi_hide_post":"","_relevanssi_hide_content":"","_relevanssi_pin_for_all":"","_relevanssi_pin_keywords":"","_relevanssi_unpin_keywords":"","_relevanssi_related_keywords":"","_relevanssi_related_include_ids":"","_relevanssi_related_exclude_ids":"","_relevanssi_related_no_append":"","_relevanssi_related_not_related":"","_relevanssi_related_posts":"","_relevanssi_noindex_reason":"","_custom_cards_description":"","footnotes":""},"class_list":["post-489","page","type-page","status-publish","hentry"],"acf":[],"_links":{"self":[{"href":"https:\/\/www.blakors.no\/drammen\/wp-json\/wp\/v2\/pages\/489","targetHints":{"allow":["GET"]}}],"collection":[{"href":"https:\/\/www.blakors.no\/drammen\/wp-json\/wp\/v2\/pages"}],"about":[{"href":"https:\/\/www.blakors.no\/drammen\/wp-json\/wp\/v2\/types\/page"}],"author":[{"embeddable":true,"href":"https:\/\/www.blakors.no\/drammen\/wp-json\/wp\/v2\/users\/86"}],"replies":[{"embeddable":true,"href":"https:\/\/www.blakors.no\/drammen\/wp-json\/wp\/v2\/comments?post=489"}],"version-history":[{"count":4,"href":"https:\/\/www.blakors.no\/drammen\/wp-json\/wp\/v2\/pages\/489\/revisions"}],"predecessor-version":[{"id":650,"href":"https:\/\/www.blakors.no\/drammen\/wp-json\/wp\/v2\/pages\/489\/revisions\/650"}],"wp:attachment":[{"href":"https:\/\/www.blakors.no\/drammen\/wp-json\/wp\/v2\/media?parent=489"}],"curies":[{"name":"wp","href":"https:\/\/api.w.org\/{rel}","templated":true}]}}