{"id":126,"date":"2020-05-11T16:01:26","date_gmt":"2020-05-11T14:01:26","guid":{"rendered":"https:\/\/www.blakors.no\/ferier\/?page_id=126"},"modified":"2021-12-17T11:05:24","modified_gmt":"2021-12-17T10:05:24","slug":"hotell-weekend-i-oslo-pa-clarion-collection-hotel-savoy","status":"publish","type":"page","link":"https:\/\/www.blakors.no\/ferier\/hotell-weekend-i-oslo-pa-clarion-collection-hotel-savoy\/","title":{"rendered":"Hotellweekend i Oslo p\u00e5 Clarion Collection Hotel Savoy"},"content":{"rendered":"\n<figure class=\"wp-block-embed dekode-gtm-iframe-preview is-type-video is-provider-youtube wp-block-embed-youtube wp-embed-aspect-16-9 wp-has-aspect-ratio\"><div class=\"wp-block-embed__wrapper\">\n<iframe title=\"Bl\u00e5 Kors Ferier + Clarion Collection Hotel Savoy\" width=\"500\" height=\"281\" data-cookieconsent=\"marketing\" data-cookieblock-src=\"https:\/\/www.youtube.com\/embed\/PN_HFEdnyL4?feature=oembed\"  allow=\"accelerometer; autoplay; clipboard-write; encrypted-media; gyroscope; picture-in-picture; web-share\" referrerpolicy=\"strict-origin-when-cross-origin\" allowfullscreen sandbox=\"allow-scripts allow-same-origin allow-popups allow-presentation allow-popups-to-escape-sandbox\"><\/iframe>\n\t\t<div class=\"cookieconsent-optout-marketing dekode-gtm-cookie-consent-video-placeholder\">\n\t\t\t<div class=\"dekode-gtm-cookie-consent is-block-core-embed is-provider-youtube\">\n\t\t\t\t\n\t\t\t<img decoding=\"async\" src=\"https:\/\/i.ytimg.com\/vi\/PN_HFEdnyL4\/hqdefault.jpg\" alt=\"youtube\" \/>\n\t\t\t\t<div class=\"overlay\">\n\t\t\t\t\t<div class=\"cookie-info\">\n\t\t\t\t\t\t<h2 id=\"her-ligger-det-medieinnhold-fra-en-ekstern-kilde\"  >Her ligger det medieinnhold fra en ekstern kilde. <\/h2> \n\n<p>For \u00e5 se innholdet, m\u00e5 du endre samtykket ditt.<\/p>\n\n<p>Les mer om hvordan dataen din blir behandlet av eksterne kilder i personvernerkl\u00e6ringen v\u00e5r.<\/p>\n\t\t\t\t\t\t<p>\n\t\t\t\t\t\t\t<a title=\"Endre samtykke\" class=\"dekode-gtm-cookiebot-renew\" href=\"#\">Endre samtykke<\/a>\n\t\t\t\t\t\t\t\n\t\t\t\t\t\t<\/p>\n\t\t\t\t\t<\/div>\n\t\t\t\t<\/div>\n\t\t\t<\/div>\n\t\t<\/div>\n<\/div><\/figure>\n\n\n\n<p><strong>Har du og din familie lyst til \u00e5 oppleve hovedstaden i f\u00f8rjulstiden?<\/strong><\/p>\n\n\n\n<p>Bl\u00e5 Kors ferier har v\u00e6rt s\u00e5 heldige \u00e5 f\u00e5 muligheten til \u00e5 gi bort gratis hotell-weekender p\u00e5 Clarion Collection Hotel Savoy i 2020.<\/p>\n\n\n\n<p><strong>Neste hotellopphold blir i f\u00f8rjulstiden. S\u00f8knadsfristen har n\u00e5 g\u00e5tt ut.<\/strong><\/p>\n\n\n\n<p>Adresse til Clarion Collection Hotel Savoy: Universitetsgata 11, 0164 Oslo.<\/p>\n\n\n\n<p>Hotellet ligger midt i Oslo sentrum, med byens kultur like utenfor d\u00f8ren.<\/p>\n\n\n\n<p>Kun 5 minutters gange fra togstasjonen p\u00e5 Oslo S og bussholdeplassen ved Nationaltheatret stasjon. Det er et kontantfritt hotell.<\/p>\n\n\n\n<p>Hotellet tilbyr familierom med plass til 4 personer. Frokost, en s\u00f8t snack p\u00e5 ettermiddagen og kveldsmat er inkludert hver dag.<\/p>\n\n\n\n<h2 class=\"wp-block-heading\" id=\"h-inkludert\"><strong>Inkludert:<\/strong><\/h2>\n\n\n\n<ul class=\"wp-block-list\"><li>Overnattingen p\u00e5 hotellet er gratis.<\/li><li>Frokost og kveldsmat er inkludert.<\/li><li>Kinobilletter i vinterferien og f\u00f8rjulsferien.<\/li><li>Gratis inngang til Tusenfryd i sommerferien og h\u00f8stferien.<\/li><li>Vi dekker buss eller togbillett tur\/retur fra hjemsted til Oslo.<\/li><li>Andre utgifter utover det m\u00e5 dekkes selv.<\/li><\/ul>\n\n\n\n<h2 class=\"wp-block-heading\" id=\"h-forsikring\">Forsikring<\/h2>\n\n\n\n<p>Deltakere m\u00e5 ha egen reiseforsikring.<\/p>\n\n\n\n<h2 class=\"wp-block-heading\" id=\"h-annet\">Annet<\/h2>\n\n\n\n<p>For mer informasjon ta kontakt med Hjerterom-koordinator i Bl\u00e5 Kors ferier, Carina Klungland, p\u00e5 telefon 924 60 305 eller e-post: <a rel=\"noreferrer noopener\" aria-label=\"carina.klungland@blakors.no (opens in a new tab)\" href=\"mailto:carina.klungland@blakors.no\" target=\"_blank\">carina.klungland@blakors.no<\/a>.<\/p>\n\n\n\n<h2 class=\"wp-block-heading\" id=\"h-smittevern\">Smittevern<\/h2>\n\n\n\n\n\n<h2 class=\"wp-block-heading\" id=\"h-personvern\">Personvern<\/h2>\n\n\n\n<p>Jeg forst\u00e5r at det er en fullstendig personvernerkl\u00e6ring tilgjengelig nederst p\u00e5 nettsiden, og at jeg kan lese den hvis jeg \u00f8nsker.<br><br>Ved \u00e5 sende inn en s\u00f8knad, samtykker jeg i at Bl\u00e5 Kors ferier behandler mine opplysninger.<br>Ved \u00e5 krysse av p\u00e5 hvilken m\u00e5lgruppe jeg definerer meg og min familie, samtykker jeg i \u00e5 dele disse opplysningene med Bl\u00e5 Kors ferier.<\/p>\n\n\n\n<p>Ved \u00e5 oppgi mine allergier, bidrar jeg til at Bl\u00e5 Kors ferier kan legge til rette for \u00e5 servere trygge\/ helsebringende m\u00e5ltider, og jeg samtykker i \u00e5 dele disse helseopplysningene med Bl\u00e5 Kors ferier.<\/p>\n\n\n\n<div class=\"wp-block-buttons is-content-justification-center is-layout-flex wp-block-buttons-is-layout-flex\">\n<div class=\"wp-block-button is-style-primary\"><a class=\"wp-block-button__link\" href=\"https:\/\/www.blakors.no\/ferier\/personvernerklaering-ferier\/\">Personvernerkl\u00e6ring<\/a><\/div>\n<\/div>\n\n\n\n<p><\/p>\n","protected":false},"excerpt":{"rendered":"<p>Har du og din familie lyst til \u00e5 oppleve hovedstaden i f\u00f8rjulstiden? Bl\u00e5 Kors ferier har v\u00e6rt s\u00e5 heldige \u00e5 f\u00e5 muligheten til \u00e5 gi bort gratis hotell-weekender p\u00e5 Clarion Collection Hotel Savoy i 2020. Neste hotellopphold blir i f\u00f8rjulstiden. S\u00f8knadsfristen har n\u00e5 g\u00e5tt ut. Adresse til Clarion Collection Hotel Savoy: Universitetsgata 11, 0164 Oslo. [&hellip;]<\/p>\n","protected":false},"author":3,"featured_media":453,"parent":0,"menu_order":0,"comment_status":"closed","ping_status":"closed","template":"","meta":{"_acf_changed":false,"_relevanssi_hide_post":"","_relevanssi_hide_content":"","_relevanssi_pin_for_all":"off","_relevanssi_pin_keywords":"","_relevanssi_unpin_keywords":"","_relevanssi_related_keywords":"","_relevanssi_related_include_ids":"","_relevanssi_related_exclude_ids":"","_relevanssi_related_no_append":"","_relevanssi_related_not_related":"","_relevanssi_related_posts":"1","_relevanssi_noindex_reason":"","_custom_cards_description":"","footnotes":""},"class_list":["post-126","page","type-page","status-publish","has-post-thumbnail","hentry"],"acf":[],"_links":{"self":[{"href":"https:\/\/www.blakors.no\/ferier\/wp-json\/wp\/v2\/pages\/126","targetHints":{"allow":["GET"]}}],"collection":[{"href":"https:\/\/www.blakors.no\/ferier\/wp-json\/wp\/v2\/pages"}],"about":[{"href":"https:\/\/www.blakors.no\/ferier\/wp-json\/wp\/v2\/types\/page"}],"author":[{"embeddable":true,"href":"https:\/\/www.blakors.no\/ferier\/wp-json\/wp\/v2\/users\/3"}],"replies":[{"embeddable":true,"href":"https:\/\/www.blakors.no\/ferier\/wp-json\/wp\/v2\/comments?post=126"}],"version-history":[{"count":18,"href":"https:\/\/www.blakors.no\/ferier\/wp-json\/wp\/v2\/pages\/126\/revisions"}],"predecessor-version":[{"id":2710,"href":"https:\/\/www.blakors.no\/ferier\/wp-json\/wp\/v2\/pages\/126\/revisions\/2710"}],"wp:featuredmedia":[{"embeddable":true,"href":"https:\/\/www.blakors.no\/ferier\/wp-json\/wp\/v2\/media\/453"}],"wp:attachment":[{"href":"https:\/\/www.blakors.no\/ferier\/wp-json\/wp\/v2\/media?parent=126"}],"curies":[{"name":"wp","href":"https:\/\/api.w.org\/{rel}","templated":true}]}}