{"id":133,"date":"2020-05-11T16:00:54","date_gmt":"2020-05-11T14:00:54","guid":{"rendered":"https:\/\/www.blakors.no\/ferier\/?page_id=133"},"modified":"2023-08-08T12:30:40","modified_gmt":"2023-08-08T10:30:40","slug":"juleferie-pa-hovden","status":"publish","type":"page","link":"https:\/\/www.blakors.no\/ferier\/juleferie-pa-hovden\/","title":{"rendered":"Juleferie p\u00e5 Hovden"},"content":{"rendered":"<div class=\"custom-block-banner alignwide contenthalf\"><div class=\"banner-image\" style=\"background-image:url(https:\/\/www.blakors.no\/content\/uploads\/sites\/10\/2021\/09\/Juletre-pa-Hovden-768x1024.jpeg)\"><\/div><div class=\"banner-inner\"><div><h1 id=\"juleferie-pa-hovden\"  class=\"title large \" >Juleferie p\u00e5 Hovden<\/h1><p>Dato: onsdag 21. desember &#8211; s\u00f8ndag 25. desember. S\u00f8knadsfrist er utg\u00e5tt<\/p><\/div><\/div><\/div>\n\n\n<h2 id=\"garantert-julestemning-pa-hovden\"  class=\"wp-block-heading\" ><strong>Garantert julestemning p\u00e5 Hovden. <\/strong><\/h2>\n\n\n\n<p><strong>Vi arrangerer en femdagers ferie for barnefamilier p\u00e5 Hovden i Setesdal<\/strong>,<strong> julen 2022. <\/strong><br>Dato: onsdag 21. desember til s\u00f8ndag 25. desember<br><strong>S\u00f8knadsfristen for denne ferien er utg\u00e5tt (13. november, 2022).<\/strong><\/p>\n\n\n\n<div class=\"wp-block-image is-style-rounded\"><figure class=\"alignright size-thumbnail\"><img loading=\"lazy\" decoding=\"async\" width=\"150\" height=\"150\" src=\"https:\/\/www.blakors.no\/content\/uploads\/sites\/10\/2021\/09\/Aking-pa-Hovden-150x150.jpg\" alt=\"Aking p\u00e5 Hovden\" class=\"wp-image-2394\" srcset=\"https:\/\/www.blakors.no\/content\/uploads\/sites\/10\/2021\/09\/Aking-pa-Hovden-150x150.jpg 150w, https:\/\/www.blakors.no\/content\/uploads\/sites\/10\/2021\/09\/Aking-pa-Hovden-300x300.jpg 300w, https:\/\/www.blakors.no\/content\/uploads\/sites\/10\/2021\/09\/Aking-pa-Hovden-200x200.jpg 200w\" sizes=\"auto, (max-width: 150px) 100vw, 150px\" \/><figcaption>Mange gj\u00f8r seg klare til \u00e5 ake p\u00e5 Hovden<\/figcaption><\/figure><\/div>\n\n\n\n<p>Hovden er en av de flotteste vinterdestinasjonene p\u00e5 S\u00f8rlandet, og det blir garantert hvit jul. Aktivitetene passer for b\u00e5de voksne og barn. <strong>Vi kan g\u00e5 p\u00e5 langrennski og st\u00e5 p\u00e5 slalom i alpinanlegget, samt delta p\u00e5 skiskole<\/strong>. Leie av skiutstyr og skiskolen er gratis for gjestene v\u00e5re. <\/p>\n\n\n\n<p><strong>Det blir lek i badeland og mulighet for \u00e5 g\u00e5 p\u00e5 sk\u00f8yter. <\/strong>I tillegg blir det vinterkos med b\u00e5l, grilling av p\u00f8lser, og andre sn\u00f8aktiviteter. P\u00e5 kveldene koser vi oss inne med lek, spill og juleforberedelser.<\/p>\n\n\n\n<p><strong>P\u00e5 julaften blir det julebuffet med tradisjonell norsk julemat med varme og kalde retter, og deilig dessert. Julenissen kommer ogs\u00e5 en tur etter middag.<\/strong><\/p>\n\n\n\n<p><strong>Hver familie f\u00e5r en hyggelig leilighet <\/strong>med fullt utstyrt kj\u00f8kken, stue, bad og soverom. Leilighetene har puter og dyner, men gjestene m\u00e5 ta med senget\u00f8y og h\u00e5ndkl\u00e6r til hvert familiemedlem.<\/p>\n\n\n\n<h2 class=\"wp-block-heading\" id=\"h-organisert-ferie\">Organisert ferie<\/h2>\n\n\n\n<div class=\"wp-block-image is-style-rounded\"><figure class=\"alignright size-thumbnail\"><img loading=\"lazy\" decoding=\"async\" width=\"150\" height=\"150\" src=\"https:\/\/www.blakors.no\/content\/uploads\/sites\/10\/2021\/12\/ferier-vinter-jul-150x150.jpg\" alt=\"God jul fra ansatte i Bl\u00e5 Kors ferier med bl\u00e5 nisseluer\" class=\"wp-image-2613\" srcset=\"https:\/\/www.blakors.no\/content\/uploads\/sites\/10\/2021\/12\/ferier-vinter-jul-150x150.jpg 150w, https:\/\/www.blakors.no\/content\/uploads\/sites\/10\/2021\/12\/ferier-vinter-jul-300x300.jpg 300w, https:\/\/www.blakors.no\/content\/uploads\/sites\/10\/2021\/12\/ferier-vinter-jul-200x200.jpg 200w\" sizes=\"auto, (max-width: 150px) 100vw, 150px\" \/><figcaption>Julestemning med gjengen i Bl\u00e5 Kors ferier<\/figcaption><\/figure><\/div>\n\n\n\n<p>Ferien p\u00e5 Hovden er en organisert ferie. Vi reiser sammen og blir totalt cirka 50 personer. <strong>Vi legger opp til felles aktivitet og felles m\u00e5ltider. <\/strong>Dette er en ferie som passer for dere som <strong>\u00f8nsker samv\u00e6r og moro med andre,<\/strong> men gir ogs\u00e5 mulighet til at dere gj\u00f8r ting sammen i familien. <br><br>Med p\u00e5 turen vil det v\u00e6re <strong>ferieledere og Tidgivere (frivillige) som ordner praktiske gj\u00f8rem\u00e5l<\/strong>, og som er tilgjengelige for gjestene v\u00e5re. Foreldre har under hele oppholdet ansvar for sine egne barn.  <strong>Ved bes\u00f8k til Hovden Badeland m\u00e5 det alltid v\u00e6re en forelder til stede n\u00e5r barna bader.<\/strong> <\/p>\n\n\n\n<p>Ellers koser vi oss p\u00e5 Hovden med alt som finnes der. <strong>Ferien gir muligheter for ro og avslapning, g\u00f8yale aktiviteter p\u00e5 dagtid, og hyggelig sosialt samv\u00e6r med spilling og lek p\u00e5 kveldstid.<\/strong> Vi legger til rette for at barn og unge skal f\u00e5 opplevelser sammen med sin familie, og p\u00e5 den m\u00e5ten skape magiske juleminner sammen.<\/p>\n\n\n\n<p>Familier i alle st\u00f8rrelser kan s\u00f8ke p\u00e5 denne ferien.<\/p>\n\n\n\n<p>Velkommen!<\/p>\n\n\n\n<p><strong>Datoer for juleferien: onsdag 21. desember &#8211; s\u00f8ndag 25. desember<\/strong><\/p>\n\n\n\n<p>S\u00f8knadsfristen for denne juleferien var 13. november. <\/p>\n\n\n\n\t\t<div class=\"wp-block-blakors-expanding-fact-box\">\n\t\t\t<h3 id=\"hvem-far-vaere-med-bla-kors-ferier\"  class=\"blakors-fact-box__title\" >Hvem f\u00e5r v\u00e6re med Bl\u00e5 Kors ferier<\/h3>\n\t\t\t<div class=\"blakors-fact-box__content\">\n\t\t\t\t\n<p>Alle som fyller ut s\u00f8knadsskjemaet og som er i m\u00e5lgruppen for tiltaket (dvs. har utfordringer relatert til psykisk helse, rus eller \u00f8konomi) er kvalifiserte til \u00e5 v\u00e6re med p\u00e5 ferie med Bl\u00e5 Kors ferier. Det er ikke behov for anbefaling fra Nav, barnevernstjeneste, eller lignende. Det er heller ikke krav til at barna m\u00e5 v\u00e6re i barneskolealder.<\/p>\n\n\n\n<p>Bl\u00e5 Kors ferier opplever enorm p\u00e5gang og har ikke mulighet til \u00e5 gi et ferietilbud til alle som s\u00f8ker. Vi \u00f8nsker at de som ikke tidligere har f\u00e5tt et tilbud, enten med oss, eller andre akt\u00f8rer skal f\u00e5 en mulighet f\u00f8rst. Derfor sp\u00f8r vi alltid om familien har v\u00e6rt med p\u00e5 en annen ferie, f\u00f8r vi gir mulighet til \u00e5 v\u00e6re med p\u00e5 ferie med Bl\u00e5 Kors ferier.<\/p>\n\n\n\n<p>Det er mange som opplever \u00e5 f\u00e5 gjentatte avslag p\u00e5 s\u00f8knadene sine. Dette er dessverre helt normalt, og betyr ikke at s\u00f8knaden ikke er godkjent. Det betyr kun at det ikke var plass til din familien p\u00e5 denne ferien, og vi kan ikke annet enn beklage. Vi anbefaler \u00e5 fortsette med \u00e5 s\u00f8ke, s\u00e5 vil det forh\u00e5pentligvis bli deres tur ogs\u00e5 til slutt.<\/p>\n\n\t\t\t<\/div>\n\t\t\t<div class=\"blakors-fact-box__toggle\">\n\t\t\t\t<button class=\"blakors-fact-box__button\"><svg xmlns=\"http:\/\/www.w3.org\/2000\/svg\" viewBox=\"0 0 17.367 17.367\"><path d=\"M0-8.684v-2.133H13.2L7.16-16.91l1.523-1.523L17.367-9.75,8.684-1.066,7.109-2.59,13.2-8.684Z\" transform=\"translate(0 18.434)\" \/><\/svg><\/button>\n\t\t\t<\/div>\n\t\t<\/div>\n\n\n<h2 class=\"wp-block-heading\" id=\"h-inkludert\">Inkludert:<\/h2>\n\n\n\n<ul class=\"wp-block-list\"><li>Overnatting<\/li><li>Frokost, lunsj, middag og kveldsmat<\/li><li>Utflukter og aktiviteter<\/li><li>Tradisjonell norsk julefeiring<\/li><\/ul>\n\n\n\n<h2 class=\"wp-block-heading\" id=\"h-forsikring\">Forsikring<\/h2>\n\n\n\n<p>Alle deltakere dekkes av Bl\u00e5 Kors egen gruppeforsikring. Deltakere b\u00f8r ogs\u00e5 ha sin egen reiseforsikring.<\/p>\n\n\n\n<h2 class=\"wp-block-heading\" id=\"h-pris\">Pris<\/h2>\n\n\n\n<p><strong>Ferien er gratis<\/strong>, men transport til og fra Hovden dekkes selv. For gjester som kommer med buss, ordnes det med transport til n\u00e6rmeste busstopp (Hovden). Om familien er knyttet opp til NAV, Barnevernstjenesten med flere, vil det v\u00e6re mulig \u00e5 s\u00f8ke om dekning av reisekostnader til og fra Hovden via disse.<\/p>\n\n\n\n\n\n<h2 class=\"wp-block-heading\" id=\"h-personvern\">Personvern<\/h2>\n\n\n\n<p>Ved \u00e5 sende inn en s\u00f8knad til Bl\u00e5 Kors ferier, samtykker jeg i at Bl\u00e5 Kors ferier behandler mine opplysninger i tr\u00e5d med det som st\u00e5r i personvernerkl\u00e6ringen og gjeldende regelverk.<\/p>\n\n\n\n<div class=\"wp-block-buttons is-content-justification-center is-layout-flex wp-block-buttons-is-layout-flex\">\n<div class=\"wp-block-button is-style-primary\"><a class=\"wp-block-button__link\" href=\"https:\/\/www.blakors.no\/ferier\/personvernerklaering-ferier\/\" target=\"_blank\" rel=\"noreferrer noopener\">Personvernerkl\u00e6ring<\/a><\/div>\n<\/div>\n\n\n\n<p>Ved \u00e5 krysse av p\u00e5 hvilken m\u00e5lgruppe jeg definerer meg og min familie, s\u00e5 samtykker jeg i \u00e5 dele disse opplysningene med Bl\u00e5 Kors ferier. Ved \u00e5 oppgi mine allergier, samtykker jeg til at Bl\u00e5 Kors ferier behandler helseopplysninger om meg. Form\u00e5let med \u00e5 oppgi allergier, er at Bl\u00e5 Kors ferier kan legge til rette for \u00e5 servere trygge og helsebringende m\u00e5ltider og vurdere en passende ferie tilpasset mine behov. Alle personopplysninger blir behandlet trygt, og deles kun med utvalgte personer som trenger opplysningene for \u00e5 legge til rette for ferietilbudet. Informasjonen Bl\u00e5 Kors ferier samler inn, slettes n\u00e5r vi ikke lenger har bruk for de, eller n\u00e5r du trekker ditt samtykke for behandling av personopplysninger. <\/p>\n\n\n\n<div class=\"wp-block-buttons is-content-justification-center is-layout-flex wp-block-buttons-is-layout-flex\">\n<div class=\"wp-block-button is-style-primary\"><a class=\"wp-block-button__link\" href=\"https:\/\/www.blakors.no\/ferier\/juleferie-pa-hovden\/\">Tilbake til toppen<\/a><\/div>\n<\/div>\n","protected":false},"excerpt":{"rendered":"<p>Garantert julestemning p\u00e5 Hovden. Vi arrangerer en femdagers ferie for barnefamilier p\u00e5 Hovden i Setesdal, julen 2022. Dato: onsdag 21. desember til s\u00f8ndag 25. desemberS\u00f8knadsfristen for denne ferien er utg\u00e5tt (13. november, 2022). Hovden er en av de flotteste vinterdestinasjonene p\u00e5 S\u00f8rlandet, og det blir garantert hvit jul. Aktivitetene passer for b\u00e5de voksne og barn. [&hellip;]<\/p>\n","protected":false},"author":36,"featured_media":275,"parent":0,"menu_order":0,"comment_status":"closed","ping_status":"closed","template":"","meta":{"_acf_changed":false,"_relevanssi_hide_post":"","_relevanssi_hide_content":"","_relevanssi_pin_for_all":"","_relevanssi_pin_keywords":"","_relevanssi_unpin_keywords":"","_relevanssi_related_keywords":"","_relevanssi_related_include_ids":"","_relevanssi_related_exclude_ids":"","_relevanssi_related_no_append":"","_relevanssi_related_not_related":"","_relevanssi_related_posts":"1","_relevanssi_noindex_reason":"","_custom_cards_description":"","footnotes":""},"class_list":["post-133","page","type-page","status-publish","has-post-thumbnail","hentry"],"acf":[],"_links":{"self":[{"href":"https:\/\/www.blakors.no\/ferier\/wp-json\/wp\/v2\/pages\/133","targetHints":{"allow":["GET"]}}],"collection":[{"href":"https:\/\/www.blakors.no\/ferier\/wp-json\/wp\/v2\/pages"}],"about":[{"href":"https:\/\/www.blakors.no\/ferier\/wp-json\/wp\/v2\/types\/page"}],"author":[{"embeddable":true,"href":"https:\/\/www.blakors.no\/ferier\/wp-json\/wp\/v2\/users\/36"}],"replies":[{"embeddable":true,"href":"https:\/\/www.blakors.no\/ferier\/wp-json\/wp\/v2\/comments?post=133"}],"version-history":[{"count":5,"href":"https:\/\/www.blakors.no\/ferier\/wp-json\/wp\/v2\/pages\/133\/revisions"}],"predecessor-version":[{"id":3966,"href":"https:\/\/www.blakors.no\/ferier\/wp-json\/wp\/v2\/pages\/133\/revisions\/3966"}],"wp:featuredmedia":[{"embeddable":true,"href":"https:\/\/www.blakors.no\/ferier\/wp-json\/wp\/v2\/media\/275"}],"wp:attachment":[{"href":"https:\/\/www.blakors.no\/ferier\/wp-json\/wp\/v2\/media?parent=133"}],"curies":[{"name":"wp","href":"https:\/\/api.w.org\/{rel}","templated":true}]}}