{"id":1378,"date":"2021-09-13T11:23:39","date_gmt":"2021-09-13T09:23:39","guid":{"rendered":"https:\/\/www.blakors.no\/ferier\/?page_id=1378"},"modified":"2021-12-17T10:58:38","modified_gmt":"2021-12-17T09:58:38","slug":"hostferie-pa-rs-noatun-ved-horten","status":"publish","type":"page","link":"https:\/\/www.blakors.no\/ferier\/hostferie-pa-rs-noatun-ved-horten\/","title":{"rendered":"H\u00f8stferie p\u00e5 \u00abRS Noatun\u00bb ved Horten"},"content":{"rendered":"<div class=\"custom-block-banner alignwide contenthalf\"><div class=\"banner-image\" style=\"background-image:url(https:\/\/www.blakors.no\/content\/uploads\/sites\/10\/2020\/05\/Sommerferie-pa\u030a-Noatun--1024x683.jpg)\"><\/div><div class=\"banner-inner\"><div><h1 id=\"hostferie-pa-rs-noatun-ved-horten\"  class=\"title small \" >H\u00f8stferie p\u00e5 \u00abRS Noatun\u00bb ved Horten<\/h1><p>I samarbeid med Redningsselskapet arrangerer vi ferie p\u00e5 vakre \u00abNoatun\u00bb like utenfor Horten. Stedet ligger helt nede ved Oslofjorden i naturskj\u00f8nne omgivelser. \r\nH\u00f8stferie i uke 40 : mandag 28. september til torsdag 1. oktober<\/p><\/div><\/div><\/div>\n\n\n<p><strong>S\u00f8knadsfristen for denne ferien har n\u00e5 g\u00e5tt ut.<\/strong><\/p>\n\n\n\n<p><strong>Vi skal l\u00e6re om sj\u00f8vettregler <\/strong>og om alle slags sj\u00f8aktiviteter. Blant annet skal vi ut p\u00e5 fjorden med \u00abElias\u00bb, hoppe i b\u00f8lgene med en Ribb-b\u00e5t og kanskje padle litt.<\/p>\n\n\n\n<p><strong>Ferien gir mulighet for g\u00f8yale vannaktiviteter for b\u00e5de liten og stor. <\/strong>Vi skal l\u00e6re \u00e5 seile, fiske og padle kajakk.  Vi skal oppleve mye moro sammen med artige aktiviteter hver dag.<\/p>\n\n\n\n<p><strong>Lille \u00abElias\u00bb bor her. Han er klar til \u00e5 ta imot nye kapteiner og matroser!<\/strong><\/p>\n\n\n\n<p><strong>Det blir hyggelige kvelder i stedets lavvoer, med b\u00e5lkos og sang.<\/strong> Det er ogs\u00e5 tilrettelagt for ballaktiviteter av ulike slag. Det legges til rette for at barn og ungdom skal f\u00e5 opplevelser sammen med sine foresatte, slik at familien opplever \u00e5 gj\u00f8re noe sammen. Det vil v\u00e6re med ledere som holder oversikten over praktiske gj\u00f8rem\u00e5l, som kan kontaktes for sp\u00f8rsm\u00e5l og ved behov for hjelp.<\/p>\n\n\n\n<p>S\u00f8knadsfrist: 23. august<\/p>\n\n\n\n<figure class=\"wp-block-embed dekode-gtm-iframe-preview is-type-video is-provider-youtube wp-block-embed-youtube wp-embed-aspect-16-9 wp-has-aspect-ratio\"><div class=\"wp-block-embed__wrapper\">\n<iframe title=\"Trygg Havn 2019: Bl\u00e5 Kors Ferier med Redningsselskapet\" width=\"500\" height=\"281\" data-cookieconsent=\"marketing\" data-cookieblock-src=\"https:\/\/www.youtube.com\/embed\/fhJQbjbw65s?feature=oembed\"  allow=\"accelerometer; autoplay; clipboard-write; encrypted-media; gyroscope; picture-in-picture; web-share\" referrerpolicy=\"strict-origin-when-cross-origin\" allowfullscreen sandbox=\"allow-scripts allow-same-origin allow-popups allow-presentation allow-popups-to-escape-sandbox\"><\/iframe>\n\t\t<div class=\"cookieconsent-optout-marketing dekode-gtm-cookie-consent-video-placeholder\">\n\t\t\t<div class=\"dekode-gtm-cookie-consent is-block-core-embed is-provider-youtube\">\n\t\t\t\t\n\t\t\t<img decoding=\"async\" src=\"https:\/\/i.ytimg.com\/vi\/fhJQbjbw65s\/hqdefault.jpg\" alt=\"youtube\" \/>\n\t\t\t\t<div class=\"overlay\">\n\t\t\t\t\t<div class=\"cookie-info\">\n\t\t\t\t\t\t<h2 id=\"her-ligger-det-medieinnhold-fra-en-ekstern-kilde\"  >Her ligger det medieinnhold fra en ekstern kilde. <\/h2> \n\n<p>For \u00e5 se innholdet, m\u00e5 du endre samtykket ditt.<\/p>\n\n<p>Les mer om hvordan dataen din blir behandlet av eksterne kilder i personvernerkl\u00e6ringen v\u00e5r.<\/p>\n\t\t\t\t\t\t<p>\n\t\t\t\t\t\t\t<a title=\"Endre samtykke\" class=\"dekode-gtm-cookiebot-renew\" href=\"#\">Endre samtykke<\/a>\n\t\t\t\t\t\t\t\n\t\t\t\t\t\t<\/p>\n\t\t\t\t\t<\/div>\n\t\t\t\t<\/div>\n\t\t\t<\/div>\n\t\t<\/div>\n<\/div><\/figure>\n\n\n\n<h2 class=\"wp-block-heading\" id=\"h-inkludert\"><strong>Inkludert:<\/strong><\/h2>\n\n\n\n<ul class=\"wp-block-list\"><li>Overnatting mandag \u2013 torsdag<\/li><li>Frokost, lunsj, middag og kveldsmat<\/li><li>Utflukter og aktiviteter<\/li><li>Transport Kristiansand eller Oslo S \u2013 Horten t\/r<\/li><\/ul>\n\n\n\n<h2 class=\"wp-block-heading\" id=\"h-forsikring\"><strong>Forsikring<\/strong><\/h2>\n\n\n\n<p>Alle deltakere dekkes av Bl\u00e5 Kors egen gruppeforsikring. Deltakere b\u00f8r ogs\u00e5 ha sin egen reiseforsikring.<\/p>\n\n\n\n<h2 class=\"wp-block-heading\" id=\"h-pris\"><strong>Pris<\/strong><\/h2>\n\n\n\n<p>Feriene er gratis, men transport til og fra Kristiansand dekkes selv. Om familien er knyttet opp til NAV, barnevernstjenesten med flere, vil det v\u00e6re mulig \u00e5 s\u00f8ke om dekning av reisekostnader til og fra Oslo via disse.<\/p>\n\n\n\n<h2 class=\"wp-block-heading\" id=\"h-smittevern\">Smittevern<\/h2>\n\n\n\n\n\n<h2 class=\"wp-block-heading\" id=\"h-personvern\">Personvern<\/h2>\n\n\n\n<p>Jeg forst\u00e5r at det er en fullstendig personvernerkl\u00e6ring tilgjengelig nederst p\u00e5 nettsiden, og at jeg kan lese den hvis jeg \u00f8nsker.<br><br>Ved \u00e5 sende inn en s\u00f8knad, samtykker jeg i at Bl\u00e5 Kors ferier behandler mine opplysninger.<br>Ved \u00e5 krysse av p\u00e5 hvilken m\u00e5lgruppe jeg definerer meg og min familie, samtykker jeg i \u00e5 dele disse opplysningene med Bl\u00e5 Kors ferier.<\/p>\n\n\n\n<p>Ved \u00e5 oppgi mine allergier, bidrar jeg til at Bl\u00e5 Kors ferier kan legge til rette for \u00e5 servere trygge\/ helsebringende m\u00e5ltider, og jeg samtykker i \u00e5 dele disse helseopplysningene med Bl\u00e5 Kors ferier.<\/p>\n\n\n\n<div class=\"wp-block-buttons is-content-justification-center is-layout-flex wp-block-buttons-is-layout-flex\">\n<div class=\"wp-block-button is-style-primary\"><a class=\"wp-block-button__link\" href=\"https:\/\/www.blakors.no\/ferier\/personvernerklaering-ferier\/\">Personvernerkl\u00e6ring<\/a><\/div>\n<\/div>\n","protected":false},"excerpt":{"rendered":"<p>S\u00f8knadsfristen for denne ferien har n\u00e5 g\u00e5tt ut. Vi skal l\u00e6re om sj\u00f8vettregler og om alle slags sj\u00f8aktiviteter. Blant annet skal vi ut p\u00e5 fjorden med \u00abElias\u00bb, hoppe i b\u00f8lgene med en Ribb-b\u00e5t og kanskje padle litt. Ferien gir mulighet for g\u00f8yale vannaktiviteter for b\u00e5de liten og stor. Vi skal l\u00e6re \u00e5 seile, fiske og [&hellip;]<\/p>\n","protected":false},"author":36,"featured_media":243,"parent":0,"menu_order":0,"comment_status":"closed","ping_status":"closed","template":"","meta":{"_acf_changed":false,"_relevanssi_hide_post":"","_relevanssi_hide_content":"","_relevanssi_pin_for_all":"","_relevanssi_pin_keywords":"","_relevanssi_unpin_keywords":"","_relevanssi_related_keywords":"","_relevanssi_related_include_ids":"","_relevanssi_related_exclude_ids":"","_relevanssi_related_no_append":"","_relevanssi_related_not_related":"","_relevanssi_related_posts":"1","_relevanssi_noindex_reason":"","_custom_cards_description":"","footnotes":""},"class_list":["post-1378","page","type-page","status-publish","has-post-thumbnail","hentry"],"acf":[],"_links":{"self":[{"href":"https:\/\/www.blakors.no\/ferier\/wp-json\/wp\/v2\/pages\/1378","targetHints":{"allow":["GET"]}}],"collection":[{"href":"https:\/\/www.blakors.no\/ferier\/wp-json\/wp\/v2\/pages"}],"about":[{"href":"https:\/\/www.blakors.no\/ferier\/wp-json\/wp\/v2\/types\/page"}],"author":[{"embeddable":true,"href":"https:\/\/www.blakors.no\/ferier\/wp-json\/wp\/v2\/users\/36"}],"replies":[{"embeddable":true,"href":"https:\/\/www.blakors.no\/ferier\/wp-json\/wp\/v2\/comments?post=1378"}],"version-history":[{"count":2,"href":"https:\/\/www.blakors.no\/ferier\/wp-json\/wp\/v2\/pages\/1378\/revisions"}],"predecessor-version":[{"id":2702,"href":"https:\/\/www.blakors.no\/ferier\/wp-json\/wp\/v2\/pages\/1378\/revisions\/2702"}],"wp:featuredmedia":[{"embeddable":true,"href":"https:\/\/www.blakors.no\/ferier\/wp-json\/wp\/v2\/media\/243"}],"wp:attachment":[{"href":"https:\/\/www.blakors.no\/ferier\/wp-json\/wp\/v2\/media?parent=1378"}],"curies":[{"name":"wp","href":"https:\/\/api.w.org\/{rel}","templated":true}]}}