{"id":1652,"date":"2021-02-03T10:20:28","date_gmt":"2021-02-03T09:20:28","guid":{"rendered":"https:\/\/www.blakors.no\/ferier\/?page_id=1652"},"modified":"2025-10-06T10:41:44","modified_gmt":"2025-10-06T08:41:44","slug":"sommerferie-pa-rondeheim","status":"publish","type":"page","link":"https:\/\/www.blakors.no\/ferier\/sommerferie-pa-rondeheim\/","title":{"rendered":"Sommerferie p\u00e5 Rondeheim"},"content":{"rendered":"<div class=\"custom-block-banner alignwide contenthalf\"><div class=\"banner-image\" style=\"background-image:url(https:\/\/www.blakors.no\/content\/uploads\/sites\/10\/2021\/03\/Ridning-p\u00e5-fjellet-1024x768.jpg)\"><\/div><div class=\"banner-inner\"><div><h1 id=\"sommerferie-pa-rondeheim\"  class=\"title small \" >Sommerferie p\u00e5 Rondeheim<\/h1><p>Uke 30: 26.-30. juli blir det sommerferie for hele familien p\u00e5 tradisjonsrike Rondeheim. Rondeheim ligger p\u00e5 H\u00f8vringen ved foten til nasjonalparken Rondane. S\u00f8knadsfrist: 1. mai 2021. <\/p><\/div><\/div><\/div>\n\n\n<figure class=\"wp-block-image alignright size-thumbnail is-style-rounded\"><img loading=\"lazy\" decoding=\"async\" width=\"150\" height=\"150\" src=\"https:\/\/www.blakors.no\/content\/uploads\/sites\/10\/2021\/03\/Det-nedre-tunet-1-150x150.jpg\" alt=\"Rondeheim ligger vakkert til p\u00e5 H\u00f8vringen\" class=\"wp-image-1924\" srcset=\"https:\/\/www.blakors.no\/content\/uploads\/sites\/10\/2021\/03\/Det-nedre-tunet-1-150x150.jpg 150w, https:\/\/www.blakors.no\/content\/uploads\/sites\/10\/2021\/03\/Det-nedre-tunet-1-300x300.jpg 300w, https:\/\/www.blakors.no\/content\/uploads\/sites\/10\/2021\/03\/Det-nedre-tunet-1-200x200.jpg 200w\" sizes=\"auto, (max-width: 150px) 100vw, 150px\" \/><\/figure>\n\n\n\n<p><strong>Bl\u00e5 Kors ferier inviterer til sommerferie p\u00e5 fjellbygda H\u00f8vringen i Gudbrandsdalen. Vi bor p\u00e5 Rondeheim som ligger vakkert til p\u00e5 950 m.o.h., og her blir det en tradisjonsrik sommerferie med mange flotte aktiviteter for hele familien. Du s\u00f8ker ved \u00e5 fylle ut s\u00f8knadsskjemaet <a href=\"https:\/\/www.blakors.no\/ferier\/sommerferie-pa-rondeheim\/#personvern\">nederst p\u00e5 siden<\/a>.<\/strong> S\u00f8knadsfristen har n\u00e5 g\u00e5tt ut.<\/p>\n\n\n\n<h2 class=\"wp-block-heading\" id=\"h-aktiviteter\">Aktiviteter<\/h2>\n\n\n\n<figure class=\"wp-block-image alignright size-thumbnail is-style-rounded\"><img loading=\"lazy\" decoding=\"async\" width=\"150\" height=\"150\" src=\"https:\/\/www.blakors.no\/content\/uploads\/sites\/10\/2021\/03\/Klatring-150x150.jpg\" alt=\"\" class=\"wp-image-1901\" srcset=\"https:\/\/www.blakors.no\/content\/uploads\/sites\/10\/2021\/03\/Klatring-150x150.jpg 150w, https:\/\/www.blakors.no\/content\/uploads\/sites\/10\/2021\/03\/Klatring-300x300.jpg 300w, https:\/\/www.blakors.no\/content\/uploads\/sites\/10\/2021\/03\/Klatring-200x200.jpg 200w\" sizes=\"auto, (max-width: 150px) 100vw, 150px\" \/><\/figure>\n\n\n\n<p>Rondeheim har mange spennende aktiviteter og vi skal ikke kjede oss disse dagene p\u00e5 fjellet. I tillegg til \u00e5 g\u00e5 p\u00e5 tur i flotte omgivelser kan vi pr\u00f8ve fjellklatring og rappellering, en liten ridetur p\u00e5 Rondeheim sine hester, bade i elven om v\u00e6ret tillater det, kj\u00f8re taubane over elva, delta i dyrestellet, v\u00e6re med p\u00e5 en sykkeltur, eller padle i kano p\u00e5 fjellvannet. Alt av utstyr dekker vi, s\u00e5 her er <strong>alt klart for en aktiv og hyggelig vinterferie i nydelige omgivelser.<\/strong><\/p>\n\n\n\n<h2 class=\"wp-block-heading\" id=\"h-oppholdet\">Oppholdet<\/h2>\n\n\n\n<p>Rondeheim &#8211; Den Norske Fjellskolen er Norges eldste leirskole og har hatt drift i over 60 \u00e5r.<\/p>\n\n\n\n<figure class=\"wp-block-image alignright size-thumbnail is-style-rounded\"><img loading=\"lazy\" decoding=\"async\" width=\"150\" height=\"150\" src=\"https:\/\/www.blakors.no\/content\/uploads\/sites\/10\/2021\/03\/Kano-150x150.jpg\" alt=\"Et barn skal ut i kano p\u00e5 et fjellvann\" class=\"wp-image-1916\" srcset=\"https:\/\/www.blakors.no\/content\/uploads\/sites\/10\/2021\/03\/Kano-150x150.jpg 150w, https:\/\/www.blakors.no\/content\/uploads\/sites\/10\/2021\/03\/Kano-300x300.jpg 300w, https:\/\/www.blakors.no\/content\/uploads\/sites\/10\/2021\/03\/Kano-200x200.jpg 200w\" sizes=\"auto, (max-width: 150px) 100vw, 150px\" \/><\/figure>\n\n\n\n<p><strong>Hver familie f\u00e5r egne, romslige rom p\u00e5 internat med k\u00f8yesenger.<\/strong> I de tilfellene hvor det er sm\u00e5 barn i familien, kan vi ordne reiseseng. Bad og toalett ligger i gangen og deles med andre. Vi lager gode rutiner p\u00e5 dette, slik at alle skal f\u00f8le det trygt, b\u00e5de med tanke p\u00e5 hygiene, smittevern og eget privatliv. Sengene p\u00e5 rommene har puter og dyner.<\/p>\n\n\n\n<figure class=\"wp-block-image alignright size-thumbnail is-style-rounded\"><img loading=\"lazy\" decoding=\"async\" width=\"150\" height=\"150\" src=\"https:\/\/www.blakors.no\/content\/uploads\/sites\/10\/2020\/12\/Solide-og-gode-soverom-150x150.jpg\" alt=\"Et soverom p\u00e5 Rondeheim med k\u00f8yeseng\" class=\"wp-image-1177\" srcset=\"https:\/\/www.blakors.no\/content\/uploads\/sites\/10\/2020\/12\/Solide-og-gode-soverom-150x150.jpg 150w, https:\/\/www.blakors.no\/content\/uploads\/sites\/10\/2020\/12\/Solide-og-gode-soverom-300x300.jpg 300w\" sizes=\"auto, (max-width: 150px) 100vw, 150px\" \/><\/figure>\n\n\n\n<p>M\u00e5ltidene er felles og serveres i henhold til gjeldene smittevernregler i eget felleslokale.<\/p>\n\n\n\n<p>Det er lagt opp til at vi skal v\u00e6re mye ute, s\u00e5 det er viktig at dere pakker med varmt og godt t\u00f8y til b\u00e5de store og sm\u00e5.<\/p>\n\n\n\n<h2 class=\"wp-block-heading\" id=\"h-organisert-ferie\">Organisert ferie<\/h2>\n\n\n\n<figure class=\"wp-block-image alignright size-thumbnail is-style-rounded\"><img loading=\"lazy\" decoding=\"async\" width=\"150\" height=\"150\" src=\"https:\/\/www.blakors.no\/content\/uploads\/sites\/10\/2021\/03\/Taubane-over-fossen-1-150x150.jpg\" alt=\"I full fart i taubanen over fossen\" class=\"wp-image-1919\" srcset=\"https:\/\/www.blakors.no\/content\/uploads\/sites\/10\/2021\/03\/Taubane-over-fossen-1-150x150.jpg 150w, https:\/\/www.blakors.no\/content\/uploads\/sites\/10\/2021\/03\/Taubane-over-fossen-1-300x300.jpg 300w, https:\/\/www.blakors.no\/content\/uploads\/sites\/10\/2021\/03\/Taubane-over-fossen-1-200x200.jpg 200w\" sizes=\"auto, (max-width: 150px) 100vw, 150px\" \/><\/figure>\n\n\n\n<p><strong>Ferien p\u00e5 Rondeheim er en organisert ferie, hvor familier kommer fra ulike steder for \u00e5 v\u00e6re p\u00e5 ferie sammen. <\/strong>En organisert ferie med Bl\u00e5 Kors er en mulighet til \u00e5 reise p\u00e5 en trygg og spennende ferie, planlagt av dyktige ferieledere som ordner praktiske gj\u00f8rem\u00e5l og er tilgjengelige for gjestene v\u00e5re.<\/p>\n\n\n\n<p>Til sammen er vi ca. 50 personer som reiser p\u00e5 denne ferien. I tillegg til ferieledere har vi med oss Tidgivere (frivillige) som er med \u00e5 bidrar til at alle skal ha det fint p\u00e5 denne ferien. Vi har ogs\u00e5 med oss erfarne instrukt\u00f8rer, slik at alle aktiviteter blir utf\u00f8rt p\u00e5 en sikker m\u00e5te. Det er felles m\u00e5ltider og aktiviteter, men ogs\u00e5 mye tid for familiene til \u00e5 gj\u00f8re ting p\u00e5 egen h\u00e5nd. P\u00e5 den m\u00e5ten kan dere f\u00e5 flotte opplevelser sammen, og barna har i tillegg alltid noen og v\u00e6re sammen med.<\/p>\n\n\n\n<p>Alle foreldre har ansvar for sine barn. Ved ulike vannaktiviteter, <strong>m\u00e5 <\/strong>det v\u00e6re foreldre tilstede n\u00e5r barna bader. Vi legger opp til flere spennende aktiviteter disse dagene.<\/p>\n\n\n\n<figure class=\"wp-block-image alignright size-thumbnail is-style-rounded\"><img loading=\"lazy\" decoding=\"async\" width=\"150\" height=\"150\" src=\"https:\/\/www.blakors.no\/content\/uploads\/sites\/10\/2021\/03\/Fjellridning-150x150.jpg\" alt=\"Hesteridning p\u00e5 fjellet\" class=\"wp-image-1913\" srcset=\"https:\/\/www.blakors.no\/content\/uploads\/sites\/10\/2021\/03\/Fjellridning-150x150.jpg 150w, https:\/\/www.blakors.no\/content\/uploads\/sites\/10\/2021\/03\/Fjellridning-300x300.jpg 300w, https:\/\/www.blakors.no\/content\/uploads\/sites\/10\/2021\/03\/Fjellridning-200x200.jpg 200w\" sizes=\"auto, (max-width: 150px) 100vw, 150px\" \/><\/figure>\n\n\n\n<p>Dette er en ferie som passer for dere som \u00f8nsker samv\u00e6r og moro med andre, men gir ogs\u00e5 mulighet for \u00e5 legge opp dagen slik dere \u00f8nsker.<\/p>\n\n\n\n<p>Ellers koser vi oss p\u00e5 Rondeheim med alt som finnes der. <strong>Ferien gir mulighet for ro og avslapping, g\u00f8yale aktiviteter p\u00e5 dagtid, og hyggelig sosialt samv\u00e6r med spilling og lek p\u00e5 kveldstid.<\/strong> Vi legger til rette for at barn og unge skal f\u00e5 opplevelser sammen med sine foresatte, og p\u00e5 den m\u00e5ten skape gode minner sammen.<\/p>\n\n\n\n<p>Dere velger selv om dere vil kj\u00f8re egen bil, eller om dere vil bli hentet p\u00e5 Otta Stasjon. Dette velger du i s\u00f8knadsskjemaet. <\/p>\n\n\n\n<p><strong>Velkommen!<\/strong><\/p>\n\n\n\n<h2 class=\"wp-block-heading\" id=\"h-s-knadsfrist-1-mai-2021-s-knadsfristen-har-n-g-tt-ut\">S\u00f8knadsfrist: 1. mai 2021 (s\u00f8knadsfristen har n\u00e5 g\u00e5tt ut)<\/h2>\n\n\n\n<figure class=\"wp-block-image alignright size-thumbnail is-style-rounded\"><img loading=\"lazy\" decoding=\"async\" width=\"150\" height=\"150\" src=\"https:\/\/www.blakors.no\/content\/uploads\/sites\/10\/2021\/03\/Geit-i-sola-1-150x150.jpg\" alt=\"Geit i sola\" class=\"wp-image-1922\" srcset=\"https:\/\/www.blakors.no\/content\/uploads\/sites\/10\/2021\/03\/Geit-i-sola-1-150x150.jpg 150w, https:\/\/www.blakors.no\/content\/uploads\/sites\/10\/2021\/03\/Geit-i-sola-1-300x300.jpg 300w, https:\/\/www.blakors.no\/content\/uploads\/sites\/10\/2021\/03\/Geit-i-sola-1-200x200.jpg 200w\" sizes=\"auto, (max-width: 150px) 100vw, 150px\" \/><\/figure>\n\n\n\n<h2 class=\"wp-block-heading\" id=\"h-inkludert\">Inkludert<\/h2>\n\n\n\n<ul class=\"wp-block-list\">\n<li>Alle aktiviteter<\/li>\n\n\n\n<li>Leie av utstyr<\/li>\n\n\n\n<li>M\u00e5ltider (Frokost, nistelunsj, middag og kveldskos)<\/li>\n\n\n\n<li>Overnatting p\u00e5 Rondeheim i fire netter<\/li>\n<\/ul>\n\n\n\n<h2 class=\"wp-block-heading\" id=\"h-forsikring\">Forsikring<\/h2>\n\n\n\n<p>Alle deltakere dekkes av Bl\u00e5 Kors egen gruppeforsikring. Deltakere b\u00f8r ogs\u00e5 ha sin egen reiseforsikring.&nbsp;<\/p>\n\n\n\n<h2 class=\"wp-block-heading\" id=\"h-pris\">Pris<\/h2>\n\n\n\n<figure class=\"wp-block-image alignright size-thumbnail is-style-rounded\"><img loading=\"lazy\" decoding=\"async\" width=\"150\" height=\"150\" src=\"https:\/\/www.blakors.no\/content\/uploads\/sites\/10\/2021\/03\/Sykling-1-150x150.jpg\" alt=\"Terrengsykling i fjellet\" class=\"wp-image-1918\" srcset=\"https:\/\/www.blakors.no\/content\/uploads\/sites\/10\/2021\/03\/Sykling-1-150x150.jpg 150w, https:\/\/www.blakors.no\/content\/uploads\/sites\/10\/2021\/03\/Sykling-1-300x300.jpg 300w, https:\/\/www.blakors.no\/content\/uploads\/sites\/10\/2021\/03\/Sykling-1-200x200.jpg 200w\" sizes=\"auto, (max-width: 150px) 100vw, 150px\" \/><\/figure>\n\n\n\n<p>Ferien er gratis,\u202fmen transport til og fra Rondeheim p\u00e5 H\u00f8vringen dekkes selv. For gjester som kommer med buss\/tog, ordnes og dekkes det med felles transport fra Otta stasjon. \u202f&nbsp;<\/p>\n\n\n\n<p>Om familien er knyttet opp til NAV, barnevernstjenesten med flere, vil det v\u00e6re mulig \u00e5 s\u00f8ke om dekning av reisekostnader til og fra Rondeheim via disse.&nbsp;<\/p>\n\n\n\n<div style=\"text-align:center;\"><iframe loading=\"lazy\" src=\"https:\/\/www.google.com\/maps\/embed?pb=!1m18!1m12!1m3!1d1386702.9943589463!2d6.262786942883735!3d61.31429935624785!2m3!1f0!2f0!3f0!3m2!1i1024!2i768!4f13.1!3m3!1m2!1s0x4614d302068b1cfd%3A0xf825d5f38470d737!2sThe%20Norwegian%20Mountain%20School%20Rondeheim!5e0!3m2!1sen!2sno!4v1611132346751!5m2!1sen!2sno\" width=\"600\" height=\"450\" frameborder=\"0\" style=\"border:0;\" allowfullscreen=\"\" aria-hidden=\"false\" tabindex=\"0\"><\/iframe><\/div>\n\n\n\n<h2 class=\"wp-block-heading\" id=\"h-smittevern\">Smittevern<\/h2>\n\n\n\n\n\n<h2 class=\"wp-block-heading\" id=\"h-personvern\">Personvern<\/h2>\n\n\n\n<p>Ved \u00e5 sende inn en s\u00f8knad til Bl\u00e5 Kors ferier, samtykker jeg i at Bl\u00e5 Kors ferier behandler mine opplysninger i tr\u00e5d med det som st\u00e5r i personvernerkl\u00e6ringen og gjeldende regelverk.<\/p>\n\n\n\n<div class=\"wp-block-buttons is-horizontal is-content-justification-center is-layout-flex wp-container-core-buttons-is-layout-499968f5 wp-block-buttons-is-layout-flex\">\n<div class=\"wp-block-button is-style-primary\"><a class=\"wp-block-button__link wp-element-button\" href=\"https:\/\/www.blakors.no\/ferier\/personvernerklaering-ferier\/\">Personvernerkl\u00e6ring<\/a><\/div>\n<\/div>\n\n\n\n<p>Ved \u00e5 krysse av p\u00e5 hvilken m\u00e5lgruppe jeg definerer meg og min familie, s\u00e5 samtykker jeg i \u00e5 dele disse opplysningene med Bl\u00e5 Kors ferier. Ved \u00e5 oppgi mine allergier, samtykker jeg til at Bl\u00e5 Kors ferier behandler helseopplysninger om meg. Form\u00e5let med \u00e5 oppgi allergier, er at Bl\u00e5 Kors ferier kan legge til rette for \u00e5 servere trygge og helsebringende m\u00e5ltider og vurdere en passende ferie tilpasset mine behov. Alle personopplysninger blir behandlet trygt, og deles kun med utvalgte personer som trenger opplysningene for \u00e5 legge til rette for ferietilbudet. Informasjonen Bl\u00e5 Kors ferier samler inn, slettes n\u00e5r vi ikke lenger har bruk for de, eller n\u00e5r du trekker ditt samtykke for behandling av personopplysninger.<\/p>\n\n\n\n<div class=\"wp-block-buttons is-horizontal is-content-justification-center is-layout-flex wp-container-core-buttons-is-layout-499968f5 wp-block-buttons-is-layout-flex\">\n<div class=\"wp-block-button is-style-primary\"><a class=\"wp-block-button__link wp-element-button\" href=\"https:\/\/www.blakors.no\/ferier\/sommerferie-pa-rondeheim\">Tilbake til toppen<\/a><\/div>\n<\/div>\n\n\n\n\n<div class=\"social-block\"><h4 id=\"folg-oss-pa-facebook\"  >F\u00f8lg oss p\u00e5 Facebook<\/h4><div class=\"social-grid\"><a href=\"https:\/\/www.facebook.com\/blakorsferier\" target=\"_blank\" rel=\"noopener\"><img decoding=\"async\" loading=\"lazy\" src=\"https:\/\/www.blakors.no\/content\/themes\/blakors\/assets\/icons\/footer-facebook.svg\" alt=\"Facebook\"><\/a><\/div><\/div>","protected":false},"excerpt":{"rendered":"<p>Bl\u00e5 Kors ferier inviterer til sommerferie p\u00e5 fjellbygda H\u00f8vringen i Gudbrandsdalen. Vi bor p\u00e5 Rondeheim som ligger vakkert til p\u00e5 950 m.o.h., og her blir det en tradisjonsrik sommerferie med mange flotte aktiviteter for hele familien. Du s\u00f8ker ved \u00e5 fylle ut s\u00f8knadsskjemaet nederst p\u00e5 siden. S\u00f8knadsfristen har n\u00e5 g\u00e5tt ut. Aktiviteter Rondeheim har mange [&hellip;]<\/p>\n","protected":false},"author":36,"featured_media":843,"parent":0,"menu_order":0,"comment_status":"closed","ping_status":"closed","template":"","meta":{"_acf_changed":false,"_relevanssi_hide_post":"","_relevanssi_hide_content":"","_relevanssi_pin_for_all":"on","_relevanssi_pin_keywords":"Vinterferie p\u00e5 Rondeheim, rondeheim","_relevanssi_unpin_keywords":"","_relevanssi_related_keywords":"","_relevanssi_related_include_ids":"","_relevanssi_related_exclude_ids":"","_relevanssi_related_no_append":"","_relevanssi_related_not_related":"","_relevanssi_related_posts":"1","_relevanssi_noindex_reason":"","_custom_cards_description":"","footnotes":""},"class_list":["post-1652","page","type-page","status-publish","has-post-thumbnail","hentry"],"acf":[],"_links":{"self":[{"href":"https:\/\/www.blakors.no\/ferier\/wp-json\/wp\/v2\/pages\/1652","targetHints":{"allow":["GET"]}}],"collection":[{"href":"https:\/\/www.blakors.no\/ferier\/wp-json\/wp\/v2\/pages"}],"about":[{"href":"https:\/\/www.blakors.no\/ferier\/wp-json\/wp\/v2\/types\/page"}],"author":[{"embeddable":true,"href":"https:\/\/www.blakors.no\/ferier\/wp-json\/wp\/v2\/users\/36"}],"replies":[{"embeddable":true,"href":"https:\/\/www.blakors.no\/ferier\/wp-json\/wp\/v2\/comments?post=1652"}],"version-history":[{"count":5,"href":"https:\/\/www.blakors.no\/ferier\/wp-json\/wp\/v2\/pages\/1652\/revisions"}],"predecessor-version":[{"id":5368,"href":"https:\/\/www.blakors.no\/ferier\/wp-json\/wp\/v2\/pages\/1652\/revisions\/5368"}],"wp:featuredmedia":[{"embeddable":true,"href":"https:\/\/www.blakors.no\/ferier\/wp-json\/wp\/v2\/media\/843"}],"wp:attachment":[{"href":"https:\/\/www.blakors.no\/ferier\/wp-json\/wp\/v2\/media?parent=1652"}],"curies":[{"name":"wp","href":"https:\/\/api.w.org\/{rel}","templated":true}]}}