{"id":169,"date":"2020-05-14T12:24:13","date_gmt":"2020-05-14T10:24:13","guid":{"rendered":"https:\/\/www.blakors.no\/ferier\/?page_id=169"},"modified":"2021-12-17T11:10:12","modified_gmt":"2021-12-17T10:10:12","slug":"ferie-pa-hovden-i-mars","status":"publish","type":"page","link":"https:\/\/www.blakors.no\/ferier\/ferie-pa-hovden-i-mars\/","title":{"rendered":"Vinterferie p\u00e5 Hovden"},"content":{"rendered":"<div class=\"custom-block-banner alignwide contenthalf\"><div class=\"banner-image\" style=\"background-image:url(https:\/\/www.blakors.no\/content\/uploads\/sites\/10\/2020\/05\/Hovden-sn\u00f8-i-mars-1030x773-1-1024x768.jpg)\"><\/div><div class=\"banner-inner\"><div><h1 id=\"vinterferie-pa-hovden\"  class=\"title large \" >Vinterferie p\u00e5 Hovden<\/h1><p>I mars skulle det arrangeres ferie for barnefamilier p\u00e5 Hovden, \u00f8verst i Setesdal.\r\nFerien var ikke tilknyttet skoleferie, og passet derfor best til familier med barn under skolealder.<\/p><\/div><\/div><\/div>\n\n\n<p><em>Denne ferien ble dessverre avlyst p\u00e5 grunn av <\/em>smitteverntiltak, men vi h\u00e5per \u00e5 kunne arrangere turen igjen i 2021. <\/p>\n\n\n\n<p><strong>Hovden er en av de flotteste vinterdestinasjonene p\u00e5 S\u00f8rlandet.<\/strong> Det er garantert sn\u00f8 hvert \u00e5r. Aktivitetene passer for b\u00e5de store og sm\u00e5. Vi&nbsp;g\u00e5r p\u00e5 langrennski og st\u00e5r p\u00e5 slalom i alpinanlegget, samt deltar p\u00e5 skiskole. Leie av skiutstyr og skiskolen er gratis for gjestene v\u00e5re. D<strong>et blir ogs\u00e5 lek i badeland og vinterkos med b\u00e5l, grilling av p\u00f8lser og andre sn\u00f8aktiviteter.<\/strong><\/p>\n\n\n\n<p>Hver familie <strong>f\u00e5r en hyggelig leilighet <\/strong>med fullt utstyrt kj\u00f8kken, stue, bad og soverom. Det er ogs\u00e5 tilknyttet balkong. Leilighetene har puter og dyner, men gjestene m\u00e5 ta med senget\u00f8y og h\u00e5ndkl\u00e6r til hvert familiemedlem.<\/p>\n\n\n\n<h2 class=\"wp-block-heading\" id=\"h-organisert-ferie\">Organisert ferie<\/h2>\n\n\n\n<p><strong>Ferien p\u00e5 Hovden er en organisert ferie, hvor vi reiser sammen en gjeng p\u00e5 cirka 50 personer.<\/strong> Vi legger opp til felles aktivitet og felles m\u00e5ltider. Dette er en ferie som passer for dere som \u00f8nsker samv\u00e6r og moro med andre, men gir ogs\u00e5 mulighet for \u00e5 legge opp dagen slik dere \u00f8nsker. <br><br>Med p\u00e5 turen vil det v\u00e6re <strong>ferieledere som ordner praktiske gj\u00f8rem\u00e5l<\/strong>, og som er tilgjengelige for gjestene v\u00e5re.<br>Alle foreldre har ansvar for sine barn. Ved ulike vannaktiviteter, m\u00e5 det v\u00e6re foreldre tilstedet n\u00e5r barna bader.<\/p>\n\n\n\n<p>Ellers koser vi oss p\u00e5 Hovden med alt som finnes der. <strong>Ferien gir mulighet for avslapping og g\u00f8yale aktiviteter p\u00e5 dagtid, og hyggelig sosialt samv\u00e6r med spilling og lek p\u00e5 kveldstid.<\/strong> Vi legger til rette for at barn og unge skal f\u00e5 opplevelser sammen med sine foresatte, og p\u00e5 den m\u00e5ten skape gode minner sammen.<\/p>\n\n\n\n<h2 id=\"smittevern\"  class=\"wp-block-heading\" ><strong>Smittevern<\/strong><\/h2>\n\n\n\n\n\n<h2 id=\"personvern\"  class=\"wp-block-heading\" ><strong>Personvern<\/strong><\/h2>\n\n\n\n<p>Vi anbefaler at du leser personvernerkl\u00e6ringen. Ved \u00e5 sende inn en s\u00f8knad samtykker jeg i at Bl\u00e5 Kors ferier behandler mine opplysninger. Ved \u00e5 krysse av p\u00e5 hvilken m\u00e5lgruppe jeg definerer meg og min familie, s\u00e5 samtykker jeg i \u00e5 dele disse opplysningene med Bl\u00e5 Kors ferier.<\/p>\n\n\n\n<p>Ved \u00e5 oppgi mine allergier, bidrar jeg til at Bl\u00e5 Kors ferier kan legge til rette for \u00e5 servere trygge og helsebringende m\u00e5ltider. Og jeg samtykker i \u00e5 dele disse helseopplysningene med Bl\u00e5 Kors ferier.<\/p>\n\n\n\n<div class=\"wp-block-buttons is-content-justification-center is-layout-flex wp-block-buttons-is-layout-flex\">\n<div class=\"wp-block-button is-style-primary\"><a class=\"wp-block-button__link\" href=\"https:\/\/www.blakors.no\/ferier\/personvernerklaering-ferier\/\">Personvernerkl\u00e6ring<\/a><\/div>\n<\/div>\n","protected":false},"excerpt":{"rendered":"<p>Denne ferien ble dessverre avlyst p\u00e5 grunn av smitteverntiltak, men vi h\u00e5per \u00e5 kunne arrangere turen igjen i 2021. Hovden er en av de flotteste vinterdestinasjonene p\u00e5 S\u00f8rlandet. Det er garantert sn\u00f8 hvert \u00e5r. Aktivitetene passer for b\u00e5de store og sm\u00e5. Vi&nbsp;g\u00e5r p\u00e5 langrennski og st\u00e5r p\u00e5 slalom i alpinanlegget, samt deltar p\u00e5 skiskole. Leie [&hellip;]<\/p>\n","protected":false},"author":19,"featured_media":275,"parent":0,"menu_order":0,"comment_status":"closed","ping_status":"closed","template":"","meta":{"_acf_changed":false,"_relevanssi_hide_post":"","_relevanssi_hide_content":"","_relevanssi_pin_for_all":"","_relevanssi_pin_keywords":"","_relevanssi_unpin_keywords":"","_relevanssi_related_keywords":"","_relevanssi_related_include_ids":"","_relevanssi_related_exclude_ids":"","_relevanssi_related_no_append":"","_relevanssi_related_not_related":"","_relevanssi_related_posts":"1","_relevanssi_noindex_reason":"","_custom_cards_description":"","footnotes":""},"class_list":["post-169","page","type-page","status-publish","has-post-thumbnail","hentry"],"acf":[],"_links":{"self":[{"href":"https:\/\/www.blakors.no\/ferier\/wp-json\/wp\/v2\/pages\/169","targetHints":{"allow":["GET"]}}],"collection":[{"href":"https:\/\/www.blakors.no\/ferier\/wp-json\/wp\/v2\/pages"}],"about":[{"href":"https:\/\/www.blakors.no\/ferier\/wp-json\/wp\/v2\/types\/page"}],"author":[{"embeddable":true,"href":"https:\/\/www.blakors.no\/ferier\/wp-json\/wp\/v2\/users\/19"}],"replies":[{"embeddable":true,"href":"https:\/\/www.blakors.no\/ferier\/wp-json\/wp\/v2\/comments?post=169"}],"version-history":[{"count":16,"href":"https:\/\/www.blakors.no\/ferier\/wp-json\/wp\/v2\/pages\/169\/revisions"}],"predecessor-version":[{"id":2715,"href":"https:\/\/www.blakors.no\/ferier\/wp-json\/wp\/v2\/pages\/169\/revisions\/2715"}],"wp:featuredmedia":[{"embeddable":true,"href":"https:\/\/www.blakors.no\/ferier\/wp-json\/wp\/v2\/media\/275"}],"wp:attachment":[{"href":"https:\/\/www.blakors.no\/ferier\/wp-json\/wp\/v2\/media?parent=169"}],"curies":[{"name":"wp","href":"https:\/\/api.w.org\/{rel}","templated":true}]}}