{"id":1714,"date":"2021-02-16T15:17:50","date_gmt":"2021-02-16T14:17:50","guid":{"rendered":"https:\/\/www.blakors.no\/ferier\/?page_id=1714"},"modified":"2025-10-06T10:19:29","modified_gmt":"2025-10-06T08:19:29","slug":"sommerferie-pa-norefjell","status":"publish","type":"page","link":"https:\/\/www.blakors.no\/ferier\/sommerferie-pa-norefjell\/","title":{"rendered":"Sommerferie p\u00e5 Norefjell"},"content":{"rendered":"<div class=\"custom-block-banner alignwide contenthalf\"><div class=\"banner-image\" style=\"background-image:url(https:\/\/www.blakors.no\/content\/uploads\/sites\/10\/2021\/02\/Norefjell.jpg)\"><\/div><div class=\"banner-inner\"><div><h1 id=\"sommerferie-pa-norefjell\"  class=\"title small \" >Sommerferie p\u00e5 Norefjell<\/h1><p>I sommerferien 2021 arrangerer vi familieferie p\u00e5 Norefjell. Tirsdag 13. juli til fredag 16. juli. S\u00f8knadsfrist er 1. mai. Foto: Norefjell.com<\/p><\/div><\/div><\/div>\n\n\n<p>Norefjell er kjent for sine vinteraktiviteter, men har ogs\u00e5 mye \u00e5 tilby p\u00e5 sommeren. I naturskj\u00f8nne omgivelser organiserer Bl\u00e5 Kors ferier aktiviteter som bes\u00f8k p\u00e5 setra, g\u00e5turer i n\u00e6romr\u00e5det, bading i vann og basseng, klatring i klatrevegg og lek i flotte omgivelser.<\/p>\n\n\n\n<p><strong>Hver familie <\/strong>f\u00e5r en hyggelig leilighet med fullt utstyrt kj\u00f8kken, stue, bad og soverom. Leilighetene har puter og dyner, men gjestene m\u00e5 ta med senget\u00f8y og h\u00e5ndkl\u00e6r til hvert familiemedlem.<\/p>\n\n\n\n<h2 class=\"wp-block-heading\" id=\"h-organisert-ferie\">Organisert ferie<\/h2>\n\n\n\n<p>Ferien p\u00e5 Norefjell er en organisert ferie, hvor familier kommer fra ulike steder for \u00e5 v\u00e6re p\u00e5 ferie sammen. <strong>En organisert ferie med Bl\u00e5 Kors er en mulighet til \u00e5 reise p\u00e5 en trygg og spennende ferie, planlagt av dyktige ferieledere som ordner praktiske gj\u00f8rem\u00e5l og er tilgjengelige for gjestene v\u00e5re.<\/strong><\/p>\n\n\n\n<figure class=\"wp-block-image alignright size-large is-resized is-style-rounded\"><img loading=\"lazy\" decoding=\"async\" width=\"800\" height=\"534\" src=\"https:\/\/www.blakors.no\/content\/uploads\/sites\/10\/2021\/02\/Utsikt-p\u00e5-Norefjell.jpg\" alt=\"Utsikt p\u00e5 Norefjell\" class=\"wp-image-1732\" style=\"width:150px;height:150px\" srcset=\"https:\/\/www.blakors.no\/content\/uploads\/sites\/10\/2021\/02\/Utsikt-p\u00e5-Norefjell.jpg 800w, https:\/\/www.blakors.no\/content\/uploads\/sites\/10\/2021\/02\/Utsikt-p\u00e5-Norefjell-300x200.jpg 300w, https:\/\/www.blakors.no\/content\/uploads\/sites\/10\/2021\/02\/Utsikt-p\u00e5-Norefjell-768x513.jpg 768w\" sizes=\"auto, (max-width: 800px) 100vw, 800px\" \/><\/figure>\n\n\n\n<p>Til sammen er vi ca. 50 personer som reiser p\u00e5 denne ferien. I tillegg til ferieledere har vi med oss Tidgivere (frivillige) som er med \u00e5 bidrar til at alle skal ha det fint p\u00e5 denne ferien. <strong>Det er noen felles m\u00e5ltider og aktiviteter, men ogs\u00e5 mye tid for familiene til \u00e5 gj\u00f8re ting p\u00e5 egen h\u00e5nd. <\/strong>P\u00e5 den m\u00e5ten kan dere f\u00e5 flotte opplevelser sammen, og barna har i tillegg alltid noen og v\u00e6re sammen med.<\/p>\n\n\n\n<p><strong>Alle foreldre har ansvar for sine barn.<\/strong> Ved ulike vannaktiviteter, m\u00e5 det v\u00e6re foreldre tilstede n\u00e5r barna bader. Vi legger opp til flere spennende aktiviteter disse dagene.<\/p>\n\n\n\n<p><strong>Dette er en ferie som passer for dere som \u00f8nsker samv\u00e6r og moro med andre<\/strong>, men gir ogs\u00e5 mulighet for \u00e5 legge opp dagen slik dere \u00f8nsker.<\/p>\n\n\n\n<p>Ellers koser vi oss p\u00e5 Norefjell med alt som finnes der. <strong>Ferien gir muligheter for avslapning, g\u00f8yale aktiviteter p\u00e5 dagtid, og hyggelig sosialt samv\u00e6r med spilling og lek p\u00e5 kveldstid. <\/strong>Vi legger til rette for at barn og unge skal f\u00e5 opplevelser sammen med sine foresatte, og p\u00e5 den m\u00e5ten skape gode minner sammen.<\/p>\n\n\n\n<ul class=\"wp-block-list\">\n<li><strong>Fra 13. juli til 16. juli, 2021<\/strong><\/li>\n\n\n\n<li><strong>S\u00f8knadsfrist: 1. mai 2021 <\/strong>(s\u00f8knadsfristen har n\u00e5 g\u00e5tt ut)<\/li>\n<\/ul>\n\n\n\n<h2 class=\"wp-block-heading\" id=\"h-dette-er-inkludert\">Dette er inkludert:<\/h2>\n\n\n\n<ul class=\"wp-block-list\">\n<li>Overnatting<\/li>\n\n\n\n<li>Frokost, lunsj, middag og kveldsmat<\/li>\n\n\n\n<li>Aktiviteter<\/li>\n<\/ul>\n\n\n\n<h2 class=\"wp-block-heading\" id=\"h-forsikring\">Forsikring<\/h2>\n\n\n\n<p>Alle deltakere dekkes av gruppeforsikringen til Bl\u00e5 Kors, men deltakere b\u00f8r ogs\u00e5 ha sin egen reiseforsikring.<\/p>\n\n\n\n<h2 class=\"wp-block-heading\" id=\"h-pris\">Pris<\/h2>\n\n\n\n<p><strong>Ferien er gratis<\/strong>,&nbsp;men transport til og fra Norefjell dekkes selv. Reiser dere kollektivt, kan vi m\u00f8te dere i Noresund.<br>Om familien er knyttet opp til NAV, barnevernstjenesten med flere, kan det v\u00e6re mulig \u00e5 s\u00f8ke om dekning av reisekostnader til og fra Norefjell via disse.<\/p>\n\n\n\n<div style=\"text-align:center;\"><iframe loading=\"lazy\" src=\"https:\/\/www.google.com\/maps\/embed?pb=!1m18!1m12!1m3!1d1207523.4023781049!2d7.1649389307187485!3d60.19385336431808!2m3!1f0!2f0!3f0!3m2!1i1024!2i768!4f13.1!3m3!1m2!1s0x46408e9e7fa470bf%3A0x73141c18c2dc2ac8!2sNorefjell%20Ski%20%26%20Spa!5e0!3m2!1sen!2sno!4v1613484738485!5m2!1sen!2sno\" width=\"600\" height=\"450\" frameborder=\"0\" style=\"border:0;\" allowfullscreen=\"\" aria-hidden=\"false\" tabindex=\"0\"><\/iframe><\/div>\n\n\n\n<h2 class=\"wp-block-heading\" id=\"h-smittevern\">Smittevern<\/h2>\n\n\n\n\n\n<h2 class=\"wp-block-heading\" id=\"h-personvern\"><strong>Personvern<\/strong><\/h2>\n\n\n\n<p>Ved \u00e5 sende inn en s\u00f8knad til Bl\u00e5 Kors ferier, samtykker jeg i at Bl\u00e5 Kors ferier behandler mine opplysninger i tr\u00e5d med det som st\u00e5r i personvernerkl\u00e6ringen og gjeldende regelverk.<\/p>\n\n\n\n<div class=\"wp-block-buttons is-content-justification-center is-layout-flex wp-block-buttons-is-layout-flex\">\n<div class=\"wp-block-button is-style-primary\"><a class=\"wp-block-button__link\" href=\"https:\/\/www.blakors.no\/ferier\/personvernerklaering-ferier\/\">Personvernerkl\u00e6ring<\/a><\/div>\n<\/div>\n\n\n\n<p>Ved \u00e5 krysse av p\u00e5 hvilken m\u00e5lgruppe jeg definerer meg og min familie, s\u00e5 samtykker jeg i \u00e5 dele disse opplysningene med Bl\u00e5 Kors ferier. Ved \u00e5 oppgi mine allergier, samtykker jeg til at Bl\u00e5 Kors ferier behandler helseopplysninger om meg. Form\u00e5let med \u00e5 oppgi allergier, er at Bl\u00e5 Kors ferier kan legge til rette for \u00e5 servere trygge og helsebringende m\u00e5ltider og vurdere en passende ferie tilpasset mine behov. Alle personopplysninger blir behandlet trygt, og deles kun med utvalgte personer som trenger opplysningene for \u00e5 legge til rette for ferietilbudet. Informasjonen Bl\u00e5 Kors ferier samler inn, slettes n\u00e5r vi ikke lenger har bruk for de, eller n\u00e5r du trekker ditt samtykke for behandling av personopplysninger.<\/p>\n\n\n\n<div class=\"wp-block-buttons is-horizontal is-content-justification-center is-layout-flex wp-container-core-buttons-is-layout-499968f5 wp-block-buttons-is-layout-flex\">\n<div class=\"wp-block-button is-style-primary\"><a class=\"wp-block-button__link wp-element-button\" href=\"https:\/\/www.blakors.no\/ferier\/sommerferie-pa-norefjell\/\">Tilbake til toppen<\/a><\/div>\n<\/div>\n\n\n","protected":false},"excerpt":{"rendered":"<p>Norefjell er kjent for sine vinteraktiviteter, men har ogs\u00e5 mye \u00e5 tilby p\u00e5 sommeren. I naturskj\u00f8nne omgivelser organiserer Bl\u00e5 Kors ferier aktiviteter som bes\u00f8k p\u00e5 setra, g\u00e5turer i n\u00e6romr\u00e5det, bading i vann og basseng, klatring i klatrevegg og lek i flotte omgivelser. Hver familie f\u00e5r en hyggelig leilighet med fullt utstyrt kj\u00f8kken, stue, bad og [&hellip;]<\/p>\n","protected":false},"author":36,"featured_media":1725,"parent":0,"menu_order":0,"comment_status":"closed","ping_status":"closed","template":"","meta":{"_acf_changed":false,"_relevanssi_hide_post":"","_relevanssi_hide_content":"","_relevanssi_pin_for_all":"","_relevanssi_pin_keywords":"","_relevanssi_unpin_keywords":"","_relevanssi_related_keywords":"","_relevanssi_related_include_ids":"","_relevanssi_related_exclude_ids":"","_relevanssi_related_no_append":"","_relevanssi_related_not_related":"","_relevanssi_related_posts":"1","_relevanssi_noindex_reason":"","_custom_cards_description":"","footnotes":""},"class_list":["post-1714","page","type-page","status-publish","has-post-thumbnail","hentry"],"acf":[],"_links":{"self":[{"href":"https:\/\/www.blakors.no\/ferier\/wp-json\/wp\/v2\/pages\/1714","targetHints":{"allow":["GET"]}}],"collection":[{"href":"https:\/\/www.blakors.no\/ferier\/wp-json\/wp\/v2\/pages"}],"about":[{"href":"https:\/\/www.blakors.no\/ferier\/wp-json\/wp\/v2\/types\/page"}],"author":[{"embeddable":true,"href":"https:\/\/www.blakors.no\/ferier\/wp-json\/wp\/v2\/users\/36"}],"replies":[{"embeddable":true,"href":"https:\/\/www.blakors.no\/ferier\/wp-json\/wp\/v2\/comments?post=1714"}],"version-history":[{"count":5,"href":"https:\/\/www.blakors.no\/ferier\/wp-json\/wp\/v2\/pages\/1714\/revisions"}],"predecessor-version":[{"id":5366,"href":"https:\/\/www.blakors.no\/ferier\/wp-json\/wp\/v2\/pages\/1714\/revisions\/5366"}],"wp:featuredmedia":[{"embeddable":true,"href":"https:\/\/www.blakors.no\/ferier\/wp-json\/wp\/v2\/media\/1725"}],"wp:attachment":[{"href":"https:\/\/www.blakors.no\/ferier\/wp-json\/wp\/v2\/media?parent=1714"}],"curies":[{"name":"wp","href":"https:\/\/api.w.org\/{rel}","templated":true}]}}