{"id":182,"date":"2020-05-14T12:23:35","date_gmt":"2020-05-14T10:23:35","guid":{"rendered":"https:\/\/www.blakors.no\/ferier\/?page_id=182"},"modified":"2021-12-17T11:40:13","modified_gmt":"2021-12-17T10:40:13","slug":"hotell-weekend-pa-scandic-sorlandet","status":"publish","type":"page","link":"https:\/\/www.blakors.no\/ferier\/hotell-weekend-pa-scandic-sorlandet\/","title":{"rendered":"Hotellweekend p\u00e5 Scandic S\u00f8rlandet"},"content":{"rendered":"<div class=\"custom-block-banner alignwide contenthalf\"><div class=\"banner-image\" style=\"background-image:url(https:\/\/www.blakors.no\/content\/uploads\/sites\/10\/2020\/05\/107665818-1024x682.jpg)\"><\/div><div class=\"banner-inner\"><div><h1 id=\"hotellweekend-pa-scandic-sorlandet\"  class=\"title small \" >Hotellweekend p\u00e5 Scandic S\u00f8rlandet<\/h1><p>Om du og din familie er i v\u00e5r m\u00e5lgruppe og har utfordringer med lavinntekt, psykisk helse, eller rusavhengighet, kan dere s\u00f8ke p\u00e5 dette hotelloppholdet.<\/p><\/div><\/div><\/div>\n\n\n<p><a href=\"https:\/\/www.scandichotels.no\/hotell\/norge\/kristiansand\/scandic-sorlandet\" target=\"_blank\" rel=\"noopener\">Scandic S\u00f8rlandet<\/a> hotell gir bort jevnlige helgeopphold til barnefamilier. Hotellet ligger sentralt til i S\u00f8rlandsparken med gangavstand til S\u00f8rlandssenteret, gokart-bane, lekeland og Dyreparken med badeland. Hotellet har flott restaurant, treningsrom og gratis Wi-Fi.<\/p>\n\n\n\n<p><strong>S\u00f8knadsfristen for disse hotelweekendene har n\u00e5 g\u00e5tt ut.<\/strong><\/p>\n\n\n\n<p>Hotellweekenden er lagt opp slik at det er en selvstendig ferie. Det er for dem som \u00f8nsker \u00e5 reise p\u00e5 tur kun sammen med sin familie. Det er lagt opp til at familien selv bestemmer hva de \u00f8nsker \u00e5 bruke tiden p\u00e5.<\/p>\n\n\n\n<p>Hotellet tilbyr rom med inntil 4 sengeplasser. Hotellet byr p\u00e5 frokost hver morgen.<br><br>Adresse til hotellet: Travparkveien14, 4636 Kristiansand. Det er god tilgang p\u00e5 kollektivtransport til og fra Kristiansand by og fra Kjevik flyplass; 10 kilometer avstand.<\/p>\n\n\n\n<h2 class=\"wp-block-heading\" id=\"h-inkludert\">Inkludert:<\/h2>\n\n\n\n<ul class=\"wp-block-list\"><li>Frokost hver dag<\/li><li>Inngang til Dyreparken for hele familien<\/li><\/ul>\n\n\n\n<p><strong>Familien m\u00e5 selv dekke:<\/strong><\/p>\n\n\n\n<ul class=\"wp-block-list\"><li>Transport <\/li><li>Alle m\u00e5ltider unntatt frokost<\/li><\/ul>\n\n\n\n<h2 class=\"wp-block-heading\" id=\"h-forsikring\">Forsikring<\/h2>\n\n\n\n<p>Deltakere m\u00e5 ha egen reiseforsikring.<\/p>\n\n\n\n<h2 class=\"wp-block-heading\" id=\"h-kontakt\">Kontakt<\/h2>\n\n\n\n<p>For mer informasjon ta kontakt med Hjerterom-koordinator i Bl\u00e5 Kors ferier, Carina Klungland, p\u00e5 telefon 924 60 305 eller e-post&nbsp;<a href=\"mailto:carina.klungland@blakors.no\">carina.klungland@blakors.no<\/a>.<\/p>\n\n\n\n<h2 class=\"wp-block-heading\" id=\"h-pris\">Pris<\/h2>\n\n\n\n<p><strong>Ferien er gratis<\/strong>,&nbsp;men transport til og fra Scandic S\u00f8rlandet dekkes selv.&nbsp;<\/p>\n\n\n\n<p>Om familien er knyttet opp til NAV, barnevernstjenesten med flere, kan det v\u00e6re mulig \u00e5 s\u00f8ke om dekning av reisekostnader til og fra hotellet via disse.<\/p>\n\n\n\n<div style=\"text-align:center;\"><iframe src=\"https:\/\/www.google.com\/maps\/embed?pb=!1m18!1m12!1m3!1d846227.2127268367!2d7.37919742864049!3d58.53861181843639!2m3!1f0!2f0!3f0!3m2!1i1024!2i768!4f13.1!3m3!1m2!1s0x463800e7500fa98b%3A0x9dca1a053904c622!2sScandic%20S%C3%B8rlandet!5e0!3m2!1sno!2sno!4v1619009436110!5m2!1sno!2sno\" width=\"600\" height=\"450\" style=\"border:0;\" allowfullscreen=\"\" loading=\"lazy\"><\/iframe><\/div>\n\n\n\n<h2 class=\"wp-block-heading\" id=\"h-smittevern\"><strong>Smittevern<\/strong>&nbsp;<\/h2>\n\n\n\n\n\n<h2 class=\"wp-block-heading\" id=\"h-personvern\">Personvern<\/h2>\n\n\n\n<p>Ved \u00e5 sende inn en s\u00f8knad til Bl\u00e5 Kors ferier, samtykker jeg i at Bl\u00e5 Kors ferier behandler mine opplysninger i tr\u00e5d med det som st\u00e5r i personvernerkl\u00e6ringen og gjeldende regelverk. <\/p>\n\n\n\n<div class=\"wp-block-buttons is-content-justification-center is-layout-flex wp-block-buttons-is-layout-flex\">\n<div class=\"wp-block-button is-style-primary\"><a class=\"wp-block-button__link\" href=\"https:\/\/www.blakors.no\/ferier\/personvernerklaering-ferier\/\">Personvernerkl\u00e6ring<\/a><\/div>\n<\/div>\n\n\n\n<p>Ved \u00e5 krysse av p\u00e5 hvilken m\u00e5lgruppe jeg definerer meg og min familie, s\u00e5 samtykker jeg i \u00e5 dele disse opplysningene med Bl\u00e5 Kors ferier. Ved \u00e5 oppgi mine allergier, samtykker jeg til at Bl\u00e5 Kors ferier behandler helseopplysninger om meg. Form\u00e5let med \u00e5 oppgi allergier, er at Bl\u00e5 Kors ferier kan legge til rette for \u00e5 servere trygge og helsebringende m\u00e5ltider og vurdere en passende ferie tilpasset mine behov. Alle personopplysninger blir behandlet trygt, og deles kun med utvalgte personer som trenger opplysningene for \u00e5 legge til rette for ferietilbudet. Informasjonen Bl\u00e5 Kors ferier samler inn, slettes n\u00e5r vi ikke lenger har bruk for de, eller n\u00e5r du trekker ditt samtykke for behandling av personopplysning.<\/p>\n\n\n\n<div class=\"wp-block-buttons is-content-justification-center is-layout-flex wp-block-buttons-is-layout-flex\">\n<div class=\"wp-block-button is-style-primary\"><a class=\"wp-block-button__link\" href=\"https:\/\/www.blakors.no\/ferier\/hotell-weekend-pa-scandic-sorlandet\">Tilbake til toppen<\/a><\/div>\n<\/div>\n\n\n","protected":false},"excerpt":{"rendered":"<p>Scandic S\u00f8rlandet hotell gir bort jevnlige helgeopphold til barnefamilier. Hotellet ligger sentralt til i S\u00f8rlandsparken med gangavstand til S\u00f8rlandssenteret, gokart-bane, lekeland og Dyreparken med badeland. Hotellet har flott restaurant, treningsrom og gratis Wi-Fi. S\u00f8knadsfristen for disse hotelweekendene har n\u00e5 g\u00e5tt ut. Hotellweekenden er lagt opp slik at det er en selvstendig ferie. Det er for [&hellip;]<\/p>\n","protected":false},"author":36,"featured_media":335,"parent":0,"menu_order":0,"comment_status":"closed","ping_status":"closed","template":"","meta":{"_acf_changed":false,"_relevanssi_hide_post":"","_relevanssi_hide_content":"","_relevanssi_pin_for_all":"on","_relevanssi_pin_keywords":"Hotellweekend, Scandic S\u00f8rlandet","_relevanssi_unpin_keywords":"","_relevanssi_related_keywords":"","_relevanssi_related_include_ids":"","_relevanssi_related_exclude_ids":"","_relevanssi_related_no_append":"","_relevanssi_related_not_related":"","_relevanssi_related_posts":"1","_relevanssi_noindex_reason":"","_custom_cards_description":"","footnotes":""},"class_list":["post-182","page","type-page","status-publish","has-post-thumbnail","hentry"],"acf":[],"_links":{"self":[{"href":"https:\/\/www.blakors.no\/ferier\/wp-json\/wp\/v2\/pages\/182","targetHints":{"allow":["GET"]}}],"collection":[{"href":"https:\/\/www.blakors.no\/ferier\/wp-json\/wp\/v2\/pages"}],"about":[{"href":"https:\/\/www.blakors.no\/ferier\/wp-json\/wp\/v2\/types\/page"}],"author":[{"embeddable":true,"href":"https:\/\/www.blakors.no\/ferier\/wp-json\/wp\/v2\/users\/36"}],"replies":[{"embeddable":true,"href":"https:\/\/www.blakors.no\/ferier\/wp-json\/wp\/v2\/comments?post=182"}],"version-history":[{"count":52,"href":"https:\/\/www.blakors.no\/ferier\/wp-json\/wp\/v2\/pages\/182\/revisions"}],"predecessor-version":[{"id":2719,"href":"https:\/\/www.blakors.no\/ferier\/wp-json\/wp\/v2\/pages\/182\/revisions\/2719"}],"wp:featuredmedia":[{"embeddable":true,"href":"https:\/\/www.blakors.no\/ferier\/wp-json\/wp\/v2\/media\/335"}],"wp:attachment":[{"href":"https:\/\/www.blakors.no\/ferier\/wp-json\/wp\/v2\/media?parent=182"}],"curies":[{"name":"wp","href":"https:\/\/api.w.org\/{rel}","templated":true}]}}