{"id":1877,"date":"2021-03-26T16:40:41","date_gmt":"2021-03-26T15:40:41","guid":{"rendered":"https:\/\/www.blakors.no\/ferier\/?page_id=1877"},"modified":"2024-09-16T13:42:30","modified_gmt":"2024-09-16T11:42:30","slug":"sommerferie-i-abra-havn","status":"publish","type":"page","link":"https:\/\/www.blakors.no\/ferier\/sommerferie-i-abra-havn\/","title":{"rendered":"Sommerferie i Abra Havn"},"content":{"rendered":"<div class=\"custom-block-banner alignwide contenthalf\"><div class=\"banner-image\" style=\"background-image:url(https:\/\/www.blakors.no\/content\/uploads\/sites\/10\/2021\/03\/Oppgj\u00f8r-utenfor-Abra-Havn-1024x683.jpg)\"><\/div><div class=\"banner-inner\"><div><h1 id=\"sommerferie-i-abra-havn\"  class=\"title large \" >Sommerferie i Abra Havn<\/h1><p>Hiv og hoi! Fra mandag 26. til torsdag 29. juli kan familien bo blant Kaptein Sabeltanns menn i Abra Havn. S\u00f8knadsfrist: 1. mai 2021\r\n<\/p><\/div><\/div><\/div>\n\n\n<div class=\"wp-block-image is-style-rounded\"><figure class=\"alignright size-thumbnail\"><img loading=\"lazy\" decoding=\"async\" width=\"150\" height=\"150\" src=\"https:\/\/www.blakors.no\/content\/uploads\/sites\/10\/2021\/03\/Gatene-i-Abra-Havn-150x150.jpg\" alt=\"\" class=\"wp-image-1889\" srcset=\"https:\/\/www.blakors.no\/content\/uploads\/sites\/10\/2021\/03\/Gatene-i-Abra-Havn-150x150.jpg 150w, https:\/\/www.blakors.no\/content\/uploads\/sites\/10\/2021\/03\/Gatene-i-Abra-Havn-300x300.jpg 300w, https:\/\/www.blakors.no\/content\/uploads\/sites\/10\/2021\/03\/Gatene-i-Abra-Havn-200x200.jpg 200w\" sizes=\"auto, (max-width: 150px) 100vw, 150px\" \/><\/figure><\/div>\n\n\n\n<p><strong>Like ved Kristiansand Dyrepark ligger det unike sj\u00f8r\u00f8verhotellet, Abra Havn. <\/strong>Bl\u00e5 Kors ferier inviterer denne sommeren barnefamilier i v\u00e5r m\u00e5lgruppe til \u00e5 s\u00f8ke om ferie i Sj\u00f8r\u00f8verlandsbyen. Vi vil overnatte blant Kaptein Sabeltanns menn, bes\u00f8ke Dyreparken og nyte varme sommerdager i Kristiansand.<\/p>\n\n\n\n<p><strong>Gjestene innkvarteres i sjarmerende \u00absj\u00f8r\u00f8verk\u00e5ker\u00bb<\/strong> (leiligheter i ulike st\u00f8rrelser tilpasset familiene). Alle boenheter har eget bad med dusj og WC. Senget\u00f8y og h\u00e5ndkl\u00e6r til alle i familien er i leiligheten. <strong>Alle m\u00e5ltider er inkludert i denne ferien. <\/strong>Mat til frokost, lunsj og kveldsmat er p\u00e5 forh\u00e5nd lagt klart p\u00e5 kj\u00f8kkenet i leiligheten. Middagene spises som felles m\u00e5ltid dersom restriksjonene tillater det. Det er en liten kiosk i resepsjonen.<\/p>\n\n\n\n<p>Den ene dagen p\u00e5 denne ferien bruker vi i Dyreparken med alt det den har \u00e5 by p\u00e5, men den andre dagen reiser vi til en badestrand i Kristiansand og nyter en deilig s\u00f8rlandsdag.<\/p>\n\n\n\n<div class=\"wp-block-image is-style-rounded\"><figure class=\"alignright size-thumbnail\"><img loading=\"lazy\" decoding=\"async\" width=\"150\" height=\"150\" src=\"https:\/\/www.blakors.no\/content\/uploads\/sites\/10\/2021\/03\/Sj\u00f8r\u00f8verne-kommer-150x150.jpg\" alt=\"\" class=\"wp-image-1888\" srcset=\"https:\/\/www.blakors.no\/content\/uploads\/sites\/10\/2021\/03\/Sj\u00f8r\u00f8verne-kommer-150x150.jpg 150w, https:\/\/www.blakors.no\/content\/uploads\/sites\/10\/2021\/03\/Sj\u00f8r\u00f8verne-kommer-300x300.jpg 300w, https:\/\/www.blakors.no\/content\/uploads\/sites\/10\/2021\/03\/Sj\u00f8r\u00f8verne-kommer-200x200.jpg 200w\" sizes=\"auto, (max-width: 150px) 100vw, 150px\" \/><\/figure><\/div>\n\n\n\n<h2 class=\"wp-block-heading\" id=\"organisert-ferie\">Organisert ferie<\/h2>\n\n\n\n<p>Ferien i Abra Havn er en organisert ferie, hvor familier kommer fra ulike steder for \u00e5 v\u00e6re p\u00e5 ferie sammen.&nbsp;<strong>En organisert ferie med Bl\u00e5 Kors er en mulighet til \u00e5 reise p\u00e5 en trygg og spennende ferie, planlagt av dyktige ferieledere som ordner praktiske gj\u00f8rem\u00e5l og er tilgjengelige for gjestene v\u00e5re.<\/strong><\/p>\n\n\n\n<p>Til sammen er vi ca. 40 personer som reiser p\u00e5 denne ferien. I tillegg til ferieledere har vi med oss Tidgivere (frivillige) som er med \u00e5 bidrar til at alle skal ha det fint p\u00e5 denne ferien.&nbsp;<strong>Det er noen felles m\u00e5ltider og aktiviteter, men ogs\u00e5 mye tid for familiene til \u00e5 gj\u00f8re ting p\u00e5 egen h\u00e5nd.&nbsp;<\/strong>P\u00e5 den m\u00e5ten kan dere f\u00e5 flotte opplevelser sammen, og barna har i tillegg alltid noen og v\u00e6re sammen med.<\/p>\n\n\n\n<div class=\"wp-block-image is-style-rounded\"><figure class=\"alignright size-thumbnail\"><img loading=\"lazy\" decoding=\"async\" width=\"150\" height=\"150\" src=\"https:\/\/www.blakors.no\/content\/uploads\/sites\/10\/2021\/03\/Gepard-i-Dyreparken-150x150.jpg\" alt=\"\" class=\"wp-image-1890\" srcset=\"https:\/\/www.blakors.no\/content\/uploads\/sites\/10\/2021\/03\/Gepard-i-Dyreparken-150x150.jpg 150w, https:\/\/www.blakors.no\/content\/uploads\/sites\/10\/2021\/03\/Gepard-i-Dyreparken-300x300.jpg 300w, https:\/\/www.blakors.no\/content\/uploads\/sites\/10\/2021\/03\/Gepard-i-Dyreparken-200x200.jpg 200w\" sizes=\"auto, (max-width: 150px) 100vw, 150px\" \/><\/figure><\/div>\n\n\n\n<p><strong>Alle foreldre har ansvar for sine barn.<\/strong>&nbsp;Ved ulike vannaktiviteter, m\u00e5 det v\u00e6re foreldre tilstede n\u00e5r barna bader. Vi legger opp til flere spennende aktiviteter disse dagene.<\/p>\n\n\n\n<p><strong>Dette er en ferie som passer for dere som \u00f8nsker samv\u00e6r og moro med andre<\/strong>, men gir ogs\u00e5 mulighet for \u00e5 legge opp dagen slik dere \u00f8nsker.<\/p>\n\n\n\n<p>Ferien gir muligheter for ro og avslapning, g\u00f8yale aktiviteter p\u00e5 dagtid, og spennende overnatting i sj\u00f8r\u00f8verlandsbyen Abra Havn. <strong>Vi legger til rette for at barn og unge skal f\u00e5 opplevelser sammen med sine foresatte, og p\u00e5 den m\u00e5ten skape gode minner sammen.<\/strong><\/p>\n\n\n\n<div class=\"wp-block-image is-style-rounded\"><figure class=\"alignright size-thumbnail\"><img loading=\"lazy\" decoding=\"async\" width=\"150\" height=\"150\" src=\"https:\/\/www.blakors.no\/content\/uploads\/sites\/10\/2020\/12\/Kanoner-i-Abra-Havn-150x150.jpg\" alt=\"Kanoner sikter mot Grashavet i Abra Havn\" class=\"wp-image-1299\" srcset=\"https:\/\/www.blakors.no\/content\/uploads\/sites\/10\/2020\/12\/Kanoner-i-Abra-Havn-150x150.jpg 150w, https:\/\/www.blakors.no\/content\/uploads\/sites\/10\/2020\/12\/Kanoner-i-Abra-Havn-300x300.jpg 300w\" sizes=\"auto, (max-width: 150px) 100vw, 150px\" \/><\/figure><\/div>\n\n\n\n<p><br><strong>Velkommen!<\/strong><\/p>\n\n\n\n<h2 id=\"soknadsfrist-1-mai-2021-soknadsfristen-har-na-gatt-ut\"  class=\"wp-block-heading\" ><strong>S\u00f8knadsfrist<\/strong>: 1. mai 2021 (s\u00f8knadsfristen har n\u00e5 g\u00e5tt ut)<\/h2>\n\n\n\n<h2 id=\"inkludert\"  class=\"wp-block-heading\" >Inkludert:<\/h2>\n\n\n\n<div class=\"wp-block-image is-style-rounded\"><figure class=\"alignright size-thumbnail\"><img loading=\"lazy\" decoding=\"async\" width=\"150\" height=\"150\" src=\"https:\/\/www.blakors.no\/content\/uploads\/sites\/10\/2021\/03\/Sabeltannshow-150x150.jpg\" alt=\"\" class=\"wp-image-1887\" srcset=\"https:\/\/www.blakors.no\/content\/uploads\/sites\/10\/2021\/03\/Sabeltannshow-150x150.jpg 150w, https:\/\/www.blakors.no\/content\/uploads\/sites\/10\/2021\/03\/Sabeltannshow-300x300.jpg 300w, https:\/\/www.blakors.no\/content\/uploads\/sites\/10\/2021\/03\/Sabeltannshow-200x200.jpg 200w\" sizes=\"auto, (max-width: 150px) 100vw, 150px\" \/><\/figure><\/div>\n\n\n\n<ul class=\"wp-block-list\"><li>Utflukter og aktiviteter<\/li><li>Alle m\u00e5ltider<\/li><li>Inngang i Dyreparken<\/li><\/ul>\n\n\n\n<h2 id=\"forsikring\"  class=\"wp-block-heading\" >Forsikring<\/h2>\n\n\n\n<p>Alle deltakere dekkes av Bl\u00e5 Kors egen gruppeforsikring. Deltakere b\u00f8r ogs\u00e5 ha sin egen reiseforsikring.<\/p>\n\n\n\n<div class=\"wp-block-image is-style-rounded\"><figure class=\"alignright size-thumbnail\"><img loading=\"lazy\" decoding=\"async\" width=\"150\" height=\"150\" src=\"https:\/\/www.blakors.no\/content\/uploads\/sites\/10\/2020\/12\/H\u00f8st-i-Abra-Havn-150x150.jpg\" alt=\"Mystisk stemning i Abra Havn\" class=\"wp-image-1298\" srcset=\"https:\/\/www.blakors.no\/content\/uploads\/sites\/10\/2020\/12\/H\u00f8st-i-Abra-Havn-150x150.jpg 150w, https:\/\/www.blakors.no\/content\/uploads\/sites\/10\/2020\/12\/H\u00f8st-i-Abra-Havn-300x300.jpg 300w\" sizes=\"auto, (max-width: 150px) 100vw, 150px\" \/><\/figure><\/div>\n\n\n\n<h2 id=\"pris\"  class=\"wp-block-heading\" >Pris<\/h2>\n\n\n\n<p><strong>Ferien er gratis. <\/strong>Men transport til og fra Kristiansand dekkes selv. For gjester som kommer med buss\/tog til Kristiansand sentrum, ordner vi transport til Abra Havn. <\/p>\n\n\n\n<p>Om familien er knyttet opp til NAV, barnevernstjenesten med flere, vil det v\u00e6re mulig \u00e5 s\u00f8ke om dekning av reisekostnader til og fra Kristiansand via disse.<\/p>\n\n\n\n<div style=\"text-align:center;\"><iframe src=\"https:\/\/www.google.com\/maps\/embed?pb=!1m18!1m12!1m3!1d378747.69101345795!2d7.602088474097742!3d58.37139026349128!2m3!1f0!2f0!3f0!3m2!1i1024!2i768!4f13.1!3m3!1m2!1s0x463800db05832e1d%3A0xcc1370a57d6a10be!2sAbra%20Havn!5e0!3m2!1sen!2sno!4v1615386918023!5m2!1sen!2sno\" width=\"600\" height=\"450\" style=\"border:0;\" allowfullscreen=\"\" loading=\"lazy\"><\/iframe><\/iframe><\/div>\n\n\n\n<h2 id=\"smittevern\"  class=\"wp-block-heading\" ><strong>Smittevern<\/strong>&nbsp;<\/h2>\n\n\n\n\n\n<h2 id=\"personvern\"  class=\"wp-block-heading\" >Personvern<\/h2>\n\n\n\n<p>Ved \u00e5 sende inn en s\u00f8knad til Bl\u00e5 Kors ferier, samtykker jeg i at Bl\u00e5 Kors ferier behandler mine opplysninger i tr\u00e5d med det som st\u00e5r i personvernerkl\u00e6ringen og gjeldende regelverk.<\/p>\n\n\n\n<div class=\"wp-block-button aligncenter is-style-primary\"><a class=\"wp-block-button__link\" href=\"https:\/\/www.blakors.no\/ferier\/personvernerklaering-ferier\/\">Personvernerkl\u00e6ring<\/a><\/div>\n\n\n\n<p>Ved \u00e5 krysse av p\u00e5 hvilken m\u00e5lgruppe jeg definerer meg og min familie, s\u00e5 samtykker jeg i \u00e5 dele disse opplysningene med Bl\u00e5 Kors ferier. Ved \u00e5 oppgi mine allergier, samtykker jeg til at Bl\u00e5 Kors ferier behandler helseopplysninger om meg. Form\u00e5let med \u00e5 oppgi allergier, er at Bl\u00e5 Kors ferier kan legge til rette for \u00e5 servere trygge og helsebringende m\u00e5ltider og vurdere en passende ferie tilpasset mine behov. Alle personopplysninger blir behandlet trygt, og deles kun med utvalgte personer som trenger opplysningene for \u00e5 legge til rette for ferietilbudet. Informasjonen Bl\u00e5 Kors ferier samler inn, slettes n\u00e5r vi ikke lenger har bruk for de, eller n\u00e5r du trekker ditt samtykke for behandling av personopplysninger.<\/p>\n\n\n\n<div class=\"wp-block-buttons is-content-justification-center is-layout-flex wp-block-buttons-is-layout-flex\">\n<div class=\"wp-block-button is-style-primary\"><a class=\"wp-block-button__link\" href=\"https:\/\/www.blakors.no\/ferier\/sommerferie-i-abra-havn\/\">Tilbake til toppen<\/a><\/div>\n<\/div>\n\n\n","protected":false},"excerpt":{"rendered":"<p>Like ved Kristiansand Dyrepark ligger det unike sj\u00f8r\u00f8verhotellet, Abra Havn. Bl\u00e5 Kors ferier inviterer denne sommeren barnefamilier i v\u00e5r m\u00e5lgruppe til \u00e5 s\u00f8ke om ferie i Sj\u00f8r\u00f8verlandsbyen. Vi vil overnatte blant Kaptein Sabeltanns menn, bes\u00f8ke Dyreparken og nyte varme sommerdager i Kristiansand. Gjestene innkvarteres i sjarmerende \u00absj\u00f8r\u00f8verk\u00e5ker\u00bb (leiligheter i ulike st\u00f8rrelser tilpasset familiene). Alle boenheter [&hellip;]<\/p>\n","protected":false},"author":36,"featured_media":753,"parent":0,"menu_order":0,"comment_status":"closed","ping_status":"closed","template":"","meta":{"_acf_changed":false,"_relevanssi_hide_post":"","_relevanssi_hide_content":"","_relevanssi_pin_for_all":"","_relevanssi_pin_keywords":"","_relevanssi_unpin_keywords":"","_relevanssi_related_keywords":"","_relevanssi_related_include_ids":"","_relevanssi_related_exclude_ids":"","_relevanssi_related_no_append":"","_relevanssi_related_not_related":"","_relevanssi_related_posts":"1","_relevanssi_noindex_reason":"","_custom_cards_description":"","footnotes":""},"class_list":["post-1877","page","type-page","status-publish","has-post-thumbnail","hentry"],"acf":[],"_links":{"self":[{"href":"https:\/\/www.blakors.no\/ferier\/wp-json\/wp\/v2\/pages\/1877","targetHints":{"allow":["GET"]}}],"collection":[{"href":"https:\/\/www.blakors.no\/ferier\/wp-json\/wp\/v2\/pages"}],"about":[{"href":"https:\/\/www.blakors.no\/ferier\/wp-json\/wp\/v2\/types\/page"}],"author":[{"embeddable":true,"href":"https:\/\/www.blakors.no\/ferier\/wp-json\/wp\/v2\/users\/36"}],"replies":[{"embeddable":true,"href":"https:\/\/www.blakors.no\/ferier\/wp-json\/wp\/v2\/comments?post=1877"}],"version-history":[{"count":5,"href":"https:\/\/www.blakors.no\/ferier\/wp-json\/wp\/v2\/pages\/1877\/revisions"}],"predecessor-version":[{"id":4724,"href":"https:\/\/www.blakors.no\/ferier\/wp-json\/wp\/v2\/pages\/1877\/revisions\/4724"}],"wp:featuredmedia":[{"embeddable":true,"href":"https:\/\/www.blakors.no\/ferier\/wp-json\/wp\/v2\/media\/753"}],"wp:attachment":[{"href":"https:\/\/www.blakors.no\/ferier\/wp-json\/wp\/v2\/media?parent=1877"}],"curies":[{"name":"wp","href":"https:\/\/api.w.org\/{rel}","templated":true}]}}