{"id":2520,"date":"2021-11-29T13:46:04","date_gmt":"2021-11-29T12:46:04","guid":{"rendered":"https:\/\/www.blakors.no\/ferier\/?page_id=2520"},"modified":"2022-02-23T10:08:53","modified_gmt":"2022-02-23T09:08:53","slug":"vinterferie-pa-quality-hotel-skjaergarden","status":"publish","type":"page","link":"https:\/\/www.blakors.no\/ferier\/vinterferie-pa-quality-hotel-skjaergarden\/","title":{"rendered":"Vinterferie p\u00e5 Quality Hotel Skj\u00e6rg\u00e5rden"},"content":{"rendered":"<div class=\"custom-block-banner alignwide contenthalf\"><div class=\"banner-image\" style=\"background-image:url(https:\/\/www.blakors.no\/content\/uploads\/sites\/10\/2021\/11\/aqualand-sunbed-relax-view-quality-hotel-skjaergarden.jpg)\"><\/div><div class=\"banner-inner\"><div><h1 id=\"vinterferie-pa-quality-hotel-skjaergarden-i-langesund\"  class=\"title small \" >Vinterferie p\u00e5 Quality Hotel Skj\u00e6rg\u00e5rden i Langesund<\/h1><p>Uke 8 (21.-23. februar) blir det vinterferie for hele familien med bading og kos p\u00e5 flotte Quality Hotel Skj\u00e6rg\u00e5rden i Langesund. Denne ferien er ferdig og kan ikke s\u00f8kes p\u00e5.<\/p><\/div><\/div><\/div>\n\n\n<h2 id=\"vinterferie-med-bading-og-kos-pa-flotte-quality-hotel-skjaergarden-i-langesund\"  class=\"wp-block-heading\" ><strong><em>Vinterferie med bading og kos p\u00e5 flotte Quality Hotel Skj\u00e6rg\u00e5rden i Langesund<\/em><\/strong><\/h2>\n\n\n\n<p>Quality Hotel Skj\u00e6rg\u00e5rden ligger ytterst i Langesunds vakre skj\u00e6rg\u00e5rd. I tilknytning til hotellet ligger Badeparken.<\/p>\n\n\n\n<p>Badeparken\u202fer hele 4000 kvadratmeter stor, og med 31 grader i vannet hele \u00e5ret.&nbsp;Og n\u00e5r sommeren smiler, har vi naturligvis et basseng utend\u00f8rs ogs\u00e5. Det kan selvsagt brukes om vinteren ogs\u00e5 &#8211; for i vannet er det alltid 31 grader &#8211; inne som ute!&nbsp;<\/p>\n\n\n\n<p>Dere vil overnatte p\u00e5 familierom med plass til opptil 4 personer. Vi tilpasser hotellrommene noe i forhold til st\u00f8rrelsen p\u00e5 familien. Familier med flere enn 4 personer, m\u00e5 benytte to rom.<\/p>\n\n\n\n<div class=\"wp-block-image is-style-rounded\"><figure class=\"alignright size-thumbnail\"><img loading=\"lazy\" decoding=\"async\" width=\"150\" height=\"150\" src=\"https:\/\/www.blakors.no\/content\/uploads\/sites\/10\/2021\/11\/aqualand-pool-slide-quality-hotel-skjaergarden-150x150.jpg\" alt=\"Badelandet p\u00e5 Quality Hotel Skj\u00e6rg\u00e5rden\" class=\"wp-image-2561\" srcset=\"https:\/\/www.blakors.no\/content\/uploads\/sites\/10\/2021\/11\/aqualand-pool-slide-quality-hotel-skjaergarden-150x150.jpg 150w, https:\/\/www.blakors.no\/content\/uploads\/sites\/10\/2021\/11\/aqualand-pool-slide-quality-hotel-skjaergarden-300x300.jpg 300w, https:\/\/www.blakors.no\/content\/uploads\/sites\/10\/2021\/11\/aqualand-pool-slide-quality-hotel-skjaergarden-200x200.jpg 200w\" sizes=\"auto, (max-width: 150px) 100vw, 150px\" \/><\/figure><\/div>\n\n\n\n<h2 class=\"wp-block-heading\" id=\"h-organisert-ferie\">Organisert ferie<\/h2>\n\n\n\n<p>Denne vinterferien er en organisert ferie, hvor vi reiser sammen en gjeng p\u00e5 ca 50 personer. Vi legger opp til felles aktivitet og felles m\u00e5ltider. Dette er en familietur for dere som \u00f8nsker sosialt samv\u00e6r og moro sammen med andre barn og voksne. Men det er ogs\u00e5 mulighet for \u00e5 gj\u00f8re ting sammen som en familie.<\/p>\n\n\n\n<p>Det er inkludert overnatting p\u00e5 hotellet, alle m\u00e5ltider og inngang til Badelandet. I tillegg vil vi legge opp til bingo kveld og sosialt samv\u00e6r p\u00e5 kveldene for de som \u00f8nsker \u00e5 v\u00e6re med p\u00e5 det.<\/p>\n\n\n\n<p>Med p\u00e5 ferien vil det v\u00e6re ferieledere og Tidgivere (frivillige) som ordner praktiske gj\u00f8rem\u00e5l, og som er tilgjengelig for alle gjestene. Foreldre har under hele oppholdet ansvar for sine egne barn. Ved bes\u00f8k i Badeparken m\u00e5 det alltid v\u00e6re en foreldre til stede n\u00e5r barna bader.<\/p>\n\n\n\n<p>Ferien gir muligheter for ro og avslapning, g\u00f8yale aktiviteter p\u00e5 dagtid, og gjerne hyggelig sosialt samv\u00e6r p\u00e5 kveldstid. Vi legger til rette for at barn og unge skal f\u00e5 opplevelser sammen med sine foresatte, og p\u00e5 den m\u00e5ten skape gode minner sammen.<\/p>\n\n\n\n<p><strong>Velkommen!<\/strong><\/p>\n\n\n\n<h2 class=\"wp-block-heading\" id=\"h-s-knadsfristen-var-5-januar-2022\">S\u00f8knadsfristen var 5. januar 2022<\/h2>\n\n\n\n<div class=\"wp-block-lib-accentuated-link\"><a class=\"lib-link__link\" href=\"https:\/\/www.blakors.no\/ferier\/vinterferie-pa-gautestad\/\" rel=\"noreferrer noopener\" target=\"_blank\"><div class=\"lib-link__text-content\"><h6 id=\"du-kan-ogsa-soke\"  class=\"lib-link__tagline\" >Du kan ogs\u00e5 s\u00f8ke:<\/h6><h3 id=\"vinterferie-pa-gautestad\"  class=\"lib-link__title\" >Vinterferie p\u00e5 Gautestad<\/h3><\/div><\/a><\/div>\n\n\n\n\t\t<div class=\"wp-block-blakors-expanding-fact-box is-style-default wp-block-blakors-expanding-fact-box is-style-default wp-block-blakors-expanding-fact-box has-background has-blue-light-background-color\">\n\t\t\t<h3 id=\"hvem-far-vaere-med-bla-kors-ferier\"  class=\"blakors-fact-box__title\" >Hvem f\u00e5r v\u00e6re med Bl\u00e5 Kors ferier<\/h3>\n\t\t\t<div class=\"blakors-fact-box__content\">\n\t\t\t\t\n\n<p class=\"has-text-align-left has-blue-light-background-color has-background\">Alle som fyller ut s\u00f8knadsskjemaet og som er i m\u00e5lgruppen for tiltaket (dvs. har utfordringer relatert til psykisk helse, rus eller \u00f8konomi) er kvalifiserte til \u00e5 v\u00e6re med p\u00e5 ferie med Bl\u00e5 Kors ferier. Det er ikke behov for anbefaling fra Nav, barnevernstjeneste, eller lignende. Det er heller ikke krav til at barna m\u00e5 v\u00e6re i barneskolealder. Det er ikke tillatt \u00e5 ha med kj\u00e6ledyr p\u00e5 organiserte ferier med Bl\u00e5 Kors ferier.<\/p>\n\n\n\n<p>Bl\u00e5 Kors ferier opplever enorm p\u00e5gang og har ikke mulighet til \u00e5 gi et ferietilbud til alle som s\u00f8ker. Vi venter til etter s\u00f8knadsfrist med \u00e5 tildele feriene og \u00f8nsker at de som ikke tidligere har f\u00e5tt et tilbud, enten med oss, eller andre akt\u00f8rer skal f\u00e5 en mulighet f\u00f8rst. Derfor sp\u00f8r vi alltid om familien har v\u00e6rt med p\u00e5 en annen ferie, f\u00f8r vi gir mulighet til \u00e5 v\u00e6re med p\u00e5 ferie med Bl\u00e5 Kors ferier. <\/p>\n\n\n\n<p>Det er mange som opplever \u00e5 f\u00e5 gjentatte avslag p\u00e5 s\u00f8knadene sine. Dette er dessverre helt normalt, og betyr ikke at s\u00f8knaden ikke er godkjent. Det betyr kun at det ikke var plass til din familien p\u00e5 denne ferien, og vi kan ikke annet enn beklage. Vi anbefaler \u00e5 fortsette med \u00e5 s\u00f8ke, s\u00e5 vil det forh\u00e5pentligvis bli deres tur ogs\u00e5 til slutt.<\/p>\n\n\n\n<p>I henhold til Personvernregelverket oppbevarer vi ikke opplysninger om s\u00f8kere lenger enn n\u00f8dvendig.<\/p>\n\n\n\t\t\t<\/div>\n\t\t\t<div class=\"blakors-fact-box__toggle\">\n\t\t\t\t<button class=\"blakors-fact-box__button\"><svg xmlns=\"http:\/\/www.w3.org\/2000\/svg\" viewBox=\"0 0 17.367 17.367\"><path d=\"M0-8.684v-2.133H13.2L7.16-16.91l1.523-1.523L17.367-9.75,8.684-1.066,7.109-2.59,13.2-8.684Z\" transform=\"translate(0 18.434)\" \/><\/svg><\/button>\n\t\t\t<\/div>\n\t\t<\/div>\n\n\n<h2 class=\"wp-block-heading\" id=\"h-inkludert\">Inkludert<\/h2>\n\n\n\n<ul class=\"wp-block-list\"><li>Overnatting<\/li><li>Frokost hver dag<\/li><li>Lunsj tirsdag<\/li><li>Middag mandag og tirsdag kveld<\/li><li>Inngang Badelandet<\/li><\/ul>\n\n\n\n<h2 class=\"wp-block-heading\" id=\"h-forsikring\">Forsikring<\/h2>\n\n\n\n<p>Alle deltakere dekkes av Bl\u00e5 Kors egen gruppeforsikring. Deltakere b\u00f8r ogs\u00e5 ha sin egen reiseforsikring.&nbsp;<\/p>\n\n\n\n<h2 class=\"wp-block-heading\" id=\"h-pris\">Pris<\/h2>\n\n\n\n<p>Ferien er gratis. Men reiseutgifter til og fra Langesund m\u00e5 hver familie dekke selv. Om familien er knyttet opp til NAV, barnevernstjenesten med flere, vil det v\u00e6re mulig \u00e5 s\u00f8ke om dekning av reisekostnader til og fra Langesund. Det er gratis parkering utenfor hotellet for dere som kj\u00f8rer bil. Kommer dere med buss fra s\u00f8r eller fra Oslo omr\u00e5det heter busstoppet dere skal av p\u00e5 Skjelsvik. Derfra g\u00e5r det rute M1 lokalbuss til hotellet relativt ofte.&nbsp; Bare sp\u00f8r sj\u00e5f\u00f8ren om dere er usikre.<\/p>\n\n\n\n<div style=\"text-align:center;\"><iframe src=\"https:\/\/www.google.com\/maps\/embed?pb=!1m18!1m12!1m3!1d660581.6932028828!2d8.906689880401302!3d59.11461265833383!2m3!1f0!2f0!3f0!3m2!1i1024!2i768!4f13.1!3m3!1m2!1s0x4646e157fedccb3f%3A0xb4623a98b340ab6!2sQuality%20Hotel%20Skj%C3%A6rg%C3%A5rden!5e0!3m2!1sen!2sno!4v1637934477390!5m2!1sen!2sno\" width=\"600\" height=\"450\" style=\"border:0;\" allowfullscreen=\"\" loading=\"lazy\"><\/iframe><\/div>\n\n\n\n<h2 class=\"wp-block-heading\" id=\"h-smittervern\">Smittervern<\/h2>\n\n\n\n\n\n<h2 class=\"wp-block-heading\" id=\"h-personvern\">Personvern<\/h2>\n\n\n\n<p>Ved \u00e5 sende inn en s\u00f8knad til Bl\u00e5 Kors ferier, samtykker jeg i at Bl\u00e5 Kors ferier behandler mine opplysninger i tr\u00e5d med det som st\u00e5r i personvernerkl\u00e6ringen og gjeldende regelverk.<\/p>\n\n\n\n<div class=\"wp-block-buttons is-content-justification-center is-layout-flex wp-block-buttons-is-layout-flex\">\n<div class=\"wp-block-button is-style-primary\"><a class=\"wp-block-button__link\" href=\"https:\/\/www.blakors.no\/ferier\/personvernerklaering-ferier\/\">Personvernerkl\u00e6ring<\/a><\/div>\n<\/div>\n\n\n\n<p>Ved \u00e5 krysse av p\u00e5 hvilken m\u00e5lgruppe jeg definerer meg og min familie, s\u00e5 samtykker jeg i \u00e5 dele disse opplysningene med Bl\u00e5 Kors ferier. Ved \u00e5 oppgi mine allergier, samtykker jeg til at Bl\u00e5 Kors ferier behandler helseopplysninger om meg. Form\u00e5let med \u00e5 oppgi allergier, er at Bl\u00e5 Kors ferier kan legge til rette for \u00e5 servere trygge og helsebringende m\u00e5ltider og vurdere en passende ferie tilpasset mine behov. Alle personopplysninger blir behandlet trygt, og deles kun med utvalgte personer som trenger opplysningene for \u00e5 legge til rette for ferietilbudet. Informasjonen Bl\u00e5 Kors ferier samler inn, slettes n\u00e5r vi ikke lenger har bruk for de, eller n\u00e5r du trekker ditt samtykke for behandling av personopplysninger.<\/p>\n\n\n\n<div class=\"wp-block-buttons is-content-justification-center is-layout-flex wp-block-buttons-is-layout-flex\">\n<div class=\"wp-block-button is-style-primary\"><a class=\"wp-block-button__link\" href=\"https:\/\/www.blakors.no\/ferier\/vinterferie-pa-quality-hotel-skjaergarden\/\">Tilbake til toppen<\/a><\/div>\n<\/div>\n\n\n\n\n<div class=\"social-block\"><h4 id=\"folg-oss-pa-facebook\"  >F\u00f8lg oss p\u00e5 Facebook<\/h4><div class=\"social-grid\"><a href=\"https:\/\/www.facebook.com\/blakorsferier\" target=\"_blank\" rel=\"noopener\"><img decoding=\"async\" loading=\"lazy\" src=\"https:\/\/www.blakors.no\/content\/themes\/blakors\/assets\/icons\/footer-facebook.svg\" alt=\"Facebook\"><\/a><\/div><\/div>","protected":false},"excerpt":{"rendered":"<p>Vinterferie med bading og kos p\u00e5 flotte Quality Hotel Skj\u00e6rg\u00e5rden i Langesund Quality Hotel Skj\u00e6rg\u00e5rden ligger ytterst i Langesunds vakre skj\u00e6rg\u00e5rd. I tilknytning til hotellet ligger Badeparken. Badeparken\u202fer hele 4000 kvadratmeter stor, og med 31 grader i vannet hele \u00e5ret.&nbsp;Og n\u00e5r sommeren smiler, har vi naturligvis et basseng utend\u00f8rs ogs\u00e5. Det kan selvsagt brukes om [&hellip;]<\/p>\n","protected":false},"author":36,"featured_media":2562,"parent":0,"menu_order":0,"comment_status":"closed","ping_status":"closed","template":"","meta":{"_acf_changed":false,"_relevanssi_hide_post":"","_relevanssi_hide_content":"","_relevanssi_pin_for_all":"on","_relevanssi_pin_keywords":"Vinterferie p\u00e5 Rondeheim, rondeheim","_relevanssi_unpin_keywords":"","_relevanssi_related_keywords":"","_relevanssi_related_include_ids":"","_relevanssi_related_exclude_ids":"","_relevanssi_related_no_append":"","_relevanssi_related_not_related":"","_relevanssi_related_posts":"1","_relevanssi_noindex_reason":"","_custom_cards_description":"","footnotes":""},"class_list":["post-2520","page","type-page","status-publish","has-post-thumbnail","hentry"],"acf":[],"_links":{"self":[{"href":"https:\/\/www.blakors.no\/ferier\/wp-json\/wp\/v2\/pages\/2520","targetHints":{"allow":["GET"]}}],"collection":[{"href":"https:\/\/www.blakors.no\/ferier\/wp-json\/wp\/v2\/pages"}],"about":[{"href":"https:\/\/www.blakors.no\/ferier\/wp-json\/wp\/v2\/types\/page"}],"author":[{"embeddable":true,"href":"https:\/\/www.blakors.no\/ferier\/wp-json\/wp\/v2\/users\/36"}],"replies":[{"embeddable":true,"href":"https:\/\/www.blakors.no\/ferier\/wp-json\/wp\/v2\/comments?post=2520"}],"version-history":[{"count":32,"href":"https:\/\/www.blakors.no\/ferier\/wp-json\/wp\/v2\/pages\/2520\/revisions"}],"predecessor-version":[{"id":2957,"href":"https:\/\/www.blakors.no\/ferier\/wp-json\/wp\/v2\/pages\/2520\/revisions\/2957"}],"wp:featuredmedia":[{"embeddable":true,"href":"https:\/\/www.blakors.no\/ferier\/wp-json\/wp\/v2\/media\/2562"}],"wp:attachment":[{"href":"https:\/\/www.blakors.no\/ferier\/wp-json\/wp\/v2\/media?parent=2520"}],"curies":[{"name":"wp","href":"https:\/\/api.w.org\/{rel}","templated":true}]}}