{"id":3,"date":"2020-03-03T15:02:02","date_gmt":"2020-03-03T14:02:02","guid":{"rendered":"https:\/\/www.blakors.no\/ferier\/?page_id=3"},"modified":"2026-03-24T10:11:33","modified_gmt":"2026-03-24T09:11:33","slug":"om-bla-kors-ferier","status":"publish","type":"page","link":"https:\/\/www.blakors.no\/ferier\/","title":{"rendered":"Bl\u00e5 Kors ferier"},"content":{"rendered":"\n<div class=\"wp-block-group alignwide is-content-justification-center is-layout-constrained wp-block-group-is-layout-constrained\">\n<div class=\"wp-block-group alignwide is-layout-constrained wp-block-group-is-layout-constrained\">\n<div class=\"wp-block-group alignfull has-green-light-background-color has-background is-layout-flow wp-block-group-is-layout-flow\">\n<h1 id=\"ferietilbud-for-barnefamilier\"  class=\"wp-block-heading has-text-align-center\" >Ferietilbud for barnefamilier<\/h1>\n\n\n\n<p><\/p>\n\n\n\n<div class=\"wp-block-media-text has-media-on-the-right is-stacked-on-mobile is-image-fill-element\" style=\"grid-template-columns:auto 32%\"><div class=\"wp-block-media-text__content\">\n<p>Bl\u00e5 Kors ferier er et <strong>gratis<\/strong>, rusfritt ferietilbud for familier som har rusavhengighet, psykiske utfordringer, eller lavinntekt tett p\u00e5 livet. <br><br>Tilbudet gjelder for familier med barn i alderen 0-19 \u00e5r fra hele landet. Vi arrangerer turer i alle skolens ferier og ogs\u00e5 i enkelte dager og helger. <br><br>V\u00e5rt m\u00e5l er at alle barn og deres familier skal ha mulighet til gode og g\u00f8yale ferier p\u00e5 flotte feriesteder i Norge.<br><br>Tilbudene vi har til enhver tid finner du her: <a href=\"https:\/\/www.blakors.no\/ferier\/ferietilbud\/\" data-type=\"link\" data-id=\"https:\/\/www.blakors.no\/ferier\/ferietilbud\/\">Aktuelle ferietilbud<\/a>.<br>F\u00f8lg oss gjerne p\u00e5&nbsp;<a href=\"https:\/\/www.facebook.com\/blakorsferier\" target=\"_blank\" rel=\"noreferrer noopener\">Facebook<\/a>, da f\u00e5r du beskjed n\u00e5r nye ferier blir lagt ut.<br><br>Vi har samlet noen vanlige sp\u00f8rsm\u00e5l og svar p\u00e5 <a href=\"https:\/\/www.blakors.no\/ferier\/sporsmal-og-svar\/\" target=\"_blank\" rel=\"noreferrer noopener\">denne siden<\/a>.<br><\/p>\n\n\n\n<div class=\"wp-block-buttons is-content-justification-center is-layout-flex wp-container-core-buttons-is-layout-16018d1d wp-block-buttons-is-layout-flex\">\n<div class=\"wp-block-button\"><a class=\"wp-block-button__link has-text-align-center wp-element-button\" href=\"https:\/\/www.blakors.no\/ferier\/kontakt-oss\/\">Kontakt oss<\/a><\/div>\n<\/div>\n<\/div><figure class=\"wp-block-media-text__media\"><img loading=\"lazy\" decoding=\"async\" width=\"768\" height=\"1024\" src=\"https:\/\/www.blakors.no\/content\/uploads\/sites\/10\/2026\/02\/image00001-1-768x1024.jpeg\" alt=\"\" class=\"wp-image-6197 size-full\" style=\"object-position:50% 50%\" srcset=\"https:\/\/www.blakors.no\/content\/uploads\/sites\/10\/2026\/02\/image00001-1-768x1024.jpeg 768w, https:\/\/www.blakors.no\/content\/uploads\/sites\/10\/2026\/02\/image00001-1-225x300.jpeg 225w, https:\/\/www.blakors.no\/content\/uploads\/sites\/10\/2026\/02\/image00001-1-1152x1536.jpeg 1152w, https:\/\/www.blakors.no\/content\/uploads\/sites\/10\/2026\/02\/image00001-1-1536x2048.jpeg 1536w, https:\/\/www.blakors.no\/content\/uploads\/sites\/10\/2026\/02\/image00001-1-1080x1440.jpeg 1080w\" sizes=\"auto, (max-width: 768px) 100vw, 768px\" \/><\/figure><\/div>\n\n\n\n<div class=\"wp-block-columns is-layout-flex wp-container-core-columns-is-layout-9d6595d7 wp-block-columns-is-layout-flex\">\n<div class=\"wp-block-column is-layout-flow wp-block-column-is-layout-flow\"><\/div>\n<\/div>\n\n\n\n<figure class=\"wp-block-image aligncenter size-large is-resized is-style-rounded\"><img loading=\"lazy\" decoding=\"async\" width=\"1024\" height=\"277\" src=\"https:\/\/www.blakors.no\/content\/uploads\/sites\/10\/2022\/04\/Bufdir_logo_horisontal_RGB-1024x277.png\" alt=\"\" class=\"wp-image-3084\" style=\"width:373px;height:auto\" srcset=\"https:\/\/www.blakors.no\/content\/uploads\/sites\/10\/2022\/04\/Bufdir_logo_horisontal_RGB-1024x277.png 1024w, https:\/\/www.blakors.no\/content\/uploads\/sites\/10\/2022\/04\/Bufdir_logo_horisontal_RGB-300x81.png 300w, https:\/\/www.blakors.no\/content\/uploads\/sites\/10\/2022\/04\/Bufdir_logo_horisontal_RGB-768x208.png 768w, https:\/\/www.blakors.no\/content\/uploads\/sites\/10\/2022\/04\/Bufdir_logo_horisontal_RGB-1536x416.png 1536w, https:\/\/www.blakors.no\/content\/uploads\/sites\/10\/2022\/04\/Bufdir_logo_horisontal_RGB.png 2048w\" sizes=\"auto, (max-width: 1024px) 100vw, 1024px\" \/><\/figure>\n\n\n\n<p class=\"has-text-align-center\"><em>Bl\u00e5 Kors ferier finansieres med tilskudd fra Barne-, ungdoms- og familiedirektoratet. <\/em><br><em>Vi mottar ogs\u00e5 gaver fra private, stiftelser, n\u00e6ringsliv og kommuner. <\/em><\/p>\n\n\n\n<p><\/p>\n\n\n\n<div class=\"wp-block-media-text is-stacked-on-mobile\"><figure class=\"wp-block-media-text__media\"><img loading=\"lazy\" decoding=\"async\" width=\"1024\" height=\"768\" src=\"https:\/\/www.blakors.no\/content\/uploads\/sites\/10\/2026\/02\/image00002-1-1-1024x768.jpeg\" alt=\"\" class=\"wp-image-6357 size-full\" srcset=\"https:\/\/www.blakors.no\/content\/uploads\/sites\/10\/2026\/02\/image00002-1-1-1024x768.jpeg 1024w, https:\/\/www.blakors.no\/content\/uploads\/sites\/10\/2026\/02\/image00002-1-1-300x225.jpeg 300w, https:\/\/www.blakors.no\/content\/uploads\/sites\/10\/2026\/02\/image00002-1-1-768x576.jpeg 768w, https:\/\/www.blakors.no\/content\/uploads\/sites\/10\/2026\/02\/image00002-1-1-1536x1152.jpeg 1536w, https:\/\/www.blakors.no\/content\/uploads\/sites\/10\/2026\/02\/image00002-1-1-2048x1536.jpeg 2048w, https:\/\/www.blakors.no\/content\/uploads\/sites\/10\/2026\/02\/image00002-1-1-1920x1440.jpeg 1920w\" sizes=\"auto, (max-width: 1024px) 100vw, 1024px\" \/><\/figure><div class=\"wp-block-media-text__content\">\n<h2 id=\"aktuelle-ferietilbud\"  class=\"wp-block-heading\" >Aktuelle ferietilbud<\/h2>\n\n\n\n<p>F\u00f8lg linken for \u00e5 se de ulike tilbudene det er mulig \u00e5 s\u00f8ke p\u00e5 til enhver tid. <\/p>\n\n\n\n<p><strong>S\u00f8knadsskjema <\/strong>finner du nederst p\u00e5 informasjonssiden til hver enkelt ferie.<\/p>\n\n\n\n<p><\/p>\n\n\n\n<p>Merk at tilbudene har ulike s\u00f8knadsfrister.<\/p>\n\n\n\n<p><\/p>\n\n\n\n<p><a href=\"https:\/\/www.blakors.no\/ferier\/ferietilbud\/\" data-type=\"page\" data-id=\"23\">G\u00e5 til Aktuelle ferietilbud<\/a><\/p>\n\n\n\n<p><\/p>\n\n\n\n<p><\/p>\n\n\n\n<p><\/p>\n\n\n\n<p><\/p>\n\n\n\n<p><\/p>\n\n\n\n<p><\/p>\n\n\n\n<p><\/p>\n\n\n\n<p><\/p>\n\n\n\n<p>  <\/p>\n<\/div><\/div>\n\n\n\n<div class=\"wp-block-media-text alignwide has-media-on-the-right is-stacked-on-mobile\"><div class=\"wp-block-media-text__content\">\n<p><\/p>\n\n\n\n<h2 id=\"hjerterom\"  class=\"wp-block-heading\" >Hjerterom<\/h2>\n\n\n\n<p>Hjerterom er en selvstendig ferie med egen familie der man selv ordner alt unntatt selve oppholdet.<\/p>\n\n\n\n<p><\/p>\n\n\n\n<p>Dette er et gratis ferietilbud hvor bidragsytere gir gratis overnatting p\u00e5 campingplasser, feriesentre og hoteller over hele landet. Det er et samarbeid med NHO Reiseliv, og Bl\u00e5 Kors Kristiansand finansierer andre kostnader i Hjerterom. <\/p>\n\n\n\n<p><\/p>\n\n\n\n<p><a href=\"https:\/\/www.blakors.no\/ferier\/hjerterom-gratis-overnatting-pa-campingplasser-og-feriesentre\/\" data-type=\"page\" data-id=\"221\">Les mer om Hjerterom<\/a><\/p>\n<\/div><figure class=\"wp-block-media-text__media\"><a href=\"https:\/\/www.blakors.no\/ferier\/hjerterom-gratis-overnatting-pa-campingplasser-og-feriesentre\/\"><img decoding=\"async\" src=\"https:\/\/www.blakors.no\/content\/uploads\/sites\/10\/2023\/03\/Hjerterom-front.jpg\" alt=\"To barn klemmer. logoer p\u00e5 bildet er NHO Reiseliv og Camping S\u00f8rlandet\" class=\"wp-image-3766 size-full\"\/><\/a><\/figure><\/div>\n\n\n\n<p><\/p>\n\n\n\n<div class=\"wp-block-media-text is-stacked-on-mobile\"><figure class=\"wp-block-media-text__media\"><img loading=\"lazy\" decoding=\"async\" width=\"1024\" height=\"768\" src=\"https:\/\/www.blakors.no\/content\/uploads\/sites\/10\/2024\/01\/Feriehuset-i-Stasjonsveien-m-logo.jpg\" alt=\"Det hvite, koselige feriehuset i Stasjonsveien med logo fra Iveland kommune\" class=\"wp-image-4232 size-full\" srcset=\"https:\/\/www.blakors.no\/content\/uploads\/sites\/10\/2024\/01\/Feriehuset-i-Stasjonsveien-m-logo.jpg 1024w, https:\/\/www.blakors.no\/content\/uploads\/sites\/10\/2024\/01\/Feriehuset-i-Stasjonsveien-m-logo-300x225.jpg 300w, https:\/\/www.blakors.no\/content\/uploads\/sites\/10\/2024\/01\/Feriehuset-i-Stasjonsveien-m-logo-768x576.jpg 768w\" sizes=\"auto, (max-width: 1024px) 100vw, 1024px\" \/><\/figure><div class=\"wp-block-media-text__content\">\n<h2 id=\"hjerterom-i-egen-hytte\"  class=\"wp-block-heading\" >Hjerterom i &laquo;egen&raquo; hytte<\/h2>\n\n\n\n<p>I samarbeid med Iveland kommune har Bl\u00e5 Kors ferier et feriehus for familier som benytter seg av v\u00e5re tilbud.<\/p>\n\n\n\n<p>Her har familier mulighet til \u00e5 s\u00f8ke plass alle dager i \u00e5ret. Feriehuset er en del av Hjerterom og er en selvstendig ferie med egen familie der man selv ordner alt annet.<\/p>\n\n\n\n<p><a href=\"https:\/\/www.blakors.no\/ferier\/stasjonsveien\/\" data-type=\"page\" data-id=\"4199\">Les mer om Feriehuset i Stasjonsveien<\/a><\/p>\n<\/div><\/div>\n\n\n\n<p><\/p>\n\n\n\n<p><\/p>\n<\/div>\n<\/div>\n<\/div>\n\n\n\n<figure class=\"wp-block-embed dekode-gtm-iframe-preview alignwide is-type-video is-provider-youtube wp-block-embed-youtube wp-embed-aspect-16-9 wp-has-aspect-ratio\"><div class=\"wp-block-embed__wrapper\">\n<iframe title=\"Dette er Bl\u00e5 Kors ferier \ud83d\udc99\" width=\"500\" height=\"281\" data-cookieconsent=\"marketing\" data-cookieblock-src=\"https:\/\/www.youtube.com\/embed\/BE1yQsEWUTk?feature=oembed\"  allow=\"accelerometer; autoplay; clipboard-write; encrypted-media; gyroscope; picture-in-picture; web-share\" referrerpolicy=\"strict-origin-when-cross-origin\" allowfullscreen sandbox=\"allow-scripts allow-same-origin allow-popups allow-presentation allow-popups-to-escape-sandbox\"><\/iframe>\n\t\t<div class=\"cookieconsent-optout-marketing dekode-gtm-cookie-consent-video-placeholder\">\n\t\t\t<div class=\"dekode-gtm-cookie-consent is-block-core-embed is-provider-youtube\">\n\t\t\t\t\n\t\t\t<img decoding=\"async\" src=\"https:\/\/i.ytimg.com\/vi\/BE1yQsEWUTk\/hqdefault.jpg\" alt=\"youtube\" \/>\n\t\t\t\t<div class=\"overlay\">\n\t\t\t\t\t<div class=\"cookie-info\">\n\t\t\t\t\t\t<h2 id=\"her-ligger-det-medieinnhold-fra-en-ekstern-kilde\"  >Her ligger det medieinnhold fra en ekstern kilde. <\/h2> \n\n<p>For \u00e5 se innholdet, m\u00e5 du endre samtykket ditt.<\/p>\n\n<p>Les mer om hvordan dataen din blir behandlet av eksterne kilder i personvernerkl\u00e6ringen v\u00e5r.<\/p>\n\t\t\t\t\t\t<p>\n\t\t\t\t\t\t\t<a title=\"Endre samtykke\" class=\"dekode-gtm-cookiebot-renew\" href=\"#\">Endre samtykke<\/a>\n\t\t\t\t\t\t\t\n\t\t\t\t\t\t<\/p>\n\t\t\t\t\t<\/div>\n\t\t\t\t<\/div>\n\t\t\t<\/div>\n\t\t<\/div>\n<\/div><\/figure>\n\n\n\n\t\t<div class=\"wp-block-blakors-expanding-fact-box is-style-default wp-block-blakors-expanding-fact-box is-style-default wp-block-blakors-expanding-fact-box has-background has-blue-light-background-color\">\n\t\t\t<h3 id=\"hvem-far-vaere-med-bla-kors-ferier\"  class=\"blakors-fact-box__title\" >Hvem f\u00e5r v\u00e6re med Bl\u00e5 Kors ferier<\/h3>\n\t\t\t<div class=\"blakors-fact-box__content\">\n\t\t\t\t\n\n<p class=\"has-text-align-left has-blue-light-background-color has-background\">Alle som fyller ut s\u00f8knadsskjemaet og som er i m\u00e5lgruppen for tiltaket (dvs. har utfordringer relatert til psykisk helse, rus eller \u00f8konomi) er kvalifiserte til \u00e5 v\u00e6re med p\u00e5 ferie med Bl\u00e5 Kors ferier. Det er ikke behov for anbefaling fra Nav, barnevernstjeneste, eller lignende. Det er heller ikke krav til at barna m\u00e5 v\u00e6re i barneskolealder. Det er ikke tillatt \u00e5 ha med kj\u00e6ledyr p\u00e5 organiserte ferier med Bl\u00e5 Kors ferier.<\/p>\n\n\n\n<p>Bl\u00e5 Kors ferier opplever enorm p\u00e5gang og har ikke mulighet til \u00e5 gi et ferietilbud til alle som s\u00f8ker. Vi venter til etter s\u00f8knadsfrist med \u00e5 tildele feriene og \u00f8nsker at de som ikke tidligere har f\u00e5tt et tilbud, enten med oss, eller andre akt\u00f8rer skal f\u00e5 en mulighet f\u00f8rst. Derfor sp\u00f8r vi alltid om familien har v\u00e6rt med p\u00e5 en annen ferie, f\u00f8r vi gir mulighet til \u00e5 v\u00e6re med p\u00e5 ferie med Bl\u00e5 Kors ferier. <\/p>\n\n\n\n<p>Det er mange som opplever \u00e5 f\u00e5 gjentatte avslag p\u00e5 s\u00f8knadene sine. Dette er dessverre helt normalt, og betyr ikke at s\u00f8knaden ikke er godkjent. Det betyr kun at det ikke var plass til din familien p\u00e5 denne ferien, og vi kan ikke annet enn beklage. Vi anbefaler \u00e5 fortsette med \u00e5 s\u00f8ke, s\u00e5 vil det forh\u00e5pentligvis bli deres tur ogs\u00e5 til slutt.<\/p>\n\n\n\n<p>I henhold til Personvernregelverket oppbevarer vi ikke opplysninger om s\u00f8kere lenger enn n\u00f8dvendig.<\/p>\n\n\n\t\t\t<\/div>\n\t\t\t<div class=\"blakors-fact-box__toggle\">\n\t\t\t\t<button class=\"blakors-fact-box__button\"><svg xmlns=\"http:\/\/www.w3.org\/2000\/svg\" viewBox=\"0 0 17.367 17.367\"><path d=\"M0-8.684v-2.133H13.2L7.16-16.91l1.523-1.523L17.367-9.75,8.684-1.066,7.109-2.59,13.2-8.684Z\" transform=\"translate(0 18.434)\" \/><\/svg><\/button>\n\t\t\t<\/div>\n\t\t<\/div>","protected":false},"excerpt":{"rendered":"<p>Ferietilbud for barnefamilier Bl\u00e5 Kors ferier er et gratis, rusfritt ferietilbud for familier som har rusavhengighet, psykiske utfordringer, eller lavinntekt tett p\u00e5 livet. Tilbudet gjelder for familier med barn i alderen 0-19 \u00e5r fra hele landet. Vi arrangerer turer i alle skolens ferier og ogs\u00e5 i enkelte dager og helger. V\u00e5rt m\u00e5l er at alle [&hellip;]<\/p>\n","protected":false},"author":23,"featured_media":2798,"parent":0,"menu_order":0,"comment_status":"closed","ping_status":"closed","template":"","meta":{"_acf_changed":false,"_relevanssi_hide_post":"","_relevanssi_hide_content":"","_relevanssi_pin_for_all":"on","_relevanssi_pin_keywords":"Bl\u00e5 Kors ferier, sommerferie, h\u00f8stferie, Vinterferie, ferie, ferier","_relevanssi_unpin_keywords":"","_relevanssi_related_keywords":"","_relevanssi_related_include_ids":"","_relevanssi_related_exclude_ids":"","_relevanssi_related_no_append":"","_relevanssi_related_not_related":"","_relevanssi_related_posts":"1","_relevanssi_noindex_reason":"","_custom_cards_description":"","footnotes":""},"class_list":["post-3","page","type-page","status-publish","has-post-thumbnail","hentry"],"acf":[],"_links":{"self":[{"href":"https:\/\/www.blakors.no\/ferier\/wp-json\/wp\/v2\/pages\/3","targetHints":{"allow":["GET"]}}],"collection":[{"href":"https:\/\/www.blakors.no\/ferier\/wp-json\/wp\/v2\/pages"}],"about":[{"href":"https:\/\/www.blakors.no\/ferier\/wp-json\/wp\/v2\/types\/page"}],"author":[{"embeddable":true,"href":"https:\/\/www.blakors.no\/ferier\/wp-json\/wp\/v2\/users\/23"}],"replies":[{"embeddable":true,"href":"https:\/\/www.blakors.no\/ferier\/wp-json\/wp\/v2\/comments?post=3"}],"version-history":[{"count":5,"href":"https:\/\/www.blakors.no\/ferier\/wp-json\/wp\/v2\/pages\/3\/revisions"}],"predecessor-version":[{"id":6382,"href":"https:\/\/www.blakors.no\/ferier\/wp-json\/wp\/v2\/pages\/3\/revisions\/6382"}],"wp:featuredmedia":[{"embeddable":true,"href":"https:\/\/www.blakors.no\/ferier\/wp-json\/wp\/v2\/media\/2798"}],"wp:attachment":[{"href":"https:\/\/www.blakors.no\/ferier\/wp-json\/wp\/v2\/media?parent=3"}],"curies":[{"name":"wp","href":"https:\/\/api.w.org\/{rel}","templated":true}]}}