{"id":321,"date":"2020-05-18T22:34:16","date_gmt":"2020-05-18T20:34:16","guid":{"rendered":"https:\/\/www.blakors.no\/ferier\/?page_id=321"},"modified":"2025-05-05T08:10:12","modified_gmt":"2025-05-05T06:10:12","slug":"sommerferie-lyngdal","status":"publish","type":"page","link":"https:\/\/www.blakors.no\/ferier\/sommerferie-lyngdal\/","title":{"rendered":"Sommerferie Lyngdal"},"content":{"rendered":"<div class=\"custom-block-banner alignwide contenthalf\"><div class=\"banner-image\" style=\"background-image:url(https:\/\/www.blakors.no\/content\/uploads\/sites\/10\/2022\/02\/Lyngdal-sommer-vannsprut-pa-stranda-1024x576.jpg)\"><\/div><div class=\"banner-inner\"><div><h1 id=\"sommerferie-lyngdal\"  class=\"title large \" >Sommerferie Lyngdal<\/h1><p>Vi arrangerer to sommerferier for barnefamilier p\u00e5 Camp Lyngdal.\r\nL\u00f8rdag 21. juni til tirsdag 24. juni og tirsdag 24. juni til fredag 27. juni. <\/p><\/div><\/div><\/div>\n\n\n<p><strong>S\u00f8knadsfrist utg\u00e5tt. <\/strong><\/p>\n\n\n\n<p>Camp Lyngdal ligger idyllisk til ved Kvavikstranda og Hundremeterskogen, vest i Agder. <strong>Vi kan gj\u00f8re aktiviteter som \u00e5 spille volleyball, frisbee golf, leke p\u00e5 stranden og bade. <\/strong>Vi tar ogs\u00e5 en dag p\u00e5 <a href=\"http:\/\/www.sorlandsbadet.no\" target=\"_blank\" rel=\"noopener\">S\u00f8rlandsbadet<\/a>.<strong><br><strong>Det er en flott lekeplass p\u00e5 Camp Lyngdal, og trampolinene er spesielt popul\u00e6re.<\/strong><\/strong><\/p>\n\n\n\n<figure class=\"wp-block-image aligncenter size-thumbnail is-style-rounded\"><img loading=\"lazy\" decoding=\"async\" width=\"150\" height=\"150\" src=\"https:\/\/www.blakors.no\/content\/uploads\/sites\/10\/2021\/01\/Trampoline-150x150.jpg\" alt=\"To barn hopper p\u00e5 trampoline\" class=\"wp-image-1391\" srcset=\"https:\/\/www.blakors.no\/content\/uploads\/sites\/10\/2021\/01\/Trampoline-150x150.jpg 150w, https:\/\/www.blakors.no\/content\/uploads\/sites\/10\/2021\/01\/Trampoline-300x300.jpg 300w, https:\/\/www.blakors.no\/content\/uploads\/sites\/10\/2021\/01\/Trampoline-200x200.jpg 200w\" sizes=\"auto, (max-width: 150px) 100vw, 150px\" \/><\/figure>\n\n\n\n<p>Alle <strong>gjestene v\u00e5re f\u00e5r egne leiligheter<\/strong> med bad, stue og kokemuligheter. Det er h\u00e5ndkl\u00e6r og senget\u00f8y i leilighetene, men alle gjester m\u00e5 ta med egne h\u00e5ndkl\u00e6r til bading. Vi spiser felles m\u00e5ltider i spisesalen i henhold til gjeldende smittevernregler. I festsalen har vi ogs\u00e5 andre samlinger og aktivieter.<\/p>\n\n\n\n<figure class=\"wp-block-image aligncenter size-thumbnail is-style-rounded\"><img loading=\"lazy\" decoding=\"async\" width=\"150\" height=\"150\" src=\"https:\/\/www.blakors.no\/content\/uploads\/sites\/10\/2022\/02\/Lyngdal-sommer-venner-pa-huske-150x150.jpg\" alt=\"To venner husker p\u00e5 lekeplassen\" class=\"wp-image-2799\" srcset=\"https:\/\/www.blakors.no\/content\/uploads\/sites\/10\/2022\/02\/Lyngdal-sommer-venner-pa-huske-150x150.jpg 150w, https:\/\/www.blakors.no\/content\/uploads\/sites\/10\/2022\/02\/Lyngdal-sommer-venner-pa-huske-300x300.jpg 300w, https:\/\/www.blakors.no\/content\/uploads\/sites\/10\/2022\/02\/Lyngdal-sommer-venner-pa-huske-200x200.jpg 200w\" sizes=\"auto, (max-width: 150px) 100vw, 150px\" \/><\/figure>\n\n\n\n<h2 class=\"wp-block-heading\" id=\"h-organisert-ferie\">Organisert ferie<\/h2>\n\n\n\n<p>Ferien p\u00e5 Camp Lyngdal er en organisert ferie, hvor familier kommer fra ulike steder for \u00e5 v\u00e6re p\u00e5 ferie sammen. <strong>En organisert ferie med Bl\u00e5 Kors er en mulighet til \u00e5 reise p\u00e5 en trygg og spennende ferie, planlagt av dyktige ferieledere som ordner praktiske gj\u00f8rem\u00e5l og er tilgjengelige for gjestene v\u00e5re.<\/strong><\/p>\n\n\n\n<figure class=\"wp-block-image aligncenter is-style-rounded\"><img loading=\"lazy\" decoding=\"async\" width=\"150\" height=\"150\" src=\"https:\/\/www.blakors.no\/content\/uploads\/sites\/10\/2021\/01\/B\u00e5lpanne-p\u00e5-stranden-150x150.jpg\" alt=\"Det brenner i b\u00e5lpanne p\u00e5 stranda\" class=\"wp-image-1388\" srcset=\"https:\/\/www.blakors.no\/content\/uploads\/sites\/10\/2021\/01\/B\u00e5lpanne-p\u00e5-stranden-150x150.jpg 150w, https:\/\/www.blakors.no\/content\/uploads\/sites\/10\/2021\/01\/B\u00e5lpanne-p\u00e5-stranden-300x300.jpg 300w, https:\/\/www.blakors.no\/content\/uploads\/sites\/10\/2021\/01\/B\u00e5lpanne-p\u00e5-stranden-200x200.jpg 200w\" sizes=\"auto, (max-width: 150px) 100vw, 150px\" \/><\/figure>\n\n\n\n<p>Til sammen er vi ca. 50 personer som reiser p\u00e5 denne ferien. I tillegg til ferieledere har vi med oss Tidgivere (frivillige) som er med \u00e5 bidrar til at alle skal ha det fint p\u00e5 denne ferien. <strong>Det er felles m\u00e5ltider og aktiviteter, men ogs\u00e5 mye tid for familiene til \u00e5 gj\u00f8re ting p\u00e5 egen h\u00e5nd. <\/strong>P\u00e5 den m\u00e5ten kan dere f\u00e5 flotte opplevelser sammen, og barna har i tillegg alltid noen og v\u00e6re sammen med.<\/p>\n\n\n\n<figure class=\"wp-block-image aligncenter size-thumbnail is-style-rounded\"><img loading=\"lazy\" decoding=\"async\" width=\"150\" height=\"150\" src=\"https:\/\/www.blakors.no\/content\/uploads\/sites\/10\/2022\/02\/Lyngdal-sommer-strandidyll-150x150.jpg\" alt=\"solfylt strand\" class=\"wp-image-2794\" srcset=\"https:\/\/www.blakors.no\/content\/uploads\/sites\/10\/2022\/02\/Lyngdal-sommer-strandidyll-150x150.jpg 150w, https:\/\/www.blakors.no\/content\/uploads\/sites\/10\/2022\/02\/Lyngdal-sommer-strandidyll-300x300.jpg 300w, https:\/\/www.blakors.no\/content\/uploads\/sites\/10\/2022\/02\/Lyngdal-sommer-strandidyll-200x200.jpg 200w\" sizes=\"auto, (max-width: 150px) 100vw, 150px\" \/><\/figure>\n\n\n\n<p><strong>Alle foreldre har ansvar for sine barn.<\/strong> Ved ulike vannaktiviteter, m\u00e5 det v\u00e6re foreldre tilstede n\u00e5r barna bader. Vi legger opp til flere spennende aktiviteter disse dagene.<\/p>\n\n\n\n<p><strong>Dette er en ferie som passer for dere som \u00f8nsker samv\u00e6r og moro med andre<\/strong>, men gir ogs\u00e5 mulighet for \u00e5 legge opp dagen slik dere \u00f8nsker.<\/p>\n\n\n\n<figure class=\"wp-block-image aligncenter size-thumbnail is-style-rounded\"><img loading=\"lazy\" decoding=\"async\" width=\"150\" height=\"150\" src=\"https:\/\/www.blakors.no\/content\/uploads\/sites\/10\/2022\/02\/Lyngdal-sommer-billiard-150x150.jpg\" alt=\"Jente spiller biljard p\u00e5 Camp Lyngdal\" class=\"wp-image-2793\" srcset=\"https:\/\/www.blakors.no\/content\/uploads\/sites\/10\/2022\/02\/Lyngdal-sommer-billiard-150x150.jpg 150w, https:\/\/www.blakors.no\/content\/uploads\/sites\/10\/2022\/02\/Lyngdal-sommer-billiard-300x300.jpg 300w, https:\/\/www.blakors.no\/content\/uploads\/sites\/10\/2022\/02\/Lyngdal-sommer-billiard-200x200.jpg 200w\" sizes=\"auto, (max-width: 150px) 100vw, 150px\" \/><\/figure>\n\n\n\n<p>Ellers koser vi oss p\u00e5 Camp Lyngdal med alt som finnes der. <strong>Det er flotte strender og friluftsarealer p\u00e5 omr\u00e5det.<\/strong> Ferien gir muligheter for avslapning, g\u00f8yale aktiviteter p\u00e5 dagtid, og hyggelig sosialt samv\u00e6r med spilling og lek p\u00e5 kveldstid. Vi legger til rette for at barn og unge skal f\u00e5 opplevelser sammen med sine foresatte, og p\u00e5 den m\u00e5ten skape gode minner sammen.<\/p>\n\n\n\n<p>Vi har samlet noen vanlige sp\u00f8rsm\u00e5l og svar p\u00e5 <a href=\"https:\/\/www.blakors.no\/ferier\/sporsmal-og-svar\/\" target=\"_blank\" data-type=\"page\" data-id=\"4431\" rel=\"noreferrer noopener\">denne siden<\/a>!<\/p>\n\n\n\n<h2 class=\"wp-block-heading\" id=\"h-soknadsfrist-var-23-april-2023\"><strong>S\u00f8knadsfrist utg\u00e5tt (1. mai)<\/strong><\/h2>\n\n\n\n\t\t<div class=\"wp-block-lib-accentuated-link\">\n\t\t\t<a class=\"lib-link__link\" href=\"https:\/\/camplyngdal.no\/\" target=\"\" rel=\"noopener\">\n\t\t\t\t\n\t\t\t\t<div class=\"lib-link__text-content\">\n\t\t\t\t\t<span class=\"lib-link__tagline\">\n\t\t\t\t\t\tHer kan du se nettsiden til\n\t\t\t\t\t<\/span>\n\n\t\t\t\t\t<h3 class=\"lib-link__title\">\n\t\t\t\t\t\tCamp Lyngdal\n\t\t\t\t\t<\/h3>\n\n\t\t\t\t\t\n\t\t\t<span class=\"lib-link__link-source\">\n\t\t\t\tcamplyngdal.no\n\t\t\t\t<svg xmlns=\"http:\/\/www.w3.org\/2000\/svg\" viewBox=\"0 0 24 24\" height=\"24\" width=\"24\" class=\"t2-icon t2-icon-linkexternal\" aria-hidden=\"true\" focusable=\"false\"><path d=\"M5 21c-.5 0-1-.2-1.4-.6S3 19.6 3 19V5c0-.6.2-1 .6-1.4S4.5 3 5 3h6c.3 0 .5.1.7.3.2.2.3.4.3.7 0 .3-.1.5-.3.7-.2.2-.4.3-.7.3H5v14h14v-6c0-.3.1-.5.3-.7.2-.2.4-.3.7-.3s.5.1.7.3c.2.2.3.4.3.7v6c0 .6-.2 1-.6 1.4s-.8.6-1.4.6H5zm4-6c-.2-.2-.3-.4-.3-.7s.1-.5.3-.7L17.6 5H15c-.3 0-.5-.1-.7-.3-.2-.2-.3-.4-.3-.7 0-.3.1-.5.3-.7.2-.2.4-.3.7-.3h5c.3 0 .5.1.7.3.2.2.3.4.3.7v5c0 .3-.1.5-.3.7-.2.2-.4.3-.7.3s-.5-.1-.7-.3c-.2-.2-.3-.4-.3-.7V6.4L10.4 15c-.2.2-.4.3-.7.3s-.5-.1-.7-.3z\" fill=\"currentColor\" \/><\/svg>\n\t\t\t<\/span>\n\t\t\t\t<\/div>\n\t\t\t<\/a>\n\t\t<\/div>\n\n\n\t\t<div class=\"wp-block-blakors-expanding-fact-box is-style-default wp-block-blakors-expanding-fact-box is-style-default wp-block-blakors-expanding-fact-box has-background has-blue-light-background-color\">\n\t\t\t<h3 id=\"hvem-far-vaere-med-bla-kors-ferier\"  class=\"blakors-fact-box__title\" >Hvem f\u00e5r v\u00e6re med Bl\u00e5 Kors ferier<\/h3>\n\t\t\t<div class=\"blakors-fact-box__content\">\n\t\t\t\t\n\n<p class=\"has-text-align-left has-blue-light-background-color has-background\">Alle som fyller ut s\u00f8knadsskjemaet og som er i m\u00e5lgruppen for tiltaket (dvs. har utfordringer relatert til psykisk helse, rus eller \u00f8konomi) er kvalifiserte til \u00e5 v\u00e6re med p\u00e5 ferie med Bl\u00e5 Kors ferier. Det er ikke behov for anbefaling fra Nav, barnevernstjeneste, eller lignende. Det er heller ikke krav til at barna m\u00e5 v\u00e6re i barneskolealder. Det er ikke tillatt \u00e5 ha med kj\u00e6ledyr p\u00e5 organiserte ferier med Bl\u00e5 Kors ferier.<\/p>\n\n\n\n<p>Bl\u00e5 Kors ferier opplever enorm p\u00e5gang og har ikke mulighet til \u00e5 gi et ferietilbud til alle som s\u00f8ker. Vi venter til etter s\u00f8knadsfrist med \u00e5 tildele feriene og \u00f8nsker at de som ikke tidligere har f\u00e5tt et tilbud, enten med oss, eller andre akt\u00f8rer skal f\u00e5 en mulighet f\u00f8rst. Derfor sp\u00f8r vi alltid om familien har v\u00e6rt med p\u00e5 en annen ferie, f\u00f8r vi gir mulighet til \u00e5 v\u00e6re med p\u00e5 ferie med Bl\u00e5 Kors ferier. <\/p>\n\n\n\n<p>Det er mange som opplever \u00e5 f\u00e5 gjentatte avslag p\u00e5 s\u00f8knadene sine. Dette er dessverre helt normalt, og betyr ikke at s\u00f8knaden ikke er godkjent. Det betyr kun at det ikke var plass til din familien p\u00e5 denne ferien, og vi kan ikke annet enn beklage. Vi anbefaler \u00e5 fortsette med \u00e5 s\u00f8ke, s\u00e5 vil det forh\u00e5pentligvis bli deres tur ogs\u00e5 til slutt.<\/p>\n\n\n\n<p>I henhold til Personvernregelverket oppbevarer vi ikke opplysninger om s\u00f8kere lenger enn n\u00f8dvendig.<\/p>\n\n\n\t\t\t<\/div>\n\t\t\t<div class=\"blakors-fact-box__toggle\">\n\t\t\t\t<button class=\"blakors-fact-box__button\"><svg xmlns=\"http:\/\/www.w3.org\/2000\/svg\" viewBox=\"0 0 17.367 17.367\"><path d=\"M0-8.684v-2.133H13.2L7.16-16.91l1.523-1.523L17.367-9.75,8.684-1.066,7.109-2.59,13.2-8.684Z\" transform=\"translate(0 18.434)\" \/><\/svg><\/button>\n\t\t\t<\/div>\n\t\t<\/div>\n\n\n<h2 class=\"wp-block-heading\" id=\"h-inkludert\">Inkludert:<\/h2>\n\n\n\n<ul class=\"wp-block-list\">\n<li>Overnatting<\/li>\n\n\n\n<li>Frokost, lunsj, middag og kveldsmat<\/li>\n\n\n\n<li>Aktiviteter<\/li>\n\n\n\n<li>Senget\u00f8y<\/li>\n<\/ul>\n\n\n\n<figure class=\"wp-block-image aligncenter size-thumbnail is-style-rounded\"><img loading=\"lazy\" decoding=\"async\" width=\"150\" height=\"150\" src=\"https:\/\/www.blakors.no\/content\/uploads\/sites\/10\/2021\/01\/Lyngdal-t-skjorte-150x150.jpg\" alt=\"Malt t-skjorte hvor det st\u00e5r Camp Lyngdal\" class=\"wp-image-1390\" srcset=\"https:\/\/www.blakors.no\/content\/uploads\/sites\/10\/2021\/01\/Lyngdal-t-skjorte-150x150.jpg 150w, https:\/\/www.blakors.no\/content\/uploads\/sites\/10\/2021\/01\/Lyngdal-t-skjorte-300x300.jpg 300w, https:\/\/www.blakors.no\/content\/uploads\/sites\/10\/2021\/01\/Lyngdal-t-skjorte-200x200.jpg 200w\" sizes=\"auto, (max-width: 150px) 100vw, 150px\" \/><\/figure>\n\n\n\n<h2 class=\"wp-block-heading\" id=\"h-forsikring\">Forsikring<\/h2>\n\n\n\n<p>Alle deltakere dekkes av Bl\u00e5 Kors egen gruppeforsikring. Deltakere b\u00f8r ogs\u00e5 ha sin egen reiseforsikring.<\/p>\n\n\n\n<h2 class=\"wp-block-heading\" id=\"h-pris-og-transport\">Pris og transport<\/h2>\n\n\n\n<p><strong>Ferien er gratis<\/strong>,&nbsp;men transport til og fra Lyngdal dekkes selv. Reiser dere kollektivt kan buss 200 brukes fra Kristiansand. Denne korresponderer med 230 i Lyngdal og stoppested er da Kvavik Camping. Der vil vi st\u00e5 og m\u00f8te dere ved busstoppet n\u00e5r dere kommer frem. <\/p>\n\n\n\n<p>Fra Stavanger og Oslo brukes <a aria-label=\"undefined (\u00e5pnes i ny fane)\" href=\"https:\/\/www.nor-way.no\/ruter\/konkurrenten\/#\/\" target=\"_blank\" rel=\"noreferrer noopener nofollow\">NW192 med Konkurrenten<\/a>, eller <a aria-label=\"undefined (\u00e5pnes i ny fane)\" href=\"https:\/\/www.lavprisekspressen.no\/\" target=\"_blank\" rel=\"noreferrer noopener nofollow\">191 med Lavprisekspressen<\/a>. Da er stoppested Rom terminal i Lyngdal. Vi m\u00f8ter dere der og kj\u00f8rer dere til Camp Lyngdal.<\/p>\n\n\n\n<p>Det er ogs\u00e5 mulig \u00e5 ta tog til Snartemo togstasjon. Da vil vi hente dere p\u00e5 togstasjonen n\u00e5r dere kommer.<\/p>\n\n\n\n<p>Om familien er knyttet opp til NAV, barnevernstjenesten med flere, anbefaler vi \u00e5 sjekke om det kan v\u00e6re mulig \u00e5 s\u00f8ke om dekning av reisekostnader til og fra Lyngdal via disse.<\/p>\n\n\n\n<div style=\"text-align:center\"><iframe src=\"https:\/\/www.google.com\/maps\/embed?pb=!1m18!1m12!1m3!1d631808.1321087851!2d6.6042942387183015!3d58.65720222535224!2m3!1f0!2f0!3f0!3m2!1i1024!2i768!4f13.1!3m3!1m2!1s0x46377e5523459f13%3A0x85306f158b2ec4f!2sCamp%20Lyngdal!5e0!3m2!1sno!2sno!4v1685528163660!5m2!1sno!2sno\" width=\"600\" height=\"450\" style=\"border:0;\" allowfullscreen=\"\" loading=\"lazy\" referrerpolicy=\"no-referrer-when-downgrade\"><\/iframe><\/div>\n\n\n\n<h2 class=\"wp-block-heading\" id=\"h-personvern\"><strong>Personvern<\/strong><\/h2>\n\n\n\n<p>Ved \u00e5 sende inn en s\u00f8knad til Bl\u00e5 Kors ferier, samtykker jeg i at Bl\u00e5 Kors ferier behandler mine opplysninger i tr\u00e5d med det som st\u00e5r i personvernerkl\u00e6ringen og gjeldende regelverk.<\/p>\n\n\n\n<div class=\"wp-block-buttons is-content-justification-center is-layout-flex wp-block-buttons-is-layout-flex\">\n<div class=\"wp-block-button is-style-primary\"><a class=\"wp-block-button__link\" href=\"https:\/\/www.blakors.no\/ferier\/personvernerklaering-ferier\/\">Personvernerkl\u00e6ring<\/a><\/div>\n<\/div>\n\n\n\n<p class=\"has-text-align-center\"><\/p>\n\n\n\n<p>Ved \u00e5 krysse av p\u00e5 hvilken m\u00e5lgruppe jeg definerer meg og min familie, s\u00e5 samtykker jeg i \u00e5 dele disse opplysningene med Bl\u00e5 Kors ferier. Ved \u00e5 oppgi mine allergier, samtykker jeg til at Bl\u00e5 Kors ferier behandler helseopplysninger om meg. Form\u00e5let med \u00e5 oppgi allergier, er at Bl\u00e5 Kors ferier kan legge til rette for \u00e5 servere trygge og helsebringende m\u00e5ltider og vurdere en passende ferie tilpasset mine behov. Alle personopplysninger blir behandlet trygt, og deles kun med utvalgte personer som trenger opplysningene for \u00e5 legge til rette for ferietilbudet. Informasjonen Bl\u00e5 Kors ferier samler inn, slettes n\u00e5r vi ikke lenger har bruk for de, eller n\u00e5r du trekker ditt samtykke for behandling av personopplysninger.<\/p>\n\n\n\n<div class=\"wp-block-buttons is-horizontal is-content-justification-center is-layout-flex wp-container-core-buttons-is-layout-499968f5 wp-block-buttons-is-layout-flex\">\n<div class=\"wp-block-button is-style-primary\"><a class=\"wp-block-button__link wp-element-button\" href=\"https:\/\/www.blakors.no\/ferier\/sommerferie-lyngdal\">Tilbake til toppen<\/a><\/div>\n<\/div>\n","protected":false},"excerpt":{"rendered":"<p>S\u00f8knadsfrist utg\u00e5tt. Camp Lyngdal ligger idyllisk til ved Kvavikstranda og Hundremeterskogen, vest i Agder. Vi kan gj\u00f8re aktiviteter som \u00e5 spille volleyball, frisbee golf, leke p\u00e5 stranden og bade. Vi tar ogs\u00e5 en dag p\u00e5 S\u00f8rlandsbadet.Det er en flott lekeplass p\u00e5 Camp Lyngdal, og trampolinene er spesielt popul\u00e6re. Alle gjestene v\u00e5re f\u00e5r egne leiligheter med [&hellip;]<\/p>\n","protected":false},"author":36,"featured_media":2798,"parent":0,"menu_order":0,"comment_status":"closed","ping_status":"closed","template":"","meta":{"_acf_changed":false,"_relevanssi_hide_post":"","_relevanssi_hide_content":"","_relevanssi_pin_for_all":"","_relevanssi_pin_keywords":"","_relevanssi_unpin_keywords":"","_relevanssi_related_keywords":"","_relevanssi_related_include_ids":"","_relevanssi_related_exclude_ids":"","_relevanssi_related_no_append":"","_relevanssi_related_not_related":"","_relevanssi_related_posts":"1","_relevanssi_noindex_reason":"","_custom_cards_description":"Organisert ferie med andre familier 21.-24. juni og 24.-27. juni. S\u00f8knadsfrist er utg\u00e5tt.","footnotes":""},"class_list":["post-321","page","type-page","status-publish","has-post-thumbnail","hentry"],"acf":[],"_links":{"self":[{"href":"https:\/\/www.blakors.no\/ferier\/wp-json\/wp\/v2\/pages\/321","targetHints":{"allow":["GET"]}}],"collection":[{"href":"https:\/\/www.blakors.no\/ferier\/wp-json\/wp\/v2\/pages"}],"about":[{"href":"https:\/\/www.blakors.no\/ferier\/wp-json\/wp\/v2\/types\/page"}],"author":[{"embeddable":true,"href":"https:\/\/www.blakors.no\/ferier\/wp-json\/wp\/v2\/users\/36"}],"replies":[{"embeddable":true,"href":"https:\/\/www.blakors.no\/ferier\/wp-json\/wp\/v2\/comments?post=321"}],"version-history":[{"count":6,"href":"https:\/\/www.blakors.no\/ferier\/wp-json\/wp\/v2\/pages\/321\/revisions"}],"predecessor-version":[{"id":6017,"href":"https:\/\/www.blakors.no\/ferier\/wp-json\/wp\/v2\/pages\/321\/revisions\/6017"}],"wp:featuredmedia":[{"embeddable":true,"href":"https:\/\/www.blakors.no\/ferier\/wp-json\/wp\/v2\/media\/2798"}],"wp:attachment":[{"href":"https:\/\/www.blakors.no\/ferier\/wp-json\/wp\/v2\/media?parent=321"}],"curies":[{"name":"wp","href":"https:\/\/api.w.org\/{rel}","templated":true}]}}