{"id":3409,"date":"2022-11-23T14:25:34","date_gmt":"2022-11-23T13:25:34","guid":{"rendered":"https:\/\/www.blakors.no\/ferier\/?page_id=3409"},"modified":"2026-01-15T12:13:06","modified_gmt":"2026-01-15T11:13:06","slug":"vinterferie-i-valdres","status":"publish","type":"page","link":"https:\/\/www.blakors.no\/ferier\/vinterferie-i-valdres\/","title":{"rendered":"Vinterferie i Valdres"},"content":{"rendered":"<div class=\"custom-block-banner alignwide has-background has-blue-light-background-color contenthalf\"><div class=\"banner-image\" style=\"background-image:url(https:\/\/www.blakors.no\/content\/uploads\/sites\/10\/2022\/11\/Inngangen-i-snoen-1024x682.jpg)\"><\/div><div class=\"banner-inner\"><div><h1 id=\"vinterferie-pa-vaset-i-valdres\"  class=\"title small \" >Vinterferie p\u00e5 Vaset i Valdres<\/h1><p>S\u00f8ndag 15. februar \u2013 onsdag 18. februar er vi klare for vintermagien i Valdres!<\/p><\/div><\/div><\/div>\n\n\n<h3 class=\"wp-block-heading has-text-align-center\" id=\"h-vinterferie-pa-brennabu-soknadsfristen-for-denne-ferien-er-gatt-ut\"><strong>S\u00f8knadsfrist: har dessverre g\u00e5tt ut<\/strong><\/h3>\n\n\n\n<p>Dette er ferien for dere som \u00f8nsker en vinterferie med fantastiske turopplevelser i majestetisk natur rett utenfor d\u00f8ren. Her f\u00e5r dere se en uendelig stjernehimmel, oppleve kosen av grillet mat i sn\u00f8en og bli kjent med andre som ogs\u00e5 \u00f8nsker \u00e5 ha en uforglemmelig ferie.<\/p>\n\n\n\n<p class=\"has-text-align-center\"><strong>Vi h\u00e5per du er klar for fart og spenning i skianlegget p\u00e5 Vaset!<\/strong> <\/p>\n\n\n\n<div class=\"wp-block-group alignfull is-content-justification-center is-layout-constrained wp-block-group-is-layout-constrained\">\n<div style=\"text-align:center;\"><iframe loading=\"lazy\" src=\"https:\/\/www.facebook.com\/plugins\/video.php?height=295&#038;href=https%3A%2F%2Fwww.facebook.com%2Fvasetskiheiser%2Fvideos%2F1715461348944234%2F&#038;show_text=true&#038;width=560&#038;t=0\" width=\"560\" height=\"410\" style=\"border:none;overflow:hidden\" scrolling=\"no\" frameborder=\"0\" allowfullscreen=\"true\" allow=\"autoplay; clipboard-write; encrypted-media; picture-in-picture; web-share\" allowFullScreen=\"true\"><\/iframe>\n<\/div>\n\n\n\n<p class=\"has-text-align-center has-blue-light-background-color has-background\"><strong>&laquo;Dette er den beste ferien jeg har v\u00e6rt p\u00e5!&raquo;<\/strong><br><br>Jente, 15 \u00e5r<br><em>Fra tidligere ferie p\u00e5 Valdres<\/em><\/p>\n\n\n\n<h2 class=\"wp-block-heading has-text-align-center\" id=\"h-organisert-ferie\">Organisert ferie<\/h2>\n\n\n\n<p class=\"has-text-align-left\"><strong>Dette er en organisert ferie, hvor flere familier er sammen p\u00e5 tur. Vi blir totalt ca.&nbsp;50 personer og vi legger opp til felles aktivitet og m\u00e5ltider.<\/strong>&nbsp;<strong>Ferien blir organisert av Bl\u00e5 Kors ferier, og alt av aktiviteter, m\u00e5ltider og overnatting er inkludert i oppholdet.<\/strong><\/p>\n\n\n\n<p class=\"has-text-align-left\">Ferien gir mulighet til \u00e5 bli kjent med andre, samtidig som dere er sammen som familie. Med p\u00e5 ferien vil det v\u00e6re ferieledere&nbsp;og&nbsp;Tidgivere&nbsp;fra Bl\u00e5 Kors ferier som ordner praktiske gj\u00f8rem\u00e5l, og som er tilgjengelige for dere som gjester. <strong>Alle foreldre har ansvar for sine egne barn.<\/strong>&nbsp;&nbsp;<\/p>\n\n\n\n<p class=\"has-text-align-left\">Vi skal bo p\u00e5 <a href=\"https:\/\/www.brennabu.no\/leirskole\/?\/leirskole&amp;gad_source=1&amp;gad_campaignid=722996783&amp;gclid=CjwKCAiAoNbIBhB5EiwAZFbYGPZDtGMfr8FlnCVlZ2tTlZV9MR2pSyn-_2VXfLca5uXakuZf0xiCmBoCxekQAvD_BwE\" data-type=\"link\" data-id=\"https:\/\/www.brennabu.no\/leirskole\/?\/leirskole&amp;gad_source=1&amp;gad_campaignid=722996783&amp;gclid=CjwKCAiAoNbIBhB5EiwAZFbYGPZDtGMfr8FlnCVlZ2tTlZV9MR2pSyn-_2VXfLca5uXakuZf0xiCmBoCxekQAvD_BwE\" target=\"_blank\" rel=\"noopener\">Brennabu Leirskole<\/a> hvor hver familie f\u00e5r hvert sitt rom med eget bad p\u00e5 hovedhuset. Rommene har enkel standard og senget\u00f8y m\u00e5 hver familie ta med selv. Dersom dere har sm\u00e5 barn kan vi ordne reiseseng til dere.<\/p>\n\n\n\n<p class=\"has-text-align-left\">Stedets kokker lager fantastisk mat til oss som vi spiser sammen i eget lokale. Dette er en ferie hvor du som forelder kan komme med senkede skuldre, og f\u00e5r god tid til \u00e5 v\u00e6re med familien uten \u00e5 m\u00e5tte planlegge hva dere skal spise eller gj\u00f8re.<\/p>\n\n\n\n<figure class=\"wp-block-gallery has-nested-images columns-default is-cropped wp-block-gallery-1 is-layout-flex wp-block-gallery-is-layout-flex\">\n<figure class=\"wp-block-image size-large\"><img loading=\"lazy\" decoding=\"async\" width=\"768\" height=\"1024\" data-id=\"5440\" src=\"https:\/\/www.blakors.no\/content\/uploads\/sites\/10\/2025\/11\/Skiidyll-pa-Vaset-768x1024.jpeg\" alt=\"\" class=\"wp-image-5440\" srcset=\"https:\/\/www.blakors.no\/content\/uploads\/sites\/10\/2025\/11\/Skiidyll-pa-Vaset-768x1024.jpeg 768w, https:\/\/www.blakors.no\/content\/uploads\/sites\/10\/2025\/11\/Skiidyll-pa-Vaset-225x300.jpeg 225w, https:\/\/www.blakors.no\/content\/uploads\/sites\/10\/2025\/11\/Skiidyll-pa-Vaset-1152x1536.jpeg 1152w, https:\/\/www.blakors.no\/content\/uploads\/sites\/10\/2025\/11\/Skiidyll-pa-Vaset-1536x2048.jpeg 1536w, https:\/\/www.blakors.no\/content\/uploads\/sites\/10\/2025\/11\/Skiidyll-pa-Vaset-1080x1440.jpeg 1080w\" sizes=\"auto, (max-width: 768px) 100vw, 768px\" \/><\/figure>\n\n\n\n<figure class=\"wp-block-image size-large\"><img loading=\"lazy\" decoding=\"async\" width=\"781\" height=\"1024\" data-id=\"5444\" src=\"https:\/\/www.blakors.no\/content\/uploads\/sites\/10\/2025\/11\/Treff-blinken-781x1024.jpeg\" alt=\"\" class=\"wp-image-5444\" srcset=\"https:\/\/www.blakors.no\/content\/uploads\/sites\/10\/2025\/11\/Treff-blinken-781x1024.jpeg 781w, https:\/\/www.blakors.no\/content\/uploads\/sites\/10\/2025\/11\/Treff-blinken-229x300.jpeg 229w, https:\/\/www.blakors.no\/content\/uploads\/sites\/10\/2025\/11\/Treff-blinken-768x1007.jpeg 768w, https:\/\/www.blakors.no\/content\/uploads\/sites\/10\/2025\/11\/Treff-blinken-1171x1536.jpeg 1171w, https:\/\/www.blakors.no\/content\/uploads\/sites\/10\/2025\/11\/Treff-blinken-1561x2048.jpeg 1561w, https:\/\/www.blakors.no\/content\/uploads\/sites\/10\/2025\/11\/Treff-blinken-1098x1440.jpeg 1098w\" sizes=\"auto, (max-width: 781px) 100vw, 781px\" \/><\/figure>\n\n\n\n<figure class=\"wp-block-image size-large\"><img loading=\"lazy\" decoding=\"async\" width=\"768\" height=\"1024\" data-id=\"5546\" src=\"https:\/\/www.blakors.no\/content\/uploads\/sites\/10\/2025\/11\/image00006-1-768x1024.jpeg\" alt=\"\" class=\"wp-image-5546\" srcset=\"https:\/\/www.blakors.no\/content\/uploads\/sites\/10\/2025\/11\/image00006-1-768x1024.jpeg 768w, https:\/\/www.blakors.no\/content\/uploads\/sites\/10\/2025\/11\/image00006-1-225x300.jpeg 225w, https:\/\/www.blakors.no\/content\/uploads\/sites\/10\/2025\/11\/image00006-1-1152x1536.jpeg 1152w, https:\/\/www.blakors.no\/content\/uploads\/sites\/10\/2025\/11\/image00006-1-1536x2048.jpeg 1536w, https:\/\/www.blakors.no\/content\/uploads\/sites\/10\/2025\/11\/image00006-1-1080x1440.jpeg 1080w\" sizes=\"auto, (max-width: 768px) 100vw, 768px\" \/><\/figure>\n<\/figure>\n\n\n\n<p class=\"has-text-align-left\">P\u00e5 ferien kommer vi til \u00e5 v\u00e6re mye ute. Vi g\u00e5r p\u00e5 ski, aker i akebakken, har konkurranser og g\u00e5r balanseline over et juv. I tillegg vil det bli lek, spill, bingo, hygge foran peisen og hobbyaktiviteter innend\u00f8rs. Ferien gir muligheter for ro og avslapning, g\u00f8yale aktiviteter for store og sm\u00e5, og hyggelig sosialt samv\u00e6r. Vi \u00f8nsker \u00e5 legge til rette for at hver familie skal skape gode minner sammen p\u00e5 denne ferien. <\/p>\n\n\n\n<p class=\"has-text-align-left\"><\/p>\n\n\n\n<p class=\"has-text-align-center\"><strong>Vi gleder oss til lek og morro i sn\u00f8en!<\/strong><\/p>\n\n\n\n<p><\/p>\n\n\n\n<div class=\"wp-block-group is-layout-grid wp-container-core-group-is-layout-baef362d wp-block-group-is-layout-grid\">\n<figure class=\"wp-block-video\"><video autoplay controls muted src=\"https:\/\/www.blakors.no\/content\/uploads\/sites\/10\/2025\/11\/skihopp.mov\"><\/video><\/figure>\n\n\n\n<figure class=\"wp-block-video\"><video autoplay controls muted src=\"https:\/\/www.blakors.no\/content\/uploads\/sites\/10\/2024\/11\/Hoppe-i-snoen.mov\"><\/video><\/figure>\n<\/div>\n\n\n\n<p><\/p>\n\n\n\n<h2 class=\"wp-block-heading has-text-align-center\"><\/h2>\n\n\n\n\t\t<div class=\"wp-block-blakors-expanding-fact-box is-style-default wp-block-blakors-expanding-fact-box is-style-default wp-block-blakors-expanding-fact-box has-background has-blue-light-background-color\">\n\t\t\t<h3 id=\"hvem-far-vaere-med-bla-kors-ferier\"  class=\"blakors-fact-box__title\" >Hvem f\u00e5r v\u00e6re med Bl\u00e5 Kors ferier<\/h3>\n\t\t\t<div class=\"blakors-fact-box__content\">\n\t\t\t\t\n\n<p class=\"has-text-align-left has-blue-light-background-color has-background\">Alle som fyller ut s\u00f8knadsskjemaet og som er i m\u00e5lgruppen for tiltaket (dvs. har utfordringer relatert til psykisk helse, rus eller \u00f8konomi) er kvalifiserte til \u00e5 v\u00e6re med p\u00e5 ferie med Bl\u00e5 Kors ferier. Det er ikke behov for anbefaling fra Nav, barnevernstjeneste, eller lignende. Det er heller ikke krav til at barna m\u00e5 v\u00e6re i barneskolealder. Det er ikke tillatt \u00e5 ha med kj\u00e6ledyr p\u00e5 organiserte ferier med Bl\u00e5 Kors ferier.<\/p>\n\n\n\n<p>Bl\u00e5 Kors ferier opplever enorm p\u00e5gang og har ikke mulighet til \u00e5 gi et ferietilbud til alle som s\u00f8ker. Vi venter til etter s\u00f8knadsfrist med \u00e5 tildele feriene og \u00f8nsker at de som ikke tidligere har f\u00e5tt et tilbud, enten med oss, eller andre akt\u00f8rer skal f\u00e5 en mulighet f\u00f8rst. Derfor sp\u00f8r vi alltid om familien har v\u00e6rt med p\u00e5 en annen ferie, f\u00f8r vi gir mulighet til \u00e5 v\u00e6re med p\u00e5 ferie med Bl\u00e5 Kors ferier. <\/p>\n\n\n\n<p>Det er mange som opplever \u00e5 f\u00e5 gjentatte avslag p\u00e5 s\u00f8knadene sine. Dette er dessverre helt normalt, og betyr ikke at s\u00f8knaden ikke er godkjent. Det betyr kun at det ikke var plass til din familien p\u00e5 denne ferien, og vi kan ikke annet enn beklage. Vi anbefaler \u00e5 fortsette med \u00e5 s\u00f8ke, s\u00e5 vil det forh\u00e5pentligvis bli deres tur ogs\u00e5 til slutt.<\/p>\n\n\n\n<p>I henhold til Personvernregelverket oppbevarer vi ikke opplysninger om s\u00f8kere lenger enn n\u00f8dvendig.<\/p>\n\n\n\t\t\t<\/div>\n\t\t\t<div class=\"blakors-fact-box__toggle\">\n\t\t\t\t<button class=\"blakors-fact-box__button\"><svg xmlns=\"http:\/\/www.w3.org\/2000\/svg\" viewBox=\"0 0 17.367 17.367\"><path d=\"M0-8.684v-2.133H13.2L7.16-16.91l1.523-1.523L17.367-9.75,8.684-1.066,7.109-2.59,13.2-8.684Z\" transform=\"translate(0 18.434)\" \/><\/svg><\/button>\n\t\t\t<\/div>\n\t\t<\/div>\n\n\n<p><\/p>\n\n\n\n<p><\/p>\n\n\n\n<div class=\"wp-block-group is-layout-constrained wp-block-group-is-layout-constrained\">\n<div class=\"wp-block-columns is-layout-flex wp-container-core-columns-is-layout-9d6595d7 wp-block-columns-is-layout-flex\">\n<div class=\"wp-block-column is-layout-flow wp-block-column-is-layout-flow\" style=\"flex-basis:100%\">\n<h3 id=\"dette-lurer-du-kanskje-pa\"  class=\"wp-block-heading has-text-align-center\" >Dette lurer du kanskje p\u00e5:<\/h3>\n<\/div>\n<\/div>\n<\/div>\n\n\n\n<div class=\"wp-block-group is-content-justification-center is-layout-constrained wp-block-group-is-layout-constrained\">\n<div class=\"wp-block-group is-layout-grid wp-container-core-group-is-layout-6be84c55 wp-block-group-is-layout-grid\">\n<div class=\"wp-block-group is-layout-constrained wp-block-group-is-layout-constrained\">\n<div class=\"custom-block-factbox has-background has-lila-light-background-color\">\n\t<p><strong>Pris<\/strong><\/p>\n<p>Ferien er <strong>gratis<\/strong>, men transport til og fra Brennabu m\u00e5 hver familie ordne og betale for selv.<\/p>\n<\/div>\n<\/div>\n\n\n\n<div class=\"custom-block-factbox has-background has-pink-light-background-color wp-container-content-231de088\">\n\t<p><strong>Transport<\/strong><\/p>\n<p>Kommer dere med buss til Fagernes henter vi dere der. Er dere knyttet opp til NAV eller barneverntjenesten anbefaler vi \u00e5 sjekke med disse om det er mulig \u00e5 s\u00f8ke om dekning av reisekostnader.<\/p>\n<\/div>\n\n\n\n<div class=\"custom-block-factbox has-background has-green-light-background-color wp-container-content-2155ee95\">\n\t<p style=\"text-align: left\"><strong>Inkludert i ferien<\/strong><\/p>\n<p style=\"text-align: left\">Overnatting<br \/>\nAlle m\u00e5ltider<br \/>\nAktiviteter<\/p>\n<\/div>\n\n\n\n<div class=\"custom-block-factbox has-background has-brown-light-background-color wp-container-content-231de088\">\n\t<p><strong>Forsikring<\/strong><\/p>\n<p>Alle deltakere dekkes av Bl\u00e5 Kors egen gruppeforsikring. Deltakere b\u00f8r ogs\u00e5 ha sin egen reiseforsikring.<\/p>\n<\/div>\n<\/div>\n<\/div>\n\n\n\n<h3 id=\"her-kan-du-se-pa-kartet-hvor-vi-skal\"  class=\"wp-block-heading has-text-align-center\" >Her kan du se p\u00e5 kartet hvor vi skal:<\/h3>\n\n\n\n<div class=\"wp-block-group is-layout-constrained wp-block-group-is-layout-constrained\">\n<div style=\"text-align:center;\"><iframe src=\"https:\/\/www.google.com\/maps\/embed?pb=!1m18!1m12!1m3!1d597400.968477615!2d8.971902914710823!3d60.539042699409116!2m3!1f0!2f0!3f0!3m2!1i1024!2i768!4f13.1!3m3!1m2!1s0x463ffdaef37f471b%3A0xf4c365443934561a!2sBrennabu%20Leirskole!5e0!3m2!1sen!2sno!4v1669034856628!5m2!1sen!2sno\" width=\"600\" height=\"450\" style=\"border:0;\" allowfullscreen=\"\" loading=\"lazy\" referrerpolicy=\"no-referrer-when-downgrade\"><\/iframe><\/div>\n<\/div>\n\n\n\n\n\n<h2 class=\"wp-block-heading has-text-align-center\" id=\"h-personvern\"><strong>Personvern<\/strong><\/h2>\n\n\n\n<p class=\"has-text-align-left\">Ved \u00e5 sende inn en s\u00f8knad til Bl\u00e5 Kors ferier, samtykker jeg i at Bl\u00e5 Kors ferier behandler mine opplysninger i tr\u00e5d med det som st\u00e5r i personvernerkl\u00e6ringen og gjeldende regelverk.<\/p>\n\n\n\n<div class=\"wp-block-buttons is-content-justification-center is-layout-flex wp-block-buttons-is-layout-flex\">\n<div class=\"wp-block-button is-style-primary\"><a class=\"wp-block-button__link\" href=\"https:\/\/www.blakors.no\/ferier\/personvernerklaering-ferier\/\">Personvernerkl\u00e6ring<\/a><\/div>\n<\/div>\n\n\n\n<p class=\"has-text-align-center\"><\/p>\n\n\n\n<p class=\"has-text-align-left\">Ved \u00e5 krysse av p\u00e5 hvilken m\u00e5lgruppe jeg definerer meg og min familie, s\u00e5 samtykker jeg i \u00e5 dele disse opplysningene med Bl\u00e5 Kors ferier. Ved \u00e5 oppgi mine allergier, samtykker jeg til at Bl\u00e5 Kors ferier behandler helseopplysninger om meg. Form\u00e5let med \u00e5 oppgi allergier, er at Bl\u00e5 Kors ferier kan legge til rette for \u00e5 servere trygge og helsebringende m\u00e5ltider og vurdere en passende ferie tilpasset mine behov. Alle personopplysninger blir behandlet trygt, og deles kun med utvalgte personer som trenger opplysningene for \u00e5 legge til rette for ferietilbudet. Informasjonen Bl\u00e5 Kors ferier samler inn, slettes n\u00e5r vi ikke lenger har bruk for de, eller n\u00e5r du trekker ditt samtykke for behandling av personopplysninger.<\/p>\n\n\n\n<div class=\"wp-block-buttons is-horizontal is-content-justification-center is-layout-flex wp-container-core-buttons-is-layout-499968f5 wp-block-buttons-is-layout-flex\">\n<div class=\"wp-block-button is-style-primary\"><a class=\"wp-block-button__link wp-element-button\" href=\"https:\/\/www.blakors.no\/ferier\/vinterferie-i-valdres\/\">Tilbake til toppen<\/a><\/div>\n<\/div>\n\n\n\n<h2 class=\"wp-block-heading has-text-align-center\"><\/h2>\n\n\n\n\n\n<p><\/p>\n","protected":false},"excerpt":{"rendered":"<p>S\u00f8knadsfrist: har dessverre g\u00e5tt ut Dette er ferien for dere som \u00f8nsker en vinterferie med fantastiske turopplevelser i majestetisk natur rett utenfor d\u00f8ren. Her f\u00e5r dere se en uendelig stjernehimmel, oppleve kosen av grillet mat i sn\u00f8en og bli kjent med andre som ogs\u00e5 \u00f8nsker \u00e5 ha en uforglemmelig ferie. Vi h\u00e5per du er klar [&hellip;]<\/p>\n","protected":false},"author":36,"featured_media":3448,"parent":0,"menu_order":0,"comment_status":"closed","ping_status":"closed","template":"","meta":{"_acf_changed":false,"_relevanssi_hide_post":"","_relevanssi_hide_content":"","_relevanssi_pin_for_all":"","_relevanssi_pin_keywords":"","_relevanssi_unpin_keywords":"","_relevanssi_related_keywords":"","_relevanssi_related_include_ids":"","_relevanssi_related_exclude_ids":"","_relevanssi_related_no_append":"","_relevanssi_related_not_related":"","_relevanssi_related_posts":"1","_relevanssi_noindex_reason":"","_custom_cards_description":"Organisert ferie med andre familier 15.-18. februar p\u00e5 Vaset i Valdres. S\u00f8knadsfrist: 11. januar.","footnotes":"[]"},"class_list":["post-3409","page","type-page","status-publish","has-post-thumbnail","hentry"],"acf":[],"_links":{"self":[{"href":"https:\/\/www.blakors.no\/ferier\/wp-json\/wp\/v2\/pages\/3409","targetHints":{"allow":["GET"]}}],"collection":[{"href":"https:\/\/www.blakors.no\/ferier\/wp-json\/wp\/v2\/pages"}],"about":[{"href":"https:\/\/www.blakors.no\/ferier\/wp-json\/wp\/v2\/types\/page"}],"author":[{"embeddable":true,"href":"https:\/\/www.blakors.no\/ferier\/wp-json\/wp\/v2\/users\/36"}],"replies":[{"embeddable":true,"href":"https:\/\/www.blakors.no\/ferier\/wp-json\/wp\/v2\/comments?post=3409"}],"version-history":[{"count":6,"href":"https:\/\/www.blakors.no\/ferier\/wp-json\/wp\/v2\/pages\/3409\/revisions"}],"predecessor-version":[{"id":6040,"href":"https:\/\/www.blakors.no\/ferier\/wp-json\/wp\/v2\/pages\/3409\/revisions\/6040"}],"wp:featuredmedia":[{"embeddable":true,"href":"https:\/\/www.blakors.no\/ferier\/wp-json\/wp\/v2\/media\/3448"}],"wp:attachment":[{"href":"https:\/\/www.blakors.no\/ferier\/wp-json\/wp\/v2\/media?parent=3409"}],"curies":[{"name":"wp","href":"https:\/\/api.w.org\/{rel}","templated":true}]}}