{"id":3538,"date":"2023-02-08T13:12:32","date_gmt":"2023-02-08T12:12:32","guid":{"rendered":"https:\/\/www.blakors.no\/ferier\/?page_id=3538"},"modified":"2023-05-30T09:13:30","modified_gmt":"2023-05-30T07:13:30","slug":"sommerferie-sirdal","status":"publish","type":"page","link":"https:\/\/www.blakors.no\/ferier\/sommerferie-sirdal\/","title":{"rendered":"Sommerferie Sirdal"},"content":{"rendered":"<div class=\"custom-block-banner alignwide contenthalf\"><div class=\"banner-image\" style=\"background-image:url(https:\/\/www.blakors.no\/content\/uploads\/sites\/10\/2023\/02\/Vannpark-oversikt-1024x683.jpg)\"><\/div><div class=\"banner-inner\"><div><h1 id=\"sommerferie-sirdal\"  class=\"title large \" >Sommerferie Sirdal<\/h1><p>I sommerferien 2023 arrangerer vi en familieferie i Sirdal. Fjellet p\u00e5 sommeren er fantastisk. Ferien er i uke 26 fra tirsdag 27. juni til fredag 30. juni. <\/p><\/div><\/div><\/div>\n\n\n<figure class=\"wp-block-image alignright size-thumbnail is-style-rounded\"><img loading=\"lazy\" decoding=\"async\" width=\"150\" height=\"150\" src=\"https:\/\/www.blakors.no\/content\/uploads\/sites\/10\/2023\/02\/Panorama-Sirdal-Resort-summer-1-of-1-150x150.jpg\" alt=\"Oversiktsbilde over Sirdal sommerpark\" class=\"wp-image-3624\" srcset=\"https:\/\/www.blakors.no\/content\/uploads\/sites\/10\/2023\/02\/Panorama-Sirdal-Resort-summer-1-of-1-150x150.jpg 150w, https:\/\/www.blakors.no\/content\/uploads\/sites\/10\/2023\/02\/Panorama-Sirdal-Resort-summer-1-of-1-300x300.jpg 300w, https:\/\/www.blakors.no\/content\/uploads\/sites\/10\/2023\/02\/Panorama-Sirdal-Resort-summer-1-of-1-200x200.jpg 200w\" sizes=\"auto, (max-width: 150px) 100vw, 150px\" \/><\/figure>\n\n\n\n<p><strong>S\u00f8knadsfristen er utg\u00e5tt (23. april 2023<\/strong>)<\/p>\n\n\n\n<p>Sirdal er kjent for sine vinteraktiviteter, men har ogs\u00e5 mye \u00e5 tilby p\u00e5 sommeren. I naturskj\u00f8nne omgivelser organiserer Bl\u00e5 Kors ferier aktiviteter som topptur, vannaktiviteter i Badeparken, g\u00e5turer i n\u00e6romr\u00e5det og Mountain Cart.<\/p>\n\n\n\n<p><strong>Hver familie <\/strong>f\u00e5r en hyggelig studioleilighet med eget bad og et kj\u00f8kken. Leilighetene har puter og dyner, men gjestene m\u00e5 ta med senget\u00f8y og h\u00e5ndkl\u00e6r til hvert familiemedlem.<\/p>\n\n\n\n<figure class=\"wp-block-image alignright size-thumbnail is-style-rounded\"><img loading=\"lazy\" decoding=\"async\" width=\"150\" height=\"150\" src=\"https:\/\/www.blakors.no\/content\/uploads\/sites\/10\/2023\/02\/Toppen-av-alpinanlegget-150x150.jpg\" alt=\"Utsikt p\u00e5 sommeren p\u00e5 toppen av alpinbakken i Sirdal\" class=\"wp-image-3628\" srcset=\"https:\/\/www.blakors.no\/content\/uploads\/sites\/10\/2023\/02\/Toppen-av-alpinanlegget-150x150.jpg 150w, https:\/\/www.blakors.no\/content\/uploads\/sites\/10\/2023\/02\/Toppen-av-alpinanlegget-300x300.jpg 300w, https:\/\/www.blakors.no\/content\/uploads\/sites\/10\/2023\/02\/Toppen-av-alpinanlegget-200x200.jpg 200w\" sizes=\"auto, (max-width: 150px) 100vw, 150px\" \/><\/figure>\n\n\n\n<h2 class=\"wp-block-heading\" id=\"h-organisert-ferie\">Organisert ferie<\/h2>\n\n\n\n<p>Ferien i Sirdal er en organisert ferie, hvor familier kommer fra ulike steder for \u00e5 v\u00e6re p\u00e5 ferie sammen. <strong>En organisert ferie med Bl\u00e5 Kors er en mulighet til \u00e5 reise p\u00e5 en trygg og spennende ferie, planlagt av dyktige ferieledere som ordner praktiske gj\u00f8rem\u00e5l og er tilgjengelige for gjestene v\u00e5re.<\/strong><\/p>\n\n\n\n<figure class=\"wp-block-image alignright size-thumbnail is-style-rounded\"><img loading=\"lazy\" decoding=\"async\" width=\"150\" height=\"150\" src=\"https:\/\/www.blakors.no\/content\/uploads\/sites\/10\/2023\/02\/Frisbeegolf-150x150.jpg\" alt=\"Dame kaster frisbee golf i Sirdal\" class=\"wp-image-3620\" srcset=\"https:\/\/www.blakors.no\/content\/uploads\/sites\/10\/2023\/02\/Frisbeegolf-150x150.jpg 150w, https:\/\/www.blakors.no\/content\/uploads\/sites\/10\/2023\/02\/Frisbeegolf-300x300.jpg 300w, https:\/\/www.blakors.no\/content\/uploads\/sites\/10\/2023\/02\/Frisbeegolf-200x200.jpg 200w\" sizes=\"auto, (max-width: 150px) 100vw, 150px\" \/><\/figure>\n\n\n\n<p>Til sammen er vi ca. 50 personer som reiser p\u00e5 denne ferien. I tillegg til ferieledere har vi med oss Tidgivere (frivillige) som er med \u00e5 bidrar til at alle skal ha det fint p\u00e5 denne ferien. <strong>Det er felles m\u00e5ltider og aktiviteter, men ogs\u00e5 mye tid for familiene til \u00e5 gj\u00f8re ting p\u00e5 egen h\u00e5nd. <\/strong>P\u00e5 den m\u00e5ten kan dere f\u00e5 flotte opplevelser sammen, og barna har i tillegg alltid noen og v\u00e6re sammen med.<\/p>\n\n\n\n<p><strong>Alle foreldre har ansvar for sine barn.<\/strong> Ved ulike vannaktiviteter, m\u00e5 det v\u00e6re foreldre tilstede n\u00e5r barna bader. Vi legger opp til flere spennende aktiviteter disse dagene.<\/p>\n\n\n\n<p><strong>Dette er en ferie som passer for dere som \u00f8nsker samv\u00e6r og moro med andre<\/strong>, men gir ogs\u00e5 mulighet for \u00e5 legge opp dagen slik dere \u00f8nsker.<\/p>\n\n\n\n<figure class=\"wp-block-image alignright size-thumbnail is-style-rounded\"><img loading=\"lazy\" decoding=\"async\" width=\"150\" height=\"150\" src=\"https:\/\/www.blakors.no\/content\/uploads\/sites\/10\/2023\/02\/Mountain-Cart-150x150.png\" alt=\"Voksen og barn kj\u00f8rer sammen i en Mountain Cart\" class=\"wp-image-3622\" srcset=\"https:\/\/www.blakors.no\/content\/uploads\/sites\/10\/2023\/02\/Mountain-Cart-150x150.png 150w, https:\/\/www.blakors.no\/content\/uploads\/sites\/10\/2023\/02\/Mountain-Cart-300x300.png 300w, https:\/\/www.blakors.no\/content\/uploads\/sites\/10\/2023\/02\/Mountain-Cart-200x200.png 200w\" sizes=\"auto, (max-width: 150px) 100vw, 150px\" \/><\/figure>\n\n\n\n<p>Ellers koser vi oss i Sirdal med alt som finnes der. <strong>Ferien gir muligheter for avslapning, g\u00f8yale aktiviteter p\u00e5 dagtid, og hyggelig sosialt samv\u00e6r med spilling og lek p\u00e5 kveldstid. <\/strong>Vi legger til rette for at barn og unge skal f\u00e5 opplevelser sammen med sine foresatte, og p\u00e5 den m\u00e5ten skape gode minner sammen.<\/p>\n\n\n\n<ul class=\"wp-block-list\">\n<li><strong>Fra 27. juni \u2013 30. juni <\/strong><\/li>\n\n\n\n<li><strong>S\u00f8knadsfrist var 23. april 2023<\/strong><\/li>\n<\/ul>\n\n\n\n<figure class=\"wp-block-embed dekode-gtm-iframe-preview is-type-video is-provider-youtube wp-block-embed-youtube wp-embed-aspect-16-9 wp-has-aspect-ratio\"><div class=\"wp-block-embed__wrapper\">\n<iframe title=\"Mountain Carts  at  Sirdal Resort\" width=\"500\" height=\"281\" data-cookieconsent=\"marketing\" data-cookieblock-src=\"https:\/\/www.youtube.com\/embed\/skx1RO5Ahug?feature=oembed\"  allow=\"accelerometer; autoplay; clipboard-write; encrypted-media; gyroscope; picture-in-picture; web-share\" referrerpolicy=\"strict-origin-when-cross-origin\" allowfullscreen sandbox=\"allow-scripts allow-same-origin allow-popups allow-presentation allow-popups-to-escape-sandbox\"><\/iframe>\n\t\t<div class=\"cookieconsent-optout-marketing dekode-gtm-cookie-consent-video-placeholder\">\n\t\t\t<div class=\"dekode-gtm-cookie-consent is-block-core-embed is-provider-youtube\">\n\t\t\t\t\n\t\t\t<img decoding=\"async\" src=\"https:\/\/i.ytimg.com\/vi\/skx1RO5Ahug\/hqdefault.jpg\" alt=\"youtube\" \/>\n\t\t\t\t<div class=\"overlay\">\n\t\t\t\t\t<div class=\"cookie-info\">\n\t\t\t\t\t\t<h2 id=\"her-ligger-det-medieinnhold-fra-en-ekstern-kilde\"  >Her ligger det medieinnhold fra en ekstern kilde. <\/h2> \n\n<p>For \u00e5 se innholdet, m\u00e5 du endre samtykket ditt.<\/p>\n\n<p>Les mer om hvordan dataen din blir behandlet av eksterne kilder i personvernerkl\u00e6ringen v\u00e5r.<\/p>\n\t\t\t\t\t\t<p>\n\t\t\t\t\t\t\t<a title=\"Endre samtykke\" class=\"dekode-gtm-cookiebot-renew\" href=\"#\">Endre samtykke<\/a>\n\t\t\t\t\t\t\t\n\t\t\t\t\t\t<\/p>\n\t\t\t\t\t<\/div>\n\t\t\t\t<\/div>\n\t\t\t<\/div>\n\t\t<\/div>\n<\/div><\/figure>\n\n\n\n\t\t<div class=\"wp-block-blakors-expanding-fact-box is-style-default wp-block-blakors-expanding-fact-box is-style-default wp-block-blakors-expanding-fact-box has-background has-blue-light-background-color\">\n\t\t\t<h3 id=\"hvem-far-vaere-med-bla-kors-ferier\"  class=\"blakors-fact-box__title\" >Hvem f\u00e5r v\u00e6re med Bl\u00e5 Kors ferier<\/h3>\n\t\t\t<div class=\"blakors-fact-box__content\">\n\t\t\t\t\n\n<p class=\"has-text-align-left has-blue-light-background-color has-background\">Alle som fyller ut s\u00f8knadsskjemaet og som er i m\u00e5lgruppen for tiltaket (dvs. har utfordringer relatert til psykisk helse, rus eller \u00f8konomi) er kvalifiserte til \u00e5 v\u00e6re med p\u00e5 ferie med Bl\u00e5 Kors ferier. Det er ikke behov for anbefaling fra Nav, barnevernstjeneste, eller lignende. Det er heller ikke krav til at barna m\u00e5 v\u00e6re i barneskolealder. Det er ikke tillatt \u00e5 ha med kj\u00e6ledyr p\u00e5 organiserte ferier med Bl\u00e5 Kors ferier.<\/p>\n\n\n\n<p>Bl\u00e5 Kors ferier opplever enorm p\u00e5gang og har ikke mulighet til \u00e5 gi et ferietilbud til alle som s\u00f8ker. Vi venter til etter s\u00f8knadsfrist med \u00e5 tildele feriene og \u00f8nsker at de som ikke tidligere har f\u00e5tt et tilbud, enten med oss, eller andre akt\u00f8rer skal f\u00e5 en mulighet f\u00f8rst. Derfor sp\u00f8r vi alltid om familien har v\u00e6rt med p\u00e5 en annen ferie, f\u00f8r vi gir mulighet til \u00e5 v\u00e6re med p\u00e5 ferie med Bl\u00e5 Kors ferier. <\/p>\n\n\n\n<p>Det er mange som opplever \u00e5 f\u00e5 gjentatte avslag p\u00e5 s\u00f8knadene sine. Dette er dessverre helt normalt, og betyr ikke at s\u00f8knaden ikke er godkjent. Det betyr kun at det ikke var plass til din familien p\u00e5 denne ferien, og vi kan ikke annet enn beklage. Vi anbefaler \u00e5 fortsette med \u00e5 s\u00f8ke, s\u00e5 vil det forh\u00e5pentligvis bli deres tur ogs\u00e5 til slutt.<\/p>\n\n\n\n<p>I henhold til Personvernregelverket oppbevarer vi ikke opplysninger om s\u00f8kere lenger enn n\u00f8dvendig.<\/p>\n\n\n\t\t\t<\/div>\n\t\t\t<div class=\"blakors-fact-box__toggle\">\n\t\t\t\t<button class=\"blakors-fact-box__button\"><svg xmlns=\"http:\/\/www.w3.org\/2000\/svg\" viewBox=\"0 0 17.367 17.367\"><path d=\"M0-8.684v-2.133H13.2L7.16-16.91l1.523-1.523L17.367-9.75,8.684-1.066,7.109-2.59,13.2-8.684Z\" transform=\"translate(0 18.434)\" \/><\/svg><\/button>\n\t\t\t<\/div>\n\t\t<\/div>\n\n\n<figure class=\"wp-block-image alignright size-thumbnail is-style-rounded\"><img loading=\"lazy\" decoding=\"async\" width=\"150\" height=\"150\" src=\"https:\/\/www.blakors.no\/content\/uploads\/sites\/10\/2023\/02\/Rommet-150x150.jpg\" alt=\"Et av rommene i Sirdal sommerpark\" class=\"wp-image-3627\" srcset=\"https:\/\/www.blakors.no\/content\/uploads\/sites\/10\/2023\/02\/Rommet-150x150.jpg 150w, https:\/\/www.blakors.no\/content\/uploads\/sites\/10\/2023\/02\/Rommet-300x300.jpg 300w, https:\/\/www.blakors.no\/content\/uploads\/sites\/10\/2023\/02\/Rommet-200x200.jpg 200w\" sizes=\"auto, (max-width: 150px) 100vw, 150px\" \/><\/figure>\n\n\n\n<h2 class=\"wp-block-heading\" id=\"h-dette-er-inkludert\">Dette er inkludert:<\/h2>\n\n\n\n<ul class=\"wp-block-list\">\n<li>Overnatting<\/li>\n\n\n\n<li>Frokost, lunsj, middag og kveldsmat<\/li>\n\n\n\n<li>Aktiviteter<\/li>\n<\/ul>\n\n\n\n<h2 class=\"wp-block-heading\" id=\"h-forsikring\">Forsikring<\/h2>\n\n\n\n<p>Alle deltakere dekkes av gruppeforsikringen til Bl\u00e5 Kors, men deltakere b\u00f8r ogs\u00e5 ha sin egen reiseforsikring.<\/p>\n\n\n\n<figure class=\"wp-block-image alignright size-thumbnail is-style-rounded\"><img loading=\"lazy\" decoding=\"async\" width=\"150\" height=\"150\" src=\"https:\/\/www.blakors.no\/content\/uploads\/sites\/10\/2023\/02\/Hoyt-og-Lavt-150x150.jpg\" alt=\"Voksen og barn klatrer sammen i H\u00f8yt og Lavt i Sirdal sommerpark\" class=\"wp-image-3621\" srcset=\"https:\/\/www.blakors.no\/content\/uploads\/sites\/10\/2023\/02\/Hoyt-og-Lavt-150x150.jpg 150w, https:\/\/www.blakors.no\/content\/uploads\/sites\/10\/2023\/02\/Hoyt-og-Lavt-300x300.jpg 300w, https:\/\/www.blakors.no\/content\/uploads\/sites\/10\/2023\/02\/Hoyt-og-Lavt-200x200.jpg 200w\" sizes=\"auto, (max-width: 150px) 100vw, 150px\" \/><\/figure>\n\n\n\n<h2 class=\"wp-block-heading\" id=\"h-pris\">Pris<\/h2>\n\n\n\n<p><strong>Ferien er gratis<\/strong>,&nbsp;men transport til og fra Sirdal dekkes selv. Reiser dere kollektivt, kan vi m\u00f8te dere og kj\u00f8re dere fra stasjonen.<br>Om familien er knyttet opp til NAV, barnevernstjenesten med flere, kan det v\u00e6re mulig \u00e5 s\u00f8ke om dekning av reisekostnader til og fra Hovden via disse.<\/p>\n\n\n\n<div style=\"text-align:center\"><\/div>\n\n\n\n\n\n<h2 class=\"wp-block-heading\" id=\"h-personvern\"><strong>Personvern<\/strong><\/h2>\n\n\n\n<p>Ved \u00e5 sende inn en s\u00f8knad til Bl\u00e5 Kors ferier, samtykker jeg i at Bl\u00e5 Kors ferier behandler mine opplysninger i tr\u00e5d med det som st\u00e5r i personvernerkl\u00e6ringen og gjeldende regelverk.<\/p>\n\n\n\n<div class=\"wp-block-buttons is-content-justification-center is-layout-flex wp-block-buttons-is-layout-flex\">\n<div class=\"wp-block-button is-style-primary\"><a class=\"wp-block-button__link\" href=\"https:\/\/www.blakors.no\/ferier\/personvernerklaering-ferier\/\">Personvernerkl\u00e6ring<\/a><\/div>\n<\/div>\n\n\n\n<p>Ved \u00e5 krysse av p\u00e5 hvilken m\u00e5lgruppe jeg definerer meg og min familie, s\u00e5 samtykker jeg i \u00e5 dele disse opplysningene med Bl\u00e5 Kors ferier. Ved \u00e5 oppgi mine allergier, samtykker jeg til at Bl\u00e5 Kors ferier behandler helseopplysninger om meg. Form\u00e5let med \u00e5 oppgi allergier, er at Bl\u00e5 Kors ferier kan legge til rette for \u00e5 servere trygge og helsebringende m\u00e5ltider og vurdere en passende ferie tilpasset mine behov. Alle personopplysninger blir behandlet trygt, og deles kun med utvalgte personer som trenger opplysningene for \u00e5 legge til rette for ferietilbudet. Informasjonen Bl\u00e5 Kors ferier samler inn, slettes n\u00e5r vi ikke lenger har bruk for de, eller n\u00e5r du trekker ditt samtykke for behandling av personopplysninger.<\/p>\n\n\n\n<div class=\"wp-block-buttons is-horizontal is-content-justification-center is-layout-flex wp-container-core-buttons-is-layout-499968f5 wp-block-buttons-is-layout-flex\">\n<div class=\"wp-block-button is-style-primary\"><a class=\"wp-block-button__link wp-element-button\" href=\"https:\/\/www.blakors.no\/ferier\/sommerferie-sirdal\">Tilbake til toppen<\/a><\/div>\n<\/div>\n","protected":false},"excerpt":{"rendered":"<p>S\u00f8knadsfristen er utg\u00e5tt (23. april 2023) Sirdal er kjent for sine vinteraktiviteter, men har ogs\u00e5 mye \u00e5 tilby p\u00e5 sommeren. I naturskj\u00f8nne omgivelser organiserer Bl\u00e5 Kors ferier aktiviteter som topptur, vannaktiviteter i Badeparken, g\u00e5turer i n\u00e6romr\u00e5det og Mountain Cart. Hver familie f\u00e5r en hyggelig studioleilighet med eget bad og et kj\u00f8kken. Leilighetene har puter og [&hellip;]<\/p>\n","protected":false},"author":36,"featured_media":3625,"parent":0,"menu_order":0,"comment_status":"closed","ping_status":"closed","template":"","meta":{"_acf_changed":false,"_relevanssi_hide_post":"","_relevanssi_hide_content":"","_relevanssi_pin_for_all":"","_relevanssi_pin_keywords":"","_relevanssi_unpin_keywords":"","_relevanssi_related_keywords":"","_relevanssi_related_include_ids":"","_relevanssi_related_exclude_ids":"","_relevanssi_related_no_append":"","_relevanssi_related_not_related":"","_relevanssi_related_posts":"1","_relevanssi_noindex_reason":"","_custom_cards_description":"","footnotes":""},"class_list":["post-3538","page","type-page","status-publish","has-post-thumbnail","hentry"],"acf":[],"_links":{"self":[{"href":"https:\/\/www.blakors.no\/ferier\/wp-json\/wp\/v2\/pages\/3538","targetHints":{"allow":["GET"]}}],"collection":[{"href":"https:\/\/www.blakors.no\/ferier\/wp-json\/wp\/v2\/pages"}],"about":[{"href":"https:\/\/www.blakors.no\/ferier\/wp-json\/wp\/v2\/types\/page"}],"author":[{"embeddable":true,"href":"https:\/\/www.blakors.no\/ferier\/wp-json\/wp\/v2\/users\/36"}],"replies":[{"embeddable":true,"href":"https:\/\/www.blakors.no\/ferier\/wp-json\/wp\/v2\/comments?post=3538"}],"version-history":[{"count":5,"href":"https:\/\/www.blakors.no\/ferier\/wp-json\/wp\/v2\/pages\/3538\/revisions"}],"predecessor-version":[{"id":3876,"href":"https:\/\/www.blakors.no\/ferier\/wp-json\/wp\/v2\/pages\/3538\/revisions\/3876"}],"wp:featuredmedia":[{"embeddable":true,"href":"https:\/\/www.blakors.no\/ferier\/wp-json\/wp\/v2\/media\/3625"}],"wp:attachment":[{"href":"https:\/\/www.blakors.no\/ferier\/wp-json\/wp\/v2\/media?parent=3538"}],"curies":[{"name":"wp","href":"https:\/\/api.w.org\/{rel}","templated":true}]}}