{"id":3638,"date":"2023-02-16T10:37:18","date_gmt":"2023-02-16T09:37:18","guid":{"rendered":"https:\/\/www.blakors.no\/ferier\/?page_id=3638"},"modified":"2025-03-25T08:27:58","modified_gmt":"2025-03-25T07:27:58","slug":"hjerterom-roligheden-camping","status":"publish","type":"page","link":"https:\/\/www.blakors.no\/ferier\/hjerterom-roligheden-camping\/","title":{"rendered":"Hjerterom &#8211; Roligheden Camping"},"content":{"rendered":"<div class=\"custom-block-banner alignwide contenthalf\"><div class=\"banner-image\" style=\"background-image:url(https:\/\/www.blakors.no\/content\/uploads\/sites\/10\/2023\/02\/konglehytta.jpg)\"><\/div><div class=\"banner-inner\"><div><h1 id=\"hjerterom-roligheden-camping\"  class=\"title small \" >Hjerterom &#8211; Roligheden Camping<\/h1><p>Ta med familien p\u00e5 rolige dager i en Konglehytte, eller en Podhytte p\u00e5 Roligheden Camping i Kristiansand. Aktuelle perioder er i mai og juni f\u00f8r skoleferien, og i august etter skoleferien. S\u00f8knadsfrist er utg\u00e5tt.<\/p><\/div><\/div><\/div>\n\n\n<p>Bl\u00e5 Kors ferier har v\u00e6rt s\u00e5 heldige \u00e5 f\u00e5 muligheten til \u00e5 gi bort overnattinger i koselige Konglehytter, eller enkle Podhytter p\u00e5 <a href=\"https:\/\/www.dyreparken.no\/roligheden-camping-sorlandet\/\" target=\"_blank\" rel=\"noreferrer noopener\">Roligheden Camping<\/a> i Kristiansand denne for- og ettersommeren.<\/p>\n\n\n\n<figure class=\"wp-block-image alignright size-thumbnail is-style-rounded\"><img loading=\"lazy\" decoding=\"async\" width=\"150\" height=\"150\" src=\"https:\/\/www.blakors.no\/content\/uploads\/sites\/10\/2023\/02\/Roligheden_Lekeplass-150x150.jpg\" alt=\"Barn leker p\u00e5 lekeplass p\u00e5 Roligheden camping\" class=\"wp-image-3647\" srcset=\"https:\/\/www.blakors.no\/content\/uploads\/sites\/10\/2023\/02\/Roligheden_Lekeplass-150x150.jpg 150w, https:\/\/www.blakors.no\/content\/uploads\/sites\/10\/2023\/02\/Roligheden_Lekeplass-300x300.jpg 300w, https:\/\/www.blakors.no\/content\/uploads\/sites\/10\/2023\/02\/Roligheden_Lekeplass-200x200.jpg 200w\" sizes=\"auto, (max-width: 150px) 100vw, 150px\" \/><\/figure>\n\n\n\n<p>Aktuelle perioder:<br>Forsommer: mai og juni f\u00f8r skoleferien<br>Ettersommer: august etter skoleferien<\/p>\n\n\n\n<p>Bruk s\u00f8knadskjema lenger ned p\u00e5 siden for \u00e5 s\u00f8ke p\u00e5 muligheten med Bl\u00e5 Kors ferier. I s\u00f8knadsskjema f\u00e5r du mulighet til \u00e5 velge hvilke tidspunkt som er aktuelle for deg og din familie (du kan velge valgfrie dager innenfor de to aktuelle periodene).<\/p>\n\n\n\n<p><strong>S\u00f8knadsfristen er utg\u00e5tt.<\/strong><\/p>\n\n\n\n<p>Adresse til Roligheden Camping i Kristiansand: Framnesveien 10, 4632 Kristiansand<\/p>\n\n\n\n<figure class=\"wp-block-image alignright size-thumbnail is-style-rounded\"><img loading=\"lazy\" decoding=\"async\" width=\"150\" height=\"150\" src=\"https:\/\/www.blakors.no\/content\/uploads\/sites\/10\/2023\/02\/konglehytta-150x150.jpg\" alt=\"Konglehytta p\u00e5 Roligheden camping\" class=\"wp-image-3642\" srcset=\"https:\/\/www.blakors.no\/content\/uploads\/sites\/10\/2023\/02\/konglehytta-150x150.jpg 150w, https:\/\/www.blakors.no\/content\/uploads\/sites\/10\/2023\/02\/konglehytta-300x300.jpg 300w, https:\/\/www.blakors.no\/content\/uploads\/sites\/10\/2023\/02\/konglehytta-200x200.jpg 200w\" sizes=\"auto, (max-width: 150px) 100vw, 150px\" \/><\/figure>\n\n\n\n<p>Roligheden Camping er en campingplass med fabelaktig beliggenhet i strandkanten. Her er det lekeplasser, badeplasser, store gressplener, sandstrand og svaberg.<\/p>\n\n\n\n<p>Kristiansand sentrum ligger bare 2 km unna, s\u00e5 dit kan en g\u00e5 p\u00e5 en halv time.<\/p>\n\n\n\n<p>Konglehyttene har 4 senger, to dobbeltsenger i hver sin ende av hytta. Den ene sengen kan omgj\u00f8res til sofaer og bord p\u00e5 dagtid. I konglehyttene er det ikke eget bad, men man bruker fellesanlegget i campingen hvor det er dusj- og toalettfasiliteter. <a href=\"https:\/\/www.dyreparken.no\/roligheden-camping-sorlandet\/konglehytter-pa-roligheden-camping\/\" target=\"_blank\" rel=\"noreferrer noopener\">Les mer om Konglehyttene her.<\/a><\/p>\n\n\n\n<figure class=\"wp-block-image alignright size-thumbnail is-style-rounded\"><img loading=\"lazy\" decoding=\"async\" width=\"150\" height=\"150\" src=\"https:\/\/www.blakors.no\/content\/uploads\/sites\/10\/2023\/02\/podhytta-150x150.jpg\" alt=\"To podhytter p\u00e5 Roligheden camping\" class=\"wp-image-3648\" srcset=\"https:\/\/www.blakors.no\/content\/uploads\/sites\/10\/2023\/02\/podhytta-150x150.jpg 150w, https:\/\/www.blakors.no\/content\/uploads\/sites\/10\/2023\/02\/podhytta-300x300.jpg 300w, https:\/\/www.blakors.no\/content\/uploads\/sites\/10\/2023\/02\/podhytta-200x200.jpg 200w\" sizes=\"auto, (max-width: 150px) 100vw, 150px\" \/><\/figure>\n\n\n\n<p>Podhyttene har dobbel k\u00f8yeseng med madrass-st\u00f8rrelse 120 cm. Det er ikke eget bad i podhyttene, men man benytter fellesanlegget p\u00e5 campingen hvor det er dusj og toalettfasiliteter. <a href=\"https:\/\/www.dyreparken.no\/roligheden-camping-sorlandet\/podhytter\/\" target=\"_blank\" rel=\"noreferrer noopener\">Les mer om Podhyttene her.<\/a><\/p>\n\n\n\n<p>M\u00e5ltider er ikke inkludert og familien m\u00e5 ordne dette selv. Man kan bruke campingens felleskj\u00f8kken til dette.<\/p>\n\n\n\n\t\t<div class=\"wp-block-blakors-expanding-fact-box is-style-default wp-block-blakors-expanding-fact-box is-style-default wp-block-blakors-expanding-fact-box has-background has-blue-light-background-color\">\n\t\t\t<h3 id=\"hvem-far-vaere-med-bla-kors-ferier\"  class=\"blakors-fact-box__title\" >Hvem f\u00e5r v\u00e6re med Bl\u00e5 Kors ferier<\/h3>\n\t\t\t<div class=\"blakors-fact-box__content\">\n\t\t\t\t\n\n<p class=\"has-text-align-left has-blue-light-background-color has-background\">Alle som fyller ut s\u00f8knadsskjemaet og som er i m\u00e5lgruppen for tiltaket (dvs. har utfordringer relatert til psykisk helse, rus eller \u00f8konomi) er kvalifiserte til \u00e5 v\u00e6re med p\u00e5 ferie med Bl\u00e5 Kors ferier. Det er ikke behov for anbefaling fra Nav, barnevernstjeneste, eller lignende. Det er heller ikke krav til at barna m\u00e5 v\u00e6re i barneskolealder. Det er ikke tillatt \u00e5 ha med kj\u00e6ledyr p\u00e5 organiserte ferier med Bl\u00e5 Kors ferier.<\/p>\n\n\n\n<p>Bl\u00e5 Kors ferier opplever enorm p\u00e5gang og har ikke mulighet til \u00e5 gi et ferietilbud til alle som s\u00f8ker. Vi venter til etter s\u00f8knadsfrist med \u00e5 tildele feriene og \u00f8nsker at de som ikke tidligere har f\u00e5tt et tilbud, enten med oss, eller andre akt\u00f8rer skal f\u00e5 en mulighet f\u00f8rst. Derfor sp\u00f8r vi alltid om familien har v\u00e6rt med p\u00e5 en annen ferie, f\u00f8r vi gir mulighet til \u00e5 v\u00e6re med p\u00e5 ferie med Bl\u00e5 Kors ferier. <\/p>\n\n\n\n<p>Det er mange som opplever \u00e5 f\u00e5 gjentatte avslag p\u00e5 s\u00f8knadene sine. Dette er dessverre helt normalt, og betyr ikke at s\u00f8knaden ikke er godkjent. Det betyr kun at det ikke var plass til din familien p\u00e5 denne ferien, og vi kan ikke annet enn beklage. Vi anbefaler \u00e5 fortsette med \u00e5 s\u00f8ke, s\u00e5 vil det forh\u00e5pentligvis bli deres tur ogs\u00e5 til slutt.<\/p>\n\n\n\n<p>I henhold til Personvernregelverket oppbevarer vi ikke opplysninger om s\u00f8kere lenger enn n\u00f8dvendig.<\/p>\n\n\n\t\t\t<\/div>\n\t\t\t<div class=\"blakors-fact-box__toggle\">\n\t\t\t\t<button class=\"blakors-fact-box__button\"><svg xmlns=\"http:\/\/www.w3.org\/2000\/svg\" viewBox=\"0 0 17.367 17.367\"><path d=\"M0-8.684v-2.133H13.2L7.16-16.91l1.523-1.523L17.367-9.75,8.684-1.066,7.109-2.59,13.2-8.684Z\" transform=\"translate(0 18.434)\" \/><\/svg><\/button>\n\t\t\t<\/div>\n\t\t<\/div>\n\n\n<h2 class=\"wp-block-heading\" id=\"h-inkludert\"><strong>Inkludert:<\/strong><\/h2>\n\n\n\n<ul class=\"wp-block-list\">\n<li>Overnatting i Konglehytte, eller Podhytte p\u00e5 Roligheden Camping<\/li>\n\n\n\n<li>Bruk av fellesanlegg p\u00e5 Roligheden Camping (Kostnad ved bruk av dusj og vaskemaskin)<\/li>\n<\/ul>\n\n\n\n<p>Transport, m\u00e5ltider og andre utgifter er familien selv ansvarlige for.<\/p>\n\n\n\n<h2 class=\"wp-block-heading\" id=\"h-forsikring\">Forsikring<\/h2>\n\n\n\n<p>Deltakere m\u00e5 ha egen reiseforsikring.<\/p>\n\n\n\n<h2 class=\"wp-block-heading\" id=\"h-annet\">Annet<\/h2>\n\n\n\n<p>For mer informasjon eller ytterligere sp\u00f8rsm\u00e5l, ta kontakt med Hjerterom-koordinator i Bl\u00e5 Kors ferier, Synn\u00f8ve Roland, p\u00e5 e-post: <a href=\"mailto:synnove.roland@blakors.no\" target=\"_blank\" rel=\"noreferrer noopener\">synnove.roland@blakors.no<\/a>.<br>Du kan ogs\u00e5 ringe Bl\u00e5 Kors ferier p\u00e5 960 00 167.<\/p>\n\n\n\n<p>Vi har samlet noen vanlige sp\u00f8rsm\u00e5l og svar p\u00e5 <a href=\"https:\/\/www.blakors.no\/ferier\/sporsmal-og-svar\/\" target=\"_blank\" data-type=\"page\" data-id=\"4431\" rel=\"noreferrer noopener\">denne siden<\/a>!<\/p>\n\n\n\n<div style=\"text-align:center\"><iframe src=\"https:\/\/www.google.com\/maps\/embed?pb=!1m18!1m12!1m3!1d318659.60732194275!2d7.455234947938223!3d58.35232740413629!2m3!1f0!2f0!3f0!3m2!1i1024!2i768!4f13.1!3m3!1m2!1s0x4638023eace759e3%3A0x60a1960dedac94c!2sRoligheden%20Camping!5e0!3m2!1sen!2sno!4v1709550327959!5m2!1sen!2sno\" width=\"600\" height=\"450\" style=\"border:0;\" allowfullscreen=\"\" loading=\"lazy\" referrerpolicy=\"no-referrer-when-downgrade\"><\/iframe><\/div>\n\n\n\n<h2 class=\"wp-block-heading\" id=\"h-personvern\"><strong>Personvern<\/strong><\/h2>\n\n\n\n<p>Ved \u00e5 sende inn en s\u00f8knad til Bl\u00e5 Kors ferier, samtykker jeg i at Bl\u00e5 Kors ferier behandler mine opplysninger i tr\u00e5d med det som st\u00e5r i personvernerkl\u00e6ringen og gjeldende regelverk.<\/p>\n\n\n\n<div class=\"wp-block-buttons is-content-justification-center is-layout-flex wp-block-buttons-is-layout-flex\">\n<div class=\"wp-block-button is-style-primary\"><a class=\"wp-block-button__link\" href=\"https:\/\/www.blakors.no\/ferier\/personvernerklaering-ferier\/\">Personvernerkl\u00e6ring<\/a><\/div>\n<\/div>\n\n\n\n<p class=\"has-text-align-center\"><\/p>\n\n\n\n<p>Ved \u00e5 krysse av p\u00e5 hvilken m\u00e5lgruppe jeg definerer meg og min familie, s\u00e5 samtykker jeg i \u00e5 dele disse opplysningene med Bl\u00e5 Kors ferier. Ved \u00e5 oppgi mine allergier, samtykker jeg til at Bl\u00e5 Kors ferier behandler helseopplysninger om meg. Form\u00e5let med \u00e5 oppgi allergier, er at Bl\u00e5 Kors ferier kan legge til rette for \u00e5 servere trygge og helsebringende m\u00e5ltider og vurdere en passende ferie tilpasset mine behov. Alle personopplysninger blir behandlet trygt, og deles kun med utvalgte personer som trenger opplysningene for \u00e5 legge til rette for ferietilbudet. Informasjonen Bl\u00e5 Kors ferier samler inn, slettes n\u00e5r vi ikke lenger har bruk for de, eller n\u00e5r du trekker ditt samtykke for behandling av personopplysninger.<\/p>\n\n\n\n<div class=\"wp-block-buttons is-horizontal is-content-justification-center is-layout-flex wp-container-core-buttons-is-layout-499968f5 wp-block-buttons-is-layout-flex\">\n<div class=\"wp-block-button is-style-primary\"><a class=\"wp-block-button__link wp-element-button\" href=\"https:\/\/www.blakors.no\/ferier\/hjerterom-roligheden-camping\">Tilbake til toppen<\/a><\/div>\n<\/div>\n","protected":false},"excerpt":{"rendered":"<p>Bl\u00e5 Kors ferier har v\u00e6rt s\u00e5 heldige \u00e5 f\u00e5 muligheten til \u00e5 gi bort overnattinger i koselige Konglehytter, eller enkle Podhytter p\u00e5 Roligheden Camping i Kristiansand denne for- og ettersommeren. Aktuelle perioder:Forsommer: mai og juni f\u00f8r skoleferienEttersommer: august etter skoleferien Bruk s\u00f8knadskjema lenger ned p\u00e5 siden for \u00e5 s\u00f8ke p\u00e5 muligheten med Bl\u00e5 Kors ferier. [&hellip;]<\/p>\n","protected":false},"author":36,"featured_media":3642,"parent":0,"menu_order":0,"comment_status":"closed","ping_status":"closed","template":"","meta":{"_acf_changed":false,"_relevanssi_hide_post":"","_relevanssi_hide_content":"","_relevanssi_pin_for_all":"","_relevanssi_pin_keywords":"","_relevanssi_unpin_keywords":"","_relevanssi_related_keywords":"","_relevanssi_related_include_ids":"","_relevanssi_related_exclude_ids":"","_relevanssi_related_no_append":"","_relevanssi_related_not_related":"","_relevanssi_related_posts":"1","_relevanssi_noindex_reason":"","_custom_cards_description":"Selvstendig ferie med egen familie (utenfor h\u00f8ysesong). S\u00f8knadsfrist 23. mars.","footnotes":""},"class_list":["post-3638","page","type-page","status-publish","has-post-thumbnail","hentry"],"acf":[],"_links":{"self":[{"href":"https:\/\/www.blakors.no\/ferier\/wp-json\/wp\/v2\/pages\/3638","targetHints":{"allow":["GET"]}}],"collection":[{"href":"https:\/\/www.blakors.no\/ferier\/wp-json\/wp\/v2\/pages"}],"about":[{"href":"https:\/\/www.blakors.no\/ferier\/wp-json\/wp\/v2\/types\/page"}],"author":[{"embeddable":true,"href":"https:\/\/www.blakors.no\/ferier\/wp-json\/wp\/v2\/users\/36"}],"replies":[{"embeddable":true,"href":"https:\/\/www.blakors.no\/ferier\/wp-json\/wp\/v2\/comments?post=3638"}],"version-history":[{"count":5,"href":"https:\/\/www.blakors.no\/ferier\/wp-json\/wp\/v2\/pages\/3638\/revisions"}],"predecessor-version":[{"id":4989,"href":"https:\/\/www.blakors.no\/ferier\/wp-json\/wp\/v2\/pages\/3638\/revisions\/4989"}],"wp:featuredmedia":[{"embeddable":true,"href":"https:\/\/www.blakors.no\/ferier\/wp-json\/wp\/v2\/media\/3642"}],"wp:attachment":[{"href":"https:\/\/www.blakors.no\/ferier\/wp-json\/wp\/v2\/media?parent=3638"}],"curies":[{"name":"wp","href":"https:\/\/api.w.org\/{rel}","templated":true}]}}