{"id":3940,"date":"2023-06-20T10:30:15","date_gmt":"2023-06-20T08:30:15","guid":{"rendered":"https:\/\/www.blakors.no\/ferier\/?page_id=3940"},"modified":"2025-08-25T12:11:01","modified_gmt":"2025-08-25T10:11:01","slug":"familiehelg-pa-hamre","status":"publish","type":"page","link":"https:\/\/www.blakors.no\/ferier\/familiehelg-pa-hamre\/","title":{"rendered":"H\u00f8stferie p\u00e5 Hamre Familiecamping"},"content":{"rendered":"<div class=\"custom-block-banner alignwide contenthalf\"><div class=\"banner-image\" style=\"background-image:url(https:\/\/www.blakors.no\/content\/uploads\/sites\/10\/2020\/08\/hamre.jpg)\"><\/div><div class=\"banner-inner\"><div><h1 id=\"hostferie-pa-hamre-familiecamping\"  class=\"title small \" >H\u00f8stferie p\u00e5 Hamre Familiecamping<\/h1><p>Fredag 26. &#8211; s\u00f8ndag 28. september og fredag 3. &#8211; s\u00f8ndag 5. oktober arrangerer Bl\u00e5 Kors ferier familieweekend p\u00e5 Hamre Familiecamping. S\u00f8knadsfrist er 24. august. <\/p><\/div><\/div><\/div>\n\n\n<h2 class=\"wp-block-heading\" id=\"h-familiehelg-pa-hamre-familiecamping\">H\u00f8stferie p\u00e5 Hamre Familiecamping<\/h2>\n\n\n\n<p>Bl\u00e5 Kors ferier inviterer til en hyggelig h\u00f8stferie-weekend p\u00e5 flotte <a href=\"https:\/\/campingplassen.no\/\" target=\"_blank\" rel=\"noreferrer noopener\">Hamre Familiecamping<\/a> med gode opplevelser p\u00e5 campingen og tur til <a href=\"https:\/\/www.aquarama.no\/\" target=\"_blank\" rel=\"noreferrer noopener\">Aquarama <\/a>p\u00e5 l\u00f8rdagen.<\/p>\n\n\n\n<p>Hamre familiecamping ligger like ved Kristiansand, p\u00e5 nydelige S\u00f8rlandet. Her er det fine muligheter til \u00e5 g\u00e5 p\u00e5 tur langs stranden, leke p\u00e5 campingen og tilbringe tid med familien. I tillegg vil det bli spill, lek og bingo innend\u00f8rs.<\/p>\n\n\n\n<p>Vi bor p\u00e5 Hamre Familiecamping, og hver familie f\u00e5r egen leilighet med kj\u00f8kken og bad.&nbsp;Senget\u00f8y er ikke inkludert s\u00e5 hver familie m\u00e5 ta med eget senget\u00f8y og h\u00e5ndkl\u00e6r.&nbsp;I de tilfellene hvor det er sm\u00e5 barn i familien kan vi ordne reiseseng til dere.&nbsp;&nbsp;<\/p>\n\n\n\n<p>Det blir felles frokost og middag i restauranten p\u00e5 Hamre Familiecamping.&nbsp;P\u00e5 l\u00f8rdag spiser vi lunsj i Aquarama.<\/p>\n\n\n\n<p>P\u00e5 familieweekenden kommer vi til \u00e5 v\u00e6re mye ute, s\u00e5 det er viktig at dere pakker med varmt og godt t\u00f8y til b\u00e5de store og sm\u00e5.&nbsp;Det kan v\u00e6re litt kaldt p\u00e5 denne tiden langs sj\u00f8en.<\/p>\n\n\n\n<h2 class=\"wp-block-heading\" id=\"h-organisert-ferie\">Organisert ferie<\/h2>\n\n\n\n<p><strong>Denne&nbsp;familiehelgen p\u00e5 Hamre er en organisert ferie, hvor flere familier reiser sammen. Vi blir totalt ca.&nbsp;40 personer og vi legger opp til felles aktivitet og felles m\u00e5ltider.<\/strong>&nbsp;&nbsp;<\/p>\n\n\n\n<p>Dette er en familiehelg for dere som \u00f8nsker sosialt samv\u00e6r og hygge med andre. Men helgen gir ogs\u00e5 mulighet for \u00e5 gj\u00f8re ting sammen som familie. Helgen inkluderer opphold og alle m\u00e5ltider samt turen til Aquarama. Transport til og fra ferien dekkes ikke og m\u00e5 ordnes selv.<\/p>\n\n\n\n<p>Med p\u00e5 ferien vil det v\u00e6re ferieledere&nbsp;og&nbsp;Tidgivere&nbsp;som ordner praktiske gj\u00f8rem\u00e5l, og som er tilgjengelige for gjestene v\u00e5re. Alle foreldre har ansvar for sine egne barn.&nbsp;<strong>Ved bes\u00f8k til Aquarama m\u00e5 det alltid v\u00e6re en forelder til stede n\u00e5r barna bader.<\/strong><\/p>\n\n\n\n<p>Ferien gir muligheter for ro og avslapning, g\u00f8yale aktiviteter p\u00e5 dagtid, og gjerne hyggelig sosialt samv\u00e6r p\u00e5 kveldstid. Vi legger til rette for at barn og unge skal f\u00e5 opplevelser sammen med sine foresatte, og p\u00e5 den m\u00e5ten skape gode minner sammen.<\/p>\n\n\n\n<p>Velkommen!<\/p>\n\n\n\n<p><strong>S\u00f8knadsfrist er utg\u00e5tt (24. august).<\/strong><\/p>\n\n\n\n\t\t<div class=\"wp-block-blakors-expanding-fact-box is-style-default wp-block-blakors-expanding-fact-box is-style-default wp-block-blakors-expanding-fact-box has-background has-blue-light-background-color\">\n\t\t\t<h3 id=\"hvem-far-vaere-med-bla-kors-ferier\"  class=\"blakors-fact-box__title\" >Hvem f\u00e5r v\u00e6re med Bl\u00e5 Kors ferier<\/h3>\n\t\t\t<div class=\"blakors-fact-box__content\">\n\t\t\t\t\n\n<p class=\"has-text-align-left has-blue-light-background-color has-background\">Alle som fyller ut s\u00f8knadsskjemaet og som er i m\u00e5lgruppen for tiltaket (dvs. har utfordringer relatert til psykisk helse, rus eller \u00f8konomi) er kvalifiserte til \u00e5 v\u00e6re med p\u00e5 ferie med Bl\u00e5 Kors ferier. Det er ikke behov for anbefaling fra Nav, barnevernstjeneste, eller lignende. Det er heller ikke krav til at barna m\u00e5 v\u00e6re i barneskolealder. Det er ikke tillatt \u00e5 ha med kj\u00e6ledyr p\u00e5 organiserte ferier med Bl\u00e5 Kors ferier.<\/p>\n\n\n\n<p>Bl\u00e5 Kors ferier opplever enorm p\u00e5gang og har ikke mulighet til \u00e5 gi et ferietilbud til alle som s\u00f8ker. Vi venter til etter s\u00f8knadsfrist med \u00e5 tildele feriene og \u00f8nsker at de som ikke tidligere har f\u00e5tt et tilbud, enten med oss, eller andre akt\u00f8rer skal f\u00e5 en mulighet f\u00f8rst. Derfor sp\u00f8r vi alltid om familien har v\u00e6rt med p\u00e5 en annen ferie, f\u00f8r vi gir mulighet til \u00e5 v\u00e6re med p\u00e5 ferie med Bl\u00e5 Kors ferier. <\/p>\n\n\n\n<p>Det er mange som opplever \u00e5 f\u00e5 gjentatte avslag p\u00e5 s\u00f8knadene sine. Dette er dessverre helt normalt, og betyr ikke at s\u00f8knaden ikke er godkjent. Det betyr kun at det ikke var plass til din familien p\u00e5 denne ferien, og vi kan ikke annet enn beklage. Vi anbefaler \u00e5 fortsette med \u00e5 s\u00f8ke, s\u00e5 vil det forh\u00e5pentligvis bli deres tur ogs\u00e5 til slutt.<\/p>\n\n\n\n<p>I henhold til Personvernregelverket oppbevarer vi ikke opplysninger om s\u00f8kere lenger enn n\u00f8dvendig.<\/p>\n\n\n\t\t\t<\/div>\n\t\t\t<div class=\"blakors-fact-box__toggle\">\n\t\t\t\t<button class=\"blakors-fact-box__button\"><svg xmlns=\"http:\/\/www.w3.org\/2000\/svg\" viewBox=\"0 0 17.367 17.367\"><path d=\"M0-8.684v-2.133H13.2L7.16-16.91l1.523-1.523L17.367-9.75,8.684-1.066,7.109-2.59,13.2-8.684Z\" transform=\"translate(0 18.434)\" \/><\/svg><\/button>\n\t\t\t<\/div>\n\t\t<\/div>\n\n\n<h2 class=\"wp-block-heading\" id=\"h-inkludert\">Inkludert:<\/h2>\n\n\n\n<ul class=\"wp-block-list\">\n<li>Overnatting <\/li>\n\n\n\n<li>Alle m\u00e5ltider<\/li>\n\n\n\n<li>Aktiviteter<\/li>\n\n\n\n<li>Inngang til Aquarama l\u00f8rdag<\/li>\n<\/ul>\n\n\n\n<h2 class=\"wp-block-heading\" id=\"h-forsikring\">Forsikring<\/h2>\n\n\n\n<p>Alle deltakere dekkes av Bl\u00e5 Kors egen gruppeforsikring. Deltakere b\u00f8r ogs\u00e5 ha sin egen reiseforsikring.<\/p>\n\n\n\n<h2 class=\"wp-block-heading\" id=\"h-pris\">Pris<\/h2>\n\n\n\n<p><strong>Ferien er gratis<\/strong>,&nbsp;men transport til og fra Hamre Familiecamping dekkes selv. For gjester som kommer med buss\/ tog, ordnes det med transport fra n\u00e6rmeste tog\/busstopp til Hamre. <\/p>\n\n\n\n<p>Om familien er knyttet opp til NAV, barnevernstjenesten med flere, anbefaler vi \u00e5 sjekke om det kan v\u00e6re mulig \u00e5 s\u00f8ke om dekning av reisekostnader til og fra Hamre Familiecamping via disse.<\/p>\n\n\n\n<div style=\"text-align:center;\"><iframe src=\"https:\/\/www.google.com\/maps\/embed?pb=!1m14!1m8!1m3!1d532575.8322094607!2d7.018434828711422!3d58.57239429205397!3m2!1i1024!2i768!4f13.1!3m3!1m2!1s0x4638015b982a8545%3A0xed0a291e5ce12a56!2sHamre%20Family%20Camping!5e0!3m2!1sen!2sno!4v1687347406251!5m2!1sen!2sno\" width=\"600\" height=\"450\" style=\"border:0;\" allowfullscreen=\"\" loading=\"lazy\" referrerpolicy=\"no-referrer-when-downgrade\"><\/iframe><\/div>\n\n\n\n\n\n<h2 class=\"wp-block-heading\" id=\"h-personvern\"><strong>Personvern<\/strong><\/h2>\n\n\n\n<p>Ved \u00e5 sende inn en s\u00f8knad til Bl\u00e5 Kors ferier, samtykker jeg i at Bl\u00e5 Kors ferier behandler mine opplysninger i tr\u00e5d med det som st\u00e5r i personvernerkl\u00e6ringen og gjeldende regelverk.<\/p>\n\n\n\n<div class=\"wp-block-buttons is-content-justification-center is-layout-flex wp-block-buttons-is-layout-flex\">\n<div class=\"wp-block-button is-style-primary\"><a class=\"wp-block-button__link\" href=\"https:\/\/www.blakors.no\/ferier\/personvernerklaering-ferier\/\">Personvernerkl\u00e6ring<\/a><\/div>\n<\/div>\n\n\n\n<p class=\"has-text-align-center\"><\/p>\n\n\n\n<p>Ved \u00e5 krysse av p\u00e5 hvilken m\u00e5lgruppe jeg definerer meg og min familie, s\u00e5 samtykker jeg i \u00e5 dele disse opplysningene med Bl\u00e5 Kors ferier. Ved \u00e5 oppgi mine allergier, samtykker jeg til at Bl\u00e5 Kors ferier behandler helseopplysninger om meg. Form\u00e5let med \u00e5 oppgi allergier, er at Bl\u00e5 Kors ferier kan legge til rette for \u00e5 servere trygge og helsebringende m\u00e5ltider og vurdere en passende ferie tilpasset mine behov. Alle personopplysninger blir behandlet trygt, og deles kun med utvalgte personer som trenger opplysningene for \u00e5 legge til rette for ferietilbudet. Informasjonen Bl\u00e5 Kors ferier samler inn, slettes n\u00e5r vi ikke lenger har bruk for de, eller n\u00e5r du trekker ditt samtykke for behandling av personopplysninger.<\/p>\n\n\n\n<div class=\"wp-block-buttons is-horizontal is-content-justification-center is-layout-flex wp-container-core-buttons-is-layout-499968f5 wp-block-buttons-is-layout-flex\">\n<div class=\"wp-block-button is-style-primary\"><a class=\"wp-block-button__link wp-element-button\" href=\"https:\/\/www.blakors.no\/ferier\/familiehelg-pa-hamre\">Tilbake til toppen<\/a><\/div>\n<\/div>\n\n\n\n<div class=\"wp-block-group is-layout-constrained wp-block-group-is-layout-constrained\"><\/div>\n","protected":false},"excerpt":{"rendered":"<p>H\u00f8stferie p\u00e5 Hamre Familiecamping Bl\u00e5 Kors ferier inviterer til en hyggelig h\u00f8stferie-weekend p\u00e5 flotte Hamre Familiecamping med gode opplevelser p\u00e5 campingen og tur til Aquarama p\u00e5 l\u00f8rdagen. Hamre familiecamping ligger like ved Kristiansand, p\u00e5 nydelige S\u00f8rlandet. Her er det fine muligheter til \u00e5 g\u00e5 p\u00e5 tur langs stranden, leke p\u00e5 campingen og tilbringe tid med [&hellip;]<\/p>\n","protected":false},"author":36,"featured_media":584,"parent":0,"menu_order":0,"comment_status":"closed","ping_status":"closed","template":"","meta":{"_acf_changed":false,"_relevanssi_hide_post":"","_relevanssi_hide_content":"","_relevanssi_pin_for_all":"","_relevanssi_pin_keywords":"","_relevanssi_unpin_keywords":"","_relevanssi_related_keywords":"","_relevanssi_related_include_ids":"","_relevanssi_related_exclude_ids":"","_relevanssi_related_no_append":"","_relevanssi_related_not_related":"","_relevanssi_related_posts":"1","_relevanssi_noindex_reason":"","_custom_cards_description":"Organisert ferie med andre familier 26.-28. september og 3.-5. oktober. S\u00f8knadsfrist 24. august.","footnotes":""},"class_list":["post-3940","page","type-page","status-publish","has-post-thumbnail","hentry"],"acf":[],"_links":{"self":[{"href":"https:\/\/www.blakors.no\/ferier\/wp-json\/wp\/v2\/pages\/3940","targetHints":{"allow":["GET"]}}],"collection":[{"href":"https:\/\/www.blakors.no\/ferier\/wp-json\/wp\/v2\/pages"}],"about":[{"href":"https:\/\/www.blakors.no\/ferier\/wp-json\/wp\/v2\/types\/page"}],"author":[{"embeddable":true,"href":"https:\/\/www.blakors.no\/ferier\/wp-json\/wp\/v2\/users\/36"}],"replies":[{"embeddable":true,"href":"https:\/\/www.blakors.no\/ferier\/wp-json\/wp\/v2\/comments?post=3940"}],"version-history":[{"count":5,"href":"https:\/\/www.blakors.no\/ferier\/wp-json\/wp\/v2\/pages\/3940\/revisions"}],"predecessor-version":[{"id":5315,"href":"https:\/\/www.blakors.no\/ferier\/wp-json\/wp\/v2\/pages\/3940\/revisions\/5315"}],"wp:featuredmedia":[{"embeddable":true,"href":"https:\/\/www.blakors.no\/ferier\/wp-json\/wp\/v2\/media\/584"}],"wp:attachment":[{"href":"https:\/\/www.blakors.no\/ferier\/wp-json\/wp\/v2\/media?parent=3940"}],"curies":[{"name":"wp","href":"https:\/\/api.w.org\/{rel}","templated":true}]}}