{"id":3986,"date":"2023-09-15T08:35:35","date_gmt":"2023-09-15T06:35:35","guid":{"rendered":"https:\/\/www.blakors.no\/ferier\/?page_id=3986"},"modified":"2023-11-20T11:35:32","modified_gmt":"2023-11-20T10:35:32","slug":"forjulshelg-i-abra-havn","status":"publish","type":"page","link":"https:\/\/www.blakors.no\/ferier\/forjulshelg-i-abra-havn\/","title":{"rendered":"F\u00f8rjulshelg i Abra Havn"},"content":{"rendered":"<div class=\"custom-block-banner alignwide contenthalf\"><div class=\"banner-image\" style=\"background-image:url(https:\/\/www.blakors.no\/content\/uploads\/sites\/10\/2020\/12\/H\u00f8st-i-Abra-Havn-1024x768.jpg)\"><\/div><div class=\"banner-inner\"><div><h1 id=\"forjulshelg-i-abra-havn\"  class=\"title large \" >F\u00f8rjulshelg i Abra Havn<\/h1><p>Hiv og hoi! Fra l\u00f8rdag 9. desember til s\u00f8ndag 10. desember blir det f\u00f8rjulshelg i Abra Havn.\r\n\r\n<\/p><\/div><\/div><\/div>\n\n\n<p><strong>S\u00f8knadsfristen for denne f\u00f8rjulshelgen gikk ut 12. november, 2023.<\/strong><\/p>\n\n\n\n<p><strong>Like ved Kristiansand Dyrepark ligger det unike sj\u00f8r\u00f8verhotellet, Abra Havn. <\/strong>Bl\u00e5 Kors ferier inviterer denne f\u00f8rjulshelgen barnefamilier i m\u00e5lgruppen med p\u00e5 \u00e5 bo i Sj\u00f8r\u00f8verlandsbyen. Vi vil tilbringe helgen p\u00e5 denne flotte plassen, samt bes\u00f8ke Dyreparken som ligger en kort spasertur unna<strong>.<\/strong><\/p>\n\n\n\n<p><strong>Gjestene innkvarteres i sjarmerende \u00absj\u00f8r\u00f8verk\u00e5ker\u00bb<\/strong> (leiligheter i ulike st\u00f8rrelser tilpasset familiene). Alle boenheter har eget bad med dusj og WC. Senget\u00f8y og h\u00e5ndkl\u00e6r til alle i familien er i leiligheten. <strong>Alle m\u00e5ltider er inkludert i denne f\u00f8rjulshelgen. <\/strong><\/p>\n\n\n\n<h2 id=\"organisert-ferie\"  class=\"wp-block-heading\" >Organisert ferie<\/h2>\n\n\n\n<p><strong>Denne f\u00f8rjulshelgen i Abra Havn er en organisert ferie, hvor familier kommer fra ulike steder for \u00e5 v\u00e6re sammen. En organisert ferie med Bl\u00e5 Kors er en mulighet til \u00e5 reise p\u00e5 en trygg og spennende ferie, planlagt av dyktige ferieledere som ordner praktiske gj\u00f8rem\u00e5l og er tilgjengelige for gjestene v\u00e5re.<\/strong><\/p>\n\n\n\n<p>Til sammen er vi<strong> en gruppe p\u00e5 ca. 50 personer.<\/strong> I tillegg til ferieledere, har vi med oss Tidgivere (frivillige) som er med \u00e5 bidrar til at alle skal ha det fint p\u00e5 denne f\u00f8rjulshelgen. Denne <strong>feriehelgen gir dere i stor grad mulighet for \u00e5 legge opp dagen slik dere \u00f8nsker. <\/strong>Helgen inkluderer opphold i leiligheter, alle m\u00e5ltider, og inngang til Dyreparken l\u00f8rdag og s\u00f8ndag.<\/p>\n\n\n\n<p>Med p\u00e5 ferien vil det v\u00e6re ferieledere som ordner praktiske gj\u00f8rem\u00e5l, og som er tilgjengelige for gjestene v\u00e5re.<strong> Alle foreldre har ansvar for sine egne barn.<\/strong> Ellers koser vi oss i Abra Havn med god mat og alt som finnes der. Siden dette er i vinterhalv\u00e5ret er det ikke sj\u00f8r\u00f8vere i Abra Havn p\u00e5 denne tiden. De har reist p\u00e5 tokt til varmere str\u00f8k p\u00e5 Marmeladene.<\/p>\n\n\n\n<figure class=\"wp-block-image alignright size-thumbnail is-style-rounded\"><img loading=\"lazy\" decoding=\"async\" width=\"150\" height=\"150\" src=\"https:\/\/www.blakors.no\/content\/uploads\/sites\/10\/2020\/12\/Kanoner-i-Abra-Havn-150x150.jpg\" alt=\"Kanoner sikter mot Grashavet i Abra Havn\" class=\"wp-image-1299\" srcset=\"https:\/\/www.blakors.no\/content\/uploads\/sites\/10\/2020\/12\/Kanoner-i-Abra-Havn-150x150.jpg 150w, https:\/\/www.blakors.no\/content\/uploads\/sites\/10\/2020\/12\/Kanoner-i-Abra-Havn-300x300.jpg 300w\" sizes=\"auto, (max-width: 150px) 100vw, 150px\" \/><\/figure>\n\n\n\n<p>Ferien gir muligheter for ro og avslapning, g\u00f8yale aktiviteter p\u00e5 dagtid, og spennende overnatting i sj\u00f8r\u00f8verlandsbyen Abra Havn. <strong>Vi legger til rette for at barn og unge skal f\u00e5 opplevelser sammen med sine foresatte, og p\u00e5 den m\u00e5ten skape gode minner sammen.<\/strong><\/p>\n\n\n\n<p><br><strong>Velkommen!<\/strong><\/p>\n\n\n\n<h2 class=\"wp-block-heading\" id=\"h-s-knadsfristen-for-denne-familiehelgen-har-n-g-tt-ut\"><strong>S\u00f8knadsfrist utg\u00e5tt (12. november 2023<\/strong>)<\/h2>\n\n\n\n\t\t<div class=\"wp-block-blakors-expanding-fact-box is-style-default wp-block-blakors-expanding-fact-box is-style-default wp-block-blakors-expanding-fact-box has-background has-blue-light-background-color\">\n\t\t\t<h3 id=\"hvem-far-vaere-med-bla-kors-ferier\"  class=\"blakors-fact-box__title\" >Hvem f\u00e5r v\u00e6re med Bl\u00e5 Kors ferier<\/h3>\n\t\t\t<div class=\"blakors-fact-box__content\">\n\t\t\t\t\n\n<p class=\"has-text-align-left has-blue-light-background-color has-background\">Alle som fyller ut s\u00f8knadsskjemaet og som er i m\u00e5lgruppen for tiltaket (dvs. har utfordringer relatert til psykisk helse, rus eller \u00f8konomi) er kvalifiserte til \u00e5 v\u00e6re med p\u00e5 ferie med Bl\u00e5 Kors ferier. Det er ikke behov for anbefaling fra Nav, barnevernstjeneste, eller lignende. Det er heller ikke krav til at barna m\u00e5 v\u00e6re i barneskolealder. Det er ikke tillatt \u00e5 ha med kj\u00e6ledyr p\u00e5 organiserte ferier med Bl\u00e5 Kors ferier.<\/p>\n\n\n\n<p>Bl\u00e5 Kors ferier opplever enorm p\u00e5gang og har ikke mulighet til \u00e5 gi et ferietilbud til alle som s\u00f8ker. Vi venter til etter s\u00f8knadsfrist med \u00e5 tildele feriene og \u00f8nsker at de som ikke tidligere har f\u00e5tt et tilbud, enten med oss, eller andre akt\u00f8rer skal f\u00e5 en mulighet f\u00f8rst. Derfor sp\u00f8r vi alltid om familien har v\u00e6rt med p\u00e5 en annen ferie, f\u00f8r vi gir mulighet til \u00e5 v\u00e6re med p\u00e5 ferie med Bl\u00e5 Kors ferier. <\/p>\n\n\n\n<p>Det er mange som opplever \u00e5 f\u00e5 gjentatte avslag p\u00e5 s\u00f8knadene sine. Dette er dessverre helt normalt, og betyr ikke at s\u00f8knaden ikke er godkjent. Det betyr kun at det ikke var plass til din familien p\u00e5 denne ferien, og vi kan ikke annet enn beklage. Vi anbefaler \u00e5 fortsette med \u00e5 s\u00f8ke, s\u00e5 vil det forh\u00e5pentligvis bli deres tur ogs\u00e5 til slutt.<\/p>\n\n\n\n<p>I henhold til Personvernregelverket oppbevarer vi ikke opplysninger om s\u00f8kere lenger enn n\u00f8dvendig.<\/p>\n\n\n\t\t\t<\/div>\n\t\t\t<div class=\"blakors-fact-box__toggle\">\n\t\t\t\t<button class=\"blakors-fact-box__button\"><svg xmlns=\"http:\/\/www.w3.org\/2000\/svg\" viewBox=\"0 0 17.367 17.367\"><path d=\"M0-8.684v-2.133H13.2L7.16-16.91l1.523-1.523L17.367-9.75,8.684-1.066,7.109-2.59,13.2-8.684Z\" transform=\"translate(0 18.434)\" \/><\/svg><\/button>\n\t\t\t<\/div>\n\t\t<\/div>\n\n\n<h2 class=\"wp-block-heading\" id=\"h-inkludert\">Inkludert:<\/h2>\n\n\n\n<ul class=\"wp-block-list\">\n<li>Overnatting i Abra Havn fra l\u00f8rdag 9. til s\u00f8ndag 10. desember<\/li>\n\n\n\n<li>Aktiviteter<\/li>\n\n\n\n<li>Alle m\u00e5ltider<\/li>\n\n\n\n<li>Inngang i Dyreparken l\u00f8rdag og s\u00f8ndag<\/li>\n<\/ul>\n\n\n\n<h2 class=\"wp-block-heading\" id=\"h-forsikring\">Forsikring<\/h2>\n\n\n\n<p>Alle deltakere dekkes av Bl\u00e5 Kors egen gruppeforsikring. Deltakere b\u00f8r ogs\u00e5 ha sin egen reiseforsikring.<\/p>\n\n\n\n<h2 class=\"wp-block-heading\" id=\"h-pris\">Pris<\/h2>\n\n\n\n<p><strong>Ferien er gratis. <\/strong>Men transport til og fra Kristiansand dekkes selv. For gjester som kommer med buss\/tog til Kristiansand sentrum, ordner vi transport til Abra Havn. <\/p>\n\n\n\n<p>Om familien er knyttet opp til NAV, barnevernstjenesten med flere, vil det v\u00e6re mulig \u00e5 s\u00f8ke om dekning av reisekostnader til og fra Kristiansand via disse.<\/p>\n\n\n\n<div style=\"text-align:center;\"><iframe src=\"https:\/\/www.google.com\/maps\/embed?pb=!1m18!1m12!1m3!1d378747.69101345795!2d7.602088474097742!3d58.37139026349128!2m3!1f0!2f0!3f0!3m2!1i1024!2i768!4f13.1!3m3!1m2!1s0x463800db05832e1d%3A0xcc1370a57d6a10be!2sAbra%20Havn!5e0!3m2!1sen!2sno!4v1615386918023!5m2!1sen!2sno\" width=\"600\" height=\"450\" style=\"border:0;\" allowfullscreen=\"\" loading=\"lazy\"><\/iframe><\/div>\n\n\n\n\n\n<h2 class=\"wp-block-heading\" id=\"h-personvern\">Personvern<\/h2>\n\n\n\n<p>Ved \u00e5 sende inn en s\u00f8knad til Bl\u00e5 Kors ferier, samtykker jeg i at Bl\u00e5 Kors ferier behandler mine opplysninger i tr\u00e5d med det som st\u00e5r i personvernerkl\u00e6ringen og gjeldende regelverk.<\/p>\n\n\n\n<div class=\"wp-block-button aligncenter is-style-primary\"><a class=\"wp-block-button__link wp-element-button\" href=\"https:\/\/www.blakors.no\/ferier\/personvernerklaering-ferier\/\">Personvernerkl\u00e6ring<\/a><\/div>\n\n\n\n<p>Ved \u00e5 krysse av p\u00e5 hvilken m\u00e5lgruppe jeg definerer meg og min familie, s\u00e5 samtykker jeg i \u00e5 dele disse opplysningene med Bl\u00e5 Kors ferier. Ved \u00e5 oppgi mine allergier, samtykker jeg til at Bl\u00e5 Kors ferier behandler helseopplysninger om meg. Form\u00e5let med \u00e5 oppgi allergier, er at Bl\u00e5 Kors ferier kan legge til rette for \u00e5 servere trygge og helsebringende m\u00e5ltider og vurdere en passende ferie tilpasset mine behov. Alle personopplysninger blir behandlet trygt, og deles kun med utvalgte personer som trenger opplysningene for \u00e5 legge til rette for ferietilbudet. Informasjonen Bl\u00e5 Kors ferier samler inn, slettes n\u00e5r vi ikke lenger har bruk for de, eller n\u00e5r du trekker ditt samtykke for behandling av personopplysninger.<\/p>\n\n\n\n<div class=\"wp-block-buttons is-horizontal is-content-justification-center is-layout-flex wp-container-core-buttons-is-layout-499968f5 wp-block-buttons-is-layout-flex\">\n<div class=\"wp-block-button is-style-primary\"><a class=\"wp-block-button__link wp-element-button\" href=\"https:\/\/www.blakors.no\/ferier\/forjulshelg-i-abra-havn\/\">Tilbake til toppen<\/a><\/div>\n<\/div>\n\n\n\n<div class=\"wp-block-group is-layout-constrained wp-block-group-is-layout-constrained\"><\/div>\n","protected":false},"excerpt":{"rendered":"<p>S\u00f8knadsfristen for denne f\u00f8rjulshelgen gikk ut 12. november, 2023. Like ved Kristiansand Dyrepark ligger det unike sj\u00f8r\u00f8verhotellet, Abra Havn. Bl\u00e5 Kors ferier inviterer denne f\u00f8rjulshelgen barnefamilier i m\u00e5lgruppen med p\u00e5 \u00e5 bo i Sj\u00f8r\u00f8verlandsbyen. Vi vil tilbringe helgen p\u00e5 denne flotte plassen, samt bes\u00f8ke Dyreparken som ligger en kort spasertur unna. Gjestene innkvarteres i sjarmerende [&hellip;]<\/p>\n","protected":false},"author":36,"featured_media":1298,"parent":0,"menu_order":0,"comment_status":"closed","ping_status":"closed","template":"","meta":{"_acf_changed":false,"_relevanssi_hide_post":"","_relevanssi_hide_content":"","_relevanssi_pin_for_all":"","_relevanssi_pin_keywords":"","_relevanssi_unpin_keywords":"","_relevanssi_related_keywords":"","_relevanssi_related_include_ids":"","_relevanssi_related_exclude_ids":"","_relevanssi_related_no_append":"","_relevanssi_related_not_related":"","_relevanssi_related_posts":"1","_relevanssi_noindex_reason":"","_custom_cards_description":"","footnotes":""},"class_list":["post-3986","page","type-page","status-publish","has-post-thumbnail","hentry"],"acf":[],"_links":{"self":[{"href":"https:\/\/www.blakors.no\/ferier\/wp-json\/wp\/v2\/pages\/3986","targetHints":{"allow":["GET"]}}],"collection":[{"href":"https:\/\/www.blakors.no\/ferier\/wp-json\/wp\/v2\/pages"}],"about":[{"href":"https:\/\/www.blakors.no\/ferier\/wp-json\/wp\/v2\/types\/page"}],"author":[{"embeddable":true,"href":"https:\/\/www.blakors.no\/ferier\/wp-json\/wp\/v2\/users\/36"}],"replies":[{"embeddable":true,"href":"https:\/\/www.blakors.no\/ferier\/wp-json\/wp\/v2\/comments?post=3986"}],"version-history":[{"count":5,"href":"https:\/\/www.blakors.no\/ferier\/wp-json\/wp\/v2\/pages\/3986\/revisions"}],"predecessor-version":[{"id":4027,"href":"https:\/\/www.blakors.no\/ferier\/wp-json\/wp\/v2\/pages\/3986\/revisions\/4027"}],"wp:featuredmedia":[{"embeddable":true,"href":"https:\/\/www.blakors.no\/ferier\/wp-json\/wp\/v2\/media\/1298"}],"wp:attachment":[{"href":"https:\/\/www.blakors.no\/ferier\/wp-json\/wp\/v2\/media?parent=3986"}],"curies":[{"name":"wp","href":"https:\/\/api.w.org\/{rel}","templated":true}]}}