{"id":4029,"date":"2023-11-14T11:11:10","date_gmt":"2023-11-14T10:11:10","guid":{"rendered":"https:\/\/www.blakors.no\/ferier\/?page_id=4029"},"modified":"2023-12-04T09:50:56","modified_gmt":"2023-12-04T08:50:56","slug":"romjulsdag-i-dyreparken","status":"publish","type":"page","link":"https:\/\/www.blakors.no\/ferier\/romjulsdag-i-dyreparken\/","title":{"rendered":"Romjulsdag i Dyreparken"},"content":{"rendered":"<div class=\"custom-block-banner alignwide contenthalf\"><div class=\"banner-image\" style=\"background-image:url(https:\/\/www.blakors.no\/content\/uploads\/sites\/10\/2023\/11\/SmelandMedia-060.jpg)\"><\/div><div class=\"banner-inner\"><div><h1 id=\"romjulsdag-i-dyreparken\"  class=\"title large \" >Romjulsdag i Dyreparken<\/h1><p>27. og 28. desember arrangerer vi to romjulsdager i Dyreparken. Foto: Dyreparken\r\n\r\n<\/p><\/div><\/div><\/div>\n\n\n<p><strong>S\u00f8knadsfristen for disse romjulsdagene er utg\u00e5tt (3. desember, 2023)<\/strong><br>(Alle foto: Dyreparken)<\/p>\n\n\n\n<p><strong>I romjulen arrangerer vi to dagsturer til dyreparken.<\/strong> Dyreparken er pyntet til jul og det er riktig koselig \u00e5 se p\u00e5 dyrene i den kalde \u00e5rstiden. Vi har plass til 100 personer p\u00e5 hver av dagene, og du kan s\u00f8ke ved \u00e5 bruke skjemaet nederst p\u00e5 siden. Alle som s\u00f8ker vil f\u00e5 en tilbakemelding p\u00e5 e-post f\u00f8r 15. desember.<\/p>\n\n\n\n<figure class=\"wp-block-image aligncenter size-full is-resized is-style-rounded\"><img loading=\"lazy\" decoding=\"async\" width=\"378\" height=\"378\" src=\"https:\/\/www.blakors.no\/content\/uploads\/sites\/10\/2023\/11\/2019-11-30_Kutoppen_-daniel.schjott-8543-edited-1.jpg\" alt=\"KuToppen i Dyreparken er pyntet til jul\" class=\"wp-image-4079\" style=\"aspect-ratio:1;width:194px;height:auto\" srcset=\"https:\/\/www.blakors.no\/content\/uploads\/sites\/10\/2023\/11\/2019-11-30_Kutoppen_-daniel.schjott-8543-edited-1.jpg 378w, https:\/\/www.blakors.no\/content\/uploads\/sites\/10\/2023\/11\/2019-11-30_Kutoppen_-daniel.schjott-8543-edited-1-300x300.jpg 300w, https:\/\/www.blakors.no\/content\/uploads\/sites\/10\/2023\/11\/2019-11-30_Kutoppen_-daniel.schjott-8543-edited-1-150x150.jpg 150w, https:\/\/www.blakors.no\/content\/uploads\/sites\/10\/2023\/11\/2019-11-30_Kutoppen_-daniel.schjott-8543-edited-1-200x200.jpg 200w\" sizes=\"auto, (max-width: 378px) 100vw, 378px\" \/><\/figure>\n\n\n\n<p><strong>Dagen i Dyreparken bruker du og familien din som dere selv \u00f8nsker.<\/strong> Billettene f\u00e5r dere av oss og det vil ogs\u00e5 bli servert risgr\u00f8t og saft i Vertshuset til lunsj. \u00c5pningstiden i Dyreparken er fra 10.00 til 16.00 disse dagene, og dere bestemmer selv hva dere vil se og hva dere vil gj\u00f8re denne dagen. Vertshuset er \u00e5pent for lunsj i fra klokken 13.00 til 15.00.<\/p>\n\n\n\n<figure class=\"wp-block-image aligncenter size-full is-resized is-style-rounded\"><img loading=\"lazy\" decoding=\"async\" width=\"378\" height=\"378\" src=\"https:\/\/www.blakors.no\/content\/uploads\/sites\/10\/2023\/11\/20181209-DSC_7309-edited.jpg\" alt=\"Jente koser p\u00e5 geit i Dyreparken\" class=\"wp-image-4084\" style=\"aspect-ratio:1;width:194px;height:auto\" srcset=\"https:\/\/www.blakors.no\/content\/uploads\/sites\/10\/2023\/11\/20181209-DSC_7309-edited.jpg 378w, https:\/\/www.blakors.no\/content\/uploads\/sites\/10\/2023\/11\/20181209-DSC_7309-edited-300x300.jpg 300w, https:\/\/www.blakors.no\/content\/uploads\/sites\/10\/2023\/11\/20181209-DSC_7309-edited-150x150.jpg 150w, https:\/\/www.blakors.no\/content\/uploads\/sites\/10\/2023\/11\/20181209-DSC_7309-edited-200x200.jpg 200w\" sizes=\"auto, (max-width: 378px) 100vw, 378px\" \/><\/figure>\n\n\n\n<p><strong>Det er flere aktiviteter som gir julestemning i Dyreparken i romjulen.<\/strong> KuToppen er pyntet og der finner man flere aktiviteter i romjulen. Klara har julemagisk konsert p\u00e5 l\u00e5ven, du kan skrive ditt eget julekort, g\u00e5 en koselig julesti og man kan ogs\u00e5 vinne premier hvis man tar g\u00e5rdsrebusen. Ellers er dyrepresentasjonene fine \u00e5 f\u00e5 med seg, og hver dag er det ulike dyr som blir presentert. <\/p>\n\n\n\n<figure class=\"wp-block-image aligncenter size-full is-resized is-style-rounded\"><img loading=\"lazy\" decoding=\"async\" width=\"400\" height=\"400\" src=\"https:\/\/www.blakors.no\/content\/uploads\/sites\/10\/2023\/11\/SmelandMedia-067-edited.jpg\" alt=\"Tiger koser seg i sn\u00f8en i Dyreparken\" class=\"wp-image-4085\" style=\"aspect-ratio:1;width:196px;height:auto\" srcset=\"https:\/\/www.blakors.no\/content\/uploads\/sites\/10\/2023\/11\/SmelandMedia-067-edited.jpg 400w, https:\/\/www.blakors.no\/content\/uploads\/sites\/10\/2023\/11\/SmelandMedia-067-edited-300x300.jpg 300w, https:\/\/www.blakors.no\/content\/uploads\/sites\/10\/2023\/11\/SmelandMedia-067-edited-150x150.jpg 150w, https:\/\/www.blakors.no\/content\/uploads\/sites\/10\/2023\/11\/SmelandMedia-067-edited-200x200.jpg 200w\" sizes=\"auto, (max-width: 400px) 100vw, 400px\" \/><\/figure>\n\n\n\n\t\t<div class=\"wp-block-lib-accentuated-link\">\n\t\t\t<a class=\"lib-link__link\" href=\"https:\/\/www.dyreparken.no\/aret-i-dyreparken\/#jul\" target=\"\" rel=\"noopener\">\n\t\t\t\t\n\t\t\t\t<div class=\"lib-link__text-content\">\n\t\t\t\t\t<span class=\"lib-link__tagline\">\n\t\t\t\t\t\tTrykk her For mer informasjon om \n\t\t\t\t\t<\/span>\n\n\t\t\t\t\t<h3 class=\"lib-link__title\">\n\t\t\t\t\t\tJul i Dyreparken\n\t\t\t\t\t<\/h3>\n\n\t\t\t\t\t\n\t\t\t<span class=\"lib-link__link-source\">\n\t\t\t\twww.dyreparken.no\n\t\t\t\t<svg xmlns=\"http:\/\/www.w3.org\/2000\/svg\" viewBox=\"0 0 24 24\" height=\"24\" width=\"24\" class=\"t2-icon t2-icon-linkexternal\" aria-hidden=\"true\" focusable=\"false\"><path d=\"M5 21c-.5 0-1-.2-1.4-.6S3 19.6 3 19V5c0-.6.2-1 .6-1.4S4.5 3 5 3h6c.3 0 .5.1.7.3.2.2.3.4.3.7 0 .3-.1.5-.3.7-.2.2-.4.3-.7.3H5v14h14v-6c0-.3.1-.5.3-.7.2-.2.4-.3.7-.3s.5.1.7.3c.2.2.3.4.3.7v6c0 .6-.2 1-.6 1.4s-.8.6-1.4.6H5zm4-6c-.2-.2-.3-.4-.3-.7s.1-.5.3-.7L17.6 5H15c-.3 0-.5-.1-.7-.3-.2-.2-.3-.4-.3-.7 0-.3.1-.5.3-.7.2-.2.4-.3.7-.3h5c.3 0 .5.1.7.3.2.2.3.4.3.7v5c0 .3-.1.5-.3.7-.2.2-.4.3-.7.3s-.5-.1-.7-.3c-.2-.2-.3-.4-.3-.7V6.4L10.4 15c-.2.2-.4.3-.7.3s-.5-.1-.7-.3z\" fill=\"currentColor\" \/><\/svg>\n\t\t\t<\/span>\n\t\t\t\t<\/div>\n\t\t\t<\/a>\n\t\t<\/div>\n\n\n<p><strong>Disse romjulsdagene i Dyreparken er en selvstendig aktivitet som Bl\u00e5 Kors ferier legger til rette for. Vi m\u00f8ter dere ved inngangen til Dyreparken n\u00e5r dere kommer, men ellers disponerer dere dagen som dere selv vil.<\/strong> <\/p>\n\n\n\n<figure class=\"wp-block-image aligncenter size-full is-resized is-style-rounded\"><img loading=\"lazy\" decoding=\"async\" width=\"388\" height=\"388\" src=\"https:\/\/www.blakors.no\/content\/uploads\/sites\/10\/2023\/11\/Julius40_-daniel.schjott-9141-edited.jpg\" alt=\"Julius ser p\u00e5 juletreet i Dyreparken\" class=\"wp-image-4086\" style=\"aspect-ratio:1;width:194px;height:auto\" srcset=\"https:\/\/www.blakors.no\/content\/uploads\/sites\/10\/2023\/11\/Julius40_-daniel.schjott-9141-edited.jpg 388w, https:\/\/www.blakors.no\/content\/uploads\/sites\/10\/2023\/11\/Julius40_-daniel.schjott-9141-edited-300x300.jpg 300w, https:\/\/www.blakors.no\/content\/uploads\/sites\/10\/2023\/11\/Julius40_-daniel.schjott-9141-edited-150x150.jpg 150w, https:\/\/www.blakors.no\/content\/uploads\/sites\/10\/2023\/11\/Julius40_-daniel.schjott-9141-edited-200x200.jpg 200w\" sizes=\"auto, (max-width: 388px) 100vw, 388px\" \/><\/figure>\n\n\n\n<h2 class=\"wp-block-heading\" id=\"h-s-knadsfristen-for-denne-familiehelgen-har-n-g-tt-ut\"><strong>S\u00f8knadsfrist utg\u00e5tt: (3.12.2023)<\/strong><\/h2>\n\n\n\n\t\t<div class=\"wp-block-blakors-expanding-fact-box is-style-default wp-block-blakors-expanding-fact-box is-style-default wp-block-blakors-expanding-fact-box has-background has-blue-light-background-color\">\n\t\t\t<h3 id=\"hvem-far-vaere-med-bla-kors-ferier\"  class=\"blakors-fact-box__title\" >Hvem f\u00e5r v\u00e6re med Bl\u00e5 Kors ferier<\/h3>\n\t\t\t<div class=\"blakors-fact-box__content\">\n\t\t\t\t\n\n<p class=\"has-text-align-left has-blue-light-background-color has-background\">Alle som fyller ut s\u00f8knadsskjemaet og som er i m\u00e5lgruppen for tiltaket (dvs. har utfordringer relatert til psykisk helse, rus eller \u00f8konomi) er kvalifiserte til \u00e5 v\u00e6re med p\u00e5 ferie med Bl\u00e5 Kors ferier. Det er ikke behov for anbefaling fra Nav, barnevernstjeneste, eller lignende. Det er heller ikke krav til at barna m\u00e5 v\u00e6re i barneskolealder. Det er ikke tillatt \u00e5 ha med kj\u00e6ledyr p\u00e5 organiserte ferier med Bl\u00e5 Kors ferier.<\/p>\n\n\n\n<p>Bl\u00e5 Kors ferier opplever enorm p\u00e5gang og har ikke mulighet til \u00e5 gi et ferietilbud til alle som s\u00f8ker. Vi venter til etter s\u00f8knadsfrist med \u00e5 tildele feriene og \u00f8nsker at de som ikke tidligere har f\u00e5tt et tilbud, enten med oss, eller andre akt\u00f8rer skal f\u00e5 en mulighet f\u00f8rst. Derfor sp\u00f8r vi alltid om familien har v\u00e6rt med p\u00e5 en annen ferie, f\u00f8r vi gir mulighet til \u00e5 v\u00e6re med p\u00e5 ferie med Bl\u00e5 Kors ferier. <\/p>\n\n\n\n<p>Det er mange som opplever \u00e5 f\u00e5 gjentatte avslag p\u00e5 s\u00f8knadene sine. Dette er dessverre helt normalt, og betyr ikke at s\u00f8knaden ikke er godkjent. Det betyr kun at det ikke var plass til din familien p\u00e5 denne ferien, og vi kan ikke annet enn beklage. Vi anbefaler \u00e5 fortsette med \u00e5 s\u00f8ke, s\u00e5 vil det forh\u00e5pentligvis bli deres tur ogs\u00e5 til slutt.<\/p>\n\n\n\n<p>I henhold til Personvernregelverket oppbevarer vi ikke opplysninger om s\u00f8kere lenger enn n\u00f8dvendig.<\/p>\n\n\n\t\t\t<\/div>\n\t\t\t<div class=\"blakors-fact-box__toggle\">\n\t\t\t\t<button class=\"blakors-fact-box__button\"><svg xmlns=\"http:\/\/www.w3.org\/2000\/svg\" viewBox=\"0 0 17.367 17.367\"><path d=\"M0-8.684v-2.133H13.2L7.16-16.91l1.523-1.523L17.367-9.75,8.684-1.066,7.109-2.59,13.2-8.684Z\" transform=\"translate(0 18.434)\" \/><\/svg><\/button>\n\t\t\t<\/div>\n\t\t<\/div>\n\n\n<h2 class=\"wp-block-heading\" id=\"h-inkludert\">Inkludert:<\/h2>\n\n\n\n<ul class=\"wp-block-list\">\n<li>Inngangsbillett til Dyreparken<\/li>\n\n\n\n<li>Parkering<\/li>\n\n\n\n<li>Risgr\u00f8t og saft p\u00e5 Vertshuset<\/li>\n<\/ul>\n\n\n\n<figure class=\"wp-block-image aligncenter size-full is-resized is-style-rounded\"><img loading=\"lazy\" decoding=\"async\" width=\"382\" height=\"382\" src=\"https:\/\/www.blakors.no\/content\/uploads\/sites\/10\/2023\/11\/20181212-DSC_7711-edited.jpg\" alt=\"L\u00f8ve spiser i Dyreaparken\" class=\"wp-image-4087\" style=\"aspect-ratio:1;width:192px;height:auto\" srcset=\"https:\/\/www.blakors.no\/content\/uploads\/sites\/10\/2023\/11\/20181212-DSC_7711-edited.jpg 382w, https:\/\/www.blakors.no\/content\/uploads\/sites\/10\/2023\/11\/20181212-DSC_7711-edited-300x300.jpg 300w, https:\/\/www.blakors.no\/content\/uploads\/sites\/10\/2023\/11\/20181212-DSC_7711-edited-150x150.jpg 150w, https:\/\/www.blakors.no\/content\/uploads\/sites\/10\/2023\/11\/20181212-DSC_7711-edited-200x200.jpg 200w\" sizes=\"auto, (max-width: 382px) 100vw, 382px\" \/><\/figure>\n\n\n\n<h2 class=\"wp-block-heading\" id=\"h-forsikring\">Forsikring<\/h2>\n\n\n\n<p>Alle deltakere dekkes av Bl\u00e5 Kors egen gruppeforsikring. Deltakere b\u00f8r ogs\u00e5 ha sin egen reiseforsikring.<\/p>\n\n\n\n<h2 class=\"wp-block-heading\" id=\"h-pris\">Pris<\/h2>\n\n\n\n<p><strong>Romjulsdagen er gratis. <\/strong>Transport til og fra Dyreparken m\u00e5 hver enkelt familie ordne selv. <\/p>\n\n\n\n<div style=\"text-align:center;\"><iframe src=\"https:\/\/www.google.com\/maps\/embed?pb=!1m18!1m12!1m3!1d95191.79850111631!2d7.978146717213857!3d58.183041489108405!2m3!1f0!2f0!3f0!3m2!1i1024!2i768!4f13.1!3m3!1m2!1s0x4638029e9f9bba95%3A0xd89efa725df76744!2sKristiansand%20Zoo%20and%20Amusement%20Park!5e0!3m2!1sen!2sno!4v1699956046493!5m2!1sen!2sno\" width=\"600\" height=\"450\" style=\"border:0;\" allowfullscreen=\"\" loading=\"lazy\" referrerpolicy=\"no-referrer-when-downgrade\"><\/iframe><\/div>\n\n\n\n\n\n<h2 class=\"wp-block-heading\" id=\"h-personvern\">Personvern<\/h2>\n\n\n\n<p>Ved \u00e5 sende inn en s\u00f8knad til Bl\u00e5 Kors ferier, samtykker jeg i at Bl\u00e5 Kors ferier behandler mine opplysninger i tr\u00e5d med det som st\u00e5r i personvernerkl\u00e6ringen og gjeldende regelverk.<\/p>\n\n\n\n<div class=\"wp-block-button aligncenter is-style-primary\"><a class=\"wp-block-button__link wp-element-button\" href=\"https:\/\/www.blakors.no\/ferier\/personvernerklaering-ferier\/\">Personvernerkl\u00e6ring<\/a><\/div>\n\n\n\n<p>Ved \u00e5 krysse av p\u00e5 hvilken m\u00e5lgruppe jeg definerer meg og min familie, s\u00e5 samtykker jeg i \u00e5 dele disse opplysningene med Bl\u00e5 Kors ferier. Ved \u00e5 oppgi mine allergier, samtykker jeg til at Bl\u00e5 Kors ferier behandler helseopplysninger om meg. Form\u00e5let med \u00e5 oppgi allergier, er at Bl\u00e5 Kors ferier kan legge til rette for \u00e5 servere trygge og helsebringende m\u00e5ltider og vurdere en passende ferie tilpasset mine behov. Alle personopplysninger blir behandlet trygt, og deles kun med utvalgte personer som trenger opplysningene for \u00e5 legge til rette for ferietilbudet. Informasjonen Bl\u00e5 Kors ferier samler inn, slettes n\u00e5r vi ikke lenger har bruk for de, eller n\u00e5r du trekker ditt samtykke for behandling av personopplysninger.<\/p>\n\n\n\n<div class=\"wp-block-buttons is-horizontal is-content-justification-center is-layout-flex wp-container-core-buttons-is-layout-499968f5 wp-block-buttons-is-layout-flex\">\n<div class=\"wp-block-button is-style-primary\"><a class=\"wp-block-button__link wp-element-button\" href=\"https:\/\/www.blakors.no\/ferier\/romjulsdag-i-dyreparken\/\">Tilbake til toppen<\/a><\/div>\n<\/div>\n\n\n\n<div class=\"wp-block-group is-layout-constrained wp-block-group-is-layout-constrained\"><\/div>\n","protected":false},"excerpt":{"rendered":"<p>S\u00f8knadsfristen for disse romjulsdagene er utg\u00e5tt (3. desember, 2023)(Alle foto: Dyreparken) I romjulen arrangerer vi to dagsturer til dyreparken. Dyreparken er pyntet til jul og det er riktig koselig \u00e5 se p\u00e5 dyrene i den kalde \u00e5rstiden. Vi har plass til 100 personer p\u00e5 hver av dagene, og du kan s\u00f8ke ved \u00e5 bruke skjemaet [&hellip;]<\/p>\n","protected":false},"author":36,"featured_media":4078,"parent":0,"menu_order":0,"comment_status":"closed","ping_status":"closed","template":"","meta":{"_acf_changed":false,"_relevanssi_hide_post":"","_relevanssi_hide_content":"","_relevanssi_pin_for_all":"","_relevanssi_pin_keywords":"","_relevanssi_unpin_keywords":"","_relevanssi_related_keywords":"","_relevanssi_related_include_ids":"","_relevanssi_related_exclude_ids":"","_relevanssi_related_no_append":"","_relevanssi_related_not_related":"","_relevanssi_related_posts":"1","_relevanssi_noindex_reason":"","_custom_cards_description":"","footnotes":""},"class_list":["post-4029","page","type-page","status-publish","has-post-thumbnail","hentry"],"acf":[],"_links":{"self":[{"href":"https:\/\/www.blakors.no\/ferier\/wp-json\/wp\/v2\/pages\/4029","targetHints":{"allow":["GET"]}}],"collection":[{"href":"https:\/\/www.blakors.no\/ferier\/wp-json\/wp\/v2\/pages"}],"about":[{"href":"https:\/\/www.blakors.no\/ferier\/wp-json\/wp\/v2\/types\/page"}],"author":[{"embeddable":true,"href":"https:\/\/www.blakors.no\/ferier\/wp-json\/wp\/v2\/users\/36"}],"replies":[{"embeddable":true,"href":"https:\/\/www.blakors.no\/ferier\/wp-json\/wp\/v2\/comments?post=4029"}],"version-history":[{"count":5,"href":"https:\/\/www.blakors.no\/ferier\/wp-json\/wp\/v2\/pages\/4029\/revisions"}],"predecessor-version":[{"id":4163,"href":"https:\/\/www.blakors.no\/ferier\/wp-json\/wp\/v2\/pages\/4029\/revisions\/4163"}],"wp:featuredmedia":[{"embeddable":true,"href":"https:\/\/www.blakors.no\/ferier\/wp-json\/wp\/v2\/media\/4078"}],"wp:attachment":[{"href":"https:\/\/www.blakors.no\/ferier\/wp-json\/wp\/v2\/media?parent=4029"}],"curies":[{"name":"wp","href":"https:\/\/api.w.org\/{rel}","templated":true}]}}