{"id":4431,"date":"2024-03-08T12:07:07","date_gmt":"2024-03-08T11:07:07","guid":{"rendered":"https:\/\/www.blakors.no\/ferier\/?page_id=4431"},"modified":"2024-04-16T11:03:12","modified_gmt":"2024-04-16T09:03:12","slug":"sporsmal-og-svar","status":"publish","type":"page","link":"https:\/\/www.blakors.no\/ferier\/sporsmal-og-svar\/","title":{"rendered":"Sp\u00f8rsm\u00e5l og svar"},"content":{"rendered":"<div class=\"custom-block-banner alignwide contenthalf\"><div class=\"banner-image\" style=\"background-image:url(https:\/\/www.blakors.no\/content\/uploads\/sites\/10\/2024\/03\/Kvinne-ser-pa-mobiltelefonen-1024x683.jpg)\"><\/div><div class=\"banner-inner\"><div><h1 id=\"sporsmal-og-svar\"  class=\"title large \" >Sp\u00f8rsm\u00e5l og svar<\/h1><p>Enkle svar p\u00e5 en del vanlige sp\u00f8rsm\u00e5l.<\/p><\/div><\/div><\/div>\n\n\n<p><strong>Her har vi samlet en del vanlige sp\u00f8rsm\u00e5l. <\/strong><br><strong>Du kan ogs\u00e5 ringe oss, eller sende oss en sms.<\/strong><br><strong>Telefon: 960 00 167 (man-fre: 09:00-15:00)<\/strong><\/p>\n\n\n<div class=\"t2-accordion t2-faq wp-block-t2-faq\" role=\"list\">\n\n\t\t<div class=\"t2-faq-item t2-accordion-item wp-block-t2-faq-item\" role=\"listitem\">\n\t\t\t<h3 class=\"t2-faq-title t2-accordion-title\" id=\"hvordan-s\u00f8ker-jeg-p\u00e5-en-ferie?\">\n\t\t\t\t<button\n\t\t\t\t\taria-controls=\"faq-panel\"\n\t\t\t\t\taria-expanded=\"false\"\n\t\t\t\t\tclass=\"t2-faq-trigger t2-accordion-trigger\"\n\t\t\t\t\tid=\"faq-item\"\n\t\t\t\t\ttype=\"button\"\n\t\t\t\t>\n\t\t\t\t\tHvordan s\u00f8ker jeg p\u00e5 en ferie?\n\t\t\t\t\t<span class=\"t2-faq-icon t2-accordion-icon is-closed-icon\"><svg xmlns=\"http:\/\/www.w3.org\/2000\/svg\" viewBox=\"0 0 24 24\" height=\"24\" width=\"24\" class=\"t2-icon t2-icon-chevrondown\" aria-hidden=\"true\" focusable=\"false\"><path d=\"M12 14.9c-.1 0-.3 0-.4-.1-.1 0-.2-.1-.3-.2L6.7 10c-.2-.1-.3-.4-.3-.6 0-.3.1-.5.3-.7.2-.2.4-.3.7-.3s.5.1.7.3l3.9 3.9 3.9-3.9c.2-.2.4-.3.7-.3.3 0 .5.1.7.3.2.2.3.4.3.7s-.1.5-.3.7l-4.6 4.6c-.1.1-.2.2-.3.2H12z\" fill=\"currentColor\" \/><\/svg><\/span>\n\t\t\t\t\t<span class=\"t2-faq-icon t2-accordion-icon is-open-icon\"><svg xmlns=\"http:\/\/www.w3.org\/2000\/svg\" viewBox=\"0 0 24 24\" height=\"24\" width=\"24\" class=\"t2-icon t2-icon-chevronup\" aria-hidden=\"true\" focusable=\"false\"><path d=\"M6.7 14.7c-.2-.2-.3-.4-.3-.7s.1-.5.3-.7l4.6-4.6c.1-.1.2-.2.3-.2.1 0 .2-.1.4-.1.1 0 .3 0 .4.1.1 0 .2.1.3.2l4.6 4.6c.2.2.3.4.3.7s-.1.5-.3.7c-.2.2-.4.3-.7.3s-.5-.1-.7-.3L12 10.8l-3.9 3.9c-.2.2-.4.3-.7.3s-.5-.1-.7-.3z\" fill=\"currentColor\" \/><\/svg><\/span>\n\t\t\t\t<\/button>\n\t\t\t<\/h3>\n\t\t\t<div\n\t\t\t\taria-labelledby=\"faq-item\"\n\t\t\t\tclass=\"t2-faq-item__inner-container t2-accordion-item__inner-container is-layout-flow\"\n\t\t\t\tid=\"faq-panel\"\n\t\t\t\trole=\"region\"\n\t\t\t\thidden\n\t\t\t>\n\t\t\t\t\n\n<p>P\u00e5 siden &laquo;Aktuelle ferietilbud&raquo; er det bilde av hver ferie man kan s\u00f8ke p\u00e5. Klikke p\u00e5 den ferien du \u00f8nsker og s\u00e5 s\u00f8ker du ved \u00e5 fylle inn s\u00f8knadsskjema som er helt nederst siden.<\/p>\n\n\n\t\t\t<\/div>\n\t\t<\/div>\n\t\t\n\n\n\t\t<div class=\"t2-faq-item t2-accordion-item wp-block-t2-faq-item\" role=\"listitem\">\n\t\t\t<h3 class=\"t2-faq-title t2-accordion-title\" id=\"kan-jeg-s\u00f8ke-p\u00e5-flere-tilbud?\">\n\t\t\t\t<button\n\t\t\t\t\taria-controls=\"faq-panel-1\"\n\t\t\t\t\taria-expanded=\"false\"\n\t\t\t\t\tclass=\"t2-faq-trigger t2-accordion-trigger\"\n\t\t\t\t\tid=\"faq-item-1\"\n\t\t\t\t\ttype=\"button\"\n\t\t\t\t>\n\t\t\t\t\tKan jeg s\u00f8ke p\u00e5 flere tilbud?\n\t\t\t\t\t<span class=\"t2-faq-icon t2-accordion-icon is-closed-icon\"><svg xmlns=\"http:\/\/www.w3.org\/2000\/svg\" viewBox=\"0 0 24 24\" height=\"24\" width=\"24\" class=\"t2-icon t2-icon-chevrondown\" aria-hidden=\"true\" focusable=\"false\"><path d=\"M12 14.9c-.1 0-.3 0-.4-.1-.1 0-.2-.1-.3-.2L6.7 10c-.2-.1-.3-.4-.3-.6 0-.3.1-.5.3-.7.2-.2.4-.3.7-.3s.5.1.7.3l3.9 3.9 3.9-3.9c.2-.2.4-.3.7-.3.3 0 .5.1.7.3.2.2.3.4.3.7s-.1.5-.3.7l-4.6 4.6c-.1.1-.2.2-.3.2H12z\" fill=\"currentColor\" \/><\/svg><\/span>\n\t\t\t\t\t<span class=\"t2-faq-icon t2-accordion-icon is-open-icon\"><svg xmlns=\"http:\/\/www.w3.org\/2000\/svg\" viewBox=\"0 0 24 24\" height=\"24\" width=\"24\" class=\"t2-icon t2-icon-chevronup\" aria-hidden=\"true\" focusable=\"false\"><path d=\"M6.7 14.7c-.2-.2-.3-.4-.3-.7s.1-.5.3-.7l4.6-4.6c.1-.1.2-.2.3-.2.1 0 .2-.1.4-.1.1 0 .3 0 .4.1.1 0 .2.1.3.2l4.6 4.6c.2.2.3.4.3.7s-.1.5-.3.7c-.2.2-.4.3-.7.3s-.5-.1-.7-.3L12 10.8l-3.9 3.9c-.2.2-.4.3-.7.3s-.5-.1-.7-.3z\" fill=\"currentColor\" \/><\/svg><\/span>\n\t\t\t\t<\/button>\n\t\t\t<\/h3>\n\t\t\t<div\n\t\t\t\taria-labelledby=\"faq-item-1\"\n\t\t\t\tclass=\"t2-faq-item__inner-container t2-accordion-item__inner-container is-layout-flow\"\n\t\t\t\tid=\"faq-panel-1\"\n\t\t\t\trole=\"region\"\n\t\t\t\thidden\n\t\t\t>\n\t\t\t\t\n\n<p>Ja. Du kan s\u00f8ke p\u00e5 alle de tilbudene som passer deg og din familie.<\/p>\n\n\n\t\t\t<\/div>\n\t\t<\/div>\n\t\t\n\n\n\t\t<div class=\"t2-faq-item t2-accordion-item wp-block-t2-faq-item\" role=\"listitem\">\n\t\t\t<h3 class=\"t2-faq-title t2-accordion-title\" id=\"hvorfor-f\u00e5r-jeg-bare-avslag-hele-tiden?\">\n\t\t\t\t<button\n\t\t\t\t\taria-controls=\"faq-panel-2\"\n\t\t\t\t\taria-expanded=\"false\"\n\t\t\t\t\tclass=\"t2-faq-trigger t2-accordion-trigger\"\n\t\t\t\t\tid=\"faq-item-2\"\n\t\t\t\t\ttype=\"button\"\n\t\t\t\t>\n\t\t\t\t\tHvorfor f\u00e5r jeg bare avslag hele tiden?\n\t\t\t\t\t<span class=\"t2-faq-icon t2-accordion-icon is-closed-icon\"><svg xmlns=\"http:\/\/www.w3.org\/2000\/svg\" viewBox=\"0 0 24 24\" height=\"24\" width=\"24\" class=\"t2-icon t2-icon-chevrondown\" aria-hidden=\"true\" focusable=\"false\"><path d=\"M12 14.9c-.1 0-.3 0-.4-.1-.1 0-.2-.1-.3-.2L6.7 10c-.2-.1-.3-.4-.3-.6 0-.3.1-.5.3-.7.2-.2.4-.3.7-.3s.5.1.7.3l3.9 3.9 3.9-3.9c.2-.2.4-.3.7-.3.3 0 .5.1.7.3.2.2.3.4.3.7s-.1.5-.3.7l-4.6 4.6c-.1.1-.2.2-.3.2H12z\" fill=\"currentColor\" \/><\/svg><\/span>\n\t\t\t\t\t<span class=\"t2-faq-icon t2-accordion-icon is-open-icon\"><svg xmlns=\"http:\/\/www.w3.org\/2000\/svg\" viewBox=\"0 0 24 24\" height=\"24\" width=\"24\" class=\"t2-icon t2-icon-chevronup\" aria-hidden=\"true\" focusable=\"false\"><path d=\"M6.7 14.7c-.2-.2-.3-.4-.3-.7s.1-.5.3-.7l4.6-4.6c.1-.1.2-.2.3-.2.1 0 .2-.1.4-.1.1 0 .3 0 .4.1.1 0 .2.1.3.2l4.6 4.6c.2.2.3.4.3.7s-.1.5-.3.7c-.2.2-.4.3-.7.3s-.5-.1-.7-.3L12 10.8l-3.9 3.9c-.2.2-.4.3-.7.3s-.5-.1-.7-.3z\" fill=\"currentColor\" \/><\/svg><\/span>\n\t\t\t\t<\/button>\n\t\t\t<\/h3>\n\t\t\t<div\n\t\t\t\taria-labelledby=\"faq-item-2\"\n\t\t\t\tclass=\"t2-faq-item__inner-container t2-accordion-item__inner-container is-layout-flow\"\n\t\t\t\tid=\"faq-panel-2\"\n\t\t\t\trole=\"region\"\n\t\t\t\thidden\n\t\t\t>\n\t\t\t\t\n\n<p>Vi har mange s\u00f8kere og ikke nok tilbud til alle. Derfor vil mange oppleve \u00e5 f\u00e5 avslag.<\/p>\n\n\n\t\t\t<\/div>\n\t\t<\/div>\n\t\t\n\n\n\t\t<div class=\"t2-faq-item t2-accordion-item wp-block-t2-faq-item\" role=\"listitem\">\n\t\t\t<h3 class=\"t2-faq-title t2-accordion-title\" id=\"er-det-noe-vits-i-\u00e5-s\u00f8ke?\">\n\t\t\t\t<button\n\t\t\t\t\taria-controls=\"faq-panel-3\"\n\t\t\t\t\taria-expanded=\"false\"\n\t\t\t\t\tclass=\"t2-faq-trigger t2-accordion-trigger\"\n\t\t\t\t\tid=\"faq-item-3\"\n\t\t\t\t\ttype=\"button\"\n\t\t\t\t>\n\t\t\t\t\tEr det noe vits i \u00e5 s\u00f8ke?\n\t\t\t\t\t<span class=\"t2-faq-icon t2-accordion-icon is-closed-icon\"><svg xmlns=\"http:\/\/www.w3.org\/2000\/svg\" viewBox=\"0 0 24 24\" height=\"24\" width=\"24\" class=\"t2-icon t2-icon-chevrondown\" aria-hidden=\"true\" focusable=\"false\"><path d=\"M12 14.9c-.1 0-.3 0-.4-.1-.1 0-.2-.1-.3-.2L6.7 10c-.2-.1-.3-.4-.3-.6 0-.3.1-.5.3-.7.2-.2.4-.3.7-.3s.5.1.7.3l3.9 3.9 3.9-3.9c.2-.2.4-.3.7-.3.3 0 .5.1.7.3.2.2.3.4.3.7s-.1.5-.3.7l-4.6 4.6c-.1.1-.2.2-.3.2H12z\" fill=\"currentColor\" \/><\/svg><\/span>\n\t\t\t\t\t<span class=\"t2-faq-icon t2-accordion-icon is-open-icon\"><svg xmlns=\"http:\/\/www.w3.org\/2000\/svg\" viewBox=\"0 0 24 24\" height=\"24\" width=\"24\" class=\"t2-icon t2-icon-chevronup\" aria-hidden=\"true\" focusable=\"false\"><path d=\"M6.7 14.7c-.2-.2-.3-.4-.3-.7s.1-.5.3-.7l4.6-4.6c.1-.1.2-.2.3-.2.1 0 .2-.1.4-.1.1 0 .3 0 .4.1.1 0 .2.1.3.2l4.6 4.6c.2.2.3.4.3.7s-.1.5-.3.7c-.2.2-.4.3-.7.3s-.5-.1-.7-.3L12 10.8l-3.9 3.9c-.2.2-.4.3-.7.3s-.5-.1-.7-.3z\" fill=\"currentColor\" \/><\/svg><\/span>\n\t\t\t\t<\/button>\n\t\t\t<\/h3>\n\t\t\t<div\n\t\t\t\taria-labelledby=\"faq-item-3\"\n\t\t\t\tclass=\"t2-faq-item__inner-container t2-accordion-item__inner-container is-layout-flow\"\n\t\t\t\tid=\"faq-panel-3\"\n\t\t\t\trole=\"region\"\n\t\t\t\thidden\n\t\t\t>\n\t\t\t\t\n\n<p>I 2023 fikk 1 av 3 s\u00f8kere et tilbud. Vi anbefaler \u00e5 fortsette \u00e5 s\u00f8ke p\u00e5 tilbud som din familie vil v\u00e6re med p\u00e5.<\/p>\n\n\n\t\t\t<\/div>\n\t\t<\/div>\n\t\t\n\n\n\t\t<div class=\"t2-faq-item t2-accordion-item wp-block-t2-faq-item\" role=\"listitem\">\n\t\t\t<h3 class=\"t2-faq-title t2-accordion-title\" id=\"hvorfor-er-det-flest-tilbud-p\u00e5-s\u00f8rlandet?\">\n\t\t\t\t<button\n\t\t\t\t\taria-controls=\"faq-panel-4\"\n\t\t\t\t\taria-expanded=\"false\"\n\t\t\t\t\tclass=\"t2-faq-trigger t2-accordion-trigger\"\n\t\t\t\t\tid=\"faq-item-4\"\n\t\t\t\t\ttype=\"button\"\n\t\t\t\t>\n\t\t\t\t\tHvorfor er det flest tilbud p\u00e5 S\u00f8rlandet?\n\t\t\t\t\t<span class=\"t2-faq-icon t2-accordion-icon is-closed-icon\"><svg xmlns=\"http:\/\/www.w3.org\/2000\/svg\" viewBox=\"0 0 24 24\" height=\"24\" width=\"24\" class=\"t2-icon t2-icon-chevrondown\" aria-hidden=\"true\" focusable=\"false\"><path d=\"M12 14.9c-.1 0-.3 0-.4-.1-.1 0-.2-.1-.3-.2L6.7 10c-.2-.1-.3-.4-.3-.6 0-.3.1-.5.3-.7.2-.2.4-.3.7-.3s.5.1.7.3l3.9 3.9 3.9-3.9c.2-.2.4-.3.7-.3.3 0 .5.1.7.3.2.2.3.4.3.7s-.1.5-.3.7l-4.6 4.6c-.1.1-.2.2-.3.2H12z\" fill=\"currentColor\" \/><\/svg><\/span>\n\t\t\t\t\t<span class=\"t2-faq-icon t2-accordion-icon is-open-icon\"><svg xmlns=\"http:\/\/www.w3.org\/2000\/svg\" viewBox=\"0 0 24 24\" height=\"24\" width=\"24\" class=\"t2-icon t2-icon-chevronup\" aria-hidden=\"true\" focusable=\"false\"><path d=\"M6.7 14.7c-.2-.2-.3-.4-.3-.7s.1-.5.3-.7l4.6-4.6c.1-.1.2-.2.3-.2.1 0 .2-.1.4-.1.1 0 .3 0 .4.1.1 0 .2.1.3.2l4.6 4.6c.2.2.3.4.3.7s-.1.5-.3.7c-.2.2-.4.3-.7.3s-.5-.1-.7-.3L12 10.8l-3.9 3.9c-.2.2-.4.3-.7.3s-.5-.1-.7-.3z\" fill=\"currentColor\" \/><\/svg><\/span>\n\t\t\t\t<\/button>\n\t\t\t<\/h3>\n\t\t\t<div\n\t\t\t\taria-labelledby=\"faq-item-4\"\n\t\t\t\tclass=\"t2-faq-item__inner-container t2-accordion-item__inner-container is-layout-flow\"\n\t\t\t\tid=\"faq-panel-4\"\n\t\t\t\trole=\"region\"\n\t\t\t\thidden\n\t\t\t>\n\t\t\t\t\n\n<p>Vi h\u00e5per \u00e5 kunne ha tilbud flere steder, men fortsatt er det flest tilbud p\u00e5 \u00f8stlandet og s\u00f8rlandet, da mange vil reise p\u00e5 ferie til disse stedene.<\/p>\n\n\n\t\t\t<\/div>\n\t\t<\/div>\n\t\t\n\n\n\t\t<div class=\"t2-faq-item t2-accordion-item wp-block-t2-faq-item\" role=\"listitem\">\n\t\t\t<h3 class=\"t2-faq-title t2-accordion-title\" id=\"hva-er-forskjellen-p\u00e5-organiserte-ferier-og-hjerterom?\">\n\t\t\t\t<button\n\t\t\t\t\taria-controls=\"faq-panel-5\"\n\t\t\t\t\taria-expanded=\"false\"\n\t\t\t\t\tclass=\"t2-faq-trigger t2-accordion-trigger\"\n\t\t\t\t\tid=\"faq-item-5\"\n\t\t\t\t\ttype=\"button\"\n\t\t\t\t>\n\t\t\t\t\tHva er forskjellen p\u00e5 Organiserte ferier og Hjerterom?\n\t\t\t\t\t<span class=\"t2-faq-icon t2-accordion-icon is-closed-icon\"><svg xmlns=\"http:\/\/www.w3.org\/2000\/svg\" viewBox=\"0 0 24 24\" height=\"24\" width=\"24\" class=\"t2-icon t2-icon-chevrondown\" aria-hidden=\"true\" focusable=\"false\"><path d=\"M12 14.9c-.1 0-.3 0-.4-.1-.1 0-.2-.1-.3-.2L6.7 10c-.2-.1-.3-.4-.3-.6 0-.3.1-.5.3-.7.2-.2.4-.3.7-.3s.5.1.7.3l3.9 3.9 3.9-3.9c.2-.2.4-.3.7-.3.3 0 .5.1.7.3.2.2.3.4.3.7s-.1.5-.3.7l-4.6 4.6c-.1.1-.2.2-.3.2H12z\" fill=\"currentColor\" \/><\/svg><\/span>\n\t\t\t\t\t<span class=\"t2-faq-icon t2-accordion-icon is-open-icon\"><svg xmlns=\"http:\/\/www.w3.org\/2000\/svg\" viewBox=\"0 0 24 24\" height=\"24\" width=\"24\" class=\"t2-icon t2-icon-chevronup\" aria-hidden=\"true\" focusable=\"false\"><path d=\"M6.7 14.7c-.2-.2-.3-.4-.3-.7s.1-.5.3-.7l4.6-4.6c.1-.1.2-.2.3-.2.1 0 .2-.1.4-.1.1 0 .3 0 .4.1.1 0 .2.1.3.2l4.6 4.6c.2.2.3.4.3.7s-.1.5-.3.7c-.2.2-.4.3-.7.3s-.5-.1-.7-.3L12 10.8l-3.9 3.9c-.2.2-.4.3-.7.3s-.5-.1-.7-.3z\" fill=\"currentColor\" \/><\/svg><\/span>\n\t\t\t\t<\/button>\n\t\t\t<\/h3>\n\t\t\t<div\n\t\t\t\taria-labelledby=\"faq-item-5\"\n\t\t\t\tclass=\"t2-faq-item__inner-container t2-accordion-item__inner-container is-layout-flow\"\n\t\t\t\tid=\"faq-panel-5\"\n\t\t\t\trole=\"region\"\n\t\t\t\thidden\n\t\t\t>\n\t\t\t\t\n\n<p>Organiserte ferier er en ferie med andre familier der alt er betalt og organisert av Bl\u00e5 Kors ferier. Hjerterom er selvstendige ferier hvor familien f\u00e5r et overnattingstilbud, men er ellers selv ansvarlige for mat og andre aktiviteter.<\/p>\n\n\n\t\t\t<\/div>\n\t\t<\/div>\n\t\t\n\n\n\t\t<div class=\"t2-faq-item t2-accordion-item wp-block-t2-faq-item\" role=\"listitem\">\n\t\t\t<h3 class=\"t2-faq-title t2-accordion-title\" id=\"kan-vi-ta-med-hunden?\">\n\t\t\t\t<button\n\t\t\t\t\taria-controls=\"faq-panel-6\"\n\t\t\t\t\taria-expanded=\"false\"\n\t\t\t\t\tclass=\"t2-faq-trigger t2-accordion-trigger\"\n\t\t\t\t\tid=\"faq-item-6\"\n\t\t\t\t\ttype=\"button\"\n\t\t\t\t>\n\t\t\t\t\tKan vi ta med hunden?\n\t\t\t\t\t<span class=\"t2-faq-icon t2-accordion-icon is-closed-icon\"><svg xmlns=\"http:\/\/www.w3.org\/2000\/svg\" viewBox=\"0 0 24 24\" height=\"24\" width=\"24\" class=\"t2-icon t2-icon-chevrondown\" aria-hidden=\"true\" focusable=\"false\"><path d=\"M12 14.9c-.1 0-.3 0-.4-.1-.1 0-.2-.1-.3-.2L6.7 10c-.2-.1-.3-.4-.3-.6 0-.3.1-.5.3-.7.2-.2.4-.3.7-.3s.5.1.7.3l3.9 3.9 3.9-3.9c.2-.2.4-.3.7-.3.3 0 .5.1.7.3.2.2.3.4.3.7s-.1.5-.3.7l-4.6 4.6c-.1.1-.2.2-.3.2H12z\" fill=\"currentColor\" \/><\/svg><\/span>\n\t\t\t\t\t<span class=\"t2-faq-icon t2-accordion-icon is-open-icon\"><svg xmlns=\"http:\/\/www.w3.org\/2000\/svg\" viewBox=\"0 0 24 24\" height=\"24\" width=\"24\" class=\"t2-icon t2-icon-chevronup\" aria-hidden=\"true\" focusable=\"false\"><path d=\"M6.7 14.7c-.2-.2-.3-.4-.3-.7s.1-.5.3-.7l4.6-4.6c.1-.1.2-.2.3-.2.1 0 .2-.1.4-.1.1 0 .3 0 .4.1.1 0 .2.1.3.2l4.6 4.6c.2.2.3.4.3.7s-.1.5-.3.7c-.2.2-.4.3-.7.3s-.5-.1-.7-.3L12 10.8l-3.9 3.9c-.2.2-.4.3-.7.3s-.5-.1-.7-.3z\" fill=\"currentColor\" \/><\/svg><\/span>\n\t\t\t\t<\/button>\n\t\t\t<\/h3>\n\t\t\t<div\n\t\t\t\taria-labelledby=\"faq-item-6\"\n\t\t\t\tclass=\"t2-faq-item__inner-container t2-accordion-item__inner-container is-layout-flow\"\n\t\t\t\tid=\"faq-panel-6\"\n\t\t\t\trole=\"region\"\n\t\t\t\thidden\n\t\t\t>\n\t\t\t\t\n\n<p>Nei, det er ikke tillatt \u00e5 ta med kj\u00e6ledyr p\u00e5 v\u00e5re ferier.<\/p>\n\n\n\t\t\t<\/div>\n\t\t<\/div>\n\t\t\n\n\n\t\t<div class=\"t2-faq-item t2-accordion-item wp-block-t2-faq-item\" role=\"listitem\">\n\t\t\t<h3 class=\"t2-faq-title t2-accordion-title\" id=\"m\u00e5-jeg-ha-en-referanse?\">\n\t\t\t\t<button\n\t\t\t\t\taria-controls=\"faq-panel-7\"\n\t\t\t\t\taria-expanded=\"false\"\n\t\t\t\t\tclass=\"t2-faq-trigger t2-accordion-trigger\"\n\t\t\t\t\tid=\"faq-item-7\"\n\t\t\t\t\ttype=\"button\"\n\t\t\t\t>\n\t\t\t\t\tM\u00e5 jeg ha en referanse?\n\t\t\t\t\t<span class=\"t2-faq-icon t2-accordion-icon is-closed-icon\"><svg xmlns=\"http:\/\/www.w3.org\/2000\/svg\" viewBox=\"0 0 24 24\" height=\"24\" width=\"24\" class=\"t2-icon t2-icon-chevrondown\" aria-hidden=\"true\" focusable=\"false\"><path d=\"M12 14.9c-.1 0-.3 0-.4-.1-.1 0-.2-.1-.3-.2L6.7 10c-.2-.1-.3-.4-.3-.6 0-.3.1-.5.3-.7.2-.2.4-.3.7-.3s.5.1.7.3l3.9 3.9 3.9-3.9c.2-.2.4-.3.7-.3.3 0 .5.1.7.3.2.2.3.4.3.7s-.1.5-.3.7l-4.6 4.6c-.1.1-.2.2-.3.2H12z\" fill=\"currentColor\" \/><\/svg><\/span>\n\t\t\t\t\t<span class=\"t2-faq-icon t2-accordion-icon is-open-icon\"><svg xmlns=\"http:\/\/www.w3.org\/2000\/svg\" viewBox=\"0 0 24 24\" height=\"24\" width=\"24\" class=\"t2-icon t2-icon-chevronup\" aria-hidden=\"true\" focusable=\"false\"><path d=\"M6.7 14.7c-.2-.2-.3-.4-.3-.7s.1-.5.3-.7l4.6-4.6c.1-.1.2-.2.3-.2.1 0 .2-.1.4-.1.1 0 .3 0 .4.1.1 0 .2.1.3.2l4.6 4.6c.2.2.3.4.3.7s-.1.5-.3.7c-.2.2-.4.3-.7.3s-.5-.1-.7-.3L12 10.8l-3.9 3.9c-.2.2-.4.3-.7.3s-.5-.1-.7-.3z\" fill=\"currentColor\" \/><\/svg><\/span>\n\t\t\t\t<\/button>\n\t\t\t<\/h3>\n\t\t\t<div\n\t\t\t\taria-labelledby=\"faq-item-7\"\n\t\t\t\tclass=\"t2-faq-item__inner-container t2-accordion-item__inner-container is-layout-flow\"\n\t\t\t\tid=\"faq-panel-7\"\n\t\t\t\trole=\"region\"\n\t\t\t\thidden\n\t\t\t>\n\t\t\t\t\n\n<p>Du trenger ingen referanser for \u00e5 s\u00f8ke p\u00e5 Bl\u00e5 Kors ferier.<\/p>\n\n\n\t\t\t<\/div>\n\t\t<\/div>\n\t\t\n\n\n<\/div>\n\n\n\t\t<div class=\"wp-block-blakors-expanding-fact-box is-style-default wp-block-blakors-expanding-fact-box is-style-default wp-block-blakors-expanding-fact-box has-background has-blue-light-background-color\">\n\t\t\t<h3 id=\"hvem-far-vaere-med-bla-kors-ferier\"  class=\"blakors-fact-box__title\" >Hvem f\u00e5r v\u00e6re med Bl\u00e5 Kors ferier<\/h3>\n\t\t\t<div class=\"blakors-fact-box__content\">\n\t\t\t\t\n\n<p class=\"has-text-align-left has-blue-light-background-color has-background\">Alle som fyller ut s\u00f8knadsskjemaet og som er i m\u00e5lgruppen for tiltaket (dvs. har utfordringer relatert til psykisk helse, rus eller \u00f8konomi) er kvalifiserte til \u00e5 v\u00e6re med p\u00e5 ferie med Bl\u00e5 Kors ferier. Det er ikke behov for anbefaling fra Nav, barnevernstjeneste, eller lignende. Det er heller ikke krav til at barna m\u00e5 v\u00e6re i barneskolealder. Det er ikke tillatt \u00e5 ha med kj\u00e6ledyr p\u00e5 organiserte ferier med Bl\u00e5 Kors ferier.<\/p>\n\n\n\n<p>Bl\u00e5 Kors ferier opplever enorm p\u00e5gang og har ikke mulighet til \u00e5 gi et ferietilbud til alle som s\u00f8ker. Vi venter til etter s\u00f8knadsfrist med \u00e5 tildele feriene og \u00f8nsker at de som ikke tidligere har f\u00e5tt et tilbud, enten med oss, eller andre akt\u00f8rer skal f\u00e5 en mulighet f\u00f8rst. Derfor sp\u00f8r vi alltid om familien har v\u00e6rt med p\u00e5 en annen ferie, f\u00f8r vi gir mulighet til \u00e5 v\u00e6re med p\u00e5 ferie med Bl\u00e5 Kors ferier. <\/p>\n\n\n\n<p>Det er mange som opplever \u00e5 f\u00e5 gjentatte avslag p\u00e5 s\u00f8knadene sine. Dette er dessverre helt normalt, og betyr ikke at s\u00f8knaden ikke er godkjent. Det betyr kun at det ikke var plass til din familien p\u00e5 denne ferien, og vi kan ikke annet enn beklage. Vi anbefaler \u00e5 fortsette med \u00e5 s\u00f8ke, s\u00e5 vil det forh\u00e5pentligvis bli deres tur ogs\u00e5 til slutt.<\/p>\n\n\n\n<p>I henhold til Personvernregelverket oppbevarer vi ikke opplysninger om s\u00f8kere lenger enn n\u00f8dvendig.<\/p>\n\n\n\t\t\t<\/div>\n\t\t\t<div class=\"blakors-fact-box__toggle\">\n\t\t\t\t<button class=\"blakors-fact-box__button\"><svg xmlns=\"http:\/\/www.w3.org\/2000\/svg\" viewBox=\"0 0 17.367 17.367\"><path d=\"M0-8.684v-2.133H13.2L7.16-16.91l1.523-1.523L17.367-9.75,8.684-1.066,7.109-2.59,13.2-8.684Z\" transform=\"translate(0 18.434)\" \/><\/svg><\/button>\n\t\t\t<\/div>\n\t\t<\/div>","protected":false},"excerpt":{"rendered":"<p>Her har vi samlet en del vanlige sp\u00f8rsm\u00e5l. Du kan ogs\u00e5 ringe oss, eller sende oss en sms.Telefon: 960 00 167 (man-fre: 09:00-15:00)<\/p>\n","protected":false},"author":36,"featured_media":4432,"parent":0,"menu_order":0,"comment_status":"closed","ping_status":"closed","template":"","meta":{"_acf_changed":false,"_relevanssi_hide_post":"","_relevanssi_hide_content":"","_relevanssi_pin_for_all":"","_relevanssi_pin_keywords":"","_relevanssi_unpin_keywords":"","_relevanssi_related_keywords":"","_relevanssi_related_include_ids":"","_relevanssi_related_exclude_ids":"","_relevanssi_related_no_append":"","_relevanssi_related_not_related":"","_relevanssi_related_posts":"1","_relevanssi_noindex_reason":"","_custom_cards_description":"Vanlige sp\u00f8rsm\u00e5l og svar om Bl\u00e5 Kors ferier","footnotes":""},"class_list":["post-4431","page","type-page","status-publish","has-post-thumbnail","hentry"],"acf":[],"_links":{"self":[{"href":"https:\/\/www.blakors.no\/ferier\/wp-json\/wp\/v2\/pages\/4431","targetHints":{"allow":["GET"]}}],"collection":[{"href":"https:\/\/www.blakors.no\/ferier\/wp-json\/wp\/v2\/pages"}],"about":[{"href":"https:\/\/www.blakors.no\/ferier\/wp-json\/wp\/v2\/types\/page"}],"author":[{"embeddable":true,"href":"https:\/\/www.blakors.no\/ferier\/wp-json\/wp\/v2\/users\/36"}],"replies":[{"embeddable":true,"href":"https:\/\/www.blakors.no\/ferier\/wp-json\/wp\/v2\/comments?post=4431"}],"version-history":[{"count":5,"href":"https:\/\/www.blakors.no\/ferier\/wp-json\/wp\/v2\/pages\/4431\/revisions"}],"predecessor-version":[{"id":4563,"href":"https:\/\/www.blakors.no\/ferier\/wp-json\/wp\/v2\/pages\/4431\/revisions\/4563"}],"wp:featuredmedia":[{"embeddable":true,"href":"https:\/\/www.blakors.no\/ferier\/wp-json\/wp\/v2\/media\/4432"}],"wp:attachment":[{"href":"https:\/\/www.blakors.no\/ferier\/wp-json\/wp\/v2\/media?parent=4431"}],"curies":[{"name":"wp","href":"https:\/\/api.w.org\/{rel}","templated":true}]}}