{"id":4631,"date":"2024-08-28T13:16:49","date_gmt":"2024-08-28T11:16:49","guid":{"rendered":"https:\/\/www.blakors.no\/ferier\/?page_id=4631"},"modified":"2024-10-15T09:25:12","modified_gmt":"2024-10-15T07:25:12","slug":"forjulshelg-i-abra-havn-2","status":"publish","type":"page","link":"https:\/\/www.blakors.no\/ferier\/forjulshelg-i-abra-havn-2\/","title":{"rendered":"F\u00f8rjulshelg i Abra Havn"},"content":{"rendered":"<div class=\"custom-block-banner alignwide contenthalf\"><div class=\"banner-image\" style=\"background-image:url(https:\/\/www.blakors.no\/content\/uploads\/sites\/10\/2024\/08\/Bla-Kors-Kreftforeningen-stor-1024x683.jpg)\"><\/div><div class=\"banner-inner\"><div><h1 id=\"forjulshelg-i-abra-havn\"  class=\"title large \" >F\u00f8rjulshelg i Abra Havn<\/h1><p>Hiv og hoi! I samarbeid med Kreftforeningen blir det F\u00f8rjulshelg i Abra Havn fra l\u00f8rdag 16. november til s\u00f8ndag 17. november.\r\n\r\n<\/p><\/div><\/div><\/div>\n\n\n<p><strong>S\u00f8knadsfristen for denne f\u00f8rjulshelgen var 14. oktober.<\/strong><\/p>\n\n\n\n<p><strong>Like ved Kristiansand Dyrepark ligger det unike sj\u00f8r\u00f8verhotellet, Abra Havn. <\/strong>Kreftforeningen, i samarbeid med Bl\u00e5 Kors ferier, inviterer denne f\u00f8rjulshelgen familier som er ber\u00f8rt av kreft der barn er p\u00e5r\u00f8rende til en voksen med kreft. Vi vil tilbringe helgen i den magiske Sj\u00f8r\u00f8verlandsbyen Abra Havn, samt bes\u00f8ke Dyreparken som ligger en kort spasertur unna<strong>.<\/strong><\/p>\n\n\n\n<p><strong>Gjestene innkvarteres i sjarmerende \u00absj\u00f8r\u00f8verk\u00e5ker\u00bb<\/strong> (leiligheter i ulike st\u00f8rrelser tilpasset familiene). Alle boenheter har eget bad med dusj og WC. Senget\u00f8y og h\u00e5ndkl\u00e6r til alle i familien er i leiligheten. <strong>Alle m\u00e5ltider er inkludert i denne f\u00f8rjulshelgen. <\/strong><\/p>\n\n\n\n<h2 id=\"organisert-ferie\"  class=\"wp-block-heading\" >Organisert ferie<\/h2>\n\n\n\n<p><strong>Denne f\u00f8rjulshelgen i Abra Havn er en organisert ferie, hvor familier kommer fra ulike steder for \u00e5 v\u00e6re sammen. Her kan dere f\u00e5 en pause fra hverdagens utfordringer, knytte b\u00e5nd og relasjon samt utveksle erfaringer fra familier i lignende situasjoner. Vi skal oppleve Dyreparken og Abra Havn, spise god mat, leke og slappe av. Vi legger til rette for at barn og unge skal f\u00e5 opplevelser sammen med sine foresatte, og p\u00e5 den m\u00e5ten skape gode minner.<\/strong><\/p>\n\n\n\n<p>Til sammen er vi<strong>&nbsp;en gruppe p\u00e5 ca. 50 personer.<\/strong>&nbsp;I tillegg til ferieledere fra Kreftforeningen og Bl\u00e5 Kors ferier, har vi med oss Tidgivere (frivillige) som er med \u00e5 bidra til at alle skal ha det fint. Denne&nbsp;<strong>feriehelgen gir dere i stor grad mulighet for \u00e5 legge opp dagen slik dere \u00f8nsker.&nbsp;<\/strong>Helgen inkluderer opphold i leiligheter, alle m\u00e5ltider, aktiviteter og inngang til Dyreparken l\u00f8rdag og s\u00f8ndag.<\/p>\n\n\n\n<figure class=\"wp-block-image alignright size-thumbnail is-style-rounded\"><img loading=\"lazy\" decoding=\"async\" width=\"150\" height=\"150\" src=\"https:\/\/www.blakors.no\/content\/uploads\/sites\/10\/2020\/12\/Kanoner-i-Abra-Havn-150x150.jpg\" alt=\"Kanoner sikter mot Grashavet i Abra Havn\" class=\"wp-image-1299\" srcset=\"https:\/\/www.blakors.no\/content\/uploads\/sites\/10\/2020\/12\/Kanoner-i-Abra-Havn-150x150.jpg 150w, https:\/\/www.blakors.no\/content\/uploads\/sites\/10\/2020\/12\/Kanoner-i-Abra-Havn-300x300.jpg 300w\" sizes=\"auto, (max-width: 150px) 100vw, 150px\" \/><\/figure>\n\n\n\n<p><strong>Denne helgen koser vi oss i Abra Havn<\/strong> med god mat og alt som finnes i denne spennende sj\u00f8r\u00f8verlandsbyen. Siden dette er i vinterhalv\u00e5ret, er det ikke sj\u00f8r\u00f8vere i Abra Havn p\u00e5 denne tiden. De har reist p\u00e5 tokt til varmere str\u00f8k p\u00e5 Marmeladene. <strong>Alle foreldre har ansvar for sine egne barn.<\/strong>&nbsp;<\/p>\n\n\n\n<p>Det er forventet at det vil bli mange s\u00f8kere til denne turen, og det er dessverre ikke mulig \u00e5 f\u00e5 gitt et tilbud til alle. Vi skal etter beste evne fordele plassene s\u00e5 riktig som vi kan f\u00e5 til.<\/p>\n\n\n\n<p><br><strong>Velkommen!<\/strong><\/p>\n\n\n\n<h2 class=\"wp-block-heading\" id=\"h-s-knadsfristen-for-denne-familiehelgen-har-n-g-tt-ut\"><strong>S\u00f8knadsfrist var 14. oktober<\/strong><\/h2>\n\n\n\n<div class=\"custom-block-factbox\">\n\t<p><strong>Et verdifullt samarbeid<\/strong><\/p>\n<p>F\u00f8rjulsferien i Abra Havn arrangeres i samarbeid med Kreftforeningen.<\/p>\n<p>Les mer om <a href=\"https:\/\/kreftforeningen.no\/\" target=\"_blank\" rel=\"noopener\">Kreftforeningen her<\/a>.<\/p>\n<\/div>\n\n\n\n<h2 class=\"wp-block-heading\" id=\"h-inkludert\">Inkludert:<\/h2>\n\n\n\n<ul class=\"wp-block-list\">\n<li>Overnatting i Abra Havn fra l\u00f8rdag 16. til s\u00f8ndag 17. november<\/li>\n\n\n\n<li>Aktiviteter<\/li>\n\n\n\n<li>Alle m\u00e5ltider<\/li>\n\n\n\n<li>Inngang i Dyreparken l\u00f8rdag og s\u00f8ndag<\/li>\n<\/ul>\n\n\n\n<h2 class=\"wp-block-heading\" id=\"h-forsikring\">Forsikring<\/h2>\n\n\n\n<p>Alle deltakere dekkes av Bl\u00e5 Kors egen gruppeforsikring. Deltakere b\u00f8r ogs\u00e5 ha sin egen reiseforsikring.<\/p>\n\n\n\n<h2 class=\"wp-block-heading\" id=\"h-pris\">Pris<\/h2>\n\n\n\n<p><strong>Ferien er gratis. <\/strong>Transport dekkes selv. <\/p>\n\n\n\n<div style=\"text-align:center;\"><iframe src=\"https:\/\/www.google.com\/maps\/embed?pb=!1m18!1m12!1m3!1d378747.69101345795!2d7.602088474097742!3d58.37139026349128!2m3!1f0!2f0!3f0!3m2!1i1024!2i768!4f13.1!3m3!1m2!1s0x463800db05832e1d%3A0xcc1370a57d6a10be!2sAbra%20Havn!5e0!3m2!1sen!2sno!4v1615386918023!5m2!1sen!2sno\" width=\"600\" height=\"450\" style=\"border:0;\" allowfullscreen=\"\" loading=\"lazy\"><\/iframe><\/div>\n\n\n\n\n\n<h2 class=\"wp-block-heading\" id=\"h-personvern\">Personvern<\/h2>\n\n\n\n<p>Ved \u00e5 sende inn en s\u00f8knad til Bl\u00e5 Kors ferier, samtykker jeg i at Bl\u00e5 Kors ferier behandler mine opplysninger i tr\u00e5d med det som st\u00e5r i personvernerkl\u00e6ringen og gjeldende regelverk.<\/p>\n\n\n\n<div class=\"wp-block-button aligncenter is-style-primary\"><a class=\"wp-block-button__link wp-element-button\" href=\"https:\/\/www.blakors.no\/ferier\/personvernerklaering-ferier\/\">Personvernerkl\u00e6ring<\/a><\/div>\n\n\n\n<p>Ved \u00e5 krysse av p\u00e5 hvilken m\u00e5lgruppe jeg definerer meg og min familie, s\u00e5 samtykker jeg i \u00e5 dele disse opplysningene med Bl\u00e5 Kors ferier. Ved \u00e5 oppgi mine allergier, samtykker jeg til at Bl\u00e5 Kors ferier behandler helseopplysninger om meg. Form\u00e5let med \u00e5 oppgi allergier, er at Bl\u00e5 Kors ferier kan legge til rette for \u00e5 servere trygge og helsebringende m\u00e5ltider og vurdere en passende ferie tilpasset mine behov. Alle personopplysninger blir behandlet trygt, og deles kun med utvalgte personer som trenger opplysningene for \u00e5 legge til rette for ferietilbudet. Informasjonen Bl\u00e5 Kors ferier samler inn, slettes n\u00e5r vi ikke lenger har bruk for de, eller n\u00e5r du trekker ditt samtykke for behandling av personopplysninger.<\/p>\n\n\n\n<div class=\"wp-block-buttons is-horizontal is-content-justification-center is-layout-flex wp-container-core-buttons-is-layout-499968f5 wp-block-buttons-is-layout-flex\">\n<div class=\"wp-block-button is-style-primary\"><a class=\"wp-block-button__link wp-element-button\" href=\"https:\/\/www.blakors.no\/ferier\/forjulshelg-i-abra-havn-2\/\">Tilbake til toppen<\/a><\/div>\n<\/div>\n\n\n\n<div class=\"wp-block-group is-layout-constrained wp-block-group-is-layout-constrained\"><\/div>\n","protected":false},"excerpt":{"rendered":"<p>S\u00f8knadsfristen for denne f\u00f8rjulshelgen var 14. oktober. Like ved Kristiansand Dyrepark ligger det unike sj\u00f8r\u00f8verhotellet, Abra Havn. Kreftforeningen, i samarbeid med Bl\u00e5 Kors ferier, inviterer denne f\u00f8rjulshelgen familier som er ber\u00f8rt av kreft der barn er p\u00e5r\u00f8rende til en voksen med kreft. Vi vil tilbringe helgen i den magiske Sj\u00f8r\u00f8verlandsbyen Abra Havn, samt bes\u00f8ke Dyreparken [&hellip;]<\/p>\n","protected":false},"author":36,"featured_media":4644,"parent":0,"menu_order":0,"comment_status":"closed","ping_status":"closed","template":"","meta":{"_acf_changed":false,"_relevanssi_hide_post":"","_relevanssi_hide_content":"","_relevanssi_pin_for_all":"","_relevanssi_pin_keywords":"","_relevanssi_unpin_keywords":"","_relevanssi_related_keywords":"","_relevanssi_related_include_ids":"","_relevanssi_related_exclude_ids":"","_relevanssi_related_no_append":"","_relevanssi_related_not_related":"","_relevanssi_related_posts":"1","_relevanssi_noindex_reason":"","_custom_cards_description":"F\u00f8rjulshelg 16.-17. november med Kreftforeningen for familier ber\u00f8rte av kreft.","footnotes":""},"class_list":["post-4631","page","type-page","status-publish","has-post-thumbnail","hentry"],"acf":[],"_links":{"self":[{"href":"https:\/\/www.blakors.no\/ferier\/wp-json\/wp\/v2\/pages\/4631","targetHints":{"allow":["GET"]}}],"collection":[{"href":"https:\/\/www.blakors.no\/ferier\/wp-json\/wp\/v2\/pages"}],"about":[{"href":"https:\/\/www.blakors.no\/ferier\/wp-json\/wp\/v2\/types\/page"}],"author":[{"embeddable":true,"href":"https:\/\/www.blakors.no\/ferier\/wp-json\/wp\/v2\/users\/36"}],"replies":[{"embeddable":true,"href":"https:\/\/www.blakors.no\/ferier\/wp-json\/wp\/v2\/comments?post=4631"}],"version-history":[{"count":5,"href":"https:\/\/www.blakors.no\/ferier\/wp-json\/wp\/v2\/pages\/4631\/revisions"}],"predecessor-version":[{"id":4777,"href":"https:\/\/www.blakors.no\/ferier\/wp-json\/wp\/v2\/pages\/4631\/revisions\/4777"}],"wp:featuredmedia":[{"embeddable":true,"href":"https:\/\/www.blakors.no\/ferier\/wp-json\/wp\/v2\/media\/4644"}],"wp:attachment":[{"href":"https:\/\/www.blakors.no\/ferier\/wp-json\/wp\/v2\/media?parent=4631"}],"curies":[{"name":"wp","href":"https:\/\/api.w.org\/{rel}","templated":true}]}}