{"id":4728,"date":"2024-09-19T13:36:04","date_gmt":"2024-09-19T11:36:04","guid":{"rendered":"https:\/\/www.blakors.no\/ferier\/?page_id=4728"},"modified":"2024-11-19T12:29:59","modified_gmt":"2024-11-19T11:29:59","slug":"romjulsferie-pa-gautestad","status":"publish","type":"page","link":"https:\/\/www.blakors.no\/ferier\/romjulsferie-pa-gautestad\/","title":{"rendered":"Romjulsferie p\u00e5 Gautestad"},"content":{"rendered":"<div class=\"custom-block-banner alignwide contenthalf\"><div class=\"banner-image\" style=\"background-image:url(https:\/\/www.blakors.no\/content\/uploads\/sites\/10\/2021\/11\/29258143_10160098238365364_4141391652180721664_o-1024x768.jpg)\"><\/div><div class=\"banner-inner\"><div><h1 id=\"romjulsferie-pa-gautestad\"  class=\"title small \" >Romjulsferie p\u00e5 Gautestad<\/h1><p>Denne romjulen arrangerer vi en hyggelig romjulsferie p\u00e5 Gautestad p\u00e5 Evje. Ferien er fra fredag 27. desember til mandag 30. desember. S\u00f8knadsfrist er utg\u00e5tt.<\/p><\/div><\/div><\/div>\n\n\n<h2 class=\"wp-block-heading\" id=\"h-vinterferie-p-gautestad\">Romjulsferie p\u00e5 Gautestad<\/h2>\n\n\n\n<p>Bl\u00e5 Kors ferier inviterer til romjulsferie p\u00e5 flotte <a href=\"https:\/\/gautestad.nlm.no\/\" target=\"_blank\" data-type=\"link\" data-id=\"https:\/\/gautestad.nlm.no\/\" rel=\"noreferrer noopener\">Gautestad Fjellstue<\/a> med turopplevelser ute i den flotte naturen.<\/p>\n\n\n\n<p>Gautestad ligger i Evje og Hornnes kommune ved inngangen til vakre Setesdal. Her er det nydelig natur, en fin mulighet til \u00e5 b\u00e5de g\u00e5 p\u00e5 ski, ake, og tilbringe tid med familien. I tillegg vil det bli lek, spill, Bingo og hobbyaktivitet innend\u00f8rs.&nbsp;<\/p>\n\n\n\n<figure class=\"wp-block-image aligncenter size-thumbnail is-style-rounded\"><img loading=\"lazy\" decoding=\"async\" width=\"150\" height=\"150\" src=\"https:\/\/www.blakors.no\/content\/uploads\/sites\/10\/2021\/09\/Juletre-pa-Hovden-150x150.jpeg\" alt=\"\" class=\"wp-image-2399\" style=\"aspect-ratio:1;object-fit:cover\" srcset=\"https:\/\/www.blakors.no\/content\/uploads\/sites\/10\/2021\/09\/Juletre-pa-Hovden-150x150.jpeg 150w, https:\/\/www.blakors.no\/content\/uploads\/sites\/10\/2021\/09\/Juletre-pa-Hovden-300x300.jpeg 300w, https:\/\/www.blakors.no\/content\/uploads\/sites\/10\/2021\/09\/Juletre-pa-Hovden-200x200.jpeg 200w\" sizes=\"auto, (max-width: 150px) 100vw, 150px\" \/><\/figure>\n\n\n\n<p>Vi bor p\u00e5 Gautestad Fjellstue.&nbsp;Alle familier f\u00e5r eget rom med bad.&nbsp;Her m\u00e5 hver familie ta med&nbsp;senget\u00f8y, laken og h\u00e5ndkl\u00e6r&nbsp;selv.&nbsp;&nbsp;<br>I de tilfellene hvor det er sm\u00e5 barn i familien kan vi ordne reiseseng til dere.&nbsp;&nbsp;<\/p>\n\n\n\n<p>M\u00e5ltidene er felles i eget felleslokale.&nbsp;<\/p>\n\n\n\n<p>P\u00e5 romjulsferien kommer vi til \u00e5 v\u00e6re mye ute, s\u00e5 det er viktig at dere pakker med varmt og godt t\u00f8y til b\u00e5de store og sm\u00e5.&nbsp;<\/p>\n\n\n\n<figure class=\"wp-block-image aligncenter size-thumbnail is-style-rounded\"><img loading=\"lazy\" decoding=\"async\" width=\"150\" height=\"150\" src=\"https:\/\/www.blakors.no\/content\/uploads\/sites\/10\/2023\/11\/michal-janek-1d1l3gU1PQk-unsplash-150x150.jpg\" alt=\"To barn aker p\u00e5 sn\u00f8en i en akebakke\" class=\"wp-image-4097\" srcset=\"https:\/\/www.blakors.no\/content\/uploads\/sites\/10\/2023\/11\/michal-janek-1d1l3gU1PQk-unsplash-150x150.jpg 150w, https:\/\/www.blakors.no\/content\/uploads\/sites\/10\/2023\/11\/michal-janek-1d1l3gU1PQk-unsplash-300x300.jpg 300w, https:\/\/www.blakors.no\/content\/uploads\/sites\/10\/2023\/11\/michal-janek-1d1l3gU1PQk-unsplash-200x200.jpg 200w\" sizes=\"auto, (max-width: 150px) 100vw, 150px\" \/><\/figure>\n\n\n\n<h2 class=\"wp-block-heading\" id=\"h-organisert-ferie\">Organisert ferie<\/h2>\n\n\n\n<p><strong>Denne&nbsp;romjulsferien&nbsp;er en organisert ferie, hvor familier kommer fra ulike steder for \u00e5 v\u00e6re sammen. En organisert ferie med Bl\u00e5 Kors er en mulighet til \u00e5 reise p\u00e5 en trygg og spennende ferie, planlagt av dyktige ferieledere som ordner praktiske gj\u00f8rem\u00e5l og er tilgjengelige for gjestene v\u00e5re.<\/strong><\/p>\n\n\n\n<p>Til sammen er vi<strong> en gruppe p\u00e5 ca. 50 personer.<\/strong> Dette er en ferie for dere som \u00f8nsker sosialt samv\u00e6r og hygge med andre familier. Men ferien gir ogs\u00e5 mulighet for \u00e5 legge opp dagene slik dere \u00f8nsker. Det er inkludert opphold og alle m\u00e5ltider samt utflukter og turer. <\/p>\n\n\n\n<p>Med p\u00e5 ferien vil det v\u00e6re ferieledere&nbsp;og&nbsp;Tidgivere&nbsp;som ordner praktiske gj\u00f8rem\u00e5l, og som er tilgjengelige for gjestene v\u00e5re, slik at alle skal kunne ha det fint. Alle foreldre har ansvar for sine egne barn.&nbsp;&nbsp;<\/p>\n\n\n\n<figure class=\"wp-block-image aligncenter size-thumbnail is-style-rounded\"><img loading=\"lazy\" decoding=\"async\" width=\"150\" height=\"150\" src=\"https:\/\/www.blakors.no\/content\/uploads\/sites\/10\/2021\/09\/Aking-pa-Hovden-150x150.jpg\" alt=\"Aking p\u00e5 Hovden\" class=\"wp-image-2394\" srcset=\"https:\/\/www.blakors.no\/content\/uploads\/sites\/10\/2021\/09\/Aking-pa-Hovden-150x150.jpg 150w, https:\/\/www.blakors.no\/content\/uploads\/sites\/10\/2021\/09\/Aking-pa-Hovden-300x300.jpg 300w, https:\/\/www.blakors.no\/content\/uploads\/sites\/10\/2021\/09\/Aking-pa-Hovden-200x200.jpg 200w\" sizes=\"auto, (max-width: 150px) 100vw, 150px\" \/><\/figure>\n\n\n\n<p>Ferien gir muligheter for ro og avslapning, g\u00f8yale aktiviteter p\u00e5 dagtid, og hyggelig sosialt samv\u00e6r p\u00e5 kveldstid.<strong> Vi legger til rette for at barn og unge skal f\u00e5 opplevelser sammen med sine foresatte, og p\u00e5 den m\u00e5ten skape gode minner sammen.<\/strong><\/p>\n\n\n\n<p><strong>Velkommen!<\/strong><\/p>\n\n\n\n<h2 id=\"soknadsfrist-er-utgatt-17-november\"  class=\"wp-block-heading\" ><strong>S\u00f8knadsfrist er utg\u00e5tt (17. november)<\/strong><\/h2>\n\n\n\n<h2 class=\"wp-block-heading\" id=\"h-inkludert\">Inkludert:<\/h2>\n\n\n\n<ul class=\"wp-block-list\">\n<li>Overnatting (m\u00e5 ha med eget senget\u00f8y, laken og h\u00e5ndkle)<\/li>\n\n\n\n<li>Alle m\u00e5ltider<\/li>\n\n\n\n<li>Aktiviteter<\/li>\n<\/ul>\n\n\n\n\t\t<div class=\"wp-block-blakors-expanding-fact-box is-style-default wp-block-blakors-expanding-fact-box is-style-default wp-block-blakors-expanding-fact-box has-background has-blue-light-background-color\">\n\t\t\t<h3 id=\"hvem-far-vaere-med-bla-kors-ferier\"  class=\"blakors-fact-box__title\" >Hvem f\u00e5r v\u00e6re med Bl\u00e5 Kors ferier<\/h3>\n\t\t\t<div class=\"blakors-fact-box__content\">\n\t\t\t\t\n\n<p class=\"has-text-align-left has-blue-light-background-color has-background\">Alle som fyller ut s\u00f8knadsskjemaet og som er i m\u00e5lgruppen for tiltaket (dvs. har utfordringer relatert til psykisk helse, rus eller \u00f8konomi) er kvalifiserte til \u00e5 v\u00e6re med p\u00e5 ferie med Bl\u00e5 Kors ferier. Det er ikke behov for anbefaling fra Nav, barnevernstjeneste, eller lignende. Det er heller ikke krav til at barna m\u00e5 v\u00e6re i barneskolealder. Det er ikke tillatt \u00e5 ha med kj\u00e6ledyr p\u00e5 organiserte ferier med Bl\u00e5 Kors ferier.<\/p>\n\n\n\n<p>Bl\u00e5 Kors ferier opplever enorm p\u00e5gang og har ikke mulighet til \u00e5 gi et ferietilbud til alle som s\u00f8ker. Vi venter til etter s\u00f8knadsfrist med \u00e5 tildele feriene og \u00f8nsker at de som ikke tidligere har f\u00e5tt et tilbud, enten med oss, eller andre akt\u00f8rer skal f\u00e5 en mulighet f\u00f8rst. Derfor sp\u00f8r vi alltid om familien har v\u00e6rt med p\u00e5 en annen ferie, f\u00f8r vi gir mulighet til \u00e5 v\u00e6re med p\u00e5 ferie med Bl\u00e5 Kors ferier. <\/p>\n\n\n\n<p>Det er mange som opplever \u00e5 f\u00e5 gjentatte avslag p\u00e5 s\u00f8knadene sine. Dette er dessverre helt normalt, og betyr ikke at s\u00f8knaden ikke er godkjent. Det betyr kun at det ikke var plass til din familien p\u00e5 denne ferien, og vi kan ikke annet enn beklage. Vi anbefaler \u00e5 fortsette med \u00e5 s\u00f8ke, s\u00e5 vil det forh\u00e5pentligvis bli deres tur ogs\u00e5 til slutt.<\/p>\n\n\n\n<p>I henhold til Personvernregelverket oppbevarer vi ikke opplysninger om s\u00f8kere lenger enn n\u00f8dvendig.<\/p>\n\n\n\t\t\t<\/div>\n\t\t\t<div class=\"blakors-fact-box__toggle\">\n\t\t\t\t<button class=\"blakors-fact-box__button\"><svg xmlns=\"http:\/\/www.w3.org\/2000\/svg\" viewBox=\"0 0 17.367 17.367\"><path d=\"M0-8.684v-2.133H13.2L7.16-16.91l1.523-1.523L17.367-9.75,8.684-1.066,7.109-2.59,13.2-8.684Z\" transform=\"translate(0 18.434)\" \/><\/svg><\/button>\n\t\t\t<\/div>\n\t\t<\/div>\n\n\n<h2 class=\"wp-block-heading\" id=\"h-forsikring\">Forsikring<\/h2>\n\n\n\n<p>Alle deltakere dekkes av Bl\u00e5 Kors egen gruppeforsikring. Deltakere b\u00f8r ogs\u00e5 ha sin egen reiseforsikring.<\/p>\n\n\n\n<h2 class=\"wp-block-heading\" id=\"h-pris\">Pris<\/h2>\n\n\n\n<p><strong>Ferien er gratis<\/strong>.&nbsp;Transport til og fra Gautestad Fjellstue dekkes selv. For gjester som kommer med buss kan vi hente p\u00e5 Evje. Om familien er knyttet opp til NAV, barnevernstjenesten med flere, anbefaler vi \u00e5 sjekke om det kan v\u00e6re mulig \u00e5 s\u00f8ke om dekning av reisekostnader til og fra Gautestad Fjellstue via disse.<\/p>\n\n\n\n<div class=\"wp-block-group is-layout-constrained wp-block-group-is-layout-constrained\">\n<div style=\"text-align:center;\"><iframe src=\"https:\/\/www.google.com\/maps\/embed?pb=!1m18!1m12!1m3!1d448439.8903196021!2d7.3898171499774215!3d58.525570905293606!2m3!1f0!2f0!3f0!3m2!1i1024!2i768!4f13.1!3m3!1m2!1s0x46386fdc53e5862d%3A0x3a6fa37b9e17982f!2sGautestad%20Fjellstue!5e0!3m2!1sen!2sno!4v1726747625384!5m2!1sen!2sno\" width=\"600\" height=\"450\" style=\"border:0;\" allowfullscreen=\"\" loading=\"lazy\"><\/iframe><\/div>\n<\/div>\n\n\n\n\n\n<h2 class=\"wp-block-heading\" id=\"h-personvern\"><strong>Personvern<\/strong><\/h2>\n\n\n\n<p>Ved \u00e5 sende inn en s\u00f8knad til Bl\u00e5 Kors ferier, samtykker jeg i at Bl\u00e5 Kors ferier behandler mine opplysninger i tr\u00e5d med det som st\u00e5r i personvernerkl\u00e6ringen og gjeldende regelverk.<\/p>\n\n\n\n<div class=\"wp-block-buttons is-content-justification-center is-layout-flex wp-block-buttons-is-layout-flex\">\n<div class=\"wp-block-button is-style-primary\"><a class=\"wp-block-button__link\" href=\"https:\/\/www.blakors.no\/ferier\/personvernerklaering-ferier\/\">Personvernerkl\u00e6ring<\/a><\/div>\n<\/div>\n\n\n\n<p class=\"has-text-align-center\"><strong>S\u00f8knadsskjema er nederst p\u00e5 denne siden.<\/strong><\/p>\n\n\n\n<p>Ved \u00e5 krysse av p\u00e5 hvilken m\u00e5lgruppe jeg definerer meg og min familie, s\u00e5 samtykker jeg i \u00e5 dele disse opplysningene med Bl\u00e5 Kors ferier. Ved \u00e5 oppgi mine allergier, samtykker jeg til at Bl\u00e5 Kors ferier behandler helseopplysninger om meg. Form\u00e5let med \u00e5 oppgi allergier, er at Bl\u00e5 Kors ferier kan legge til rette for \u00e5 servere trygge og helsebringende m\u00e5ltider og vurdere en passende ferie tilpasset mine behov. Alle personopplysninger blir behandlet trygt, og deles kun med utvalgte personer som trenger opplysningene for \u00e5 legge til rette for ferietilbudet. Informasjonen Bl\u00e5 Kors ferier samler inn, slettes n\u00e5r vi ikke lenger har bruk for de, eller n\u00e5r du trekker ditt samtykke for behandling av personopplysninger.<\/p>\n\n\n\n<div class=\"wp-block-buttons is-horizontal is-content-justification-center is-layout-flex wp-container-core-buttons-is-layout-499968f5 wp-block-buttons-is-layout-flex\">\n<div class=\"wp-block-button is-style-primary\"><a class=\"wp-block-button__link wp-element-button\" href=\"https:\/\/www.blakors.no\/ferier\/romjulsferie-pa-gautestad\">Tilbake til toppen<\/a><\/div>\n<\/div>\n","protected":false},"excerpt":{"rendered":"<p>Romjulsferie p\u00e5 Gautestad Bl\u00e5 Kors ferier inviterer til romjulsferie p\u00e5 flotte Gautestad Fjellstue med turopplevelser ute i den flotte naturen. Gautestad ligger i Evje og Hornnes kommune ved inngangen til vakre Setesdal. Her er det nydelig natur, en fin mulighet til \u00e5 b\u00e5de g\u00e5 p\u00e5 ski, ake, og tilbringe tid med familien. I tillegg vil [&hellip;]<\/p>\n","protected":false},"author":36,"featured_media":2542,"parent":0,"menu_order":0,"comment_status":"closed","ping_status":"closed","template":"","meta":{"_acf_changed":false,"_relevanssi_hide_post":"","_relevanssi_hide_content":"","_relevanssi_pin_for_all":"","_relevanssi_pin_keywords":"","_relevanssi_unpin_keywords":"","_relevanssi_related_keywords":"","_relevanssi_related_include_ids":"","_relevanssi_related_exclude_ids":"","_relevanssi_related_no_append":"","_relevanssi_related_not_related":"","_relevanssi_related_posts":"1","_relevanssi_noindex_reason":"","_custom_cards_description":"Organisert ferie med andre familier 27.-30. desember p\u00e5 Gautestad Fjellstue ved Evje. S\u00f8knadsfrist 17. november.","footnotes":""},"class_list":["post-4728","page","type-page","status-publish","has-post-thumbnail","hentry"],"acf":[],"_links":{"self":[{"href":"https:\/\/www.blakors.no\/ferier\/wp-json\/wp\/v2\/pages\/4728","targetHints":{"allow":["GET"]}}],"collection":[{"href":"https:\/\/www.blakors.no\/ferier\/wp-json\/wp\/v2\/pages"}],"about":[{"href":"https:\/\/www.blakors.no\/ferier\/wp-json\/wp\/v2\/types\/page"}],"author":[{"embeddable":true,"href":"https:\/\/www.blakors.no\/ferier\/wp-json\/wp\/v2\/users\/36"}],"replies":[{"embeddable":true,"href":"https:\/\/www.blakors.no\/ferier\/wp-json\/wp\/v2\/comments?post=4728"}],"version-history":[{"count":4,"href":"https:\/\/www.blakors.no\/ferier\/wp-json\/wp\/v2\/pages\/4728\/revisions"}],"predecessor-version":[{"id":4833,"href":"https:\/\/www.blakors.no\/ferier\/wp-json\/wp\/v2\/pages\/4728\/revisions\/4833"}],"wp:featuredmedia":[{"embeddable":true,"href":"https:\/\/www.blakors.no\/ferier\/wp-json\/wp\/v2\/media\/2542"}],"wp:attachment":[{"href":"https:\/\/www.blakors.no\/ferier\/wp-json\/wp\/v2\/media?parent=4728"}],"curies":[{"name":"wp","href":"https:\/\/api.w.org\/{rel}","templated":true}]}}