{"id":5324,"date":"2025-09-05T10:38:09","date_gmt":"2025-09-05T08:38:09","guid":{"rendered":"https:\/\/www.blakors.no\/ferier\/?page_id=5324"},"modified":"2025-11-17T12:40:29","modified_gmt":"2025-11-17T11:40:29","slug":"romjulsferie-pa-flotte-evjetun-i-setesdal","status":"publish","type":"page","link":"https:\/\/www.blakors.no\/ferier\/romjulsferie-pa-flotte-evjetun-i-setesdal\/","title":{"rendered":"Romjulsferie p\u00e5 flotte Evjetun i Setesdal"},"content":{"rendered":"<div class=\"custom-block-banner alignwide has-background has-blue-light-background-color contenthalf\"><div class=\"banner-image\" style=\"background-image:url(https:\/\/www.blakors.no\/content\/uploads\/sites\/10\/2025\/09\/Evjetun-1024x505.jpg)\"><\/div><div class=\"banner-inner\"><div><h1 id=\"romjulsferie-pa-flotte-evjetun-i-setesdal\"  class=\"title small \" >Romjulsferie p\u00e5 flotte Evjetun i Setesdal<\/h1><p>L\u00f8rdag 27. desember til tirsdag 30. desember arrangerer vi en koselig romjulsferie p\u00e5 Evjetun leirsted i Setesdal. <\/p><\/div><\/div><\/div>\n\n\n<h3 class=\"wp-block-heading has-text-align-center\" id=\"h-vinterferie-p-gautestad\"><strong>S\u00f8knadsfristen p\u00e5 denne ferien har g\u00e5tt ut.<\/strong><\/h3>\n\n\n\n<p>Evjetun ligger i Evje og Hornnes kommune ved inngangen til vakre Setesdal. Her er det flott natur og fine muligheter for lek og samv\u00e6r b\u00e5de inne og ute, sammen med familien og andre. Det blir lek, spill, bingo, hobbyaktiviteter og mye mer. <\/p>\n\n\n\n<p>Disse dagene bor vi p\u00e5 <a href=\"https:\/\/www.evjetun.no\/\" data-type=\"link\" data-id=\"https:\/\/www.evjetun.no\/\" target=\"_blank\" rel=\"noopener\">Evjetun leirsted<\/a>. Alle familier f\u00e5r eget rom med bad. Hver familie m\u00e5 ta med senget\u00f8y, laken og h\u00e5ndkl\u00e6r selv. Har dere sm\u00e5 barn, kan vi ordne med reiseseng til dere. <\/p>\n\n\n\n<p>M\u00e5ltidene spiser vi felles i eget lokale. <\/p>\n\n\n\n<p>Vi kommer til \u00e5 v\u00e6re en del ute, s\u00e5 det er viktig at dere pakker med varmt og godt t\u00f8y til b\u00e5de store og sm\u00e5.  <\/p>\n\n\n\n<figure class=\"wp-block-image size-large is-resized\"><img loading=\"lazy\" decoding=\"async\" width=\"1024\" height=\"423\" src=\"https:\/\/www.blakors.no\/content\/uploads\/sites\/10\/2025\/09\/Evjetun-Gautestad-1-of-1-34-1-1024x423.jpg\" alt=\"\" class=\"wp-image-5331\" style=\"width:800px;height:auto\" srcset=\"https:\/\/www.blakors.no\/content\/uploads\/sites\/10\/2025\/09\/Evjetun-Gautestad-1-of-1-34-1-1024x423.jpg 1024w, https:\/\/www.blakors.no\/content\/uploads\/sites\/10\/2025\/09\/Evjetun-Gautestad-1-of-1-34-1-300x124.jpg 300w, https:\/\/www.blakors.no\/content\/uploads\/sites\/10\/2025\/09\/Evjetun-Gautestad-1-of-1-34-1-768x317.jpg 768w, https:\/\/www.blakors.no\/content\/uploads\/sites\/10\/2025\/09\/Evjetun-Gautestad-1-of-1-34-1-1536x635.jpg 1536w, https:\/\/www.blakors.no\/content\/uploads\/sites\/10\/2025\/09\/Evjetun-Gautestad-1-of-1-34-1-2048x846.jpg 2048w\" sizes=\"auto, (max-width: 1024px) 100vw, 1024px\" \/><figcaption class=\"wp-element-caption\">Foto: Evjetun-Gautestad<\/figcaption><\/figure>\n\n\n\n<h2 class=\"wp-block-heading\" id=\"h-organisert-ferie\">Organisert ferie<\/h2>\n\n\n\n<p><strong>Denne&nbsp;romjulsferien&nbsp;er en organisert ferie, hvor familier kommer fra ulike steder for \u00e5 v\u00e6re sammen. En organisert ferie med Bl\u00e5 Kors er en mulighet til \u00e5 reise p\u00e5 en trygg og spennende ferie, planlagt av dyktige ferieledere.<\/strong><\/p>\n\n\n\n<p>Til sammen er vi<strong> en gruppe p\u00e5 ca. 50 personer.<\/strong> Dette er en ferie for dere som \u00f8nsker sosialt samv\u00e6r og hygge med andre familier. Men ferien gir ogs\u00e5 mulighet for \u00e5 legge opp dagene slik dere \u00f8nsker. Det er inkludert opphold, alle m\u00e5ltider og aktiviteter.<\/p>\n\n\n\n<p>Med p\u00e5 ferien vil det v\u00e6re ferieledere&nbsp;og&nbsp;Tidgivere&nbsp;(frivillige) som ordner praktiske gj\u00f8rem\u00e5l, og som er tilgjengelige for gjestene v\u00e5re, slik at alle skal kunne ha det fint. <strong>Alle foreldre har ansvar for sine egne barn.<\/strong>&nbsp;&nbsp;<\/p>\n\n\n\n<p>Ferien gir muligheter for ro og avslapning, g\u00f8yale aktiviteter p\u00e5 dagtid, og hyggelig sosialt samv\u00e6r p\u00e5 kveldstid.<strong> Vi legger til rette for at barn og unge skal f\u00e5 opplevelser sammen med sine foresatte, og p\u00e5 den m\u00e5ten skape gode minner sammen.<\/strong><\/p>\n\n\n\n<h3 id=\"soknadsfristen-pa-denne-ferien-har-gatt-ut\"  class=\"wp-block-heading has-text-align-center\" ><strong>S\u00f8knadsfristen p\u00e5 denne ferien har g\u00e5tt ut.<\/strong><\/h3>\n\n\n\n<h2 class=\"wp-block-heading\" id=\"h-inkludert\">Inkludert<\/h2>\n\n\n\n<ul class=\"wp-block-list\">\n<li>Overnatting l\u00f8rsdag 27. til tirsdag 30. desember (m\u00e5 ha med eget senget\u00f8y, laken og h\u00e5ndkle)<\/li>\n\n\n\n<li>Alle m\u00e5ltider<\/li>\n\n\n\n<li>Aktiviteter<\/li>\n<\/ul>\n\n\n\n\t\t<div class=\"wp-block-blakors-expanding-fact-box is-style-default wp-block-blakors-expanding-fact-box is-style-default wp-block-blakors-expanding-fact-box has-background has-blue-light-background-color\">\n\t\t\t<h3 id=\"hvem-far-vaere-med-bla-kors-ferier\"  class=\"blakors-fact-box__title\" >Hvem f\u00e5r v\u00e6re med Bl\u00e5 Kors ferier<\/h3>\n\t\t\t<div class=\"blakors-fact-box__content\">\n\t\t\t\t\n\n<p class=\"has-text-align-left has-blue-light-background-color has-background\">Alle som fyller ut s\u00f8knadsskjemaet og som er i m\u00e5lgruppen for tiltaket (dvs. har utfordringer relatert til psykisk helse, rus eller \u00f8konomi) er kvalifiserte til \u00e5 v\u00e6re med p\u00e5 ferie med Bl\u00e5 Kors ferier. Det er ikke behov for anbefaling fra Nav, barnevernstjeneste, eller lignende. Det er heller ikke krav til at barna m\u00e5 v\u00e6re i barneskolealder. Det er ikke tillatt \u00e5 ha med kj\u00e6ledyr p\u00e5 organiserte ferier med Bl\u00e5 Kors ferier.<\/p>\n\n\n\n<p>Bl\u00e5 Kors ferier opplever enorm p\u00e5gang og har ikke mulighet til \u00e5 gi et ferietilbud til alle som s\u00f8ker. Vi venter til etter s\u00f8knadsfrist med \u00e5 tildele feriene og \u00f8nsker at de som ikke tidligere har f\u00e5tt et tilbud, enten med oss, eller andre akt\u00f8rer skal f\u00e5 en mulighet f\u00f8rst. Derfor sp\u00f8r vi alltid om familien har v\u00e6rt med p\u00e5 en annen ferie, f\u00f8r vi gir mulighet til \u00e5 v\u00e6re med p\u00e5 ferie med Bl\u00e5 Kors ferier. <\/p>\n\n\n\n<p>Det er mange som opplever \u00e5 f\u00e5 gjentatte avslag p\u00e5 s\u00f8knadene sine. Dette er dessverre helt normalt, og betyr ikke at s\u00f8knaden ikke er godkjent. Det betyr kun at det ikke var plass til din familien p\u00e5 denne ferien, og vi kan ikke annet enn beklage. Vi anbefaler \u00e5 fortsette med \u00e5 s\u00f8ke, s\u00e5 vil det forh\u00e5pentligvis bli deres tur ogs\u00e5 til slutt.<\/p>\n\n\n\n<p>I henhold til Personvernregelverket oppbevarer vi ikke opplysninger om s\u00f8kere lenger enn n\u00f8dvendig.<\/p>\n\n\n\t\t\t<\/div>\n\t\t\t<div class=\"blakors-fact-box__toggle\">\n\t\t\t\t<button class=\"blakors-fact-box__button\"><svg xmlns=\"http:\/\/www.w3.org\/2000\/svg\" viewBox=\"0 0 17.367 17.367\"><path d=\"M0-8.684v-2.133H13.2L7.16-16.91l1.523-1.523L17.367-9.75,8.684-1.066,7.109-2.59,13.2-8.684Z\" transform=\"translate(0 18.434)\" \/><\/svg><\/button>\n\t\t\t<\/div>\n\t\t<\/div>\n\n\n<h2 class=\"wp-block-heading\" id=\"h-forsikring\">Forsikring<\/h2>\n\n\n\n<p>Alle deltakere dekkes av Bl\u00e5 Kors egen gruppeforsikring. Deltakere b\u00f8r ogs\u00e5 ha sin egen reiseforsikring.<\/p>\n\n\n\n<h2 class=\"wp-block-heading\" id=\"h-pris\">Pris<\/h2>\n\n\n\n<p>Oppholdet p\u00e5 Evjetun leirsted, m\u00e5ltider og aktiviteter er gratis.&nbsp;<strong>Transport til og fra Evjetun leirsted m\u00e5 dere ordne og betale for selv. <\/strong>For gjester som kommer med buss kan vi hente p\u00e5 Evje. Om familien er knyttet opp til NAV eller barnevernstjenesten, anbefaler vi \u00e5 sjekke om det kan v\u00e6re mulig \u00e5 s\u00f8ke om dekning av reisekostnader via disse.<\/p>\n\n\n\n<div class=\"wp-block-group is-layout-constrained wp-block-group-is-layout-constrained\">\n<iframe src=\"https:\/\/www.google.com\/maps\/embed?pb=!1m18!1m12!1m3!1d2078.427771674975!2d7.820142413608304!3d58.605148174164405!2m3!1f0!2f0!3f0!3m2!1i1024!2i768!4f13.1!3m3!1m2!1s0x463869ed2c8d75d5%3A0x94025d658ef64093!2sEvjetun%20Leirskule!5e0!3m2!1sno!2sno!4v1757061358311!5m2!1sno!2sno\" width=\"600\" height=\"450\" style=\"border:0;\" allowfullscreen=\"\" loading=\"lazy\" referrerpolicy=\"no-referrer-when-downgrade\"><\/iframe>\n<\/div>\n\n\n\n<h2 class=\"wp-block-heading\" id=\"h-personvern\"><strong>Personvern<\/strong><\/h2>\n\n\n\n<p>Ved \u00e5 sende inn en s\u00f8knad til Bl\u00e5 Kors ferier, samtykker jeg i at Bl\u00e5 Kors ferier behandler mine opplysninger i tr\u00e5d med det som st\u00e5r i personvernerkl\u00e6ringen og gjeldende regelverk.<\/p>\n\n\n\n<div class=\"wp-block-buttons is-content-justification-center is-layout-flex wp-block-buttons-is-layout-flex\">\n<div class=\"wp-block-button is-style-primary\"><a class=\"wp-block-button__link\" href=\"https:\/\/www.blakors.no\/ferier\/personvernerklaering-ferier\/\">Personvernerkl\u00e6ring<\/a><\/div>\n<\/div>\n\n\n\n<p class=\"has-text-align-center\"><\/p>\n\n\n\n<p>Ved \u00e5 krysse av p\u00e5 hvilken m\u00e5lgruppe jeg definerer meg og min familie, s\u00e5 samtykker jeg i \u00e5 dele disse opplysningene med Bl\u00e5 Kors ferier. Ved \u00e5 oppgi mine allergier, samtykker jeg til at Bl\u00e5 Kors ferier behandler helseopplysninger om meg. Form\u00e5let med \u00e5 oppgi allergier, er at Bl\u00e5 Kors ferier kan legge til rette for \u00e5 servere trygge og helsebringende m\u00e5ltider og vurdere en passende ferie tilpasset mine behov. Alle personopplysninger blir behandlet trygt, og deles kun med utvalgte personer som trenger opplysningene for \u00e5 legge til rette for ferietilbudet. Informasjonen Bl\u00e5 Kors ferier samler inn, slettes n\u00e5r vi ikke lenger har bruk for de, eller n\u00e5r du trekker ditt samtykke for behandling av personopplysninger.<\/p>\n\n\n\n<div class=\"wp-block-buttons is-horizontal is-content-justification-center is-layout-flex wp-container-core-buttons-is-layout-499968f5 wp-block-buttons-is-layout-flex\">\n<div class=\"wp-block-button is-style-primary\"><a class=\"wp-block-button__link wp-element-button\" href=\"https:\/\/www.blakors.no\/ferier\/romjulsferie-pa-flotte-evjetun-i-setesdal\/\">Tilbake til toppen<\/a><\/div>\n<\/div>\n","protected":false},"excerpt":{"rendered":"<p>S\u00f8knadsfristen p\u00e5 denne ferien har g\u00e5tt ut. Evjetun ligger i Evje og Hornnes kommune ved inngangen til vakre Setesdal. Her er det flott natur og fine muligheter for lek og samv\u00e6r b\u00e5de inne og ute, sammen med familien og andre. Det blir lek, spill, bingo, hobbyaktiviteter og mye mer. Disse dagene bor vi p\u00e5 Evjetun [&hellip;]<\/p>\n","protected":false},"author":146,"featured_media":5326,"parent":0,"menu_order":0,"comment_status":"closed","ping_status":"closed","template":"","meta":{"_acf_changed":false,"_relevanssi_hide_post":"","_relevanssi_hide_content":"","_relevanssi_pin_for_all":"","_relevanssi_pin_keywords":"","_relevanssi_unpin_keywords":"","_relevanssi_related_keywords":"","_relevanssi_related_include_ids":"","_relevanssi_related_exclude_ids":"","_relevanssi_related_no_append":"","_relevanssi_related_not_related":"","_relevanssi_related_posts":"1","_relevanssi_noindex_reason":"","_custom_cards_description":"Organisert ferie med andre familier 27.-30. desember p\u00e5 Evjetun i Setesdal. \nS\u00f8knadsfrist: 16. november.","footnotes":""},"class_list":["post-5324","page","type-page","status-publish","has-post-thumbnail","hentry"],"acf":[],"_links":{"self":[{"href":"https:\/\/www.blakors.no\/ferier\/wp-json\/wp\/v2\/pages\/5324","targetHints":{"allow":["GET"]}}],"collection":[{"href":"https:\/\/www.blakors.no\/ferier\/wp-json\/wp\/v2\/pages"}],"about":[{"href":"https:\/\/www.blakors.no\/ferier\/wp-json\/wp\/v2\/types\/page"}],"author":[{"embeddable":true,"href":"https:\/\/www.blakors.no\/ferier\/wp-json\/wp\/v2\/users\/146"}],"replies":[{"embeddable":true,"href":"https:\/\/www.blakors.no\/ferier\/wp-json\/wp\/v2\/comments?post=5324"}],"version-history":[{"count":5,"href":"https:\/\/www.blakors.no\/ferier\/wp-json\/wp\/v2\/pages\/5324\/revisions"}],"predecessor-version":[{"id":5908,"href":"https:\/\/www.blakors.no\/ferier\/wp-json\/wp\/v2\/pages\/5324\/revisions\/5908"}],"wp:featuredmedia":[{"embeddable":true,"href":"https:\/\/www.blakors.no\/ferier\/wp-json\/wp\/v2\/media\/5326"}],"wp:attachment":[{"href":"https:\/\/www.blakors.no\/ferier\/wp-json\/wp\/v2\/media?parent=5324"}],"curies":[{"name":"wp","href":"https:\/\/api.w.org\/{rel}","templated":true}]}}