{"id":578,"date":"2020-08-27T21:18:54","date_gmt":"2020-08-27T19:18:54","guid":{"rendered":"https:\/\/www.blakors.no\/ferier\/?page_id=578"},"modified":"2022-05-02T11:21:22","modified_gmt":"2022-05-02T09:21:22","slug":"hostferie-pa-hamre-familiecamp-i-kristiansand","status":"publish","type":"page","link":"https:\/\/www.blakors.no\/ferier\/hostferie-pa-hamre-familiecamp-i-kristiansand\/","title":{"rendered":"H\u00f8stferie p\u00e5 Hamre Familiecamp i Kristiansand"},"content":{"rendered":"<div class=\"custom-block-banner alignwide contenthalf\"><div class=\"banner-image\" style=\"background-image:url(https:\/\/www.blakors.no\/content\/uploads\/sites\/10\/2020\/08\/hamre.jpg)\"><\/div><div class=\"banner-inner\"><div><h1 id=\"hostferie-pa-hamre-familiecamp-i-kristiansand\"  class=\"title small \" >H\u00f8stferie p\u00e5 Hamre Familiecamp i Kristiansand<\/h1><p>Langweekend i h\u00f8stferien p\u00e5 fine Hamre Familiecamp i Kristiansand.\r\nDenne ferien kan det ikke lenger s\u00f8kes p\u00e5.<\/p><\/div><\/div><\/div>\n\n\n<p><strong>S\u00f8knadsfristen for denne ferien har n\u00e5 g\u00e5tt ut.<\/strong><\/p>\n\n\n\n<p>N\u00e5 har du mulighet for \u00e5 s\u00f8ke om langweekend i&nbsp;6-mannshytte p\u00e5 Hamre Familiecamp like utenfor Kristiansand.&nbsp;&nbsp;Oppholdet vil v\u00e6re fra torsdag 1. oktober til s\u00f8ndag 4. oktober.&nbsp;&nbsp;<\/p>\n\n\n\n<p>Hytta har to soverom med familiek\u00f8yer samt oppholdsrom med stue og kj\u00f8kkendel. Det er minikj\u00f8kken med oppvaskbenk, kj\u00f8leskap med fryseboks, to kokeplater samt utstyr for enkel matlaging og dekket\u00f8y.&nbsp;&nbsp;<\/p>\n\n\n\n<p>N\u00e6r campingplassen finner du Hamresanden som er en kjent badestrand som er super \u00e5 g\u00e5 tur p\u00e5.&nbsp;P\u00e5 campingen finner du fine lekeplasser og omr\u00e5der som er fine \u00e5 leke p\u00e5.&nbsp;Kristiansand Dyrepark ligger bare noen kilometer unna.&nbsp;<\/p>\n\n\n\n<h2 class=\"wp-block-heading\" id=\"h-selvstendig-ferie\">Selvstendig ferie<\/h2>\n\n\n\n<p>Oppholdet p\u00e5 Hamre Familiecamp er lagt opp som en selvstendig ferie og passer for de som \u00f8nsker \u00e5 feriere sammen med sin familie og ordner m\u00e5ltider, aktiviteter, og transport selv.&nbsp;<\/p>\n\n\n\n<p>For mer informasjon eller ytterligere sp\u00f8rsm\u00e5l ta kontakt med Hjerterom-koordinator i Bl\u00e5 Kors ferier, Carina Klungland, p\u00e5 telefon 924 60 305 eller e-post: <a rel=\"noreferrer noopener\" href=\"mailto:carina.klungland@blakors.no\" target=\"_blank\">carina.klungland@blakors.no<\/a>.<\/p>\n\n\n\n<p><strong>S\u00f8knadsfrist: <\/strong>6. september, 2020<\/p>\n\n\n\n<h2 class=\"wp-block-heading\" id=\"h-adresse-til-hamre-familiecamp\">Adresse til Hamre Familiecamp<\/h2>\n\n\n\n<p>Hamre&nbsp;Familiecamp, Hamresandveien 1, 4656 Hamresanden&nbsp;<\/p>\n\n\n\n<h2 class=\"wp-block-heading\" id=\"h-inkludert\">Inkludert:<\/h2>\n\n\n\n<p>Overnatting p\u00e5 egen hytte i 3 d\u00f8gn, torsdag 1. oktober &#8211; s\u00f8ndag 4. oktober, 2020<\/p>\n\n\n\n<h2 class=\"wp-block-heading\" id=\"h-forsikring\">Forsikring<\/h2>\n\n\n\n<p>Deltakere m\u00e5 ha egen reiseforsikring.&nbsp;<\/p>\n\n\n\n<h2 class=\"wp-block-heading\" id=\"h-pris\">Pris<\/h2>\n\n\n\n<p><strong>Hyttene p\u00e5 Hamre Familiecamp er gratis.<\/strong>&nbsp;Familiene betaler selv for m\u00e5ltider, aktiviteter og transport.<\/p>\n\n\n\n<h2 class=\"wp-block-heading\" id=\"h-smittevern\">Smittevern<\/h2>\n\n\n\n\n\n<h2 class=\"wp-block-heading\" id=\"h-personvern\">Personvern<\/h2>\n\n\n\n<p>Jeg forst\u00e5r at det er en fullstendig personvernerkl\u00e6ring tilgjengelig nederst p\u00e5 nettsiden, og at jeg kan lese den hvis jeg \u00f8nsker.<br><br>Ved \u00e5 sende inn en s\u00f8knad, samtykker jeg i at Bl\u00e5 Kors ferier behandler mine opplysninger.<br>Ved \u00e5 krysse av p\u00e5 hvilken m\u00e5lgruppe jeg definerer meg og min familie, samtykker jeg i \u00e5 dele disse opplysningene med Bl\u00e5 Kors ferier.<\/p>\n\n\n\n<p>Ved \u00e5 oppgi mine allergier, bidrar jeg til at Bl\u00e5 Kors ferier kan legge til rette for \u00e5 servere trygge\/ helsebringende m\u00e5ltider, og jeg samtykker i \u00e5 dele disse helseopplysningene med Bl\u00e5 Kors ferier.<\/p>\n\n\n\n<div class=\"wp-block-buttons is-content-justification-center is-layout-flex wp-block-buttons-is-layout-flex\">\n<div class=\"wp-block-button is-style-primary\"><a class=\"wp-block-button__link\" href=\"https:\/\/www.blakors.no\/ferier\/personvernerklaering-ferier\/\">Personvernerkl\u00e6ring<\/a><\/div>\n<\/div>\n\n\n\n<p><\/p>\n","protected":false},"excerpt":{"rendered":"<p>S\u00f8knadsfristen for denne ferien har n\u00e5 g\u00e5tt ut. N\u00e5 har du mulighet for \u00e5 s\u00f8ke om langweekend i&nbsp;6-mannshytte p\u00e5 Hamre Familiecamp like utenfor Kristiansand.&nbsp;&nbsp;Oppholdet vil v\u00e6re fra torsdag 1. oktober til s\u00f8ndag 4. oktober.&nbsp;&nbsp; Hytta har to soverom med familiek\u00f8yer samt oppholdsrom med stue og kj\u00f8kkendel. Det er minikj\u00f8kken med oppvaskbenk, kj\u00f8leskap med fryseboks, to [&hellip;]<\/p>\n","protected":false},"author":26,"featured_media":407,"parent":0,"menu_order":0,"comment_status":"closed","ping_status":"closed","template":"","meta":{"_acf_changed":false,"_relevanssi_hide_post":"","_relevanssi_hide_content":"","_relevanssi_pin_for_all":"","_relevanssi_pin_keywords":"","_relevanssi_unpin_keywords":"","_relevanssi_related_keywords":"","_relevanssi_related_include_ids":"","_relevanssi_related_exclude_ids":"","_relevanssi_related_no_append":"","_relevanssi_related_not_related":"","_relevanssi_related_posts":"1","_relevanssi_noindex_reason":"","_custom_cards_description":"","footnotes":""},"class_list":["post-578","page","type-page","status-publish","has-post-thumbnail","hentry"],"acf":[],"_links":{"self":[{"href":"https:\/\/www.blakors.no\/ferier\/wp-json\/wp\/v2\/pages\/578","targetHints":{"allow":["GET"]}}],"collection":[{"href":"https:\/\/www.blakors.no\/ferier\/wp-json\/wp\/v2\/pages"}],"about":[{"href":"https:\/\/www.blakors.no\/ferier\/wp-json\/wp\/v2\/types\/page"}],"author":[{"embeddable":true,"href":"https:\/\/www.blakors.no\/ferier\/wp-json\/wp\/v2\/users\/26"}],"replies":[{"embeddable":true,"href":"https:\/\/www.blakors.no\/ferier\/wp-json\/wp\/v2\/comments?post=578"}],"version-history":[{"count":19,"href":"https:\/\/www.blakors.no\/ferier\/wp-json\/wp\/v2\/pages\/578\/revisions"}],"predecessor-version":[{"id":3180,"href":"https:\/\/www.blakors.no\/ferier\/wp-json\/wp\/v2\/pages\/578\/revisions\/3180"}],"wp:featuredmedia":[{"embeddable":true,"href":"https:\/\/www.blakors.no\/ferier\/wp-json\/wp\/v2\/media\/407"}],"wp:attachment":[{"href":"https:\/\/www.blakors.no\/ferier\/wp-json\/wp\/v2\/media?parent=578"}],"curies":[{"name":"wp","href":"https:\/\/api.w.org\/{rel}","templated":true}]}}