{"id":5928,"date":"2026-01-09T10:29:25","date_gmt":"2026-01-09T09:29:25","guid":{"rendered":"https:\/\/www.blakors.no\/ferier\/?page_id=5928"},"modified":"2026-03-05T13:33:20","modified_gmt":"2026-03-05T12:33:20","slug":"paskeferie-i-lyngdal","status":"publish","type":"page","link":"https:\/\/www.blakors.no\/ferier\/paskeferie-i-lyngdal\/","title":{"rendered":"P\u00e5skeferie i Lyngdal"},"content":{"rendered":"<div class=\"custom-block-banner alignwide has-background has-blue-light-background-color contenthalf\"><div class=\"banner-image\" style=\"background-image:url(https:\/\/www.blakors.no\/content\/uploads\/sites\/10\/2026\/01\/image00002-1024x768.jpeg)\"><\/div><div class=\"banner-inner\"><div><h1 id=\"paskeferie-i-lyngdal\"  class=\"title large \" >P\u00e5skeferie i Lyngdal<\/h1><p>L\u00f8rdag 28. mars &#8211; tirsdag 31. mars drar vi til Lyngdal for \u00e5 ha p\u00e5skeferie p\u00e5 Camp Lyngdal.<\/p><\/div><\/div><\/div>\n\n\n<h3 id=\"soknadsfrist-utgatt\"  class=\"wp-block-heading has-text-align-center\" ><strong>S\u00f8knadsfrist: utg\u00e5tt<\/strong><\/h3>\n\n\n\n<p>I p\u00e5ska skal vi til Lyngdal og oppleve nydelige dager p\u00e5 Camp Lyngdal som ligger idyllisk til ved Kvavikstranda og Hundremeterskogen. Dette blir en innholdsrik ferie med g\u00f8ye aktiviteter b\u00e5de inne og ute. Blant annet skal vi en dag p\u00e5 <a href=\"https:\/\/sorlandsbadet.no\/\" data-type=\"link\" data-id=\"https:\/\/sorlandsbadet.no\/\" target=\"_blank\" rel=\"noopener\">S\u00f8rlandsbadet<\/a>, s\u00e5 vi gleder oss til alt vi skal oppleve sammen!<\/p>\n\n\n\n<div class=\"wp-block-group is-layout-constrained wp-block-group-is-layout-constrained\">\n<figure class=\"wp-block-gallery has-nested-images columns-default is-cropped wp-block-gallery-1 is-layout-flex wp-block-gallery-is-layout-flex\">\n<figure class=\"wp-block-image size-large\"><img loading=\"lazy\" decoding=\"async\" width=\"1024\" height=\"576\" data-id=\"5936\" src=\"https:\/\/www.blakors.no\/content\/uploads\/sites\/10\/2026\/01\/image00004-e1767875169791-1024x576.jpeg\" alt=\"\" class=\"wp-image-5936\" srcset=\"https:\/\/www.blakors.no\/content\/uploads\/sites\/10\/2026\/01\/image00004-e1767875169791-1024x576.jpeg 1024w, https:\/\/www.blakors.no\/content\/uploads\/sites\/10\/2026\/01\/image00004-e1767875169791-300x169.jpeg 300w, https:\/\/www.blakors.no\/content\/uploads\/sites\/10\/2026\/01\/image00004-e1767875169791-768x432.jpeg 768w, https:\/\/www.blakors.no\/content\/uploads\/sites\/10\/2026\/01\/image00004-e1767875169791-1536x864.jpeg 1536w, https:\/\/www.blakors.no\/content\/uploads\/sites\/10\/2026\/01\/image00004-e1767875169791.jpeg 1792w\" sizes=\"auto, (max-width: 1024px) 100vw, 1024px\" \/><\/figure>\n\n\n\n<figure class=\"wp-block-image size-large\"><img loading=\"lazy\" decoding=\"async\" width=\"768\" height=\"1024\" data-id=\"1388\" src=\"https:\/\/www.blakors.no\/content\/uploads\/sites\/10\/2021\/01\/B\u00e5lpanne-p\u00e5-stranden-768x1024.jpg\" alt=\"Det brenner i b\u00e5lpanne p\u00e5 stranda\" class=\"wp-image-1388\" srcset=\"https:\/\/www.blakors.no\/content\/uploads\/sites\/10\/2021\/01\/B\u00e5lpanne-p\u00e5-stranden-768x1024.jpg 768w, https:\/\/www.blakors.no\/content\/uploads\/sites\/10\/2021\/01\/B\u00e5lpanne-p\u00e5-stranden-225x300.jpg 225w, https:\/\/www.blakors.no\/content\/uploads\/sites\/10\/2021\/01\/B\u00e5lpanne-p\u00e5-stranden-1152x1536.jpg 1152w, https:\/\/www.blakors.no\/content\/uploads\/sites\/10\/2021\/01\/B\u00e5lpanne-p\u00e5-stranden-scaled.jpg 1536w\" sizes=\"auto, (max-width: 768px) 100vw, 768px\" \/><\/figure>\n\n\n\n<figure class=\"wp-block-image size-large\"><img loading=\"lazy\" decoding=\"async\" width=\"1914\" height=\"2552\" data-id=\"5952\" src=\"https:\/\/www.blakors.no\/content\/uploads\/sites\/10\/2026\/01\/image00008-1-edited-1-rotated.jpeg\" alt=\"\" class=\"wp-image-5952\" srcset=\"https:\/\/www.blakors.no\/content\/uploads\/sites\/10\/2026\/01\/image00008-1-edited-1-rotated.jpeg 1914w, https:\/\/www.blakors.no\/content\/uploads\/sites\/10\/2026\/01\/image00008-1-edited-1-225x300.jpeg 225w, https:\/\/www.blakors.no\/content\/uploads\/sites\/10\/2026\/01\/image00008-1-edited-1-768x1024.jpeg 768w, https:\/\/www.blakors.no\/content\/uploads\/sites\/10\/2026\/01\/image00008-1-edited-1-1152x1536.jpeg 1152w, https:\/\/www.blakors.no\/content\/uploads\/sites\/10\/2026\/01\/image00008-1-edited-1-1536x2048.jpeg 1536w, https:\/\/www.blakors.no\/content\/uploads\/sites\/10\/2026\/01\/image00008-1-edited-1-1080x1440.jpeg 1080w\" sizes=\"auto, (max-width: 1914px) 100vw, 1914px\" \/><\/figure>\n<\/figure>\n<\/div>\n\n\n\n<p><\/p>\n\n\n\n<h2 id=\"organisert-ferie\"  class=\"wp-block-heading has-text-align-center\" ><strong>Organisert ferie<\/strong><\/h2>\n\n\n\n<p><strong>Dette er en organisert ferie, hvor flere familier er sammen p\u00e5 tur. Vi blir totalt ca. 50 personer og vi legger opp til felles aktivitet og m\u00e5ltider. Ferien blir organisert av Bl\u00e5 Kors ferier, og alt av aktiviteter, m\u00e5ltider, overnatting og inngang til S\u00f8rlandsbadet er inkludert i oppholdet. <\/strong><\/p>\n\n\n\n<p>Ferien gir mulighet til \u00e5 bli kjent med andre, samtidig som dere er sammen som familie. Med p\u00e5 ferien vil det v\u00e6re ferieledere og tidgivere (frivillige) fra Bl\u00e5 Kors ferier som ordner praktiske gj\u00f8rem\u00e5l, og som er tilgjengelige for dere som gjester. <strong>Alle foreldre har ansvar for sine egne barn. <\/strong><\/p>\n\n\n\n<p>Alle familier f\u00e5r <strong>hver sin leilighet<\/strong> med soverom, bad, og stue med kj\u00f8kkenkrok og sovealkove. Det er h\u00e5ndkl\u00e6r og senget\u00f8y i leilighetene, men alle gjester m\u00e5 ta med seg egne h\u00e5ndkl\u00e6r til bruk i badelandet. <\/p>\n\n\n\n<p>Stedets kokk lager nydelig mat til oss som vi spiser sammen i stedets spisesal. Her vil vi ogs\u00e5 ha fellesaktiviteter og samlinger. Vi har ogs\u00e5 ett eget rom til spill og aktiviteter, hvor det p\u00e5 utsiden er stedets popul\u00e6re lekeplass med blant annet trampoliner.<\/p>\n\n\n\n<p>Se <strong>mer info<\/strong> om stedet og leilighetene p\u00e5 Camp Lyngdal sin egen nettside: <\/p>\n\n\n\n<div class=\"wp-block-group is-layout-constrained wp-block-group-is-layout-constrained\"><ul class=\"t2-link-list has-2-items has-auto-columns wp-block-t2-link-list\">\n\t<li class=\"t2-link-list-item wp-block-t2-link-list-item\">\n\t\t<a href=\"https:\/\/www.camplyngdal.no\/\" class=\"t2-link-list-item__link t2-link-list__icon--right\" target=\"_blank\" rel=\"noopener\">\n\t\t\t<span class=\"t2-link-list-item__icon\"><span class=\"t2-link-list-item__icon-box\"><\/span><svg xmlns=\"http:\/\/www.w3.org\/2000\/svg\" viewBox=\"0 0 24 24\" height=\"24\" width=\"24\" class=\"t2-icon t2-icon-arrowforward\" aria-hidden=\"true\" focusable=\"false\"><path d=\"M11.3 19.3c-.2-.2-.3-.4-.3-.7 0-.3.1-.5.3-.7l4.9-4.9H5c-.3 0-.5-.1-.7-.3-.2-.2-.3-.4-.3-.7s.1-.5.3-.7c.2-.2.4-.3.7-.3h11.2l-4.9-4.9c-.2-.2-.3-.4-.3-.7 0-.3.1-.5.3-.7.2-.2.4-.3.7-.3s.5.1.7.3l6.6 6.6c.1.1.2.2.2.3 0 .1.1.3.1.4 0 .1 0 .3-.1.4 0 .1-.1.2-.2.3l-6.6 6.6c-.2.2-.4.3-.7.3s-.5-.1-.7-.3z\" fill=\"currentColor\" \/><\/svg><\/span>\t\t\t<div class=\"t2-link-list-item__content\">\n\n\t\t\t\t\n\t\t\t\t<span id=\"link-list-item-text\" class=\"t2-link-list-item__text\">\n\t\t\t\t\tCamp Lyngdal\t\t\t\t<\/span>\n\t\t\t\t<span id=\"link-list-item-description\" class=\"t2-link-list-item__description\">Info om stedet<\/span>\t\t\t<\/div>\n\t\t<\/a>\n\t<\/li>\n\t\n\n\t<li class=\"t2-link-list-item wp-block-t2-link-list-item\">\n\t\t<a href=\"https:\/\/www.camplyngdal.no\/overnatting\/leiligheter\" class=\"t2-link-list-item__link t2-link-list__icon--right\" target=\"_blank\" rel=\"noopener\">\n\t\t\t<span class=\"t2-link-list-item__icon\"><span class=\"t2-link-list-item__icon-box\"><\/span><svg xmlns=\"http:\/\/www.w3.org\/2000\/svg\" viewBox=\"0 0 24 24\" height=\"24\" width=\"24\" class=\"t2-icon t2-icon-arrowforward\" aria-hidden=\"true\" focusable=\"false\"><path d=\"M11.3 19.3c-.2-.2-.3-.4-.3-.7 0-.3.1-.5.3-.7l4.9-4.9H5c-.3 0-.5-.1-.7-.3-.2-.2-.3-.4-.3-.7s.1-.5.3-.7c.2-.2.4-.3.7-.3h11.2l-4.9-4.9c-.2-.2-.3-.4-.3-.7 0-.3.1-.5.3-.7.2-.2.4-.3.7-.3s.5.1.7.3l6.6 6.6c.1.1.2.2.2.3 0 .1.1.3.1.4 0 .1 0 .3-.1.4 0 .1-.1.2-.2.3l-6.6 6.6c-.2.2-.4.3-.7.3s-.5-.1-.7-.3z\" fill=\"currentColor\" \/><\/svg><\/span>\t\t\t<div class=\"t2-link-list-item__content\">\n\n\t\t\t\t\n\t\t\t\t<span id=\"link-list-item-text-1\" class=\"t2-link-list-item__text\">\n\t\t\t\t\tCamp Lyngdal\t\t\t\t<\/span>\n\t\t\t\t<span id=\"link-list-item-description-1\" class=\"t2-link-list-item__description\">Info om leilighetene<\/span>\t\t\t<\/div>\n\t\t<\/a>\n\t<\/li>\n\t\n<\/ul><\/div>\n\n\n\n<figure class=\"wp-block-gallery has-nested-images columns-default is-cropped wp-block-gallery-2 is-layout-flex wp-block-gallery-is-layout-flex\">\n<figure class=\"wp-block-image size-large\"><img loading=\"lazy\" decoding=\"async\" width=\"1024\" height=\"768\" data-id=\"5935\" src=\"https:\/\/www.blakors.no\/content\/uploads\/sites\/10\/2026\/01\/image00003-1024x768.jpeg\" alt=\"\" class=\"wp-image-5935\" srcset=\"https:\/\/www.blakors.no\/content\/uploads\/sites\/10\/2026\/01\/image00003-1024x768.jpeg 1024w, https:\/\/www.blakors.no\/content\/uploads\/sites\/10\/2026\/01\/image00003-300x225.jpeg 300w, https:\/\/www.blakors.no\/content\/uploads\/sites\/10\/2026\/01\/image00003-768x576.jpeg 768w, https:\/\/www.blakors.no\/content\/uploads\/sites\/10\/2026\/01\/image00003-1536x1152.jpeg 1536w, https:\/\/www.blakors.no\/content\/uploads\/sites\/10\/2026\/01\/image00003-2048x1536.jpeg 2048w, https:\/\/www.blakors.no\/content\/uploads\/sites\/10\/2026\/01\/image00003-1920x1440.jpeg 1920w\" sizes=\"auto, (max-width: 1024px) 100vw, 1024px\" \/><\/figure>\n\n\n\n<figure class=\"wp-block-image size-large\"><img loading=\"lazy\" decoding=\"async\" width=\"1024\" height=\"768\" data-id=\"2795\" src=\"https:\/\/www.blakors.no\/content\/uploads\/sites\/10\/2022\/02\/Lyngdal-sommer-trampoline-1024x768.jpg\" alt=\"Jente hopper p\u00e5 en trampoline p\u00e5 Camp Lyngdal\" class=\"wp-image-2795\" srcset=\"https:\/\/www.blakors.no\/content\/uploads\/sites\/10\/2022\/02\/Lyngdal-sommer-trampoline-1024x768.jpg 1024w, https:\/\/www.blakors.no\/content\/uploads\/sites\/10\/2022\/02\/Lyngdal-sommer-trampoline-300x225.jpg 300w, https:\/\/www.blakors.no\/content\/uploads\/sites\/10\/2022\/02\/Lyngdal-sommer-trampoline-768x576.jpg 768w, https:\/\/www.blakors.no\/content\/uploads\/sites\/10\/2022\/02\/Lyngdal-sommer-trampoline-1536x1152.jpg 1536w, https:\/\/www.blakors.no\/content\/uploads\/sites\/10\/2022\/02\/Lyngdal-sommer-trampoline-scaled.jpg 2048w\" sizes=\"auto, (max-width: 1024px) 100vw, 1024px\" \/><\/figure>\n<\/figure>\n\n\n\n<p>P\u00e5 ferien vil det bli g\u00f8ye aktiviteter b\u00e5de p\u00e5 campingplassen og andre steder i n\u00e6rheten. Vi kommer til \u00e5 oppleve strand, skog og badeland i tillegg til lek, spill, bingo og hobbyaktiviteter. Ferien gir mulighet for g\u00f8ye opplevelser og hyggelig sosialt fellesskap. Vi \u00f8nsker \u00e5 legge til rette for at hver familie skal skape gode minner sammen p\u00e5 denne ferien.<\/p>\n\n\n\n<p>Dette er en ferie hvor du som forelder kan komme med senkede skuldre, og f\u00e5r god tid til \u00e5 v\u00e6re med familien uten \u00e5 m\u00e5tte planlegge hva dere skal spise eller gj\u00f8re.<\/p>\n\n\n\n<h2 class=\"wp-block-heading has-text-align-center\" id=\"h-soknadsfristen-er-gatt-ut-8-januar-2022\">S\u00f8knadsfrist: utg\u00e5tt<\/h2>\n\n\n\n<p class=\"has-text-align-center\"><\/p>\n\n\n\n\t\t<div class=\"wp-block-blakors-expanding-fact-box is-style-default wp-block-blakors-expanding-fact-box is-style-default wp-block-blakors-expanding-fact-box has-background has-blue-light-background-color\">\n\t\t\t<h3 id=\"hvem-far-vaere-med-bla-kors-ferier\"  class=\"blakors-fact-box__title\" >Hvem f\u00e5r v\u00e6re med Bl\u00e5 Kors ferier<\/h3>\n\t\t\t<div class=\"blakors-fact-box__content\">\n\t\t\t\t\n\n<p class=\"has-text-align-left has-blue-light-background-color has-background\">Alle som fyller ut s\u00f8knadsskjemaet og som er i m\u00e5lgruppen for tiltaket (dvs. har utfordringer relatert til psykisk helse, rus eller \u00f8konomi) er kvalifiserte til \u00e5 v\u00e6re med p\u00e5 ferie med Bl\u00e5 Kors ferier. Det er ikke behov for anbefaling fra Nav, barnevernstjeneste, eller lignende. Det er heller ikke krav til at barna m\u00e5 v\u00e6re i barneskolealder. Det er ikke tillatt \u00e5 ha med kj\u00e6ledyr p\u00e5 organiserte ferier med Bl\u00e5 Kors ferier.<\/p>\n\n\n\n<p>Bl\u00e5 Kors ferier opplever enorm p\u00e5gang og har ikke mulighet til \u00e5 gi et ferietilbud til alle som s\u00f8ker. Vi venter til etter s\u00f8knadsfrist med \u00e5 tildele feriene og \u00f8nsker at de som ikke tidligere har f\u00e5tt et tilbud, enten med oss, eller andre akt\u00f8rer skal f\u00e5 en mulighet f\u00f8rst. Derfor sp\u00f8r vi alltid om familien har v\u00e6rt med p\u00e5 en annen ferie, f\u00f8r vi gir mulighet til \u00e5 v\u00e6re med p\u00e5 ferie med Bl\u00e5 Kors ferier. <\/p>\n\n\n\n<p>Det er mange som opplever \u00e5 f\u00e5 gjentatte avslag p\u00e5 s\u00f8knadene sine. Dette er dessverre helt normalt, og betyr ikke at s\u00f8knaden ikke er godkjent. Det betyr kun at det ikke var plass til din familien p\u00e5 denne ferien, og vi kan ikke annet enn beklage. Vi anbefaler \u00e5 fortsette med \u00e5 s\u00f8ke, s\u00e5 vil det forh\u00e5pentligvis bli deres tur ogs\u00e5 til slutt.<\/p>\n\n\n\n<p>I henhold til Personvernregelverket oppbevarer vi ikke opplysninger om s\u00f8kere lenger enn n\u00f8dvendig.<\/p>\n\n\n\t\t\t<\/div>\n\t\t\t<div class=\"blakors-fact-box__toggle\">\n\t\t\t\t<button class=\"blakors-fact-box__button\"><svg xmlns=\"http:\/\/www.w3.org\/2000\/svg\" viewBox=\"0 0 17.367 17.367\"><path d=\"M0-8.684v-2.133H13.2L7.16-16.91l1.523-1.523L17.367-9.75,8.684-1.066,7.109-2.59,13.2-8.684Z\" transform=\"translate(0 18.434)\" \/><\/svg><\/button>\n\t\t\t<\/div>\n\t\t<\/div>\n\n\n<h2 class=\"wp-block-heading has-text-align-center\" id=\"h-inkludert\">Dette lurer du kanskje p\u00e5:<\/h2>\n\n\n\n<div class=\"wp-block-group is-layout-grid wp-container-core-group-is-layout-6be84c55 wp-block-group-is-layout-grid\">\n<div class=\"wp-block-group is-layout-constrained wp-block-group-is-layout-constrained\">\n<div class=\"custom-block-factbox has-background has-lila-light-background-color\">\n\t<p><strong>Pris<\/strong><\/p>\n<p>Ferien er <strong>gratis<\/strong>, men transport til og fra Lyngdal m\u00e5 hver familie ordne og betale for selv.<\/p>\n<\/div>\n<\/div>\n\n\n\n<div class=\"custom-block-factbox has-background has-pink-light-background-color wp-container-content-231de088\">\n\t<p><strong>Transport<\/strong><\/p>\n<p>Kommer dere med buss til Lyngdal sentrum eller tog til Snartemo stasjon, s\u00e5 henter vi dere der. Er dere knyttet opp til NAV eller barneverntjenesten anbefaler vi \u00e5 sjekke med disse om det er mulig \u00e5 s\u00f8ke om dekning av reisekostnader.<\/p>\n<\/div>\n\n\n\n<div class=\"custom-block-factbox has-background has-green-light-background-color wp-container-content-2155ee95\">\n\t<p style=\"text-align: left\"><strong>Inkludert i ferien<\/strong><\/p>\n<p style=\"text-align: left\">Overnatting<br \/>\nAlle m\u00e5ltider<br \/>\nAktiviteter<br \/>\nInngang til S\u00f8rlandsbadet<\/p>\n<\/div>\n\n\n\n<div class=\"custom-block-factbox has-background has-brown-light-background-color wp-container-content-231de088\">\n\t<p><strong>Forsikring<\/strong><\/p>\n<p>Alle deltakere dekkes av Bl\u00e5 Kors egen gruppeforsikring. Deltakere b\u00f8r ogs\u00e5 ha sin egen reiseforsikring.<\/p>\n<\/div>\n<\/div>\n\n\n\n<h3 id=\"her-kan-du-se-pa-kartet-hvor-vi-skal\"  class=\"wp-block-heading has-text-align-center\" >Her kan du se p\u00e5 kartet hvor vi skal:<\/h3>\n\n\n\n<div class=\"wp-block-columns are-vertically-aligned-center is-style-reverse is-layout-flex wp-container-core-columns-is-layout-9d6595d7 wp-block-columns-is-layout-flex\">\n<div class=\"wp-block-column is-vertically-aligned-center is-layout-flow wp-block-column-is-layout-flow\" style=\"flex-basis:100%\">\n<div class=\"wp-block-group is-layout-flow wp-block-group-is-layout-flow\">\n<iframe src=\"https:\/\/www.google.com\/maps\/embed?pb=!1m18!1m12!1m3!1d2106.348917272846!2d7.035413877984648!3d58.13423047405774!2m3!1f0!2f0!3f0!3m2!1i1024!2i768!4f13.1!3m3!1m2!1s0x46377e5523459f13%3A0x85306f158b2ec4f!2sCamp%20Lyngdal!5e0!3m2!1sno!2sno!4v1767875959537!5m2!1sno!2sno\" width=\"600\" height=\"450\" style=\"border:0;\" allowfullscreen=\"\" loading=\"lazy\" referrerpolicy=\"no-referrer-when-downgrade\"><\/iframe>\n<\/div>\n<\/div>\n<\/div>\n\n\n\n\n\n<h2 class=\"wp-block-heading has-text-align-center\" id=\"h-personvern\"><strong>Personvern<\/strong><\/h2>\n\n\n\n<p>Ved \u00e5 sende inn en s\u00f8knad til Bl\u00e5 Kors ferier, samtykker jeg i at Bl\u00e5 Kors ferier behandler mine opplysninger i tr\u00e5d med det som st\u00e5r i personvernerkl\u00e6ringen og gjeldende regelverk.<\/p>\n\n\n\n<div class=\"wp-block-button is-style-primary aligncenter\"><a class=\"wp-block-button__link wp-element-button\" href=\"https:\/\/www.blakors.no\/ferier\/personvernerklaering-ferier\/\">Personvernerkl\u00e6ring<\/a><\/div>\n\n\n\n<p>Ved \u00e5 krysse av p\u00e5 hvilken m\u00e5lgruppe jeg definerer meg og min familie, s\u00e5 samtykker jeg i \u00e5 dele disse opplysningene med Bl\u00e5 Kors ferier. Ved \u00e5 oppgi mine allergier, samtykker jeg til at Bl\u00e5 Kors ferier behandler helseopplysninger om meg. Form\u00e5let med \u00e5 oppgi allergier, er at Bl\u00e5 Kors ferier kan legge til rette for \u00e5 servere trygge og helsebringende m\u00e5ltider og vurdere en passende ferie tilpasset mine behov. Alle personopplysninger blir behandlet trygt, og deles kun med utvalgte personer som trenger opplysningene for \u00e5 legge til rette for ferietilbudet. Informasjonen Bl\u00e5 Kors ferier samler inn, slettes n\u00e5r vi ikke lenger har bruk for de, eller n\u00e5r du trekker ditt samtykke for behandling av personopplysninger.<\/p>\n\n\n\n<div class=\"wp-block-buttons is-horizontal is-content-justification-center is-layout-flex wp-container-core-buttons-is-layout-499968f5 wp-block-buttons-is-layout-flex\">\n<div class=\"wp-block-button is-style-primary\"><a class=\"wp-block-button__link wp-element-button\" href=\"https:\/\/www.blakors.no\/ferier\/paskeferie-i-lyngdal\/\">Tilbake til toppen<\/a><\/div>\n<\/div>\n\n\n\n<div class=\"wp-block-group is-content-justification-right is-layout-constrained wp-container-core-group-is-layout-07b51d56 wp-block-group-is-layout-constrained\"><\/div>\n\n\n\n<p><\/p>\n","protected":false},"excerpt":{"rendered":"<p>S\u00f8knadsfrist: utg\u00e5tt I p\u00e5ska skal vi til Lyngdal og oppleve nydelige dager p\u00e5 Camp Lyngdal som ligger idyllisk til ved Kvavikstranda og Hundremeterskogen. Dette blir en innholdsrik ferie med g\u00f8ye aktiviteter b\u00e5de inne og ute. Blant annet skal vi en dag p\u00e5 S\u00f8rlandsbadet, s\u00e5 vi gleder oss til alt vi skal oppleve sammen! Organisert ferie [&hellip;]<\/p>\n","protected":false},"author":146,"featured_media":5934,"parent":0,"menu_order":0,"comment_status":"closed","ping_status":"closed","template":"","meta":{"_acf_changed":false,"_relevanssi_hide_post":"","_relevanssi_hide_content":"","_relevanssi_pin_for_all":"","_relevanssi_pin_keywords":"","_relevanssi_unpin_keywords":"","_relevanssi_related_keywords":"","_relevanssi_related_include_ids":"","_relevanssi_related_exclude_ids":"","_relevanssi_related_no_append":"","_relevanssi_related_not_related":"","_relevanssi_related_posts":"1","_relevanssi_noindex_reason":"","_custom_cards_description":"Organisert ferie med andre familier 28.-31. mars til Camp Lyngdal. \nS\u00f8knadsfrist: 1. mars.","footnotes":""},"class_list":["post-5928","page","type-page","status-publish","has-post-thumbnail","hentry"],"acf":[],"_links":{"self":[{"href":"https:\/\/www.blakors.no\/ferier\/wp-json\/wp\/v2\/pages\/5928","targetHints":{"allow":["GET"]}}],"collection":[{"href":"https:\/\/www.blakors.no\/ferier\/wp-json\/wp\/v2\/pages"}],"about":[{"href":"https:\/\/www.blakors.no\/ferier\/wp-json\/wp\/v2\/types\/page"}],"author":[{"embeddable":true,"href":"https:\/\/www.blakors.no\/ferier\/wp-json\/wp\/v2\/users\/146"}],"replies":[{"embeddable":true,"href":"https:\/\/www.blakors.no\/ferier\/wp-json\/wp\/v2\/comments?post=5928"}],"version-history":[{"count":5,"href":"https:\/\/www.blakors.no\/ferier\/wp-json\/wp\/v2\/pages\/5928\/revisions"}],"predecessor-version":[{"id":6388,"href":"https:\/\/www.blakors.no\/ferier\/wp-json\/wp\/v2\/pages\/5928\/revisions\/6388"}],"wp:featuredmedia":[{"embeddable":true,"href":"https:\/\/www.blakors.no\/ferier\/wp-json\/wp\/v2\/media\/5934"}],"wp:attachment":[{"href":"https:\/\/www.blakors.no\/ferier\/wp-json\/wp\/v2\/media?parent=5928"}],"curies":[{"name":"wp","href":"https:\/\/api.w.org\/{rel}","templated":true}]}}