{"id":6038,"date":"2026-02-24T09:05:39","date_gmt":"2026-02-24T08:05:39","guid":{"rendered":"https:\/\/www.blakors.no\/ferier\/?page_id=6038"},"modified":"2026-03-23T08:52:42","modified_gmt":"2026-03-23T07:52:42","slug":"hjerterom-forsommer-pa-sorlandet-feriesenter","status":"publish","type":"page","link":"https:\/\/www.blakors.no\/ferier\/hjerterom-forsommer-pa-sorlandet-feriesenter\/","title":{"rendered":"Hjerterom: Forsommer i Ris\u00f8r"},"content":{"rendered":"<div class=\"custom-block-banner alignwide has-background has-pink-light-background-color contenthalf\"><div class=\"banner-image\" style=\"background-image:url(https:\/\/www.blakors.no\/content\/uploads\/sites\/10\/2024\/03\/Sorlandet-Feriesenter-1024x677.jpg)\"><\/div><div class=\"banner-inner\"><div><h1 id=\"hjerterom-forsommer-i-risor\"  class=\"title small \" >Hjerterom: Forsommer i Ris\u00f8r<\/h1><p>Ta med familien p\u00e5 rolige dager p\u00e5 S\u00f8rlandet Feriesenter i Ris\u00f8r. \r\nDenne muligheten er i mai og juni. <\/p><\/div><\/div><\/div>\n\n\n<h3 id=\"soknadsfrist-utgatt\"  class=\"wp-block-heading has-text-align-center\" ><strong>S\u00f8knadsfrist: utg\u00e5tt<\/strong><\/h3>\n\n\n\n<p>Bl\u00e5 Kors ferier har v\u00e6rt s\u00e5 heldige \u00e5 f\u00e5 muligheten til \u00e5 gi bort overnattinger i campinghytter og en leilighet p\u00e5 <a href=\"https:\/\/www.sorlandet-feriesenter.no\" target=\"_blank\" rel=\"noreferrer noopener\">S\u00f8rlandet Feriesenter<\/a> i Ris\u00f8r denne forsommeren.<\/p>\n\n\n\n<p>Aktuelle perioder er i mai og juni f\u00f8r skolens sommerferie starter. P\u00e5 s\u00f8knadsskjemaet skriver du antall netter og datoer som passer for deg og din familie. <\/p>\n\n\n\n<h3 id=\"sorlandet-feriesenter\"  class=\"wp-block-heading has-text-align-center\" ><strong>S\u00f8rlandet Feriesenter<\/strong><\/h3>\n\n\n\n<p>S\u00f8rlandet Feriesenter er en campingplass rett i skj\u00e6rg\u00e5rden. Her er det mulighet for \u00e5 finne b\u00e5de ro og lek i hyggelige omgivelser. Aktiviteter finnes p\u00e5 stedet og i n\u00e6romr\u00e5det.<\/p>\n\n\n\n<p><strong>Hyttene <\/strong>har to soverom med familiek\u00f8ye; dobbeltseng nede (120 cm) og enkeltseng oppe (75 cm). Hyttene har bad med dusj og wc, samt fullt utstyrt kj\u00f8kkenkrok.<\/p>\n\n\n\n<p><strong>Leiligheten <\/strong>har plass til 3 personer og er utstyrt p\u00e5 samme m\u00e5te som hyttene.<\/p>\n\n\n\n<p>M\u00e5ltider er ikke inkludert og familien m\u00e5 ordne dette selv. Man kan bruke kj\u00f8kkenet i hytten\/leiligheten som har komfyr, mikro, vannkoker\/kaffetrakter og kj\u00f8leskap med liten fryser.<\/p>\n\n\n\n<p>For <strong>mer informasjon<\/strong> eller ytterligere sp\u00f8rsm\u00e5l, ta kontakt med Hjerterom-koordinator i Bl\u00e5 Kors ferier, Synn\u00f8ve Roland, p\u00e5 e-post: <a href=\"mailto:synnove.roland@blakorskrs.no\" data-type=\"mailto\" data-id=\"mailto:synnove.roland@blakorskrs.no\" target=\"_blank\" rel=\"noreferrer noopener\">synnove.roland@blakorskrs.no<\/a>. Du kan ogs\u00e5 ringe Bl\u00e5 Kors ferier p\u00e5 960 00 167.<\/p>\n\n\n\n<p>Vi har samlet noen vanlige sp\u00f8rsm\u00e5l og svar p\u00e5 <a href=\"https:\/\/www.blakors.no\/ferier\/sporsmal-og-svar\/\" data-type=\"page\" data-id=\"4431\" target=\"_blank\" rel=\"noreferrer noopener\">denne siden<\/a>!<\/p>\n\n\n\n<p class=\"has-text-align-center\"><\/p>\n\n\n\n<h2 id=\"dette-lurer-du-kanskje-pa\"  class=\"wp-block-heading has-text-align-center\" ><strong>Dette lurer du kanskje p\u00e5<\/strong><\/h2>\n\n\n\n<div class=\"wp-block-group is-nowrap is-layout-flex wp-container-core-group-is-layout-ad2f72ca wp-block-group-is-layout-flex\">\n<div class=\"wp-block-group is-layout-constrained wp-block-group-is-layout-constrained\">\n<div class=\"wp-block-group is-layout-grid wp-container-core-group-is-layout-9649a0d9 wp-block-group-is-layout-grid\">\n<div class=\"custom-block-factbox has-background has-lila-light-background-color\">\n\t<p><strong>Pris<\/strong><\/p>\n<p>Overnatting er <strong>gratis<\/strong>, men transport, m\u00e5ltider og andre utgifter m\u00e5 familien ordne selv<\/p>\n<\/div>\n\n\n\n<div class=\"custom-block-factbox has-background has-pink-light-background-color wp-container-content-69bc4bdf\">\n\t<p><strong>Forsikring<\/strong><\/p>\n<p>Alle gjester m\u00e5 ha egen reiseforsikring.<\/p>\n<\/div>\n\n\n\n<div class=\"custom-block-factbox has-background has-green-light-background-color wp-container-content-e29552f7\">\n\t<p style=\"text-align: left\"><strong>Inkludert i oppholdet<\/strong><\/p>\n<p style=\"text-align: left\">Overnatting i hytte &laquo;B budsjett&raquo;<\/p>\n<p>eller<\/p>\n<p>Overnatting i leilighet &laquo;E&raquo;<\/p>\n<\/div>\n<\/div>\n<\/div>\n<\/div>\n\n\n\n<h3 id=\"her-finner-du-sorlandet-feriesenter\"  class=\"wp-block-heading has-text-align-center\" ><strong>Her finner du S\u00f8rlandet Feriesenter<\/strong><\/h3>\n\n\n\n<p class=\"has-text-align-center\">Adresse til S\u00f8rlandet Feriesenter: <br>\u00c5kv\u00e5gveien 590, 4957 Ris\u00f8r<\/p>\n\n\n\n<p class=\"has-text-align-center\">Med bil ligger Ris\u00f8r og Tvedestrand 20 minutter unna.<\/p>\n\n\n\n<div style=\"text-align:center\"><iframe src=\"https:\/\/www.google.com\/maps\/embed?pb=!1m18!1m12!1m3!1d904718.5637057046!2d7.194201244788053!3d59.223685653452!2m3!1f0!2f0!3f0!3m2!1i1024!2i768!4f13.1!3m3!1m2!1s0x4647a6776287418d%3A0xf4d75a1a083e912f!2sS%C3%B8rlandet%20Feriesenter%2C%20camping%20og%20hytter%20i%20Ris%C3%B8r!5e0!3m2!1sen!2sno!4v1709560033506!5m2!1sen!2sno\" width=\"600\" height=\"450\" style=\"border:0;\" allowfullscreen=\"\" loading=\"lazy\" referrerpolicy=\"no-referrer-when-downgrade\"><\/iframe><\/div>\n\n\n\n\t\t<div class=\"wp-block-blakors-expanding-fact-box is-style-default wp-block-blakors-expanding-fact-box is-style-default wp-block-blakors-expanding-fact-box has-background has-blue-light-background-color\">\n\t\t\t<h3 id=\"hvem-far-vaere-med-bla-kors-ferier\"  class=\"blakors-fact-box__title\" >Hvem f\u00e5r v\u00e6re med Bl\u00e5 Kors ferier<\/h3>\n\t\t\t<div class=\"blakors-fact-box__content\">\n\t\t\t\t\n\n<p class=\"has-text-align-left has-blue-light-background-color has-background\">Alle som fyller ut s\u00f8knadsskjemaet og som er i m\u00e5lgruppen for tiltaket (dvs. har utfordringer relatert til psykisk helse, rus eller \u00f8konomi) er kvalifiserte til \u00e5 v\u00e6re med p\u00e5 ferie med Bl\u00e5 Kors ferier. Det er ikke behov for anbefaling fra Nav, barnevernstjeneste, eller lignende. Det er heller ikke krav til at barna m\u00e5 v\u00e6re i barneskolealder. Det er ikke tillatt \u00e5 ha med kj\u00e6ledyr p\u00e5 organiserte ferier med Bl\u00e5 Kors ferier.<\/p>\n\n\n\n<p>Bl\u00e5 Kors ferier opplever enorm p\u00e5gang og har ikke mulighet til \u00e5 gi et ferietilbud til alle som s\u00f8ker. Vi venter til etter s\u00f8knadsfrist med \u00e5 tildele feriene og \u00f8nsker at de som ikke tidligere har f\u00e5tt et tilbud, enten med oss, eller andre akt\u00f8rer skal f\u00e5 en mulighet f\u00f8rst. Derfor sp\u00f8r vi alltid om familien har v\u00e6rt med p\u00e5 en annen ferie, f\u00f8r vi gir mulighet til \u00e5 v\u00e6re med p\u00e5 ferie med Bl\u00e5 Kors ferier. <\/p>\n\n\n\n<p>Det er mange som opplever \u00e5 f\u00e5 gjentatte avslag p\u00e5 s\u00f8knadene sine. Dette er dessverre helt normalt, og betyr ikke at s\u00f8knaden ikke er godkjent. Det betyr kun at det ikke var plass til din familien p\u00e5 denne ferien, og vi kan ikke annet enn beklage. Vi anbefaler \u00e5 fortsette med \u00e5 s\u00f8ke, s\u00e5 vil det forh\u00e5pentligvis bli deres tur ogs\u00e5 til slutt.<\/p>\n\n\n\n<p>I henhold til Personvernregelverket oppbevarer vi ikke opplysninger om s\u00f8kere lenger enn n\u00f8dvendig.<\/p>\n\n\n\t\t\t<\/div>\n\t\t\t<div class=\"blakors-fact-box__toggle\">\n\t\t\t\t<button class=\"blakors-fact-box__button\"><svg xmlns=\"http:\/\/www.w3.org\/2000\/svg\" viewBox=\"0 0 17.367 17.367\"><path d=\"M0-8.684v-2.133H13.2L7.16-16.91l1.523-1.523L17.367-9.75,8.684-1.066,7.109-2.59,13.2-8.684Z\" transform=\"translate(0 18.434)\" \/><\/svg><\/button>\n\t\t\t<\/div>\n\t\t<\/div>\n\n\n<h2 class=\"wp-block-heading has-text-align-center\" id=\"h-personvern\"><strong>Personvern<\/strong><\/h2>\n\n\n\n<p>Ved \u00e5 sende inn en s\u00f8knad til Bl\u00e5 Kors ferier, samtykker jeg i at Bl\u00e5 Kors ferier behandler mine opplysninger i tr\u00e5d med det som st\u00e5r i personvernerkl\u00e6ringen og gjeldende regelverk.<\/p>\n\n\n\n<div class=\"wp-block-buttons is-content-justification-center is-layout-flex wp-block-buttons-is-layout-flex\">\n<div class=\"wp-block-button is-style-primary\"><a class=\"wp-block-button__link\" href=\"https:\/\/www.blakors.no\/ferier\/personvernerklaering-ferier\/\">Personvernerkl\u00e6ring<\/a><\/div>\n<\/div>\n\n\n\n<p>Ved \u00e5 krysse av p\u00e5 hvilken m\u00e5lgruppe jeg definerer meg og min familie, s\u00e5 samtykker jeg i \u00e5 dele disse opplysningene med Bl\u00e5 Kors ferier. Ved \u00e5 oppgi mine allergier, samtykker jeg til at Bl\u00e5 Kors ferier behandler helseopplysninger om meg. Form\u00e5let med \u00e5 oppgi allergier, er at Bl\u00e5 Kors ferier kan legge til rette for \u00e5 servere trygge og helsebringende m\u00e5ltider og vurdere en passende ferie tilpasset mine behov. Alle personopplysninger blir behandlet trygt, og deles kun med utvalgte personer som trenger opplysningene for \u00e5 legge til rette for ferietilbudet. Informasjonen Bl\u00e5 Kors ferier samler inn, slettes n\u00e5r vi ikke lenger har bruk for de, eller n\u00e5r du trekker ditt samtykke for behandling av personopplysninger.<\/p>\n\n\n\n<div class=\"wp-block-buttons is-horizontal is-content-justification-center is-layout-flex wp-container-core-buttons-is-layout-499968f5 wp-block-buttons-is-layout-flex\">\n<div class=\"wp-block-button is-style-primary\"><a class=\"wp-block-button__link wp-element-button\" href=\"https:\/\/www.blakors.no\/ferier\/hjerterom-forsommer-pa-sorlandet-feriesenter\/\">Tilbake til toppen<\/a><\/div>\n<\/div>\n\n\n\n<h2 class=\"wp-block-heading has-text-align-center\"><\/h2>\n","protected":false},"excerpt":{"rendered":"<p>S\u00f8knadsfrist: utg\u00e5tt Bl\u00e5 Kors ferier har v\u00e6rt s\u00e5 heldige \u00e5 f\u00e5 muligheten til \u00e5 gi bort overnattinger i campinghytter og en leilighet p\u00e5 S\u00f8rlandet Feriesenter i Ris\u00f8r denne forsommeren. Aktuelle perioder er i mai og juni f\u00f8r skolens sommerferie starter. P\u00e5 s\u00f8knadsskjemaet skriver du antall netter og datoer som passer for deg og din familie. [&hellip;]<\/p>\n","protected":false},"author":146,"featured_media":4411,"parent":0,"menu_order":0,"comment_status":"closed","ping_status":"closed","template":"","meta":{"_acf_changed":false,"_relevanssi_hide_post":"","_relevanssi_hide_content":"","_relevanssi_pin_for_all":"","_relevanssi_pin_keywords":"","_relevanssi_unpin_keywords":"","_relevanssi_related_keywords":"","_relevanssi_related_include_ids":"","_relevanssi_related_exclude_ids":"","_relevanssi_related_no_append":"","_relevanssi_related_not_related":"","_relevanssi_related_posts":"1","_relevanssi_noindex_reason":"","_custom_cards_description":"Selvstendig ferie med egen familie p\u00e5 S\u00f8rlandet Feriesenter (f\u00f8r sommerferien). S\u00f8knadsfrist: 22. mars.","footnotes":""},"class_list":["post-6038","page","type-page","status-publish","has-post-thumbnail","hentry"],"acf":[],"_links":{"self":[{"href":"https:\/\/www.blakors.no\/ferier\/wp-json\/wp\/v2\/pages\/6038","targetHints":{"allow":["GET"]}}],"collection":[{"href":"https:\/\/www.blakors.no\/ferier\/wp-json\/wp\/v2\/pages"}],"about":[{"href":"https:\/\/www.blakors.no\/ferier\/wp-json\/wp\/v2\/types\/page"}],"author":[{"embeddable":true,"href":"https:\/\/www.blakors.no\/ferier\/wp-json\/wp\/v2\/users\/146"}],"replies":[{"embeddable":true,"href":"https:\/\/www.blakors.no\/ferier\/wp-json\/wp\/v2\/comments?post=6038"}],"version-history":[{"count":5,"href":"https:\/\/www.blakors.no\/ferier\/wp-json\/wp\/v2\/pages\/6038\/revisions"}],"predecessor-version":[{"id":6456,"href":"https:\/\/www.blakors.no\/ferier\/wp-json\/wp\/v2\/pages\/6038\/revisions\/6456"}],"wp:featuredmedia":[{"embeddable":true,"href":"https:\/\/www.blakors.no\/ferier\/wp-json\/wp\/v2\/media\/4411"}],"wp:attachment":[{"href":"https:\/\/www.blakors.no\/ferier\/wp-json\/wp\/v2\/media?parent=6038"}],"curies":[{"name":"wp","href":"https:\/\/api.w.org\/{rel}","templated":true}]}}